{"id":10330,"date":"2019-11-20T11:55:46","date_gmt":"2019-11-20T11:55:46","guid":{"rendered":"https:\/\/beautyinstitute.ee\/tanu\/"},"modified":"2020-10-05T14:24:00","modified_gmt":"2020-10-05T11:24:00","slug":"tanu","status":"publish","type":"page","link":"https:\/\/beautyinstitute.ee\/ru\/tanu\/","title":{"rendered":"T\u00e4nu"},"content":{"rendered":"<p>[vc_row][vc_column][vc_column_text]<\/p>\n<h1 style=\"text-align: center; font-weight: 600;\">T\u00e4name<\/h1>\n<p>[\/vc_column_text][vc_separator color=&#8221;custom&#8221; border_width=&#8221;2&#8243; el_width=&#8221;10&#8243; gap=&#8221;short&#8221; accent_color=&#8221;#8800aa&#8221;][\/vc_column][\/vc_row][vc_row css=&#8221;.vc_custom_1574251608919{padding-top: 20px !important;padding-bottom: 180px !important;}&#8221;][vc_column][vc_column_text]<\/p>\n<h2 style=\"text-align: center;\"><span style=\"color: #8800aa;\">T\u00e4name! Broneeringu kinnituse leiate oma postkastist.<\/span><br \/>\n<span style=\"color: #8800aa;\">Kohtume teie poolt kinnitatud ajal!<\/span><\/h2>\n<p>[\/vc_column_text][\/vc_column][\/vc_row][vc_row][vc_column][vc_raw_js]JTNDc2NyaXB0JTNFJTBBJTJGJTJGVXNpbmclMjBzZXRUaW1lb3V0JTIwdG8lMjBleGVjdXRlJTIwYSUyMGZ1bmN0aW9uJTIwYWZ0ZXIlMjA1JTIwc2Vjb25kcy4lMEFzZXRUaW1lb3V0JTI4ZnVuY3Rpb24lMjAlMjglMjklMjAlN0IlMEElMjAlMjAlMjAlMkYlMkZSZWRpcmVjdCUyMHdpdGglMjBKYXZhU2NyaXB0JTBBJTIwJTIwJTIwd2luZG93LmxvY2F0aW9uLmhyZWYlM0QlMjAlMjdodHRwcyUzQSUyRiUyRmJlYXV0eWluc3RpdHV0ZS5lZSUyRiUyNyUzQiUwQSU3RCUyQyUyMDUwMDAlMjklM0IlMEElM0MlMkZzY3JpcHQlM0U=[\/vc_raw_js][\/vc_column][\/vc_row]<\/p>\n","protected":false},"excerpt":{"rendered":"<p>[vc_row][vc_column][vc_column_text] T\u00e4name [\/vc_column_text][vc_separator color=&#8221;custom&#8221; border_width=&#8221;2&#8243; el_width=&#8221;10&#8243; gap=&#8221;short&#8221; accent_color=&#8221;#8800aa&#8221;][\/vc_column][\/vc_row][vc_row css=&#8221;.vc_custom_1574251608919{padding-top: 20px !important;padding-bottom: 180px !important;}&#8221;][vc_column][vc_column_text] T\u00e4name! Broneeringu kinnituse leiate oma postkastist. Kohtume teie poolt kinnitatud ajal! [\/vc_column_text][\/vc_column][\/vc_row][vc_row][vc_column][vc_raw_js]JTNDc2NyaXB0JTNFJTBBJTJGJTJGVXNpbmclMjBzZXRUaW1lb3V0JTIwdG8lMjBleGVjdXRlJTIwYSUyMGZ1bmN0aW9uJTIwYWZ0ZXIlMjA1JTIwc2Vjb25kcy4lMEFzZXRUaW1lb3V0JTI4ZnVuY3Rpb24lMjAlMjglMjklMjAlN0IlMEElMjAlMjAlMjAlMkYlMkZSZWRpcmVjdCUyMHdpdGglMjBKYXZhU2NyaXB0JTBBJTIwJTIwJTIwd2luZG93LmxvY2F0aW9uLmhyZWYlM0QlMjAlMjdodHRwcyUzQSUyRiUyRmJlYXV0eWluc3RpdHV0ZS5lZSUyRiUyNyUzQiUwQSU3RCUyQyUyMDUwMDAlMjklM0IlMEElM0MlMkZzY3JpcHQlM0U=[\/vc_raw_js][\/vc_column][\/vc_row]<\/p>\n","protected":false},"author":2,"featured_media":0,"parent":0,"menu_order":0,"comment_status":"closed","ping_status":"closed","template":"","meta":{"_acf_changed":false,"footnotes":""},"class_list":["post-10330","page","type-page","status-publish","hentry"],"acf":[],"yoast_head":"<!-- This site is optimized with the Yoast SEO plugin v25.4 - https:\/\/yoast.com\/wordpress\/plugins\/seo\/ -->\n<title>T\u00e4nu - Beauty Institute<\/title>\n<meta name=\"robots\" content=\"index, follow, max-snippet:-1, max-image-preview:large, max-video-preview:-1\" \/>\n<link rel=\"canonical\" href=\"https:\/\/beautyinstitute.ee\/ru\/tanu\/\" \/>\n<meta property=\"og:locale\" content=\"ru_RU\" \/>\n<meta property=\"og:type\" content=\"article\" \/>\n<meta property=\"og:title\" content=\"T\u00e4nu - Beauty Institute\" \/>\n<meta property=\"og:description\" content=\"[vc_row][vc_column][vc_column_text] T\u00e4name [\/vc_column_text][vc_separator color=&#8221;custom&#8221; border_width=&#8221;2&#8243; el_width=&#8221;10&#8243; gap=&#8221;short&#8221; accent_color=&#8221;#8800aa&#8221;][\/vc_column][\/vc_row][vc_row css=&#8221;.vc_custom_1574251608919{padding-top: 20px !important;padding-bottom: 180px !important;}&#8221;][vc_column][vc_column_text] T\u00e4name! Broneeringu kinnituse leiate oma postkastist. Kohtume teie poolt kinnitatud ajal! [\/vc_column_text][\/vc_column][\/vc_row][vc_row][vc_column][vc_raw_js]JTNDc2NyaXB0JTNFJTBBJTJGJTJGVXNpbmclMjBzZXRUaW1lb3V0JTIwdG8lMjBleGVjdXRlJTIwYSUyMGZ1bmN0aW9uJTIwYWZ0ZXIlMjA1JTIwc2Vjb25kcy4lMEFzZXRUaW1lb3V0JTI4ZnVuY3Rpb24lMjAlMjglMjklMjAlN0IlMEElMjAlMjAlMjAlMkYlMkZSZWRpcmVjdCUyMHdpdGglMjBKYXZhU2NyaXB0JTBBJTIwJTIwJTIwd2luZG93LmxvY2F0aW9uLmhyZWYlM0QlMjAlMjdodHRwcyUzQSUyRiUyRmJlYXV0eWluc3RpdHV0ZS5lZSUyRiUyNyUzQiUwQSU3RCUyQyUyMDUwMDAlMjklM0IlMEElM0MlMkZzY3JpcHQlM0U=[\/vc_raw_js][\/vc_column][\/vc_row]\" \/>\n<meta property=\"og:url\" content=\"https:\/\/beautyinstitute.ee\/ru\/tanu\/\" \/>\n<meta property=\"og:site_name\" content=\"Beauty Institute\" \/>\n<meta property=\"article:modified_time\" content=\"2020-10-05T11:24:00+00:00\" \/>\n<meta name=\"twitter:card\" content=\"summary_large_image\" \/>\n<meta name=\"twitter:site\" content=\"@Beauty_Eesti\" \/>\n<meta name=\"twitter:label1\" content=\"\u041f\u0440\u0438\u043c\u0435\u0440\u043d\u043e\u0435 \u0432\u0440\u0435\u043c\u044f \u0434\u043b\u044f \u0447\u0442\u0435\u043d\u0438\u044f\" \/>\n\t<meta name=\"twitter:data1\" content=\"1 \u043c\u0438\u043d\u0443\u0442\u0430\" \/>\n<script type=\"application\/ld+json\" class=\"yoast-schema-graph\">{\"@context\":\"https:\/\/schema.org\",\"@graph\":[{\"@type\":\"WebPage\",\"@id\":\"https:\/\/beautyinstitute.ee\/ru\/tanu\/\",\"url\":\"https:\/\/beautyinstitute.ee\/ru\/tanu\/\",\"name\":\"T\u00e4nu - Beauty Institute\",\"isPartOf\":{\"@id\":\"https:\/\/beautyinstitute.ee\/#website\"},\"datePublished\":\"2019-11-20T11:55:46+00:00\",\"dateModified\":\"2020-10-05T11:24:00+00:00\",\"breadcrumb\":{\"@id\":\"https:\/\/beautyinstitute.ee\/ru\/tanu\/#breadcrumb\"},\"inLanguage\":\"ru-RU\",\"potentialAction\":[{\"@type\":\"ReadAction\",\"target\":[\"https:\/\/beautyinstitute.ee\/ru\/tanu\/\"]}]},{\"@type\":\"BreadcrumbList\",\"@id\":\"https:\/\/beautyinstitute.ee\/ru\/tanu\/#breadcrumb\",\"itemListElement\":[{\"@type\":\"ListItem\",\"position\":1,\"name\":\"Home\",\"item\":\"https:\/\/beautyinstitute.ee\/ru\/\"},{\"@type\":\"ListItem\",\"position\":2,\"name\":\"T\u00e4nu\"}]},{\"@type\":\"WebSite\",\"@id\":\"https:\/\/beautyinstitute.ee\/#website\",\"url\":\"https:\/\/beautyinstitute.ee\/\",\"name\":\"Beauty Institute\",\"description\":\"CNC Cosmetic ametlik maaletooja ja edasim\u00fc\u00fcja Eestis, Soomes, L\u00e4tis. Aparaadikosmeetika, koolitused, kosmeetikatooted.\",\"potentialAction\":[{\"@type\":\"SearchAction\",\"target\":{\"@type\":\"EntryPoint\",\"urlTemplate\":\"https:\/\/beautyinstitute.ee\/?s={search_term_string}\"},\"query-input\":{\"@type\":\"PropertyValueSpecification\",\"valueRequired\":true,\"valueName\":\"search_term_string\"}}],\"inLanguage\":\"ru-RU\"}]}<\/script>\n<!-- \/ Yoast SEO plugin. -->","yoast_head_json":{"title":"T\u00e4nu - Beauty Institute","robots":{"index":"index","follow":"follow","max-snippet":"max-snippet:-1","max-image-preview":"max-image-preview:large","max-video-preview":"max-video-preview:-1"},"canonical":"https:\/\/beautyinstitute.ee\/ru\/tanu\/","og_locale":"ru_RU","og_type":"article","og_title":"T\u00e4nu - Beauty Institute","og_description":"[vc_row][vc_column][vc_column_text] T\u00e4name [\/vc_column_text][vc_separator color=&#8221;custom&#8221; border_width=&#8221;2&#8243; el_width=&#8221;10&#8243; gap=&#8221;short&#8221; accent_color=&#8221;#8800aa&#8221;][\/vc_column][\/vc_row][vc_row css=&#8221;.vc_custom_1574251608919{padding-top: 20px !important;padding-bottom: 180px !important;}&#8221;][vc_column][vc_column_text] T\u00e4name! Broneeringu kinnituse leiate oma postkastist. Kohtume teie poolt kinnitatud ajal! [\/vc_column_text][\/vc_column][\/vc_row][vc_row][vc_column][vc_raw_js]JTNDc2NyaXB0JTNFJTBBJTJGJTJGVXNpbmclMjBzZXRUaW1lb3V0JTIwdG8lMjBleGVjdXRlJTIwYSUyMGZ1bmN0aW9uJTIwYWZ0ZXIlMjA1JTIwc2Vjb25kcy4lMEFzZXRUaW1lb3V0JTI4ZnVuY3Rpb24lMjAlMjglMjklMjAlN0IlMEElMjAlMjAlMjAlMkYlMkZSZWRpcmVjdCUyMHdpdGglMjBKYXZhU2NyaXB0JTBBJTIwJTIwJTIwd2luZG93LmxvY2F0aW9uLmhyZWYlM0QlMjAlMjdodHRwcyUzQSUyRiUyRmJlYXV0eWluc3RpdHV0ZS5lZSUyRiUyNyUzQiUwQSU3RCUyQyUyMDUwMDAlMjklM0IlMEElM0MlMkZzY3JpcHQlM0U=[\/vc_raw_js][\/vc_column][\/vc_row]","og_url":"https:\/\/beautyinstitute.ee\/ru\/tanu\/","og_site_name":"Beauty Institute","article_modified_time":"2020-10-05T11:24:00+00:00","twitter_card":"summary_large_image","twitter_site":"@Beauty_Eesti","twitter_misc":{"\u041f\u0440\u0438\u043c\u0435\u0440\u043d\u043e\u0435 \u0432\u0440\u0435\u043c\u044f \u0434\u043b\u044f \u0447\u0442\u0435\u043d\u0438\u044f":"1 \u043c\u0438\u043d\u0443\u0442\u0430"},"schema":{"@context":"https:\/\/schema.org","@graph":[{"@type":"WebPage","@id":"https:\/\/beautyinstitute.ee\/ru\/tanu\/","url":"https:\/\/beautyinstitute.ee\/ru\/tanu\/","name":"T\u00e4nu - Beauty Institute","isPartOf":{"@id":"https:\/\/beautyinstitute.ee\/#website"},"datePublished":"2019-11-20T11:55:46+00:00","dateModified":"2020-10-05T11:24:00+00:00","breadcrumb":{"@id":"https:\/\/beautyinstitute.ee\/ru\/tanu\/#breadcrumb"},"inLanguage":"ru-RU","potentialAction":[{"@type":"ReadAction","target":["https:\/\/beautyinstitute.ee\/ru\/tanu\/"]}]},{"@type":"BreadcrumbList","@id":"https:\/\/beautyinstitute.ee\/ru\/tanu\/#breadcrumb","itemListElement":[{"@type":"ListItem","position":1,"name":"Home","item":"https:\/\/beautyinstitute.ee\/ru\/"},{"@type":"ListItem","position":2,"name":"T\u00e4nu"}]},{"@type":"WebSite","@id":"https:\/\/beautyinstitute.ee\/#website","url":"https:\/\/beautyinstitute.ee\/","name":"Beauty Institute","description":"CNC Cosmetic ametlik maaletooja ja edasim\u00fc\u00fcja Eestis, Soomes, L\u00e4tis. Aparaadikosmeetika, koolitused, kosmeetikatooted.","potentialAction":[{"@type":"SearchAction","target":{"@type":"EntryPoint","urlTemplate":"https:\/\/beautyinstitute.ee\/?s={search_term_string}"},"query-input":{"@type":"PropertyValueSpecification","valueRequired":true,"valueName":"search_term_string"}}],"inLanguage":"ru-RU"}]}},"_links":{"self":[{"href":"https:\/\/beautyinstitute.ee\/ru\/wp-json\/wp\/v2\/pages\/10330","targetHints":{"allow":["GET"]}}],"collection":[{"href":"https:\/\/beautyinstitute.ee\/ru\/wp-json\/wp\/v2\/pages"}],"about":[{"href":"https:\/\/beautyinstitute.ee\/ru\/wp-json\/wp\/v2\/types\/page"}],"author":[{"embeddable":true,"href":"https:\/\/beautyinstitute.ee\/ru\/wp-json\/wp\/v2\/users\/2"}],"replies":[{"embeddable":true,"href":"https:\/\/beautyinstitute.ee\/ru\/wp-json\/wp\/v2\/comments?post=10330"}],"version-history":[{"count":1,"href":"https:\/\/beautyinstitute.ee\/ru\/wp-json\/wp\/v2\/pages\/10330\/revisions"}],"predecessor-version":[{"id":12048,"href":"https:\/\/beautyinstitute.ee\/ru\/wp-json\/wp\/v2\/pages\/10330\/revisions\/12048"}],"wp:attachment":[{"href":"https:\/\/beautyinstitute.ee\/ru\/wp-json\/wp\/v2\/media?parent=10330"}],"curies":[{"name":"wp","href":"https:\/\/api.w.org\/{rel}","templated":true}]}}