{"id":10346,"date":"2018-10-06T11:27:21","date_gmt":"2018-10-06T11:27:21","guid":{"rendered":"https:\/\/beautyinstitute.ee\/ostutingimused-2\/"},"modified":"2020-10-05T14:23:58","modified_gmt":"2020-10-05T11:23:58","slug":"ostutingimused-2","status":"publish","type":"page","link":"https:\/\/beautyinstitute.ee\/ru\/ostutingimused-2\/","title":{"rendered":"Ostutingimused"},"content":{"rendered":"<h1 style=\"text-align: center; font-weight: 600;\">OSTUTINGIMUSED<\/h1>\n<h3>TELLIMINE<\/h3>\n<p>Valige e-poest tooted, mida soovite osta ning lisage need ostukorvi.\u2028Avades ostukorvi on Teil vo\u0303imalus korrigeerida toodete kogust ning tooteid ostukorvist ka kustutada.\u2028Kui olete ko\u0303ik tooted ostukorvi sisestanud, vajutage MINE KASSASSE.\u2028Tellimuses tuleb ta\u0308ita ko\u0303ik * ta\u0308histatud lahtrid.\u2028Kui soovite transporti, on oluline sisestada ka kauba ka\u0308ttetoimetamise aadress.<\/p>\n<h3>HINNAD JA TASUMINE<\/h3>\n<p>Ko\u0303ik meie (e-poes olevad) hinnad on eurodes.\u2028 Pa\u0308rast tellimuse esitamist saadetakse Teile arve. Arve edastatakse e-mailile .<\/p>\n<h3>TARNEAEG JA TRANSPORT<\/h3>\n<p>Kaubad toimetame Teile soovitud aadressile u\u0308le Eesti hiljemalt 3 to\u0308o\u0308pa\u0308eva jooksul peale ettemaksu arve laekumist. Kauba u\u0308leandmise ta\u0308pne aeg lepitakse kokku eelnevalt telefoni vo\u0303i emaili teel. Kaupa toimetatakse kohale to\u0308o\u0308pa\u0308evadel ajavahemikul kl 10-17.<\/p>\n<h3>KAUBA TAGASTAMINE<\/h3>\n<p>Kauba tagastamine toimub vastavalt Eesti Vabariigis kehtivatele seadustele. Ta\u0308psustavat informatsiooni leiab U\u0308ld- ja ostutingimustest.<\/p>\n<h3>PRIVAATSUS<\/h3>\n<p>Meie e-poest ostmine on turvaline, Teie isikuandmeid ei avaldata kolmandatele isikutele, neid kasutatakse ainult tellimuse ta\u0308itmiseks ja tellimusega seotud ku\u0308simuste lahendamiseks.<\/p>\n<h3>MU\u0308U\u0308JA O\u0303IGUSED<\/h3>\n<p>Eurowest CNC O\u00dc ja\u0308tab endale o\u0303iguse muuta hindu.<\/p>\n<h3>LISAINFO<\/h3>\n<p>e-mail: <a href=\"mailto:info@beautyinstitute.ee\">info@beautyinstitute.ee<\/a>; tel: <a href=\"tel:+3725118332\">+372 511 8332<\/a><\/p>\n<h3>U\u0308LD- JA OSTUTINGIMUSED LEPING JA VASTUTUS<\/h3>\n<p>Ka\u0308esolevad Tingimused on siduvaks lepinguks Teie kui Eurowest CNC O\u00dc internetilehe ning sellel pakutavate toodete tellija ja Eurowest CNC O\u00dc, Tartu maakond, Tartu linn, Tartu linn, Ujula tn 49-12, 51008, edaspidi nimetatud Eurowest CNC O\u00dc vahel kaupade tarnimiseks ka\u0308esoleva internetileheku\u0308lje kaudu. Kasutades antud internetileheku\u0308lge, no\u0303ustute Te ka\u0308esolevate Tingimustega, mis puudutavad ka ko\u0303iki tellimusi, mis on teostatud ka\u0308esoleva internetilehe kaudu vo\u0303i sellega seoses.<br \/>\nEurowest CNC O\u00dc poolt tehtavad pakkumised ning toodete ja teenuste kirjeldused ei ole ka\u0308sitletavad lepinguna ning ei allu ka\u0308esolevatele Tingimustele. Tootepiltidel on illustreeriv ta\u0308hendus.<\/p>\n<h3>TOODETE TARNIMINE EESTIS<\/h3>\n<p>Ko\u0303ik Teie tellitud tooted saadetakse sihtkohta, mille Te olete ma\u0308a\u0308ranud tellimuse vormistamisel, kasutades Teie poolt valitud tarneviisi.<br \/>\nTarne hinnaarvestus toimub automaatselt ja selle lo\u0303pphind tuuakse arve peal eraldi va\u0308lja.<br \/>\nKaubad toimetab mu\u0308u\u0308ja ma\u0308rgitud aadressile u\u0308le Eesti hiljemalt 3 to\u0308o\u0308pa\u0308eva jooksul peale ettemaksu arve laekumist.<br \/>\nEurowest CNC O\u00dc ei vastuta kauba ka\u0308ttetoimetamise eest juhul, kui Teie ma\u0308rgitud aadress tellimuse vormistumisel on vale.<br \/>\nEurowest CNC O\u00dc vo\u0303ib ta\u0308ielikult oma a\u0308rana\u0308gemise ja\u0308rgi Teie tellimustest keelduda ilma igasuguse selgituseta.<\/p>\n<h3>HINNAINFO<\/h3>\n<p>Hinnad e-poes sisaldavad ka\u0308ibemaksu.<br \/>\nPostikulu on ma\u0308rgitud eraldi.<br \/>\nE-poe valuuta on euro.<br \/>\nE-poes mu\u0308u\u0308davate kaupade eest on vo\u0303imalik tasuda panga\u00fclekandega arve alusel.<br \/>\nVeebipood ei ole vastutav u\u0308ksko\u0303ik milliste muude maksude vo\u0303i tollilo\u0303ivude eest, mida Teie suhtes vo\u0303idakse rakendada ning mille suhtes ja\u0308a\u0308b ta\u0308ielik vastutus Teile.\u2028Veebipood j\u00e4tab endale ta\u0308ieliku o\u0303iguse muuta hinnakirja oma a\u0308rana\u0308gemise ja\u0308rgi ning ette teatamata ko\u0303igil juhtudel, va\u0308lja arvatud nendel juhtudel, kus tellimus kinnitatud kuid veel ta\u0308itmata.<br \/>\nOstuhind tasutakse ettemaksuna pangalingi- vo\u0303i pangau\u0308lekandemaksena.<br \/>\nEurowest CNC O\u00dc on isikuandmete vastututav t\u00f6\u00f6tleja.<br \/>\nE-poest ostude sooritamisel on v\u00f5imalik kasutada ka kupongikoode, mida on v\u00f5imalik sisestada tasumisel. Kupongikoode jagatakse veebipoe reklaamides ning turunduskanalites.<\/p>\n<h3>TAGASTAMISO\u0303IGUS<\/h3>\n<p><strong>1.<\/strong> Kliendil on o\u0303igus lepingust taganeda (toodetest loobuda) 14 kalendripa\u0308eva jooksul toodete ka\u0308ttesaamisest, va\u0308lja arvatud punktis 2. ja 3. toodud juhtudel.<\/p>\n<p><strong>2.<\/strong> Tulenevalt vo\u0303lao\u0303igusseaduse (edaspidi: VO\u0303S) \u00a7 53 lo\u0303ike 2 punktist 9, ei kohaldu 14 pa\u0308evane Lepingust taganemiso\u0303igus toiduainete, jookide ja\/vo\u0303i muu igapa\u0308evaseks tarbimiseks mo\u0303eldud toodete ostmisel, mis antakse u\u0308le ettevo\u0303tja sagedaste ja korrapa\u0308raste ringso\u0303itude ka\u0308igus tarbija elu-, asu- vo\u0303i to\u0308o\u0308kohas.<\/p>\n<p><strong>3.<\/strong> Tulenevalt VO\u0303S \u00a7 53 lo\u0303ike 4 punktidest ei kohaldu 14 pa\u0308evane Lepingust taganemiso\u0303igus muuhulgas:- sellisele tootele, mis rikneb vo\u0303i vananeb kiiresti;- sellise suletud pakendis toote u\u0308leandmisel, mis ei ole ko\u0303lblik tagasisaatmiseks tervisekaitse vo\u0303i hu\u0308gieenilistel po\u0303hjustel ning kui see on pa\u0308rast kohaletoimetamist avatud.- millele on ette na\u0308htud spetsiifilised vo\u0303i soovituslikud hoiustamistingimused.<\/p>\n<p><strong>4.<\/strong> Lepingust taganemiseks esitab Klient kauba Tagastamisavalduse. Tagastamisavaldust on Kliendil vo\u0303imalik esitada saates see Mu\u0308u\u0308ja e-posti aadressile: info@beautyinstitute.ee vo\u0303i saates e-kirja Mu\u0308u\u0308ja veebilehelt. Peale avalduse la\u0308bi vaatamist Mu\u0308u\u0308ja poolt, teatatakse kliendile tagastusaadress.<\/p>\n<p><strong>5.<\/strong> Tagastatavad tooted ei tohi olla rikutud, kahjustatud vo\u0303i kasutatud ning peavad olema oma originaalses tootepakendis. Et veenduda asja olemuses, omadustes ja toimimises, peab Klient ka\u0308sitsema toodet u\u0308ksnes nii, nagu tal lubataks tavapa\u0308raselt seda teha poes. Tootepakend tuleb avada ettevaatlikult seda kahjustamata. Vastasel korral on Mu\u0308u\u0308jal o\u0303igus no\u0303uda Kliendilt hu\u0308vitist toote va\u0308a\u0308rtuse va\u0308henemise eest.<\/p>\n<p><strong>6.<\/strong> Tagastatavad tooted tuleb saata Mu\u0308u\u0308jale viivitamatult, kuid hiljemalt 14 pa\u0308eva jooksul taganemisavalduse esitamisest. Toote tagastamisega seotud kulud kannab Klient.<\/p>\n<p><strong>7.<\/strong> Juhul, kui Klient on lepingust taganenud, tooted Mu\u0308u\u0308jale tagastanud ning tagastatud tooted on no\u0303uetekohased (sh arvestades punktides 2. ja 3. toodut), tagastab Mu\u0308u\u0308ja Kliendile tellimuse maksumuse koos kohaletoimetamise tasuga 14 pa\u0308eva jooksul taganemisavalduse esitamisest. Tagasimaksed tehakse Kliendile samale arvelduskontole, kust laekus raha tellimuse eest.<\/p>\n<p><strong>8.<\/strong> Juhul kui peale kauba tagastamist ilmneb, et tagastus ei vasta Kasutuslepingus toodud tingimustele, siis raha ei tagastata.<br \/>\nKui kaup on purunenud vo\u0303i kaup on olulis(t)e kahjustus(t)ega, mis polnud va\u0308lisel vaatlusel kohe tuvastatav ning mis pole tekkinud pakendi avamisel vo\u0303i kui kaup on vale, palume Eurowest CNC O\u00dc\u2019d sellest koheselt teavitada aadressil <a href=\"mailto:info@beautyinstitute.ee\">info@beautyinstitute.ee<\/a>.<\/p>\n<h3>PRETENSIOONIDE ESITAMISE KORD<\/h3>\n<p>Veebipood vastutab ostjale m\u00fc\u00fcdud kauba lepingutingimustele mittevastavuse v\u00f5i puuduse eest, mis oli olemas juba asja \u00fcleandmise hetkel ning mis ilmneb kuni kahe aasta jooksul, alates kauba \u00fcleandmisest ostjale. Sellest esimese kuue kuu jooksul asja \u00fcleandmisest ostjale eeldatakse, et puudus oli olemas juba asja \u00fcleandmise ajal.<br \/>\nOstjal on \u00f5igus puuduse ilmnemisel p\u00f6\u00f6rduda hiljemalt kahe kuu jooksul veebipoe poole, saates e-kirja aadressile info@beautyinstitute.ee.\u2028Veebipood ei vastuta puuduste eest, mis on tekkinud p\u00e4rast kauba \u00fcleandmist ostjale.\u2028Kui Veebipoest ostetud kaubal on puudused, mille eest Veebipood vastutab, parandab v\u00f5i asendab Veebipood puudusega kauba. Kui kaupa ei ole v\u00f5imalik parandada ega asendada, tagastab Veebipood ostjale k\u00f5ik m\u00fc\u00fcgilepinguga kaasnenud tasud.<br \/>\nVeebipood vastab tarbija esitatud kaebusele kirjalikult v\u00f5i kirjalikku taasesitamist v\u00f5imaldavas vormis 15 p\u00e4eva jooksul.<\/p>\n<h3>TURVALISUS<\/h3>\n<p>Veebipood kasutab ko\u0303iki mo\u0303istlikke vo\u0303imalusi va\u0308ltimaks igasuguseid turvalisust puudutavaid seaduserikkumisi, sh Teie poolt edastatud krediitkaartide informatsiooni. Samuti kasutab veebipood ko\u0303iki mo\u0303istlikke vo\u0303imalusi tagamaks, et iga veebipoe tarnija\/allto\u0308o\u0308vo\u0303tja vo\u0303i partner tagab samuti tema ka\u0308sutuses olevate andmete konfidentsiaalsuse. Te olete ainuisikuliselt vastutav oma kasutajanimede ja salaso\u0303nade turvalisuse ja kasutamise eest, mis on vajalikud juurdepa\u0308a\u0308suks teenuse vo\u0303i u\u0308ksko\u0303ik millise selle osa kasutamiseks. Iga Teie parooli kasutamist to\u0303lgendatakse kui Teie poolt sisestatut ning Te olete vastutav ko\u0303igi selle parooli alt tehtavate tegevuste eest.<\/p>\n<h3>KAUPADE KA\u0308TTESAADAVUS<\/h3>\n<p>Eurowest CNC O\u00dc ja\u0308tab endale o\u0303iguse etteteatamata ning ilma igasuguse po\u0303hjuseta peatada, muuta vo\u0303i vahetada veebikeskkonnas mu\u0308u\u0308gil olevate kaupade nimistut.<\/p>\n<h3>MUUD TINGIMUSED<\/h3>\n<p>Mitte miski nendes Tingimustes ei anna u\u0308helegi kolmandale osapoolele mingit kasu vo\u0303i o\u0303igust rakendada ka\u0308esoleva Lepingu tingimusi. Ka\u0308esolevad Tingimused moodustavad ta\u0308ieliku lepingu Teie ja veebipoe vahel ning asendavad igasuguseid suulisi vo\u0303i kirjalikke kokkuleppeid vo\u0303i teisi avaldusi. Veebipood ja\u0308tab endale o\u0303iguse oma a\u0308rana\u0308gemise ja\u0308rgi ja igal ajal lisada vo\u0303i muuta ka\u0308esolevaid Tingimusi ilma ette teatamata (see ei kehti kinnitatud tellimustele, mis on veel ta\u0308itmata). Ka\u0308esolevad Tingimused alluvad Eesti Vabariigi seadustele ning on Eesti Vabariigi kohtusu\u0308steemi pa\u0308devuses. Te peate olema kindel, et enne tellimuse tegemist olete ka\u0308esolevad Tingimused la\u0308bi lugenud ning nendest ta\u0308ielikult aru saanud.<\/p>\n<p>Kui Teil on ku\u0308simusi, siis palun vo\u0303tke meiega u\u0308hendust e-posti aadressil <a href=\"mailto:info@beautyinstitute.ee\">info@beautyinstitute.ee<\/a><\/p>\n","protected":false},"excerpt":{"rendered":"<p>OSTUTINGIMUSED TELLIMINE Valige e-poest tooted, mida soovite osta ning lisage need ostukorvi.\u2028Avades ostukorvi on Teil vo\u0303imalus korrigeerida toodete kogust ning tooteid ostukorvist ka kustutada.\u2028Kui olete ko\u0303ik tooted ostukorvi sisestanud, vajutage MINE KASSASSE.\u2028Tellimuses tuleb ta\u0308ita ko\u0303ik * ta\u0308histatud lahtrid.\u2028Kui soovite transporti, on oluline sisestada ka kauba ka\u0308ttetoimetamise aadress. HINNAD JA TASUMINE Ko\u0303ik meie (e-poes olevad) hinnad [&hellip;]<\/p>\n","protected":false},"author":2,"featured_media":0,"parent":0,"menu_order":0,"comment_status":"closed","ping_status":"closed","template":"","meta":{"_acf_changed":false,"footnotes":""},"class_list":["post-10346","page","type-page","status-publish","hentry"],"acf":[],"yoast_head":"<!-- This site is optimized with the Yoast SEO plugin v25.4 - https:\/\/yoast.com\/wordpress\/plugins\/seo\/ -->\n<title>Ostutingimused - Beauty Institute<\/title>\n<meta name=\"robots\" content=\"index, follow, max-snippet:-1, max-image-preview:large, max-video-preview:-1\" \/>\n<link rel=\"canonical\" href=\"https:\/\/beautyinstitute.ee\/ru\/ostutingimused-2\/\" \/>\n<meta property=\"og:locale\" content=\"ru_RU\" \/>\n<meta property=\"og:type\" content=\"article\" \/>\n<meta property=\"og:title\" content=\"Ostutingimused - Beauty Institute\" \/>\n<meta property=\"og:description\" content=\"OSTUTINGIMUSED TELLIMINE Valige e-poest tooted, mida soovite osta ning lisage need ostukorvi.\u2028Avades ostukorvi on Teil vo\u0303imalus korrigeerida toodete kogust ning tooteid ostukorvist ka kustutada.\u2028Kui olete ko\u0303ik tooted ostukorvi sisestanud, vajutage MINE KASSASSE.\u2028Tellimuses tuleb ta\u0308ita ko\u0303ik * ta\u0308histatud lahtrid.\u2028Kui soovite transporti, on oluline sisestada ka kauba ka\u0308ttetoimetamise aadress. HINNAD JA TASUMINE Ko\u0303ik meie (e-poes olevad) hinnad [&hellip;]\" \/>\n<meta property=\"og:url\" content=\"https:\/\/beautyinstitute.ee\/ru\/ostutingimused-2\/\" \/>\n<meta property=\"og:site_name\" content=\"Beauty Institute\" \/>\n<meta property=\"article:modified_time\" content=\"2020-10-05T11:23:58+00:00\" \/>\n<meta name=\"twitter:card\" content=\"summary_large_image\" \/>\n<meta name=\"twitter:site\" content=\"@Beauty_Eesti\" \/>\n<meta name=\"twitter:label1\" content=\"\u041f\u0440\u0438\u043c\u0435\u0440\u043d\u043e\u0435 \u0432\u0440\u0435\u043c\u044f \u0434\u043b\u044f \u0447\u0442\u0435\u043d\u0438\u044f\" \/>\n\t<meta name=\"twitter:data1\" content=\"6 \u043c\u0438\u043d\u0443\u0442\" \/>\n<script type=\"application\/ld+json\" class=\"yoast-schema-graph\">{\"@context\":\"https:\/\/schema.org\",\"@graph\":[{\"@type\":\"WebPage\",\"@id\":\"https:\/\/beautyinstitute.ee\/ru\/ostutingimused-2\/\",\"url\":\"https:\/\/beautyinstitute.ee\/ru\/ostutingimused-2\/\",\"name\":\"Ostutingimused - Beauty Institute\",\"isPartOf\":{\"@id\":\"https:\/\/beautyinstitute.ee\/#website\"},\"datePublished\":\"2018-10-06T11:27:21+00:00\",\"dateModified\":\"2020-10-05T11:23:58+00:00\",\"breadcrumb\":{\"@id\":\"https:\/\/beautyinstitute.ee\/ru\/ostutingimused-2\/#breadcrumb\"},\"inLanguage\":\"ru-RU\",\"potentialAction\":[{\"@type\":\"ReadAction\",\"target\":[\"https:\/\/beautyinstitute.ee\/ru\/ostutingimused-2\/\"]}]},{\"@type\":\"BreadcrumbList\",\"@id\":\"https:\/\/beautyinstitute.ee\/ru\/ostutingimused-2\/#breadcrumb\",\"itemListElement\":[{\"@type\":\"ListItem\",\"position\":1,\"name\":\"Home\",\"item\":\"https:\/\/beautyinstitute.ee\/ru\/\"},{\"@type\":\"ListItem\",\"position\":2,\"name\":\"Ostutingimused\"}]},{\"@type\":\"WebSite\",\"@id\":\"https:\/\/beautyinstitute.ee\/#website\",\"url\":\"https:\/\/beautyinstitute.ee\/\",\"name\":\"Beauty Institute\",\"description\":\"CNC Cosmetic ametlik maaletooja ja edasim\u00fc\u00fcja Eestis, Soomes, L\u00e4tis. Aparaadikosmeetika, koolitused, kosmeetikatooted.\",\"potentialAction\":[{\"@type\":\"SearchAction\",\"target\":{\"@type\":\"EntryPoint\",\"urlTemplate\":\"https:\/\/beautyinstitute.ee\/?s={search_term_string}\"},\"query-input\":{\"@type\":\"PropertyValueSpecification\",\"valueRequired\":true,\"valueName\":\"search_term_string\"}}],\"inLanguage\":\"ru-RU\"}]}<\/script>\n<!-- \/ Yoast SEO plugin. -->","yoast_head_json":{"title":"Ostutingimused - Beauty Institute","robots":{"index":"index","follow":"follow","max-snippet":"max-snippet:-1","max-image-preview":"max-image-preview:large","max-video-preview":"max-video-preview:-1"},"canonical":"https:\/\/beautyinstitute.ee\/ru\/ostutingimused-2\/","og_locale":"ru_RU","og_type":"article","og_title":"Ostutingimused - Beauty Institute","og_description":"OSTUTINGIMUSED TELLIMINE Valige e-poest tooted, mida soovite osta ning lisage need ostukorvi.\u2028Avades ostukorvi on Teil vo\u0303imalus korrigeerida toodete kogust ning tooteid ostukorvist ka kustutada.\u2028Kui olete ko\u0303ik tooted ostukorvi sisestanud, vajutage MINE KASSASSE.\u2028Tellimuses tuleb ta\u0308ita ko\u0303ik * ta\u0308histatud lahtrid.\u2028Kui soovite transporti, on oluline sisestada ka kauba ka\u0308ttetoimetamise aadress. HINNAD JA TASUMINE Ko\u0303ik meie (e-poes olevad) hinnad [&hellip;]","og_url":"https:\/\/beautyinstitute.ee\/ru\/ostutingimused-2\/","og_site_name":"Beauty Institute","article_modified_time":"2020-10-05T11:23:58+00:00","twitter_card":"summary_large_image","twitter_site":"@Beauty_Eesti","twitter_misc":{"\u041f\u0440\u0438\u043c\u0435\u0440\u043d\u043e\u0435 \u0432\u0440\u0435\u043c\u044f \u0434\u043b\u044f \u0447\u0442\u0435\u043d\u0438\u044f":"6 \u043c\u0438\u043d\u0443\u0442"},"schema":{"@context":"https:\/\/schema.org","@graph":[{"@type":"WebPage","@id":"https:\/\/beautyinstitute.ee\/ru\/ostutingimused-2\/","url":"https:\/\/beautyinstitute.ee\/ru\/ostutingimused-2\/","name":"Ostutingimused - Beauty Institute","isPartOf":{"@id":"https:\/\/beautyinstitute.ee\/#website"},"datePublished":"2018-10-06T11:27:21+00:00","dateModified":"2020-10-05T11:23:58+00:00","breadcrumb":{"@id":"https:\/\/beautyinstitute.ee\/ru\/ostutingimused-2\/#breadcrumb"},"inLanguage":"ru-RU","potentialAction":[{"@type":"ReadAction","target":["https:\/\/beautyinstitute.ee\/ru\/ostutingimused-2\/"]}]},{"@type":"BreadcrumbList","@id":"https:\/\/beautyinstitute.ee\/ru\/ostutingimused-2\/#breadcrumb","itemListElement":[{"@type":"ListItem","position":1,"name":"Home","item":"https:\/\/beautyinstitute.ee\/ru\/"},{"@type":"ListItem","position":2,"name":"Ostutingimused"}]},{"@type":"WebSite","@id":"https:\/\/beautyinstitute.ee\/#website","url":"https:\/\/beautyinstitute.ee\/","name":"Beauty Institute","description":"CNC Cosmetic ametlik maaletooja ja edasim\u00fc\u00fcja Eestis, Soomes, L\u00e4tis. Aparaadikosmeetika, koolitused, kosmeetikatooted.","potentialAction":[{"@type":"SearchAction","target":{"@type":"EntryPoint","urlTemplate":"https:\/\/beautyinstitute.ee\/?s={search_term_string}"},"query-input":{"@type":"PropertyValueSpecification","valueRequired":true,"valueName":"search_term_string"}}],"inLanguage":"ru-RU"}]}},"_links":{"self":[{"href":"https:\/\/beautyinstitute.ee\/ru\/wp-json\/wp\/v2\/pages\/10346","targetHints":{"allow":["GET"]}}],"collection":[{"href":"https:\/\/beautyinstitute.ee\/ru\/wp-json\/wp\/v2\/pages"}],"about":[{"href":"https:\/\/beautyinstitute.ee\/ru\/wp-json\/wp\/v2\/types\/page"}],"author":[{"embeddable":true,"href":"https:\/\/beautyinstitute.ee\/ru\/wp-json\/wp\/v2\/users\/2"}],"replies":[{"embeddable":true,"href":"https:\/\/beautyinstitute.ee\/ru\/wp-json\/wp\/v2\/comments?post=10346"}],"version-history":[{"count":1,"href":"https:\/\/beautyinstitute.ee\/ru\/wp-json\/wp\/v2\/pages\/10346\/revisions"}],"predecessor-version":[{"id":12044,"href":"https:\/\/beautyinstitute.ee\/ru\/wp-json\/wp\/v2\/pages\/10346\/revisions\/12044"}],"wp:attachment":[{"href":"https:\/\/beautyinstitute.ee\/ru\/wp-json\/wp\/v2\/media?parent=10346"}],"curies":[{"name":"wp","href":"https:\/\/api.w.org\/{rel}","templated":true}]}}