{"id":10347,"date":"2018-09-04T16:37:46","date_gmt":"2018-09-04T16:37:46","guid":{"rendered":"https:\/\/beautyinstitute.ee\/privaatsuspoliitika\/"},"modified":"2020-10-05T14:23:58","modified_gmt":"2020-10-05T11:23:58","slug":"privaatsuspoliitika","status":"publish","type":"page","link":"https:\/\/beautyinstitute.ee\/ru\/privaatsuspoliitika\/","title":{"rendered":"Privaatsuspoliitika"},"content":{"rendered":"<p>[vc_row][vc_column][vc_column_text]<\/p>\n<h1 style=\"text-align: center; font-weight: 600;\">PRIVAATSUSPOLIITIKA<\/h1>\n<p>[\/vc_column_text][vc_separator color=&#8221;custom&#8221; border_width=&#8221;2&#8243; el_width=&#8221;10&#8243; gap=&#8221;short&#8221; accent_color=&#8221;#8800aa&#8221;][\/vc_column][\/vc_row][vc_row][vc_column][vc_column_text]Eurowest CNC O\u00dc on vo\u0303tnud endale kohustuse kaitsta klientide privaatsust. Firma tegevus internetis on koosko\u0303las ko\u0303igi asjakohaste tegevuste ja vastavate Euroopa Liidu o\u0303igusaktide ja Eesti Vabariigi seadustega.<\/p>\n<h3>ISIKUANDMETE T\u00d6\u00d6TLEMINE<\/h3>\n<p>Veebipoe Beauty Institute isikuandmete vastutav t\u00f6\u00f6tleja on Eurowest CNC O\u00dc (registrikood 11773685) asukohaga Tartu maakond, Tartu linn, Tartu linn, Ujula tn 49-12, 51008, tel <a href=\"tel:+3725118332\">+372 511 8332<\/a> ja e-kiri <a href=\"mailto:info@beautyinstitute.ee\">info@beautyinstitute.ee<\/a>.<\/p>\n<h3>MILLISEID ISIKUANDMEID T\u00d6\u00d6DELDAKSE<\/h3>\n<ul>\n<li>nimi, telefoninumber ja e-posti aadress<\/li>\n<li>kauba kohaletoimetamise aadress<\/li>\n<li>pangakonto number<\/li>\n<li>kaupade ja teenuste maksumus ja maksetega seotud andmed (ostuajalugu)<\/li>\n<li>klienditoe andmed<\/li>\n<\/ul>\n<h3>MIS EESM\u00c4RGIL ISIKUANDMEID T\u00d6\u00d6DELDAKSE<\/h3>\n<p>Eurowest CNC O\u00dc on isikuandmete vastututav t\u00f6\u00f6tleja.<br \/>\nIsikuandmeid kasutatakse kliendi tellimuste haldamiseks ja kauba kohaletoimetamiseks.<br \/>\nOstuajaloo andmeid (ostu kuup\u00e4ev, kaup, kogus, kliendi andmed) kasutatakse ostetud kaupade ja teenuste \u00fclevaate koostamiseks ning kliendieelistuste anal\u00fc\u00fcsimiseks.<br \/>\nPangakonto numbrit kasutatakse kliendile maksete tagastamiseks.<br \/>\nIsikuandmeid nagu e-post, telefoni nr, kliendi nimi, t\u00f6\u00f6deldakse selleks, et lahendada kaupade ja teenuste osutamise seonduvaid k\u00fcsimusi (klienditugi).<br \/>\nVeebipoe kasutaja IP-aadressi v\u00f5i teisi v\u00f5rguidentifikaatoreid t\u00f6\u00f6deldakse veebipoe kui info\u00fchiskonna teenuse osutamiseks ning veebikasutusstatistika tegemiseks.<\/p>\n<h3>\u00d5IGUSLIK ALUS<\/h3>\n<p>Isikuandmete t\u00f6\u00f6tlemine toimub kliendiga s\u00f5lmitud lepingu t\u00e4itmise eesm\u00e4rgil.<br \/>\nIsikuandmete t\u00f6\u00f6tlemine toimub juriidilise kohustuse t\u00e4itmiseks (nt raamatupidamine ja tarbijavaidluste lahendamine).<br \/>\nVastuv\u00f5tjad, kellele isikuandmeid edastatakse<br \/>\nIsikuandmed edastatakse veebipoe klienditoele ostude ja ostuajaloo haldamiseks ja kliendiprobleemide lahendamiseks.<br \/>\nNimi, telefoninumber ja e-posti aadress edastatakse kliendi poolt valitud transporditeenuse pakkujale. Kui tegemist on kulleriga kohale toimetatava kaubaga, siis edastatakse lisaks kontaktandmetele ka kliendi aadress.<br \/>\nIsikuandmeid v\u00f5idakse edastada infotehnoloogia teenuste pakkujatele, kui see on vajalik veebipoe funktsionaalsuse v\u00f5i andmemajutuse tagamiseks.<\/p>\n<h3>TURVALISUS JA ANDMETELE LIGIP\u00c4\u00c4S<\/h3>\n<p>Isikuandmeid hoitakse Semiway O\u00dc serverites, mis asuvad Euroopa Liidu liikmesriigi v\u00f5i Euroopa Liidu majanduspiirkonnaga liitunud riikide territooriumil. Andmeid v\u00f5idakse edastada riikidesse, mille andmekaitse taset on Euroopa Komisjon hinnanud piisavaks ning USA ettev\u00f5tetele, kes on liitund andmekaitse kilbi (Privacy Shield) raamistikuga.<br \/>\nJuurdep\u00e4\u00e4s isikuandmetele on veebipoe t\u00f6\u00f6tajatel, kes saavad isikuandmetega tutvuda selleks, et lahendada veebipoe kasutamisega seonduvaid tehnilisi k\u00fcsimusi ning osutada klienditoe teenust.<br \/>\nVeebipood rakendab asjakohaseid f\u00fc\u00fcsilisi, organisatsioonilisi ja infotehnilisi turvameetmeid, et kaitsta isikuandmeid juhusliku v\u00f5i ebaseadusliku h\u00e4vitamise, kaotsimineku, muutmise v\u00f5i loata juurdep\u00e4\u00e4su ja avalikustamise eest.<br \/>\nIsikuandmete edastamine veebipoe volitatud t\u00f6\u00f6tlejatele (nt transporditeenuse pakkuja ja andmemajutus) toimub veebipoe ja volitatud t\u00f6\u00f6tlejatega s\u00f5lmitud lepingute alusel. Volitatud t\u00f6\u00f6tlejaid on kohustatud tagama isikuandmete t\u00f6\u00f6tlemisel asjakohased kaitsemeetmed.<\/p>\n<h3>ISIKUANDMETEGA TUTVUMINE JA PARANDAMINE<\/h3>\n<p>Isikuandmetega saab tutvuda ja teha parandusi veebipoe kasutajaprofiilis. Kui ost on sooritatud ilma kasutajakontota, siis saab tutvuda isikuandmetega klinditoe vahendusel.<\/p>\n<h3>N\u00d5USOLEKU TAGASIV\u00d5TMINE<\/h3>\n<p>Kui isikundmete t\u00f6\u00f6tlemine toimub kliendi n\u00f5usoleku alusel, siis on kliendil \u00f5igus n\u00f5usolek tagasi v\u00f5tta teavitades sellest kliendituge e-posti teel.<\/p>\n<h3>S\u00c4ILITAMINE<\/h3>\n<p>Veebipoe kliendikonto sulgemisel kustutatakse isikuandmed, va juhul kui selliseid andmeid on vaja s\u00e4ilitada raamatupidamise jaoks v\u00f5i tarbijavaidluste lahendamiseks.<br \/>\nKui veebipoes on ost sooritatud ilma kliendikontota, siis s\u00e4ilitatakse ostuajalugu kolm aastat.<br \/>\nMaksetega ja tarbijavaidlustega seotud vaidluste korral s\u00e4ilitatakse isikuandmed kuni n\u00f5ude t\u00e4itmiseni v\u00f5i aegumist\u00e4htaja l\u00f5puni.<br \/>\nRaamatupidamise jaoks vajalikud isikuandmed s\u00e4ilitatakse seitse aastat.<\/p>\n<h3>KUSTUTAMINE<\/h3>\n<p>Isikuandmete kustutamiseks tuleb v\u00f5tta \u00fchendust klienditoega e-posti teel. Kustutamistaotlusele vastatakse mitte hiljem kui kuu aja jooksul ning t\u00e4psustakse andmete kustutamise perioodi.<\/p>\n<h3>\u00dcLEKANDMINE<\/h3>\n<p>E-posti teel esitatud isikuandmete \u00fclekandmise taotlusele vastatakse hiljemalt kuu aja jooksul. Klienditugi tuvastab isikusamasuse ja teavitab isikuandmetest, mis kuuluvad \u00fclekandmisele.<\/p>\n<h3>VAIDLUSTE LAHENDAMINE<\/h3>\n<p>Isikuandmete t\u00f6\u00f6tlemisega seotud vaidluste lahendamine toimub klienditoe vahendusel e-posti teel <a href=\"mailto:info@beautyinstitute.ee\">info@beautyinstitute.ee<\/a>. J\u00e4relevalveasutus on Eesti Andmekaitse Inspektsioon (<a href=\"mailto:info@aki.ee\">info@aki.ee<\/a>).[\/vc_column_text][\/vc_column][\/vc_row]<\/p>\n","protected":false},"excerpt":{"rendered":"<p>[vc_row][vc_column][vc_column_text] PRIVAATSUSPOLIITIKA [\/vc_column_text][vc_separator color=&#8221;custom&#8221; border_width=&#8221;2&#8243; el_width=&#8221;10&#8243; gap=&#8221;short&#8221; accent_color=&#8221;#8800aa&#8221;][\/vc_column][\/vc_row][vc_row][vc_column][vc_column_text]Eurowest CNC O\u00dc on vo\u0303tnud endale kohustuse kaitsta klientide privaatsust. Firma tegevus internetis on koosko\u0303las ko\u0303igi asjakohaste tegevuste ja vastavate Euroopa Liidu o\u0303igusaktide ja Eesti Vabariigi seadustega. ISIKUANDMETE T\u00d6\u00d6TLEMINE Veebipoe Beauty Institute isikuandmete vastutav t\u00f6\u00f6tleja on Eurowest CNC O\u00dc (registrikood 11773685) asukohaga Tartu maakond, Tartu linn, Tartu linn, [&hellip;]<\/p>\n","protected":false},"author":2,"featured_media":0,"parent":0,"menu_order":0,"comment_status":"closed","ping_status":"closed","template":"","meta":{"_acf_changed":false,"footnotes":""},"class_list":["post-10347","page","type-page","status-publish","hentry"],"acf":[],"yoast_head":"<!-- This site is optimized with the Yoast SEO plugin v25.4 - https:\/\/yoast.com\/wordpress\/plugins\/seo\/ -->\n<title>Privaatsuspoliitika - Beauty Institute<\/title>\n<meta name=\"robots\" content=\"index, follow, max-snippet:-1, max-image-preview:large, max-video-preview:-1\" \/>\n<link rel=\"canonical\" href=\"https:\/\/beautyinstitute.ee\/ru\/privaatsuspoliitika\/\" \/>\n<meta property=\"og:locale\" content=\"ru_RU\" \/>\n<meta property=\"og:type\" content=\"article\" \/>\n<meta property=\"og:title\" content=\"Privaatsuspoliitika - Beauty Institute\" \/>\n<meta property=\"og:description\" content=\"[vc_row][vc_column][vc_column_text] PRIVAATSUSPOLIITIKA [\/vc_column_text][vc_separator color=&#8221;custom&#8221; border_width=&#8221;2&#8243; el_width=&#8221;10&#8243; gap=&#8221;short&#8221; accent_color=&#8221;#8800aa&#8221;][\/vc_column][\/vc_row][vc_row][vc_column][vc_column_text]Eurowest CNC O\u00dc on vo\u0303tnud endale kohustuse kaitsta klientide privaatsust. Firma tegevus internetis on koosko\u0303las ko\u0303igi asjakohaste tegevuste ja vastavate Euroopa Liidu o\u0303igusaktide ja Eesti Vabariigi seadustega. ISIKUANDMETE T\u00d6\u00d6TLEMINE Veebipoe Beauty Institute isikuandmete vastutav t\u00f6\u00f6tleja on Eurowest CNC O\u00dc (registrikood 11773685) asukohaga Tartu maakond, Tartu linn, Tartu linn, [&hellip;]\" \/>\n<meta property=\"og:url\" content=\"https:\/\/beautyinstitute.ee\/ru\/privaatsuspoliitika\/\" \/>\n<meta property=\"og:site_name\" content=\"Beauty Institute\" \/>\n<meta property=\"article:modified_time\" content=\"2020-10-05T11:23:58+00:00\" \/>\n<meta name=\"twitter:card\" content=\"summary_large_image\" \/>\n<meta name=\"twitter:site\" content=\"@Beauty_Eesti\" \/>\n<meta name=\"twitter:label1\" content=\"\u041f\u0440\u0438\u043c\u0435\u0440\u043d\u043e\u0435 \u0432\u0440\u0435\u043c\u044f \u0434\u043b\u044f \u0447\u0442\u0435\u043d\u0438\u044f\" \/>\n\t<meta name=\"twitter:data1\" content=\"3 \u043c\u0438\u043d\u0443\u0442\u044b\" \/>\n<script type=\"application\/ld+json\" class=\"yoast-schema-graph\">{\"@context\":\"https:\/\/schema.org\",\"@graph\":[{\"@type\":\"WebPage\",\"@id\":\"https:\/\/beautyinstitute.ee\/ru\/privaatsuspoliitika\/\",\"url\":\"https:\/\/beautyinstitute.ee\/ru\/privaatsuspoliitika\/\",\"name\":\"Privaatsuspoliitika - Beauty Institute\",\"isPartOf\":{\"@id\":\"https:\/\/beautyinstitute.ee\/#website\"},\"datePublished\":\"2018-09-04T16:37:46+00:00\",\"dateModified\":\"2020-10-05T11:23:58+00:00\",\"breadcrumb\":{\"@id\":\"https:\/\/beautyinstitute.ee\/ru\/privaatsuspoliitika\/#breadcrumb\"},\"inLanguage\":\"ru-RU\",\"potentialAction\":[{\"@type\":\"ReadAction\",\"target\":[\"https:\/\/beautyinstitute.ee\/ru\/privaatsuspoliitika\/\"]}]},{\"@type\":\"BreadcrumbList\",\"@id\":\"https:\/\/beautyinstitute.ee\/ru\/privaatsuspoliitika\/#breadcrumb\",\"itemListElement\":[{\"@type\":\"ListItem\",\"position\":1,\"name\":\"Home\",\"item\":\"https:\/\/beautyinstitute.ee\/ru\/\"},{\"@type\":\"ListItem\",\"position\":2,\"name\":\"Privaatsuspoliitika\"}]},{\"@type\":\"WebSite\",\"@id\":\"https:\/\/beautyinstitute.ee\/#website\",\"url\":\"https:\/\/beautyinstitute.ee\/\",\"name\":\"Beauty Institute\",\"description\":\"CNC Cosmetic ametlik maaletooja ja edasim\u00fc\u00fcja Eestis, Soomes, L\u00e4tis. Aparaadikosmeetika, koolitused, kosmeetikatooted.\",\"potentialAction\":[{\"@type\":\"SearchAction\",\"target\":{\"@type\":\"EntryPoint\",\"urlTemplate\":\"https:\/\/beautyinstitute.ee\/?s={search_term_string}\"},\"query-input\":{\"@type\":\"PropertyValueSpecification\",\"valueRequired\":true,\"valueName\":\"search_term_string\"}}],\"inLanguage\":\"ru-RU\"}]}<\/script>\n<!-- \/ Yoast SEO plugin. -->","yoast_head_json":{"title":"Privaatsuspoliitika - Beauty Institute","robots":{"index":"index","follow":"follow","max-snippet":"max-snippet:-1","max-image-preview":"max-image-preview:large","max-video-preview":"max-video-preview:-1"},"canonical":"https:\/\/beautyinstitute.ee\/ru\/privaatsuspoliitika\/","og_locale":"ru_RU","og_type":"article","og_title":"Privaatsuspoliitika - Beauty Institute","og_description":"[vc_row][vc_column][vc_column_text] PRIVAATSUSPOLIITIKA [\/vc_column_text][vc_separator color=&#8221;custom&#8221; border_width=&#8221;2&#8243; el_width=&#8221;10&#8243; gap=&#8221;short&#8221; accent_color=&#8221;#8800aa&#8221;][\/vc_column][\/vc_row][vc_row][vc_column][vc_column_text]Eurowest CNC O\u00dc on vo\u0303tnud endale kohustuse kaitsta klientide privaatsust. Firma tegevus internetis on koosko\u0303las ko\u0303igi asjakohaste tegevuste ja vastavate Euroopa Liidu o\u0303igusaktide ja Eesti Vabariigi seadustega. ISIKUANDMETE T\u00d6\u00d6TLEMINE Veebipoe Beauty Institute isikuandmete vastutav t\u00f6\u00f6tleja on Eurowest CNC O\u00dc (registrikood 11773685) asukohaga Tartu maakond, Tartu linn, Tartu linn, [&hellip;]","og_url":"https:\/\/beautyinstitute.ee\/ru\/privaatsuspoliitika\/","og_site_name":"Beauty Institute","article_modified_time":"2020-10-05T11:23:58+00:00","twitter_card":"summary_large_image","twitter_site":"@Beauty_Eesti","twitter_misc":{"\u041f\u0440\u0438\u043c\u0435\u0440\u043d\u043e\u0435 \u0432\u0440\u0435\u043c\u044f \u0434\u043b\u044f \u0447\u0442\u0435\u043d\u0438\u044f":"3 \u043c\u0438\u043d\u0443\u0442\u044b"},"schema":{"@context":"https:\/\/schema.org","@graph":[{"@type":"WebPage","@id":"https:\/\/beautyinstitute.ee\/ru\/privaatsuspoliitika\/","url":"https:\/\/beautyinstitute.ee\/ru\/privaatsuspoliitika\/","name":"Privaatsuspoliitika - Beauty Institute","isPartOf":{"@id":"https:\/\/beautyinstitute.ee\/#website"},"datePublished":"2018-09-04T16:37:46+00:00","dateModified":"2020-10-05T11:23:58+00:00","breadcrumb":{"@id":"https:\/\/beautyinstitute.ee\/ru\/privaatsuspoliitika\/#breadcrumb"},"inLanguage":"ru-RU","potentialAction":[{"@type":"ReadAction","target":["https:\/\/beautyinstitute.ee\/ru\/privaatsuspoliitika\/"]}]},{"@type":"BreadcrumbList","@id":"https:\/\/beautyinstitute.ee\/ru\/privaatsuspoliitika\/#breadcrumb","itemListElement":[{"@type":"ListItem","position":1,"name":"Home","item":"https:\/\/beautyinstitute.ee\/ru\/"},{"@type":"ListItem","position":2,"name":"Privaatsuspoliitika"}]},{"@type":"WebSite","@id":"https:\/\/beautyinstitute.ee\/#website","url":"https:\/\/beautyinstitute.ee\/","name":"Beauty Institute","description":"CNC Cosmetic ametlik maaletooja ja edasim\u00fc\u00fcja Eestis, Soomes, L\u00e4tis. Aparaadikosmeetika, koolitused, kosmeetikatooted.","potentialAction":[{"@type":"SearchAction","target":{"@type":"EntryPoint","urlTemplate":"https:\/\/beautyinstitute.ee\/?s={search_term_string}"},"query-input":{"@type":"PropertyValueSpecification","valueRequired":true,"valueName":"search_term_string"}}],"inLanguage":"ru-RU"}]}},"_links":{"self":[{"href":"https:\/\/beautyinstitute.ee\/ru\/wp-json\/wp\/v2\/pages\/10347","targetHints":{"allow":["GET"]}}],"collection":[{"href":"https:\/\/beautyinstitute.ee\/ru\/wp-json\/wp\/v2\/pages"}],"about":[{"href":"https:\/\/beautyinstitute.ee\/ru\/wp-json\/wp\/v2\/types\/page"}],"author":[{"embeddable":true,"href":"https:\/\/beautyinstitute.ee\/ru\/wp-json\/wp\/v2\/users\/2"}],"replies":[{"embeddable":true,"href":"https:\/\/beautyinstitute.ee\/ru\/wp-json\/wp\/v2\/comments?post=10347"}],"version-history":[{"count":1,"href":"https:\/\/beautyinstitute.ee\/ru\/wp-json\/wp\/v2\/pages\/10347\/revisions"}],"predecessor-version":[{"id":12046,"href":"https:\/\/beautyinstitute.ee\/ru\/wp-json\/wp\/v2\/pages\/10347\/revisions\/12046"}],"wp:attachment":[{"href":"https:\/\/beautyinstitute.ee\/ru\/wp-json\/wp\/v2\/media?parent=10347"}],"curies":[{"name":"wp","href":"https:\/\/api.w.org\/{rel}","templated":true}]}}