{"id":10352,"date":"2018-08-16T12:50:23","date_gmt":"2018-08-16T12:50:23","guid":{"rendered":"https:\/\/beautyinstitute.ee\/kontakt\/"},"modified":"2020-10-05T14:23:59","modified_gmt":"2020-10-05T11:23:59","slug":"%d0%bf%d1%80%d0%be%d0%b4%d1%83%d0%ba%d1%86%d0%b8%d1%8f-cnc-cosmetic-%d0%b4%d0%bb%d1%8f-%d1%81%d0%b0%d0%bb%d0%be%d0%bd%d0%be%d0%b2","status":"publish","type":"page","link":"https:\/\/beautyinstitute.ee\/ru\/%d0%bf%d1%80%d0%be%d0%b4%d1%83%d0%ba%d1%86%d0%b8%d1%8f-cnc-cosmetic-%d0%b4%d0%bb%d1%8f-%d1%81%d0%b0%d0%bb%d0%be%d0%bd%d0%be%d0%b2\/","title":{"rendered":"RUS-Kontakt"},"content":{"rendered":"<p>[vc_row][vc_column][vc_column_text]<\/p>\n<h1 style=\"text-align: center; font-weight: 600;\">\u041a\u041e\u041d\u0422\u0410\u041a\u0422<\/h1>\n<p>[\/vc_column_text][vc_separator color=&#8221;custom&#8221; border_width=&#8221;2&#8243; el_width=&#8221;10&#8243; gap=&#8221;short&#8221; accent_color=&#8221;#8800aa&#8221;][\/vc_column][\/vc_row][vc_row css=&#8221;.vc_custom_1535370227639{padding-top: 20px !important;padding-bottom: 20px !important;}&#8221;][vc_column][vc_column_text]<\/p>\n<h2>\u041d\u0430\u0448\u0438 \u043c\u0430\u0433\u0430\u0437\u0438\u043d\u044b<\/h2>\n<p>[\/vc_column_text][vc_row_inner equal_height=&#8221;yes&#8221; el_class=&#8221;equal-height-contact&#8221;][vc_column_inner width=&#8221;1\/2&#8243;][vc_raw_html]JTNDZGl2JTIwY2xhc3MlM0QlMjJ0ZXh0LWNlbnRlciUyMGJvcmRlci1ib3glMjIlM0UlMEElM0NoMyUyMGNsYXNzJTNEJTIyYm9yZGVyLWJveC1oZWFkaW5nJTIyJTNFJUQwJTlGJUQwJUEwJUQwJTk1JUQwJTk0JUQwJUExJUQwJUEyJUQwJTkwJUQwJTkyJUQwJTk4JUQwJUEyJUQwJTk1JUQwJTlCJUQwJUFDJUQwJUExJUQwJUEyJUQwJTkyJUQwJTlFJTIwJUQwJTkyJTIwJUQwJUEyJUQwJTkwJUQwJUEwJUQwJUEyJUQwJUEzJTNDJTJGaDMlM0UlMEElM0NwJTIwY2xhc3MlM0QlMjJib3JkZXItYm94LXRleHQlMjIlM0UlM0NpJTIwY2xhc3MlM0QlMjJmYSUyMGZhLXBob25lJTIwZmEtZnclMjIlM0UlM0MlMkZpJTNFJTIwJTNDYSUyMGNsYXNzJTNEJTIyb3duLWxpbmslMjIlMjBocmVmJTNEJTIydGVsJTNBJTJCMzcyNTExODMzMiUyMiUzRSUyOCUyQjM3MiUyOSUyMDUxMSUyMDgzMzIlM0MlMkZhJTNFJTNDYnIlM0UlMEElM0NpJTIwY2xhc3MlM0QlMjJmYSUyMGZhLXBob25lJTIwZmEtZnclMjIlM0UlM0MlMkZpJTNFJTIwJTNDYSUyMGNsYXNzJTNEJTIyb3duLWxpbmslMjIlMjBocmVmJTNEJTIyJUQwJUEyJUQwJUI1JUQwJUJCJUQwJUI1JUQxJTg0JUQwJUJFJUQwJUJEJTNBJTJCMzcyNTU1NDYzNjUlMjIlM0UlMjglMkIzNzIlMjklMjA1NTU0JTIwNjM2NSUzQyUyRmElM0UlM0MlMkZwJTNFJTBBJTNDaDIlMjBjbGFzcyUzRCUyMmJvcmRlci1ib3gtc3VidGl0bGUlMjIlM0VMYWklMjAyMyUzQyUyRmgyJTNFJTBBJTNDcCUzRVRhcnR1JTIwNTEwMDUlM0MlMkZwJTNFJTBBJTNDJTJGZGl2JTNFJTBB[\/vc_raw_html][\/vc_column_inner][vc_column_inner width=&#8221;1\/2&#8243;][vc_raw_html]JTNDZGl2JTIwY2xhc3MlM0QlMjJ0ZXh0LWNlbnRlciUyMGJvcmRlci1ib3glMjIlM0UlMEElM0NoMyUyMGNsYXNzJTNEJTIyYm9yZGVyLWJveC1oZWFkaW5nJTIyJTNFJUQwJTlGJUQwJUEwJUQwJTk1JUQwJTk0JUQwJUExJUQwJUEyJUQwJTkwJUQwJTkyJUQwJTk4JUQwJUEyJUQwJTk1JUQwJTlCJUQwJUFDJUQwJUExJUQwJUEyJUQwJTkyJUQwJTlFJTIwJUQwJTkyJTIwJUQwJUEyJUQwJTkwJUQwJTlCJUQwJTlCJUQwJTk4JUQwJTlEJUQwJTlEJUQwJTk1JTIwJTNDJTJGaDMlM0UlMEElM0NwJTIwY2xhc3MlM0QlMjJib3JkZXItYm94LXRleHQlMjIlM0UlM0NpJTIwY2xhc3MlM0QlMjJmYSUyMGZhLXBob25lJTIwZmEtZnclMjIlM0UlM0MlMkZpJTNFJTIwJTNDYSUyMGNsYXNzJTNEJTIyb3duLWxpbmslMjIlMjBocmVmJTNEJTIyJUQwJUEyJUQwJUI1JUQwJUJCJUQwJUI1JUQxJTg0JUQwJUJFJUQwJUJEJTNBJTJCMzcyNTEwNDMyMyUyMiUzRSUyOCUyQjM3MiUyOSUyMDUxMCUyMDQzMjMlM0MlMkZhJTNFJTNDYnIlMkYlM0UlM0NiciUyRiUzRSUzQ2ElMjBjbGFzcyUzRCUyMm93bi1saW5rJTIyJTNFJTNDJTJGYSUzRSUzQyUyRnAlM0UlMEElM0NoMiUyMGNsYXNzJTNEJTIyYm9yZGVyLWJveC1zdWJ0aXRsZSUyMiUzRVAlQzMlQjVoamElMjBwc3QlMjAyMUMlMjAlMjgxLSVEMCVCOSUyMCVEMSU4RCVEMSU4MiVEMCVCMCVEMCVCNiUyOSUzQyUyRmgyJTNFJTBBJTNDcCUzRVRhbGxpbm4lMjAxMDQxNCUzQyUyRnAlM0UlMEElM0MlMkZkaXYlM0U=[\/vc_raw_html][\/vc_column_inner][\/vc_row_inner][\/vc_column][\/vc_row][vc_row full_width=&#8221;stretch_row&#8221; css=&#8221;.vc_custom_1568207477564{padding-top: 30px !important;padding-bottom: 30px !important;background-color: #fcfcfc !important;}&#8221;][vc_column][vc_row_inner][vc_column_inner width=&#8221;2\/3&#8243;][vc_column_text]<\/p>\n<h2>\u0421\u0432\u044f\u0436\u0438\u0442\u0435\u0441\u044c \u0441 \u043d\u0430\u043c\u0438!<\/h2>\n<p>[\/vc_column_text]\n<div class=\"wpcf7 no-js\" id=\"wpcf7-f10792-o1\" lang=\"en-US\" dir=\"ltr\" data-wpcf7-id=\"10792\">\n<div class=\"screen-reader-response\"><p role=\"status\" aria-live=\"polite\" aria-atomic=\"true\"><\/p> <ul><\/ul><\/div>\n<form action=\"\/ru\/wp-json\/wp\/v2\/pages\/10352#wpcf7-f10792-o1\" method=\"post\" class=\"wpcf7-form init\" aria-label=\"Contact form\" novalidate=\"novalidate\" data-status=\"init\">\n<div style=\"display: none;\">\n<input type=\"hidden\" name=\"_wpcf7\" value=\"10792\" \/>\n<input type=\"hidden\" name=\"_wpcf7_version\" value=\"6.0.6\" \/>\n<input type=\"hidden\" name=\"_wpcf7_locale\" value=\"en_US\" \/>\n<input type=\"hidden\" name=\"_wpcf7_unit_tag\" value=\"wpcf7-f10792-o1\" \/>\n<input type=\"hidden\" name=\"_wpcf7_container_post\" value=\"0\" \/>\n<input type=\"hidden\" name=\"_wpcf7_posted_data_hash\" value=\"\" \/>\n<\/div>\n<div class=\"row\">\n\t<div class=\"col-lg-6\">\n\t\t<div class=\"form-group\">\n\t\t\t<p><span class=\"wpcf7-form-control-wrap\" data-name=\"nimi\"><input size=\"40\" maxlength=\"400\" class=\"wpcf7-form-control wpcf7-text wpcf7-validates-as-required form-control\" aria-required=\"true\" aria-invalid=\"false\" placeholder=\"\u0418\u043c\u044f *\" value=\"\" type=\"text\" name=\"nimi\" \/><\/span>\n\t\t\t<\/p>\n\t\t<\/div>\n\t<\/div>\n\t<div class=\"col-lg-6\">\n\t<\/div>\n\t<div class=\"col-lg-6\">\n\t\t<div class=\"form-group\">\n\t\t\t<p><span class=\"wpcf7-form-control-wrap\" data-name=\"epost\"><input size=\"40\" maxlength=\"400\" class=\"wpcf7-form-control wpcf7-email wpcf7-validates-as-required wpcf7-text wpcf7-validates-as-email form-control\" id=\"contact-email\" aria-required=\"true\" aria-invalid=\"false\" placeholder=\"\u0410\u0434\u0440\u0435\u0441 \u044d\u043b\u0435\u043a\u0442\u0440\u043e\u043d\u043d\u043e\u0439 \u043f\u043e\u0447\u0442\u044b *\" value=\"\" type=\"email\" name=\"epost\" \/><\/span>\n\t\t\t<\/p>\n\t\t<\/div>\n\t<\/div>\n\t<div class=\"col-lg-6\">\n\t\t<div class=\"form-group\">\n\t\t\t<p><span class=\"wpcf7-form-control-wrap\" data-name=\"tel-16\"><input size=\"40\" maxlength=\"400\" class=\"wpcf7-form-control wpcf7-tel wpcf7-validates-as-required wpcf7-text wpcf7-validates-as-tel form-control\" id=\"contact-tel\" aria-required=\"true\" aria-invalid=\"false\" placeholder=\"\u0422\u0435\u043b\u0435\u0444\u043e\u043d *\" value=\"\" type=\"tel\" name=\"tel-16\" \/><\/span>\n\t\t\t<\/p>\n\t\t<\/div>\n\t<\/div>\n\t<div class=\"col-lg-12\">\n\t\t<div class=\"form-group\">\n\t\t\t<p><span class=\"wpcf7-form-control-wrap\" data-name=\"sisu\"><textarea cols=\"6\" rows=\"6\" maxlength=\"2000\" class=\"wpcf7-form-control wpcf7-textarea form-control\" id=\"contact-message\" aria-invalid=\"false\" placeholder=\"\u0421\u043e\u0434\u0435\u0440\u0436\u0430\u043d\u0438\u0435 \u0441\u043e\u043e\u0431\u0449\u0435\u043d\u0438\u044f\" name=\"sisu\"><\/textarea><\/span>\n\t\t\t<\/p>\n\t\t<\/div>\n\t<\/div>\n\t<div class=\"col-lg-12\">\n\t\t<div class=\"form-group\">\n\t\t\t<p><input class=\"wpcf7-form-control wpcf7-submit has-spinner btn btn-primary btn-lg\" type=\"submit\" value=\"\u041e\u0442\u043f\u0440\u0430\u0432\u0438\u0442\u044c \u043f\u0438\u0441\u044c\u043c\u043e\" \/>\n\t\t\t<\/p>\n\t\t<\/div>\n\t<\/div>\n<\/div><div class=\"wpcf7-response-output\" aria-hidden=\"true\"><\/div>\n<\/form>\n<\/div>\n[\/vc_column_inner][vc_column_inner width=&#8221;1\/3&#8243;][vc_column_text css=&#8221;.vc_custom_1595238638075{margin-top: 10px !important;}&#8221;]<strong><span class=\"info-heading\">Sandra Koger<\/span><\/strong><br \/>\n<span class=\"info-heading gray\">M\u0435\u043d\u0435\u0434\u0436\u0435\u0440 \u043f\u043e \u043f\u0440\u043e\u0434\u0430\u0436\u0430\u043c:<\/span><br \/>\n<i class=\"fa fa-phone fa-fw\"><\/i> <a class=\"own-link\" href=\"tel:+3725118332\">(+372) 511 8332<\/a><br \/>\n<i class=\"fa fa-envelope fa-fw\"><\/i> <a class=\"own-link\" href=\"mailto:info@beautyinstitute.ee\">info@beautyinstitute.ee<\/a><\/p>\n<p><span class=\"\">\u0418\u043c\u043f\u043e\u0440\u0442\u0435\u0440:<\/span><br \/>\n<strong>Eurowest CNC O\u00dc<\/strong><br \/>\n\u0420\u0435\u0433\u0438\u0441\u0442\u0440\u0430\u0446\u0438\u043e\u043d\u043d\u044b\u0439 \u043a\u043e\u0434: 11773685<br \/>\n\u041a\u043e\u0434 \u041d\u0421\u041e:EE101333391<\/p>\n<p><span class=\"\">\u0422\u043e\u0440\u0433\u043e\u0432\u044b\u0439 \u043f\u043e\u0441\u0440\u0435\u0434\u043d\u0438\u043a:<\/span><br \/>\n<strong>EW Skincare Institute O\u00dc<\/strong><br \/>\n\u0420\u0435\u0433\u0438\u0441\u0442\u0440\u0430\u0446\u0438\u043e\u043d\u043d\u044b\u0439 \u043a\u043e\u0434: 14495519<br \/>\n\u041a\u043e\u0434 \u041d\u0421\u041e: EE102074439[\/vc_column_text][\/vc_column_inner][\/vc_row_inner][\/vc_column][\/vc_row]<\/p>\n","protected":false},"excerpt":{"rendered":"<p>[vc_row][vc_column][vc_column_text] \u041a\u041e\u041d\u0422\u0410\u041a\u0422 [\/vc_column_text][vc_separator color=&#8221;custom&#8221; border_width=&#8221;2&#8243; el_width=&#8221;10&#8243; gap=&#8221;short&#8221; accent_color=&#8221;#8800aa&#8221;][\/vc_column][\/vc_row][vc_row css=&#8221;.vc_custom_1535370227639{padding-top: 20px !important;padding-bottom: 20px !important;}&#8221;][vc_column][vc_column_text] \u041d\u0430\u0448\u0438 \u043c\u0430\u0433\u0430\u0437\u0438\u043d\u044b [\/vc_column_text][vc_row_inner equal_height=&#8221;yes&#8221; el_class=&#8221;equal-height-contact&#8221;][vc_column_inner width=&#8221;1\/2&#8243;][vc_raw_html]JTNDZGl2JTIwY2xhc3MlM0QlMjJ0ZXh0LWNlbnRlciUyMGJvcmRlci1ib3glMjIlM0UlMEElM0NoMyUyMGNsYXNzJTNEJTIyYm9yZGVyLWJveC1oZWFkaW5nJTIyJTNFJUQwJTlGJUQwJUEwJUQwJTk1JUQwJTk0JUQwJUExJUQwJUEyJUQwJTkwJUQwJTkyJUQwJTk4JUQwJUEyJUQwJTk1JUQwJTlCJUQwJUFDJUQwJUExJUQwJUEyJUQwJTkyJUQwJTlFJTIwJUQwJTkyJTIwJUQwJUEyJUQwJTkwJUQwJUEwJUQwJUEyJUQwJUEzJTNDJTJGaDMlM0UlMEElM0NwJTIwY2xhc3MlM0QlMjJib3JkZXItYm94LXRleHQlMjIlM0UlM0NpJTIwY2xhc3MlM0QlMjJmYSUyMGZhLXBob25lJTIwZmEtZnclMjIlM0UlM0MlMkZpJTNFJTIwJTNDYSUyMGNsYXNzJTNEJTIyb3duLWxpbmslMjIlMjBocmVmJTNEJTIydGVsJTNBJTJCMzcyNTExODMzMiUyMiUzRSUyOCUyQjM3MiUyOSUyMDUxMSUyMDgzMzIlM0MlMkZhJTNFJTNDYnIlM0UlMEElM0NpJTIwY2xhc3MlM0QlMjJmYSUyMGZhLXBob25lJTIwZmEtZnclMjIlM0UlM0MlMkZpJTNFJTIwJTNDYSUyMGNsYXNzJTNEJTIyb3duLWxpbmslMjIlMjBocmVmJTNEJTIyJUQwJUEyJUQwJUI1JUQwJUJCJUQwJUI1JUQxJTg0JUQwJUJFJUQwJUJEJTNBJTJCMzcyNTU1NDYzNjUlMjIlM0UlMjglMkIzNzIlMjklMjA1NTU0JTIwNjM2NSUzQyUyRmElM0UlM0MlMkZwJTNFJTBBJTNDaDIlMjBjbGFzcyUzRCUyMmJvcmRlci1ib3gtc3VidGl0bGUlMjIlM0VMYWklMjAyMyUzQyUyRmgyJTNFJTBBJTNDcCUzRVRhcnR1JTIwNTEwMDUlM0MlMkZwJTNFJTBBJTNDJTJGZGl2JTNFJTBB[\/vc_raw_html][\/vc_column_inner][vc_column_inner width=&#8221;1\/2&#8243;][vc_raw_html]JTNDZGl2JTIwY2xhc3MlM0QlMjJ0ZXh0LWNlbnRlciUyMGJvcmRlci1ib3glMjIlM0UlMEElM0NoMyUyMGNsYXNzJTNEJTIyYm9yZGVyLWJveC1oZWFkaW5nJTIyJTNFJUQwJTlGJUQwJUEwJUQwJTk1JUQwJTk0JUQwJUExJUQwJUEyJUQwJTkwJUQwJTkyJUQwJTk4JUQwJUEyJUQwJTk1JUQwJTlCJUQwJUFDJUQwJUExJUQwJUEyJUQwJTkyJUQwJTlFJTIwJUQwJTkyJTIwJUQwJUEyJUQwJTkwJUQwJTlCJUQwJTlCJUQwJTk4JUQwJTlEJUQwJTlEJUQwJTk1JTIwJTNDJTJGaDMlM0UlMEElM0NwJTIwY2xhc3MlM0QlMjJib3JkZXItYm94LXRleHQlMjIlM0UlM0NpJTIwY2xhc3MlM0QlMjJmYSUyMGZhLXBob25lJTIwZmEtZnclMjIlM0UlM0MlMkZpJTNFJTIwJTNDYSUyMGNsYXNzJTNEJTIyb3duLWxpbmslMjIlMjBocmVmJTNEJTIyJUQwJUEyJUQwJUI1JUQwJUJCJUQwJUI1JUQxJTg0JUQwJUJFJUQwJUJEJTNBJTJCMzcyNTEwNDMyMyUyMiUzRSUyOCUyQjM3MiUyOSUyMDUxMCUyMDQzMjMlM0MlMkZhJTNFJTNDYnIlMkYlM0UlM0NiciUyRiUzRSUzQ2ElMjBjbGFzcyUzRCUyMm93bi1saW5rJTIyJTNFJTNDJTJGYSUzRSUzQyUyRnAlM0UlMEElM0NoMiUyMGNsYXNzJTNEJTIyYm9yZGVyLWJveC1zdWJ0aXRsZSUyMiUzRVAlQzMlQjVoamElMjBwc3QlMjAyMUMlMjAlMjgxLSVEMCVCOSUyMCVEMSU4RCVEMSU4MiVEMCVCMCVEMCVCNiUyOSUzQyUyRmgyJTNFJTBBJTNDcCUzRVRhbGxpbm4lMjAxMDQxNCUzQyUyRnAlM0UlMEElM0MlMkZkaXYlM0U=[\/vc_raw_html][\/vc_column_inner][\/vc_row_inner][\/vc_column][\/vc_row][vc_row full_width=&#8221;stretch_row&#8221; css=&#8221;.vc_custom_1568207477564{padding-top: 30px !important;padding-bottom: 30px !important;background-color: #fcfcfc !important;}&#8221;][vc_column][vc_row_inner][vc_column_inner width=&#8221;2\/3&#8243;][vc_column_text] \u0421\u0432\u044f\u0436\u0438\u0442\u0435\u0441\u044c \u0441 \u043d\u0430\u043c\u0438! [\/vc_column_text][\/vc_column_inner][vc_column_inner width=&#8221;1\/3&#8243;][vc_column_text css=&#8221;.vc_custom_1595238638075{margin-top: 10px !important;}&#8221;]Sandra Koger M\u0435\u043d\u0435\u0434\u0436\u0435\u0440 \u043f\u043e \u043f\u0440\u043e\u0434\u0430\u0436\u0430\u043c: (+372) 511 8332 info@beautyinstitute.ee \u0418\u043c\u043f\u043e\u0440\u0442\u0435\u0440: Eurowest CNC O\u00dc \u0420\u0435\u0433\u0438\u0441\u0442\u0440\u0430\u0446\u0438\u043e\u043d\u043d\u044b\u0439 \u043a\u043e\u0434: 11773685 \u041a\u043e\u0434 \u041d\u0421\u041e:EE101333391 \u0422\u043e\u0440\u0433\u043e\u0432\u044b\u0439 [&hellip;]<\/p>\n","protected":false},"author":2,"featured_media":0,"parent":0,"menu_order":0,"comment_status":"closed","ping_status":"closed","template":"","meta":{"_acf_changed":false,"footnotes":""},"class_list":["post-10352","page","type-page","status-publish","hentry"],"acf":[],"yoast_head":"<!-- This site is optimized with the Yoast SEO plugin v25.4 - https:\/\/yoast.com\/wordpress\/plugins\/seo\/ -->\n<title>\u041f\u0440\u043e\u0434\u0443\u043a\u0446\u0438\u044f CNC Cosmetic \u0434\u043b\u044f \u0441\u0430\u043b\u043e\u043d\u043e\u0432 \u043a\u0440\u0430\u0441\u043e\u0442\u044b \u2014 Beauty Institute<\/title>\n<meta name=\"description\" content=\"\u041f\u0440\u043e\u0434\u0443\u043a\u0446\u0438\u044f CNC Cosmetic \u0434\u043b\u044f \u0441\u0430\u043b\u043e\u043d\u043e\u0432 \u043a\u0440\u0430\u0441\u043e\u0442\u044b \u2014 Beauty Institute. \u0425\u043e\u0442\u0438\u0442\u0435 \u043f\u0440\u0435\u0434\u043b\u043e\u0436\u0438\u0442\u044c \u0441\u0432\u043e\u0438\u043c \u043a\u043b\u0438\u0435\u043d\u0442\u0430\u043c \u043a\u0430\u0447\u0435\u0441\u0442\u0432\u0435\u043d\u043d\u044b\u0435 \u043a\u043e\u0441\u043c\u0435\u0442\u0438\u0447\u0435\u0441\u043a\u0438\u0435 \u043f\u0440\u043e\u0446\u0435\u0434\u0443\u0440\u044b? \u0421\u0432\u044f\u0436\u0438\u0442\u0435\u0441\u044c \u0441 \u043d\u0430\u043c\u0438!\" \/>\n<meta name=\"robots\" content=\"index, follow, max-snippet:-1, max-image-preview:large, max-video-preview:-1\" \/>\n<link rel=\"canonical\" href=\"https:\/\/beautyinstitute.ee\/ru\/\u043f\u0440\u043e\u0434\u0443\u043a\u0446\u0438\u044f-cnc-cosmetic-\u0434\u043b\u044f-\u0441\u0430\u043b\u043e\u043d\u043e\u0432\/\" \/>\n<meta property=\"og:locale\" content=\"ru_RU\" \/>\n<meta property=\"og:type\" content=\"article\" \/>\n<meta property=\"og:title\" content=\"\u041f\u0440\u043e\u0434\u0443\u043a\u0446\u0438\u044f CNC Cosmetic \u0434\u043b\u044f \u0441\u0430\u043b\u043e\u043d\u043e\u0432 \u043a\u0440\u0430\u0441\u043e\u0442\u044b \u2014 Beauty Institute\" \/>\n<meta property=\"og:description\" content=\"\u041f\u0440\u043e\u0434\u0443\u043a\u0446\u0438\u044f CNC Cosmetic \u0434\u043b\u044f \u0441\u0430\u043b\u043e\u043d\u043e\u0432 \u043a\u0440\u0430\u0441\u043e\u0442\u044b \u2014 Beauty Institute. \u0425\u043e\u0442\u0438\u0442\u0435 \u043f\u0440\u0435\u0434\u043b\u043e\u0436\u0438\u0442\u044c \u0441\u0432\u043e\u0438\u043c \u043a\u043b\u0438\u0435\u043d\u0442\u0430\u043c \u043a\u0430\u0447\u0435\u0441\u0442\u0432\u0435\u043d\u043d\u044b\u0435 \u043a\u043e\u0441\u043c\u0435\u0442\u0438\u0447\u0435\u0441\u043a\u0438\u0435 \u043f\u0440\u043e\u0446\u0435\u0434\u0443\u0440\u044b? \u0421\u0432\u044f\u0436\u0438\u0442\u0435\u0441\u044c \u0441 \u043d\u0430\u043c\u0438!\" \/>\n<meta property=\"og:url\" content=\"https:\/\/beautyinstitute.ee\/ru\/\u043f\u0440\u043e\u0434\u0443\u043a\u0446\u0438\u044f-cnc-cosmetic-\u0434\u043b\u044f-\u0441\u0430\u043b\u043e\u043d\u043e\u0432\/\" \/>\n<meta property=\"og:site_name\" content=\"Beauty Institute\" \/>\n<meta property=\"article:modified_time\" content=\"2020-10-05T11:23:59+00:00\" \/>\n<meta name=\"twitter:card\" content=\"summary_large_image\" \/>\n<meta name=\"twitter:site\" content=\"@Beauty_Eesti\" \/>\n<meta name=\"twitter:label1\" content=\"\u041f\u0440\u0438\u043c\u0435\u0440\u043d\u043e\u0435 \u0432\u0440\u0435\u043c\u044f \u0434\u043b\u044f \u0447\u0442\u0435\u043d\u0438\u044f\" \/>\n\t<meta name=\"twitter:data1\" content=\"1 \u043c\u0438\u043d\u0443\u0442\u0430\" \/>\n<script type=\"application\/ld+json\" class=\"yoast-schema-graph\">{\"@context\":\"https:\/\/schema.org\",\"@graph\":[{\"@type\":\"WebPage\",\"@id\":\"https:\/\/beautyinstitute.ee\/ru\/%d0%bf%d1%80%d0%be%d0%b4%d1%83%d0%ba%d1%86%d0%b8%d1%8f-cnc-cosmetic-%d0%b4%d0%bb%d1%8f-%d1%81%d0%b0%d0%bb%d0%be%d0%bd%d0%be%d0%b2\/\",\"url\":\"https:\/\/beautyinstitute.ee\/ru\/%d0%bf%d1%80%d0%be%d0%b4%d1%83%d0%ba%d1%86%d0%b8%d1%8f-cnc-cosmetic-%d0%b4%d0%bb%d1%8f-%d1%81%d0%b0%d0%bb%d0%be%d0%bd%d0%be%d0%b2\/\",\"name\":\"\u041f\u0440\u043e\u0434\u0443\u043a\u0446\u0438\u044f CNC Cosmetic \u0434\u043b\u044f \u0441\u0430\u043b\u043e\u043d\u043e\u0432 \u043a\u0440\u0430\u0441\u043e\u0442\u044b \u2014 Beauty Institute\",\"isPartOf\":{\"@id\":\"https:\/\/beautyinstitute.ee\/#website\"},\"datePublished\":\"2018-08-16T12:50:23+00:00\",\"dateModified\":\"2020-10-05T11:23:59+00:00\",\"description\":\"\u041f\u0440\u043e\u0434\u0443\u043a\u0446\u0438\u044f CNC Cosmetic \u0434\u043b\u044f \u0441\u0430\u043b\u043e\u043d\u043e\u0432 \u043a\u0440\u0430\u0441\u043e\u0442\u044b \u2014 Beauty Institute. \u0425\u043e\u0442\u0438\u0442\u0435 \u043f\u0440\u0435\u0434\u043b\u043e\u0436\u0438\u0442\u044c \u0441\u0432\u043e\u0438\u043c \u043a\u043b\u0438\u0435\u043d\u0442\u0430\u043c \u043a\u0430\u0447\u0435\u0441\u0442\u0432\u0435\u043d\u043d\u044b\u0435 \u043a\u043e\u0441\u043c\u0435\u0442\u0438\u0447\u0435\u0441\u043a\u0438\u0435 \u043f\u0440\u043e\u0446\u0435\u0434\u0443\u0440\u044b? \u0421\u0432\u044f\u0436\u0438\u0442\u0435\u0441\u044c \u0441 \u043d\u0430\u043c\u0438!\",\"breadcrumb\":{\"@id\":\"https:\/\/beautyinstitute.ee\/ru\/%d0%bf%d1%80%d0%be%d0%b4%d1%83%d0%ba%d1%86%d0%b8%d1%8f-cnc-cosmetic-%d0%b4%d0%bb%d1%8f-%d1%81%d0%b0%d0%bb%d0%be%d0%bd%d0%be%d0%b2\/#breadcrumb\"},\"inLanguage\":\"ru-RU\",\"potentialAction\":[{\"@type\":\"ReadAction\",\"target\":[\"https:\/\/beautyinstitute.ee\/ru\/%d0%bf%d1%80%d0%be%d0%b4%d1%83%d0%ba%d1%86%d0%b8%d1%8f-cnc-cosmetic-%d0%b4%d0%bb%d1%8f-%d1%81%d0%b0%d0%bb%d0%be%d0%bd%d0%be%d0%b2\/\"]}]},{\"@type\":\"BreadcrumbList\",\"@id\":\"https:\/\/beautyinstitute.ee\/ru\/%d0%bf%d1%80%d0%be%d0%b4%d1%83%d0%ba%d1%86%d0%b8%d1%8f-cnc-cosmetic-%d0%b4%d0%bb%d1%8f-%d1%81%d0%b0%d0%bb%d0%be%d0%bd%d0%be%d0%b2\/#breadcrumb\",\"itemListElement\":[{\"@type\":\"ListItem\",\"position\":1,\"name\":\"Home\",\"item\":\"https:\/\/beautyinstitute.ee\/ru\/\"},{\"@type\":\"ListItem\",\"position\":2,\"name\":\"RUS-Kontakt\"}]},{\"@type\":\"WebSite\",\"@id\":\"https:\/\/beautyinstitute.ee\/#website\",\"url\":\"https:\/\/beautyinstitute.ee\/\",\"name\":\"Beauty Institute\",\"description\":\"CNC Cosmetic ametlik maaletooja ja edasim\u00fc\u00fcja Eestis, Soomes, L\u00e4tis. Aparaadikosmeetika, koolitused, kosmeetikatooted.\",\"potentialAction\":[{\"@type\":\"SearchAction\",\"target\":{\"@type\":\"EntryPoint\",\"urlTemplate\":\"https:\/\/beautyinstitute.ee\/?s={search_term_string}\"},\"query-input\":{\"@type\":\"PropertyValueSpecification\",\"valueRequired\":true,\"valueName\":\"search_term_string\"}}],\"inLanguage\":\"ru-RU\"}]}<\/script>\n<!-- \/ Yoast SEO plugin. -->","yoast_head_json":{"title":"\u041f\u0440\u043e\u0434\u0443\u043a\u0446\u0438\u044f CNC Cosmetic \u0434\u043b\u044f \u0441\u0430\u043b\u043e\u043d\u043e\u0432 \u043a\u0440\u0430\u0441\u043e\u0442\u044b \u2014 Beauty Institute","description":"\u041f\u0440\u043e\u0434\u0443\u043a\u0446\u0438\u044f CNC Cosmetic \u0434\u043b\u044f \u0441\u0430\u043b\u043e\u043d\u043e\u0432 \u043a\u0440\u0430\u0441\u043e\u0442\u044b \u2014 Beauty Institute. \u0425\u043e\u0442\u0438\u0442\u0435 \u043f\u0440\u0435\u0434\u043b\u043e\u0436\u0438\u0442\u044c \u0441\u0432\u043e\u0438\u043c \u043a\u043b\u0438\u0435\u043d\u0442\u0430\u043c \u043a\u0430\u0447\u0435\u0441\u0442\u0432\u0435\u043d\u043d\u044b\u0435 \u043a\u043e\u0441\u043c\u0435\u0442\u0438\u0447\u0435\u0441\u043a\u0438\u0435 \u043f\u0440\u043e\u0446\u0435\u0434\u0443\u0440\u044b? \u0421\u0432\u044f\u0436\u0438\u0442\u0435\u0441\u044c \u0441 \u043d\u0430\u043c\u0438!","robots":{"index":"index","follow":"follow","max-snippet":"max-snippet:-1","max-image-preview":"max-image-preview:large","max-video-preview":"max-video-preview:-1"},"canonical":"https:\/\/beautyinstitute.ee\/ru\/\u043f\u0440\u043e\u0434\u0443\u043a\u0446\u0438\u044f-cnc-cosmetic-\u0434\u043b\u044f-\u0441\u0430\u043b\u043e\u043d\u043e\u0432\/","og_locale":"ru_RU","og_type":"article","og_title":"\u041f\u0440\u043e\u0434\u0443\u043a\u0446\u0438\u044f CNC Cosmetic \u0434\u043b\u044f \u0441\u0430\u043b\u043e\u043d\u043e\u0432 \u043a\u0440\u0430\u0441\u043e\u0442\u044b \u2014 Beauty Institute","og_description":"\u041f\u0440\u043e\u0434\u0443\u043a\u0446\u0438\u044f CNC Cosmetic \u0434\u043b\u044f \u0441\u0430\u043b\u043e\u043d\u043e\u0432 \u043a\u0440\u0430\u0441\u043e\u0442\u044b \u2014 Beauty Institute. \u0425\u043e\u0442\u0438\u0442\u0435 \u043f\u0440\u0435\u0434\u043b\u043e\u0436\u0438\u0442\u044c \u0441\u0432\u043e\u0438\u043c \u043a\u043b\u0438\u0435\u043d\u0442\u0430\u043c \u043a\u0430\u0447\u0435\u0441\u0442\u0432\u0435\u043d\u043d\u044b\u0435 \u043a\u043e\u0441\u043c\u0435\u0442\u0438\u0447\u0435\u0441\u043a\u0438\u0435 \u043f\u0440\u043e\u0446\u0435\u0434\u0443\u0440\u044b? \u0421\u0432\u044f\u0436\u0438\u0442\u0435\u0441\u044c \u0441 \u043d\u0430\u043c\u0438!","og_url":"https:\/\/beautyinstitute.ee\/ru\/\u043f\u0440\u043e\u0434\u0443\u043a\u0446\u0438\u044f-cnc-cosmetic-\u0434\u043b\u044f-\u0441\u0430\u043b\u043e\u043d\u043e\u0432\/","og_site_name":"Beauty Institute","article_modified_time":"2020-10-05T11:23:59+00:00","twitter_card":"summary_large_image","twitter_site":"@Beauty_Eesti","twitter_misc":{"\u041f\u0440\u0438\u043c\u0435\u0440\u043d\u043e\u0435 \u0432\u0440\u0435\u043c\u044f \u0434\u043b\u044f \u0447\u0442\u0435\u043d\u0438\u044f":"1 \u043c\u0438\u043d\u0443\u0442\u0430"},"schema":{"@context":"https:\/\/schema.org","@graph":[{"@type":"WebPage","@id":"https:\/\/beautyinstitute.ee\/ru\/%d0%bf%d1%80%d0%be%d0%b4%d1%83%d0%ba%d1%86%d0%b8%d1%8f-cnc-cosmetic-%d0%b4%d0%bb%d1%8f-%d1%81%d0%b0%d0%bb%d0%be%d0%bd%d0%be%d0%b2\/","url":"https:\/\/beautyinstitute.ee\/ru\/%d0%bf%d1%80%d0%be%d0%b4%d1%83%d0%ba%d1%86%d0%b8%d1%8f-cnc-cosmetic-%d0%b4%d0%bb%d1%8f-%d1%81%d0%b0%d0%bb%d0%be%d0%bd%d0%be%d0%b2\/","name":"\u041f\u0440\u043e\u0434\u0443\u043a\u0446\u0438\u044f CNC Cosmetic \u0434\u043b\u044f \u0441\u0430\u043b\u043e\u043d\u043e\u0432 \u043a\u0440\u0430\u0441\u043e\u0442\u044b \u2014 Beauty Institute","isPartOf":{"@id":"https:\/\/beautyinstitute.ee\/#website"},"datePublished":"2018-08-16T12:50:23+00:00","dateModified":"2020-10-05T11:23:59+00:00","description":"\u041f\u0440\u043e\u0434\u0443\u043a\u0446\u0438\u044f CNC Cosmetic \u0434\u043b\u044f \u0441\u0430\u043b\u043e\u043d\u043e\u0432 \u043a\u0440\u0430\u0441\u043e\u0442\u044b \u2014 Beauty Institute. \u0425\u043e\u0442\u0438\u0442\u0435 \u043f\u0440\u0435\u0434\u043b\u043e\u0436\u0438\u0442\u044c \u0441\u0432\u043e\u0438\u043c \u043a\u043b\u0438\u0435\u043d\u0442\u0430\u043c \u043a\u0430\u0447\u0435\u0441\u0442\u0432\u0435\u043d\u043d\u044b\u0435 \u043a\u043e\u0441\u043c\u0435\u0442\u0438\u0447\u0435\u0441\u043a\u0438\u0435 \u043f\u0440\u043e\u0446\u0435\u0434\u0443\u0440\u044b? \u0421\u0432\u044f\u0436\u0438\u0442\u0435\u0441\u044c \u0441 \u043d\u0430\u043c\u0438!","breadcrumb":{"@id":"https:\/\/beautyinstitute.ee\/ru\/%d0%bf%d1%80%d0%be%d0%b4%d1%83%d0%ba%d1%86%d0%b8%d1%8f-cnc-cosmetic-%d0%b4%d0%bb%d1%8f-%d1%81%d0%b0%d0%bb%d0%be%d0%bd%d0%be%d0%b2\/#breadcrumb"},"inLanguage":"ru-RU","potentialAction":[{"@type":"ReadAction","target":["https:\/\/beautyinstitute.ee\/ru\/%d0%bf%d1%80%d0%be%d0%b4%d1%83%d0%ba%d1%86%d0%b8%d1%8f-cnc-cosmetic-%d0%b4%d0%bb%d1%8f-%d1%81%d0%b0%d0%bb%d0%be%d0%bd%d0%be%d0%b2\/"]}]},{"@type":"BreadcrumbList","@id":"https:\/\/beautyinstitute.ee\/ru\/%d0%bf%d1%80%d0%be%d0%b4%d1%83%d0%ba%d1%86%d0%b8%d1%8f-cnc-cosmetic-%d0%b4%d0%bb%d1%8f-%d1%81%d0%b0%d0%bb%d0%be%d0%bd%d0%be%d0%b2\/#breadcrumb","itemListElement":[{"@type":"ListItem","position":1,"name":"Home","item":"https:\/\/beautyinstitute.ee\/ru\/"},{"@type":"ListItem","position":2,"name":"RUS-Kontakt"}]},{"@type":"WebSite","@id":"https:\/\/beautyinstitute.ee\/#website","url":"https:\/\/beautyinstitute.ee\/","name":"Beauty Institute","description":"CNC Cosmetic ametlik maaletooja ja edasim\u00fc\u00fcja Eestis, Soomes, L\u00e4tis. Aparaadikosmeetika, koolitused, kosmeetikatooted.","potentialAction":[{"@type":"SearchAction","target":{"@type":"EntryPoint","urlTemplate":"https:\/\/beautyinstitute.ee\/?s={search_term_string}"},"query-input":{"@type":"PropertyValueSpecification","valueRequired":true,"valueName":"search_term_string"}}],"inLanguage":"ru-RU"}]}},"_links":{"self":[{"href":"https:\/\/beautyinstitute.ee\/ru\/wp-json\/wp\/v2\/pages\/10352","targetHints":{"allow":["GET"]}}],"collection":[{"href":"https:\/\/beautyinstitute.ee\/ru\/wp-json\/wp\/v2\/pages"}],"about":[{"href":"https:\/\/beautyinstitute.ee\/ru\/wp-json\/wp\/v2\/types\/page"}],"author":[{"embeddable":true,"href":"https:\/\/beautyinstitute.ee\/ru\/wp-json\/wp\/v2\/users\/2"}],"replies":[{"embeddable":true,"href":"https:\/\/beautyinstitute.ee\/ru\/wp-json\/wp\/v2\/comments?post=10352"}],"version-history":[{"count":8,"href":"https:\/\/beautyinstitute.ee\/ru\/wp-json\/wp\/v2\/pages\/10352\/revisions"}],"predecessor-version":[{"id":10992,"href":"https:\/\/beautyinstitute.ee\/ru\/wp-json\/wp\/v2\/pages\/10352\/revisions\/10992"}],"wp:attachment":[{"href":"https:\/\/beautyinstitute.ee\/ru\/wp-json\/wp\/v2\/media?parent=10352"}],"curies":[{"name":"wp","href":"https:\/\/api.w.org\/{rel}","templated":true}]}}