{"id":10883,"date":"2020-07-27T20:38:59","date_gmt":"2020-07-27T17:38:59","guid":{"rendered":"https:\/\/beautyinstitute.ee\/?page_id=10883"},"modified":"2020-10-05T14:24:21","modified_gmt":"2020-10-05T11:24:21","slug":"%d0%b8%d0%bd%d1%82%d0%b5%d1%80%d0%bd%d0%b5%d1%82-%d0%bc%d0%b0%d0%b3%d0%b0%d0%b7%d0%b8%d0%bd","status":"publish","type":"page","link":"https:\/\/beautyinstitute.ee\/ru\/%d0%b8%d0%bd%d1%82%d0%b5%d1%80%d0%bd%d0%b5%d1%82-%d0%bc%d0%b0%d0%b3%d0%b0%d0%b7%d0%b8%d0%bd\/","title":{"rendered":"e-pood"},"content":{"rendered":"<p>[vc_row css=&#8221;.vc_custom_1535370227639{padding-top: 20px !important;padding-bottom: 20px !important;}&#8221;][vc_column][vc_row_inner equal_height=&#8221;yes&#8221; el_class=&#8221;equal-height-contact&#8221;][vc_column_inner][vc_column_text css=&#8221;.vc_custom_1587370060071{margin-bottom: 30px !important;}&#8221;][\/vc_column_text][vc_raw_html]JTNDZGl2JTIwY2xhc3MlM0QlMjJ0ZXh0LWNlbnRlciUyMGJvcmRlci1ib3glMjIlM0UlMEElM0NoMiUyMGNsYXNzJTNEJTIyYm9yZGVyLWJveC1zdWJ0aXRsZSUyMiUzRSVEMCU5RCVEMCVCMCVEMSU4OCUyMCVEMSU4MCVEMSU4MyVEMSU4MSVEMSU4MSVEMCVCQSVEMCVCRSVEMSU4RiVEMCVCNyVEMSU4QiVEMSU4NyVEMCVCRCVEMSU4QiVEMCVCOSUyMCVEMCVCOCVEMCVCRCVEMSU4MiVEMCVCNSVEMSU4MCVEMCVCRCVEMCVCNSVEMSU4Mi0lRDAlQkMlRDAlQjAlRDAlQjMlRDAlQjAlRDAlQjclRDAlQjglRDAlQkQlMjAlRDAlQkQlRDAlQjAlRDElODUlRDAlQkUlRDAlQjQlRDAlQjglRDElODIlRDElODElRDElOEYlMjAlRDAlQjIlMjAlRDElODElRDElODIlRDAlQjAlRDAlQjQlRDAlQjglRDAlQjglMjAlRDElODAlRDAlQjAlRDAlQjclRDElODAlRDAlQjAlRDAlQjElRDAlQkUlRDElODIlRDAlQkElRDAlQjguJTNDJTJGaDIlM0UlMEElMEElM0NoMiUyMGNsYXNzJTNEJTIyYm9yZGVyLWJveC1oZWFkaW5nJTIyJTNFJUQwJTk0JUQwJUJFJTIwJUQxJThEJUQxJTgyJUQwJUJFJUQwJUIzJUQwJUJFJTIwJUQwJTkyJUQxJThCJTIwJUQwJUJDJUQwJUJFJUQwJUI2JUQwJUI1JUQxJTgyJUQwJUI1JTIwJUQwJUJGJUQwJUJFJUQwJUI3JUQwJUJEJUQwJUIwJUQwJUJBJUQwJUJFJUQwJUJDJUQwJUI4JUQxJTgyJUQxJThDJUQxJTgxJUQxJThGJTIwJUQxJTgxJTIwJUQwJUJEJUQwJUIwJUQxJTg4JUQwJUI4JUQwJUJDJTIwJUQwJUIxJUQwJUJFJUQwJUIzJUQwJUIwJUQxJTgyJUQxJThCJUQwJUJDJTIwJUQwJUIwJUQxJTgxJUQxJTgxJUQwJUJFJUQxJTgwJUQxJTgyJUQwJUI4JUQwJUJDJUQwJUI1JUQwJUJEJUQxJTgyJUQwJUJFJUQwJUJDJTIwJUQxJTgyJUQwJUJFJUQwJUIyJUQwJUIwJUQxJTgwJUQwJUJFJUQwJUIyJTIwJUQwJUIyJTIwJUQwJUI4JUQwJUJEJUQxJTgyJUQwJUI1JUQxJTgwJUQwJUJEJUQwJUI1JUQxJTgyLSVEMCVCQyVEMCVCMCVEMCVCMyVEMCVCMCVEMCVCNyVEMCVCOCVEMCVCRCVEMCVCNSUyMCVEMCVCRCVEMCVCMCUyMCVEMSU4RCVEMSU4MSVEMSU4MiVEMCVCRSVEMCVCRCVEMSU4MSVEMCVCQSVEMCVCRSVEMCVCQyUyMCVEMSU4RiVEMCVCNyVEMSU4QiVEMCVCQSVEMCVCNS4lM0MlMkZoMiUzRSUwQSUwQSUzQ3AlM0UlRDAlOUYlRDElODAlRDAlQjglRDAlQkQlRDAlQkUlRDElODElRDAlQjglRDAlQkMlMjAlRDAlQjglRDAlQjclRDAlQjIlRDAlQjglRDAlQkQlRDAlQjUlRDAlQkQlRDAlQjglRDElOEYlMjAlRDAlQjclRDAlQjAlMjAlRDAlQkQlRDAlQjUlRDElODMlRDAlQjQlRDAlQkUlRDAlQjElRDElODElRDElODIlRDAlQjIlRDAlQjAlMjElMjAlRDAlOTUlRDElODElRDAlQkIlRDAlQjglMjAlRDElODMlMjAlRDAlOTIlRDAlQjAlRDElODElMjAlRDAlQjUlRDElODElRDElODIlRDElOEMlMjAlRDAlQkElRDAlQjAlRDAlQkElRDAlQjglRDAlQjUtJUQwJUJCJUQwJUI4JUQwJUIxJUQwJUJFJTIwJUQwJUIyJUQwJUJFJUQwJUJGJUQxJTgwJUQwJUJFJUQxJTgxJUQxJThCJTJDJTIwJUQxJTgxJUQwJUIyJUQxJThGJUQwJUI2JUQwJUI4JUQxJTgyJUQwJUI1JUQxJTgxJUQxJThDJTIwJUQxJTgxJTIwJUQwJUJEJUQwJUIwJUQwJUJDJUQwJUI4JTIwJUQwJUJGJUQwJUJFJTIwJUQwJUIwJUQwJUI0JUQxJTgwJUQwJUI1JUQxJTgxJUQxJTgzJTIwJTNDYSUyMGNsYXNzJTNEJTIyb3duLWxpbmslMjIlMjBocmVmJTNEJTIybWFpbHRvJTNBaW5mbyU0MGJlYXV0eWluc3RpdHV0ZS5lZSUyMiUzRWluZm8lNDBiZWF1dHlpbnN0aXR1dGUuZWUlM0MlMkZhJTNFJTNDJTJGcCUzRSUwQSUzQyUyRmRpdiUzRQ==[\/vc_raw_html][\/vc_column_inner][\/vc_row_inner][vc_row_inner equal_height=&#8221;yes&#8221; el_class=&#8221;equal-height-contact&#8221;][vc_column_inner width=&#8221;1\/3&#8243;][vc_column_text css=&#8221;.vc_custom_1587370060071{margin-bottom: 30px !important;}&#8221;][\/vc_column_text][\/vc_column_inner][vc_column_inner width=&#8221;1\/3&#8243;][\/vc_column_inner][vc_column_inner width=&#8221;1\/3&#8243;][vc_btn title=&#8221;\u0412\u043e\u0439\u0442\u0438 \u0432 \u0438\u043d\u0442\u0435\u0440\u043d\u0435\u0442-\u043c\u0430\u0433\u0430\u0437\u0438\u043d&#8221; el_class=&#8221;rendi-toote-nupp&#8221; link=&#8221;url:https%3A%2F%2Fbeautyinstitute.ee%2Fe-pood%2F|title:%D0%92%D0%BE%D0%B9%D1%82%D0%B8%20%D0%B2%20%D0%B8%D0%BD%D1%82%D0%B5%D1%80%D0%BD%D0%B5%D1%82-%D0%BC%D0%B0%D0%B3%D0%B0%D0%B7%D0%B8%D0%BD|target:%20_blank|&#8221;][\/vc_column_inner][\/vc_row_inner][\/vc_column][\/vc_row][vc_row full_width=&#8221;stretch_row&#8221; css=&#8221;.vc_custom_1587547844426{padding-top: 30px !important;padding-bottom: 30px !important;background-color: #fcfcfc !important;}&#8221;][vc_column][vc_row_inner][vc_column_inner width=&#8221;2\/3&#8243; css=&#8221;.vc_custom_1587547994864{border-top-width: 50px !important;}&#8221;]\n<div class=\"wpcf7 no-js\" id=\"wpcf7-f10792-o1\" lang=\"en-US\" dir=\"ltr\" data-wpcf7-id=\"10792\">\n<div class=\"screen-reader-response\"><p role=\"status\" aria-live=\"polite\" aria-atomic=\"true\"><\/p> <ul><\/ul><\/div>\n<form action=\"\/ru\/wp-json\/wp\/v2\/pages\/10883#wpcf7-f10792-o1\" method=\"post\" class=\"wpcf7-form init\" aria-label=\"Contact form\" novalidate=\"novalidate\" data-status=\"init\">\n<div style=\"display: none;\">\n<input type=\"hidden\" name=\"_wpcf7\" value=\"10792\" \/>\n<input type=\"hidden\" name=\"_wpcf7_version\" value=\"6.0.6\" \/>\n<input type=\"hidden\" name=\"_wpcf7_locale\" value=\"en_US\" \/>\n<input type=\"hidden\" name=\"_wpcf7_unit_tag\" value=\"wpcf7-f10792-o1\" \/>\n<input type=\"hidden\" name=\"_wpcf7_container_post\" value=\"0\" \/>\n<input type=\"hidden\" name=\"_wpcf7_posted_data_hash\" value=\"\" \/>\n<\/div>\n<div class=\"row\">\n\t<div class=\"col-lg-6\">\n\t\t<div class=\"form-group\">\n\t\t\t<p><span class=\"wpcf7-form-control-wrap\" data-name=\"nimi\"><input size=\"40\" maxlength=\"400\" class=\"wpcf7-form-control wpcf7-text wpcf7-validates-as-required form-control\" aria-required=\"true\" aria-invalid=\"false\" placeholder=\"\u0418\u043c\u044f *\" value=\"\" type=\"text\" name=\"nimi\" \/><\/span>\n\t\t\t<\/p>\n\t\t<\/div>\n\t<\/div>\n\t<div class=\"col-lg-6\">\n\t<\/div>\n\t<div class=\"col-lg-6\">\n\t\t<div class=\"form-group\">\n\t\t\t<p><span class=\"wpcf7-form-control-wrap\" data-name=\"epost\"><input size=\"40\" maxlength=\"400\" class=\"wpcf7-form-control wpcf7-email wpcf7-validates-as-required wpcf7-text wpcf7-validates-as-email form-control\" id=\"contact-email\" aria-required=\"true\" aria-invalid=\"false\" placeholder=\"\u0410\u0434\u0440\u0435\u0441 \u044d\u043b\u0435\u043a\u0442\u0440\u043e\u043d\u043d\u043e\u0439 \u043f\u043e\u0447\u0442\u044b *\" value=\"\" type=\"email\" name=\"epost\" \/><\/span>\n\t\t\t<\/p>\n\t\t<\/div>\n\t<\/div>\n\t<div class=\"col-lg-6\">\n\t\t<div class=\"form-group\">\n\t\t\t<p><span class=\"wpcf7-form-control-wrap\" data-name=\"tel-16\"><input size=\"40\" maxlength=\"400\" class=\"wpcf7-form-control wpcf7-tel wpcf7-validates-as-required wpcf7-text wpcf7-validates-as-tel form-control\" id=\"contact-tel\" aria-required=\"true\" aria-invalid=\"false\" placeholder=\"\u0422\u0435\u043b\u0435\u0444\u043e\u043d *\" value=\"\" type=\"tel\" name=\"tel-16\" \/><\/span>\n\t\t\t<\/p>\n\t\t<\/div>\n\t<\/div>\n\t<div class=\"col-lg-12\">\n\t\t<div class=\"form-group\">\n\t\t\t<p><span class=\"wpcf7-form-control-wrap\" data-name=\"sisu\"><textarea cols=\"6\" rows=\"6\" maxlength=\"2000\" class=\"wpcf7-form-control wpcf7-textarea form-control\" id=\"contact-message\" aria-invalid=\"false\" placeholder=\"\u0421\u043e\u0434\u0435\u0440\u0436\u0430\u043d\u0438\u0435 \u0441\u043e\u043e\u0431\u0449\u0435\u043d\u0438\u044f\" name=\"sisu\"><\/textarea><\/span>\n\t\t\t<\/p>\n\t\t<\/div>\n\t<\/div>\n\t<div class=\"col-lg-12\">\n\t\t<div class=\"form-group\">\n\t\t\t<p><input class=\"wpcf7-form-control wpcf7-submit has-spinner btn btn-primary btn-lg\" type=\"submit\" value=\"\u041e\u0442\u043f\u0440\u0430\u0432\u0438\u0442\u044c \u043f\u0438\u0441\u044c\u043c\u043e\" \/>\n\t\t\t<\/p>\n\t\t<\/div>\n\t<\/div>\n<\/div><div class=\"wpcf7-response-output\" aria-hidden=\"true\"><\/div>\n<\/form>\n<\/div>\n[\/vc_column_inner][vc_column_inner el_class=&#8221;lat-kontakt-data&#8221; width=&#8221;1\/3&#8243; css=&#8221;.vc_custom_1587547955693{border-top-width: -50px !important;}&#8221;][vc_column_text css=&#8221;.vc_custom_1596112229717{margin-top: -5px !important;}&#8221;]<strong><span class=\"info-heading\">Sandra Koger<\/span><\/strong><span class=\"info-heading gray\"><br \/>\n\u043c\u0435\u043d\u0435\u0434\u0436\u0435\u0440 \u043f\u043e \u043f\u0440\u043e\u0434\u0430\u0436\u0430\u043c:<\/span><br \/>\n<i class=\"fa fa-phone fa-fw\"><\/i> <a class=\"own-link\" href=\"tel:+3725118332\">(+372) 511 8332<\/a><br \/>\n<i class=\"fa fa-envelope fa-fw\"><\/i> <a class=\"own-link\" href=\"mailto:info@beautyinstitute.ee\">info@beautyinstitute.ee<\/a><\/p>\n<p><span class=\"\">\u0418\u043c\u043f\u043e\u0440\u0442\u0435\u0440:<\/span><br \/>\n<strong>Eurowest CNC O\u00dc<\/strong><br \/>\n\u0420\u0435\u0433\u0438\u0441\u0442\u0440\u0430\u0446\u0438\u043e\u043d\u043d\u044b\u0439 \u043a\u043e\u0434: 11773685<br \/>\n\u041a\u043e\u0434 \u041d\u0421\u041e: EE101333391<\/p>\n<p><span class=\"\">\u0422\u043e\u0440\u0433\u043e\u0432\u044b\u0439 \u043f\u043e\u0441\u0440\u0435\u0434\u043d\u0438\u043a<\/span><br \/>\n<strong>EW Skincare Institute O\u00dc<\/strong><br \/>\n\u0420\u0435\u0433\u0438\u0441\u0442\u0440\u0430\u0446\u0438\u043e\u043d\u043d\u044b\u0439 \u043a\u043e\u0434: 14495519<br \/>\n\u041a\u043e\u0434 \u041d\u0421\u041e: EE102074439[\/vc_column_text][\/vc_column_inner][\/vc_row_inner][\/vc_column][\/vc_row]<\/p>\n","protected":false},"excerpt":{"rendered":"<p>[vc_row css=&#8221;.vc_custom_1535370227639{padding-top: 20px !important;padding-bottom: 20px !important;}&#8221;][vc_column][vc_row_inner equal_height=&#8221;yes&#8221; el_class=&#8221;equal-height-contact&#8221;][vc_column_inner][vc_column_text css=&#8221;.vc_custom_1587370060071{margin-bottom: 30px !important;}&#8221;][\/vc_column_text][vc_raw_html]JTNDZGl2JTIwY2xhc3MlM0QlMjJ0ZXh0LWNlbnRlciUyMGJvcmRlci1ib3glMjIlM0UlMEElM0NoMiUyMGNsYXNzJTNEJTIyYm9yZGVyLWJveC1zdWJ0aXRsZSUyMiUzRSVEMCU5RCVEMCVCMCVEMSU4OCUyMCVEMSU4MCVEMSU4MyVEMSU4MSVEMSU4MSVEMCVCQSVEMCVCRSVEMSU4RiVEMCVCNyVEMSU4QiVEMSU4NyVEMCVCRCVEMSU4QiVEMCVCOSUyMCVEMCVCOCVEMCVCRCVEMSU4MiVEMCVCNSVEMSU4MCVEMCVCRCVEMCVCNSVEMSU4Mi0lRDAlQkMlRDAlQjAlRDAlQjMlRDAlQjAlRDAlQjclRDAlQjglRDAlQkQlMjAlRDAlQkQlRDAlQjAlRDElODUlRDAlQkUlRDAlQjQlRDAlQjglRDElODIlRDElODElRDElOEYlMjAlRDAlQjIlMjAlRDElODElRDElODIlRDAlQjAlRDAlQjQlRDAlQjglRDAlQjglMjAlRDElODAlRDAlQjAlRDAlQjclRDElODAlRDAlQjAlRDAlQjElRDAlQkUlRDElODIlRDAlQkElRDAlQjguJTNDJTJGaDIlM0UlMEElMEElM0NoMiUyMGNsYXNzJTNEJTIyYm9yZGVyLWJveC1oZWFkaW5nJTIyJTNFJUQwJTk0JUQwJUJFJTIwJUQxJThEJUQxJTgyJUQwJUJFJUQwJUIzJUQwJUJFJTIwJUQwJTkyJUQxJThCJTIwJUQwJUJDJUQwJUJFJUQwJUI2JUQwJUI1JUQxJTgyJUQwJUI1JTIwJUQwJUJGJUQwJUJFJUQwJUI3JUQwJUJEJUQwJUIwJUQwJUJBJUQwJUJFJUQwJUJDJUQwJUI4JUQxJTgyJUQxJThDJUQxJTgxJUQxJThGJTIwJUQxJTgxJTIwJUQwJUJEJUQwJUIwJUQxJTg4JUQwJUI4JUQwJUJDJTIwJUQwJUIxJUQwJUJFJUQwJUIzJUQwJUIwJUQxJTgyJUQxJThCJUQwJUJDJTIwJUQwJUIwJUQxJTgxJUQxJTgxJUQwJUJFJUQxJTgwJUQxJTgyJUQwJUI4JUQwJUJDJUQwJUI1JUQwJUJEJUQxJTgyJUQwJUJFJUQwJUJDJTIwJUQxJTgyJUQwJUJFJUQwJUIyJUQwJUIwJUQxJTgwJUQwJUJFJUQwJUIyJTIwJUQwJUIyJTIwJUQwJUI4JUQwJUJEJUQxJTgyJUQwJUI1JUQxJTgwJUQwJUJEJUQwJUI1JUQxJTgyLSVEMCVCQyVEMCVCMCVEMCVCMyVEMCVCMCVEMCVCNyVEMCVCOCVEMCVCRCVEMCVCNSUyMCVEMCVCRCVEMCVCMCUyMCVEMSU4RCVEMSU4MSVEMSU4MiVEMCVCRSVEMCVCRCVEMSU4MSVEMCVCQSVEMCVCRSVEMCVCQyUyMCVEMSU4RiVEMCVCNyVEMSU4QiVEMCVCQSVEMCVCNS4lM0MlMkZoMiUzRSUwQSUwQSUzQ3AlM0UlRDAlOUYlRDElODAlRDAlQjglRDAlQkQlRDAlQkUlRDElODElRDAlQjglRDAlQkMlMjAlRDAlQjglRDAlQjclRDAlQjIlRDAlQjglRDAlQkQlRDAlQjUlRDAlQkQlRDAlQjglRDElOEYlMjAlRDAlQjclRDAlQjAlMjAlRDAlQkQlRDAlQjUlRDElODMlRDAlQjQlRDAlQkUlRDAlQjElRDElODElRDElODIlRDAlQjIlRDAlQjAlMjElMjAlRDAlOTUlRDElODElRDAlQkIlRDAlQjglMjAlRDElODMlMjAlRDAlOTIlRDAlQjAlRDElODElMjAlRDAlQjUlRDElODElRDElODIlRDElOEMlMjAlRDAlQkElRDAlQjAlRDAlQkElRDAlQjglRDAlQjUtJUQwJUJCJUQwJUI4JUQwJUIxJUQwJUJFJTIwJUQwJUIyJUQwJUJFJUQwJUJGJUQxJTgwJUQwJUJFJUQxJTgxJUQxJThCJTJDJTIwJUQxJTgxJUQwJUIyJUQxJThGJUQwJUI2JUQwJUI4JUQxJTgyJUQwJUI1JUQxJTgxJUQxJThDJTIwJUQxJTgxJTIwJUQwJUJEJUQwJUIwJUQwJUJDJUQwJUI4JTIwJUQwJUJGJUQwJUJFJTIwJUQwJUIwJUQwJUI0JUQxJTgwJUQwJUI1JUQxJTgxJUQxJTgzJTIwJTNDYSUyMGNsYXNzJTNEJTIyb3duLWxpbmslMjIlMjBocmVmJTNEJTIybWFpbHRvJTNBaW5mbyU0MGJlYXV0eWluc3RpdHV0ZS5lZSUyMiUzRWluZm8lNDBiZWF1dHlpbnN0aXR1dGUuZWUlM0MlMkZhJTNFJTNDJTJGcCUzRSUwQSUzQyUyRmRpdiUzRQ==[\/vc_raw_html][\/vc_column_inner][\/vc_row_inner][vc_row_inner equal_height=&#8221;yes&#8221; el_class=&#8221;equal-height-contact&#8221;][vc_column_inner width=&#8221;1\/3&#8243;][vc_column_text css=&#8221;.vc_custom_1587370060071{margin-bottom: 30px !important;}&#8221;][\/vc_column_text][\/vc_column_inner][vc_column_inner width=&#8221;1\/3&#8243;][\/vc_column_inner][vc_column_inner width=&#8221;1\/3&#8243;][vc_btn title=&#8221;\u0412\u043e\u0439\u0442\u0438 \u0432 \u0438\u043d\u0442\u0435\u0440\u043d\u0435\u0442-\u043c\u0430\u0433\u0430\u0437\u0438\u043d&#8221; el_class=&#8221;rendi-toote-nupp&#8221; link=&#8221;url:https%3A%2F%2Fbeautyinstitute.ee%2Fe-pood%2F|title:%D0%92%D0%BE%D0%B9%D1%82%D0%B8%20%D0%B2%20%D0%B8%D0%BD%D1%82%D0%B5%D1%80%D0%BD%D0%B5%D1%82-%D0%BC%D0%B0%D0%B3%D0%B0%D0%B7%D0%B8%D0%BD|target:%20_blank|&#8221;][\/vc_column_inner][\/vc_row_inner][\/vc_column][\/vc_row][vc_row full_width=&#8221;stretch_row&#8221; css=&#8221;.vc_custom_1587547844426{padding-top: 30px !important;padding-bottom: 30px !important;background-color: #fcfcfc !important;}&#8221;][vc_column][vc_row_inner][vc_column_inner width=&#8221;2\/3&#8243; css=&#8221;.vc_custom_1587547994864{border-top-width: 50px !important;}&#8221;][\/vc_column_inner][vc_column_inner el_class=&#8221;lat-kontakt-data&#8221; width=&#8221;1\/3&#8243; css=&#8221;.vc_custom_1587547955693{border-top-width: -50px !important;}&#8221;][vc_column_text css=&#8221;.vc_custom_1596112229717{margin-top: -5px !important;}&#8221;]Sandra Koger \u043c\u0435\u043d\u0435\u0434\u0436\u0435\u0440 \u043f\u043e \u043f\u0440\u043e\u0434\u0430\u0436\u0430\u043c: (+372) 511 8332 info@beautyinstitute.ee \u0418\u043c\u043f\u043e\u0440\u0442\u0435\u0440: Eurowest CNC [&hellip;]<\/p>\n","protected":false},"author":2,"featured_media":0,"parent":0,"menu_order":0,"comment_status":"closed","ping_status":"closed","template":"","meta":{"_acf_changed":false,"footnotes":""},"class_list":["post-10883","page","type-page","status-publish","hentry"],"acf":[],"yoast_head":"<!-- This site is optimized with the Yoast SEO plugin v25.4 - https:\/\/yoast.com\/wordpress\/plugins\/seo\/ -->\n<title>CNC Cosmetic - Beauty Institute<\/title>\n<meta name=\"description\" content=\"CNC Cosmetic \u0434\u043b\u044f \u0441\u0430\u043b\u043e\u043d\u043e\u0432 \u043a\u0440\u0430\u0441\u043e\u0442\u044b. \u0438\u043d\u0442\u0435\u0440\u043d\u0435\u0442-\u043c\u0430\u0433\u0430\u0437\u0438\u043d. \u0425\u043e\u0442\u0438\u0442\u0435 \u043f\u0440\u0435\u0434\u043b\u043e\u0436\u0438\u0442\u044c \u0441\u0432\u043e\u0438\u043c \u043a\u043b\u0438\u0435\u043d\u0442\u0430\u043c \u043a\u0430\u0447\u0435\u0441\u0442\u0432\u0435\u043d\u043d\u044b\u0435 \u043a\u043e\u0441\u043c\u0435\u0442\u0438\u0447\u0435\u0441\u043a\u0438\u0435 \u043f\u0440\u043e\u0446\u0435\u0434\u0443\u0440\u044b? \u0421\u0432\u044f\u0436\u0438\u0442\u0435\u0441\u044c \u0441 \u043d\u0430\u043c\u0438!\" \/>\n<meta name=\"robots\" content=\"index, follow, max-snippet:-1, max-image-preview:large, max-video-preview:-1\" \/>\n<link rel=\"canonical\" href=\"https:\/\/beautyinstitute.ee\/ru\/\u0438\u043d\u0442\u0435\u0440\u043d\u0435\u0442-\u043c\u0430\u0433\u0430\u0437\u0438\u043d\/\" \/>\n<meta property=\"og:locale\" content=\"ru_RU\" \/>\n<meta property=\"og:type\" content=\"article\" \/>\n<meta property=\"og:title\" content=\"CNC Cosmetic - Beauty Institute\" \/>\n<meta property=\"og:description\" content=\"CNC Cosmetic \u0434\u043b\u044f \u0441\u0430\u043b\u043e\u043d\u043e\u0432 \u043a\u0440\u0430\u0441\u043e\u0442\u044b. \u0438\u043d\u0442\u0435\u0440\u043d\u0435\u0442-\u043c\u0430\u0433\u0430\u0437\u0438\u043d. \u0425\u043e\u0442\u0438\u0442\u0435 \u043f\u0440\u0435\u0434\u043b\u043e\u0436\u0438\u0442\u044c \u0441\u0432\u043e\u0438\u043c \u043a\u043b\u0438\u0435\u043d\u0442\u0430\u043c \u043a\u0430\u0447\u0435\u0441\u0442\u0432\u0435\u043d\u043d\u044b\u0435 \u043a\u043e\u0441\u043c\u0435\u0442\u0438\u0447\u0435\u0441\u043a\u0438\u0435 \u043f\u0440\u043e\u0446\u0435\u0434\u0443\u0440\u044b? \u0421\u0432\u044f\u0436\u0438\u0442\u0435\u0441\u044c \u0441 \u043d\u0430\u043c\u0438!\" \/>\n<meta property=\"og:url\" content=\"https:\/\/beautyinstitute.ee\/ru\/\u0438\u043d\u0442\u0435\u0440\u043d\u0435\u0442-\u043c\u0430\u0433\u0430\u0437\u0438\u043d\/\" \/>\n<meta property=\"og:site_name\" content=\"Beauty Institute\" \/>\n<meta property=\"article:modified_time\" content=\"2020-10-05T11:24:21+00:00\" \/>\n<meta name=\"twitter:card\" content=\"summary_large_image\" \/>\n<meta name=\"twitter:site\" content=\"@Beauty_Eesti\" \/>\n<meta name=\"twitter:label1\" content=\"\u041f\u0440\u0438\u043c\u0435\u0440\u043d\u043e\u0435 \u0432\u0440\u0435\u043c\u044f \u0434\u043b\u044f \u0447\u0442\u0435\u043d\u0438\u044f\" \/>\n\t<meta name=\"twitter:data1\" content=\"2 \u043c\u0438\u043d\u0443\u0442\u044b\" \/>\n<script type=\"application\/ld+json\" class=\"yoast-schema-graph\">{\"@context\":\"https:\/\/schema.org\",\"@graph\":[{\"@type\":\"WebPage\",\"@id\":\"https:\/\/beautyinstitute.ee\/ru\/%d0%b8%d0%bd%d1%82%d0%b5%d1%80%d0%bd%d0%b5%d1%82-%d0%bc%d0%b0%d0%b3%d0%b0%d0%b7%d0%b8%d0%bd\/\",\"url\":\"https:\/\/beautyinstitute.ee\/ru\/%d0%b8%d0%bd%d1%82%d0%b5%d1%80%d0%bd%d0%b5%d1%82-%d0%bc%d0%b0%d0%b3%d0%b0%d0%b7%d0%b8%d0%bd\/\",\"name\":\"CNC Cosmetic - Beauty Institute\",\"isPartOf\":{\"@id\":\"https:\/\/beautyinstitute.ee\/#website\"},\"datePublished\":\"2020-07-27T17:38:59+00:00\",\"dateModified\":\"2020-10-05T11:24:21+00:00\",\"description\":\"CNC Cosmetic \u0434\u043b\u044f \u0441\u0430\u043b\u043e\u043d\u043e\u0432 \u043a\u0440\u0430\u0441\u043e\u0442\u044b. \u0438\u043d\u0442\u0435\u0440\u043d\u0435\u0442-\u043c\u0430\u0433\u0430\u0437\u0438\u043d. \u0425\u043e\u0442\u0438\u0442\u0435 \u043f\u0440\u0435\u0434\u043b\u043e\u0436\u0438\u0442\u044c \u0441\u0432\u043e\u0438\u043c \u043a\u043b\u0438\u0435\u043d\u0442\u0430\u043c \u043a\u0430\u0447\u0435\u0441\u0442\u0432\u0435\u043d\u043d\u044b\u0435 \u043a\u043e\u0441\u043c\u0435\u0442\u0438\u0447\u0435\u0441\u043a\u0438\u0435 \u043f\u0440\u043e\u0446\u0435\u0434\u0443\u0440\u044b? \u0421\u0432\u044f\u0436\u0438\u0442\u0435\u0441\u044c \u0441 \u043d\u0430\u043c\u0438!\",\"breadcrumb\":{\"@id\":\"https:\/\/beautyinstitute.ee\/ru\/%d0%b8%d0%bd%d1%82%d0%b5%d1%80%d0%bd%d0%b5%d1%82-%d0%bc%d0%b0%d0%b3%d0%b0%d0%b7%d0%b8%d0%bd\/#breadcrumb\"},\"inLanguage\":\"ru-RU\",\"potentialAction\":[{\"@type\":\"ReadAction\",\"target\":[\"https:\/\/beautyinstitute.ee\/ru\/%d0%b8%d0%bd%d1%82%d0%b5%d1%80%d0%bd%d0%b5%d1%82-%d0%bc%d0%b0%d0%b3%d0%b0%d0%b7%d0%b8%d0%bd\/\"]}]},{\"@type\":\"BreadcrumbList\",\"@id\":\"https:\/\/beautyinstitute.ee\/ru\/%d0%b8%d0%bd%d1%82%d0%b5%d1%80%d0%bd%d0%b5%d1%82-%d0%bc%d0%b0%d0%b3%d0%b0%d0%b7%d0%b8%d0%bd\/#breadcrumb\",\"itemListElement\":[{\"@type\":\"ListItem\",\"position\":1,\"name\":\"Home\",\"item\":\"https:\/\/beautyinstitute.ee\/ru\/\"},{\"@type\":\"ListItem\",\"position\":2,\"name\":\"e-pood\"}]},{\"@type\":\"WebSite\",\"@id\":\"https:\/\/beautyinstitute.ee\/#website\",\"url\":\"https:\/\/beautyinstitute.ee\/\",\"name\":\"Beauty Institute\",\"description\":\"CNC Cosmetic ametlik maaletooja ja edasim\u00fc\u00fcja Eestis, Soomes, L\u00e4tis. Aparaadikosmeetika, koolitused, kosmeetikatooted.\",\"potentialAction\":[{\"@type\":\"SearchAction\",\"target\":{\"@type\":\"EntryPoint\",\"urlTemplate\":\"https:\/\/beautyinstitute.ee\/?s={search_term_string}\"},\"query-input\":{\"@type\":\"PropertyValueSpecification\",\"valueRequired\":true,\"valueName\":\"search_term_string\"}}],\"inLanguage\":\"ru-RU\"}]}<\/script>\n<!-- \/ Yoast SEO plugin. -->","yoast_head_json":{"title":"CNC Cosmetic - Beauty Institute","description":"CNC Cosmetic \u0434\u043b\u044f \u0441\u0430\u043b\u043e\u043d\u043e\u0432 \u043a\u0440\u0430\u0441\u043e\u0442\u044b. \u0438\u043d\u0442\u0435\u0440\u043d\u0435\u0442-\u043c\u0430\u0433\u0430\u0437\u0438\u043d. \u0425\u043e\u0442\u0438\u0442\u0435 \u043f\u0440\u0435\u0434\u043b\u043e\u0436\u0438\u0442\u044c \u0441\u0432\u043e\u0438\u043c \u043a\u043b\u0438\u0435\u043d\u0442\u0430\u043c \u043a\u0430\u0447\u0435\u0441\u0442\u0432\u0435\u043d\u043d\u044b\u0435 \u043a\u043e\u0441\u043c\u0435\u0442\u0438\u0447\u0435\u0441\u043a\u0438\u0435 \u043f\u0440\u043e\u0446\u0435\u0434\u0443\u0440\u044b? \u0421\u0432\u044f\u0436\u0438\u0442\u0435\u0441\u044c \u0441 \u043d\u0430\u043c\u0438!","robots":{"index":"index","follow":"follow","max-snippet":"max-snippet:-1","max-image-preview":"max-image-preview:large","max-video-preview":"max-video-preview:-1"},"canonical":"https:\/\/beautyinstitute.ee\/ru\/\u0438\u043d\u0442\u0435\u0440\u043d\u0435\u0442-\u043c\u0430\u0433\u0430\u0437\u0438\u043d\/","og_locale":"ru_RU","og_type":"article","og_title":"CNC Cosmetic - Beauty Institute","og_description":"CNC Cosmetic \u0434\u043b\u044f \u0441\u0430\u043b\u043e\u043d\u043e\u0432 \u043a\u0440\u0430\u0441\u043e\u0442\u044b. \u0438\u043d\u0442\u0435\u0440\u043d\u0435\u0442-\u043c\u0430\u0433\u0430\u0437\u0438\u043d. \u0425\u043e\u0442\u0438\u0442\u0435 \u043f\u0440\u0435\u0434\u043b\u043e\u0436\u0438\u0442\u044c \u0441\u0432\u043e\u0438\u043c \u043a\u043b\u0438\u0435\u043d\u0442\u0430\u043c \u043a\u0430\u0447\u0435\u0441\u0442\u0432\u0435\u043d\u043d\u044b\u0435 \u043a\u043e\u0441\u043c\u0435\u0442\u0438\u0447\u0435\u0441\u043a\u0438\u0435 \u043f\u0440\u043e\u0446\u0435\u0434\u0443\u0440\u044b? \u0421\u0432\u044f\u0436\u0438\u0442\u0435\u0441\u044c \u0441 \u043d\u0430\u043c\u0438!","og_url":"https:\/\/beautyinstitute.ee\/ru\/\u0438\u043d\u0442\u0435\u0440\u043d\u0435\u0442-\u043c\u0430\u0433\u0430\u0437\u0438\u043d\/","og_site_name":"Beauty Institute","article_modified_time":"2020-10-05T11:24:21+00:00","twitter_card":"summary_large_image","twitter_site":"@Beauty_Eesti","twitter_misc":{"\u041f\u0440\u0438\u043c\u0435\u0440\u043d\u043e\u0435 \u0432\u0440\u0435\u043c\u044f \u0434\u043b\u044f \u0447\u0442\u0435\u043d\u0438\u044f":"2 \u043c\u0438\u043d\u0443\u0442\u044b"},"schema":{"@context":"https:\/\/schema.org","@graph":[{"@type":"WebPage","@id":"https:\/\/beautyinstitute.ee\/ru\/%d0%b8%d0%bd%d1%82%d0%b5%d1%80%d0%bd%d0%b5%d1%82-%d0%bc%d0%b0%d0%b3%d0%b0%d0%b7%d0%b8%d0%bd\/","url":"https:\/\/beautyinstitute.ee\/ru\/%d0%b8%d0%bd%d1%82%d0%b5%d1%80%d0%bd%d0%b5%d1%82-%d0%bc%d0%b0%d0%b3%d0%b0%d0%b7%d0%b8%d0%bd\/","name":"CNC Cosmetic - Beauty Institute","isPartOf":{"@id":"https:\/\/beautyinstitute.ee\/#website"},"datePublished":"2020-07-27T17:38:59+00:00","dateModified":"2020-10-05T11:24:21+00:00","description":"CNC Cosmetic \u0434\u043b\u044f \u0441\u0430\u043b\u043e\u043d\u043e\u0432 \u043a\u0440\u0430\u0441\u043e\u0442\u044b. \u0438\u043d\u0442\u0435\u0440\u043d\u0435\u0442-\u043c\u0430\u0433\u0430\u0437\u0438\u043d. \u0425\u043e\u0442\u0438\u0442\u0435 \u043f\u0440\u0435\u0434\u043b\u043e\u0436\u0438\u0442\u044c \u0441\u0432\u043e\u0438\u043c \u043a\u043b\u0438\u0435\u043d\u0442\u0430\u043c \u043a\u0430\u0447\u0435\u0441\u0442\u0432\u0435\u043d\u043d\u044b\u0435 \u043a\u043e\u0441\u043c\u0435\u0442\u0438\u0447\u0435\u0441\u043a\u0438\u0435 \u043f\u0440\u043e\u0446\u0435\u0434\u0443\u0440\u044b? \u0421\u0432\u044f\u0436\u0438\u0442\u0435\u0441\u044c \u0441 \u043d\u0430\u043c\u0438!","breadcrumb":{"@id":"https:\/\/beautyinstitute.ee\/ru\/%d0%b8%d0%bd%d1%82%d0%b5%d1%80%d0%bd%d0%b5%d1%82-%d0%bc%d0%b0%d0%b3%d0%b0%d0%b7%d0%b8%d0%bd\/#breadcrumb"},"inLanguage":"ru-RU","potentialAction":[{"@type":"ReadAction","target":["https:\/\/beautyinstitute.ee\/ru\/%d0%b8%d0%bd%d1%82%d0%b5%d1%80%d0%bd%d0%b5%d1%82-%d0%bc%d0%b0%d0%b3%d0%b0%d0%b7%d0%b8%d0%bd\/"]}]},{"@type":"BreadcrumbList","@id":"https:\/\/beautyinstitute.ee\/ru\/%d0%b8%d0%bd%d1%82%d0%b5%d1%80%d0%bd%d0%b5%d1%82-%d0%bc%d0%b0%d0%b3%d0%b0%d0%b7%d0%b8%d0%bd\/#breadcrumb","itemListElement":[{"@type":"ListItem","position":1,"name":"Home","item":"https:\/\/beautyinstitute.ee\/ru\/"},{"@type":"ListItem","position":2,"name":"e-pood"}]},{"@type":"WebSite","@id":"https:\/\/beautyinstitute.ee\/#website","url":"https:\/\/beautyinstitute.ee\/","name":"Beauty Institute","description":"CNC Cosmetic ametlik maaletooja ja edasim\u00fc\u00fcja Eestis, Soomes, L\u00e4tis. Aparaadikosmeetika, koolitused, kosmeetikatooted.","potentialAction":[{"@type":"SearchAction","target":{"@type":"EntryPoint","urlTemplate":"https:\/\/beautyinstitute.ee\/?s={search_term_string}"},"query-input":{"@type":"PropertyValueSpecification","valueRequired":true,"valueName":"search_term_string"}}],"inLanguage":"ru-RU"}]}},"_links":{"self":[{"href":"https:\/\/beautyinstitute.ee\/ru\/wp-json\/wp\/v2\/pages\/10883","targetHints":{"allow":["GET"]}}],"collection":[{"href":"https:\/\/beautyinstitute.ee\/ru\/wp-json\/wp\/v2\/pages"}],"about":[{"href":"https:\/\/beautyinstitute.ee\/ru\/wp-json\/wp\/v2\/types\/page"}],"author":[{"embeddable":true,"href":"https:\/\/beautyinstitute.ee\/ru\/wp-json\/wp\/v2\/users\/2"}],"replies":[{"embeddable":true,"href":"https:\/\/beautyinstitute.ee\/ru\/wp-json\/wp\/v2\/comments?post=10883"}],"version-history":[{"count":7,"href":"https:\/\/beautyinstitute.ee\/ru\/wp-json\/wp\/v2\/pages\/10883\/revisions"}],"predecessor-version":[{"id":10993,"href":"https:\/\/beautyinstitute.ee\/ru\/wp-json\/wp\/v2\/pages\/10883\/revisions\/10993"}],"wp:attachment":[{"href":"https:\/\/beautyinstitute.ee\/ru\/wp-json\/wp\/v2\/media?parent=10883"}],"curies":[{"name":"wp","href":"https:\/\/api.w.org\/{rel}","templated":true}]}}