{"id":10717,"date":"2020-07-15T13:39:59","date_gmt":"2020-07-15T10:39:59","guid":{"rendered":"https:\/\/beautyinstitute.ee\/?post_type=product&#038;p=10717"},"modified":"2026-04-09T11:14:21","modified_gmt":"2026-04-09T08:14:21","slug":"lipvolume11mluus","status":"publish","type":"product","link":"https:\/\/beautyinstitute.ee\/ru\/toode\/lipvolume11mluus\/","title":{"rendered":"Lip Volume 11Ml"},"content":{"rendered":"<p><strong>Veelgi t\u00e4idlasemad, lummavamad ja niisutatud huuled&#8230;..<\/strong><\/p>\n<p>Annab huultele selgepiirilise kontuuri, v\u00e4hendab huule\u00fcmbruse kortsukesi, loob t\u00e4idlase ja pringi huule. Peptiidide rikas seerum annab huultele kohese t\u00f5stva,t\u00e4itva tulemuse. Rikkalik piparm\u00fcndi\u00f5li, stimuleerib vereringet huultes, andes m\u00f5nusalt v\u00e4rske tunde huultele. Vitamiin E kompleks koos kookos\u00f5liga-niisutab isegi ektreemselt kuivad huuled ja annab pehme, sametise tunde. Sisaldab makadaamiap\u00e4hkli ekstrakti, mis hooldab su huuli s\u00fcgavuti. Kanda huultele 2-3 korda p\u00e4evas (NB!mitte rohkem).<\/p>\n<p><strong>Eelised:<\/strong><\/p>\n<ul>\n<li>lummavalt t\u00e4idlased huuled<\/li>\n<li>selgejooneline huulekontuur<\/li>\n<li>stimuleerib kollageeni s\u00fcnteesi<\/li>\n<\/ul>\n<p><strong>Sobilik:<\/strong> k\u00f5igile.<\/p>\n<p><strong>Toimeained:<\/strong> Peptiidid, makadaamia p\u00e4hkli\u00f5li, shev\u00f5i, piparm\u00fcnt, orgaaniline kookos\u00f5li.<\/p>\n<pre id=\"tw-target-text\" class=\"tw-data-text tw-text-large XcVN5d tw-ta\" data-placeholder=\"T\u00f5lge\"><\/pre>\n","protected":false},"excerpt":{"rendered":"<p>Veelgi t\u00e4idlasemad, lummavamad ja niisutatud huuled&#8230;.. Annab huultele selgepiirilise kontuuri, v\u00e4hendab huule\u00fcmbruse kortsukesi, loob t\u00e4idlase ja pringi huule. Peptiidide rikas seerum annab huultele kohese t\u00f5stva,t\u00e4itva tulemuse. Rikkalik piparm\u00fcndi\u00f5li, stimuleerib vereringet huultes, andes m\u00f5nusalt v\u00e4rske tunde huultele. Vitamiin E kompleks koos kookos\u00f5liga-niisutab isegi ektreemselt kuivad huuled ja annab pehme, sametise tunde. Sisaldab makadaamiap\u00e4hkli ekstrakti, mis hooldab [&hellip;]<\/p>\n","protected":false},"featured_media":10718,"template":"","meta":{"_acf_changed":false},"product_cat":[118],"product_tag":[],"class_list":["post-10717","product","type-product","status-publish","has-post-thumbnail","hentry","product_cat-aesthetic-world"],"acf":[],"yoast_head":"<!-- This site is optimized with the Yoast SEO plugin v25.4 - https:\/\/yoast.com\/wordpress\/plugins\/seo\/ -->\n<title>Lip Volume 11Ml - Beauty Institute<\/title>\n<meta name=\"robots\" content=\"index, follow, max-snippet:-1, max-image-preview:large, max-video-preview:-1\" \/>\n<link rel=\"canonical\" href=\"https:\/\/beautyinstitute.ee\/toode\/lipvolume11mluus\/\" \/>\n<meta property=\"og:locale\" content=\"ru_RU\" \/>\n<meta property=\"og:type\" content=\"article\" \/>\n<meta property=\"og:title\" content=\"Lip Volume 11Ml - Beauty Institute\" \/>\n<meta property=\"og:description\" content=\"Veelgi t\u00e4idlasemad, lummavamad ja niisutatud huuled&#8230;.. Annab huultele selgepiirilise kontuuri, v\u00e4hendab huule\u00fcmbruse kortsukesi, loob t\u00e4idlase ja pringi huule. Peptiidide rikas seerum annab huultele kohese t\u00f5stva,t\u00e4itva tulemuse. Rikkalik piparm\u00fcndi\u00f5li, stimuleerib vereringet huultes, andes m\u00f5nusalt v\u00e4rske tunde huultele. Vitamiin E kompleks koos kookos\u00f5liga-niisutab isegi ektreemselt kuivad huuled ja annab pehme, sametise tunde. Sisaldab makadaamiap\u00e4hkli ekstrakti, mis hooldab [&hellip;]\" \/>\n<meta property=\"og:url\" content=\"https:\/\/beautyinstitute.ee\/toode\/lipvolume11mluus\/\" \/>\n<meta property=\"og:site_name\" content=\"Beauty Institute\" \/>\n<meta property=\"article:modified_time\" content=\"2026-04-09T08:14:21+00:00\" \/>\n<meta property=\"og:image\" content=\"https:\/\/beautyinstitute.ee\/wp-content\/uploads\/2020\/07\/lip-volume-uus-scaled.jpg\" \/>\n\t<meta property=\"og:image:width\" content=\"2402\" \/>\n\t<meta property=\"og:image:height\" content=\"2560\" \/>\n\t<meta property=\"og:image:type\" content=\"image\/jpeg\" \/>\n<meta name=\"twitter:card\" content=\"summary_large_image\" \/>\n<meta name=\"twitter:site\" content=\"@Beauty_Eesti\" \/>\n<meta name=\"twitter:label1\" content=\"\u041f\u0440\u0438\u043c\u0435\u0440\u043d\u043e\u0435 \u0432\u0440\u0435\u043c\u044f \u0434\u043b\u044f \u0447\u0442\u0435\u043d\u0438\u044f\" \/>\n\t<meta name=\"twitter:data1\" content=\"1 \u043c\u0438\u043d\u0443\u0442\u0430\" \/>\n<script type=\"application\/ld+json\" class=\"yoast-schema-graph\">{\"@context\":\"https:\/\/schema.org\",\"@graph\":[{\"@type\":\"WebPage\",\"@id\":\"https:\/\/beautyinstitute.ee\/toode\/lipvolume11mluus\/\",\"url\":\"https:\/\/beautyinstitute.ee\/toode\/lipvolume11mluus\/\",\"name\":\"Lip Volume 11Ml - Beauty Institute\",\"isPartOf\":{\"@id\":\"https:\/\/beautyinstitute.ee\/#website\"},\"primaryImageOfPage\":{\"@id\":\"https:\/\/beautyinstitute.ee\/toode\/lipvolume11mluus\/#primaryimage\"},\"image\":{\"@id\":\"https:\/\/beautyinstitute.ee\/toode\/lipvolume11mluus\/#primaryimage\"},\"thumbnailUrl\":\"https:\/\/beautyinstitute.ee\/wp-content\/uploads\/2020\/07\/lip-volume-uus-scaled.jpg\",\"datePublished\":\"2020-07-15T10:39:59+00:00\",\"dateModified\":\"2026-04-09T08:14:21+00:00\",\"breadcrumb\":{\"@id\":\"https:\/\/beautyinstitute.ee\/toode\/lipvolume11mluus\/#breadcrumb\"},\"inLanguage\":\"ru-RU\",\"potentialAction\":[{\"@type\":\"ReadAction\",\"target\":[\"https:\/\/beautyinstitute.ee\/toode\/lipvolume11mluus\/\"]}]},{\"@type\":\"ImageObject\",\"inLanguage\":\"ru-RU\",\"@id\":\"https:\/\/beautyinstitute.ee\/toode\/lipvolume11mluus\/#primaryimage\",\"url\":\"https:\/\/beautyinstitute.ee\/wp-content\/uploads\/2020\/07\/lip-volume-uus-scaled.jpg\",\"contentUrl\":\"https:\/\/beautyinstitute.ee\/wp-content\/uploads\/2020\/07\/lip-volume-uus-scaled.jpg\",\"width\":2402,\"height\":2560},{\"@type\":\"BreadcrumbList\",\"@id\":\"https:\/\/beautyinstitute.ee\/toode\/lipvolume11mluus\/#breadcrumb\",\"itemListElement\":[{\"@type\":\"ListItem\",\"position\":1,\"name\":\"Home\",\"item\":\"https:\/\/beautyinstitute.ee\/ru\/\"},{\"@type\":\"ListItem\",\"position\":2,\"name\":\"E-pood\",\"item\":\"https:\/\/beautyinstitute.ee\/e-pood\/\"},{\"@type\":\"ListItem\",\"position\":3,\"name\":\"Lip Volume 11Ml\"}]},{\"@type\":\"WebSite\",\"@id\":\"https:\/\/beautyinstitute.ee\/#website\",\"url\":\"https:\/\/beautyinstitute.ee\/\",\"name\":\"Beauty Institute\",\"description\":\"CNC Cosmetic ametlik maaletooja ja edasim\u00fc\u00fcja Eestis, Soomes, L\u00e4tis. Aparaadikosmeetika, koolitused, kosmeetikatooted.\",\"potentialAction\":[{\"@type\":\"SearchAction\",\"target\":{\"@type\":\"EntryPoint\",\"urlTemplate\":\"https:\/\/beautyinstitute.ee\/?s={search_term_string}\"},\"query-input\":{\"@type\":\"PropertyValueSpecification\",\"valueRequired\":true,\"valueName\":\"search_term_string\"}}],\"inLanguage\":\"ru-RU\"}]}<\/script>\n<!-- \/ Yoast SEO plugin. -->","yoast_head_json":{"title":"Lip Volume 11Ml - Beauty Institute","robots":{"index":"index","follow":"follow","max-snippet":"max-snippet:-1","max-image-preview":"max-image-preview:large","max-video-preview":"max-video-preview:-1"},"canonical":"https:\/\/beautyinstitute.ee\/toode\/lipvolume11mluus\/","og_locale":"ru_RU","og_type":"article","og_title":"Lip Volume 11Ml - Beauty Institute","og_description":"Veelgi t\u00e4idlasemad, lummavamad ja niisutatud huuled&#8230;.. Annab huultele selgepiirilise kontuuri, v\u00e4hendab huule\u00fcmbruse kortsukesi, loob t\u00e4idlase ja pringi huule. Peptiidide rikas seerum annab huultele kohese t\u00f5stva,t\u00e4itva tulemuse. Rikkalik piparm\u00fcndi\u00f5li, stimuleerib vereringet huultes, andes m\u00f5nusalt v\u00e4rske tunde huultele. Vitamiin E kompleks koos kookos\u00f5liga-niisutab isegi ektreemselt kuivad huuled ja annab pehme, sametise tunde. Sisaldab makadaamiap\u00e4hkli ekstrakti, mis hooldab [&hellip;]","og_url":"https:\/\/beautyinstitute.ee\/toode\/lipvolume11mluus\/","og_site_name":"Beauty Institute","article_modified_time":"2026-04-09T08:14:21+00:00","og_image":[{"width":2402,"height":2560,"url":"https:\/\/beautyinstitute.ee\/wp-content\/uploads\/2020\/07\/lip-volume-uus-scaled.jpg","type":"image\/jpeg"}],"twitter_card":"summary_large_image","twitter_site":"@Beauty_Eesti","twitter_misc":{"\u041f\u0440\u0438\u043c\u0435\u0440\u043d\u043e\u0435 \u0432\u0440\u0435\u043c\u044f \u0434\u043b\u044f \u0447\u0442\u0435\u043d\u0438\u044f":"1 \u043c\u0438\u043d\u0443\u0442\u0430"},"schema":{"@context":"https:\/\/schema.org","@graph":[{"@type":"WebPage","@id":"https:\/\/beautyinstitute.ee\/toode\/lipvolume11mluus\/","url":"https:\/\/beautyinstitute.ee\/toode\/lipvolume11mluus\/","name":"Lip Volume 11Ml - Beauty Institute","isPartOf":{"@id":"https:\/\/beautyinstitute.ee\/#website"},"primaryImageOfPage":{"@id":"https:\/\/beautyinstitute.ee\/toode\/lipvolume11mluus\/#primaryimage"},"image":{"@id":"https:\/\/beautyinstitute.ee\/toode\/lipvolume11mluus\/#primaryimage"},"thumbnailUrl":"https:\/\/beautyinstitute.ee\/wp-content\/uploads\/2020\/07\/lip-volume-uus-scaled.jpg","datePublished":"2020-07-15T10:39:59+00:00","dateModified":"2026-04-09T08:14:21+00:00","breadcrumb":{"@id":"https:\/\/beautyinstitute.ee\/toode\/lipvolume11mluus\/#breadcrumb"},"inLanguage":"ru-RU","potentialAction":[{"@type":"ReadAction","target":["https:\/\/beautyinstitute.ee\/toode\/lipvolume11mluus\/"]}]},{"@type":"ImageObject","inLanguage":"ru-RU","@id":"https:\/\/beautyinstitute.ee\/toode\/lipvolume11mluus\/#primaryimage","url":"https:\/\/beautyinstitute.ee\/wp-content\/uploads\/2020\/07\/lip-volume-uus-scaled.jpg","contentUrl":"https:\/\/beautyinstitute.ee\/wp-content\/uploads\/2020\/07\/lip-volume-uus-scaled.jpg","width":2402,"height":2560},{"@type":"BreadcrumbList","@id":"https:\/\/beautyinstitute.ee\/toode\/lipvolume11mluus\/#breadcrumb","itemListElement":[{"@type":"ListItem","position":1,"name":"Home","item":"https:\/\/beautyinstitute.ee\/ru\/"},{"@type":"ListItem","position":2,"name":"E-pood","item":"https:\/\/beautyinstitute.ee\/e-pood\/"},{"@type":"ListItem","position":3,"name":"Lip Volume 11Ml"}]},{"@type":"WebSite","@id":"https:\/\/beautyinstitute.ee\/#website","url":"https:\/\/beautyinstitute.ee\/","name":"Beauty Institute","description":"CNC Cosmetic ametlik maaletooja ja edasim\u00fc\u00fcja Eestis, Soomes, L\u00e4tis. Aparaadikosmeetika, koolitused, kosmeetikatooted.","potentialAction":[{"@type":"SearchAction","target":{"@type":"EntryPoint","urlTemplate":"https:\/\/beautyinstitute.ee\/?s={search_term_string}"},"query-input":{"@type":"PropertyValueSpecification","valueRequired":true,"valueName":"search_term_string"}}],"inLanguage":"ru-RU"}]}},"_links":{"self":[{"href":"https:\/\/beautyinstitute.ee\/ru\/wp-json\/wp\/v2\/product\/10717","targetHints":{"allow":["GET"]}}],"collection":[{"href":"https:\/\/beautyinstitute.ee\/ru\/wp-json\/wp\/v2\/product"}],"about":[{"href":"https:\/\/beautyinstitute.ee\/ru\/wp-json\/wp\/v2\/types\/product"}],"wp:featuredmedia":[{"embeddable":true,"href":"https:\/\/beautyinstitute.ee\/ru\/wp-json\/wp\/v2\/media\/10718"}],"wp:attachment":[{"href":"https:\/\/beautyinstitute.ee\/ru\/wp-json\/wp\/v2\/media?parent=10717"}],"wp:term":[{"taxonomy":"product_cat","embeddable":true,"href":"https:\/\/beautyinstitute.ee\/ru\/wp-json\/wp\/v2\/product_cat?post=10717"},{"taxonomy":"product_tag","embeddable":true,"href":"https:\/\/beautyinstitute.ee\/ru\/wp-json\/wp\/v2\/product_tag?post=10717"}],"curies":[{"name":"wp","href":"https:\/\/api.w.org\/{rel}","templated":true}]}}