{"id":11095,"date":"2020-08-24T19:34:19","date_gmt":"2020-08-24T16:34:19","guid":{"rendered":"https:\/\/beautyinstitute.ee\/?post_type=product&#038;p=11095"},"modified":"2026-03-10T15:27:53","modified_gmt":"2026-03-10T13:27:53","slug":"pharma-booster-transdermal","status":"publish","type":"product","link":"https:\/\/beautyinstitute.ee\/ru\/toode\/pharma-booster-transdermal\/","title":{"rendered":"Pharma+ Booster Transdermal"},"content":{"rendered":"<p><strong>Naharakkude personaaltreener.<\/strong><\/p>\n<p>\u00d5livaba, kiiresti imenduv kontsentraat, sisaldades oligosahariide, mis l\u00e4bivad nahka loomulikul viisil.<\/p>\n<p><strong>Eelised:<\/strong><\/p>\n<ul>\n<li>nahk omastab toimeainetest maksimumi<\/li>\n<li>suurendab nahahooldustoodete toimivust<\/li>\n<\/ul>\n<p><strong>Sobilik:<\/strong> k\u00f5ikidele nahat\u00fc\u00fcpidele.<\/p>\n<p><strong>Toimeained:<\/strong> Taimep\u00f5hised oligosahariidid, h\u00fcaluroonhape, allantoiin, pantenool.<\/p>\n<p><strong>Teaduslikud uuringud:<\/strong><\/p>\n<ul>\n<li>Epidermaalsete veekanalite (aquaglyceroporins) aktiivsuse kasv +44%<\/li>\n<li>Niiskuse sisalduse t\u00f5us 24 tunni jooksul p\u00e4rast + 9 %<\/li>\n<li>H\u00fcaluroonhappe s\u00fcnteesi paranemine +85 %<\/li>\n<li>Niiskus s\u00fcgaval nahas +12 % ( 1 kuu m\u00f6\u00f6dudes)<\/li>\n<li>Niiskus naha pealmistes kihtides +24% ( 1 kuu m\u00f6\u00f6dudes)<\/li>\n<\/ul>\n","protected":false},"excerpt":{"rendered":"<p>Naharakkude personaaltreener. \u00d5livaba, kiiresti imenduv kontsentraat, sisaldades oligosahariide, mis l\u00e4bivad nahka loomulikul viisil. Eelised: nahk omastab toimeainetest maksimumi suurendab nahahooldustoodete toimivust Sobilik: k\u00f5ikidele nahat\u00fc\u00fcpidele. Toimeained: Taimep\u00f5hised oligosahariidid, h\u00fcaluroonhape, allantoiin, pantenool. Teaduslikud uuringud: Epidermaalsete veekanalite (aquaglyceroporins) aktiivsuse kasv +44% Niiskuse sisalduse t\u00f5us 24 tunni jooksul p\u00e4rast + 9 % H\u00fcaluroonhappe s\u00fcnteesi paranemine +85 % Niiskus s\u00fcgaval [&hellip;]<\/p>\n","protected":false},"featured_media":12274,"template":"","meta":{"_acf_changed":false},"product_cat":[214],"product_tag":[],"class_list":["post-11095","product","type-product","status-publish","has-post-thumbnail","hentry","product_cat-pharma-uus"],"acf":[],"yoast_head":"<!-- This site is optimized with the Yoast SEO plugin v25.4 - https:\/\/yoast.com\/wordpress\/plugins\/seo\/ -->\n<title>Pharma+ Booster Transdermal - Beauty Institute<\/title>\n<meta name=\"robots\" content=\"index, follow, max-snippet:-1, max-image-preview:large, max-video-preview:-1\" \/>\n<link rel=\"canonical\" href=\"https:\/\/beautyinstitute.ee\/toode\/pharma-booster-transdermal\/\" \/>\n<meta property=\"og:locale\" content=\"ru_RU\" \/>\n<meta property=\"og:type\" content=\"article\" \/>\n<meta property=\"og:title\" content=\"Pharma+ Booster Transdermal - Beauty Institute\" \/>\n<meta property=\"og:description\" content=\"Naharakkude personaaltreener. \u00d5livaba, kiiresti imenduv kontsentraat, sisaldades oligosahariide, mis l\u00e4bivad nahka loomulikul viisil. Eelised: nahk omastab toimeainetest maksimumi suurendab nahahooldustoodete toimivust Sobilik: k\u00f5ikidele nahat\u00fc\u00fcpidele. Toimeained: Taimep\u00f5hised oligosahariidid, h\u00fcaluroonhape, allantoiin, pantenool. Teaduslikud uuringud: Epidermaalsete veekanalite (aquaglyceroporins) aktiivsuse kasv +44% Niiskuse sisalduse t\u00f5us 24 tunni jooksul p\u00e4rast + 9 % H\u00fcaluroonhappe s\u00fcnteesi paranemine +85 % Niiskus s\u00fcgaval [&hellip;]\" \/>\n<meta property=\"og:url\" content=\"https:\/\/beautyinstitute.ee\/toode\/pharma-booster-transdermal\/\" \/>\n<meta property=\"og:site_name\" content=\"Beauty Institute\" \/>\n<meta property=\"article:modified_time\" content=\"2026-03-10T13:27:53+00:00\" \/>\n<meta property=\"og:image\" content=\"https:\/\/beautyinstitute.ee\/wp-content\/uploads\/2020\/08\/trans-boost1.jpg\" \/>\n\t<meta property=\"og:image:width\" content=\"2480\" \/>\n\t<meta property=\"og:image:height\" content=\"2405\" \/>\n\t<meta property=\"og:image:type\" content=\"image\/jpeg\" \/>\n<meta name=\"twitter:card\" content=\"summary_large_image\" \/>\n<meta name=\"twitter:site\" content=\"@Beauty_Eesti\" \/>\n<meta name=\"twitter:label1\" content=\"\u041f\u0440\u0438\u043c\u0435\u0440\u043d\u043e\u0435 \u0432\u0440\u0435\u043c\u044f \u0434\u043b\u044f \u0447\u0442\u0435\u043d\u0438\u044f\" \/>\n\t<meta name=\"twitter:data1\" content=\"1 \u043c\u0438\u043d\u0443\u0442\u0430\" \/>\n<script type=\"application\/ld+json\" class=\"yoast-schema-graph\">{\"@context\":\"https:\/\/schema.org\",\"@graph\":[{\"@type\":\"WebPage\",\"@id\":\"https:\/\/beautyinstitute.ee\/toode\/pharma-booster-transdermal\/\",\"url\":\"https:\/\/beautyinstitute.ee\/toode\/pharma-booster-transdermal\/\",\"name\":\"Pharma+ Booster Transdermal - Beauty Institute\",\"isPartOf\":{\"@id\":\"https:\/\/beautyinstitute.ee\/#website\"},\"primaryImageOfPage\":{\"@id\":\"https:\/\/beautyinstitute.ee\/toode\/pharma-booster-transdermal\/#primaryimage\"},\"image\":{\"@id\":\"https:\/\/beautyinstitute.ee\/toode\/pharma-booster-transdermal\/#primaryimage\"},\"thumbnailUrl\":\"https:\/\/beautyinstitute.ee\/wp-content\/uploads\/2020\/08\/trans-boost1.jpg\",\"datePublished\":\"2020-08-24T16:34:19+00:00\",\"dateModified\":\"2026-03-10T13:27:53+00:00\",\"breadcrumb\":{\"@id\":\"https:\/\/beautyinstitute.ee\/toode\/pharma-booster-transdermal\/#breadcrumb\"},\"inLanguage\":\"ru-RU\",\"potentialAction\":[{\"@type\":\"ReadAction\",\"target\":[\"https:\/\/beautyinstitute.ee\/toode\/pharma-booster-transdermal\/\"]}]},{\"@type\":\"ImageObject\",\"inLanguage\":\"ru-RU\",\"@id\":\"https:\/\/beautyinstitute.ee\/toode\/pharma-booster-transdermal\/#primaryimage\",\"url\":\"https:\/\/beautyinstitute.ee\/wp-content\/uploads\/2020\/08\/trans-boost1.jpg\",\"contentUrl\":\"https:\/\/beautyinstitute.ee\/wp-content\/uploads\/2020\/08\/trans-boost1.jpg\",\"width\":2480,\"height\":2405},{\"@type\":\"BreadcrumbList\",\"@id\":\"https:\/\/beautyinstitute.ee\/toode\/pharma-booster-transdermal\/#breadcrumb\",\"itemListElement\":[{\"@type\":\"ListItem\",\"position\":1,\"name\":\"Home\",\"item\":\"https:\/\/beautyinstitute.ee\/ru\/\"},{\"@type\":\"ListItem\",\"position\":2,\"name\":\"E-pood\",\"item\":\"https:\/\/beautyinstitute.ee\/e-pood\/\"},{\"@type\":\"ListItem\",\"position\":3,\"name\":\"Pharma+ Booster Transdermal\"}]},{\"@type\":\"WebSite\",\"@id\":\"https:\/\/beautyinstitute.ee\/#website\",\"url\":\"https:\/\/beautyinstitute.ee\/\",\"name\":\"Beauty Institute\",\"description\":\"CNC Cosmetic ametlik maaletooja ja edasim\u00fc\u00fcja Eestis, Soomes, L\u00e4tis. Aparaadikosmeetika, koolitused, kosmeetikatooted.\",\"potentialAction\":[{\"@type\":\"SearchAction\",\"target\":{\"@type\":\"EntryPoint\",\"urlTemplate\":\"https:\/\/beautyinstitute.ee\/?s={search_term_string}\"},\"query-input\":{\"@type\":\"PropertyValueSpecification\",\"valueRequired\":true,\"valueName\":\"search_term_string\"}}],\"inLanguage\":\"ru-RU\"}]}<\/script>\n<!-- \/ Yoast SEO plugin. -->","yoast_head_json":{"title":"Pharma+ Booster Transdermal - Beauty Institute","robots":{"index":"index","follow":"follow","max-snippet":"max-snippet:-1","max-image-preview":"max-image-preview:large","max-video-preview":"max-video-preview:-1"},"canonical":"https:\/\/beautyinstitute.ee\/toode\/pharma-booster-transdermal\/","og_locale":"ru_RU","og_type":"article","og_title":"Pharma+ Booster Transdermal - Beauty Institute","og_description":"Naharakkude personaaltreener. \u00d5livaba, kiiresti imenduv kontsentraat, sisaldades oligosahariide, mis l\u00e4bivad nahka loomulikul viisil. Eelised: nahk omastab toimeainetest maksimumi suurendab nahahooldustoodete toimivust Sobilik: k\u00f5ikidele nahat\u00fc\u00fcpidele. Toimeained: Taimep\u00f5hised oligosahariidid, h\u00fcaluroonhape, allantoiin, pantenool. Teaduslikud uuringud: Epidermaalsete veekanalite (aquaglyceroporins) aktiivsuse kasv +44% Niiskuse sisalduse t\u00f5us 24 tunni jooksul p\u00e4rast + 9 % H\u00fcaluroonhappe s\u00fcnteesi paranemine +85 % Niiskus s\u00fcgaval [&hellip;]","og_url":"https:\/\/beautyinstitute.ee\/toode\/pharma-booster-transdermal\/","og_site_name":"Beauty Institute","article_modified_time":"2026-03-10T13:27:53+00:00","og_image":[{"width":2480,"height":2405,"url":"https:\/\/beautyinstitute.ee\/wp-content\/uploads\/2020\/08\/trans-boost1.jpg","type":"image\/jpeg"}],"twitter_card":"summary_large_image","twitter_site":"@Beauty_Eesti","twitter_misc":{"\u041f\u0440\u0438\u043c\u0435\u0440\u043d\u043e\u0435 \u0432\u0440\u0435\u043c\u044f \u0434\u043b\u044f \u0447\u0442\u0435\u043d\u0438\u044f":"1 \u043c\u0438\u043d\u0443\u0442\u0430"},"schema":{"@context":"https:\/\/schema.org","@graph":[{"@type":"WebPage","@id":"https:\/\/beautyinstitute.ee\/toode\/pharma-booster-transdermal\/","url":"https:\/\/beautyinstitute.ee\/toode\/pharma-booster-transdermal\/","name":"Pharma+ Booster Transdermal - Beauty Institute","isPartOf":{"@id":"https:\/\/beautyinstitute.ee\/#website"},"primaryImageOfPage":{"@id":"https:\/\/beautyinstitute.ee\/toode\/pharma-booster-transdermal\/#primaryimage"},"image":{"@id":"https:\/\/beautyinstitute.ee\/toode\/pharma-booster-transdermal\/#primaryimage"},"thumbnailUrl":"https:\/\/beautyinstitute.ee\/wp-content\/uploads\/2020\/08\/trans-boost1.jpg","datePublished":"2020-08-24T16:34:19+00:00","dateModified":"2026-03-10T13:27:53+00:00","breadcrumb":{"@id":"https:\/\/beautyinstitute.ee\/toode\/pharma-booster-transdermal\/#breadcrumb"},"inLanguage":"ru-RU","potentialAction":[{"@type":"ReadAction","target":["https:\/\/beautyinstitute.ee\/toode\/pharma-booster-transdermal\/"]}]},{"@type":"ImageObject","inLanguage":"ru-RU","@id":"https:\/\/beautyinstitute.ee\/toode\/pharma-booster-transdermal\/#primaryimage","url":"https:\/\/beautyinstitute.ee\/wp-content\/uploads\/2020\/08\/trans-boost1.jpg","contentUrl":"https:\/\/beautyinstitute.ee\/wp-content\/uploads\/2020\/08\/trans-boost1.jpg","width":2480,"height":2405},{"@type":"BreadcrumbList","@id":"https:\/\/beautyinstitute.ee\/toode\/pharma-booster-transdermal\/#breadcrumb","itemListElement":[{"@type":"ListItem","position":1,"name":"Home","item":"https:\/\/beautyinstitute.ee\/ru\/"},{"@type":"ListItem","position":2,"name":"E-pood","item":"https:\/\/beautyinstitute.ee\/e-pood\/"},{"@type":"ListItem","position":3,"name":"Pharma+ Booster Transdermal"}]},{"@type":"WebSite","@id":"https:\/\/beautyinstitute.ee\/#website","url":"https:\/\/beautyinstitute.ee\/","name":"Beauty Institute","description":"CNC Cosmetic ametlik maaletooja ja edasim\u00fc\u00fcja Eestis, Soomes, L\u00e4tis. Aparaadikosmeetika, koolitused, kosmeetikatooted.","potentialAction":[{"@type":"SearchAction","target":{"@type":"EntryPoint","urlTemplate":"https:\/\/beautyinstitute.ee\/?s={search_term_string}"},"query-input":{"@type":"PropertyValueSpecification","valueRequired":true,"valueName":"search_term_string"}}],"inLanguage":"ru-RU"}]}},"_links":{"self":[{"href":"https:\/\/beautyinstitute.ee\/ru\/wp-json\/wp\/v2\/product\/11095","targetHints":{"allow":["GET"]}}],"collection":[{"href":"https:\/\/beautyinstitute.ee\/ru\/wp-json\/wp\/v2\/product"}],"about":[{"href":"https:\/\/beautyinstitute.ee\/ru\/wp-json\/wp\/v2\/types\/product"}],"wp:featuredmedia":[{"embeddable":true,"href":"https:\/\/beautyinstitute.ee\/ru\/wp-json\/wp\/v2\/media\/12274"}],"wp:attachment":[{"href":"https:\/\/beautyinstitute.ee\/ru\/wp-json\/wp\/v2\/media?parent=11095"}],"wp:term":[{"taxonomy":"product_cat","embeddable":true,"href":"https:\/\/beautyinstitute.ee\/ru\/wp-json\/wp\/v2\/product_cat?post=11095"},{"taxonomy":"product_tag","embeddable":true,"href":"https:\/\/beautyinstitute.ee\/ru\/wp-json\/wp\/v2\/product_tag?post=11095"}],"curies":[{"name":"wp","href":"https:\/\/api.w.org\/{rel}","templated":true}]}}