{"id":11100,"date":"2020-08-24T19:55:11","date_gmt":"2020-08-24T16:55:11","guid":{"rendered":"https:\/\/beautyinstitute.ee\/?post_type=product&#038;p=11100"},"modified":"2026-03-24T11:48:07","modified_gmt":"2026-03-24T09:48:07","slug":"pharma-concentrate-firming","status":"publish","type":"product","link":"https:\/\/beautyinstitute.ee\/ru\/toode\/pharma-concentrate-firming\/","title":{"rendered":"Pharma+ Concentrate Firming"},"content":{"rendered":"<p><strong>V\u00f5imas ning s\u00fcgavtoimega hooldus nahale, mis vajab<\/strong><br \/>\n<strong>taastamist ja kontuurimist.<\/strong><\/p>\n<p>See v\u00f5imas s\u00fcgavatoimeline kontsentraat stimuleerib rakkude uuenemist ja soodustab kollageeni ning elastiini kiudude moodustumist. Kontuurid saavad fikseeritud. Toetatud on naha enda kaitse- ja paranemismehanismid. Just sel viisil v\u00f5ideldakse punetuse ning pigmendilaikude tekkega.<\/p>\n<p><strong>Eelised:<\/strong><\/p>\n<ul>\n<li>n\u00e4htav n\u00e4okontuuride t\u00f5stev efekt<\/li>\n<li>nahk n\u00e4ib siledam ja pingul<\/li>\n<li>kortsu s\u00fcgavuse v\u00e4henemine<\/li>\n<li>v\u00e4hem pigmendi kahjustusi<\/li>\n<\/ul>\n<p><strong>Sobilik:<\/strong> k\u00fcpsemale nahale, mis on toonuse kaotanud. Taastab h\u00fcperpigmenteerunud nahka.<\/p>\n<p><strong>Toimeained:<\/strong> matt oa ekstrakt, lipopeptiidid, geran\u00fc\u00fclgeran\u00fc\u00fcl fosfaat, h\u00fcaluroonhape.<\/p>\n<p><strong>Teaduslikud uuringud:<\/strong><\/p>\n<ul>\n<li>Kollageeni ja elastiini s\u00fcntees +30 %<\/li>\n<li>P\u00e4ikesekahjustuste kahanemine -42 % ( 6 kuud)<\/li>\n<li>Kortsude s\u00fcgavus \u2013 47% (6 kuud)<\/li>\n<li>Kontuuride paranemine + 43% ( 1 kuu)<\/li>\n<li>Pooride ahenemine -26 %<\/li>\n<\/ul>\n","protected":false},"excerpt":{"rendered":"<p>V\u00f5imas ning s\u00fcgavtoimega hooldus nahale, mis vajab taastamist ja kontuurimist. See v\u00f5imas s\u00fcgavatoimeline kontsentraat stimuleerib rakkude uuenemist ja soodustab kollageeni ning elastiini kiudude moodustumist. Kontuurid saavad fikseeritud. Toetatud on naha enda kaitse- ja paranemismehanismid. Just sel viisil v\u00f5ideldakse punetuse ning pigmendilaikude tekkega. Eelised: n\u00e4htav n\u00e4okontuuride t\u00f5stev efekt nahk n\u00e4ib siledam ja pingul kortsu s\u00fcgavuse v\u00e4henemine [&hellip;]<\/p>\n","protected":false},"featured_media":11103,"template":"","meta":{"_acf_changed":false},"product_cat":[214,249],"product_tag":[],"class_list":["post-11100","product","type-product","status-publish","has-post-thumbnail","hentry","product_cat-pharma-uus","product_cat-seerumid-2"],"acf":[],"yoast_head":"<!-- This site is optimized with the Yoast SEO plugin v25.4 - https:\/\/yoast.com\/wordpress\/plugins\/seo\/ -->\n<title>Pharma+ Concentrate Firming - Beauty Institute<\/title>\n<meta name=\"robots\" content=\"index, follow, max-snippet:-1, max-image-preview:large, max-video-preview:-1\" \/>\n<link rel=\"canonical\" href=\"https:\/\/beautyinstitute.ee\/toode\/pharma-concentrate-firming\/\" \/>\n<meta property=\"og:locale\" content=\"ru_RU\" \/>\n<meta property=\"og:type\" content=\"article\" \/>\n<meta property=\"og:title\" content=\"Pharma+ Concentrate Firming - Beauty Institute\" \/>\n<meta property=\"og:description\" content=\"V\u00f5imas ning s\u00fcgavtoimega hooldus nahale, mis vajab taastamist ja kontuurimist. See v\u00f5imas s\u00fcgavatoimeline kontsentraat stimuleerib rakkude uuenemist ja soodustab kollageeni ning elastiini kiudude moodustumist. Kontuurid saavad fikseeritud. Toetatud on naha enda kaitse- ja paranemismehanismid. Just sel viisil v\u00f5ideldakse punetuse ning pigmendilaikude tekkega. Eelised: n\u00e4htav n\u00e4okontuuride t\u00f5stev efekt nahk n\u00e4ib siledam ja pingul kortsu s\u00fcgavuse v\u00e4henemine [&hellip;]\" \/>\n<meta property=\"og:url\" content=\"https:\/\/beautyinstitute.ee\/toode\/pharma-concentrate-firming\/\" \/>\n<meta property=\"og:site_name\" content=\"Beauty Institute\" \/>\n<meta property=\"article:modified_time\" content=\"2026-03-24T09:48:07+00:00\" \/>\n<meta property=\"og:image\" content=\"https:\/\/beautyinstitute.ee\/wp-content\/uploads\/2020\/08\/conts-firming.jpg\" \/>\n\t<meta property=\"og:image:width\" content=\"730\" \/>\n\t<meta property=\"og:image:height\" content=\"1132\" \/>\n\t<meta property=\"og:image:type\" content=\"image\/jpeg\" \/>\n<meta name=\"twitter:card\" content=\"summary_large_image\" \/>\n<meta name=\"twitter:site\" content=\"@Beauty_Eesti\" \/>\n<meta name=\"twitter:label1\" content=\"\u041f\u0440\u0438\u043c\u0435\u0440\u043d\u043e\u0435 \u0432\u0440\u0435\u043c\u044f \u0434\u043b\u044f \u0447\u0442\u0435\u043d\u0438\u044f\" \/>\n\t<meta name=\"twitter:data1\" content=\"1 \u043c\u0438\u043d\u0443\u0442\u0430\" \/>\n<script type=\"application\/ld+json\" class=\"yoast-schema-graph\">{\"@context\":\"https:\/\/schema.org\",\"@graph\":[{\"@type\":\"WebPage\",\"@id\":\"https:\/\/beautyinstitute.ee\/toode\/pharma-concentrate-firming\/\",\"url\":\"https:\/\/beautyinstitute.ee\/toode\/pharma-concentrate-firming\/\",\"name\":\"Pharma+ Concentrate Firming - Beauty Institute\",\"isPartOf\":{\"@id\":\"https:\/\/beautyinstitute.ee\/#website\"},\"primaryImageOfPage\":{\"@id\":\"https:\/\/beautyinstitute.ee\/toode\/pharma-concentrate-firming\/#primaryimage\"},\"image\":{\"@id\":\"https:\/\/beautyinstitute.ee\/toode\/pharma-concentrate-firming\/#primaryimage\"},\"thumbnailUrl\":\"https:\/\/beautyinstitute.ee\/wp-content\/uploads\/2020\/08\/conts-firming.jpg\",\"datePublished\":\"2020-08-24T16:55:11+00:00\",\"dateModified\":\"2026-03-24T09:48:07+00:00\",\"breadcrumb\":{\"@id\":\"https:\/\/beautyinstitute.ee\/toode\/pharma-concentrate-firming\/#breadcrumb\"},\"inLanguage\":\"ru-RU\",\"potentialAction\":[{\"@type\":\"ReadAction\",\"target\":[\"https:\/\/beautyinstitute.ee\/toode\/pharma-concentrate-firming\/\"]}]},{\"@type\":\"ImageObject\",\"inLanguage\":\"ru-RU\",\"@id\":\"https:\/\/beautyinstitute.ee\/toode\/pharma-concentrate-firming\/#primaryimage\",\"url\":\"https:\/\/beautyinstitute.ee\/wp-content\/uploads\/2020\/08\/conts-firming.jpg\",\"contentUrl\":\"https:\/\/beautyinstitute.ee\/wp-content\/uploads\/2020\/08\/conts-firming.jpg\",\"width\":730,\"height\":1132},{\"@type\":\"BreadcrumbList\",\"@id\":\"https:\/\/beautyinstitute.ee\/toode\/pharma-concentrate-firming\/#breadcrumb\",\"itemListElement\":[{\"@type\":\"ListItem\",\"position\":1,\"name\":\"Home\",\"item\":\"https:\/\/beautyinstitute.ee\/ru\/\"},{\"@type\":\"ListItem\",\"position\":2,\"name\":\"E-pood\",\"item\":\"https:\/\/beautyinstitute.ee\/e-pood\/\"},{\"@type\":\"ListItem\",\"position\":3,\"name\":\"Pharma+ Concentrate Firming\"}]},{\"@type\":\"WebSite\",\"@id\":\"https:\/\/beautyinstitute.ee\/#website\",\"url\":\"https:\/\/beautyinstitute.ee\/\",\"name\":\"Beauty Institute\",\"description\":\"CNC Cosmetic ametlik maaletooja ja edasim\u00fc\u00fcja Eestis, Soomes, L\u00e4tis. Aparaadikosmeetika, koolitused, kosmeetikatooted.\",\"potentialAction\":[{\"@type\":\"SearchAction\",\"target\":{\"@type\":\"EntryPoint\",\"urlTemplate\":\"https:\/\/beautyinstitute.ee\/?s={search_term_string}\"},\"query-input\":{\"@type\":\"PropertyValueSpecification\",\"valueRequired\":true,\"valueName\":\"search_term_string\"}}],\"inLanguage\":\"ru-RU\"}]}<\/script>\n<!-- \/ Yoast SEO plugin. -->","yoast_head_json":{"title":"Pharma+ Concentrate Firming - Beauty Institute","robots":{"index":"index","follow":"follow","max-snippet":"max-snippet:-1","max-image-preview":"max-image-preview:large","max-video-preview":"max-video-preview:-1"},"canonical":"https:\/\/beautyinstitute.ee\/toode\/pharma-concentrate-firming\/","og_locale":"ru_RU","og_type":"article","og_title":"Pharma+ Concentrate Firming - Beauty Institute","og_description":"V\u00f5imas ning s\u00fcgavtoimega hooldus nahale, mis vajab taastamist ja kontuurimist. See v\u00f5imas s\u00fcgavatoimeline kontsentraat stimuleerib rakkude uuenemist ja soodustab kollageeni ning elastiini kiudude moodustumist. Kontuurid saavad fikseeritud. Toetatud on naha enda kaitse- ja paranemismehanismid. Just sel viisil v\u00f5ideldakse punetuse ning pigmendilaikude tekkega. Eelised: n\u00e4htav n\u00e4okontuuride t\u00f5stev efekt nahk n\u00e4ib siledam ja pingul kortsu s\u00fcgavuse v\u00e4henemine [&hellip;]","og_url":"https:\/\/beautyinstitute.ee\/toode\/pharma-concentrate-firming\/","og_site_name":"Beauty Institute","article_modified_time":"2026-03-24T09:48:07+00:00","og_image":[{"width":730,"height":1132,"url":"https:\/\/beautyinstitute.ee\/wp-content\/uploads\/2020\/08\/conts-firming.jpg","type":"image\/jpeg"}],"twitter_card":"summary_large_image","twitter_site":"@Beauty_Eesti","twitter_misc":{"\u041f\u0440\u0438\u043c\u0435\u0440\u043d\u043e\u0435 \u0432\u0440\u0435\u043c\u044f \u0434\u043b\u044f \u0447\u0442\u0435\u043d\u0438\u044f":"1 \u043c\u0438\u043d\u0443\u0442\u0430"},"schema":{"@context":"https:\/\/schema.org","@graph":[{"@type":"WebPage","@id":"https:\/\/beautyinstitute.ee\/toode\/pharma-concentrate-firming\/","url":"https:\/\/beautyinstitute.ee\/toode\/pharma-concentrate-firming\/","name":"Pharma+ Concentrate Firming - Beauty Institute","isPartOf":{"@id":"https:\/\/beautyinstitute.ee\/#website"},"primaryImageOfPage":{"@id":"https:\/\/beautyinstitute.ee\/toode\/pharma-concentrate-firming\/#primaryimage"},"image":{"@id":"https:\/\/beautyinstitute.ee\/toode\/pharma-concentrate-firming\/#primaryimage"},"thumbnailUrl":"https:\/\/beautyinstitute.ee\/wp-content\/uploads\/2020\/08\/conts-firming.jpg","datePublished":"2020-08-24T16:55:11+00:00","dateModified":"2026-03-24T09:48:07+00:00","breadcrumb":{"@id":"https:\/\/beautyinstitute.ee\/toode\/pharma-concentrate-firming\/#breadcrumb"},"inLanguage":"ru-RU","potentialAction":[{"@type":"ReadAction","target":["https:\/\/beautyinstitute.ee\/toode\/pharma-concentrate-firming\/"]}]},{"@type":"ImageObject","inLanguage":"ru-RU","@id":"https:\/\/beautyinstitute.ee\/toode\/pharma-concentrate-firming\/#primaryimage","url":"https:\/\/beautyinstitute.ee\/wp-content\/uploads\/2020\/08\/conts-firming.jpg","contentUrl":"https:\/\/beautyinstitute.ee\/wp-content\/uploads\/2020\/08\/conts-firming.jpg","width":730,"height":1132},{"@type":"BreadcrumbList","@id":"https:\/\/beautyinstitute.ee\/toode\/pharma-concentrate-firming\/#breadcrumb","itemListElement":[{"@type":"ListItem","position":1,"name":"Home","item":"https:\/\/beautyinstitute.ee\/ru\/"},{"@type":"ListItem","position":2,"name":"E-pood","item":"https:\/\/beautyinstitute.ee\/e-pood\/"},{"@type":"ListItem","position":3,"name":"Pharma+ Concentrate Firming"}]},{"@type":"WebSite","@id":"https:\/\/beautyinstitute.ee\/#website","url":"https:\/\/beautyinstitute.ee\/","name":"Beauty Institute","description":"CNC Cosmetic ametlik maaletooja ja edasim\u00fc\u00fcja Eestis, Soomes, L\u00e4tis. Aparaadikosmeetika, koolitused, kosmeetikatooted.","potentialAction":[{"@type":"SearchAction","target":{"@type":"EntryPoint","urlTemplate":"https:\/\/beautyinstitute.ee\/?s={search_term_string}"},"query-input":{"@type":"PropertyValueSpecification","valueRequired":true,"valueName":"search_term_string"}}],"inLanguage":"ru-RU"}]}},"_links":{"self":[{"href":"https:\/\/beautyinstitute.ee\/ru\/wp-json\/wp\/v2\/product\/11100","targetHints":{"allow":["GET"]}}],"collection":[{"href":"https:\/\/beautyinstitute.ee\/ru\/wp-json\/wp\/v2\/product"}],"about":[{"href":"https:\/\/beautyinstitute.ee\/ru\/wp-json\/wp\/v2\/types\/product"}],"wp:featuredmedia":[{"embeddable":true,"href":"https:\/\/beautyinstitute.ee\/ru\/wp-json\/wp\/v2\/media\/11103"}],"wp:attachment":[{"href":"https:\/\/beautyinstitute.ee\/ru\/wp-json\/wp\/v2\/media?parent=11100"}],"wp:term":[{"taxonomy":"product_cat","embeddable":true,"href":"https:\/\/beautyinstitute.ee\/ru\/wp-json\/wp\/v2\/product_cat?post=11100"},{"taxonomy":"product_tag","embeddable":true,"href":"https:\/\/beautyinstitute.ee\/ru\/wp-json\/wp\/v2\/product_tag?post=11100"}],"curies":[{"name":"wp","href":"https:\/\/api.w.org\/{rel}","templated":true}]}}