{"id":11115,"date":"2020-08-24T20:27:02","date_gmt":"2020-08-24T17:27:02","guid":{"rendered":"https:\/\/beautyinstitute.ee\/?post_type=product&#038;p=11115"},"modified":"2026-03-26T14:30:50","modified_gmt":"2026-03-26T12:30:50","slug":"pharma-concentrate-clear-skin","status":"publish","type":"product","link":"https:\/\/beautyinstitute.ee\/ru\/toode\/pharma-concentrate-clear-skin\/","title":{"rendered":"Pharma+ Concentrate Clear Skin"},"content":{"rendered":"<p><strong>\u00d5rn virsiku nahk igas vanuses.<\/strong><\/p>\n<p>Taimep\u00f5hised ekstraktid ja B-vitamiinid reguleerivad rasu tootmist. Nahk on rahustatud ja matistatud.<\/p>\n<p><strong>Eelised:<\/strong><\/p>\n<ul>\n<li>matistab nahka ja poorid on n\u00e4htavalt ahenenud<\/li>\n<li>reguleerib rasu tootmist<\/li>\n<li>\u00f5rna virsiku naha jaoks igas vanuses<\/li>\n<\/ul>\n<p><strong>Sobilik:<\/strong> ebapuhtusele kalduvale rasusele nahale ja kombineeritud nahale.<\/p>\n<p><strong>Toimeained:<\/strong> Aloe vera ekstrakt, Enantia chlorantha kooreekstrakt, oleanoolhape, niatsinamiid.<\/p>\n<p><strong>Teaduslikud uuringud:<\/strong><\/p>\n<ul>\n<li>Eemaldab l\u00e4ikiva kihi \u2013 21,7 %<\/li>\n<li>V\u00e4hendab pooride suurust -16%<\/li>\n<li>V\u00e4hendab seebiumi eritumist -32%<\/li>\n<\/ul>\n","protected":false},"excerpt":{"rendered":"<p>\u00d5rn virsiku nahk igas vanuses. Taimep\u00f5hised ekstraktid ja B-vitamiinid reguleerivad rasu tootmist. Nahk on rahustatud ja matistatud. Eelised: matistab nahka ja poorid on n\u00e4htavalt ahenenud reguleerib rasu tootmist \u00f5rna virsiku naha jaoks igas vanuses Sobilik: ebapuhtusele kalduvale rasusele nahale ja kombineeritud nahale. Toimeained: Aloe vera ekstrakt, Enantia chlorantha kooreekstrakt, oleanoolhape, niatsinamiid. Teaduslikud uuringud: Eemaldab l\u00e4ikiva [&hellip;]<\/p>\n","protected":false},"featured_media":11118,"template":"","meta":{"_acf_changed":false},"product_cat":[214,249],"product_tag":[],"class_list":["post-11115","product","type-product","status-publish","has-post-thumbnail","hentry","product_cat-pharma-uus","product_cat-seerumid-2"],"acf":[],"yoast_head":"<!-- This site is optimized with the Yoast SEO plugin v25.4 - https:\/\/yoast.com\/wordpress\/plugins\/seo\/ -->\n<title>Pharma+ Concentrate Clear Skin - Beauty Institute<\/title>\n<meta name=\"robots\" content=\"index, follow, max-snippet:-1, max-image-preview:large, max-video-preview:-1\" \/>\n<link rel=\"canonical\" href=\"https:\/\/beautyinstitute.ee\/toode\/pharma-concentrate-clear-skin\/\" \/>\n<meta property=\"og:locale\" content=\"ru_RU\" \/>\n<meta property=\"og:type\" content=\"article\" \/>\n<meta property=\"og:title\" content=\"Pharma+ Concentrate Clear Skin - Beauty Institute\" \/>\n<meta property=\"og:description\" content=\"\u00d5rn virsiku nahk igas vanuses. Taimep\u00f5hised ekstraktid ja B-vitamiinid reguleerivad rasu tootmist. Nahk on rahustatud ja matistatud. Eelised: matistab nahka ja poorid on n\u00e4htavalt ahenenud reguleerib rasu tootmist \u00f5rna virsiku naha jaoks igas vanuses Sobilik: ebapuhtusele kalduvale rasusele nahale ja kombineeritud nahale. Toimeained: Aloe vera ekstrakt, Enantia chlorantha kooreekstrakt, oleanoolhape, niatsinamiid. Teaduslikud uuringud: Eemaldab l\u00e4ikiva [&hellip;]\" \/>\n<meta property=\"og:url\" content=\"https:\/\/beautyinstitute.ee\/toode\/pharma-concentrate-clear-skin\/\" \/>\n<meta property=\"og:site_name\" content=\"Beauty Institute\" \/>\n<meta property=\"article:modified_time\" content=\"2026-03-26T12:30:50+00:00\" \/>\n<meta property=\"og:image\" content=\"https:\/\/beautyinstitute.ee\/wp-content\/uploads\/2020\/08\/conts-clear-skin.jpg\" \/>\n\t<meta property=\"og:image:width\" content=\"722\" \/>\n\t<meta property=\"og:image:height\" content=\"1119\" \/>\n\t<meta property=\"og:image:type\" content=\"image\/jpeg\" \/>\n<meta name=\"twitter:card\" content=\"summary_large_image\" \/>\n<meta name=\"twitter:site\" content=\"@Beauty_Eesti\" \/>\n<meta name=\"twitter:label1\" content=\"\u041f\u0440\u0438\u043c\u0435\u0440\u043d\u043e\u0435 \u0432\u0440\u0435\u043c\u044f \u0434\u043b\u044f \u0447\u0442\u0435\u043d\u0438\u044f\" \/>\n\t<meta name=\"twitter:data1\" content=\"1 \u043c\u0438\u043d\u0443\u0442\u0430\" \/>\n<script type=\"application\/ld+json\" class=\"yoast-schema-graph\">{\"@context\":\"https:\/\/schema.org\",\"@graph\":[{\"@type\":\"WebPage\",\"@id\":\"https:\/\/beautyinstitute.ee\/toode\/pharma-concentrate-clear-skin\/\",\"url\":\"https:\/\/beautyinstitute.ee\/toode\/pharma-concentrate-clear-skin\/\",\"name\":\"Pharma+ Concentrate Clear Skin - Beauty Institute\",\"isPartOf\":{\"@id\":\"https:\/\/beautyinstitute.ee\/#website\"},\"primaryImageOfPage\":{\"@id\":\"https:\/\/beautyinstitute.ee\/toode\/pharma-concentrate-clear-skin\/#primaryimage\"},\"image\":{\"@id\":\"https:\/\/beautyinstitute.ee\/toode\/pharma-concentrate-clear-skin\/#primaryimage\"},\"thumbnailUrl\":\"https:\/\/beautyinstitute.ee\/wp-content\/uploads\/2020\/08\/conts-clear-skin.jpg\",\"datePublished\":\"2020-08-24T17:27:02+00:00\",\"dateModified\":\"2026-03-26T12:30:50+00:00\",\"breadcrumb\":{\"@id\":\"https:\/\/beautyinstitute.ee\/toode\/pharma-concentrate-clear-skin\/#breadcrumb\"},\"inLanguage\":\"ru-RU\",\"potentialAction\":[{\"@type\":\"ReadAction\",\"target\":[\"https:\/\/beautyinstitute.ee\/toode\/pharma-concentrate-clear-skin\/\"]}]},{\"@type\":\"ImageObject\",\"inLanguage\":\"ru-RU\",\"@id\":\"https:\/\/beautyinstitute.ee\/toode\/pharma-concentrate-clear-skin\/#primaryimage\",\"url\":\"https:\/\/beautyinstitute.ee\/wp-content\/uploads\/2020\/08\/conts-clear-skin.jpg\",\"contentUrl\":\"https:\/\/beautyinstitute.ee\/wp-content\/uploads\/2020\/08\/conts-clear-skin.jpg\",\"width\":722,\"height\":1119},{\"@type\":\"BreadcrumbList\",\"@id\":\"https:\/\/beautyinstitute.ee\/toode\/pharma-concentrate-clear-skin\/#breadcrumb\",\"itemListElement\":[{\"@type\":\"ListItem\",\"position\":1,\"name\":\"Home\",\"item\":\"https:\/\/beautyinstitute.ee\/ru\/\"},{\"@type\":\"ListItem\",\"position\":2,\"name\":\"E-pood\",\"item\":\"https:\/\/beautyinstitute.ee\/e-pood\/\"},{\"@type\":\"ListItem\",\"position\":3,\"name\":\"Pharma+ Concentrate Clear Skin\"}]},{\"@type\":\"WebSite\",\"@id\":\"https:\/\/beautyinstitute.ee\/#website\",\"url\":\"https:\/\/beautyinstitute.ee\/\",\"name\":\"Beauty Institute\",\"description\":\"CNC Cosmetic ametlik maaletooja ja edasim\u00fc\u00fcja Eestis, Soomes, L\u00e4tis. Aparaadikosmeetika, koolitused, kosmeetikatooted.\",\"potentialAction\":[{\"@type\":\"SearchAction\",\"target\":{\"@type\":\"EntryPoint\",\"urlTemplate\":\"https:\/\/beautyinstitute.ee\/?s={search_term_string}\"},\"query-input\":{\"@type\":\"PropertyValueSpecification\",\"valueRequired\":true,\"valueName\":\"search_term_string\"}}],\"inLanguage\":\"ru-RU\"}]}<\/script>\n<!-- \/ Yoast SEO plugin. -->","yoast_head_json":{"title":"Pharma+ Concentrate Clear Skin - Beauty Institute","robots":{"index":"index","follow":"follow","max-snippet":"max-snippet:-1","max-image-preview":"max-image-preview:large","max-video-preview":"max-video-preview:-1"},"canonical":"https:\/\/beautyinstitute.ee\/toode\/pharma-concentrate-clear-skin\/","og_locale":"ru_RU","og_type":"article","og_title":"Pharma+ Concentrate Clear Skin - Beauty Institute","og_description":"\u00d5rn virsiku nahk igas vanuses. Taimep\u00f5hised ekstraktid ja B-vitamiinid reguleerivad rasu tootmist. Nahk on rahustatud ja matistatud. Eelised: matistab nahka ja poorid on n\u00e4htavalt ahenenud reguleerib rasu tootmist \u00f5rna virsiku naha jaoks igas vanuses Sobilik: ebapuhtusele kalduvale rasusele nahale ja kombineeritud nahale. Toimeained: Aloe vera ekstrakt, Enantia chlorantha kooreekstrakt, oleanoolhape, niatsinamiid. Teaduslikud uuringud: Eemaldab l\u00e4ikiva [&hellip;]","og_url":"https:\/\/beautyinstitute.ee\/toode\/pharma-concentrate-clear-skin\/","og_site_name":"Beauty Institute","article_modified_time":"2026-03-26T12:30:50+00:00","og_image":[{"width":722,"height":1119,"url":"https:\/\/beautyinstitute.ee\/wp-content\/uploads\/2020\/08\/conts-clear-skin.jpg","type":"image\/jpeg"}],"twitter_card":"summary_large_image","twitter_site":"@Beauty_Eesti","twitter_misc":{"\u041f\u0440\u0438\u043c\u0435\u0440\u043d\u043e\u0435 \u0432\u0440\u0435\u043c\u044f \u0434\u043b\u044f \u0447\u0442\u0435\u043d\u0438\u044f":"1 \u043c\u0438\u043d\u0443\u0442\u0430"},"schema":{"@context":"https:\/\/schema.org","@graph":[{"@type":"WebPage","@id":"https:\/\/beautyinstitute.ee\/toode\/pharma-concentrate-clear-skin\/","url":"https:\/\/beautyinstitute.ee\/toode\/pharma-concentrate-clear-skin\/","name":"Pharma+ Concentrate Clear Skin - Beauty Institute","isPartOf":{"@id":"https:\/\/beautyinstitute.ee\/#website"},"primaryImageOfPage":{"@id":"https:\/\/beautyinstitute.ee\/toode\/pharma-concentrate-clear-skin\/#primaryimage"},"image":{"@id":"https:\/\/beautyinstitute.ee\/toode\/pharma-concentrate-clear-skin\/#primaryimage"},"thumbnailUrl":"https:\/\/beautyinstitute.ee\/wp-content\/uploads\/2020\/08\/conts-clear-skin.jpg","datePublished":"2020-08-24T17:27:02+00:00","dateModified":"2026-03-26T12:30:50+00:00","breadcrumb":{"@id":"https:\/\/beautyinstitute.ee\/toode\/pharma-concentrate-clear-skin\/#breadcrumb"},"inLanguage":"ru-RU","potentialAction":[{"@type":"ReadAction","target":["https:\/\/beautyinstitute.ee\/toode\/pharma-concentrate-clear-skin\/"]}]},{"@type":"ImageObject","inLanguage":"ru-RU","@id":"https:\/\/beautyinstitute.ee\/toode\/pharma-concentrate-clear-skin\/#primaryimage","url":"https:\/\/beautyinstitute.ee\/wp-content\/uploads\/2020\/08\/conts-clear-skin.jpg","contentUrl":"https:\/\/beautyinstitute.ee\/wp-content\/uploads\/2020\/08\/conts-clear-skin.jpg","width":722,"height":1119},{"@type":"BreadcrumbList","@id":"https:\/\/beautyinstitute.ee\/toode\/pharma-concentrate-clear-skin\/#breadcrumb","itemListElement":[{"@type":"ListItem","position":1,"name":"Home","item":"https:\/\/beautyinstitute.ee\/ru\/"},{"@type":"ListItem","position":2,"name":"E-pood","item":"https:\/\/beautyinstitute.ee\/e-pood\/"},{"@type":"ListItem","position":3,"name":"Pharma+ Concentrate Clear Skin"}]},{"@type":"WebSite","@id":"https:\/\/beautyinstitute.ee\/#website","url":"https:\/\/beautyinstitute.ee\/","name":"Beauty Institute","description":"CNC Cosmetic ametlik maaletooja ja edasim\u00fc\u00fcja Eestis, Soomes, L\u00e4tis. Aparaadikosmeetika, koolitused, kosmeetikatooted.","potentialAction":[{"@type":"SearchAction","target":{"@type":"EntryPoint","urlTemplate":"https:\/\/beautyinstitute.ee\/?s={search_term_string}"},"query-input":{"@type":"PropertyValueSpecification","valueRequired":true,"valueName":"search_term_string"}}],"inLanguage":"ru-RU"}]}},"_links":{"self":[{"href":"https:\/\/beautyinstitute.ee\/ru\/wp-json\/wp\/v2\/product\/11115","targetHints":{"allow":["GET"]}}],"collection":[{"href":"https:\/\/beautyinstitute.ee\/ru\/wp-json\/wp\/v2\/product"}],"about":[{"href":"https:\/\/beautyinstitute.ee\/ru\/wp-json\/wp\/v2\/types\/product"}],"wp:featuredmedia":[{"embeddable":true,"href":"https:\/\/beautyinstitute.ee\/ru\/wp-json\/wp\/v2\/media\/11118"}],"wp:attachment":[{"href":"https:\/\/beautyinstitute.ee\/ru\/wp-json\/wp\/v2\/media?parent=11115"}],"wp:term":[{"taxonomy":"product_cat","embeddable":true,"href":"https:\/\/beautyinstitute.ee\/ru\/wp-json\/wp\/v2\/product_cat?post=11115"},{"taxonomy":"product_tag","embeddable":true,"href":"https:\/\/beautyinstitute.ee\/ru\/wp-json\/wp\/v2\/product_tag?post=11115"}],"curies":[{"name":"wp","href":"https:\/\/api.w.org\/{rel}","templated":true}]}}