{"id":11133,"date":"2020-08-24T21:06:31","date_gmt":"2020-08-24T18:06:31","guid":{"rendered":"https:\/\/beautyinstitute.ee\/?post_type=product&#038;p=11133"},"modified":"2026-04-24T09:37:28","modified_gmt":"2026-04-24T06:37:28","slug":"pharma-cream-clear-skin","status":"publish","type":"product","link":"https:\/\/beautyinstitute.ee\/ru\/toode\/pharma-cream-clear-skin\/","title":{"rendered":"Pharma+ Cream Clear Skin"},"content":{"rendered":"<p><strong>Klaarim nahk vananemisvastase toimega.<\/strong><\/p>\n<p>Salits\u00fc\u00fclhape imab liigse naharasu ja sellel on keratol\u00fc\u00fctiline toime. Nahk saab varustatatud niiskusega.<\/p>\n<p><strong>Eelised:<\/strong><\/p>\n<ul>\n<li>tagab \u00fchtlase ja matistatud jume<\/li>\n<li>v\u00e4hem ebapuhtusi ja kortsujooni<\/li>\n<li>p\u00f5letikuvastane ja rahustav toime<\/li>\n<\/ul>\n<p><strong>Sobilik:<\/strong> nii rasusele nahale kui ka kombineeritud nahale.<\/p>\n<p><strong>Toimeained:<\/strong> R\u00e4nidioksiid, aloe vera ekstrakt, bisabolool, A-vitamiini palmitaat, salits\u00fc\u00fclhape, letsitiin, E-vitamiin.<\/p>\n","protected":false},"excerpt":{"rendered":"<p>Klaarim nahk vananemisvastase toimega. Salits\u00fc\u00fclhape imab liigse naharasu ja sellel on keratol\u00fc\u00fctiline toime. Nahk saab varustatatud niiskusega. Eelised: tagab \u00fchtlase ja matistatud jume v\u00e4hem ebapuhtusi ja kortsujooni p\u00f5letikuvastane ja rahustav toime Sobilik: nii rasusele nahale kui ka kombineeritud nahale. Toimeained: R\u00e4nidioksiid, aloe vera ekstrakt, bisabolool, A-vitamiini palmitaat, salits\u00fc\u00fclhape, letsitiin, E-vitamiin.<\/p>\n","protected":false},"featured_media":11136,"template":"","meta":{"_acf_changed":false},"product_cat":[214,250],"product_tag":[],"class_list":["post-11133","product","type-product","status-publish","has-post-thumbnail","hentry","product_cat-pharma-uus","product_cat-naokreemid"],"acf":[],"yoast_head":"<!-- This site is optimized with the Yoast SEO plugin v25.4 - https:\/\/yoast.com\/wordpress\/plugins\/seo\/ -->\n<title>Pharma+ Cream Clear Skin - Beauty Institute<\/title>\n<meta name=\"robots\" content=\"index, follow, max-snippet:-1, max-image-preview:large, max-video-preview:-1\" \/>\n<link rel=\"canonical\" href=\"https:\/\/beautyinstitute.ee\/toode\/pharma-cream-clear-skin\/\" \/>\n<meta property=\"og:locale\" content=\"ru_RU\" \/>\n<meta property=\"og:type\" content=\"article\" \/>\n<meta property=\"og:title\" content=\"Pharma+ Cream Clear Skin - Beauty Institute\" \/>\n<meta property=\"og:description\" content=\"Klaarim nahk vananemisvastase toimega. Salits\u00fc\u00fclhape imab liigse naharasu ja sellel on keratol\u00fc\u00fctiline toime. Nahk saab varustatatud niiskusega. Eelised: tagab \u00fchtlase ja matistatud jume v\u00e4hem ebapuhtusi ja kortsujooni p\u00f5letikuvastane ja rahustav toime Sobilik: nii rasusele nahale kui ka kombineeritud nahale. Toimeained: R\u00e4nidioksiid, aloe vera ekstrakt, bisabolool, A-vitamiini palmitaat, salits\u00fc\u00fclhape, letsitiin, E-vitamiin.\" \/>\n<meta property=\"og:url\" content=\"https:\/\/beautyinstitute.ee\/toode\/pharma-cream-clear-skin\/\" \/>\n<meta property=\"og:site_name\" content=\"Beauty Institute\" \/>\n<meta property=\"article:modified_time\" content=\"2026-04-24T06:37:28+00:00\" \/>\n<meta property=\"og:image\" content=\"https:\/\/beautyinstitute.ee\/wp-content\/uploads\/2020\/08\/cream-clear-skin.jpg\" \/>\n\t<meta property=\"og:image:width\" content=\"1102\" \/>\n\t<meta property=\"og:image:height\" content=\"1651\" \/>\n\t<meta property=\"og:image:type\" content=\"image\/jpeg\" \/>\n<meta name=\"twitter:card\" content=\"summary_large_image\" \/>\n<meta name=\"twitter:site\" content=\"@Beauty_Eesti\" \/>\n<meta name=\"twitter:label1\" content=\"\u041f\u0440\u0438\u043c\u0435\u0440\u043d\u043e\u0435 \u0432\u0440\u0435\u043c\u044f \u0434\u043b\u044f \u0447\u0442\u0435\u043d\u0438\u044f\" \/>\n\t<meta name=\"twitter:data1\" content=\"1 \u043c\u0438\u043d\u0443\u0442\u0430\" \/>\n<script type=\"application\/ld+json\" class=\"yoast-schema-graph\">{\"@context\":\"https:\/\/schema.org\",\"@graph\":[{\"@type\":\"WebPage\",\"@id\":\"https:\/\/beautyinstitute.ee\/toode\/pharma-cream-clear-skin\/\",\"url\":\"https:\/\/beautyinstitute.ee\/toode\/pharma-cream-clear-skin\/\",\"name\":\"Pharma+ Cream Clear Skin - Beauty Institute\",\"isPartOf\":{\"@id\":\"https:\/\/beautyinstitute.ee\/#website\"},\"primaryImageOfPage\":{\"@id\":\"https:\/\/beautyinstitute.ee\/toode\/pharma-cream-clear-skin\/#primaryimage\"},\"image\":{\"@id\":\"https:\/\/beautyinstitute.ee\/toode\/pharma-cream-clear-skin\/#primaryimage\"},\"thumbnailUrl\":\"https:\/\/beautyinstitute.ee\/wp-content\/uploads\/2020\/08\/cream-clear-skin.jpg\",\"datePublished\":\"2020-08-24T18:06:31+00:00\",\"dateModified\":\"2026-04-24T06:37:28+00:00\",\"breadcrumb\":{\"@id\":\"https:\/\/beautyinstitute.ee\/toode\/pharma-cream-clear-skin\/#breadcrumb\"},\"inLanguage\":\"ru-RU\",\"potentialAction\":[{\"@type\":\"ReadAction\",\"target\":[\"https:\/\/beautyinstitute.ee\/toode\/pharma-cream-clear-skin\/\"]}]},{\"@type\":\"ImageObject\",\"inLanguage\":\"ru-RU\",\"@id\":\"https:\/\/beautyinstitute.ee\/toode\/pharma-cream-clear-skin\/#primaryimage\",\"url\":\"https:\/\/beautyinstitute.ee\/wp-content\/uploads\/2020\/08\/cream-clear-skin.jpg\",\"contentUrl\":\"https:\/\/beautyinstitute.ee\/wp-content\/uploads\/2020\/08\/cream-clear-skin.jpg\",\"width\":1102,\"height\":1651},{\"@type\":\"BreadcrumbList\",\"@id\":\"https:\/\/beautyinstitute.ee\/toode\/pharma-cream-clear-skin\/#breadcrumb\",\"itemListElement\":[{\"@type\":\"ListItem\",\"position\":1,\"name\":\"Home\",\"item\":\"https:\/\/beautyinstitute.ee\/ru\/\"},{\"@type\":\"ListItem\",\"position\":2,\"name\":\"E-pood\",\"item\":\"https:\/\/beautyinstitute.ee\/e-pood\/\"},{\"@type\":\"ListItem\",\"position\":3,\"name\":\"Pharma+ Cream Clear Skin\"}]},{\"@type\":\"WebSite\",\"@id\":\"https:\/\/beautyinstitute.ee\/#website\",\"url\":\"https:\/\/beautyinstitute.ee\/\",\"name\":\"Beauty Institute\",\"description\":\"CNC Cosmetic ametlik maaletooja ja edasim\u00fc\u00fcja Eestis, Soomes, L\u00e4tis. Aparaadikosmeetika, koolitused, kosmeetikatooted.\",\"potentialAction\":[{\"@type\":\"SearchAction\",\"target\":{\"@type\":\"EntryPoint\",\"urlTemplate\":\"https:\/\/beautyinstitute.ee\/?s={search_term_string}\"},\"query-input\":{\"@type\":\"PropertyValueSpecification\",\"valueRequired\":true,\"valueName\":\"search_term_string\"}}],\"inLanguage\":\"ru-RU\"}]}<\/script>\n<!-- \/ Yoast SEO plugin. -->","yoast_head_json":{"title":"Pharma+ Cream Clear Skin - Beauty Institute","robots":{"index":"index","follow":"follow","max-snippet":"max-snippet:-1","max-image-preview":"max-image-preview:large","max-video-preview":"max-video-preview:-1"},"canonical":"https:\/\/beautyinstitute.ee\/toode\/pharma-cream-clear-skin\/","og_locale":"ru_RU","og_type":"article","og_title":"Pharma+ Cream Clear Skin - Beauty Institute","og_description":"Klaarim nahk vananemisvastase toimega. Salits\u00fc\u00fclhape imab liigse naharasu ja sellel on keratol\u00fc\u00fctiline toime. Nahk saab varustatatud niiskusega. Eelised: tagab \u00fchtlase ja matistatud jume v\u00e4hem ebapuhtusi ja kortsujooni p\u00f5letikuvastane ja rahustav toime Sobilik: nii rasusele nahale kui ka kombineeritud nahale. Toimeained: R\u00e4nidioksiid, aloe vera ekstrakt, bisabolool, A-vitamiini palmitaat, salits\u00fc\u00fclhape, letsitiin, E-vitamiin.","og_url":"https:\/\/beautyinstitute.ee\/toode\/pharma-cream-clear-skin\/","og_site_name":"Beauty Institute","article_modified_time":"2026-04-24T06:37:28+00:00","og_image":[{"width":1102,"height":1651,"url":"https:\/\/beautyinstitute.ee\/wp-content\/uploads\/2020\/08\/cream-clear-skin.jpg","type":"image\/jpeg"}],"twitter_card":"summary_large_image","twitter_site":"@Beauty_Eesti","twitter_misc":{"\u041f\u0440\u0438\u043c\u0435\u0440\u043d\u043e\u0435 \u0432\u0440\u0435\u043c\u044f \u0434\u043b\u044f \u0447\u0442\u0435\u043d\u0438\u044f":"1 \u043c\u0438\u043d\u0443\u0442\u0430"},"schema":{"@context":"https:\/\/schema.org","@graph":[{"@type":"WebPage","@id":"https:\/\/beautyinstitute.ee\/toode\/pharma-cream-clear-skin\/","url":"https:\/\/beautyinstitute.ee\/toode\/pharma-cream-clear-skin\/","name":"Pharma+ Cream Clear Skin - Beauty Institute","isPartOf":{"@id":"https:\/\/beautyinstitute.ee\/#website"},"primaryImageOfPage":{"@id":"https:\/\/beautyinstitute.ee\/toode\/pharma-cream-clear-skin\/#primaryimage"},"image":{"@id":"https:\/\/beautyinstitute.ee\/toode\/pharma-cream-clear-skin\/#primaryimage"},"thumbnailUrl":"https:\/\/beautyinstitute.ee\/wp-content\/uploads\/2020\/08\/cream-clear-skin.jpg","datePublished":"2020-08-24T18:06:31+00:00","dateModified":"2026-04-24T06:37:28+00:00","breadcrumb":{"@id":"https:\/\/beautyinstitute.ee\/toode\/pharma-cream-clear-skin\/#breadcrumb"},"inLanguage":"ru-RU","potentialAction":[{"@type":"ReadAction","target":["https:\/\/beautyinstitute.ee\/toode\/pharma-cream-clear-skin\/"]}]},{"@type":"ImageObject","inLanguage":"ru-RU","@id":"https:\/\/beautyinstitute.ee\/toode\/pharma-cream-clear-skin\/#primaryimage","url":"https:\/\/beautyinstitute.ee\/wp-content\/uploads\/2020\/08\/cream-clear-skin.jpg","contentUrl":"https:\/\/beautyinstitute.ee\/wp-content\/uploads\/2020\/08\/cream-clear-skin.jpg","width":1102,"height":1651},{"@type":"BreadcrumbList","@id":"https:\/\/beautyinstitute.ee\/toode\/pharma-cream-clear-skin\/#breadcrumb","itemListElement":[{"@type":"ListItem","position":1,"name":"Home","item":"https:\/\/beautyinstitute.ee\/ru\/"},{"@type":"ListItem","position":2,"name":"E-pood","item":"https:\/\/beautyinstitute.ee\/e-pood\/"},{"@type":"ListItem","position":3,"name":"Pharma+ Cream Clear Skin"}]},{"@type":"WebSite","@id":"https:\/\/beautyinstitute.ee\/#website","url":"https:\/\/beautyinstitute.ee\/","name":"Beauty Institute","description":"CNC Cosmetic ametlik maaletooja ja edasim\u00fc\u00fcja Eestis, Soomes, L\u00e4tis. Aparaadikosmeetika, koolitused, kosmeetikatooted.","potentialAction":[{"@type":"SearchAction","target":{"@type":"EntryPoint","urlTemplate":"https:\/\/beautyinstitute.ee\/?s={search_term_string}"},"query-input":{"@type":"PropertyValueSpecification","valueRequired":true,"valueName":"search_term_string"}}],"inLanguage":"ru-RU"}]}},"_links":{"self":[{"href":"https:\/\/beautyinstitute.ee\/ru\/wp-json\/wp\/v2\/product\/11133","targetHints":{"allow":["GET"]}}],"collection":[{"href":"https:\/\/beautyinstitute.ee\/ru\/wp-json\/wp\/v2\/product"}],"about":[{"href":"https:\/\/beautyinstitute.ee\/ru\/wp-json\/wp\/v2\/types\/product"}],"wp:featuredmedia":[{"embeddable":true,"href":"https:\/\/beautyinstitute.ee\/ru\/wp-json\/wp\/v2\/media\/11136"}],"wp:attachment":[{"href":"https:\/\/beautyinstitute.ee\/ru\/wp-json\/wp\/v2\/media?parent=11133"}],"wp:term":[{"taxonomy":"product_cat","embeddable":true,"href":"https:\/\/beautyinstitute.ee\/ru\/wp-json\/wp\/v2\/product_cat?post=11133"},{"taxonomy":"product_tag","embeddable":true,"href":"https:\/\/beautyinstitute.ee\/ru\/wp-json\/wp\/v2\/product_tag?post=11133"}],"curies":[{"name":"wp","href":"https:\/\/api.w.org\/{rel}","templated":true}]}}