{"id":11274,"date":"2020-10-12T11:33:47","date_gmt":"2020-10-12T08:33:47","guid":{"rendered":"https:\/\/beautyinstitute.ee\/?post_type=product&#038;p=11274"},"modified":"2025-10-07T11:26:53","modified_gmt":"2025-10-07T08:26:53","slug":"kate-desinfitseerija","status":"publish","type":"product","link":"https:\/\/beautyinstitute.ee\/ru\/toode\/kate-desinfitseerija\/","title":{"rendered":"K\u00e4te Desinfitseerija"},"content":{"rendered":"<p>Suurep\u00e4rane k\u00e4te kiireks ja ohutuks desinfitseerimiseks.<\/p>\n<p>Tootes olevad toimeained on v\u00e4ga t\u00f5husad bakterite ja mikroobide vastu. Lisaks alkoholile sisaldab toode gl\u00fctseriini.<\/p>\n<p>Gl\u00fctseriin varustab nahka niiskusega ja muudab selle pehmeks ning elastseks.<\/p>\n","protected":false},"excerpt":{"rendered":"<p>Suurep\u00e4rane k\u00e4te kiireks ja ohutuks desinfitseerimiseks. Tootes olevad toimeained on v\u00e4ga t\u00f5husad bakterite ja mikroobide vastu. Lisaks alkoholile sisaldab toode gl\u00fctseriini. Gl\u00fctseriin varustab nahka niiskusega ja muudab selle pehmeks ning elastseks.<\/p>\n","protected":false},"featured_media":12287,"template":"","meta":{"_acf_changed":false},"product_cat":[191,15],"product_tag":[],"class_list":["post-11274","product","type-product","status-publish","has-post-thumbnail","hentry","product_cat-kabineti-tooted","product_cat-muud-tooted"],"acf":[],"yoast_head":"<!-- This site is optimized with the Yoast SEO plugin v25.4 - https:\/\/yoast.com\/wordpress\/plugins\/seo\/ -->\n<title>K\u00e4te Desinfitseerija - Beauty Institute<\/title>\n<meta name=\"robots\" content=\"index, follow, max-snippet:-1, max-image-preview:large, max-video-preview:-1\" \/>\n<link rel=\"canonical\" href=\"https:\/\/beautyinstitute.ee\/toode\/kate-desinfitseerija\/\" \/>\n<meta property=\"og:locale\" content=\"ru_RU\" \/>\n<meta property=\"og:type\" content=\"article\" \/>\n<meta property=\"og:title\" content=\"K\u00e4te Desinfitseerija - Beauty Institute\" \/>\n<meta property=\"og:description\" content=\"Suurep\u00e4rane k\u00e4te kiireks ja ohutuks desinfitseerimiseks. Tootes olevad toimeained on v\u00e4ga t\u00f5husad bakterite ja mikroobide vastu. Lisaks alkoholile sisaldab toode gl\u00fctseriini. Gl\u00fctseriin varustab nahka niiskusega ja muudab selle pehmeks ning elastseks.\" \/>\n<meta property=\"og:url\" content=\"https:\/\/beautyinstitute.ee\/toode\/kate-desinfitseerija\/\" \/>\n<meta property=\"og:site_name\" content=\"Beauty Institute\" \/>\n<meta property=\"article:modified_time\" content=\"2025-10-07T08:26:53+00:00\" \/>\n<meta property=\"og:image\" content=\"https:\/\/beautyinstitute.ee\/wp-content\/uploads\/2020\/10\/1-scaled.jpg\" \/>\n\t<meta property=\"og:image:width\" content=\"1937\" \/>\n\t<meta property=\"og:image:height\" content=\"2560\" \/>\n\t<meta property=\"og:image:type\" content=\"image\/jpeg\" \/>\n<meta name=\"twitter:card\" content=\"summary_large_image\" \/>\n<meta name=\"twitter:site\" content=\"@Beauty_Eesti\" \/>\n<script type=\"application\/ld+json\" class=\"yoast-schema-graph\">{\"@context\":\"https:\/\/schema.org\",\"@graph\":[{\"@type\":\"WebPage\",\"@id\":\"https:\/\/beautyinstitute.ee\/toode\/kate-desinfitseerija\/\",\"url\":\"https:\/\/beautyinstitute.ee\/toode\/kate-desinfitseerija\/\",\"name\":\"K\u00e4te Desinfitseerija - Beauty Institute\",\"isPartOf\":{\"@id\":\"https:\/\/beautyinstitute.ee\/#website\"},\"primaryImageOfPage\":{\"@id\":\"https:\/\/beautyinstitute.ee\/toode\/kate-desinfitseerija\/#primaryimage\"},\"image\":{\"@id\":\"https:\/\/beautyinstitute.ee\/toode\/kate-desinfitseerija\/#primaryimage\"},\"thumbnailUrl\":\"https:\/\/beautyinstitute.ee\/wp-content\/uploads\/2020\/10\/1-scaled.jpg\",\"datePublished\":\"2020-10-12T08:33:47+00:00\",\"dateModified\":\"2025-10-07T08:26:53+00:00\",\"breadcrumb\":{\"@id\":\"https:\/\/beautyinstitute.ee\/toode\/kate-desinfitseerija\/#breadcrumb\"},\"inLanguage\":\"ru-RU\",\"potentialAction\":[{\"@type\":\"ReadAction\",\"target\":[\"https:\/\/beautyinstitute.ee\/toode\/kate-desinfitseerija\/\"]}]},{\"@type\":\"ImageObject\",\"inLanguage\":\"ru-RU\",\"@id\":\"https:\/\/beautyinstitute.ee\/toode\/kate-desinfitseerija\/#primaryimage\",\"url\":\"https:\/\/beautyinstitute.ee\/wp-content\/uploads\/2020\/10\/1-scaled.jpg\",\"contentUrl\":\"https:\/\/beautyinstitute.ee\/wp-content\/uploads\/2020\/10\/1-scaled.jpg\",\"width\":1937,\"height\":2560},{\"@type\":\"BreadcrumbList\",\"@id\":\"https:\/\/beautyinstitute.ee\/toode\/kate-desinfitseerija\/#breadcrumb\",\"itemListElement\":[{\"@type\":\"ListItem\",\"position\":1,\"name\":\"Home\",\"item\":\"https:\/\/beautyinstitute.ee\/ru\/\"},{\"@type\":\"ListItem\",\"position\":2,\"name\":\"E-pood\",\"item\":\"https:\/\/beautyinstitute.ee\/e-pood\/\"},{\"@type\":\"ListItem\",\"position\":3,\"name\":\"K\u00e4te Desinfitseerija\"}]},{\"@type\":\"WebSite\",\"@id\":\"https:\/\/beautyinstitute.ee\/#website\",\"url\":\"https:\/\/beautyinstitute.ee\/\",\"name\":\"Beauty Institute\",\"description\":\"CNC Cosmetic ametlik maaletooja ja edasim\u00fc\u00fcja Eestis, Soomes, L\u00e4tis. Aparaadikosmeetika, koolitused, kosmeetikatooted.\",\"potentialAction\":[{\"@type\":\"SearchAction\",\"target\":{\"@type\":\"EntryPoint\",\"urlTemplate\":\"https:\/\/beautyinstitute.ee\/?s={search_term_string}\"},\"query-input\":{\"@type\":\"PropertyValueSpecification\",\"valueRequired\":true,\"valueName\":\"search_term_string\"}}],\"inLanguage\":\"ru-RU\"}]}<\/script>\n<!-- \/ Yoast SEO plugin. -->","yoast_head_json":{"title":"K\u00e4te Desinfitseerija - Beauty Institute","robots":{"index":"index","follow":"follow","max-snippet":"max-snippet:-1","max-image-preview":"max-image-preview:large","max-video-preview":"max-video-preview:-1"},"canonical":"https:\/\/beautyinstitute.ee\/toode\/kate-desinfitseerija\/","og_locale":"ru_RU","og_type":"article","og_title":"K\u00e4te Desinfitseerija - Beauty Institute","og_description":"Suurep\u00e4rane k\u00e4te kiireks ja ohutuks desinfitseerimiseks. Tootes olevad toimeained on v\u00e4ga t\u00f5husad bakterite ja mikroobide vastu. Lisaks alkoholile sisaldab toode gl\u00fctseriini. Gl\u00fctseriin varustab nahka niiskusega ja muudab selle pehmeks ning elastseks.","og_url":"https:\/\/beautyinstitute.ee\/toode\/kate-desinfitseerija\/","og_site_name":"Beauty Institute","article_modified_time":"2025-10-07T08:26:53+00:00","og_image":[{"width":1937,"height":2560,"url":"https:\/\/beautyinstitute.ee\/wp-content\/uploads\/2020\/10\/1-scaled.jpg","type":"image\/jpeg"}],"twitter_card":"summary_large_image","twitter_site":"@Beauty_Eesti","schema":{"@context":"https:\/\/schema.org","@graph":[{"@type":"WebPage","@id":"https:\/\/beautyinstitute.ee\/toode\/kate-desinfitseerija\/","url":"https:\/\/beautyinstitute.ee\/toode\/kate-desinfitseerija\/","name":"K\u00e4te Desinfitseerija - Beauty Institute","isPartOf":{"@id":"https:\/\/beautyinstitute.ee\/#website"},"primaryImageOfPage":{"@id":"https:\/\/beautyinstitute.ee\/toode\/kate-desinfitseerija\/#primaryimage"},"image":{"@id":"https:\/\/beautyinstitute.ee\/toode\/kate-desinfitseerija\/#primaryimage"},"thumbnailUrl":"https:\/\/beautyinstitute.ee\/wp-content\/uploads\/2020\/10\/1-scaled.jpg","datePublished":"2020-10-12T08:33:47+00:00","dateModified":"2025-10-07T08:26:53+00:00","breadcrumb":{"@id":"https:\/\/beautyinstitute.ee\/toode\/kate-desinfitseerija\/#breadcrumb"},"inLanguage":"ru-RU","potentialAction":[{"@type":"ReadAction","target":["https:\/\/beautyinstitute.ee\/toode\/kate-desinfitseerija\/"]}]},{"@type":"ImageObject","inLanguage":"ru-RU","@id":"https:\/\/beautyinstitute.ee\/toode\/kate-desinfitseerija\/#primaryimage","url":"https:\/\/beautyinstitute.ee\/wp-content\/uploads\/2020\/10\/1-scaled.jpg","contentUrl":"https:\/\/beautyinstitute.ee\/wp-content\/uploads\/2020\/10\/1-scaled.jpg","width":1937,"height":2560},{"@type":"BreadcrumbList","@id":"https:\/\/beautyinstitute.ee\/toode\/kate-desinfitseerija\/#breadcrumb","itemListElement":[{"@type":"ListItem","position":1,"name":"Home","item":"https:\/\/beautyinstitute.ee\/ru\/"},{"@type":"ListItem","position":2,"name":"E-pood","item":"https:\/\/beautyinstitute.ee\/e-pood\/"},{"@type":"ListItem","position":3,"name":"K\u00e4te Desinfitseerija"}]},{"@type":"WebSite","@id":"https:\/\/beautyinstitute.ee\/#website","url":"https:\/\/beautyinstitute.ee\/","name":"Beauty Institute","description":"CNC Cosmetic ametlik maaletooja ja edasim\u00fc\u00fcja Eestis, Soomes, L\u00e4tis. Aparaadikosmeetika, koolitused, kosmeetikatooted.","potentialAction":[{"@type":"SearchAction","target":{"@type":"EntryPoint","urlTemplate":"https:\/\/beautyinstitute.ee\/?s={search_term_string}"},"query-input":{"@type":"PropertyValueSpecification","valueRequired":true,"valueName":"search_term_string"}}],"inLanguage":"ru-RU"}]}},"_links":{"self":[{"href":"https:\/\/beautyinstitute.ee\/ru\/wp-json\/wp\/v2\/product\/11274","targetHints":{"allow":["GET"]}}],"collection":[{"href":"https:\/\/beautyinstitute.ee\/ru\/wp-json\/wp\/v2\/product"}],"about":[{"href":"https:\/\/beautyinstitute.ee\/ru\/wp-json\/wp\/v2\/types\/product"}],"wp:featuredmedia":[{"embeddable":true,"href":"https:\/\/beautyinstitute.ee\/ru\/wp-json\/wp\/v2\/media\/12287"}],"wp:attachment":[{"href":"https:\/\/beautyinstitute.ee\/ru\/wp-json\/wp\/v2\/media?parent=11274"}],"wp:term":[{"taxonomy":"product_cat","embeddable":true,"href":"https:\/\/beautyinstitute.ee\/ru\/wp-json\/wp\/v2\/product_cat?post=11274"},{"taxonomy":"product_tag","embeddable":true,"href":"https:\/\/beautyinstitute.ee\/ru\/wp-json\/wp\/v2\/product_tag?post=11274"}],"curies":[{"name":"wp","href":"https:\/\/api.w.org\/{rel}","templated":true}]}}