{"id":11320,"date":"2020-09-08T10:58:17","date_gmt":"2020-09-08T07:58:17","guid":{"rendered":"https:\/\/beautyinstitute.ee\/?post_type=product&#038;p=11320"},"modified":"2025-09-16T11:16:18","modified_gmt":"2025-09-16T08:16:18","slug":"display-kabinet","status":"publish","type":"product","link":"https:\/\/beautyinstitute.ee\/ru\/toode\/display-kabinet\/","title":{"rendered":"Display Kabinet"},"content":{"rendered":"<p>Pharma+ display kabineti t\u00f6\u00f6ks.<\/p>\n","protected":false},"excerpt":{"rendered":"<p>Pharma+ display kabineti t\u00f6\u00f6ks.<\/p>\n","protected":false},"featured_media":11321,"template":"","meta":{"_acf_changed":false},"product_cat":[191,214],"product_tag":[],"class_list":["post-11320","product","type-product","status-publish","has-post-thumbnail","hentry","product_cat-kabineti-tooted","product_cat-pharma-uus"],"acf":[],"yoast_head":"<!-- This site is optimized with the Yoast SEO plugin v25.4 - https:\/\/yoast.com\/wordpress\/plugins\/seo\/ -->\n<title>Display Kabinet - Beauty Institute<\/title>\n<meta name=\"robots\" content=\"index, follow, max-snippet:-1, max-image-preview:large, max-video-preview:-1\" \/>\n<link rel=\"canonical\" href=\"https:\/\/beautyinstitute.ee\/toode\/display-kabinet\/\" \/>\n<meta property=\"og:locale\" content=\"ru_RU\" \/>\n<meta property=\"og:type\" content=\"article\" \/>\n<meta property=\"og:title\" content=\"Display Kabinet - Beauty Institute\" \/>\n<meta property=\"og:description\" content=\"Pharma+ display kabineti t\u00f6\u00f6ks.\" \/>\n<meta property=\"og:url\" content=\"https:\/\/beautyinstitute.ee\/toode\/display-kabinet\/\" \/>\n<meta property=\"og:site_name\" content=\"Beauty Institute\" \/>\n<meta property=\"article:modified_time\" content=\"2025-09-16T08:16:18+00:00\" \/>\n<meta property=\"og:image\" content=\"https:\/\/beautyinstitute.ee\/wp-content\/uploads\/2020\/09\/image_PR8226_1-kabinet-display-e1599551813653.jpg\" \/>\n\t<meta property=\"og:image:width\" content=\"1894\" \/>\n\t<meta property=\"og:image:height\" content=\"1919\" \/>\n\t<meta property=\"og:image:type\" content=\"image\/jpeg\" \/>\n<meta name=\"twitter:card\" content=\"summary_large_image\" \/>\n<meta name=\"twitter:site\" content=\"@Beauty_Eesti\" \/>\n<script type=\"application\/ld+json\" class=\"yoast-schema-graph\">{\"@context\":\"https:\/\/schema.org\",\"@graph\":[{\"@type\":\"WebPage\",\"@id\":\"https:\/\/beautyinstitute.ee\/toode\/display-kabinet\/\",\"url\":\"https:\/\/beautyinstitute.ee\/toode\/display-kabinet\/\",\"name\":\"Display Kabinet - Beauty Institute\",\"isPartOf\":{\"@id\":\"https:\/\/beautyinstitute.ee\/#website\"},\"primaryImageOfPage\":{\"@id\":\"https:\/\/beautyinstitute.ee\/toode\/display-kabinet\/#primaryimage\"},\"image\":{\"@id\":\"https:\/\/beautyinstitute.ee\/toode\/display-kabinet\/#primaryimage\"},\"thumbnailUrl\":\"https:\/\/beautyinstitute.ee\/wp-content\/uploads\/2020\/09\/image_PR8226_1-kabinet-display-e1599551813653.jpg\",\"datePublished\":\"2020-09-08T07:58:17+00:00\",\"dateModified\":\"2025-09-16T08:16:18+00:00\",\"breadcrumb\":{\"@id\":\"https:\/\/beautyinstitute.ee\/toode\/display-kabinet\/#breadcrumb\"},\"inLanguage\":\"ru-RU\",\"potentialAction\":[{\"@type\":\"ReadAction\",\"target\":[\"https:\/\/beautyinstitute.ee\/toode\/display-kabinet\/\"]}]},{\"@type\":\"ImageObject\",\"inLanguage\":\"ru-RU\",\"@id\":\"https:\/\/beautyinstitute.ee\/toode\/display-kabinet\/#primaryimage\",\"url\":\"https:\/\/beautyinstitute.ee\/wp-content\/uploads\/2020\/09\/image_PR8226_1-kabinet-display-e1599551813653.jpg\",\"contentUrl\":\"https:\/\/beautyinstitute.ee\/wp-content\/uploads\/2020\/09\/image_PR8226_1-kabinet-display-e1599551813653.jpg\",\"width\":1894,\"height\":1919},{\"@type\":\"BreadcrumbList\",\"@id\":\"https:\/\/beautyinstitute.ee\/toode\/display-kabinet\/#breadcrumb\",\"itemListElement\":[{\"@type\":\"ListItem\",\"position\":1,\"name\":\"Home\",\"item\":\"https:\/\/beautyinstitute.ee\/ru\/\"},{\"@type\":\"ListItem\",\"position\":2,\"name\":\"E-pood\",\"item\":\"https:\/\/beautyinstitute.ee\/e-pood\/\"},{\"@type\":\"ListItem\",\"position\":3,\"name\":\"Display Kabinet\"}]},{\"@type\":\"WebSite\",\"@id\":\"https:\/\/beautyinstitute.ee\/#website\",\"url\":\"https:\/\/beautyinstitute.ee\/\",\"name\":\"Beauty Institute\",\"description\":\"CNC Cosmetic ametlik maaletooja ja edasim\u00fc\u00fcja Eestis, Soomes, L\u00e4tis. Aparaadikosmeetika, koolitused, kosmeetikatooted.\",\"potentialAction\":[{\"@type\":\"SearchAction\",\"target\":{\"@type\":\"EntryPoint\",\"urlTemplate\":\"https:\/\/beautyinstitute.ee\/?s={search_term_string}\"},\"query-input\":{\"@type\":\"PropertyValueSpecification\",\"valueRequired\":true,\"valueName\":\"search_term_string\"}}],\"inLanguage\":\"ru-RU\"}]}<\/script>\n<!-- \/ Yoast SEO plugin. -->","yoast_head_json":{"title":"Display Kabinet - Beauty Institute","robots":{"index":"index","follow":"follow","max-snippet":"max-snippet:-1","max-image-preview":"max-image-preview:large","max-video-preview":"max-video-preview:-1"},"canonical":"https:\/\/beautyinstitute.ee\/toode\/display-kabinet\/","og_locale":"ru_RU","og_type":"article","og_title":"Display Kabinet - Beauty Institute","og_description":"Pharma+ display kabineti t\u00f6\u00f6ks.","og_url":"https:\/\/beautyinstitute.ee\/toode\/display-kabinet\/","og_site_name":"Beauty Institute","article_modified_time":"2025-09-16T08:16:18+00:00","og_image":[{"width":1894,"height":1919,"url":"https:\/\/beautyinstitute.ee\/wp-content\/uploads\/2020\/09\/image_PR8226_1-kabinet-display-e1599551813653.jpg","type":"image\/jpeg"}],"twitter_card":"summary_large_image","twitter_site":"@Beauty_Eesti","schema":{"@context":"https:\/\/schema.org","@graph":[{"@type":"WebPage","@id":"https:\/\/beautyinstitute.ee\/toode\/display-kabinet\/","url":"https:\/\/beautyinstitute.ee\/toode\/display-kabinet\/","name":"Display Kabinet - Beauty Institute","isPartOf":{"@id":"https:\/\/beautyinstitute.ee\/#website"},"primaryImageOfPage":{"@id":"https:\/\/beautyinstitute.ee\/toode\/display-kabinet\/#primaryimage"},"image":{"@id":"https:\/\/beautyinstitute.ee\/toode\/display-kabinet\/#primaryimage"},"thumbnailUrl":"https:\/\/beautyinstitute.ee\/wp-content\/uploads\/2020\/09\/image_PR8226_1-kabinet-display-e1599551813653.jpg","datePublished":"2020-09-08T07:58:17+00:00","dateModified":"2025-09-16T08:16:18+00:00","breadcrumb":{"@id":"https:\/\/beautyinstitute.ee\/toode\/display-kabinet\/#breadcrumb"},"inLanguage":"ru-RU","potentialAction":[{"@type":"ReadAction","target":["https:\/\/beautyinstitute.ee\/toode\/display-kabinet\/"]}]},{"@type":"ImageObject","inLanguage":"ru-RU","@id":"https:\/\/beautyinstitute.ee\/toode\/display-kabinet\/#primaryimage","url":"https:\/\/beautyinstitute.ee\/wp-content\/uploads\/2020\/09\/image_PR8226_1-kabinet-display-e1599551813653.jpg","contentUrl":"https:\/\/beautyinstitute.ee\/wp-content\/uploads\/2020\/09\/image_PR8226_1-kabinet-display-e1599551813653.jpg","width":1894,"height":1919},{"@type":"BreadcrumbList","@id":"https:\/\/beautyinstitute.ee\/toode\/display-kabinet\/#breadcrumb","itemListElement":[{"@type":"ListItem","position":1,"name":"Home","item":"https:\/\/beautyinstitute.ee\/ru\/"},{"@type":"ListItem","position":2,"name":"E-pood","item":"https:\/\/beautyinstitute.ee\/e-pood\/"},{"@type":"ListItem","position":3,"name":"Display Kabinet"}]},{"@type":"WebSite","@id":"https:\/\/beautyinstitute.ee\/#website","url":"https:\/\/beautyinstitute.ee\/","name":"Beauty Institute","description":"CNC Cosmetic ametlik maaletooja ja edasim\u00fc\u00fcja Eestis, Soomes, L\u00e4tis. Aparaadikosmeetika, koolitused, kosmeetikatooted.","potentialAction":[{"@type":"SearchAction","target":{"@type":"EntryPoint","urlTemplate":"https:\/\/beautyinstitute.ee\/?s={search_term_string}"},"query-input":{"@type":"PropertyValueSpecification","valueRequired":true,"valueName":"search_term_string"}}],"inLanguage":"ru-RU"}]}},"_links":{"self":[{"href":"https:\/\/beautyinstitute.ee\/ru\/wp-json\/wp\/v2\/product\/11320","targetHints":{"allow":["GET"]}}],"collection":[{"href":"https:\/\/beautyinstitute.ee\/ru\/wp-json\/wp\/v2\/product"}],"about":[{"href":"https:\/\/beautyinstitute.ee\/ru\/wp-json\/wp\/v2\/types\/product"}],"wp:featuredmedia":[{"embeddable":true,"href":"https:\/\/beautyinstitute.ee\/ru\/wp-json\/wp\/v2\/media\/11321"}],"wp:attachment":[{"href":"https:\/\/beautyinstitute.ee\/ru\/wp-json\/wp\/v2\/media?parent=11320"}],"wp:term":[{"taxonomy":"product_cat","embeddable":true,"href":"https:\/\/beautyinstitute.ee\/ru\/wp-json\/wp\/v2\/product_cat?post=11320"},{"taxonomy":"product_tag","embeddable":true,"href":"https:\/\/beautyinstitute.ee\/ru\/wp-json\/wp\/v2\/product_tag?post=11320"}],"curies":[{"name":"wp","href":"https:\/\/api.w.org\/{rel}","templated":true}]}}