{"id":12376,"date":"2020-10-22T11:46:38","date_gmt":"2020-10-22T08:46:38","guid":{"rendered":"https:\/\/beautyinstitute.ee\/?post_type=product&#038;p=12376"},"modified":"2025-08-14T14:49:45","modified_gmt":"2025-08-14T11:49:45","slug":"segamis-nou-roostevabast-terasest-70-mm","status":"publish","type":"product","link":"https:\/\/beautyinstitute.ee\/ru\/toode\/segamis-nou-roostevabast-terasest-70-mm\/","title":{"rendered":"Segamiskauss, Roostevabast Terasest, 70 Mm"},"content":{"rendered":"<p>Kolmes erinevas suuruses roostevabast terasest kausid.<\/p>\n<p>Sobivad n\u00e4iteks maskide v\u00f5i kontsentraatide segamiseks.<\/p>\n","protected":false},"excerpt":{"rendered":"<p>Kolmes erinevas suuruses roostevabast terasest kausid. Sobivad n\u00e4iteks maskide v\u00f5i kontsentraatide segamiseks.<\/p>\n","protected":false},"featured_media":12377,"template":"","meta":{"_acf_changed":false},"product_cat":[191],"product_tag":[],"class_list":["post-12376","product","type-product","status-publish","has-post-thumbnail","hentry","product_cat-kabineti-tooted"],"acf":[],"yoast_head":"<!-- This site is optimized with the Yoast SEO plugin v25.4 - https:\/\/yoast.com\/wordpress\/plugins\/seo\/ -->\n<title>Segamiskauss, Roostevabast Terasest, 70 Mm - Beauty Institute<\/title>\n<meta name=\"robots\" content=\"index, follow, max-snippet:-1, max-image-preview:large, max-video-preview:-1\" \/>\n<link rel=\"canonical\" href=\"https:\/\/beautyinstitute.ee\/toode\/segamis-nou-roostevabast-terasest-70-mm\/\" \/>\n<meta property=\"og:locale\" content=\"ru_RU\" \/>\n<meta property=\"og:type\" content=\"article\" \/>\n<meta property=\"og:title\" content=\"Segamiskauss, Roostevabast Terasest, 70 Mm - Beauty Institute\" \/>\n<meta property=\"og:description\" content=\"Kolmes erinevas suuruses roostevabast terasest kausid. Sobivad n\u00e4iteks maskide v\u00f5i kontsentraatide segamiseks.\" \/>\n<meta property=\"og:url\" content=\"https:\/\/beautyinstitute.ee\/toode\/segamis-nou-roostevabast-terasest-70-mm\/\" \/>\n<meta property=\"og:site_name\" content=\"Beauty Institute\" \/>\n<meta property=\"article:modified_time\" content=\"2025-08-14T11:49:45+00:00\" \/>\n<meta property=\"og:image\" content=\"https:\/\/beautyinstitute.ee\/wp-content\/uploads\/2020\/10\/60-70-80kauss-1-scaled.jpg\" \/>\n\t<meta property=\"og:image:width\" content=\"2412\" \/>\n\t<meta property=\"og:image:height\" content=\"2560\" \/>\n\t<meta property=\"og:image:type\" content=\"image\/jpeg\" \/>\n<meta name=\"twitter:card\" content=\"summary_large_image\" \/>\n<meta name=\"twitter:site\" content=\"@Beauty_Eesti\" \/>\n<meta name=\"twitter:label1\" content=\"\u041f\u0440\u0438\u043c\u0435\u0440\u043d\u043e\u0435 \u0432\u0440\u0435\u043c\u044f \u0434\u043b\u044f \u0447\u0442\u0435\u043d\u0438\u044f\" \/>\n\t<meta name=\"twitter:data1\" content=\"1 \u043c\u0438\u043d\u0443\u0442\u0430\" \/>\n<script type=\"application\/ld+json\" class=\"yoast-schema-graph\">{\"@context\":\"https:\/\/schema.org\",\"@graph\":[{\"@type\":\"WebPage\",\"@id\":\"https:\/\/beautyinstitute.ee\/toode\/segamis-nou-roostevabast-terasest-70-mm\/\",\"url\":\"https:\/\/beautyinstitute.ee\/toode\/segamis-nou-roostevabast-terasest-70-mm\/\",\"name\":\"Segamiskauss, Roostevabast Terasest, 70 Mm - Beauty Institute\",\"isPartOf\":{\"@id\":\"https:\/\/beautyinstitute.ee\/#website\"},\"primaryImageOfPage\":{\"@id\":\"https:\/\/beautyinstitute.ee\/toode\/segamis-nou-roostevabast-terasest-70-mm\/#primaryimage\"},\"image\":{\"@id\":\"https:\/\/beautyinstitute.ee\/toode\/segamis-nou-roostevabast-terasest-70-mm\/#primaryimage\"},\"thumbnailUrl\":\"https:\/\/beautyinstitute.ee\/wp-content\/uploads\/2020\/10\/60-70-80kauss-1-scaled.jpg\",\"datePublished\":\"2020-10-22T08:46:38+00:00\",\"dateModified\":\"2025-08-14T11:49:45+00:00\",\"breadcrumb\":{\"@id\":\"https:\/\/beautyinstitute.ee\/toode\/segamis-nou-roostevabast-terasest-70-mm\/#breadcrumb\"},\"inLanguage\":\"ru-RU\",\"potentialAction\":[{\"@type\":\"ReadAction\",\"target\":[\"https:\/\/beautyinstitute.ee\/toode\/segamis-nou-roostevabast-terasest-70-mm\/\"]}]},{\"@type\":\"ImageObject\",\"inLanguage\":\"ru-RU\",\"@id\":\"https:\/\/beautyinstitute.ee\/toode\/segamis-nou-roostevabast-terasest-70-mm\/#primaryimage\",\"url\":\"https:\/\/beautyinstitute.ee\/wp-content\/uploads\/2020\/10\/60-70-80kauss-1-scaled.jpg\",\"contentUrl\":\"https:\/\/beautyinstitute.ee\/wp-content\/uploads\/2020\/10\/60-70-80kauss-1-scaled.jpg\",\"width\":2412,\"height\":2560},{\"@type\":\"BreadcrumbList\",\"@id\":\"https:\/\/beautyinstitute.ee\/toode\/segamis-nou-roostevabast-terasest-70-mm\/#breadcrumb\",\"itemListElement\":[{\"@type\":\"ListItem\",\"position\":1,\"name\":\"Home\",\"item\":\"https:\/\/beautyinstitute.ee\/ru\/\"},{\"@type\":\"ListItem\",\"position\":2,\"name\":\"E-pood\",\"item\":\"https:\/\/beautyinstitute.ee\/e-pood\/\"},{\"@type\":\"ListItem\",\"position\":3,\"name\":\"Segamiskauss, Roostevabast Terasest, 70 Mm\"}]},{\"@type\":\"WebSite\",\"@id\":\"https:\/\/beautyinstitute.ee\/#website\",\"url\":\"https:\/\/beautyinstitute.ee\/\",\"name\":\"Beauty Institute\",\"description\":\"CNC Cosmetic ametlik maaletooja ja edasim\u00fc\u00fcja Eestis, Soomes, L\u00e4tis. Aparaadikosmeetika, koolitused, kosmeetikatooted.\",\"potentialAction\":[{\"@type\":\"SearchAction\",\"target\":{\"@type\":\"EntryPoint\",\"urlTemplate\":\"https:\/\/beautyinstitute.ee\/?s={search_term_string}\"},\"query-input\":{\"@type\":\"PropertyValueSpecification\",\"valueRequired\":true,\"valueName\":\"search_term_string\"}}],\"inLanguage\":\"ru-RU\"}]}<\/script>\n<!-- \/ Yoast SEO plugin. -->","yoast_head_json":{"title":"Segamiskauss, Roostevabast Terasest, 70 Mm - Beauty Institute","robots":{"index":"index","follow":"follow","max-snippet":"max-snippet:-1","max-image-preview":"max-image-preview:large","max-video-preview":"max-video-preview:-1"},"canonical":"https:\/\/beautyinstitute.ee\/toode\/segamis-nou-roostevabast-terasest-70-mm\/","og_locale":"ru_RU","og_type":"article","og_title":"Segamiskauss, Roostevabast Terasest, 70 Mm - Beauty Institute","og_description":"Kolmes erinevas suuruses roostevabast terasest kausid. Sobivad n\u00e4iteks maskide v\u00f5i kontsentraatide segamiseks.","og_url":"https:\/\/beautyinstitute.ee\/toode\/segamis-nou-roostevabast-terasest-70-mm\/","og_site_name":"Beauty Institute","article_modified_time":"2025-08-14T11:49:45+00:00","og_image":[{"width":2412,"height":2560,"url":"https:\/\/beautyinstitute.ee\/wp-content\/uploads\/2020\/10\/60-70-80kauss-1-scaled.jpg","type":"image\/jpeg"}],"twitter_card":"summary_large_image","twitter_site":"@Beauty_Eesti","twitter_misc":{"\u041f\u0440\u0438\u043c\u0435\u0440\u043d\u043e\u0435 \u0432\u0440\u0435\u043c\u044f \u0434\u043b\u044f \u0447\u0442\u0435\u043d\u0438\u044f":"1 \u043c\u0438\u043d\u0443\u0442\u0430"},"schema":{"@context":"https:\/\/schema.org","@graph":[{"@type":"WebPage","@id":"https:\/\/beautyinstitute.ee\/toode\/segamis-nou-roostevabast-terasest-70-mm\/","url":"https:\/\/beautyinstitute.ee\/toode\/segamis-nou-roostevabast-terasest-70-mm\/","name":"Segamiskauss, Roostevabast Terasest, 70 Mm - Beauty Institute","isPartOf":{"@id":"https:\/\/beautyinstitute.ee\/#website"},"primaryImageOfPage":{"@id":"https:\/\/beautyinstitute.ee\/toode\/segamis-nou-roostevabast-terasest-70-mm\/#primaryimage"},"image":{"@id":"https:\/\/beautyinstitute.ee\/toode\/segamis-nou-roostevabast-terasest-70-mm\/#primaryimage"},"thumbnailUrl":"https:\/\/beautyinstitute.ee\/wp-content\/uploads\/2020\/10\/60-70-80kauss-1-scaled.jpg","datePublished":"2020-10-22T08:46:38+00:00","dateModified":"2025-08-14T11:49:45+00:00","breadcrumb":{"@id":"https:\/\/beautyinstitute.ee\/toode\/segamis-nou-roostevabast-terasest-70-mm\/#breadcrumb"},"inLanguage":"ru-RU","potentialAction":[{"@type":"ReadAction","target":["https:\/\/beautyinstitute.ee\/toode\/segamis-nou-roostevabast-terasest-70-mm\/"]}]},{"@type":"ImageObject","inLanguage":"ru-RU","@id":"https:\/\/beautyinstitute.ee\/toode\/segamis-nou-roostevabast-terasest-70-mm\/#primaryimage","url":"https:\/\/beautyinstitute.ee\/wp-content\/uploads\/2020\/10\/60-70-80kauss-1-scaled.jpg","contentUrl":"https:\/\/beautyinstitute.ee\/wp-content\/uploads\/2020\/10\/60-70-80kauss-1-scaled.jpg","width":2412,"height":2560},{"@type":"BreadcrumbList","@id":"https:\/\/beautyinstitute.ee\/toode\/segamis-nou-roostevabast-terasest-70-mm\/#breadcrumb","itemListElement":[{"@type":"ListItem","position":1,"name":"Home","item":"https:\/\/beautyinstitute.ee\/ru\/"},{"@type":"ListItem","position":2,"name":"E-pood","item":"https:\/\/beautyinstitute.ee\/e-pood\/"},{"@type":"ListItem","position":3,"name":"Segamiskauss, Roostevabast Terasest, 70 Mm"}]},{"@type":"WebSite","@id":"https:\/\/beautyinstitute.ee\/#website","url":"https:\/\/beautyinstitute.ee\/","name":"Beauty Institute","description":"CNC Cosmetic ametlik maaletooja ja edasim\u00fc\u00fcja Eestis, Soomes, L\u00e4tis. Aparaadikosmeetika, koolitused, kosmeetikatooted.","potentialAction":[{"@type":"SearchAction","target":{"@type":"EntryPoint","urlTemplate":"https:\/\/beautyinstitute.ee\/?s={search_term_string}"},"query-input":{"@type":"PropertyValueSpecification","valueRequired":true,"valueName":"search_term_string"}}],"inLanguage":"ru-RU"}]}},"_links":{"self":[{"href":"https:\/\/beautyinstitute.ee\/ru\/wp-json\/wp\/v2\/product\/12376","targetHints":{"allow":["GET"]}}],"collection":[{"href":"https:\/\/beautyinstitute.ee\/ru\/wp-json\/wp\/v2\/product"}],"about":[{"href":"https:\/\/beautyinstitute.ee\/ru\/wp-json\/wp\/v2\/types\/product"}],"wp:featuredmedia":[{"embeddable":true,"href":"https:\/\/beautyinstitute.ee\/ru\/wp-json\/wp\/v2\/media\/12377"}],"wp:attachment":[{"href":"https:\/\/beautyinstitute.ee\/ru\/wp-json\/wp\/v2\/media?parent=12376"}],"wp:term":[{"taxonomy":"product_cat","embeddable":true,"href":"https:\/\/beautyinstitute.ee\/ru\/wp-json\/wp\/v2\/product_cat?post=12376"},{"taxonomy":"product_tag","embeddable":true,"href":"https:\/\/beautyinstitute.ee\/ru\/wp-json\/wp\/v2\/product_tag?post=12376"}],"curies":[{"name":"wp","href":"https:\/\/api.w.org\/{rel}","templated":true}]}}