{"id":12380,"date":"2020-10-22T12:06:17","date_gmt":"2020-10-22T09:06:17","guid":{"rendered":"https:\/\/beautyinstitute.ee\/?post_type=product&#038;p=12380"},"modified":"2026-04-15T10:44:09","modified_gmt":"2026-04-15T07:44:09","slug":"instrumendikarp-nupuga-kaanega","status":"publish","type":"product","link":"https:\/\/beautyinstitute.ee\/ru\/toode\/instrumendikarp-nupuga-kaanega\/","title":{"rendered":"Instrumendikarp, Nupuga Kaas"},"content":{"rendered":"<p>Roostevabast terasest 230 x 125 x 50 mm, kaanega.<\/p>\n","protected":false},"excerpt":{"rendered":"<p>Roostevabast terasest 230 x 125 x 50 mm, kaanega.<\/p>\n","protected":false},"featured_media":12223,"template":"","meta":{"_acf_changed":false},"product_cat":[191],"product_tag":[],"class_list":["post-12380","product","type-product","status-publish","has-post-thumbnail","hentry","product_cat-kabineti-tooted"],"acf":[],"yoast_head":"<!-- This site is optimized with the Yoast SEO plugin v25.4 - https:\/\/yoast.com\/wordpress\/plugins\/seo\/ -->\n<title>Instrumendikarp, Nupuga Kaas - Beauty Institute<\/title>\n<meta name=\"robots\" content=\"index, follow, max-snippet:-1, max-image-preview:large, max-video-preview:-1\" \/>\n<link rel=\"canonical\" href=\"https:\/\/beautyinstitute.ee\/toode\/instrumendikarp-nupuga-kaanega\/\" \/>\n<meta property=\"og:locale\" content=\"ru_RU\" \/>\n<meta property=\"og:type\" content=\"article\" \/>\n<meta property=\"og:title\" content=\"Instrumendikarp, Nupuga Kaas - Beauty Institute\" \/>\n<meta property=\"og:description\" content=\"Roostevabast terasest 230 x 125 x 50 mm, kaanega.\" \/>\n<meta property=\"og:url\" content=\"https:\/\/beautyinstitute.ee\/toode\/instrumendikarp-nupuga-kaanega\/\" \/>\n<meta property=\"og:site_name\" content=\"Beauty Institute\" \/>\n<meta property=\"article:modified_time\" content=\"2026-04-15T07:44:09+00:00\" \/>\n<meta property=\"og:image\" content=\"https:\/\/beautyinstitute.ee\/wp-content\/uploads\/2020\/10\/kaanega-instrumentide-karp.jpg\" \/>\n\t<meta property=\"og:image:width\" content=\"2480\" \/>\n\t<meta property=\"og:image:height\" content=\"2513\" \/>\n\t<meta property=\"og:image:type\" content=\"image\/jpeg\" \/>\n<meta name=\"twitter:card\" content=\"summary_large_image\" \/>\n<meta name=\"twitter:site\" content=\"@Beauty_Eesti\" \/>\n<script type=\"application\/ld+json\" class=\"yoast-schema-graph\">{\"@context\":\"https:\/\/schema.org\",\"@graph\":[{\"@type\":\"WebPage\",\"@id\":\"https:\/\/beautyinstitute.ee\/toode\/instrumendikarp-nupuga-kaanega\/\",\"url\":\"https:\/\/beautyinstitute.ee\/toode\/instrumendikarp-nupuga-kaanega\/\",\"name\":\"Instrumendikarp, Nupuga Kaas - Beauty Institute\",\"isPartOf\":{\"@id\":\"https:\/\/beautyinstitute.ee\/#website\"},\"primaryImageOfPage\":{\"@id\":\"https:\/\/beautyinstitute.ee\/toode\/instrumendikarp-nupuga-kaanega\/#primaryimage\"},\"image\":{\"@id\":\"https:\/\/beautyinstitute.ee\/toode\/instrumendikarp-nupuga-kaanega\/#primaryimage\"},\"thumbnailUrl\":\"https:\/\/beautyinstitute.ee\/wp-content\/uploads\/2020\/10\/kaanega-instrumentide-karp.jpg\",\"datePublished\":\"2020-10-22T09:06:17+00:00\",\"dateModified\":\"2026-04-15T07:44:09+00:00\",\"breadcrumb\":{\"@id\":\"https:\/\/beautyinstitute.ee\/toode\/instrumendikarp-nupuga-kaanega\/#breadcrumb\"},\"inLanguage\":\"ru-RU\",\"potentialAction\":[{\"@type\":\"ReadAction\",\"target\":[\"https:\/\/beautyinstitute.ee\/toode\/instrumendikarp-nupuga-kaanega\/\"]}]},{\"@type\":\"ImageObject\",\"inLanguage\":\"ru-RU\",\"@id\":\"https:\/\/beautyinstitute.ee\/toode\/instrumendikarp-nupuga-kaanega\/#primaryimage\",\"url\":\"https:\/\/beautyinstitute.ee\/wp-content\/uploads\/2020\/10\/kaanega-instrumentide-karp.jpg\",\"contentUrl\":\"https:\/\/beautyinstitute.ee\/wp-content\/uploads\/2020\/10\/kaanega-instrumentide-karp.jpg\",\"width\":2480,\"height\":2513},{\"@type\":\"BreadcrumbList\",\"@id\":\"https:\/\/beautyinstitute.ee\/toode\/instrumendikarp-nupuga-kaanega\/#breadcrumb\",\"itemListElement\":[{\"@type\":\"ListItem\",\"position\":1,\"name\":\"Home\",\"item\":\"https:\/\/beautyinstitute.ee\/ru\/\"},{\"@type\":\"ListItem\",\"position\":2,\"name\":\"E-pood\",\"item\":\"https:\/\/beautyinstitute.ee\/e-pood\/\"},{\"@type\":\"ListItem\",\"position\":3,\"name\":\"Instrumendikarp, Nupuga Kaas\"}]},{\"@type\":\"WebSite\",\"@id\":\"https:\/\/beautyinstitute.ee\/#website\",\"url\":\"https:\/\/beautyinstitute.ee\/\",\"name\":\"Beauty Institute\",\"description\":\"CNC Cosmetic ametlik maaletooja ja edasim\u00fc\u00fcja Eestis, Soomes, L\u00e4tis. Aparaadikosmeetika, koolitused, kosmeetikatooted.\",\"potentialAction\":[{\"@type\":\"SearchAction\",\"target\":{\"@type\":\"EntryPoint\",\"urlTemplate\":\"https:\/\/beautyinstitute.ee\/?s={search_term_string}\"},\"query-input\":{\"@type\":\"PropertyValueSpecification\",\"valueRequired\":true,\"valueName\":\"search_term_string\"}}],\"inLanguage\":\"ru-RU\"}]}<\/script>\n<!-- \/ Yoast SEO plugin. -->","yoast_head_json":{"title":"Instrumendikarp, Nupuga Kaas - Beauty Institute","robots":{"index":"index","follow":"follow","max-snippet":"max-snippet:-1","max-image-preview":"max-image-preview:large","max-video-preview":"max-video-preview:-1"},"canonical":"https:\/\/beautyinstitute.ee\/toode\/instrumendikarp-nupuga-kaanega\/","og_locale":"ru_RU","og_type":"article","og_title":"Instrumendikarp, Nupuga Kaas - Beauty Institute","og_description":"Roostevabast terasest 230 x 125 x 50 mm, kaanega.","og_url":"https:\/\/beautyinstitute.ee\/toode\/instrumendikarp-nupuga-kaanega\/","og_site_name":"Beauty Institute","article_modified_time":"2026-04-15T07:44:09+00:00","og_image":[{"width":2480,"height":2513,"url":"https:\/\/beautyinstitute.ee\/wp-content\/uploads\/2020\/10\/kaanega-instrumentide-karp.jpg","type":"image\/jpeg"}],"twitter_card":"summary_large_image","twitter_site":"@Beauty_Eesti","schema":{"@context":"https:\/\/schema.org","@graph":[{"@type":"WebPage","@id":"https:\/\/beautyinstitute.ee\/toode\/instrumendikarp-nupuga-kaanega\/","url":"https:\/\/beautyinstitute.ee\/toode\/instrumendikarp-nupuga-kaanega\/","name":"Instrumendikarp, Nupuga Kaas - Beauty Institute","isPartOf":{"@id":"https:\/\/beautyinstitute.ee\/#website"},"primaryImageOfPage":{"@id":"https:\/\/beautyinstitute.ee\/toode\/instrumendikarp-nupuga-kaanega\/#primaryimage"},"image":{"@id":"https:\/\/beautyinstitute.ee\/toode\/instrumendikarp-nupuga-kaanega\/#primaryimage"},"thumbnailUrl":"https:\/\/beautyinstitute.ee\/wp-content\/uploads\/2020\/10\/kaanega-instrumentide-karp.jpg","datePublished":"2020-10-22T09:06:17+00:00","dateModified":"2026-04-15T07:44:09+00:00","breadcrumb":{"@id":"https:\/\/beautyinstitute.ee\/toode\/instrumendikarp-nupuga-kaanega\/#breadcrumb"},"inLanguage":"ru-RU","potentialAction":[{"@type":"ReadAction","target":["https:\/\/beautyinstitute.ee\/toode\/instrumendikarp-nupuga-kaanega\/"]}]},{"@type":"ImageObject","inLanguage":"ru-RU","@id":"https:\/\/beautyinstitute.ee\/toode\/instrumendikarp-nupuga-kaanega\/#primaryimage","url":"https:\/\/beautyinstitute.ee\/wp-content\/uploads\/2020\/10\/kaanega-instrumentide-karp.jpg","contentUrl":"https:\/\/beautyinstitute.ee\/wp-content\/uploads\/2020\/10\/kaanega-instrumentide-karp.jpg","width":2480,"height":2513},{"@type":"BreadcrumbList","@id":"https:\/\/beautyinstitute.ee\/toode\/instrumendikarp-nupuga-kaanega\/#breadcrumb","itemListElement":[{"@type":"ListItem","position":1,"name":"Home","item":"https:\/\/beautyinstitute.ee\/ru\/"},{"@type":"ListItem","position":2,"name":"E-pood","item":"https:\/\/beautyinstitute.ee\/e-pood\/"},{"@type":"ListItem","position":3,"name":"Instrumendikarp, Nupuga Kaas"}]},{"@type":"WebSite","@id":"https:\/\/beautyinstitute.ee\/#website","url":"https:\/\/beautyinstitute.ee\/","name":"Beauty Institute","description":"CNC Cosmetic ametlik maaletooja ja edasim\u00fc\u00fcja Eestis, Soomes, L\u00e4tis. Aparaadikosmeetika, koolitused, kosmeetikatooted.","potentialAction":[{"@type":"SearchAction","target":{"@type":"EntryPoint","urlTemplate":"https:\/\/beautyinstitute.ee\/?s={search_term_string}"},"query-input":{"@type":"PropertyValueSpecification","valueRequired":true,"valueName":"search_term_string"}}],"inLanguage":"ru-RU"}]}},"_links":{"self":[{"href":"https:\/\/beautyinstitute.ee\/ru\/wp-json\/wp\/v2\/product\/12380","targetHints":{"allow":["GET"]}}],"collection":[{"href":"https:\/\/beautyinstitute.ee\/ru\/wp-json\/wp\/v2\/product"}],"about":[{"href":"https:\/\/beautyinstitute.ee\/ru\/wp-json\/wp\/v2\/types\/product"}],"wp:featuredmedia":[{"embeddable":true,"href":"https:\/\/beautyinstitute.ee\/ru\/wp-json\/wp\/v2\/media\/12223"}],"wp:attachment":[{"href":"https:\/\/beautyinstitute.ee\/ru\/wp-json\/wp\/v2\/media?parent=12380"}],"wp:term":[{"taxonomy":"product_cat","embeddable":true,"href":"https:\/\/beautyinstitute.ee\/ru\/wp-json\/wp\/v2\/product_cat?post=12380"},{"taxonomy":"product_tag","embeddable":true,"href":"https:\/\/beautyinstitute.ee\/ru\/wp-json\/wp\/v2\/product_tag?post=12380"}],"curies":[{"name":"wp","href":"https:\/\/api.w.org\/{rel}","templated":true}]}}