{"id":13315,"date":"2021-01-26T15:12:34","date_gmt":"2021-01-26T13:12:34","guid":{"rendered":"https:\/\/beautyinstitute.ee\/?post_type=product&#038;p=13315"},"modified":"2026-02-18T13:41:07","modified_gmt":"2026-02-18T11:41:07","slug":"derma-line-kabuki-ovaalne-pintsel","status":"publish","type":"product","link":"https:\/\/beautyinstitute.ee\/ru\/toode\/derma-line-kabuki-ovaalne-pintsel\/","title":{"rendered":"Derma Line Kabuki Ovaalne Pintsel"},"content":{"rendered":"<p>Kvaliteetne s\u00fcnteetiline karv.<\/p>\n<p>Pikkus umbes 6 cm, \u00d8 2.5 cm<\/p>\n","protected":false},"excerpt":{"rendered":"<p>Kvaliteetne s\u00fcnteetiline karv. Pikkus umbes 6 cm, \u00d8 2.5 cm<\/p>\n","protected":false},"featured_media":13316,"template":"","meta":{"_acf_changed":false},"product_cat":[253],"product_tag":[],"class_list":["post-13315","product","type-product","status-publish","has-post-thumbnail","hentry","product_cat-jumestustooted"],"acf":[],"yoast_head":"<!-- This site is optimized with the Yoast SEO plugin v25.4 - https:\/\/yoast.com\/wordpress\/plugins\/seo\/ -->\n<title>Derma Line Kabuki Ovaalne Pintsel - Beauty Institute<\/title>\n<meta name=\"robots\" content=\"index, follow, max-snippet:-1, max-image-preview:large, max-video-preview:-1\" \/>\n<link rel=\"canonical\" href=\"https:\/\/beautyinstitute.ee\/toode\/derma-line-kabuki-ovaalne-pintsel\/\" \/>\n<meta property=\"og:locale\" content=\"ru_RU\" \/>\n<meta property=\"og:type\" content=\"article\" \/>\n<meta property=\"og:title\" content=\"Derma Line Kabuki Ovaalne Pintsel - Beauty Institute\" \/>\n<meta property=\"og:description\" content=\"Kvaliteetne s\u00fcnteetiline karv. Pikkus umbes 6 cm, \u00d8 2.5 cm\" \/>\n<meta property=\"og:url\" content=\"https:\/\/beautyinstitute.ee\/toode\/derma-line-kabuki-ovaalne-pintsel\/\" \/>\n<meta property=\"og:site_name\" content=\"Beauty Institute\" \/>\n<meta property=\"article:modified_time\" content=\"2026-02-18T11:41:07+00:00\" \/>\n<meta property=\"og:image\" content=\"https:\/\/beautyinstitute.ee\/wp-content\/uploads\/2021\/01\/image_411181_1.jpg\" \/>\n\t<meta property=\"og:image:width\" content=\"1500\" \/>\n\t<meta property=\"og:image:height\" content=\"1422\" \/>\n\t<meta property=\"og:image:type\" content=\"image\/jpeg\" \/>\n<meta name=\"twitter:card\" content=\"summary_large_image\" \/>\n<meta name=\"twitter:site\" content=\"@Beauty_Eesti\" \/>\n<script type=\"application\/ld+json\" class=\"yoast-schema-graph\">{\"@context\":\"https:\/\/schema.org\",\"@graph\":[{\"@type\":\"WebPage\",\"@id\":\"https:\/\/beautyinstitute.ee\/toode\/derma-line-kabuki-ovaalne-pintsel\/\",\"url\":\"https:\/\/beautyinstitute.ee\/toode\/derma-line-kabuki-ovaalne-pintsel\/\",\"name\":\"Derma Line Kabuki Ovaalne Pintsel - Beauty Institute\",\"isPartOf\":{\"@id\":\"https:\/\/beautyinstitute.ee\/#website\"},\"primaryImageOfPage\":{\"@id\":\"https:\/\/beautyinstitute.ee\/toode\/derma-line-kabuki-ovaalne-pintsel\/#primaryimage\"},\"image\":{\"@id\":\"https:\/\/beautyinstitute.ee\/toode\/derma-line-kabuki-ovaalne-pintsel\/#primaryimage\"},\"thumbnailUrl\":\"https:\/\/beautyinstitute.ee\/wp-content\/uploads\/2021\/01\/image_411181_1.jpg\",\"datePublished\":\"2021-01-26T13:12:34+00:00\",\"dateModified\":\"2026-02-18T11:41:07+00:00\",\"breadcrumb\":{\"@id\":\"https:\/\/beautyinstitute.ee\/toode\/derma-line-kabuki-ovaalne-pintsel\/#breadcrumb\"},\"inLanguage\":\"ru-RU\",\"potentialAction\":[{\"@type\":\"ReadAction\",\"target\":[\"https:\/\/beautyinstitute.ee\/toode\/derma-line-kabuki-ovaalne-pintsel\/\"]}]},{\"@type\":\"ImageObject\",\"inLanguage\":\"ru-RU\",\"@id\":\"https:\/\/beautyinstitute.ee\/toode\/derma-line-kabuki-ovaalne-pintsel\/#primaryimage\",\"url\":\"https:\/\/beautyinstitute.ee\/wp-content\/uploads\/2021\/01\/image_411181_1.jpg\",\"contentUrl\":\"https:\/\/beautyinstitute.ee\/wp-content\/uploads\/2021\/01\/image_411181_1.jpg\",\"width\":1500,\"height\":1422},{\"@type\":\"BreadcrumbList\",\"@id\":\"https:\/\/beautyinstitute.ee\/toode\/derma-line-kabuki-ovaalne-pintsel\/#breadcrumb\",\"itemListElement\":[{\"@type\":\"ListItem\",\"position\":1,\"name\":\"Home\",\"item\":\"https:\/\/beautyinstitute.ee\/ru\/\"},{\"@type\":\"ListItem\",\"position\":2,\"name\":\"E-pood\",\"item\":\"https:\/\/beautyinstitute.ee\/e-pood\/\"},{\"@type\":\"ListItem\",\"position\":3,\"name\":\"Derma Line Kabuki Ovaalne Pintsel\"}]},{\"@type\":\"WebSite\",\"@id\":\"https:\/\/beautyinstitute.ee\/#website\",\"url\":\"https:\/\/beautyinstitute.ee\/\",\"name\":\"Beauty Institute\",\"description\":\"CNC Cosmetic ametlik maaletooja ja edasim\u00fc\u00fcja Eestis, Soomes, L\u00e4tis. Aparaadikosmeetika, koolitused, kosmeetikatooted.\",\"potentialAction\":[{\"@type\":\"SearchAction\",\"target\":{\"@type\":\"EntryPoint\",\"urlTemplate\":\"https:\/\/beautyinstitute.ee\/?s={search_term_string}\"},\"query-input\":{\"@type\":\"PropertyValueSpecification\",\"valueRequired\":true,\"valueName\":\"search_term_string\"}}],\"inLanguage\":\"ru-RU\"}]}<\/script>\n<!-- \/ Yoast SEO plugin. -->","yoast_head_json":{"title":"Derma Line Kabuki Ovaalne Pintsel - Beauty Institute","robots":{"index":"index","follow":"follow","max-snippet":"max-snippet:-1","max-image-preview":"max-image-preview:large","max-video-preview":"max-video-preview:-1"},"canonical":"https:\/\/beautyinstitute.ee\/toode\/derma-line-kabuki-ovaalne-pintsel\/","og_locale":"ru_RU","og_type":"article","og_title":"Derma Line Kabuki Ovaalne Pintsel - Beauty Institute","og_description":"Kvaliteetne s\u00fcnteetiline karv. Pikkus umbes 6 cm, \u00d8 2.5 cm","og_url":"https:\/\/beautyinstitute.ee\/toode\/derma-line-kabuki-ovaalne-pintsel\/","og_site_name":"Beauty Institute","article_modified_time":"2026-02-18T11:41:07+00:00","og_image":[{"width":1500,"height":1422,"url":"https:\/\/beautyinstitute.ee\/wp-content\/uploads\/2021\/01\/image_411181_1.jpg","type":"image\/jpeg"}],"twitter_card":"summary_large_image","twitter_site":"@Beauty_Eesti","schema":{"@context":"https:\/\/schema.org","@graph":[{"@type":"WebPage","@id":"https:\/\/beautyinstitute.ee\/toode\/derma-line-kabuki-ovaalne-pintsel\/","url":"https:\/\/beautyinstitute.ee\/toode\/derma-line-kabuki-ovaalne-pintsel\/","name":"Derma Line Kabuki Ovaalne Pintsel - Beauty Institute","isPartOf":{"@id":"https:\/\/beautyinstitute.ee\/#website"},"primaryImageOfPage":{"@id":"https:\/\/beautyinstitute.ee\/toode\/derma-line-kabuki-ovaalne-pintsel\/#primaryimage"},"image":{"@id":"https:\/\/beautyinstitute.ee\/toode\/derma-line-kabuki-ovaalne-pintsel\/#primaryimage"},"thumbnailUrl":"https:\/\/beautyinstitute.ee\/wp-content\/uploads\/2021\/01\/image_411181_1.jpg","datePublished":"2021-01-26T13:12:34+00:00","dateModified":"2026-02-18T11:41:07+00:00","breadcrumb":{"@id":"https:\/\/beautyinstitute.ee\/toode\/derma-line-kabuki-ovaalne-pintsel\/#breadcrumb"},"inLanguage":"ru-RU","potentialAction":[{"@type":"ReadAction","target":["https:\/\/beautyinstitute.ee\/toode\/derma-line-kabuki-ovaalne-pintsel\/"]}]},{"@type":"ImageObject","inLanguage":"ru-RU","@id":"https:\/\/beautyinstitute.ee\/toode\/derma-line-kabuki-ovaalne-pintsel\/#primaryimage","url":"https:\/\/beautyinstitute.ee\/wp-content\/uploads\/2021\/01\/image_411181_1.jpg","contentUrl":"https:\/\/beautyinstitute.ee\/wp-content\/uploads\/2021\/01\/image_411181_1.jpg","width":1500,"height":1422},{"@type":"BreadcrumbList","@id":"https:\/\/beautyinstitute.ee\/toode\/derma-line-kabuki-ovaalne-pintsel\/#breadcrumb","itemListElement":[{"@type":"ListItem","position":1,"name":"Home","item":"https:\/\/beautyinstitute.ee\/ru\/"},{"@type":"ListItem","position":2,"name":"E-pood","item":"https:\/\/beautyinstitute.ee\/e-pood\/"},{"@type":"ListItem","position":3,"name":"Derma Line Kabuki Ovaalne Pintsel"}]},{"@type":"WebSite","@id":"https:\/\/beautyinstitute.ee\/#website","url":"https:\/\/beautyinstitute.ee\/","name":"Beauty Institute","description":"CNC Cosmetic ametlik maaletooja ja edasim\u00fc\u00fcja Eestis, Soomes, L\u00e4tis. Aparaadikosmeetika, koolitused, kosmeetikatooted.","potentialAction":[{"@type":"SearchAction","target":{"@type":"EntryPoint","urlTemplate":"https:\/\/beautyinstitute.ee\/?s={search_term_string}"},"query-input":{"@type":"PropertyValueSpecification","valueRequired":true,"valueName":"search_term_string"}}],"inLanguage":"ru-RU"}]}},"_links":{"self":[{"href":"https:\/\/beautyinstitute.ee\/ru\/wp-json\/wp\/v2\/product\/13315","targetHints":{"allow":["GET"]}}],"collection":[{"href":"https:\/\/beautyinstitute.ee\/ru\/wp-json\/wp\/v2\/product"}],"about":[{"href":"https:\/\/beautyinstitute.ee\/ru\/wp-json\/wp\/v2\/types\/product"}],"wp:featuredmedia":[{"embeddable":true,"href":"https:\/\/beautyinstitute.ee\/ru\/wp-json\/wp\/v2\/media\/13316"}],"wp:attachment":[{"href":"https:\/\/beautyinstitute.ee\/ru\/wp-json\/wp\/v2\/media?parent=13315"}],"wp:term":[{"taxonomy":"product_cat","embeddable":true,"href":"https:\/\/beautyinstitute.ee\/ru\/wp-json\/wp\/v2\/product_cat?post=13315"},{"taxonomy":"product_tag","embeddable":true,"href":"https:\/\/beautyinstitute.ee\/ru\/wp-json\/wp\/v2\/product_tag?post=13315"}],"curies":[{"name":"wp","href":"https:\/\/api.w.org\/{rel}","templated":true}]}}