{"id":13441,"date":"2021-02-04T13:37:45","date_gmt":"2021-02-04T11:37:45","guid":{"rendered":"https:\/\/beautyinstitute.ee\/?post_type=product&#038;p=13441"},"modified":"2025-06-25T12:07:47","modified_gmt":"2025-06-25T09:07:47","slug":"laufwunder-jalapalsam-nahka-niisutav-75-ml","status":"publish","type":"product","link":"https:\/\/beautyinstitute.ee\/ru\/toode\/laufwunder-jalapalsam-nahka-niisutav-75-ml\/","title":{"rendered":"Laufwunder Jalapalsam, Nahka Niisutav, 75 Ml"},"content":{"rendered":"<p><strong>Laufwunder niisutav hooldusbalsam jalgadele.<\/strong><\/p>\n<p>Niisutav kreem sisaldab v\u00e4\u00e4rtuslikke kummeli- ja n\u00f5iap\u00e4hkli ekstrakte, millel on nahka tugevdav ja rahustav toime ning mis t\u00e4nu oma lipiidide toimele sobib eriti h\u00e4sti normaalse ja kuiva naha hooldamiseks. T\u00e4nu tasakaalustatud koostisele j\u00e4tab see p\u00e4rast masseerimist meeldiva tunde nahale.<\/p>\n<p>&nbsp;<\/p>\n<pre id=\"tw-target-text\" class=\"tw-data-text tw-text-large XcVN5d tw-ta\" data-placeholder=\"T\u00f5lge\"><\/pre>\n","protected":false},"excerpt":{"rendered":"<p>Laufwunder niisutav hooldusbalsam jalgadele. Niisutav kreem sisaldab v\u00e4\u00e4rtuslikke kummeli- ja n\u00f5iap\u00e4hkli ekstrakte, millel on nahka tugevdav ja rahustav toime ning mis t\u00e4nu oma lipiidide toimele sobib eriti h\u00e4sti normaalse ja kuiva naha hooldamiseks. T\u00e4nu tasakaalustatud koostisele j\u00e4tab see p\u00e4rast masseerimist meeldiva tunde nahale. &nbsp;<\/p>\n","protected":false},"featured_media":13444,"template":"","meta":{"_acf_changed":false},"product_cat":[255],"product_tag":[],"class_list":["post-13441","product","type-product","status-publish","has-post-thumbnail","hentry","product_cat-jalahooldustooted"],"acf":[],"yoast_head":"<!-- This site is optimized with the Yoast SEO plugin v25.4 - https:\/\/yoast.com\/wordpress\/plugins\/seo\/ -->\n<title>Laufwunder Jalapalsam, Nahka Niisutav, 75 Ml - Beauty Institute<\/title>\n<meta name=\"robots\" content=\"index, follow, max-snippet:-1, max-image-preview:large, max-video-preview:-1\" \/>\n<link rel=\"canonical\" href=\"https:\/\/beautyinstitute.ee\/toode\/laufwunder-jalapalsam-nahka-niisutav-75-ml\/\" \/>\n<meta property=\"og:locale\" content=\"ru_RU\" \/>\n<meta property=\"og:type\" content=\"article\" \/>\n<meta property=\"og:title\" content=\"Laufwunder Jalapalsam, Nahka Niisutav, 75 Ml - Beauty Institute\" \/>\n<meta property=\"og:description\" content=\"Laufwunder niisutav hooldusbalsam jalgadele. Niisutav kreem sisaldab v\u00e4\u00e4rtuslikke kummeli- ja n\u00f5iap\u00e4hkli ekstrakte, millel on nahka tugevdav ja rahustav toime ning mis t\u00e4nu oma lipiidide toimele sobib eriti h\u00e4sti normaalse ja kuiva naha hooldamiseks. T\u00e4nu tasakaalustatud koostisele j\u00e4tab see p\u00e4rast masseerimist meeldiva tunde nahale. &nbsp;\" \/>\n<meta property=\"og:url\" content=\"https:\/\/beautyinstitute.ee\/toode\/laufwunder-jalapalsam-nahka-niisutav-75-ml\/\" \/>\n<meta property=\"og:site_name\" content=\"Beauty Institute\" \/>\n<meta property=\"article:modified_time\" content=\"2025-06-25T09:07:47+00:00\" \/>\n<meta property=\"og:image\" content=\"https:\/\/beautyinstitute.ee\/wp-content\/uploads\/2021\/02\/459501-1.jpg\" \/>\n\t<meta property=\"og:image:width\" content=\"2480\" \/>\n\t<meta property=\"og:image:height\" content=\"2465\" \/>\n\t<meta property=\"og:image:type\" content=\"image\/jpeg\" \/>\n<meta name=\"twitter:card\" content=\"summary_large_image\" \/>\n<meta name=\"twitter:site\" content=\"@Beauty_Eesti\" \/>\n<script type=\"application\/ld+json\" class=\"yoast-schema-graph\">{\"@context\":\"https:\/\/schema.org\",\"@graph\":[{\"@type\":\"WebPage\",\"@id\":\"https:\/\/beautyinstitute.ee\/toode\/laufwunder-jalapalsam-nahka-niisutav-75-ml\/\",\"url\":\"https:\/\/beautyinstitute.ee\/toode\/laufwunder-jalapalsam-nahka-niisutav-75-ml\/\",\"name\":\"Laufwunder Jalapalsam, Nahka Niisutav, 75 Ml - Beauty Institute\",\"isPartOf\":{\"@id\":\"https:\/\/beautyinstitute.ee\/#website\"},\"primaryImageOfPage\":{\"@id\":\"https:\/\/beautyinstitute.ee\/toode\/laufwunder-jalapalsam-nahka-niisutav-75-ml\/#primaryimage\"},\"image\":{\"@id\":\"https:\/\/beautyinstitute.ee\/toode\/laufwunder-jalapalsam-nahka-niisutav-75-ml\/#primaryimage\"},\"thumbnailUrl\":\"https:\/\/beautyinstitute.ee\/wp-content\/uploads\/2021\/02\/459501-1.jpg\",\"datePublished\":\"2021-02-04T11:37:45+00:00\",\"dateModified\":\"2025-06-25T09:07:47+00:00\",\"breadcrumb\":{\"@id\":\"https:\/\/beautyinstitute.ee\/toode\/laufwunder-jalapalsam-nahka-niisutav-75-ml\/#breadcrumb\"},\"inLanguage\":\"ru-RU\",\"potentialAction\":[{\"@type\":\"ReadAction\",\"target\":[\"https:\/\/beautyinstitute.ee\/toode\/laufwunder-jalapalsam-nahka-niisutav-75-ml\/\"]}]},{\"@type\":\"ImageObject\",\"inLanguage\":\"ru-RU\",\"@id\":\"https:\/\/beautyinstitute.ee\/toode\/laufwunder-jalapalsam-nahka-niisutav-75-ml\/#primaryimage\",\"url\":\"https:\/\/beautyinstitute.ee\/wp-content\/uploads\/2021\/02\/459501-1.jpg\",\"contentUrl\":\"https:\/\/beautyinstitute.ee\/wp-content\/uploads\/2021\/02\/459501-1.jpg\",\"width\":2480,\"height\":2465},{\"@type\":\"BreadcrumbList\",\"@id\":\"https:\/\/beautyinstitute.ee\/toode\/laufwunder-jalapalsam-nahka-niisutav-75-ml\/#breadcrumb\",\"itemListElement\":[{\"@type\":\"ListItem\",\"position\":1,\"name\":\"Home\",\"item\":\"https:\/\/beautyinstitute.ee\/ru\/\"},{\"@type\":\"ListItem\",\"position\":2,\"name\":\"E-pood\",\"item\":\"https:\/\/beautyinstitute.ee\/e-pood\/\"},{\"@type\":\"ListItem\",\"position\":3,\"name\":\"Laufwunder Jalapalsam, Nahka Niisutav, 75 Ml\"}]},{\"@type\":\"WebSite\",\"@id\":\"https:\/\/beautyinstitute.ee\/#website\",\"url\":\"https:\/\/beautyinstitute.ee\/\",\"name\":\"Beauty Institute\",\"description\":\"CNC Cosmetic ametlik maaletooja ja edasim\u00fc\u00fcja Eestis, Soomes, L\u00e4tis. Aparaadikosmeetika, koolitused, kosmeetikatooted.\",\"potentialAction\":[{\"@type\":\"SearchAction\",\"target\":{\"@type\":\"EntryPoint\",\"urlTemplate\":\"https:\/\/beautyinstitute.ee\/?s={search_term_string}\"},\"query-input\":{\"@type\":\"PropertyValueSpecification\",\"valueRequired\":true,\"valueName\":\"search_term_string\"}}],\"inLanguage\":\"ru-RU\"}]}<\/script>\n<!-- \/ Yoast SEO plugin. -->","yoast_head_json":{"title":"Laufwunder Jalapalsam, Nahka Niisutav, 75 Ml - Beauty Institute","robots":{"index":"index","follow":"follow","max-snippet":"max-snippet:-1","max-image-preview":"max-image-preview:large","max-video-preview":"max-video-preview:-1"},"canonical":"https:\/\/beautyinstitute.ee\/toode\/laufwunder-jalapalsam-nahka-niisutav-75-ml\/","og_locale":"ru_RU","og_type":"article","og_title":"Laufwunder Jalapalsam, Nahka Niisutav, 75 Ml - Beauty Institute","og_description":"Laufwunder niisutav hooldusbalsam jalgadele. Niisutav kreem sisaldab v\u00e4\u00e4rtuslikke kummeli- ja n\u00f5iap\u00e4hkli ekstrakte, millel on nahka tugevdav ja rahustav toime ning mis t\u00e4nu oma lipiidide toimele sobib eriti h\u00e4sti normaalse ja kuiva naha hooldamiseks. T\u00e4nu tasakaalustatud koostisele j\u00e4tab see p\u00e4rast masseerimist meeldiva tunde nahale. &nbsp;","og_url":"https:\/\/beautyinstitute.ee\/toode\/laufwunder-jalapalsam-nahka-niisutav-75-ml\/","og_site_name":"Beauty Institute","article_modified_time":"2025-06-25T09:07:47+00:00","og_image":[{"width":2480,"height":2465,"url":"https:\/\/beautyinstitute.ee\/wp-content\/uploads\/2021\/02\/459501-1.jpg","type":"image\/jpeg"}],"twitter_card":"summary_large_image","twitter_site":"@Beauty_Eesti","schema":{"@context":"https:\/\/schema.org","@graph":[{"@type":"WebPage","@id":"https:\/\/beautyinstitute.ee\/toode\/laufwunder-jalapalsam-nahka-niisutav-75-ml\/","url":"https:\/\/beautyinstitute.ee\/toode\/laufwunder-jalapalsam-nahka-niisutav-75-ml\/","name":"Laufwunder Jalapalsam, Nahka Niisutav, 75 Ml - Beauty Institute","isPartOf":{"@id":"https:\/\/beautyinstitute.ee\/#website"},"primaryImageOfPage":{"@id":"https:\/\/beautyinstitute.ee\/toode\/laufwunder-jalapalsam-nahka-niisutav-75-ml\/#primaryimage"},"image":{"@id":"https:\/\/beautyinstitute.ee\/toode\/laufwunder-jalapalsam-nahka-niisutav-75-ml\/#primaryimage"},"thumbnailUrl":"https:\/\/beautyinstitute.ee\/wp-content\/uploads\/2021\/02\/459501-1.jpg","datePublished":"2021-02-04T11:37:45+00:00","dateModified":"2025-06-25T09:07:47+00:00","breadcrumb":{"@id":"https:\/\/beautyinstitute.ee\/toode\/laufwunder-jalapalsam-nahka-niisutav-75-ml\/#breadcrumb"},"inLanguage":"ru-RU","potentialAction":[{"@type":"ReadAction","target":["https:\/\/beautyinstitute.ee\/toode\/laufwunder-jalapalsam-nahka-niisutav-75-ml\/"]}]},{"@type":"ImageObject","inLanguage":"ru-RU","@id":"https:\/\/beautyinstitute.ee\/toode\/laufwunder-jalapalsam-nahka-niisutav-75-ml\/#primaryimage","url":"https:\/\/beautyinstitute.ee\/wp-content\/uploads\/2021\/02\/459501-1.jpg","contentUrl":"https:\/\/beautyinstitute.ee\/wp-content\/uploads\/2021\/02\/459501-1.jpg","width":2480,"height":2465},{"@type":"BreadcrumbList","@id":"https:\/\/beautyinstitute.ee\/toode\/laufwunder-jalapalsam-nahka-niisutav-75-ml\/#breadcrumb","itemListElement":[{"@type":"ListItem","position":1,"name":"Home","item":"https:\/\/beautyinstitute.ee\/ru\/"},{"@type":"ListItem","position":2,"name":"E-pood","item":"https:\/\/beautyinstitute.ee\/e-pood\/"},{"@type":"ListItem","position":3,"name":"Laufwunder Jalapalsam, Nahka Niisutav, 75 Ml"}]},{"@type":"WebSite","@id":"https:\/\/beautyinstitute.ee\/#website","url":"https:\/\/beautyinstitute.ee\/","name":"Beauty Institute","description":"CNC Cosmetic ametlik maaletooja ja edasim\u00fc\u00fcja Eestis, Soomes, L\u00e4tis. Aparaadikosmeetika, koolitused, kosmeetikatooted.","potentialAction":[{"@type":"SearchAction","target":{"@type":"EntryPoint","urlTemplate":"https:\/\/beautyinstitute.ee\/?s={search_term_string}"},"query-input":{"@type":"PropertyValueSpecification","valueRequired":true,"valueName":"search_term_string"}}],"inLanguage":"ru-RU"}]}},"_links":{"self":[{"href":"https:\/\/beautyinstitute.ee\/ru\/wp-json\/wp\/v2\/product\/13441","targetHints":{"allow":["GET"]}}],"collection":[{"href":"https:\/\/beautyinstitute.ee\/ru\/wp-json\/wp\/v2\/product"}],"about":[{"href":"https:\/\/beautyinstitute.ee\/ru\/wp-json\/wp\/v2\/types\/product"}],"wp:featuredmedia":[{"embeddable":true,"href":"https:\/\/beautyinstitute.ee\/ru\/wp-json\/wp\/v2\/media\/13444"}],"wp:attachment":[{"href":"https:\/\/beautyinstitute.ee\/ru\/wp-json\/wp\/v2\/media?parent=13441"}],"wp:term":[{"taxonomy":"product_cat","embeddable":true,"href":"https:\/\/beautyinstitute.ee\/ru\/wp-json\/wp\/v2\/product_cat?post=13441"},{"taxonomy":"product_tag","embeddable":true,"href":"https:\/\/beautyinstitute.ee\/ru\/wp-json\/wp\/v2\/product_tag?post=13441"}],"curies":[{"name":"wp","href":"https:\/\/api.w.org\/{rel}","templated":true}]}}