{"id":13718,"date":"2021-03-03T12:52:25","date_gmt":"2021-03-03T10:52:25","guid":{"rendered":"https:\/\/beautyinstitute.ee\/?post_type=product&#038;p=13718"},"modified":"2025-12-10T17:37:10","modified_gmt":"2025-12-10T15:37:10","slug":"teemantlihvi-vaherongas-kinnituse-jaoks","status":"publish","type":"product","link":"https:\/\/beautyinstitute.ee\/ru\/toode\/teemantlihvi-vaherongas-kinnituse-jaoks\/","title":{"rendered":"Teemantlihvi Vaher\u00f5ngas Kinnituse Jaoks"},"content":{"rendered":"","protected":false},"excerpt":{"rendered":"","protected":false},"featured_media":13719,"template":"","meta":{"_acf_changed":false},"product_cat":[271,139],"product_tag":[],"class_list":["post-13718","product","type-product","status-publish","has-post-thumbnail","hentry","product_cat-varuosad","product_cat-teemantlihv"],"acf":[],"yoast_head":"<!-- This site is optimized with the Yoast SEO plugin v25.4 - https:\/\/yoast.com\/wordpress\/plugins\/seo\/ -->\n<title>Teemantlihvi Vaher\u00f5ngas Kinnituse Jaoks - Beauty Institute<\/title>\n<meta name=\"robots\" content=\"index, follow, max-snippet:-1, max-image-preview:large, max-video-preview:-1\" \/>\n<link rel=\"canonical\" href=\"https:\/\/beautyinstitute.ee\/toode\/teemantlihvi-vaherongas-kinnituse-jaoks\/\" \/>\n<meta property=\"og:locale\" content=\"ru_RU\" \/>\n<meta property=\"og:type\" content=\"article\" \/>\n<meta property=\"og:title\" content=\"Teemantlihvi Vaher\u00f5ngas Kinnituse Jaoks - Beauty Institute\" \/>\n<meta property=\"og:url\" content=\"https:\/\/beautyinstitute.ee\/toode\/teemantlihvi-vaherongas-kinnituse-jaoks\/\" \/>\n<meta property=\"og:site_name\" content=\"Beauty Institute\" \/>\n<meta property=\"article:modified_time\" content=\"2025-12-10T15:37:10+00:00\" \/>\n<meta property=\"og:image\" content=\"https:\/\/beautyinstitute.ee\/wp-content\/uploads\/2021\/03\/ER5099.jpg\" \/>\n\t<meta property=\"og:image:width\" content=\"1500\" \/>\n\t<meta property=\"og:image:height\" content=\"1422\" \/>\n\t<meta property=\"og:image:type\" content=\"image\/jpeg\" \/>\n<meta name=\"twitter:card\" content=\"summary_large_image\" \/>\n<meta name=\"twitter:site\" content=\"@Beauty_Eesti\" \/>\n<script type=\"application\/ld+json\" class=\"yoast-schema-graph\">{\"@context\":\"https:\/\/schema.org\",\"@graph\":[{\"@type\":\"WebPage\",\"@id\":\"https:\/\/beautyinstitute.ee\/toode\/teemantlihvi-vaherongas-kinnituse-jaoks\/\",\"url\":\"https:\/\/beautyinstitute.ee\/toode\/teemantlihvi-vaherongas-kinnituse-jaoks\/\",\"name\":\"Teemantlihvi Vaher\u00f5ngas Kinnituse Jaoks - Beauty Institute\",\"isPartOf\":{\"@id\":\"https:\/\/beautyinstitute.ee\/#website\"},\"primaryImageOfPage\":{\"@id\":\"https:\/\/beautyinstitute.ee\/toode\/teemantlihvi-vaherongas-kinnituse-jaoks\/#primaryimage\"},\"image\":{\"@id\":\"https:\/\/beautyinstitute.ee\/toode\/teemantlihvi-vaherongas-kinnituse-jaoks\/#primaryimage\"},\"thumbnailUrl\":\"https:\/\/beautyinstitute.ee\/wp-content\/uploads\/2021\/03\/ER5099.jpg\",\"datePublished\":\"2021-03-03T10:52:25+00:00\",\"dateModified\":\"2025-12-10T15:37:10+00:00\",\"breadcrumb\":{\"@id\":\"https:\/\/beautyinstitute.ee\/toode\/teemantlihvi-vaherongas-kinnituse-jaoks\/#breadcrumb\"},\"inLanguage\":\"ru-RU\",\"potentialAction\":[{\"@type\":\"ReadAction\",\"target\":[\"https:\/\/beautyinstitute.ee\/toode\/teemantlihvi-vaherongas-kinnituse-jaoks\/\"]}]},{\"@type\":\"ImageObject\",\"inLanguage\":\"ru-RU\",\"@id\":\"https:\/\/beautyinstitute.ee\/toode\/teemantlihvi-vaherongas-kinnituse-jaoks\/#primaryimage\",\"url\":\"https:\/\/beautyinstitute.ee\/wp-content\/uploads\/2021\/03\/ER5099.jpg\",\"contentUrl\":\"https:\/\/beautyinstitute.ee\/wp-content\/uploads\/2021\/03\/ER5099.jpg\",\"width\":1500,\"height\":1422},{\"@type\":\"BreadcrumbList\",\"@id\":\"https:\/\/beautyinstitute.ee\/toode\/teemantlihvi-vaherongas-kinnituse-jaoks\/#breadcrumb\",\"itemListElement\":[{\"@type\":\"ListItem\",\"position\":1,\"name\":\"Home\",\"item\":\"https:\/\/beautyinstitute.ee\/ru\/\"},{\"@type\":\"ListItem\",\"position\":2,\"name\":\"E-pood\",\"item\":\"https:\/\/beautyinstitute.ee\/e-pood\/\"},{\"@type\":\"ListItem\",\"position\":3,\"name\":\"Teemantlihvi Vaher\u00f5ngas Kinnituse Jaoks\"}]},{\"@type\":\"WebSite\",\"@id\":\"https:\/\/beautyinstitute.ee\/#website\",\"url\":\"https:\/\/beautyinstitute.ee\/\",\"name\":\"Beauty Institute\",\"description\":\"CNC Cosmetic ametlik maaletooja ja edasim\u00fc\u00fcja Eestis, Soomes, L\u00e4tis. Aparaadikosmeetika, koolitused, kosmeetikatooted.\",\"potentialAction\":[{\"@type\":\"SearchAction\",\"target\":{\"@type\":\"EntryPoint\",\"urlTemplate\":\"https:\/\/beautyinstitute.ee\/?s={search_term_string}\"},\"query-input\":{\"@type\":\"PropertyValueSpecification\",\"valueRequired\":true,\"valueName\":\"search_term_string\"}}],\"inLanguage\":\"ru-RU\"}]}<\/script>\n<!-- \/ Yoast SEO plugin. -->","yoast_head_json":{"title":"Teemantlihvi Vaher\u00f5ngas Kinnituse Jaoks - Beauty Institute","robots":{"index":"index","follow":"follow","max-snippet":"max-snippet:-1","max-image-preview":"max-image-preview:large","max-video-preview":"max-video-preview:-1"},"canonical":"https:\/\/beautyinstitute.ee\/toode\/teemantlihvi-vaherongas-kinnituse-jaoks\/","og_locale":"ru_RU","og_type":"article","og_title":"Teemantlihvi Vaher\u00f5ngas Kinnituse Jaoks - Beauty Institute","og_url":"https:\/\/beautyinstitute.ee\/toode\/teemantlihvi-vaherongas-kinnituse-jaoks\/","og_site_name":"Beauty Institute","article_modified_time":"2025-12-10T15:37:10+00:00","og_image":[{"width":1500,"height":1422,"url":"https:\/\/beautyinstitute.ee\/wp-content\/uploads\/2021\/03\/ER5099.jpg","type":"image\/jpeg"}],"twitter_card":"summary_large_image","twitter_site":"@Beauty_Eesti","schema":{"@context":"https:\/\/schema.org","@graph":[{"@type":"WebPage","@id":"https:\/\/beautyinstitute.ee\/toode\/teemantlihvi-vaherongas-kinnituse-jaoks\/","url":"https:\/\/beautyinstitute.ee\/toode\/teemantlihvi-vaherongas-kinnituse-jaoks\/","name":"Teemantlihvi Vaher\u00f5ngas Kinnituse Jaoks - Beauty Institute","isPartOf":{"@id":"https:\/\/beautyinstitute.ee\/#website"},"primaryImageOfPage":{"@id":"https:\/\/beautyinstitute.ee\/toode\/teemantlihvi-vaherongas-kinnituse-jaoks\/#primaryimage"},"image":{"@id":"https:\/\/beautyinstitute.ee\/toode\/teemantlihvi-vaherongas-kinnituse-jaoks\/#primaryimage"},"thumbnailUrl":"https:\/\/beautyinstitute.ee\/wp-content\/uploads\/2021\/03\/ER5099.jpg","datePublished":"2021-03-03T10:52:25+00:00","dateModified":"2025-12-10T15:37:10+00:00","breadcrumb":{"@id":"https:\/\/beautyinstitute.ee\/toode\/teemantlihvi-vaherongas-kinnituse-jaoks\/#breadcrumb"},"inLanguage":"ru-RU","potentialAction":[{"@type":"ReadAction","target":["https:\/\/beautyinstitute.ee\/toode\/teemantlihvi-vaherongas-kinnituse-jaoks\/"]}]},{"@type":"ImageObject","inLanguage":"ru-RU","@id":"https:\/\/beautyinstitute.ee\/toode\/teemantlihvi-vaherongas-kinnituse-jaoks\/#primaryimage","url":"https:\/\/beautyinstitute.ee\/wp-content\/uploads\/2021\/03\/ER5099.jpg","contentUrl":"https:\/\/beautyinstitute.ee\/wp-content\/uploads\/2021\/03\/ER5099.jpg","width":1500,"height":1422},{"@type":"BreadcrumbList","@id":"https:\/\/beautyinstitute.ee\/toode\/teemantlihvi-vaherongas-kinnituse-jaoks\/#breadcrumb","itemListElement":[{"@type":"ListItem","position":1,"name":"Home","item":"https:\/\/beautyinstitute.ee\/ru\/"},{"@type":"ListItem","position":2,"name":"E-pood","item":"https:\/\/beautyinstitute.ee\/e-pood\/"},{"@type":"ListItem","position":3,"name":"Teemantlihvi Vaher\u00f5ngas Kinnituse Jaoks"}]},{"@type":"WebSite","@id":"https:\/\/beautyinstitute.ee\/#website","url":"https:\/\/beautyinstitute.ee\/","name":"Beauty Institute","description":"CNC Cosmetic ametlik maaletooja ja edasim\u00fc\u00fcja Eestis, Soomes, L\u00e4tis. Aparaadikosmeetika, koolitused, kosmeetikatooted.","potentialAction":[{"@type":"SearchAction","target":{"@type":"EntryPoint","urlTemplate":"https:\/\/beautyinstitute.ee\/?s={search_term_string}"},"query-input":{"@type":"PropertyValueSpecification","valueRequired":true,"valueName":"search_term_string"}}],"inLanguage":"ru-RU"}]}},"_links":{"self":[{"href":"https:\/\/beautyinstitute.ee\/ru\/wp-json\/wp\/v2\/product\/13718","targetHints":{"allow":["GET"]}}],"collection":[{"href":"https:\/\/beautyinstitute.ee\/ru\/wp-json\/wp\/v2\/product"}],"about":[{"href":"https:\/\/beautyinstitute.ee\/ru\/wp-json\/wp\/v2\/types\/product"}],"wp:featuredmedia":[{"embeddable":true,"href":"https:\/\/beautyinstitute.ee\/ru\/wp-json\/wp\/v2\/media\/13719"}],"wp:attachment":[{"href":"https:\/\/beautyinstitute.ee\/ru\/wp-json\/wp\/v2\/media?parent=13718"}],"wp:term":[{"taxonomy":"product_cat","embeddable":true,"href":"https:\/\/beautyinstitute.ee\/ru\/wp-json\/wp\/v2\/product_cat?post=13718"},{"taxonomy":"product_tag","embeddable":true,"href":"https:\/\/beautyinstitute.ee\/ru\/wp-json\/wp\/v2\/product_tag?post=13718"}],"curies":[{"name":"wp","href":"https:\/\/api.w.org\/{rel}","templated":true}]}}