{"id":14297,"date":"2021-04-13T13:17:15","date_gmt":"2021-04-13T10:17:15","guid":{"rendered":"https:\/\/beautyinstitute.ee\/?post_type=product&#038;p=14297"},"modified":"2025-01-16T13:58:22","modified_gmt":"2025-01-16T11:58:22","slug":"pedikuuri-aparaat-xenox","status":"publish","type":"product","link":"https:\/\/beautyinstitute.ee\/ru\/toode\/pedikuuri-aparaat-xenox\/","title":{"rendered":"Pedik\u00fc\u00fcri Aparaat &#8220;Xenox&#8221;"},"content":{"rendered":"<p><strong>Pedik\u00fc\u00fcri aparaat.<\/strong><\/p>\n<p>Tehnilised andmed: 240 vatti, t\u00f6\u00f6tab vaikselt,<\/p>\n<p>K\u00e4siosa: \u00d8 35 mm, kaal: 230 g.<\/p>\n<p>Kaasas v\u00e4ike kohver, mis sobib ideaalselt liikuvaks t\u00f6\u00f6ks.<\/p>\n","protected":false},"excerpt":{"rendered":"<p>Pedik\u00fc\u00fcri aparaat. Tehnilised andmed: 240 vatti, t\u00f6\u00f6tab vaikselt, K\u00e4siosa: \u00d8 35 mm, kaal: 230 g. Kaasas v\u00e4ike kohver, mis sobib ideaalselt liikuvaks t\u00f6\u00f6ks.<\/p>\n","protected":false},"featured_media":14298,"template":"","meta":{"_acf_changed":false},"product_cat":[191,115],"product_tag":[],"class_list":["post-14297","product","type-product","status-publish","has-post-thumbnail","hentry","product_cat-kabineti-tooted","product_cat-aparaadi-kontseptsioonid"],"acf":[],"yoast_head":"<!-- This site is optimized with the Yoast SEO plugin v25.4 - https:\/\/yoast.com\/wordpress\/plugins\/seo\/ -->\n<title>Pedik\u00fc\u00fcri Aparaat &quot;Xenox&quot; - Beauty Institute<\/title>\n<meta name=\"robots\" content=\"index, follow, max-snippet:-1, max-image-preview:large, max-video-preview:-1\" \/>\n<link rel=\"canonical\" href=\"https:\/\/beautyinstitute.ee\/toode\/pedikuuri-aparaat-xenox\/\" \/>\n<meta property=\"og:locale\" content=\"ru_RU\" \/>\n<meta property=\"og:type\" content=\"article\" \/>\n<meta property=\"og:title\" content=\"Pedik\u00fc\u00fcri Aparaat &quot;Xenox&quot; - Beauty Institute\" \/>\n<meta property=\"og:description\" content=\"Pedik\u00fc\u00fcri aparaat. Tehnilised andmed: 240 vatti, t\u00f6\u00f6tab vaikselt, K\u00e4siosa: \u00d8 35 mm, kaal: 230 g. Kaasas v\u00e4ike kohver, mis sobib ideaalselt liikuvaks t\u00f6\u00f6ks.\" \/>\n<meta property=\"og:url\" content=\"https:\/\/beautyinstitute.ee\/toode\/pedikuuri-aparaat-xenox\/\" \/>\n<meta property=\"og:site_name\" content=\"Beauty Institute\" \/>\n<meta property=\"article:modified_time\" content=\"2025-01-16T11:58:22+00:00\" \/>\n<meta property=\"og:image\" content=\"https:\/\/beautyinstitute.ee\/wp-content\/uploads\/2021\/04\/611Y55kymL._AC_SS450_.jpg\" \/>\n\t<meta property=\"og:image:width\" content=\"450\" \/>\n\t<meta property=\"og:image:height\" content=\"450\" \/>\n\t<meta property=\"og:image:type\" content=\"image\/jpeg\" \/>\n<meta name=\"twitter:card\" content=\"summary_large_image\" \/>\n<meta name=\"twitter:site\" content=\"@Beauty_Eesti\" \/>\n<script type=\"application\/ld+json\" class=\"yoast-schema-graph\">{\"@context\":\"https:\/\/schema.org\",\"@graph\":[{\"@type\":\"WebPage\",\"@id\":\"https:\/\/beautyinstitute.ee\/toode\/pedikuuri-aparaat-xenox\/\",\"url\":\"https:\/\/beautyinstitute.ee\/toode\/pedikuuri-aparaat-xenox\/\",\"name\":\"Pedik\u00fc\u00fcri Aparaat \\\"Xenox\\\" - Beauty Institute\",\"isPartOf\":{\"@id\":\"https:\/\/beautyinstitute.ee\/#website\"},\"primaryImageOfPage\":{\"@id\":\"https:\/\/beautyinstitute.ee\/toode\/pedikuuri-aparaat-xenox\/#primaryimage\"},\"image\":{\"@id\":\"https:\/\/beautyinstitute.ee\/toode\/pedikuuri-aparaat-xenox\/#primaryimage\"},\"thumbnailUrl\":\"https:\/\/beautyinstitute.ee\/wp-content\/uploads\/2021\/04\/611Y55kymL._AC_SS450_.jpg\",\"datePublished\":\"2021-04-13T10:17:15+00:00\",\"dateModified\":\"2025-01-16T11:58:22+00:00\",\"breadcrumb\":{\"@id\":\"https:\/\/beautyinstitute.ee\/toode\/pedikuuri-aparaat-xenox\/#breadcrumb\"},\"inLanguage\":\"ru-RU\",\"potentialAction\":[{\"@type\":\"ReadAction\",\"target\":[\"https:\/\/beautyinstitute.ee\/toode\/pedikuuri-aparaat-xenox\/\"]}]},{\"@type\":\"ImageObject\",\"inLanguage\":\"ru-RU\",\"@id\":\"https:\/\/beautyinstitute.ee\/toode\/pedikuuri-aparaat-xenox\/#primaryimage\",\"url\":\"https:\/\/beautyinstitute.ee\/wp-content\/uploads\/2021\/04\/611Y55kymL._AC_SS450_.jpg\",\"contentUrl\":\"https:\/\/beautyinstitute.ee\/wp-content\/uploads\/2021\/04\/611Y55kymL._AC_SS450_.jpg\",\"width\":450,\"height\":450},{\"@type\":\"BreadcrumbList\",\"@id\":\"https:\/\/beautyinstitute.ee\/toode\/pedikuuri-aparaat-xenox\/#breadcrumb\",\"itemListElement\":[{\"@type\":\"ListItem\",\"position\":1,\"name\":\"Home\",\"item\":\"https:\/\/beautyinstitute.ee\/ru\/\"},{\"@type\":\"ListItem\",\"position\":2,\"name\":\"E-pood\",\"item\":\"https:\/\/beautyinstitute.ee\/e-pood\/\"},{\"@type\":\"ListItem\",\"position\":3,\"name\":\"Pedik\u00fc\u00fcri Aparaat &#8220;Xenox&#8221;\"}]},{\"@type\":\"WebSite\",\"@id\":\"https:\/\/beautyinstitute.ee\/#website\",\"url\":\"https:\/\/beautyinstitute.ee\/\",\"name\":\"Beauty Institute\",\"description\":\"CNC Cosmetic ametlik maaletooja ja edasim\u00fc\u00fcja Eestis, Soomes, L\u00e4tis. Aparaadikosmeetika, koolitused, kosmeetikatooted.\",\"potentialAction\":[{\"@type\":\"SearchAction\",\"target\":{\"@type\":\"EntryPoint\",\"urlTemplate\":\"https:\/\/beautyinstitute.ee\/?s={search_term_string}\"},\"query-input\":{\"@type\":\"PropertyValueSpecification\",\"valueRequired\":true,\"valueName\":\"search_term_string\"}}],\"inLanguage\":\"ru-RU\"}]}<\/script>\n<!-- \/ Yoast SEO plugin. -->","yoast_head_json":{"title":"Pedik\u00fc\u00fcri Aparaat \"Xenox\" - Beauty Institute","robots":{"index":"index","follow":"follow","max-snippet":"max-snippet:-1","max-image-preview":"max-image-preview:large","max-video-preview":"max-video-preview:-1"},"canonical":"https:\/\/beautyinstitute.ee\/toode\/pedikuuri-aparaat-xenox\/","og_locale":"ru_RU","og_type":"article","og_title":"Pedik\u00fc\u00fcri Aparaat \"Xenox\" - Beauty Institute","og_description":"Pedik\u00fc\u00fcri aparaat. Tehnilised andmed: 240 vatti, t\u00f6\u00f6tab vaikselt, K\u00e4siosa: \u00d8 35 mm, kaal: 230 g. Kaasas v\u00e4ike kohver, mis sobib ideaalselt liikuvaks t\u00f6\u00f6ks.","og_url":"https:\/\/beautyinstitute.ee\/toode\/pedikuuri-aparaat-xenox\/","og_site_name":"Beauty Institute","article_modified_time":"2025-01-16T11:58:22+00:00","og_image":[{"width":450,"height":450,"url":"https:\/\/beautyinstitute.ee\/wp-content\/uploads\/2021\/04\/611Y55kymL._AC_SS450_.jpg","type":"image\/jpeg"}],"twitter_card":"summary_large_image","twitter_site":"@Beauty_Eesti","schema":{"@context":"https:\/\/schema.org","@graph":[{"@type":"WebPage","@id":"https:\/\/beautyinstitute.ee\/toode\/pedikuuri-aparaat-xenox\/","url":"https:\/\/beautyinstitute.ee\/toode\/pedikuuri-aparaat-xenox\/","name":"Pedik\u00fc\u00fcri Aparaat \"Xenox\" - Beauty Institute","isPartOf":{"@id":"https:\/\/beautyinstitute.ee\/#website"},"primaryImageOfPage":{"@id":"https:\/\/beautyinstitute.ee\/toode\/pedikuuri-aparaat-xenox\/#primaryimage"},"image":{"@id":"https:\/\/beautyinstitute.ee\/toode\/pedikuuri-aparaat-xenox\/#primaryimage"},"thumbnailUrl":"https:\/\/beautyinstitute.ee\/wp-content\/uploads\/2021\/04\/611Y55kymL._AC_SS450_.jpg","datePublished":"2021-04-13T10:17:15+00:00","dateModified":"2025-01-16T11:58:22+00:00","breadcrumb":{"@id":"https:\/\/beautyinstitute.ee\/toode\/pedikuuri-aparaat-xenox\/#breadcrumb"},"inLanguage":"ru-RU","potentialAction":[{"@type":"ReadAction","target":["https:\/\/beautyinstitute.ee\/toode\/pedikuuri-aparaat-xenox\/"]}]},{"@type":"ImageObject","inLanguage":"ru-RU","@id":"https:\/\/beautyinstitute.ee\/toode\/pedikuuri-aparaat-xenox\/#primaryimage","url":"https:\/\/beautyinstitute.ee\/wp-content\/uploads\/2021\/04\/611Y55kymL._AC_SS450_.jpg","contentUrl":"https:\/\/beautyinstitute.ee\/wp-content\/uploads\/2021\/04\/611Y55kymL._AC_SS450_.jpg","width":450,"height":450},{"@type":"BreadcrumbList","@id":"https:\/\/beautyinstitute.ee\/toode\/pedikuuri-aparaat-xenox\/#breadcrumb","itemListElement":[{"@type":"ListItem","position":1,"name":"Home","item":"https:\/\/beautyinstitute.ee\/ru\/"},{"@type":"ListItem","position":2,"name":"E-pood","item":"https:\/\/beautyinstitute.ee\/e-pood\/"},{"@type":"ListItem","position":3,"name":"Pedik\u00fc\u00fcri Aparaat &#8220;Xenox&#8221;"}]},{"@type":"WebSite","@id":"https:\/\/beautyinstitute.ee\/#website","url":"https:\/\/beautyinstitute.ee\/","name":"Beauty Institute","description":"CNC Cosmetic ametlik maaletooja ja edasim\u00fc\u00fcja Eestis, Soomes, L\u00e4tis. Aparaadikosmeetika, koolitused, kosmeetikatooted.","potentialAction":[{"@type":"SearchAction","target":{"@type":"EntryPoint","urlTemplate":"https:\/\/beautyinstitute.ee\/?s={search_term_string}"},"query-input":{"@type":"PropertyValueSpecification","valueRequired":true,"valueName":"search_term_string"}}],"inLanguage":"ru-RU"}]}},"_links":{"self":[{"href":"https:\/\/beautyinstitute.ee\/ru\/wp-json\/wp\/v2\/product\/14297","targetHints":{"allow":["GET"]}}],"collection":[{"href":"https:\/\/beautyinstitute.ee\/ru\/wp-json\/wp\/v2\/product"}],"about":[{"href":"https:\/\/beautyinstitute.ee\/ru\/wp-json\/wp\/v2\/types\/product"}],"wp:featuredmedia":[{"embeddable":true,"href":"https:\/\/beautyinstitute.ee\/ru\/wp-json\/wp\/v2\/media\/14298"}],"wp:attachment":[{"href":"https:\/\/beautyinstitute.ee\/ru\/wp-json\/wp\/v2\/media?parent=14297"}],"wp:term":[{"taxonomy":"product_cat","embeddable":true,"href":"https:\/\/beautyinstitute.ee\/ru\/wp-json\/wp\/v2\/product_cat?post=14297"},{"taxonomy":"product_tag","embeddable":true,"href":"https:\/\/beautyinstitute.ee\/ru\/wp-json\/wp\/v2\/product_tag?post=14297"}],"curies":[{"name":"wp","href":"https:\/\/api.w.org\/{rel}","templated":true}]}}