{"id":14683,"date":"2021-05-21T13:59:32","date_gmt":"2021-05-21T10:59:32","guid":{"rendered":"https:\/\/beautyinstitute.ee\/?post_type=product&#038;p=14683"},"modified":"2026-04-06T10:39:22","modified_gmt":"2026-04-06T07:39:22","slug":"minceur-jouvence-toonik-250ml","status":"publish","type":"product","link":"https:\/\/beautyinstitute.ee\/ru\/toode\/minceur-jouvence-toonik-250ml\/","title":{"rendered":"Minceur Jouvence Toonik 250Ml"},"content":{"rendered":"<p>Jouvence &#8211; toniseeriv vanni- v\u00f5i du\u0161igeel<\/p>\n<p>Sidruniterpeenidel p\u00f5hinev <span lang=\"et\">Jouvence 2011 vannitoonik stimuleerib vereringet, tugevdab kapillaaride seinu, stimuleerib rakkudevahelist ainevahetust.<\/span><\/p>\n<p>Jouvence toonik aitab kaasa v\u00f5itlusele tselluliidi ja \u00fclekaaluga.<\/p>\n<p>Sidruni eeterlik \u00f5li: kaitsev, puhastav ja toniseeriv.<\/p>\n<pre id=\"m_8127669715655986050gmail-tw-target-text\" dir=\"ltr\"><span lang=\"et\">Tulemus: Nahk on toniseeritud ja kaitstud, aitab tselluliidi vastu v\u00f5idelda.\r\n\r\n<\/span><\/pre>\n<p>\u00dcks kord p\u00e4evas. Lisada 3-4 korgit\u00e4it 37-kraadisesse vannivette. Ole vannis 10 minutit. V\u00f5id kasutada ka otse nahale enne du\u0161i alla minekut. Hoia nahal 3-4 minutit ja pese maha.<\/p>\n<p><strong>Toimeained:<\/strong><br \/>\nItaalia sidrun: toniseeriv, antioks\u00fcdant, tugev kaitse<br \/>\nTooted sisaldavad taimseid niisutuskomplekse, et hoida meie nahk niisutatud, elastne ja v\u00e4rske.<\/p>\n","protected":false},"excerpt":{"rendered":"<p>Jouvence &#8211; toniseeriv vanni- v\u00f5i du\u0161igeel Sidruniterpeenidel p\u00f5hinev Jouvence 2011 vannitoonik stimuleerib vereringet, tugevdab kapillaaride seinu, stimuleerib rakkudevahelist ainevahetust. Jouvence toonik aitab kaasa v\u00f5itlusele tselluliidi ja \u00fclekaaluga. Sidruni eeterlik \u00f5li: kaitsev, puhastav ja toniseeriv. Tulemus: Nahk on toniseeritud ja kaitstud, aitab tselluliidi vastu v\u00f5idelda. \u00dcks kord p\u00e4evas. Lisada 3-4 korgit\u00e4it 37-kraadisesse vannivette. Ole vannis 10 [&hellip;]<\/p>\n","protected":false},"featured_media":14684,"template":"","meta":{"_acf_changed":false},"product_cat":[323],"product_tag":[],"class_list":["post-14683","product","type-product","status-publish","has-post-thumbnail","hentry","product_cat-jooulud-2025"],"acf":[],"yoast_head":"<!-- This site is optimized with the Yoast SEO plugin v25.4 - https:\/\/yoast.com\/wordpress\/plugins\/seo\/ -->\n<title>Minceur Jouvence Toonik 250Ml - Beauty Institute<\/title>\n<meta name=\"robots\" content=\"index, follow, max-snippet:-1, max-image-preview:large, max-video-preview:-1\" \/>\n<link rel=\"canonical\" href=\"https:\/\/beautyinstitute.ee\/toode\/minceur-jouvence-toonik-250ml\/\" \/>\n<meta property=\"og:locale\" content=\"ru_RU\" \/>\n<meta property=\"og:type\" content=\"article\" \/>\n<meta property=\"og:title\" content=\"Minceur Jouvence Toonik 250Ml - Beauty Institute\" \/>\n<meta property=\"og:description\" content=\"Jouvence &#8211; toniseeriv vanni- v\u00f5i du\u0161igeel Sidruniterpeenidel p\u00f5hinev Jouvence 2011 vannitoonik stimuleerib vereringet, tugevdab kapillaaride seinu, stimuleerib rakkudevahelist ainevahetust. Jouvence toonik aitab kaasa v\u00f5itlusele tselluliidi ja \u00fclekaaluga. Sidruni eeterlik \u00f5li: kaitsev, puhastav ja toniseeriv. Tulemus: Nahk on toniseeritud ja kaitstud, aitab tselluliidi vastu v\u00f5idelda. \u00dcks kord p\u00e4evas. Lisada 3-4 korgit\u00e4it 37-kraadisesse vannivette. Ole vannis 10 [&hellip;]\" \/>\n<meta property=\"og:url\" content=\"https:\/\/beautyinstitute.ee\/toode\/minceur-jouvence-toonik-250ml\/\" \/>\n<meta property=\"og:site_name\" content=\"Beauty Institute\" \/>\n<meta property=\"article:modified_time\" content=\"2026-04-06T07:39:22+00:00\" \/>\n<meta property=\"og:image\" content=\"https:\/\/beautyinstitute.ee\/wp-content\/uploads\/2021\/05\/Minceur-2011-Jouvence.png\" \/>\n\t<meta property=\"og:image:width\" content=\"500\" \/>\n\t<meta property=\"og:image:height\" content=\"700\" \/>\n\t<meta property=\"og:image:type\" content=\"image\/png\" \/>\n<meta name=\"twitter:card\" content=\"summary_large_image\" \/>\n<meta name=\"twitter:site\" content=\"@Beauty_Eesti\" \/>\n<meta name=\"twitter:label1\" content=\"\u041f\u0440\u0438\u043c\u0435\u0440\u043d\u043e\u0435 \u0432\u0440\u0435\u043c\u044f \u0434\u043b\u044f \u0447\u0442\u0435\u043d\u0438\u044f\" \/>\n\t<meta name=\"twitter:data1\" content=\"1 \u043c\u0438\u043d\u0443\u0442\u0430\" \/>\n<script type=\"application\/ld+json\" class=\"yoast-schema-graph\">{\"@context\":\"https:\/\/schema.org\",\"@graph\":[{\"@type\":\"WebPage\",\"@id\":\"https:\/\/beautyinstitute.ee\/toode\/minceur-jouvence-toonik-250ml\/\",\"url\":\"https:\/\/beautyinstitute.ee\/toode\/minceur-jouvence-toonik-250ml\/\",\"name\":\"Minceur Jouvence Toonik 250Ml - Beauty Institute\",\"isPartOf\":{\"@id\":\"https:\/\/beautyinstitute.ee\/#website\"},\"primaryImageOfPage\":{\"@id\":\"https:\/\/beautyinstitute.ee\/toode\/minceur-jouvence-toonik-250ml\/#primaryimage\"},\"image\":{\"@id\":\"https:\/\/beautyinstitute.ee\/toode\/minceur-jouvence-toonik-250ml\/#primaryimage\"},\"thumbnailUrl\":\"https:\/\/beautyinstitute.ee\/wp-content\/uploads\/2021\/05\/Minceur-2011-Jouvence.png\",\"datePublished\":\"2021-05-21T10:59:32+00:00\",\"dateModified\":\"2026-04-06T07:39:22+00:00\",\"breadcrumb\":{\"@id\":\"https:\/\/beautyinstitute.ee\/toode\/minceur-jouvence-toonik-250ml\/#breadcrumb\"},\"inLanguage\":\"ru-RU\",\"potentialAction\":[{\"@type\":\"ReadAction\",\"target\":[\"https:\/\/beautyinstitute.ee\/toode\/minceur-jouvence-toonik-250ml\/\"]}]},{\"@type\":\"ImageObject\",\"inLanguage\":\"ru-RU\",\"@id\":\"https:\/\/beautyinstitute.ee\/toode\/minceur-jouvence-toonik-250ml\/#primaryimage\",\"url\":\"https:\/\/beautyinstitute.ee\/wp-content\/uploads\/2021\/05\/Minceur-2011-Jouvence.png\",\"contentUrl\":\"https:\/\/beautyinstitute.ee\/wp-content\/uploads\/2021\/05\/Minceur-2011-Jouvence.png\",\"width\":500,\"height\":700},{\"@type\":\"BreadcrumbList\",\"@id\":\"https:\/\/beautyinstitute.ee\/toode\/minceur-jouvence-toonik-250ml\/#breadcrumb\",\"itemListElement\":[{\"@type\":\"ListItem\",\"position\":1,\"name\":\"Home\",\"item\":\"https:\/\/beautyinstitute.ee\/ru\/\"},{\"@type\":\"ListItem\",\"position\":2,\"name\":\"E-pood\",\"item\":\"https:\/\/beautyinstitute.ee\/e-pood\/\"},{\"@type\":\"ListItem\",\"position\":3,\"name\":\"Minceur Jouvence Toonik 250Ml\"}]},{\"@type\":\"WebSite\",\"@id\":\"https:\/\/beautyinstitute.ee\/#website\",\"url\":\"https:\/\/beautyinstitute.ee\/\",\"name\":\"Beauty Institute\",\"description\":\"CNC Cosmetic ametlik maaletooja ja edasim\u00fc\u00fcja Eestis, Soomes, L\u00e4tis. Aparaadikosmeetika, koolitused, kosmeetikatooted.\",\"potentialAction\":[{\"@type\":\"SearchAction\",\"target\":{\"@type\":\"EntryPoint\",\"urlTemplate\":\"https:\/\/beautyinstitute.ee\/?s={search_term_string}\"},\"query-input\":{\"@type\":\"PropertyValueSpecification\",\"valueRequired\":true,\"valueName\":\"search_term_string\"}}],\"inLanguage\":\"ru-RU\"}]}<\/script>\n<!-- \/ Yoast SEO plugin. -->","yoast_head_json":{"title":"Minceur Jouvence Toonik 250Ml - Beauty Institute","robots":{"index":"index","follow":"follow","max-snippet":"max-snippet:-1","max-image-preview":"max-image-preview:large","max-video-preview":"max-video-preview:-1"},"canonical":"https:\/\/beautyinstitute.ee\/toode\/minceur-jouvence-toonik-250ml\/","og_locale":"ru_RU","og_type":"article","og_title":"Minceur Jouvence Toonik 250Ml - Beauty Institute","og_description":"Jouvence &#8211; toniseeriv vanni- v\u00f5i du\u0161igeel Sidruniterpeenidel p\u00f5hinev Jouvence 2011 vannitoonik stimuleerib vereringet, tugevdab kapillaaride seinu, stimuleerib rakkudevahelist ainevahetust. Jouvence toonik aitab kaasa v\u00f5itlusele tselluliidi ja \u00fclekaaluga. Sidruni eeterlik \u00f5li: kaitsev, puhastav ja toniseeriv. Tulemus: Nahk on toniseeritud ja kaitstud, aitab tselluliidi vastu v\u00f5idelda. \u00dcks kord p\u00e4evas. Lisada 3-4 korgit\u00e4it 37-kraadisesse vannivette. Ole vannis 10 [&hellip;]","og_url":"https:\/\/beautyinstitute.ee\/toode\/minceur-jouvence-toonik-250ml\/","og_site_name":"Beauty Institute","article_modified_time":"2026-04-06T07:39:22+00:00","og_image":[{"width":500,"height":700,"url":"https:\/\/beautyinstitute.ee\/wp-content\/uploads\/2021\/05\/Minceur-2011-Jouvence.png","type":"image\/png"}],"twitter_card":"summary_large_image","twitter_site":"@Beauty_Eesti","twitter_misc":{"\u041f\u0440\u0438\u043c\u0435\u0440\u043d\u043e\u0435 \u0432\u0440\u0435\u043c\u044f \u0434\u043b\u044f \u0447\u0442\u0435\u043d\u0438\u044f":"1 \u043c\u0438\u043d\u0443\u0442\u0430"},"schema":{"@context":"https:\/\/schema.org","@graph":[{"@type":"WebPage","@id":"https:\/\/beautyinstitute.ee\/toode\/minceur-jouvence-toonik-250ml\/","url":"https:\/\/beautyinstitute.ee\/toode\/minceur-jouvence-toonik-250ml\/","name":"Minceur Jouvence Toonik 250Ml - Beauty Institute","isPartOf":{"@id":"https:\/\/beautyinstitute.ee\/#website"},"primaryImageOfPage":{"@id":"https:\/\/beautyinstitute.ee\/toode\/minceur-jouvence-toonik-250ml\/#primaryimage"},"image":{"@id":"https:\/\/beautyinstitute.ee\/toode\/minceur-jouvence-toonik-250ml\/#primaryimage"},"thumbnailUrl":"https:\/\/beautyinstitute.ee\/wp-content\/uploads\/2021\/05\/Minceur-2011-Jouvence.png","datePublished":"2021-05-21T10:59:32+00:00","dateModified":"2026-04-06T07:39:22+00:00","breadcrumb":{"@id":"https:\/\/beautyinstitute.ee\/toode\/minceur-jouvence-toonik-250ml\/#breadcrumb"},"inLanguage":"ru-RU","potentialAction":[{"@type":"ReadAction","target":["https:\/\/beautyinstitute.ee\/toode\/minceur-jouvence-toonik-250ml\/"]}]},{"@type":"ImageObject","inLanguage":"ru-RU","@id":"https:\/\/beautyinstitute.ee\/toode\/minceur-jouvence-toonik-250ml\/#primaryimage","url":"https:\/\/beautyinstitute.ee\/wp-content\/uploads\/2021\/05\/Minceur-2011-Jouvence.png","contentUrl":"https:\/\/beautyinstitute.ee\/wp-content\/uploads\/2021\/05\/Minceur-2011-Jouvence.png","width":500,"height":700},{"@type":"BreadcrumbList","@id":"https:\/\/beautyinstitute.ee\/toode\/minceur-jouvence-toonik-250ml\/#breadcrumb","itemListElement":[{"@type":"ListItem","position":1,"name":"Home","item":"https:\/\/beautyinstitute.ee\/ru\/"},{"@type":"ListItem","position":2,"name":"E-pood","item":"https:\/\/beautyinstitute.ee\/e-pood\/"},{"@type":"ListItem","position":3,"name":"Minceur Jouvence Toonik 250Ml"}]},{"@type":"WebSite","@id":"https:\/\/beautyinstitute.ee\/#website","url":"https:\/\/beautyinstitute.ee\/","name":"Beauty Institute","description":"CNC Cosmetic ametlik maaletooja ja edasim\u00fc\u00fcja Eestis, Soomes, L\u00e4tis. Aparaadikosmeetika, koolitused, kosmeetikatooted.","potentialAction":[{"@type":"SearchAction","target":{"@type":"EntryPoint","urlTemplate":"https:\/\/beautyinstitute.ee\/?s={search_term_string}"},"query-input":{"@type":"PropertyValueSpecification","valueRequired":true,"valueName":"search_term_string"}}],"inLanguage":"ru-RU"}]}},"_links":{"self":[{"href":"https:\/\/beautyinstitute.ee\/ru\/wp-json\/wp\/v2\/product\/14683","targetHints":{"allow":["GET"]}}],"collection":[{"href":"https:\/\/beautyinstitute.ee\/ru\/wp-json\/wp\/v2\/product"}],"about":[{"href":"https:\/\/beautyinstitute.ee\/ru\/wp-json\/wp\/v2\/types\/product"}],"wp:featuredmedia":[{"embeddable":true,"href":"https:\/\/beautyinstitute.ee\/ru\/wp-json\/wp\/v2\/media\/14684"}],"wp:attachment":[{"href":"https:\/\/beautyinstitute.ee\/ru\/wp-json\/wp\/v2\/media?parent=14683"}],"wp:term":[{"taxonomy":"product_cat","embeddable":true,"href":"https:\/\/beautyinstitute.ee\/ru\/wp-json\/wp\/v2\/product_cat?post=14683"},{"taxonomy":"product_tag","embeddable":true,"href":"https:\/\/beautyinstitute.ee\/ru\/wp-json\/wp\/v2\/product_tag?post=14683"}],"curies":[{"name":"wp","href":"https:\/\/api.w.org\/{rel}","templated":true}]}}