{"id":14687,"date":"2021-05-21T14:02:49","date_gmt":"2021-05-21T11:02:49","guid":{"rendered":"https:\/\/beautyinstitute.ee\/?post_type=product&#038;p=14687"},"modified":"2026-04-25T10:33:19","modified_gmt":"2026-04-25T07:33:19","slug":"phytoslim-salendav-kehakreem-150ml","status":"publish","type":"product","link":"https:\/\/beautyinstitute.ee\/ru\/toode\/phytoslim-salendav-kehakreem-150ml\/","title":{"rendered":"Phytoslim- Salendav Kehakreem 150Ml"},"content":{"rendered":"<p>Phytslim- salendav kehakreem<\/p>\n<p>Nagu nimigi \u00fctleb, m\u00f5jub see kreem nii rasvaladestustele ja tselluliidile kui ka naha pingulusele. Seda on meeldiv kasutada ja lihtne peale kanda. See sisaldab eeterlike \u00f5lide, mineraalsoolade ja niisutava kompleksi spetsiifilist s\u00fcnergiat. Soovitatav ka k\u00f5ikide raskete jalgadega seotud probleemide korral.<\/p>\n<p>Gl\u00fctseriin: niisutav ja rahustav.<br \/>\nT\u00e4rklise derivaat: matistav ja niisutav.<br \/>\nMagusa mandli \u00f5li: rahustav, rahustav ja parandav.<br \/>\nSkvalaan, pehmendav, biomimeetiline pehmendaja: tugevdab naha barj\u00e4\u00e4ri.<br \/>\nSheav\u00f5i: tervendav, kaitsev ja toitev.<br \/>\nPunane viinapuu: antioks\u00fcdant, toniseerib ja kaitseb veresooni.<br \/>\nCentella asiatica, vetikad, kofeiin, karnitiin ja pantenool: salendav ja kurnav kompleks.<br \/>\nE-vitamiin: antioks\u00fcdant ja kaitsev.<br \/>\nEukal\u00fcpti eeterlik \u00f5li: antibakteriaalne ja seenevastane.<br \/>\nVetikad: salendav, niisutav ja toniseeriv.<br \/>\nLavendli eeterlik \u00f5li: antiseptiline, tervendav ja taastav.<br \/>\nMentool: v\u00e4rskendav, turset leevendav ja rahustav.<br \/>\nSidruni eeterlik \u00f5li: kaitsev, puhastav ja toniseeriv.<br \/>\nM\u00fcndi eeterlik \u00f5li: toonik, v\u00e4rskendav ja valuvaigisti.<br \/>\nCajeputi eeterlik \u00f5li: dekongestant ja toonik.<br \/>\nGeraniumi eeterlik \u00f5li: salendav ja antiseptiline.<\/p>\n<p>Tulemused: toniseerib kude ja viimistleb figuuri. Annab kohese v\u00e4rskuse ja kerguse tunde.<\/p>\n<p>Kasuta igap\u00e4evaselt, igal hommikul ja \u00f5htul. Kasuta kreemi keha\u00a0probleemsetele piirkondadele. Kreem toniseerib kudesid ja taastab figuuri,\u00a0annab kohese erilise v\u00e4rskuse ja kerge tunde. \u00a0V\u00f5itleb, \u00fclekaalu, tselluliidi ja tursetega.<\/p>\n","protected":false},"excerpt":{"rendered":"<p>Phytslim- salendav kehakreem Nagu nimigi \u00fctleb, m\u00f5jub see kreem nii rasvaladestustele ja tselluliidile kui ka naha pingulusele. Seda on meeldiv kasutada ja lihtne peale kanda. See sisaldab eeterlike \u00f5lide, mineraalsoolade ja niisutava kompleksi spetsiifilist s\u00fcnergiat. Soovitatav ka k\u00f5ikide raskete jalgadega seotud probleemide korral. Gl\u00fctseriin: niisutav ja rahustav. T\u00e4rklise derivaat: matistav ja niisutav. Magusa mandli \u00f5li: [&hellip;]<\/p>\n","protected":false},"featured_media":14688,"template":"","meta":{"_acf_changed":false},"product_cat":[323],"product_tag":[],"class_list":["post-14687","product","type-product","status-publish","has-post-thumbnail","hentry","product_cat-jooulud-2025"],"acf":[],"yoast_head":"<!-- This site is optimized with the Yoast SEO plugin v25.4 - https:\/\/yoast.com\/wordpress\/plugins\/seo\/ -->\n<title>Phytoslim- Salendav Kehakreem 150Ml - Beauty Institute<\/title>\n<meta name=\"robots\" content=\"index, follow, max-snippet:-1, max-image-preview:large, max-video-preview:-1\" \/>\n<link rel=\"canonical\" href=\"https:\/\/beautyinstitute.ee\/toode\/phytoslim-salendav-kehakreem-150ml\/\" \/>\n<meta property=\"og:locale\" content=\"ru_RU\" \/>\n<meta property=\"og:type\" content=\"article\" \/>\n<meta property=\"og:title\" content=\"Phytoslim- Salendav Kehakreem 150Ml - Beauty Institute\" \/>\n<meta property=\"og:description\" content=\"Phytslim- salendav kehakreem Nagu nimigi \u00fctleb, m\u00f5jub see kreem nii rasvaladestustele ja tselluliidile kui ka naha pingulusele. Seda on meeldiv kasutada ja lihtne peale kanda. See sisaldab eeterlike \u00f5lide, mineraalsoolade ja niisutava kompleksi spetsiifilist s\u00fcnergiat. Soovitatav ka k\u00f5ikide raskete jalgadega seotud probleemide korral. Gl\u00fctseriin: niisutav ja rahustav. T\u00e4rklise derivaat: matistav ja niisutav. Magusa mandli \u00f5li: [&hellip;]\" \/>\n<meta property=\"og:url\" content=\"https:\/\/beautyinstitute.ee\/toode\/phytoslim-salendav-kehakreem-150ml\/\" \/>\n<meta property=\"og:site_name\" content=\"Beauty Institute\" \/>\n<meta property=\"article:modified_time\" content=\"2026-04-25T07:33:19+00:00\" \/>\n<meta property=\"og:image\" content=\"https:\/\/beautyinstitute.ee\/wp-content\/uploads\/2021\/05\/Minceur-2011-Phytslim.png\" \/>\n\t<meta property=\"og:image:width\" content=\"500\" \/>\n\t<meta property=\"og:image:height\" content=\"700\" \/>\n\t<meta property=\"og:image:type\" content=\"image\/png\" \/>\n<meta name=\"twitter:card\" content=\"summary_large_image\" \/>\n<meta name=\"twitter:site\" content=\"@Beauty_Eesti\" \/>\n<meta name=\"twitter:label1\" content=\"\u041f\u0440\u0438\u043c\u0435\u0440\u043d\u043e\u0435 \u0432\u0440\u0435\u043c\u044f \u0434\u043b\u044f \u0447\u0442\u0435\u043d\u0438\u044f\" \/>\n\t<meta name=\"twitter:data1\" content=\"2 \u043c\u0438\u043d\u0443\u0442\u044b\" \/>\n<script type=\"application\/ld+json\" class=\"yoast-schema-graph\">{\"@context\":\"https:\/\/schema.org\",\"@graph\":[{\"@type\":\"WebPage\",\"@id\":\"https:\/\/beautyinstitute.ee\/toode\/phytoslim-salendav-kehakreem-150ml\/\",\"url\":\"https:\/\/beautyinstitute.ee\/toode\/phytoslim-salendav-kehakreem-150ml\/\",\"name\":\"Phytoslim- Salendav Kehakreem 150Ml - Beauty Institute\",\"isPartOf\":{\"@id\":\"https:\/\/beautyinstitute.ee\/#website\"},\"primaryImageOfPage\":{\"@id\":\"https:\/\/beautyinstitute.ee\/toode\/phytoslim-salendav-kehakreem-150ml\/#primaryimage\"},\"image\":{\"@id\":\"https:\/\/beautyinstitute.ee\/toode\/phytoslim-salendav-kehakreem-150ml\/#primaryimage\"},\"thumbnailUrl\":\"https:\/\/beautyinstitute.ee\/wp-content\/uploads\/2021\/05\/Minceur-2011-Phytslim.png\",\"datePublished\":\"2021-05-21T11:02:49+00:00\",\"dateModified\":\"2026-04-25T07:33:19+00:00\",\"breadcrumb\":{\"@id\":\"https:\/\/beautyinstitute.ee\/toode\/phytoslim-salendav-kehakreem-150ml\/#breadcrumb\"},\"inLanguage\":\"ru-RU\",\"potentialAction\":[{\"@type\":\"ReadAction\",\"target\":[\"https:\/\/beautyinstitute.ee\/toode\/phytoslim-salendav-kehakreem-150ml\/\"]}]},{\"@type\":\"ImageObject\",\"inLanguage\":\"ru-RU\",\"@id\":\"https:\/\/beautyinstitute.ee\/toode\/phytoslim-salendav-kehakreem-150ml\/#primaryimage\",\"url\":\"https:\/\/beautyinstitute.ee\/wp-content\/uploads\/2021\/05\/Minceur-2011-Phytslim.png\",\"contentUrl\":\"https:\/\/beautyinstitute.ee\/wp-content\/uploads\/2021\/05\/Minceur-2011-Phytslim.png\",\"width\":500,\"height\":700},{\"@type\":\"BreadcrumbList\",\"@id\":\"https:\/\/beautyinstitute.ee\/toode\/phytoslim-salendav-kehakreem-150ml\/#breadcrumb\",\"itemListElement\":[{\"@type\":\"ListItem\",\"position\":1,\"name\":\"Home\",\"item\":\"https:\/\/beautyinstitute.ee\/ru\/\"},{\"@type\":\"ListItem\",\"position\":2,\"name\":\"E-pood\",\"item\":\"https:\/\/beautyinstitute.ee\/e-pood\/\"},{\"@type\":\"ListItem\",\"position\":3,\"name\":\"Phytoslim- Salendav Kehakreem 150Ml\"}]},{\"@type\":\"WebSite\",\"@id\":\"https:\/\/beautyinstitute.ee\/#website\",\"url\":\"https:\/\/beautyinstitute.ee\/\",\"name\":\"Beauty Institute\",\"description\":\"CNC Cosmetic ametlik maaletooja ja edasim\u00fc\u00fcja Eestis, Soomes, L\u00e4tis. Aparaadikosmeetika, koolitused, kosmeetikatooted.\",\"potentialAction\":[{\"@type\":\"SearchAction\",\"target\":{\"@type\":\"EntryPoint\",\"urlTemplate\":\"https:\/\/beautyinstitute.ee\/?s={search_term_string}\"},\"query-input\":{\"@type\":\"PropertyValueSpecification\",\"valueRequired\":true,\"valueName\":\"search_term_string\"}}],\"inLanguage\":\"ru-RU\"}]}<\/script>\n<!-- \/ Yoast SEO plugin. -->","yoast_head_json":{"title":"Phytoslim- Salendav Kehakreem 150Ml - Beauty Institute","robots":{"index":"index","follow":"follow","max-snippet":"max-snippet:-1","max-image-preview":"max-image-preview:large","max-video-preview":"max-video-preview:-1"},"canonical":"https:\/\/beautyinstitute.ee\/toode\/phytoslim-salendav-kehakreem-150ml\/","og_locale":"ru_RU","og_type":"article","og_title":"Phytoslim- Salendav Kehakreem 150Ml - Beauty Institute","og_description":"Phytslim- salendav kehakreem Nagu nimigi \u00fctleb, m\u00f5jub see kreem nii rasvaladestustele ja tselluliidile kui ka naha pingulusele. Seda on meeldiv kasutada ja lihtne peale kanda. See sisaldab eeterlike \u00f5lide, mineraalsoolade ja niisutava kompleksi spetsiifilist s\u00fcnergiat. Soovitatav ka k\u00f5ikide raskete jalgadega seotud probleemide korral. Gl\u00fctseriin: niisutav ja rahustav. T\u00e4rklise derivaat: matistav ja niisutav. Magusa mandli \u00f5li: [&hellip;]","og_url":"https:\/\/beautyinstitute.ee\/toode\/phytoslim-salendav-kehakreem-150ml\/","og_site_name":"Beauty Institute","article_modified_time":"2026-04-25T07:33:19+00:00","og_image":[{"width":500,"height":700,"url":"https:\/\/beautyinstitute.ee\/wp-content\/uploads\/2021\/05\/Minceur-2011-Phytslim.png","type":"image\/png"}],"twitter_card":"summary_large_image","twitter_site":"@Beauty_Eesti","twitter_misc":{"\u041f\u0440\u0438\u043c\u0435\u0440\u043d\u043e\u0435 \u0432\u0440\u0435\u043c\u044f \u0434\u043b\u044f \u0447\u0442\u0435\u043d\u0438\u044f":"2 \u043c\u0438\u043d\u0443\u0442\u044b"},"schema":{"@context":"https:\/\/schema.org","@graph":[{"@type":"WebPage","@id":"https:\/\/beautyinstitute.ee\/toode\/phytoslim-salendav-kehakreem-150ml\/","url":"https:\/\/beautyinstitute.ee\/toode\/phytoslim-salendav-kehakreem-150ml\/","name":"Phytoslim- Salendav Kehakreem 150Ml - Beauty Institute","isPartOf":{"@id":"https:\/\/beautyinstitute.ee\/#website"},"primaryImageOfPage":{"@id":"https:\/\/beautyinstitute.ee\/toode\/phytoslim-salendav-kehakreem-150ml\/#primaryimage"},"image":{"@id":"https:\/\/beautyinstitute.ee\/toode\/phytoslim-salendav-kehakreem-150ml\/#primaryimage"},"thumbnailUrl":"https:\/\/beautyinstitute.ee\/wp-content\/uploads\/2021\/05\/Minceur-2011-Phytslim.png","datePublished":"2021-05-21T11:02:49+00:00","dateModified":"2026-04-25T07:33:19+00:00","breadcrumb":{"@id":"https:\/\/beautyinstitute.ee\/toode\/phytoslim-salendav-kehakreem-150ml\/#breadcrumb"},"inLanguage":"ru-RU","potentialAction":[{"@type":"ReadAction","target":["https:\/\/beautyinstitute.ee\/toode\/phytoslim-salendav-kehakreem-150ml\/"]}]},{"@type":"ImageObject","inLanguage":"ru-RU","@id":"https:\/\/beautyinstitute.ee\/toode\/phytoslim-salendav-kehakreem-150ml\/#primaryimage","url":"https:\/\/beautyinstitute.ee\/wp-content\/uploads\/2021\/05\/Minceur-2011-Phytslim.png","contentUrl":"https:\/\/beautyinstitute.ee\/wp-content\/uploads\/2021\/05\/Minceur-2011-Phytslim.png","width":500,"height":700},{"@type":"BreadcrumbList","@id":"https:\/\/beautyinstitute.ee\/toode\/phytoslim-salendav-kehakreem-150ml\/#breadcrumb","itemListElement":[{"@type":"ListItem","position":1,"name":"Home","item":"https:\/\/beautyinstitute.ee\/ru\/"},{"@type":"ListItem","position":2,"name":"E-pood","item":"https:\/\/beautyinstitute.ee\/e-pood\/"},{"@type":"ListItem","position":3,"name":"Phytoslim- Salendav Kehakreem 150Ml"}]},{"@type":"WebSite","@id":"https:\/\/beautyinstitute.ee\/#website","url":"https:\/\/beautyinstitute.ee\/","name":"Beauty Institute","description":"CNC Cosmetic ametlik maaletooja ja edasim\u00fc\u00fcja Eestis, Soomes, L\u00e4tis. Aparaadikosmeetika, koolitused, kosmeetikatooted.","potentialAction":[{"@type":"SearchAction","target":{"@type":"EntryPoint","urlTemplate":"https:\/\/beautyinstitute.ee\/?s={search_term_string}"},"query-input":{"@type":"PropertyValueSpecification","valueRequired":true,"valueName":"search_term_string"}}],"inLanguage":"ru-RU"}]}},"_links":{"self":[{"href":"https:\/\/beautyinstitute.ee\/ru\/wp-json\/wp\/v2\/product\/14687","targetHints":{"allow":["GET"]}}],"collection":[{"href":"https:\/\/beautyinstitute.ee\/ru\/wp-json\/wp\/v2\/product"}],"about":[{"href":"https:\/\/beautyinstitute.ee\/ru\/wp-json\/wp\/v2\/types\/product"}],"wp:featuredmedia":[{"embeddable":true,"href":"https:\/\/beautyinstitute.ee\/ru\/wp-json\/wp\/v2\/media\/14688"}],"wp:attachment":[{"href":"https:\/\/beautyinstitute.ee\/ru\/wp-json\/wp\/v2\/media?parent=14687"}],"wp:term":[{"taxonomy":"product_cat","embeddable":true,"href":"https:\/\/beautyinstitute.ee\/ru\/wp-json\/wp\/v2\/product_cat?post=14687"},{"taxonomy":"product_tag","embeddable":true,"href":"https:\/\/beautyinstitute.ee\/ru\/wp-json\/wp\/v2\/product_tag?post=14687"}],"curies":[{"name":"wp","href":"https:\/\/api.w.org\/{rel}","templated":true}]}}