{"id":14695,"date":"2021-05-21T14:17:28","date_gmt":"2021-05-21T11:17:28","guid":{"rendered":"https:\/\/beautyinstitute.ee\/?post_type=product&#038;p=14695"},"modified":"2026-04-06T10:40:23","modified_gmt":"2026-04-06T07:40:23","slug":"minceur2011-kehamahised-1000ml","status":"publish","type":"product","link":"https:\/\/beautyinstitute.ee\/ru\/toode\/minceur2011-kehamahised-1000ml\/","title":{"rendered":"Minceur2011 Keham\u00e4hised 1000Ml Salong"},"content":{"rendered":"<p>Minceur 2011\u00ae sisaldab k\u00f5iki looduslikke\u00a0essentse, mis komponeerivad selle\u00a0t\u00e4ielikkkuse. T\u00e4ielikult parabeenivaba<br \/>\nsalenemistoode.\u00a011 eeterlikku \u00f5li on 100% looduslikud ja\u00a0teaduslikult \u00fchendatud, v\u00f5itlemaks\u00a0probleemidega nagu<br \/>\napelsinikoore(tselluliidi),\u00a0\u00fclekaalulisus ja turses jalad.<br \/>\n<strong>Hoolduse saladus peitub:<\/strong>\u00a0t\u00e4nu taimsetele koostisosadele reguleerivab\u00a0organismi ainevahetust, parandab\u00a0vereringet ja aitab v\u00e4ljutada toksiinine.<br \/>\n<strong>Tulemused:<\/strong><br \/>\nJuba esimesest Minceur 2011\u00ae hooldusest\u00a0alates vormitakse ja taastatakse keha\u00a0skulptuur, lisaks saavutatakse naha niisutus ja<br \/>\npehmus.<\/p>\n<p><strong>Taimed essentsid silueti taastamiseks.<\/strong><br \/>\nBody Wrap sisaldab100% naturaalseid \u00f5lisid<br \/>\n<strong>Valemi saladus<\/strong><br \/>\nSisalduvad 100 % eeterlikke \u00f5lisid.\u00a0Minceur 2011\u00ae m\u00e4ngib olulist rolli organismi\u00a0p\u00f5hiainevahetuses.<br \/>\nParem rasvap\u00f5letus ja kudede detoksifitseerimine\u00a0looduslike toimeainetega.<br \/>\n<strong>Toimeained:<\/strong><br \/>\nLavendel: rahustav,diureetiline, toniseeriv<br \/>\nNiaouli: antiseptiline, valuvaigisti, dekongestant.<\/p>\n<p>Singhalese kaneel: antiseptiline,\u00a0kokkut\u00f5mbava toimega, toniseeriv<br \/>\nPiparm\u00fcnt: stimuleeriv, toniseeriv, antiseptiline.<br \/>\nRosmariin:stimuleeriv, diureetikum, tugev antioks\u00fcdant.<br \/>\nItaalia sidrun: toniseeriv, antioks\u00fcdant, tugev kaitse<br \/>\nKadakas: diureetikum, toniseeriv antiseptikum.<br \/>\nSalvei: toniseeriv, stimuleeriv, p\u00f5letiku vastane<br \/>\nT\u00fc\u00fcmian: turgutav, antiseptiline stimulant.<br \/>\nCajeput: valuvaigisti, antiseptiline ja rahustav.<br \/>\nEukal\u00fcpt: reumavastane, antiseptiline dekongestant.<\/p>\n<p>+ tooted sisaldavad taimseid niisutuskomplekse, et hoida meie nahk niisutatud, elastne ja v\u00e4rske.<\/p>\n<p>Soovitus- kasutada kuurina, 1x n\u00e4dalas.<\/p>\n<p>M\u00e4histe juurde v\u00f5imalik osta eraldi kiled 1,5 x 1,5m (valmis l\u00f5igatud)<\/p>\n<p>1-le m\u00e4hisele kulub 20-30ml emulsiooni. (1 pudelist saab 33-50 protseduuri teha)<\/p>\n<p>M\u00e4his ei vaja veega eemaldamist, imendub k\u00f5ik naha sisse.<\/p>\n<p>&nbsp;<\/p>\n","protected":false},"excerpt":{"rendered":"<p>Minceur 2011\u00ae sisaldab k\u00f5iki looduslikke\u00a0essentse, mis komponeerivad selle\u00a0t\u00e4ielikkkuse. T\u00e4ielikult parabeenivaba salenemistoode.\u00a011 eeterlikku \u00f5li on 100% looduslikud ja\u00a0teaduslikult \u00fchendatud, v\u00f5itlemaks\u00a0probleemidega nagu apelsinikoore(tselluliidi),\u00a0\u00fclekaalulisus ja turses jalad. Hoolduse saladus peitub:\u00a0t\u00e4nu taimsetele koostisosadele reguleerivab\u00a0organismi ainevahetust, parandab\u00a0vereringet ja aitab v\u00e4ljutada toksiinine. Tulemused: Juba esimesest Minceur 2011\u00ae hooldusest\u00a0alates vormitakse ja taastatakse keha\u00a0skulptuur, lisaks saavutatakse naha niisutus ja pehmus. Taimed essentsid silueti [&hellip;]<\/p>\n","protected":false},"featured_media":14697,"template":"","meta":{"_acf_changed":false},"product_cat":[323],"product_tag":[],"class_list":["post-14695","product","type-product","status-publish","has-post-thumbnail","hentry","product_cat-jooulud-2025"],"acf":[],"yoast_head":"<!-- This site is optimized with the Yoast SEO plugin v25.4 - https:\/\/yoast.com\/wordpress\/plugins\/seo\/ -->\n<title>Minceur2011 Keham\u00e4hised 1000Ml Salong - Beauty Institute<\/title>\n<meta name=\"robots\" content=\"index, follow, max-snippet:-1, max-image-preview:large, max-video-preview:-1\" \/>\n<link rel=\"canonical\" href=\"https:\/\/beautyinstitute.ee\/toode\/minceur2011-kehamahised-1000ml\/\" \/>\n<meta property=\"og:locale\" content=\"ru_RU\" \/>\n<meta property=\"og:type\" content=\"article\" \/>\n<meta property=\"og:title\" content=\"Minceur2011 Keham\u00e4hised 1000Ml Salong - Beauty Institute\" \/>\n<meta property=\"og:description\" content=\"Minceur 2011\u00ae sisaldab k\u00f5iki looduslikke\u00a0essentse, mis komponeerivad selle\u00a0t\u00e4ielikkkuse. T\u00e4ielikult parabeenivaba salenemistoode.\u00a011 eeterlikku \u00f5li on 100% looduslikud ja\u00a0teaduslikult \u00fchendatud, v\u00f5itlemaks\u00a0probleemidega nagu apelsinikoore(tselluliidi),\u00a0\u00fclekaalulisus ja turses jalad. Hoolduse saladus peitub:\u00a0t\u00e4nu taimsetele koostisosadele reguleerivab\u00a0organismi ainevahetust, parandab\u00a0vereringet ja aitab v\u00e4ljutada toksiinine. Tulemused: Juba esimesest Minceur 2011\u00ae hooldusest\u00a0alates vormitakse ja taastatakse keha\u00a0skulptuur, lisaks saavutatakse naha niisutus ja pehmus. Taimed essentsid silueti [&hellip;]\" \/>\n<meta property=\"og:url\" content=\"https:\/\/beautyinstitute.ee\/toode\/minceur2011-kehamahised-1000ml\/\" \/>\n<meta property=\"og:site_name\" content=\"Beauty Institute\" \/>\n<meta property=\"article:modified_time\" content=\"2026-04-06T07:40:23+00:00\" \/>\n<meta property=\"og:image\" content=\"https:\/\/beautyinstitute.ee\/wp-content\/uploads\/2021\/05\/wrapping.jpg\" \/>\n\t<meta property=\"og:image:width\" content=\"300\" \/>\n\t<meta property=\"og:image:height\" content=\"300\" \/>\n\t<meta property=\"og:image:type\" content=\"image\/jpeg\" \/>\n<meta name=\"twitter:card\" content=\"summary_large_image\" \/>\n<meta name=\"twitter:site\" content=\"@Beauty_Eesti\" \/>\n<meta name=\"twitter:label1\" content=\"\u041f\u0440\u0438\u043c\u0435\u0440\u043d\u043e\u0435 \u0432\u0440\u0435\u043c\u044f \u0434\u043b\u044f \u0447\u0442\u0435\u043d\u0438\u044f\" \/>\n\t<meta name=\"twitter:data1\" content=\"2 \u043c\u0438\u043d\u0443\u0442\u044b\" \/>\n<script type=\"application\/ld+json\" class=\"yoast-schema-graph\">{\"@context\":\"https:\/\/schema.org\",\"@graph\":[{\"@type\":\"WebPage\",\"@id\":\"https:\/\/beautyinstitute.ee\/toode\/minceur2011-kehamahised-1000ml\/\",\"url\":\"https:\/\/beautyinstitute.ee\/toode\/minceur2011-kehamahised-1000ml\/\",\"name\":\"Minceur2011 Keham\u00e4hised 1000Ml Salong - Beauty Institute\",\"isPartOf\":{\"@id\":\"https:\/\/beautyinstitute.ee\/#website\"},\"primaryImageOfPage\":{\"@id\":\"https:\/\/beautyinstitute.ee\/toode\/minceur2011-kehamahised-1000ml\/#primaryimage\"},\"image\":{\"@id\":\"https:\/\/beautyinstitute.ee\/toode\/minceur2011-kehamahised-1000ml\/#primaryimage\"},\"thumbnailUrl\":\"https:\/\/beautyinstitute.ee\/wp-content\/uploads\/2021\/05\/wrapping.jpg\",\"datePublished\":\"2021-05-21T11:17:28+00:00\",\"dateModified\":\"2026-04-06T07:40:23+00:00\",\"breadcrumb\":{\"@id\":\"https:\/\/beautyinstitute.ee\/toode\/minceur2011-kehamahised-1000ml\/#breadcrumb\"},\"inLanguage\":\"ru-RU\",\"potentialAction\":[{\"@type\":\"ReadAction\",\"target\":[\"https:\/\/beautyinstitute.ee\/toode\/minceur2011-kehamahised-1000ml\/\"]}]},{\"@type\":\"ImageObject\",\"inLanguage\":\"ru-RU\",\"@id\":\"https:\/\/beautyinstitute.ee\/toode\/minceur2011-kehamahised-1000ml\/#primaryimage\",\"url\":\"https:\/\/beautyinstitute.ee\/wp-content\/uploads\/2021\/05\/wrapping.jpg\",\"contentUrl\":\"https:\/\/beautyinstitute.ee\/wp-content\/uploads\/2021\/05\/wrapping.jpg\",\"width\":300,\"height\":300},{\"@type\":\"BreadcrumbList\",\"@id\":\"https:\/\/beautyinstitute.ee\/toode\/minceur2011-kehamahised-1000ml\/#breadcrumb\",\"itemListElement\":[{\"@type\":\"ListItem\",\"position\":1,\"name\":\"Home\",\"item\":\"https:\/\/beautyinstitute.ee\/ru\/\"},{\"@type\":\"ListItem\",\"position\":2,\"name\":\"E-pood\",\"item\":\"https:\/\/beautyinstitute.ee\/e-pood\/\"},{\"@type\":\"ListItem\",\"position\":3,\"name\":\"Minceur2011 Keham\u00e4hised 1000Ml Salong\"}]},{\"@type\":\"WebSite\",\"@id\":\"https:\/\/beautyinstitute.ee\/#website\",\"url\":\"https:\/\/beautyinstitute.ee\/\",\"name\":\"Beauty Institute\",\"description\":\"CNC Cosmetic ametlik maaletooja ja edasim\u00fc\u00fcja Eestis, Soomes, L\u00e4tis. Aparaadikosmeetika, koolitused, kosmeetikatooted.\",\"potentialAction\":[{\"@type\":\"SearchAction\",\"target\":{\"@type\":\"EntryPoint\",\"urlTemplate\":\"https:\/\/beautyinstitute.ee\/?s={search_term_string}\"},\"query-input\":{\"@type\":\"PropertyValueSpecification\",\"valueRequired\":true,\"valueName\":\"search_term_string\"}}],\"inLanguage\":\"ru-RU\"}]}<\/script>\n<!-- \/ Yoast SEO plugin. -->","yoast_head_json":{"title":"Minceur2011 Keham\u00e4hised 1000Ml Salong - Beauty Institute","robots":{"index":"index","follow":"follow","max-snippet":"max-snippet:-1","max-image-preview":"max-image-preview:large","max-video-preview":"max-video-preview:-1"},"canonical":"https:\/\/beautyinstitute.ee\/toode\/minceur2011-kehamahised-1000ml\/","og_locale":"ru_RU","og_type":"article","og_title":"Minceur2011 Keham\u00e4hised 1000Ml Salong - Beauty Institute","og_description":"Minceur 2011\u00ae sisaldab k\u00f5iki looduslikke\u00a0essentse, mis komponeerivad selle\u00a0t\u00e4ielikkkuse. T\u00e4ielikult parabeenivaba salenemistoode.\u00a011 eeterlikku \u00f5li on 100% looduslikud ja\u00a0teaduslikult \u00fchendatud, v\u00f5itlemaks\u00a0probleemidega nagu apelsinikoore(tselluliidi),\u00a0\u00fclekaalulisus ja turses jalad. Hoolduse saladus peitub:\u00a0t\u00e4nu taimsetele koostisosadele reguleerivab\u00a0organismi ainevahetust, parandab\u00a0vereringet ja aitab v\u00e4ljutada toksiinine. Tulemused: Juba esimesest Minceur 2011\u00ae hooldusest\u00a0alates vormitakse ja taastatakse keha\u00a0skulptuur, lisaks saavutatakse naha niisutus ja pehmus. Taimed essentsid silueti [&hellip;]","og_url":"https:\/\/beautyinstitute.ee\/toode\/minceur2011-kehamahised-1000ml\/","og_site_name":"Beauty Institute","article_modified_time":"2026-04-06T07:40:23+00:00","og_image":[{"width":300,"height":300,"url":"https:\/\/beautyinstitute.ee\/wp-content\/uploads\/2021\/05\/wrapping.jpg","type":"image\/jpeg"}],"twitter_card":"summary_large_image","twitter_site":"@Beauty_Eesti","twitter_misc":{"\u041f\u0440\u0438\u043c\u0435\u0440\u043d\u043e\u0435 \u0432\u0440\u0435\u043c\u044f \u0434\u043b\u044f \u0447\u0442\u0435\u043d\u0438\u044f":"2 \u043c\u0438\u043d\u0443\u0442\u044b"},"schema":{"@context":"https:\/\/schema.org","@graph":[{"@type":"WebPage","@id":"https:\/\/beautyinstitute.ee\/toode\/minceur2011-kehamahised-1000ml\/","url":"https:\/\/beautyinstitute.ee\/toode\/minceur2011-kehamahised-1000ml\/","name":"Minceur2011 Keham\u00e4hised 1000Ml Salong - Beauty Institute","isPartOf":{"@id":"https:\/\/beautyinstitute.ee\/#website"},"primaryImageOfPage":{"@id":"https:\/\/beautyinstitute.ee\/toode\/minceur2011-kehamahised-1000ml\/#primaryimage"},"image":{"@id":"https:\/\/beautyinstitute.ee\/toode\/minceur2011-kehamahised-1000ml\/#primaryimage"},"thumbnailUrl":"https:\/\/beautyinstitute.ee\/wp-content\/uploads\/2021\/05\/wrapping.jpg","datePublished":"2021-05-21T11:17:28+00:00","dateModified":"2026-04-06T07:40:23+00:00","breadcrumb":{"@id":"https:\/\/beautyinstitute.ee\/toode\/minceur2011-kehamahised-1000ml\/#breadcrumb"},"inLanguage":"ru-RU","potentialAction":[{"@type":"ReadAction","target":["https:\/\/beautyinstitute.ee\/toode\/minceur2011-kehamahised-1000ml\/"]}]},{"@type":"ImageObject","inLanguage":"ru-RU","@id":"https:\/\/beautyinstitute.ee\/toode\/minceur2011-kehamahised-1000ml\/#primaryimage","url":"https:\/\/beautyinstitute.ee\/wp-content\/uploads\/2021\/05\/wrapping.jpg","contentUrl":"https:\/\/beautyinstitute.ee\/wp-content\/uploads\/2021\/05\/wrapping.jpg","width":300,"height":300},{"@type":"BreadcrumbList","@id":"https:\/\/beautyinstitute.ee\/toode\/minceur2011-kehamahised-1000ml\/#breadcrumb","itemListElement":[{"@type":"ListItem","position":1,"name":"Home","item":"https:\/\/beautyinstitute.ee\/ru\/"},{"@type":"ListItem","position":2,"name":"E-pood","item":"https:\/\/beautyinstitute.ee\/e-pood\/"},{"@type":"ListItem","position":3,"name":"Minceur2011 Keham\u00e4hised 1000Ml Salong"}]},{"@type":"WebSite","@id":"https:\/\/beautyinstitute.ee\/#website","url":"https:\/\/beautyinstitute.ee\/","name":"Beauty Institute","description":"CNC Cosmetic ametlik maaletooja ja edasim\u00fc\u00fcja Eestis, Soomes, L\u00e4tis. Aparaadikosmeetika, koolitused, kosmeetikatooted.","potentialAction":[{"@type":"SearchAction","target":{"@type":"EntryPoint","urlTemplate":"https:\/\/beautyinstitute.ee\/?s={search_term_string}"},"query-input":{"@type":"PropertyValueSpecification","valueRequired":true,"valueName":"search_term_string"}}],"inLanguage":"ru-RU"}]}},"_links":{"self":[{"href":"https:\/\/beautyinstitute.ee\/ru\/wp-json\/wp\/v2\/product\/14695","targetHints":{"allow":["GET"]}}],"collection":[{"href":"https:\/\/beautyinstitute.ee\/ru\/wp-json\/wp\/v2\/product"}],"about":[{"href":"https:\/\/beautyinstitute.ee\/ru\/wp-json\/wp\/v2\/types\/product"}],"wp:featuredmedia":[{"embeddable":true,"href":"https:\/\/beautyinstitute.ee\/ru\/wp-json\/wp\/v2\/media\/14697"}],"wp:attachment":[{"href":"https:\/\/beautyinstitute.ee\/ru\/wp-json\/wp\/v2\/media?parent=14695"}],"wp:term":[{"taxonomy":"product_cat","embeddable":true,"href":"https:\/\/beautyinstitute.ee\/ru\/wp-json\/wp\/v2\/product_cat?post=14695"},{"taxonomy":"product_tag","embeddable":true,"href":"https:\/\/beautyinstitute.ee\/ru\/wp-json\/wp\/v2\/product_tag?post=14695"}],"curies":[{"name":"wp","href":"https:\/\/api.w.org\/{rel}","templated":true}]}}