{"id":15221,"date":"2021-08-10T13:16:59","date_gmt":"2021-08-10T10:16:59","guid":{"rendered":"https:\/\/beautyinstitute.ee\/?post_type=product&#038;p=15221"},"modified":"2026-04-16T11:43:04","modified_gmt":"2026-04-16T08:43:04","slug":"uus-edition-3-5-50-ml","status":"publish","type":"product","link":"https:\/\/beautyinstitute.ee\/ru\/toode\/uus-edition-3-5-50-ml\/","title":{"rendered":"Edition 3.5"},"content":{"rendered":"<p><strong>SINU NAHAHOOLDUSE MULTITALENT<\/strong><\/p>\n<p><strong>Noorendamine rakutasandil! <\/strong><strong>Mitmekordselt korrigeeriv Lift &amp; Repair hoolduskreem\u00a0 <\/strong><\/p>\n<p><strong>3-kordne kortsude korrigeerimine ja n\u00e4okontuuride t\u00f5stmine.<\/strong><\/p>\n<p><strong>Eelised:<\/strong><\/p>\n<ul>\n<li>rikastab nahka pikaajalise niiskusega<\/li>\n<li>stimuleerib uute rakkude moodustumist ja kudede taastumist<\/li>\n<li>kontuuride t\u00f5stmine<\/li>\n<li>rakkude kaitse<\/li>\n<li>kaitseb niiskusekao eest<\/li>\n<li>\u00fchtlustab nahatooni<\/li>\n<li>minimaliseerib naha punetust ja pigendilaike<\/li>\n<\/ul>\n<p><strong>Sobilik<\/strong>: k\u00fcpsele nahale<\/p>\n<p><strong>Toimeained:\u00a0<\/strong><\/p>\n<p><strong>Pika ja l\u00fchikese-ahelaga h\u00fcaluroonhape- <\/strong>k\u00fcllastab nahka kauakestva niiskusega, on rikkalik naha (plumping) t\u00f5stja.<\/p>\n<p><strong>Allantoiinil-<\/strong> on nahka siluv toime, mis aitab taastada eriti karedat nahka, stimuleerib uute rakkude moodustumist ja kudede taastumist.<\/p>\n<p><strong>Vitamiin E-acetate (tocopherol acetate)-<\/strong>\u00a0 on stabiilne E-vitamiini vorm, mis muundatakse E-vitamiiniks nahas. E-vitamiinil on tugev antioks\u00fcdantne toime ja on seet\u00f5ttu rakkude kaitsmiseks h\u00e4davajalik aine.<\/p>\n<p><strong>Acetyl dipeptide-1 cetyl ester ( Idealift\u00ae)-<\/strong> LIFTING PEPTIDE- stimuleerib elastiini s\u00fcnteesi ja soodustab ka terve ning toimiva elastse kiu struktuuri moodustumist.<\/p>\n<p><strong>Teprenone-<\/strong> unikaalne toimeaine , mis pikendab m\u00e4rkimisv\u00e4\u00e4rselt naharakkude eluiga, aktiveerides DNA sidususv\u00f5imet ja seel\u00e4bi kaitsta rakukahjustusi ning l\u00fckata edasi kronoloogilist vananemist.<\/p>\n<p><strong>Hydrolyzed Myrtus Communis Leaf Extract (Longevicell)-<\/strong> PEATAB RAKU vananemise- omab antigl\u00fckatsiooni vastast toimet.<\/p>\n<p><strong>Shea butter ehk sheav\u00f5i-<\/strong> t\u00e4nu f\u00fctosteroolide k\u00f5rge sisaldue t\u00f5ttu, reguleerib naha niiskussisaldust.<\/p>\n<p><strong>Macadamia nut oil- Makadaamiap\u00e4hkli\u00f5li-<\/strong> kaitseb nahka ning silub peened jooned ja kortsud, lisades nahale elastsust.<\/p>\n<p><strong>Sea buckthorn fruit pulp, Hippophae rhamnoides fuit oil-<\/strong> on C-vitamiini rikas astelpaju\u00f5li on v\u00f5imas antioks\u00fcdant, mis t\u00f5rjub vabu radikaale ja stimuleerib rakkude taastumist.<\/p>\n","protected":false},"excerpt":{"rendered":"<p>SINU NAHAHOOLDUSE MULTITALENT Noorendamine rakutasandil! Mitmekordselt korrigeeriv Lift &amp; Repair hoolduskreem\u00a0 3-kordne kortsude korrigeerimine ja n\u00e4okontuuride t\u00f5stmine. Eelised: rikastab nahka pikaajalise niiskusega stimuleerib uute rakkude moodustumist ja kudede taastumist kontuuride t\u00f5stmine rakkude kaitse kaitseb niiskusekao eest \u00fchtlustab nahatooni minimaliseerib naha punetust ja pigendilaike Sobilik: k\u00fcpsele nahale Toimeained:\u00a0 Pika ja l\u00fchikese-ahelaga h\u00fcaluroonhape- k\u00fcllastab nahka kauakestva niiskusega, [&hellip;]<\/p>\n","protected":false},"featured_media":15224,"template":"","meta":{"_acf_changed":false},"product_cat":[323,250],"product_tag":[],"class_list":["post-15221","product","type-product","status-publish","has-post-thumbnail","hentry","product_cat-jooulud-2025","product_cat-naokreemid"],"acf":[],"yoast_head":"<!-- This site is optimized with the Yoast SEO plugin v25.4 - https:\/\/yoast.com\/wordpress\/plugins\/seo\/ -->\n<title>Edition 3.5 - Beauty Institute<\/title>\n<meta name=\"robots\" content=\"index, follow, max-snippet:-1, max-image-preview:large, max-video-preview:-1\" \/>\n<link rel=\"canonical\" href=\"https:\/\/beautyinstitute.ee\/toode\/uus-edition-3-5-50-ml\/\" \/>\n<meta property=\"og:locale\" content=\"ru_RU\" \/>\n<meta property=\"og:type\" content=\"article\" \/>\n<meta property=\"og:title\" content=\"Edition 3.5 - Beauty Institute\" \/>\n<meta property=\"og:description\" content=\"SINU NAHAHOOLDUSE MULTITALENT Noorendamine rakutasandil! Mitmekordselt korrigeeriv Lift &amp; Repair hoolduskreem\u00a0 3-kordne kortsude korrigeerimine ja n\u00e4okontuuride t\u00f5stmine. Eelised: rikastab nahka pikaajalise niiskusega stimuleerib uute rakkude moodustumist ja kudede taastumist kontuuride t\u00f5stmine rakkude kaitse kaitseb niiskusekao eest \u00fchtlustab nahatooni minimaliseerib naha punetust ja pigendilaike Sobilik: k\u00fcpsele nahale Toimeained:\u00a0 Pika ja l\u00fchikese-ahelaga h\u00fcaluroonhape- k\u00fcllastab nahka kauakestva niiskusega, [&hellip;]\" \/>\n<meta property=\"og:url\" content=\"https:\/\/beautyinstitute.ee\/toode\/uus-edition-3-5-50-ml\/\" \/>\n<meta property=\"og:site_name\" content=\"Beauty Institute\" \/>\n<meta property=\"article:modified_time\" content=\"2026-04-16T08:43:04+00:00\" \/>\n<meta property=\"og:image\" content=\"https:\/\/beautyinstitute.ee\/wp-content\/uploads\/2021\/08\/edition-3-5.jpg\" \/>\n\t<meta property=\"og:image:width\" content=\"2480\" \/>\n\t<meta property=\"og:image:height\" content=\"2561\" \/>\n\t<meta property=\"og:image:type\" content=\"image\/jpeg\" \/>\n<meta name=\"twitter:card\" content=\"summary_large_image\" \/>\n<meta name=\"twitter:site\" content=\"@Beauty_Eesti\" \/>\n<meta name=\"twitter:label1\" content=\"\u041f\u0440\u0438\u043c\u0435\u0440\u043d\u043e\u0435 \u0432\u0440\u0435\u043c\u044f \u0434\u043b\u044f \u0447\u0442\u0435\u043d\u0438\u044f\" \/>\n\t<meta name=\"twitter:data1\" content=\"2 \u043c\u0438\u043d\u0443\u0442\u044b\" \/>\n<script type=\"application\/ld+json\" class=\"yoast-schema-graph\">{\"@context\":\"https:\/\/schema.org\",\"@graph\":[{\"@type\":\"WebPage\",\"@id\":\"https:\/\/beautyinstitute.ee\/toode\/uus-edition-3-5-50-ml\/\",\"url\":\"https:\/\/beautyinstitute.ee\/toode\/uus-edition-3-5-50-ml\/\",\"name\":\"Edition 3.5 - Beauty Institute\",\"isPartOf\":{\"@id\":\"https:\/\/beautyinstitute.ee\/#website\"},\"primaryImageOfPage\":{\"@id\":\"https:\/\/beautyinstitute.ee\/toode\/uus-edition-3-5-50-ml\/#primaryimage\"},\"image\":{\"@id\":\"https:\/\/beautyinstitute.ee\/toode\/uus-edition-3-5-50-ml\/#primaryimage\"},\"thumbnailUrl\":\"https:\/\/beautyinstitute.ee\/wp-content\/uploads\/2021\/08\/edition-3-5.jpg\",\"datePublished\":\"2021-08-10T10:16:59+00:00\",\"dateModified\":\"2026-04-16T08:43:04+00:00\",\"breadcrumb\":{\"@id\":\"https:\/\/beautyinstitute.ee\/toode\/uus-edition-3-5-50-ml\/#breadcrumb\"},\"inLanguage\":\"ru-RU\",\"potentialAction\":[{\"@type\":\"ReadAction\",\"target\":[\"https:\/\/beautyinstitute.ee\/toode\/uus-edition-3-5-50-ml\/\"]}]},{\"@type\":\"ImageObject\",\"inLanguage\":\"ru-RU\",\"@id\":\"https:\/\/beautyinstitute.ee\/toode\/uus-edition-3-5-50-ml\/#primaryimage\",\"url\":\"https:\/\/beautyinstitute.ee\/wp-content\/uploads\/2021\/08\/edition-3-5.jpg\",\"contentUrl\":\"https:\/\/beautyinstitute.ee\/wp-content\/uploads\/2021\/08\/edition-3-5.jpg\",\"width\":2480,\"height\":2561},{\"@type\":\"BreadcrumbList\",\"@id\":\"https:\/\/beautyinstitute.ee\/toode\/uus-edition-3-5-50-ml\/#breadcrumb\",\"itemListElement\":[{\"@type\":\"ListItem\",\"position\":1,\"name\":\"Home\",\"item\":\"https:\/\/beautyinstitute.ee\/ru\/\"},{\"@type\":\"ListItem\",\"position\":2,\"name\":\"E-pood\",\"item\":\"https:\/\/beautyinstitute.ee\/e-pood\/\"},{\"@type\":\"ListItem\",\"position\":3,\"name\":\"Edition 3.5\"}]},{\"@type\":\"WebSite\",\"@id\":\"https:\/\/beautyinstitute.ee\/#website\",\"url\":\"https:\/\/beautyinstitute.ee\/\",\"name\":\"Beauty Institute\",\"description\":\"CNC Cosmetic ametlik maaletooja ja edasim\u00fc\u00fcja Eestis, Soomes, L\u00e4tis. Aparaadikosmeetika, koolitused, kosmeetikatooted.\",\"potentialAction\":[{\"@type\":\"SearchAction\",\"target\":{\"@type\":\"EntryPoint\",\"urlTemplate\":\"https:\/\/beautyinstitute.ee\/?s={search_term_string}\"},\"query-input\":{\"@type\":\"PropertyValueSpecification\",\"valueRequired\":true,\"valueName\":\"search_term_string\"}}],\"inLanguage\":\"ru-RU\"}]}<\/script>\n<!-- \/ Yoast SEO plugin. -->","yoast_head_json":{"title":"Edition 3.5 - Beauty Institute","robots":{"index":"index","follow":"follow","max-snippet":"max-snippet:-1","max-image-preview":"max-image-preview:large","max-video-preview":"max-video-preview:-1"},"canonical":"https:\/\/beautyinstitute.ee\/toode\/uus-edition-3-5-50-ml\/","og_locale":"ru_RU","og_type":"article","og_title":"Edition 3.5 - Beauty Institute","og_description":"SINU NAHAHOOLDUSE MULTITALENT Noorendamine rakutasandil! Mitmekordselt korrigeeriv Lift &amp; Repair hoolduskreem\u00a0 3-kordne kortsude korrigeerimine ja n\u00e4okontuuride t\u00f5stmine. Eelised: rikastab nahka pikaajalise niiskusega stimuleerib uute rakkude moodustumist ja kudede taastumist kontuuride t\u00f5stmine rakkude kaitse kaitseb niiskusekao eest \u00fchtlustab nahatooni minimaliseerib naha punetust ja pigendilaike Sobilik: k\u00fcpsele nahale Toimeained:\u00a0 Pika ja l\u00fchikese-ahelaga h\u00fcaluroonhape- k\u00fcllastab nahka kauakestva niiskusega, [&hellip;]","og_url":"https:\/\/beautyinstitute.ee\/toode\/uus-edition-3-5-50-ml\/","og_site_name":"Beauty Institute","article_modified_time":"2026-04-16T08:43:04+00:00","og_image":[{"width":2480,"height":2561,"url":"https:\/\/beautyinstitute.ee\/wp-content\/uploads\/2021\/08\/edition-3-5.jpg","type":"image\/jpeg"}],"twitter_card":"summary_large_image","twitter_site":"@Beauty_Eesti","twitter_misc":{"\u041f\u0440\u0438\u043c\u0435\u0440\u043d\u043e\u0435 \u0432\u0440\u0435\u043c\u044f \u0434\u043b\u044f \u0447\u0442\u0435\u043d\u0438\u044f":"2 \u043c\u0438\u043d\u0443\u0442\u044b"},"schema":{"@context":"https:\/\/schema.org","@graph":[{"@type":"WebPage","@id":"https:\/\/beautyinstitute.ee\/toode\/uus-edition-3-5-50-ml\/","url":"https:\/\/beautyinstitute.ee\/toode\/uus-edition-3-5-50-ml\/","name":"Edition 3.5 - Beauty Institute","isPartOf":{"@id":"https:\/\/beautyinstitute.ee\/#website"},"primaryImageOfPage":{"@id":"https:\/\/beautyinstitute.ee\/toode\/uus-edition-3-5-50-ml\/#primaryimage"},"image":{"@id":"https:\/\/beautyinstitute.ee\/toode\/uus-edition-3-5-50-ml\/#primaryimage"},"thumbnailUrl":"https:\/\/beautyinstitute.ee\/wp-content\/uploads\/2021\/08\/edition-3-5.jpg","datePublished":"2021-08-10T10:16:59+00:00","dateModified":"2026-04-16T08:43:04+00:00","breadcrumb":{"@id":"https:\/\/beautyinstitute.ee\/toode\/uus-edition-3-5-50-ml\/#breadcrumb"},"inLanguage":"ru-RU","potentialAction":[{"@type":"ReadAction","target":["https:\/\/beautyinstitute.ee\/toode\/uus-edition-3-5-50-ml\/"]}]},{"@type":"ImageObject","inLanguage":"ru-RU","@id":"https:\/\/beautyinstitute.ee\/toode\/uus-edition-3-5-50-ml\/#primaryimage","url":"https:\/\/beautyinstitute.ee\/wp-content\/uploads\/2021\/08\/edition-3-5.jpg","contentUrl":"https:\/\/beautyinstitute.ee\/wp-content\/uploads\/2021\/08\/edition-3-5.jpg","width":2480,"height":2561},{"@type":"BreadcrumbList","@id":"https:\/\/beautyinstitute.ee\/toode\/uus-edition-3-5-50-ml\/#breadcrumb","itemListElement":[{"@type":"ListItem","position":1,"name":"Home","item":"https:\/\/beautyinstitute.ee\/ru\/"},{"@type":"ListItem","position":2,"name":"E-pood","item":"https:\/\/beautyinstitute.ee\/e-pood\/"},{"@type":"ListItem","position":3,"name":"Edition 3.5"}]},{"@type":"WebSite","@id":"https:\/\/beautyinstitute.ee\/#website","url":"https:\/\/beautyinstitute.ee\/","name":"Beauty Institute","description":"CNC Cosmetic ametlik maaletooja ja edasim\u00fc\u00fcja Eestis, Soomes, L\u00e4tis. Aparaadikosmeetika, koolitused, kosmeetikatooted.","potentialAction":[{"@type":"SearchAction","target":{"@type":"EntryPoint","urlTemplate":"https:\/\/beautyinstitute.ee\/?s={search_term_string}"},"query-input":{"@type":"PropertyValueSpecification","valueRequired":true,"valueName":"search_term_string"}}],"inLanguage":"ru-RU"}]}},"_links":{"self":[{"href":"https:\/\/beautyinstitute.ee\/ru\/wp-json\/wp\/v2\/product\/15221","targetHints":{"allow":["GET"]}}],"collection":[{"href":"https:\/\/beautyinstitute.ee\/ru\/wp-json\/wp\/v2\/product"}],"about":[{"href":"https:\/\/beautyinstitute.ee\/ru\/wp-json\/wp\/v2\/types\/product"}],"wp:featuredmedia":[{"embeddable":true,"href":"https:\/\/beautyinstitute.ee\/ru\/wp-json\/wp\/v2\/media\/15224"}],"wp:attachment":[{"href":"https:\/\/beautyinstitute.ee\/ru\/wp-json\/wp\/v2\/media?parent=15221"}],"wp:term":[{"taxonomy":"product_cat","embeddable":true,"href":"https:\/\/beautyinstitute.ee\/ru\/wp-json\/wp\/v2\/product_cat?post=15221"},{"taxonomy":"product_tag","embeddable":true,"href":"https:\/\/beautyinstitute.ee\/ru\/wp-json\/wp\/v2\/product_tag?post=15221"}],"curies":[{"name":"wp","href":"https:\/\/api.w.org\/{rel}","templated":true}]}}