{"id":15512,"date":"2021-09-01T13:22:25","date_gmt":"2021-09-01T10:22:25","guid":{"rendered":"https:\/\/beautyinstitute.ee\/?post_type=product&#038;p=15512"},"modified":"2026-04-23T13:13:57","modified_gmt":"2026-04-23T10:13:57","slug":"couperose-reducing-concentrate-1-ml","status":"publish","type":"product","link":"https:\/\/beautyinstitute.ee\/ru\/toode\/couperose-reducing-concentrate-1-ml\/","title":{"rendered":"Couperose Reducing Concentrate, 1 Ml"},"content":{"rendered":"<p><strong>Intensiivselt niisutav kontsentraat kuperoosa raviks!<\/strong><\/p>\n<p>Kontsentraadis sisalduv\u00a0 <strong>mustikaestrakt <\/strong>on antiseptilise, elustava ja kokkut\u00f5mbava toimega. Lisaks aitab mustikaestrakt neutraliseerida ka naha kapillaaride rabedust. Arnikast, k\u00fcpressikoonusest, maikellukese ekstraktist ning teistest kontsentreeritud taimeekstraktidest saadud f\u00fctotoniinid m\u00f5juvad h\u00e4sti mikrotsirkulatsioonile ning tugevdavad kapillaaride seinu. <strong>Rutiin<\/strong>\u00a0aitab \u00e4ra hoida kuperoosa teket ja <strong>pantenoolil<\/strong> on p\u00f5letikuvastane toime.<\/p>\n<p><strong>Eelised:<\/strong><\/p>\n<ul>\n<li>tugevdab kapillaare ja suurendab nende vastupanuv\u00f5imet<\/li>\n<\/ul>\n<p><strong>Sobilik:<\/strong>\u00a0kuperoossele nahale.<\/p>\n<p><strong>Toimeained:<\/strong>\u00a0mustikaekstrakt, rutiin, arnikaekstrakt, k\u00fcpressiekstrakt, kuut\u00f5verohi, pantenool.<\/p>\n","protected":false},"excerpt":{"rendered":"<p>Intensiivselt niisutav kontsentraat kuperoosa raviks! Kontsentraadis sisalduv\u00a0 mustikaestrakt on antiseptilise, elustava ja kokkut\u00f5mbava toimega. Lisaks aitab mustikaestrakt neutraliseerida ka naha kapillaaride rabedust. Arnikast, k\u00fcpressikoonusest, maikellukese ekstraktist ning teistest kontsentreeritud taimeekstraktidest saadud f\u00fctotoniinid m\u00f5juvad h\u00e4sti mikrotsirkulatsioonile ning tugevdavad kapillaaride seinu. Rutiin\u00a0aitab \u00e4ra hoida kuperoosa teket ja pantenoolil on p\u00f5letikuvastane toime. Eelised: tugevdab kapillaare ja suurendab nende [&hellip;]<\/p>\n","protected":false},"featured_media":15513,"template":"","meta":{"_acf_changed":false},"product_cat":[249,121],"product_tag":[],"class_list":["post-15512","product","type-product","status-publish","has-post-thumbnail","hentry","product_cat-seerumid-2","product_cat-couperose-reducing"],"acf":[],"yoast_head":"<!-- This site is optimized with the Yoast SEO plugin v25.4 - https:\/\/yoast.com\/wordpress\/plugins\/seo\/ -->\n<title>Couperose Reducing Concentrate, 1 Ml - Beauty Institute<\/title>\n<meta name=\"robots\" content=\"index, follow, max-snippet:-1, max-image-preview:large, max-video-preview:-1\" \/>\n<link rel=\"canonical\" href=\"https:\/\/beautyinstitute.ee\/toode\/couperose-reducing-concentrate-1-ml\/\" \/>\n<meta property=\"og:locale\" content=\"ru_RU\" \/>\n<meta property=\"og:type\" content=\"article\" \/>\n<meta property=\"og:title\" content=\"Couperose Reducing Concentrate, 1 Ml - Beauty Institute\" \/>\n<meta property=\"og:description\" content=\"Intensiivselt niisutav kontsentraat kuperoosa raviks! Kontsentraadis sisalduv\u00a0 mustikaestrakt on antiseptilise, elustava ja kokkut\u00f5mbava toimega. Lisaks aitab mustikaestrakt neutraliseerida ka naha kapillaaride rabedust. Arnikast, k\u00fcpressikoonusest, maikellukese ekstraktist ning teistest kontsentreeritud taimeekstraktidest saadud f\u00fctotoniinid m\u00f5juvad h\u00e4sti mikrotsirkulatsioonile ning tugevdavad kapillaaride seinu. Rutiin\u00a0aitab \u00e4ra hoida kuperoosa teket ja pantenoolil on p\u00f5letikuvastane toime. Eelised: tugevdab kapillaare ja suurendab nende [&hellip;]\" \/>\n<meta property=\"og:url\" content=\"https:\/\/beautyinstitute.ee\/toode\/couperose-reducing-concentrate-1-ml\/\" \/>\n<meta property=\"og:site_name\" content=\"Beauty Institute\" \/>\n<meta property=\"article:modified_time\" content=\"2026-04-23T10:13:57+00:00\" \/>\n<meta property=\"og:image\" content=\"https:\/\/beautyinstitute.ee\/wp-content\/uploads\/2021\/09\/image_108013P-cup.jpg\" \/>\n\t<meta property=\"og:image:width\" content=\"600\" \/>\n\t<meta property=\"og:image:height\" content=\"569\" \/>\n\t<meta property=\"og:image:type\" content=\"image\/jpeg\" \/>\n<meta name=\"twitter:card\" content=\"summary_large_image\" \/>\n<meta name=\"twitter:site\" content=\"@Beauty_Eesti\" \/>\n<script type=\"application\/ld+json\" class=\"yoast-schema-graph\">{\"@context\":\"https:\/\/schema.org\",\"@graph\":[{\"@type\":\"WebPage\",\"@id\":\"https:\/\/beautyinstitute.ee\/toode\/couperose-reducing-concentrate-1-ml\/\",\"url\":\"https:\/\/beautyinstitute.ee\/toode\/couperose-reducing-concentrate-1-ml\/\",\"name\":\"Couperose Reducing Concentrate, 1 Ml - Beauty Institute\",\"isPartOf\":{\"@id\":\"https:\/\/beautyinstitute.ee\/#website\"},\"primaryImageOfPage\":{\"@id\":\"https:\/\/beautyinstitute.ee\/toode\/couperose-reducing-concentrate-1-ml\/#primaryimage\"},\"image\":{\"@id\":\"https:\/\/beautyinstitute.ee\/toode\/couperose-reducing-concentrate-1-ml\/#primaryimage\"},\"thumbnailUrl\":\"https:\/\/beautyinstitute.ee\/wp-content\/uploads\/2021\/09\/image_108013P-cup.jpg\",\"datePublished\":\"2021-09-01T10:22:25+00:00\",\"dateModified\":\"2026-04-23T10:13:57+00:00\",\"breadcrumb\":{\"@id\":\"https:\/\/beautyinstitute.ee\/toode\/couperose-reducing-concentrate-1-ml\/#breadcrumb\"},\"inLanguage\":\"ru-RU\",\"potentialAction\":[{\"@type\":\"ReadAction\",\"target\":[\"https:\/\/beautyinstitute.ee\/toode\/couperose-reducing-concentrate-1-ml\/\"]}]},{\"@type\":\"ImageObject\",\"inLanguage\":\"ru-RU\",\"@id\":\"https:\/\/beautyinstitute.ee\/toode\/couperose-reducing-concentrate-1-ml\/#primaryimage\",\"url\":\"https:\/\/beautyinstitute.ee\/wp-content\/uploads\/2021\/09\/image_108013P-cup.jpg\",\"contentUrl\":\"https:\/\/beautyinstitute.ee\/wp-content\/uploads\/2021\/09\/image_108013P-cup.jpg\",\"width\":600,\"height\":569},{\"@type\":\"BreadcrumbList\",\"@id\":\"https:\/\/beautyinstitute.ee\/toode\/couperose-reducing-concentrate-1-ml\/#breadcrumb\",\"itemListElement\":[{\"@type\":\"ListItem\",\"position\":1,\"name\":\"Home\",\"item\":\"https:\/\/beautyinstitute.ee\/ru\/\"},{\"@type\":\"ListItem\",\"position\":2,\"name\":\"E-pood\",\"item\":\"https:\/\/beautyinstitute.ee\/e-pood\/\"},{\"@type\":\"ListItem\",\"position\":3,\"name\":\"Couperose Reducing Concentrate, 1 Ml\"}]},{\"@type\":\"WebSite\",\"@id\":\"https:\/\/beautyinstitute.ee\/#website\",\"url\":\"https:\/\/beautyinstitute.ee\/\",\"name\":\"Beauty Institute\",\"description\":\"CNC Cosmetic ametlik maaletooja ja edasim\u00fc\u00fcja Eestis, Soomes, L\u00e4tis. Aparaadikosmeetika, koolitused, kosmeetikatooted.\",\"potentialAction\":[{\"@type\":\"SearchAction\",\"target\":{\"@type\":\"EntryPoint\",\"urlTemplate\":\"https:\/\/beautyinstitute.ee\/?s={search_term_string}\"},\"query-input\":{\"@type\":\"PropertyValueSpecification\",\"valueRequired\":true,\"valueName\":\"search_term_string\"}}],\"inLanguage\":\"ru-RU\"}]}<\/script>\n<!-- \/ Yoast SEO plugin. -->","yoast_head_json":{"title":"Couperose Reducing Concentrate, 1 Ml - Beauty Institute","robots":{"index":"index","follow":"follow","max-snippet":"max-snippet:-1","max-image-preview":"max-image-preview:large","max-video-preview":"max-video-preview:-1"},"canonical":"https:\/\/beautyinstitute.ee\/toode\/couperose-reducing-concentrate-1-ml\/","og_locale":"ru_RU","og_type":"article","og_title":"Couperose Reducing Concentrate, 1 Ml - Beauty Institute","og_description":"Intensiivselt niisutav kontsentraat kuperoosa raviks! Kontsentraadis sisalduv\u00a0 mustikaestrakt on antiseptilise, elustava ja kokkut\u00f5mbava toimega. Lisaks aitab mustikaestrakt neutraliseerida ka naha kapillaaride rabedust. Arnikast, k\u00fcpressikoonusest, maikellukese ekstraktist ning teistest kontsentreeritud taimeekstraktidest saadud f\u00fctotoniinid m\u00f5juvad h\u00e4sti mikrotsirkulatsioonile ning tugevdavad kapillaaride seinu. Rutiin\u00a0aitab \u00e4ra hoida kuperoosa teket ja pantenoolil on p\u00f5letikuvastane toime. Eelised: tugevdab kapillaare ja suurendab nende [&hellip;]","og_url":"https:\/\/beautyinstitute.ee\/toode\/couperose-reducing-concentrate-1-ml\/","og_site_name":"Beauty Institute","article_modified_time":"2026-04-23T10:13:57+00:00","og_image":[{"width":600,"height":569,"url":"https:\/\/beautyinstitute.ee\/wp-content\/uploads\/2021\/09\/image_108013P-cup.jpg","type":"image\/jpeg"}],"twitter_card":"summary_large_image","twitter_site":"@Beauty_Eesti","schema":{"@context":"https:\/\/schema.org","@graph":[{"@type":"WebPage","@id":"https:\/\/beautyinstitute.ee\/toode\/couperose-reducing-concentrate-1-ml\/","url":"https:\/\/beautyinstitute.ee\/toode\/couperose-reducing-concentrate-1-ml\/","name":"Couperose Reducing Concentrate, 1 Ml - Beauty Institute","isPartOf":{"@id":"https:\/\/beautyinstitute.ee\/#website"},"primaryImageOfPage":{"@id":"https:\/\/beautyinstitute.ee\/toode\/couperose-reducing-concentrate-1-ml\/#primaryimage"},"image":{"@id":"https:\/\/beautyinstitute.ee\/toode\/couperose-reducing-concentrate-1-ml\/#primaryimage"},"thumbnailUrl":"https:\/\/beautyinstitute.ee\/wp-content\/uploads\/2021\/09\/image_108013P-cup.jpg","datePublished":"2021-09-01T10:22:25+00:00","dateModified":"2026-04-23T10:13:57+00:00","breadcrumb":{"@id":"https:\/\/beautyinstitute.ee\/toode\/couperose-reducing-concentrate-1-ml\/#breadcrumb"},"inLanguage":"ru-RU","potentialAction":[{"@type":"ReadAction","target":["https:\/\/beautyinstitute.ee\/toode\/couperose-reducing-concentrate-1-ml\/"]}]},{"@type":"ImageObject","inLanguage":"ru-RU","@id":"https:\/\/beautyinstitute.ee\/toode\/couperose-reducing-concentrate-1-ml\/#primaryimage","url":"https:\/\/beautyinstitute.ee\/wp-content\/uploads\/2021\/09\/image_108013P-cup.jpg","contentUrl":"https:\/\/beautyinstitute.ee\/wp-content\/uploads\/2021\/09\/image_108013P-cup.jpg","width":600,"height":569},{"@type":"BreadcrumbList","@id":"https:\/\/beautyinstitute.ee\/toode\/couperose-reducing-concentrate-1-ml\/#breadcrumb","itemListElement":[{"@type":"ListItem","position":1,"name":"Home","item":"https:\/\/beautyinstitute.ee\/ru\/"},{"@type":"ListItem","position":2,"name":"E-pood","item":"https:\/\/beautyinstitute.ee\/e-pood\/"},{"@type":"ListItem","position":3,"name":"Couperose Reducing Concentrate, 1 Ml"}]},{"@type":"WebSite","@id":"https:\/\/beautyinstitute.ee\/#website","url":"https:\/\/beautyinstitute.ee\/","name":"Beauty Institute","description":"CNC Cosmetic ametlik maaletooja ja edasim\u00fc\u00fcja Eestis, Soomes, L\u00e4tis. Aparaadikosmeetika, koolitused, kosmeetikatooted.","potentialAction":[{"@type":"SearchAction","target":{"@type":"EntryPoint","urlTemplate":"https:\/\/beautyinstitute.ee\/?s={search_term_string}"},"query-input":{"@type":"PropertyValueSpecification","valueRequired":true,"valueName":"search_term_string"}}],"inLanguage":"ru-RU"}]}},"_links":{"self":[{"href":"https:\/\/beautyinstitute.ee\/ru\/wp-json\/wp\/v2\/product\/15512","targetHints":{"allow":["GET"]}}],"collection":[{"href":"https:\/\/beautyinstitute.ee\/ru\/wp-json\/wp\/v2\/product"}],"about":[{"href":"https:\/\/beautyinstitute.ee\/ru\/wp-json\/wp\/v2\/types\/product"}],"wp:featuredmedia":[{"embeddable":true,"href":"https:\/\/beautyinstitute.ee\/ru\/wp-json\/wp\/v2\/media\/15513"}],"wp:attachment":[{"href":"https:\/\/beautyinstitute.ee\/ru\/wp-json\/wp\/v2\/media?parent=15512"}],"wp:term":[{"taxonomy":"product_cat","embeddable":true,"href":"https:\/\/beautyinstitute.ee\/ru\/wp-json\/wp\/v2\/product_cat?post=15512"},{"taxonomy":"product_tag","embeddable":true,"href":"https:\/\/beautyinstitute.ee\/ru\/wp-json\/wp\/v2\/product_tag?post=15512"}],"curies":[{"name":"wp","href":"https:\/\/api.w.org\/{rel}","templated":true}]}}