{"id":16000,"date":"2021-10-19T15:20:40","date_gmt":"2021-10-19T12:20:40","guid":{"rendered":"https:\/\/beautyinstitute.ee\/?post_type=product&#038;p=16000"},"modified":"2026-04-23T13:17:28","modified_gmt":"2026-04-23T10:17:28","slug":"cnc-hydra-face-one-sugav-koorija","status":"publish","type":"product","link":"https:\/\/beautyinstitute.ee\/ru\/toode\/cnc-hydra-face-one-sugav-koorija\/","title":{"rendered":"Hydra Face One\u00ae Deep Peel-S\u00fcgav Koorija (B)"},"content":{"rendered":"<p>Gl\u00fckool- ja salits\u00fc\u00fclhappe segu eemaldab valutult ja t\u00f5husalt surnud naharakud ning vabastab naha mustustest ja rasu depositsioonidest, seda eriti T-tsoonis. Niatsiinamiidid (vitamiin B3) reguleerivad rasu tootmist ja on p\u00f5letikuvastase<br \/>\ntoimega.<\/p>\n<ul>\n<li>S\u00fcgavpuhastus eemaldab kogu mustuse pooridest<\/li>\n<li>Rasuerituse regulatsioon, kaitsebarj\u00e4\u00e4ri tugevdamine,\u00a0p\u00f5letikuvastane<\/li>\n<li>Intensiivne koorimine stimuleerib rakkude uuenemist<\/li>\n<\/ul>\n<p>Toimeained: Salits\u00fc\u00fclhape 2%, gl\u00fckoolhape 10%, niatsiinamiidid<\/p>\n<p>Kasutamine: Konteineri B t\u00e4itmiseks.<\/p>\n<p>!!Toode ei tohi sattuda silma piirkonda. Vajadusel loputada rohke k\u00fclma veega!!<\/p>\n","protected":false},"excerpt":{"rendered":"<p>Gl\u00fckool- ja salits\u00fc\u00fclhappe segu eemaldab valutult ja t\u00f5husalt surnud naharakud ning vabastab naha mustustest ja rasu depositsioonidest, seda eriti T-tsoonis. Niatsiinamiidid (vitamiin B3) reguleerivad rasu tootmist ja on p\u00f5letikuvastase toimega. S\u00fcgavpuhastus eemaldab kogu mustuse pooridest Rasuerituse regulatsioon, kaitsebarj\u00e4\u00e4ri tugevdamine,\u00a0p\u00f5letikuvastane Intensiivne koorimine stimuleerib rakkude uuenemist Toimeained: Salits\u00fc\u00fclhape 2%, gl\u00fckoolhape 10%, niatsiinamiidid Kasutamine: Konteineri B t\u00e4itmiseks. !!Toode [&hellip;]<\/p>\n","protected":false},"featured_media":17036,"template":"","meta":{"_acf_changed":false},"product_cat":[282],"product_tag":[],"class_list":["post-16000","product","type-product","status-publish","has-post-thumbnail","hentry","product_cat-hydra-face-one"],"acf":[],"yoast_head":"<!-- This site is optimized with the Yoast SEO plugin v25.4 - https:\/\/yoast.com\/wordpress\/plugins\/seo\/ -->\n<title>Hydra Face One\u00ae Deep Peel-S\u00fcgav Koorija (B) - Beauty Institute<\/title>\n<meta name=\"robots\" content=\"index, follow, max-snippet:-1, max-image-preview:large, max-video-preview:-1\" \/>\n<link rel=\"canonical\" href=\"https:\/\/beautyinstitute.ee\/toode\/cnc-hydra-face-one-sugav-koorija\/\" \/>\n<meta property=\"og:locale\" content=\"ru_RU\" \/>\n<meta property=\"og:type\" content=\"article\" \/>\n<meta property=\"og:title\" content=\"Hydra Face One\u00ae Deep Peel-S\u00fcgav Koorija (B) - Beauty Institute\" \/>\n<meta property=\"og:description\" content=\"Gl\u00fckool- ja salits\u00fc\u00fclhappe segu eemaldab valutult ja t\u00f5husalt surnud naharakud ning vabastab naha mustustest ja rasu depositsioonidest, seda eriti T-tsoonis. Niatsiinamiidid (vitamiin B3) reguleerivad rasu tootmist ja on p\u00f5letikuvastase toimega. S\u00fcgavpuhastus eemaldab kogu mustuse pooridest Rasuerituse regulatsioon, kaitsebarj\u00e4\u00e4ri tugevdamine,\u00a0p\u00f5letikuvastane Intensiivne koorimine stimuleerib rakkude uuenemist Toimeained: Salits\u00fc\u00fclhape 2%, gl\u00fckoolhape 10%, niatsiinamiidid Kasutamine: Konteineri B t\u00e4itmiseks. !!Toode [&hellip;]\" \/>\n<meta property=\"og:url\" content=\"https:\/\/beautyinstitute.ee\/toode\/cnc-hydra-face-one-sugav-koorija\/\" \/>\n<meta property=\"og:site_name\" content=\"Beauty Institute\" \/>\n<meta property=\"article:modified_time\" content=\"2026-04-23T10:17:28+00:00\" \/>\n<meta property=\"og:image\" content=\"https:\/\/beautyinstitute.ee\/wp-content\/uploads\/2021\/10\/image_122002K_1-scaled.jpg\" \/>\n\t<meta property=\"og:image:width\" content=\"1536\" \/>\n\t<meta property=\"og:image:height\" content=\"2560\" \/>\n\t<meta property=\"og:image:type\" content=\"image\/jpeg\" \/>\n<meta name=\"twitter:card\" content=\"summary_large_image\" \/>\n<meta name=\"twitter:site\" content=\"@Beauty_Eesti\" \/>\n<script type=\"application\/ld+json\" class=\"yoast-schema-graph\">{\"@context\":\"https:\/\/schema.org\",\"@graph\":[{\"@type\":\"WebPage\",\"@id\":\"https:\/\/beautyinstitute.ee\/toode\/cnc-hydra-face-one-sugav-koorija\/\",\"url\":\"https:\/\/beautyinstitute.ee\/toode\/cnc-hydra-face-one-sugav-koorija\/\",\"name\":\"Hydra Face One\u00ae Deep Peel-S\u00fcgav Koorija (B) - Beauty Institute\",\"isPartOf\":{\"@id\":\"https:\/\/beautyinstitute.ee\/#website\"},\"primaryImageOfPage\":{\"@id\":\"https:\/\/beautyinstitute.ee\/toode\/cnc-hydra-face-one-sugav-koorija\/#primaryimage\"},\"image\":{\"@id\":\"https:\/\/beautyinstitute.ee\/toode\/cnc-hydra-face-one-sugav-koorija\/#primaryimage\"},\"thumbnailUrl\":\"https:\/\/beautyinstitute.ee\/wp-content\/uploads\/2021\/10\/image_122002K_1-scaled.jpg\",\"datePublished\":\"2021-10-19T12:20:40+00:00\",\"dateModified\":\"2026-04-23T10:17:28+00:00\",\"breadcrumb\":{\"@id\":\"https:\/\/beautyinstitute.ee\/toode\/cnc-hydra-face-one-sugav-koorija\/#breadcrumb\"},\"inLanguage\":\"ru-RU\",\"potentialAction\":[{\"@type\":\"ReadAction\",\"target\":[\"https:\/\/beautyinstitute.ee\/toode\/cnc-hydra-face-one-sugav-koorija\/\"]}]},{\"@type\":\"ImageObject\",\"inLanguage\":\"ru-RU\",\"@id\":\"https:\/\/beautyinstitute.ee\/toode\/cnc-hydra-face-one-sugav-koorija\/#primaryimage\",\"url\":\"https:\/\/beautyinstitute.ee\/wp-content\/uploads\/2021\/10\/image_122002K_1-scaled.jpg\",\"contentUrl\":\"https:\/\/beautyinstitute.ee\/wp-content\/uploads\/2021\/10\/image_122002K_1-scaled.jpg\",\"width\":1536,\"height\":2560},{\"@type\":\"BreadcrumbList\",\"@id\":\"https:\/\/beautyinstitute.ee\/toode\/cnc-hydra-face-one-sugav-koorija\/#breadcrumb\",\"itemListElement\":[{\"@type\":\"ListItem\",\"position\":1,\"name\":\"Home\",\"item\":\"https:\/\/beautyinstitute.ee\/ru\/\"},{\"@type\":\"ListItem\",\"position\":2,\"name\":\"E-pood\",\"item\":\"https:\/\/beautyinstitute.ee\/e-pood\/\"},{\"@type\":\"ListItem\",\"position\":3,\"name\":\"Hydra Face One\u00ae Deep Peel-S\u00fcgav Koorija (B)\"}]},{\"@type\":\"WebSite\",\"@id\":\"https:\/\/beautyinstitute.ee\/#website\",\"url\":\"https:\/\/beautyinstitute.ee\/\",\"name\":\"Beauty Institute\",\"description\":\"CNC Cosmetic ametlik maaletooja ja edasim\u00fc\u00fcja Eestis, Soomes, L\u00e4tis. Aparaadikosmeetika, koolitused, kosmeetikatooted.\",\"potentialAction\":[{\"@type\":\"SearchAction\",\"target\":{\"@type\":\"EntryPoint\",\"urlTemplate\":\"https:\/\/beautyinstitute.ee\/?s={search_term_string}\"},\"query-input\":{\"@type\":\"PropertyValueSpecification\",\"valueRequired\":true,\"valueName\":\"search_term_string\"}}],\"inLanguage\":\"ru-RU\"}]}<\/script>\n<!-- \/ Yoast SEO plugin. -->","yoast_head_json":{"title":"Hydra Face One\u00ae Deep Peel-S\u00fcgav Koorija (B) - Beauty Institute","robots":{"index":"index","follow":"follow","max-snippet":"max-snippet:-1","max-image-preview":"max-image-preview:large","max-video-preview":"max-video-preview:-1"},"canonical":"https:\/\/beautyinstitute.ee\/toode\/cnc-hydra-face-one-sugav-koorija\/","og_locale":"ru_RU","og_type":"article","og_title":"Hydra Face One\u00ae Deep Peel-S\u00fcgav Koorija (B) - Beauty Institute","og_description":"Gl\u00fckool- ja salits\u00fc\u00fclhappe segu eemaldab valutult ja t\u00f5husalt surnud naharakud ning vabastab naha mustustest ja rasu depositsioonidest, seda eriti T-tsoonis. Niatsiinamiidid (vitamiin B3) reguleerivad rasu tootmist ja on p\u00f5letikuvastase toimega. S\u00fcgavpuhastus eemaldab kogu mustuse pooridest Rasuerituse regulatsioon, kaitsebarj\u00e4\u00e4ri tugevdamine,\u00a0p\u00f5letikuvastane Intensiivne koorimine stimuleerib rakkude uuenemist Toimeained: Salits\u00fc\u00fclhape 2%, gl\u00fckoolhape 10%, niatsiinamiidid Kasutamine: Konteineri B t\u00e4itmiseks. !!Toode [&hellip;]","og_url":"https:\/\/beautyinstitute.ee\/toode\/cnc-hydra-face-one-sugav-koorija\/","og_site_name":"Beauty Institute","article_modified_time":"2026-04-23T10:17:28+00:00","og_image":[{"width":1536,"height":2560,"url":"https:\/\/beautyinstitute.ee\/wp-content\/uploads\/2021\/10\/image_122002K_1-scaled.jpg","type":"image\/jpeg"}],"twitter_card":"summary_large_image","twitter_site":"@Beauty_Eesti","schema":{"@context":"https:\/\/schema.org","@graph":[{"@type":"WebPage","@id":"https:\/\/beautyinstitute.ee\/toode\/cnc-hydra-face-one-sugav-koorija\/","url":"https:\/\/beautyinstitute.ee\/toode\/cnc-hydra-face-one-sugav-koorija\/","name":"Hydra Face One\u00ae Deep Peel-S\u00fcgav Koorija (B) - Beauty Institute","isPartOf":{"@id":"https:\/\/beautyinstitute.ee\/#website"},"primaryImageOfPage":{"@id":"https:\/\/beautyinstitute.ee\/toode\/cnc-hydra-face-one-sugav-koorija\/#primaryimage"},"image":{"@id":"https:\/\/beautyinstitute.ee\/toode\/cnc-hydra-face-one-sugav-koorija\/#primaryimage"},"thumbnailUrl":"https:\/\/beautyinstitute.ee\/wp-content\/uploads\/2021\/10\/image_122002K_1-scaled.jpg","datePublished":"2021-10-19T12:20:40+00:00","dateModified":"2026-04-23T10:17:28+00:00","breadcrumb":{"@id":"https:\/\/beautyinstitute.ee\/toode\/cnc-hydra-face-one-sugav-koorija\/#breadcrumb"},"inLanguage":"ru-RU","potentialAction":[{"@type":"ReadAction","target":["https:\/\/beautyinstitute.ee\/toode\/cnc-hydra-face-one-sugav-koorija\/"]}]},{"@type":"ImageObject","inLanguage":"ru-RU","@id":"https:\/\/beautyinstitute.ee\/toode\/cnc-hydra-face-one-sugav-koorija\/#primaryimage","url":"https:\/\/beautyinstitute.ee\/wp-content\/uploads\/2021\/10\/image_122002K_1-scaled.jpg","contentUrl":"https:\/\/beautyinstitute.ee\/wp-content\/uploads\/2021\/10\/image_122002K_1-scaled.jpg","width":1536,"height":2560},{"@type":"BreadcrumbList","@id":"https:\/\/beautyinstitute.ee\/toode\/cnc-hydra-face-one-sugav-koorija\/#breadcrumb","itemListElement":[{"@type":"ListItem","position":1,"name":"Home","item":"https:\/\/beautyinstitute.ee\/ru\/"},{"@type":"ListItem","position":2,"name":"E-pood","item":"https:\/\/beautyinstitute.ee\/e-pood\/"},{"@type":"ListItem","position":3,"name":"Hydra Face One\u00ae Deep Peel-S\u00fcgav Koorija (B)"}]},{"@type":"WebSite","@id":"https:\/\/beautyinstitute.ee\/#website","url":"https:\/\/beautyinstitute.ee\/","name":"Beauty Institute","description":"CNC Cosmetic ametlik maaletooja ja edasim\u00fc\u00fcja Eestis, Soomes, L\u00e4tis. Aparaadikosmeetika, koolitused, kosmeetikatooted.","potentialAction":[{"@type":"SearchAction","target":{"@type":"EntryPoint","urlTemplate":"https:\/\/beautyinstitute.ee\/?s={search_term_string}"},"query-input":{"@type":"PropertyValueSpecification","valueRequired":true,"valueName":"search_term_string"}}],"inLanguage":"ru-RU"}]}},"_links":{"self":[{"href":"https:\/\/beautyinstitute.ee\/ru\/wp-json\/wp\/v2\/product\/16000","targetHints":{"allow":["GET"]}}],"collection":[{"href":"https:\/\/beautyinstitute.ee\/ru\/wp-json\/wp\/v2\/product"}],"about":[{"href":"https:\/\/beautyinstitute.ee\/ru\/wp-json\/wp\/v2\/types\/product"}],"wp:featuredmedia":[{"embeddable":true,"href":"https:\/\/beautyinstitute.ee\/ru\/wp-json\/wp\/v2\/media\/17036"}],"wp:attachment":[{"href":"https:\/\/beautyinstitute.ee\/ru\/wp-json\/wp\/v2\/media?parent=16000"}],"wp:term":[{"taxonomy":"product_cat","embeddable":true,"href":"https:\/\/beautyinstitute.ee\/ru\/wp-json\/wp\/v2\/product_cat?post=16000"},{"taxonomy":"product_tag","embeddable":true,"href":"https:\/\/beautyinstitute.ee\/ru\/wp-json\/wp\/v2\/product_tag?post=16000"}],"curies":[{"name":"wp","href":"https:\/\/api.w.org\/{rel}","templated":true}]}}