{"id":16002,"date":"2021-10-19T15:25:59","date_gmt":"2021-10-19T12:25:59","guid":{"rendered":"https:\/\/beautyinstitute.ee\/?post_type=product&#038;p=16002"},"modified":"2025-12-02T09:58:15","modified_gmt":"2025-12-02T07:58:15","slug":"hydra-face-one-antioksudant","status":"publish","type":"product","link":"https:\/\/beautyinstitute.ee\/ru\/toode\/hydra-face-one-antioksudant\/","title":{"rendered":"Hydra Face One\u00ae- Antioks\u00fcdant (C)"},"content":{"rendered":"<p>Toimeainetekompleks koosneb liposomaalselt kapselda-tud ACE vitamiinidest, mis parandavad naha elastsust ja aeglustavad naha enneaegset vananemist. Bioaktiivne ens\u00fc\u00fcm SOD v\u00e4hendab oks\u00fcdatiivset stressi ja p\u00e4rsib negatiivsete keskkonnam\u00f5jude arengut naharakkudes ja koes.<\/p>\n<ul>\n<li>\u00dclimalt tugev antioks\u00fcdantide kooslus. Taastab elastsuse ja parandab toonust.<\/li>\n<li>Bioaktiivne ens\u00fc\u00fcm, mis eemaldab nahast stressi ja inhibeerib kudesid kahjustavad toimed.<\/li>\n<li>Niisutaja, tugev antioks\u00fcdant,naha kaitsebarj\u00e4\u00e4ri tugevdaja.<\/li>\n<\/ul>\n<p>Toimeained: Kapsuleeritud ACE, mitokondriaalne dismuntiaas, vetikatest saadud ekstrakt<br \/>\nSobib: K\u00f5ikidele nahat\u00fc\u00fcpidele<\/p>\n<p>Kasutamine: Konteiner C t\u00e4itmiseks.<\/p>\n","protected":false},"excerpt":{"rendered":"<p>Toimeainetekompleks koosneb liposomaalselt kapselda-tud ACE vitamiinidest, mis parandavad naha elastsust ja aeglustavad naha enneaegset vananemist. Bioaktiivne ens\u00fc\u00fcm SOD v\u00e4hendab oks\u00fcdatiivset stressi ja p\u00e4rsib negatiivsete keskkonnam\u00f5jude arengut naharakkudes ja koes. \u00dclimalt tugev antioks\u00fcdantide kooslus. Taastab elastsuse ja parandab toonust. Bioaktiivne ens\u00fc\u00fcm, mis eemaldab nahast stressi ja inhibeerib kudesid kahjustavad toimed. Niisutaja, tugev antioks\u00fcdant,naha kaitsebarj\u00e4\u00e4ri tugevdaja. Toimeained: [&hellip;]<\/p>\n","protected":false},"featured_media":17039,"template":"","meta":{"_acf_changed":false},"product_cat":[282],"product_tag":[],"class_list":["post-16002","product","type-product","status-publish","has-post-thumbnail","hentry","product_cat-hydra-face-one"],"acf":[],"yoast_head":"<!-- This site is optimized with the Yoast SEO plugin v25.4 - https:\/\/yoast.com\/wordpress\/plugins\/seo\/ -->\n<title>Hydra Face One\u00ae- Antioks\u00fcdant (C) - Beauty Institute<\/title>\n<meta name=\"robots\" content=\"index, follow, max-snippet:-1, max-image-preview:large, max-video-preview:-1\" \/>\n<link rel=\"canonical\" href=\"https:\/\/beautyinstitute.ee\/toode\/hydra-face-one-antioksudant\/\" \/>\n<meta property=\"og:locale\" content=\"ru_RU\" \/>\n<meta property=\"og:type\" content=\"article\" \/>\n<meta property=\"og:title\" content=\"Hydra Face One\u00ae- Antioks\u00fcdant (C) - Beauty Institute\" \/>\n<meta property=\"og:description\" content=\"Toimeainetekompleks koosneb liposomaalselt kapselda-tud ACE vitamiinidest, mis parandavad naha elastsust ja aeglustavad naha enneaegset vananemist. Bioaktiivne ens\u00fc\u00fcm SOD v\u00e4hendab oks\u00fcdatiivset stressi ja p\u00e4rsib negatiivsete keskkonnam\u00f5jude arengut naharakkudes ja koes. \u00dclimalt tugev antioks\u00fcdantide kooslus. Taastab elastsuse ja parandab toonust. Bioaktiivne ens\u00fc\u00fcm, mis eemaldab nahast stressi ja inhibeerib kudesid kahjustavad toimed. Niisutaja, tugev antioks\u00fcdant,naha kaitsebarj\u00e4\u00e4ri tugevdaja. Toimeained: [&hellip;]\" \/>\n<meta property=\"og:url\" content=\"https:\/\/beautyinstitute.ee\/toode\/hydra-face-one-antioksudant\/\" \/>\n<meta property=\"og:site_name\" content=\"Beauty Institute\" \/>\n<meta property=\"article:modified_time\" content=\"2025-12-02T07:58:15+00:00\" \/>\n<meta property=\"og:image\" content=\"https:\/\/beautyinstitute.ee\/wp-content\/uploads\/2021\/10\/image_122003K_1-scaled.jpg\" \/>\n\t<meta property=\"og:image:width\" content=\"1536\" \/>\n\t<meta property=\"og:image:height\" content=\"2560\" \/>\n\t<meta property=\"og:image:type\" content=\"image\/jpeg\" \/>\n<meta name=\"twitter:card\" content=\"summary_large_image\" \/>\n<meta name=\"twitter:site\" content=\"@Beauty_Eesti\" \/>\n<script type=\"application\/ld+json\" class=\"yoast-schema-graph\">{\"@context\":\"https:\/\/schema.org\",\"@graph\":[{\"@type\":\"WebPage\",\"@id\":\"https:\/\/beautyinstitute.ee\/toode\/hydra-face-one-antioksudant\/\",\"url\":\"https:\/\/beautyinstitute.ee\/toode\/hydra-face-one-antioksudant\/\",\"name\":\"Hydra Face One\u00ae- Antioks\u00fcdant (C) - Beauty Institute\",\"isPartOf\":{\"@id\":\"https:\/\/beautyinstitute.ee\/#website\"},\"primaryImageOfPage\":{\"@id\":\"https:\/\/beautyinstitute.ee\/toode\/hydra-face-one-antioksudant\/#primaryimage\"},\"image\":{\"@id\":\"https:\/\/beautyinstitute.ee\/toode\/hydra-face-one-antioksudant\/#primaryimage\"},\"thumbnailUrl\":\"https:\/\/beautyinstitute.ee\/wp-content\/uploads\/2021\/10\/image_122003K_1-scaled.jpg\",\"datePublished\":\"2021-10-19T12:25:59+00:00\",\"dateModified\":\"2025-12-02T07:58:15+00:00\",\"breadcrumb\":{\"@id\":\"https:\/\/beautyinstitute.ee\/toode\/hydra-face-one-antioksudant\/#breadcrumb\"},\"inLanguage\":\"ru-RU\",\"potentialAction\":[{\"@type\":\"ReadAction\",\"target\":[\"https:\/\/beautyinstitute.ee\/toode\/hydra-face-one-antioksudant\/\"]}]},{\"@type\":\"ImageObject\",\"inLanguage\":\"ru-RU\",\"@id\":\"https:\/\/beautyinstitute.ee\/toode\/hydra-face-one-antioksudant\/#primaryimage\",\"url\":\"https:\/\/beautyinstitute.ee\/wp-content\/uploads\/2021\/10\/image_122003K_1-scaled.jpg\",\"contentUrl\":\"https:\/\/beautyinstitute.ee\/wp-content\/uploads\/2021\/10\/image_122003K_1-scaled.jpg\",\"width\":1536,\"height\":2560},{\"@type\":\"BreadcrumbList\",\"@id\":\"https:\/\/beautyinstitute.ee\/toode\/hydra-face-one-antioksudant\/#breadcrumb\",\"itemListElement\":[{\"@type\":\"ListItem\",\"position\":1,\"name\":\"Home\",\"item\":\"https:\/\/beautyinstitute.ee\/ru\/\"},{\"@type\":\"ListItem\",\"position\":2,\"name\":\"E-pood\",\"item\":\"https:\/\/beautyinstitute.ee\/e-pood\/\"},{\"@type\":\"ListItem\",\"position\":3,\"name\":\"Hydra Face One\u00ae- Antioks\u00fcdant (C)\"}]},{\"@type\":\"WebSite\",\"@id\":\"https:\/\/beautyinstitute.ee\/#website\",\"url\":\"https:\/\/beautyinstitute.ee\/\",\"name\":\"Beauty Institute\",\"description\":\"CNC Cosmetic ametlik maaletooja ja edasim\u00fc\u00fcja Eestis, Soomes, L\u00e4tis. Aparaadikosmeetika, koolitused, kosmeetikatooted.\",\"potentialAction\":[{\"@type\":\"SearchAction\",\"target\":{\"@type\":\"EntryPoint\",\"urlTemplate\":\"https:\/\/beautyinstitute.ee\/?s={search_term_string}\"},\"query-input\":{\"@type\":\"PropertyValueSpecification\",\"valueRequired\":true,\"valueName\":\"search_term_string\"}}],\"inLanguage\":\"ru-RU\"}]}<\/script>\n<!-- \/ Yoast SEO plugin. -->","yoast_head_json":{"title":"Hydra Face One\u00ae- Antioks\u00fcdant (C) - Beauty Institute","robots":{"index":"index","follow":"follow","max-snippet":"max-snippet:-1","max-image-preview":"max-image-preview:large","max-video-preview":"max-video-preview:-1"},"canonical":"https:\/\/beautyinstitute.ee\/toode\/hydra-face-one-antioksudant\/","og_locale":"ru_RU","og_type":"article","og_title":"Hydra Face One\u00ae- Antioks\u00fcdant (C) - Beauty Institute","og_description":"Toimeainetekompleks koosneb liposomaalselt kapselda-tud ACE vitamiinidest, mis parandavad naha elastsust ja aeglustavad naha enneaegset vananemist. Bioaktiivne ens\u00fc\u00fcm SOD v\u00e4hendab oks\u00fcdatiivset stressi ja p\u00e4rsib negatiivsete keskkonnam\u00f5jude arengut naharakkudes ja koes. \u00dclimalt tugev antioks\u00fcdantide kooslus. Taastab elastsuse ja parandab toonust. Bioaktiivne ens\u00fc\u00fcm, mis eemaldab nahast stressi ja inhibeerib kudesid kahjustavad toimed. Niisutaja, tugev antioks\u00fcdant,naha kaitsebarj\u00e4\u00e4ri tugevdaja. Toimeained: [&hellip;]","og_url":"https:\/\/beautyinstitute.ee\/toode\/hydra-face-one-antioksudant\/","og_site_name":"Beauty Institute","article_modified_time":"2025-12-02T07:58:15+00:00","og_image":[{"width":1536,"height":2560,"url":"https:\/\/beautyinstitute.ee\/wp-content\/uploads\/2021\/10\/image_122003K_1-scaled.jpg","type":"image\/jpeg"}],"twitter_card":"summary_large_image","twitter_site":"@Beauty_Eesti","schema":{"@context":"https:\/\/schema.org","@graph":[{"@type":"WebPage","@id":"https:\/\/beautyinstitute.ee\/toode\/hydra-face-one-antioksudant\/","url":"https:\/\/beautyinstitute.ee\/toode\/hydra-face-one-antioksudant\/","name":"Hydra Face One\u00ae- Antioks\u00fcdant (C) - Beauty Institute","isPartOf":{"@id":"https:\/\/beautyinstitute.ee\/#website"},"primaryImageOfPage":{"@id":"https:\/\/beautyinstitute.ee\/toode\/hydra-face-one-antioksudant\/#primaryimage"},"image":{"@id":"https:\/\/beautyinstitute.ee\/toode\/hydra-face-one-antioksudant\/#primaryimage"},"thumbnailUrl":"https:\/\/beautyinstitute.ee\/wp-content\/uploads\/2021\/10\/image_122003K_1-scaled.jpg","datePublished":"2021-10-19T12:25:59+00:00","dateModified":"2025-12-02T07:58:15+00:00","breadcrumb":{"@id":"https:\/\/beautyinstitute.ee\/toode\/hydra-face-one-antioksudant\/#breadcrumb"},"inLanguage":"ru-RU","potentialAction":[{"@type":"ReadAction","target":["https:\/\/beautyinstitute.ee\/toode\/hydra-face-one-antioksudant\/"]}]},{"@type":"ImageObject","inLanguage":"ru-RU","@id":"https:\/\/beautyinstitute.ee\/toode\/hydra-face-one-antioksudant\/#primaryimage","url":"https:\/\/beautyinstitute.ee\/wp-content\/uploads\/2021\/10\/image_122003K_1-scaled.jpg","contentUrl":"https:\/\/beautyinstitute.ee\/wp-content\/uploads\/2021\/10\/image_122003K_1-scaled.jpg","width":1536,"height":2560},{"@type":"BreadcrumbList","@id":"https:\/\/beautyinstitute.ee\/toode\/hydra-face-one-antioksudant\/#breadcrumb","itemListElement":[{"@type":"ListItem","position":1,"name":"Home","item":"https:\/\/beautyinstitute.ee\/ru\/"},{"@type":"ListItem","position":2,"name":"E-pood","item":"https:\/\/beautyinstitute.ee\/e-pood\/"},{"@type":"ListItem","position":3,"name":"Hydra Face One\u00ae- Antioks\u00fcdant (C)"}]},{"@type":"WebSite","@id":"https:\/\/beautyinstitute.ee\/#website","url":"https:\/\/beautyinstitute.ee\/","name":"Beauty Institute","description":"CNC Cosmetic ametlik maaletooja ja edasim\u00fc\u00fcja Eestis, Soomes, L\u00e4tis. Aparaadikosmeetika, koolitused, kosmeetikatooted.","potentialAction":[{"@type":"SearchAction","target":{"@type":"EntryPoint","urlTemplate":"https:\/\/beautyinstitute.ee\/?s={search_term_string}"},"query-input":{"@type":"PropertyValueSpecification","valueRequired":true,"valueName":"search_term_string"}}],"inLanguage":"ru-RU"}]}},"_links":{"self":[{"href":"https:\/\/beautyinstitute.ee\/ru\/wp-json\/wp\/v2\/product\/16002","targetHints":{"allow":["GET"]}}],"collection":[{"href":"https:\/\/beautyinstitute.ee\/ru\/wp-json\/wp\/v2\/product"}],"about":[{"href":"https:\/\/beautyinstitute.ee\/ru\/wp-json\/wp\/v2\/types\/product"}],"wp:featuredmedia":[{"embeddable":true,"href":"https:\/\/beautyinstitute.ee\/ru\/wp-json\/wp\/v2\/media\/17039"}],"wp:attachment":[{"href":"https:\/\/beautyinstitute.ee\/ru\/wp-json\/wp\/v2\/media?parent=16002"}],"wp:term":[{"taxonomy":"product_cat","embeddable":true,"href":"https:\/\/beautyinstitute.ee\/ru\/wp-json\/wp\/v2\/product_cat?post=16002"},{"taxonomy":"product_tag","embeddable":true,"href":"https:\/\/beautyinstitute.ee\/ru\/wp-json\/wp\/v2\/product_tag?post=16002"}],"curies":[{"name":"wp","href":"https:\/\/api.w.org\/{rel}","templated":true}]}}