{"id":16003,"date":"2021-10-19T15:36:05","date_gmt":"2021-10-19T12:36:05","guid":{"rendered":"https:\/\/beautyinstitute.ee\/?post_type=product&#038;p=16003"},"modified":"2025-12-11T11:26:25","modified_gmt":"2025-12-11T09:26:25","slug":"hydra-face-one-anti-age-vananemisvastane","status":"publish","type":"product","link":"https:\/\/beautyinstitute.ee\/ru\/toode\/hydra-face-one-anti-age-vananemisvastane\/","title":{"rendered":"Hydra Face One\u00ae- Anti Age-Vananemisvastane (C)"},"content":{"rendered":"<p>Toimeaine on kokteil viiekordsest h\u00fcaluroonhappest, mis tagab nahale intensiivse niisutuse k\u00f5ikides nahakihtides, ka s\u00fcgavamates. V\u00e4hendab silman\u00e4htavalt olemasolevaid kortse ja taastab naha maatriksi. Hoolikalt valitud taimeekstraktid India karusmarja kestast ning viigipirni ja viinamarja t\u00fcvirakud parandavad kahjustatud kudet loomulikul viisil. Toimeained rahustavad ja kaitsevad pikaajaliselt nahka fotovananemise eest.<\/p>\n<ul>\n<li>Intensiivne niisutus, t\u00e4idab ECMi, v\u00e4hendab kortse<\/li>\n<li>Elustav, kokkut\u00f5mbav antioks\u00fcdant.<\/li>\n<li>Tugev naha pinguldaja<\/li>\n<li>Tugev antioks\u00fcdant, taastav, aitab peatada fotovananemist<\/li>\n<li>Rahustab stressis nahka, niiutab<\/li>\n<li>Tasakaalustab strssis nahka, tugev niisutaja<\/li>\n<\/ul>\n<p>Toimeained: 5 molekulaarne h\u00fcaluroonhape, malaca puuvili, viinamarjaseeme t\u00fcvirakk, kaktusvilja ekstrakt, tuppviilpea ekstrakt<\/p>\n<p>Sobib: Taastamist vajavale k\u00fcpsele nahale. Nahale kus esinevad juba esimesed vananemise ilmingud.<\/p>\n<p>Kasutamine: Konteineri C t\u00e4itmiseks<\/p>\n","protected":false},"excerpt":{"rendered":"<p>Toimeaine on kokteil viiekordsest h\u00fcaluroonhappest, mis tagab nahale intensiivse niisutuse k\u00f5ikides nahakihtides, ka s\u00fcgavamates. V\u00e4hendab silman\u00e4htavalt olemasolevaid kortse ja taastab naha maatriksi. Hoolikalt valitud taimeekstraktid India karusmarja kestast ning viigipirni ja viinamarja t\u00fcvirakud parandavad kahjustatud kudet loomulikul viisil. Toimeained rahustavad ja kaitsevad pikaajaliselt nahka fotovananemise eest. Intensiivne niisutus, t\u00e4idab ECMi, v\u00e4hendab kortse Elustav, kokkut\u00f5mbav antioks\u00fcdant. [&hellip;]<\/p>\n","protected":false},"featured_media":17043,"template":"","meta":{"_acf_changed":false},"product_cat":[282],"product_tag":[],"class_list":["post-16003","product","type-product","status-publish","has-post-thumbnail","hentry","product_cat-hydra-face-one"],"acf":[],"yoast_head":"<!-- This site is optimized with the Yoast SEO plugin v25.4 - https:\/\/yoast.com\/wordpress\/plugins\/seo\/ -->\n<title>Hydra Face One\u00ae- Anti Age-Vananemisvastane (C) - Beauty Institute<\/title>\n<meta name=\"robots\" content=\"index, follow, max-snippet:-1, max-image-preview:large, max-video-preview:-1\" \/>\n<link rel=\"canonical\" href=\"https:\/\/beautyinstitute.ee\/toode\/hydra-face-one-anti-age-vananemisvastane\/\" \/>\n<meta property=\"og:locale\" content=\"ru_RU\" \/>\n<meta property=\"og:type\" content=\"article\" \/>\n<meta property=\"og:title\" content=\"Hydra Face One\u00ae- Anti Age-Vananemisvastane (C) - Beauty Institute\" \/>\n<meta property=\"og:description\" content=\"Toimeaine on kokteil viiekordsest h\u00fcaluroonhappest, mis tagab nahale intensiivse niisutuse k\u00f5ikides nahakihtides, ka s\u00fcgavamates. V\u00e4hendab silman\u00e4htavalt olemasolevaid kortse ja taastab naha maatriksi. Hoolikalt valitud taimeekstraktid India karusmarja kestast ning viigipirni ja viinamarja t\u00fcvirakud parandavad kahjustatud kudet loomulikul viisil. Toimeained rahustavad ja kaitsevad pikaajaliselt nahka fotovananemise eest. Intensiivne niisutus, t\u00e4idab ECMi, v\u00e4hendab kortse Elustav, kokkut\u00f5mbav antioks\u00fcdant. [&hellip;]\" \/>\n<meta property=\"og:url\" content=\"https:\/\/beautyinstitute.ee\/toode\/hydra-face-one-anti-age-vananemisvastane\/\" \/>\n<meta property=\"og:site_name\" content=\"Beauty Institute\" \/>\n<meta property=\"article:modified_time\" content=\"2025-12-11T09:26:25+00:00\" \/>\n<meta property=\"og:image\" content=\"https:\/\/beautyinstitute.ee\/wp-content\/uploads\/2021\/10\/image_122004K_1-scaled.jpg\" \/>\n\t<meta property=\"og:image:width\" content=\"1536\" \/>\n\t<meta property=\"og:image:height\" content=\"2560\" \/>\n\t<meta property=\"og:image:type\" content=\"image\/jpeg\" \/>\n<meta name=\"twitter:card\" content=\"summary_large_image\" \/>\n<meta name=\"twitter:site\" content=\"@Beauty_Eesti\" \/>\n<meta name=\"twitter:label1\" content=\"\u041f\u0440\u0438\u043c\u0435\u0440\u043d\u043e\u0435 \u0432\u0440\u0435\u043c\u044f \u0434\u043b\u044f \u0447\u0442\u0435\u043d\u0438\u044f\" \/>\n\t<meta name=\"twitter:data1\" content=\"1 \u043c\u0438\u043d\u0443\u0442\u0430\" \/>\n<script type=\"application\/ld+json\" class=\"yoast-schema-graph\">{\"@context\":\"https:\/\/schema.org\",\"@graph\":[{\"@type\":\"WebPage\",\"@id\":\"https:\/\/beautyinstitute.ee\/toode\/hydra-face-one-anti-age-vananemisvastane\/\",\"url\":\"https:\/\/beautyinstitute.ee\/toode\/hydra-face-one-anti-age-vananemisvastane\/\",\"name\":\"Hydra Face One\u00ae- Anti Age-Vananemisvastane (C) - Beauty Institute\",\"isPartOf\":{\"@id\":\"https:\/\/beautyinstitute.ee\/#website\"},\"primaryImageOfPage\":{\"@id\":\"https:\/\/beautyinstitute.ee\/toode\/hydra-face-one-anti-age-vananemisvastane\/#primaryimage\"},\"image\":{\"@id\":\"https:\/\/beautyinstitute.ee\/toode\/hydra-face-one-anti-age-vananemisvastane\/#primaryimage\"},\"thumbnailUrl\":\"https:\/\/beautyinstitute.ee\/wp-content\/uploads\/2021\/10\/image_122004K_1-scaled.jpg\",\"datePublished\":\"2021-10-19T12:36:05+00:00\",\"dateModified\":\"2025-12-11T09:26:25+00:00\",\"breadcrumb\":{\"@id\":\"https:\/\/beautyinstitute.ee\/toode\/hydra-face-one-anti-age-vananemisvastane\/#breadcrumb\"},\"inLanguage\":\"ru-RU\",\"potentialAction\":[{\"@type\":\"ReadAction\",\"target\":[\"https:\/\/beautyinstitute.ee\/toode\/hydra-face-one-anti-age-vananemisvastane\/\"]}]},{\"@type\":\"ImageObject\",\"inLanguage\":\"ru-RU\",\"@id\":\"https:\/\/beautyinstitute.ee\/toode\/hydra-face-one-anti-age-vananemisvastane\/#primaryimage\",\"url\":\"https:\/\/beautyinstitute.ee\/wp-content\/uploads\/2021\/10\/image_122004K_1-scaled.jpg\",\"contentUrl\":\"https:\/\/beautyinstitute.ee\/wp-content\/uploads\/2021\/10\/image_122004K_1-scaled.jpg\",\"width\":1536,\"height\":2560},{\"@type\":\"BreadcrumbList\",\"@id\":\"https:\/\/beautyinstitute.ee\/toode\/hydra-face-one-anti-age-vananemisvastane\/#breadcrumb\",\"itemListElement\":[{\"@type\":\"ListItem\",\"position\":1,\"name\":\"Home\",\"item\":\"https:\/\/beautyinstitute.ee\/ru\/\"},{\"@type\":\"ListItem\",\"position\":2,\"name\":\"E-pood\",\"item\":\"https:\/\/beautyinstitute.ee\/e-pood\/\"},{\"@type\":\"ListItem\",\"position\":3,\"name\":\"Hydra Face One\u00ae- Anti Age-Vananemisvastane (C)\"}]},{\"@type\":\"WebSite\",\"@id\":\"https:\/\/beautyinstitute.ee\/#website\",\"url\":\"https:\/\/beautyinstitute.ee\/\",\"name\":\"Beauty Institute\",\"description\":\"CNC Cosmetic ametlik maaletooja ja edasim\u00fc\u00fcja Eestis, Soomes, L\u00e4tis. Aparaadikosmeetika, koolitused, kosmeetikatooted.\",\"potentialAction\":[{\"@type\":\"SearchAction\",\"target\":{\"@type\":\"EntryPoint\",\"urlTemplate\":\"https:\/\/beautyinstitute.ee\/?s={search_term_string}\"},\"query-input\":{\"@type\":\"PropertyValueSpecification\",\"valueRequired\":true,\"valueName\":\"search_term_string\"}}],\"inLanguage\":\"ru-RU\"}]}<\/script>\n<!-- \/ Yoast SEO plugin. -->","yoast_head_json":{"title":"Hydra Face One\u00ae- Anti Age-Vananemisvastane (C) - Beauty Institute","robots":{"index":"index","follow":"follow","max-snippet":"max-snippet:-1","max-image-preview":"max-image-preview:large","max-video-preview":"max-video-preview:-1"},"canonical":"https:\/\/beautyinstitute.ee\/toode\/hydra-face-one-anti-age-vananemisvastane\/","og_locale":"ru_RU","og_type":"article","og_title":"Hydra Face One\u00ae- Anti Age-Vananemisvastane (C) - Beauty Institute","og_description":"Toimeaine on kokteil viiekordsest h\u00fcaluroonhappest, mis tagab nahale intensiivse niisutuse k\u00f5ikides nahakihtides, ka s\u00fcgavamates. V\u00e4hendab silman\u00e4htavalt olemasolevaid kortse ja taastab naha maatriksi. Hoolikalt valitud taimeekstraktid India karusmarja kestast ning viigipirni ja viinamarja t\u00fcvirakud parandavad kahjustatud kudet loomulikul viisil. Toimeained rahustavad ja kaitsevad pikaajaliselt nahka fotovananemise eest. Intensiivne niisutus, t\u00e4idab ECMi, v\u00e4hendab kortse Elustav, kokkut\u00f5mbav antioks\u00fcdant. [&hellip;]","og_url":"https:\/\/beautyinstitute.ee\/toode\/hydra-face-one-anti-age-vananemisvastane\/","og_site_name":"Beauty Institute","article_modified_time":"2025-12-11T09:26:25+00:00","og_image":[{"width":1536,"height":2560,"url":"https:\/\/beautyinstitute.ee\/wp-content\/uploads\/2021\/10\/image_122004K_1-scaled.jpg","type":"image\/jpeg"}],"twitter_card":"summary_large_image","twitter_site":"@Beauty_Eesti","twitter_misc":{"\u041f\u0440\u0438\u043c\u0435\u0440\u043d\u043e\u0435 \u0432\u0440\u0435\u043c\u044f \u0434\u043b\u044f \u0447\u0442\u0435\u043d\u0438\u044f":"1 \u043c\u0438\u043d\u0443\u0442\u0430"},"schema":{"@context":"https:\/\/schema.org","@graph":[{"@type":"WebPage","@id":"https:\/\/beautyinstitute.ee\/toode\/hydra-face-one-anti-age-vananemisvastane\/","url":"https:\/\/beautyinstitute.ee\/toode\/hydra-face-one-anti-age-vananemisvastane\/","name":"Hydra Face One\u00ae- Anti Age-Vananemisvastane (C) - Beauty Institute","isPartOf":{"@id":"https:\/\/beautyinstitute.ee\/#website"},"primaryImageOfPage":{"@id":"https:\/\/beautyinstitute.ee\/toode\/hydra-face-one-anti-age-vananemisvastane\/#primaryimage"},"image":{"@id":"https:\/\/beautyinstitute.ee\/toode\/hydra-face-one-anti-age-vananemisvastane\/#primaryimage"},"thumbnailUrl":"https:\/\/beautyinstitute.ee\/wp-content\/uploads\/2021\/10\/image_122004K_1-scaled.jpg","datePublished":"2021-10-19T12:36:05+00:00","dateModified":"2025-12-11T09:26:25+00:00","breadcrumb":{"@id":"https:\/\/beautyinstitute.ee\/toode\/hydra-face-one-anti-age-vananemisvastane\/#breadcrumb"},"inLanguage":"ru-RU","potentialAction":[{"@type":"ReadAction","target":["https:\/\/beautyinstitute.ee\/toode\/hydra-face-one-anti-age-vananemisvastane\/"]}]},{"@type":"ImageObject","inLanguage":"ru-RU","@id":"https:\/\/beautyinstitute.ee\/toode\/hydra-face-one-anti-age-vananemisvastane\/#primaryimage","url":"https:\/\/beautyinstitute.ee\/wp-content\/uploads\/2021\/10\/image_122004K_1-scaled.jpg","contentUrl":"https:\/\/beautyinstitute.ee\/wp-content\/uploads\/2021\/10\/image_122004K_1-scaled.jpg","width":1536,"height":2560},{"@type":"BreadcrumbList","@id":"https:\/\/beautyinstitute.ee\/toode\/hydra-face-one-anti-age-vananemisvastane\/#breadcrumb","itemListElement":[{"@type":"ListItem","position":1,"name":"Home","item":"https:\/\/beautyinstitute.ee\/ru\/"},{"@type":"ListItem","position":2,"name":"E-pood","item":"https:\/\/beautyinstitute.ee\/e-pood\/"},{"@type":"ListItem","position":3,"name":"Hydra Face One\u00ae- Anti Age-Vananemisvastane (C)"}]},{"@type":"WebSite","@id":"https:\/\/beautyinstitute.ee\/#website","url":"https:\/\/beautyinstitute.ee\/","name":"Beauty Institute","description":"CNC Cosmetic ametlik maaletooja ja edasim\u00fc\u00fcja Eestis, Soomes, L\u00e4tis. Aparaadikosmeetika, koolitused, kosmeetikatooted.","potentialAction":[{"@type":"SearchAction","target":{"@type":"EntryPoint","urlTemplate":"https:\/\/beautyinstitute.ee\/?s={search_term_string}"},"query-input":{"@type":"PropertyValueSpecification","valueRequired":true,"valueName":"search_term_string"}}],"inLanguage":"ru-RU"}]}},"_links":{"self":[{"href":"https:\/\/beautyinstitute.ee\/ru\/wp-json\/wp\/v2\/product\/16003","targetHints":{"allow":["GET"]}}],"collection":[{"href":"https:\/\/beautyinstitute.ee\/ru\/wp-json\/wp\/v2\/product"}],"about":[{"href":"https:\/\/beautyinstitute.ee\/ru\/wp-json\/wp\/v2\/types\/product"}],"wp:featuredmedia":[{"embeddable":true,"href":"https:\/\/beautyinstitute.ee\/ru\/wp-json\/wp\/v2\/media\/17043"}],"wp:attachment":[{"href":"https:\/\/beautyinstitute.ee\/ru\/wp-json\/wp\/v2\/media?parent=16003"}],"wp:term":[{"taxonomy":"product_cat","embeddable":true,"href":"https:\/\/beautyinstitute.ee\/ru\/wp-json\/wp\/v2\/product_cat?post=16003"},{"taxonomy":"product_tag","embeddable":true,"href":"https:\/\/beautyinstitute.ee\/ru\/wp-json\/wp\/v2\/product_tag?post=16003"}],"curies":[{"name":"wp","href":"https:\/\/api.w.org\/{rel}","templated":true}]}}