{"id":16004,"date":"2021-10-19T15:44:57","date_gmt":"2021-10-19T12:44:57","guid":{"rendered":"https:\/\/beautyinstitute.ee\/?post_type=product&#038;p=16004"},"modified":"2026-03-13T09:01:46","modified_gmt":"2026-03-13T07:01:46","slug":"hydra-face-one-pure-skin-puhas-nahk","status":"publish","type":"product","link":"https:\/\/beautyinstitute.ee\/ru\/toode\/hydra-face-one-pure-skin-puhas-nahk\/","title":{"rendered":"Hydra Face One\u00ae Pure Skin-Puhas Nahk (C)"},"content":{"rendered":"<p>K\u00f5rgtehnoloogiline mooruspuu lehtedest saadud toimeaine p\u00e4rsib p\u00f5letikulisi reaktsioone, reguleerib naha mikrobioome ja selle tulemusena v\u00e4hendab nahas ebapuhtuse teket. T\u00e4iendavad toimeained viirukiekstraktist ja vitamiinidest B3 ja B6 reguleerivad rasueritust ja ahendavad poore. V\u00e4hendab p\u00f5letikulisi protsesse ja pigmentatsioonih\u00e4ireid.<\/p>\n<ul>\n<li>Reguleerib seebiumit, ahendab poore<\/li>\n<li>Ravib naha p\u00f5letikulisi protsesse<\/li>\n<li>Reguleerib naha mikrobioomi, p\u00e4rsib p\u00f5letikutekitajate t\u00f6\u00f6d<\/li>\n<li>Tasakaalustab naha pH-d, reguleerib rasueritust, p\u00f5letikuvastane<\/li>\n<\/ul>\n<p>Toimeained: Vitamiin B3 &amp; B6, mooruspuu ekstrakt, matt complex*, anti-acne complex**<\/p>\n<p>Sobib: Rasusele ja ebapuhtale nahale.<\/p>\n<p>Kasutamine: Konteineri C t\u00e4itmiseks<\/p>\n","protected":false},"excerpt":{"rendered":"<p>K\u00f5rgtehnoloogiline mooruspuu lehtedest saadud toimeaine p\u00e4rsib p\u00f5letikulisi reaktsioone, reguleerib naha mikrobioome ja selle tulemusena v\u00e4hendab nahas ebapuhtuse teket. T\u00e4iendavad toimeained viirukiekstraktist ja vitamiinidest B3 ja B6 reguleerivad rasueritust ja ahendavad poore. V\u00e4hendab p\u00f5letikulisi protsesse ja pigmentatsioonih\u00e4ireid. Reguleerib seebiumit, ahendab poore Ravib naha p\u00f5letikulisi protsesse Reguleerib naha mikrobioomi, p\u00e4rsib p\u00f5letikutekitajate t\u00f6\u00f6d Tasakaalustab naha pH-d, reguleerib rasueritust, [&hellip;]<\/p>\n","protected":false},"featured_media":17051,"template":"","meta":{"_acf_changed":false},"product_cat":[282],"product_tag":[],"class_list":["post-16004","product","type-product","status-publish","has-post-thumbnail","hentry","product_cat-hydra-face-one"],"acf":[],"yoast_head":"<!-- This site is optimized with the Yoast SEO plugin v25.4 - https:\/\/yoast.com\/wordpress\/plugins\/seo\/ -->\n<title>Hydra Face One\u00ae Pure Skin-Puhas Nahk (C) - Beauty Institute<\/title>\n<meta name=\"robots\" content=\"index, follow, max-snippet:-1, max-image-preview:large, max-video-preview:-1\" \/>\n<link rel=\"canonical\" href=\"https:\/\/beautyinstitute.ee\/toode\/hydra-face-one-pure-skin-puhas-nahk\/\" \/>\n<meta property=\"og:locale\" content=\"ru_RU\" \/>\n<meta property=\"og:type\" content=\"article\" \/>\n<meta property=\"og:title\" content=\"Hydra Face One\u00ae Pure Skin-Puhas Nahk (C) - Beauty Institute\" \/>\n<meta property=\"og:description\" content=\"K\u00f5rgtehnoloogiline mooruspuu lehtedest saadud toimeaine p\u00e4rsib p\u00f5letikulisi reaktsioone, reguleerib naha mikrobioome ja selle tulemusena v\u00e4hendab nahas ebapuhtuse teket. T\u00e4iendavad toimeained viirukiekstraktist ja vitamiinidest B3 ja B6 reguleerivad rasueritust ja ahendavad poore. V\u00e4hendab p\u00f5letikulisi protsesse ja pigmentatsioonih\u00e4ireid. Reguleerib seebiumit, ahendab poore Ravib naha p\u00f5letikulisi protsesse Reguleerib naha mikrobioomi, p\u00e4rsib p\u00f5letikutekitajate t\u00f6\u00f6d Tasakaalustab naha pH-d, reguleerib rasueritust, [&hellip;]\" \/>\n<meta property=\"og:url\" content=\"https:\/\/beautyinstitute.ee\/toode\/hydra-face-one-pure-skin-puhas-nahk\/\" \/>\n<meta property=\"og:site_name\" content=\"Beauty Institute\" \/>\n<meta property=\"article:modified_time\" content=\"2026-03-13T07:01:46+00:00\" \/>\n<meta property=\"og:image\" content=\"https:\/\/beautyinstitute.ee\/wp-content\/uploads\/2021\/10\/image_122005K_1-scaled.jpg\" \/>\n\t<meta property=\"og:image:width\" content=\"1536\" \/>\n\t<meta property=\"og:image:height\" content=\"2560\" \/>\n\t<meta property=\"og:image:type\" content=\"image\/jpeg\" \/>\n<meta name=\"twitter:card\" content=\"summary_large_image\" \/>\n<meta name=\"twitter:site\" content=\"@Beauty_Eesti\" \/>\n<script type=\"application\/ld+json\" class=\"yoast-schema-graph\">{\"@context\":\"https:\/\/schema.org\",\"@graph\":[{\"@type\":\"WebPage\",\"@id\":\"https:\/\/beautyinstitute.ee\/toode\/hydra-face-one-pure-skin-puhas-nahk\/\",\"url\":\"https:\/\/beautyinstitute.ee\/toode\/hydra-face-one-pure-skin-puhas-nahk\/\",\"name\":\"Hydra Face One\u00ae Pure Skin-Puhas Nahk (C) - Beauty Institute\",\"isPartOf\":{\"@id\":\"https:\/\/beautyinstitute.ee\/#website\"},\"primaryImageOfPage\":{\"@id\":\"https:\/\/beautyinstitute.ee\/toode\/hydra-face-one-pure-skin-puhas-nahk\/#primaryimage\"},\"image\":{\"@id\":\"https:\/\/beautyinstitute.ee\/toode\/hydra-face-one-pure-skin-puhas-nahk\/#primaryimage\"},\"thumbnailUrl\":\"https:\/\/beautyinstitute.ee\/wp-content\/uploads\/2021\/10\/image_122005K_1-scaled.jpg\",\"datePublished\":\"2021-10-19T12:44:57+00:00\",\"dateModified\":\"2026-03-13T07:01:46+00:00\",\"breadcrumb\":{\"@id\":\"https:\/\/beautyinstitute.ee\/toode\/hydra-face-one-pure-skin-puhas-nahk\/#breadcrumb\"},\"inLanguage\":\"ru-RU\",\"potentialAction\":[{\"@type\":\"ReadAction\",\"target\":[\"https:\/\/beautyinstitute.ee\/toode\/hydra-face-one-pure-skin-puhas-nahk\/\"]}]},{\"@type\":\"ImageObject\",\"inLanguage\":\"ru-RU\",\"@id\":\"https:\/\/beautyinstitute.ee\/toode\/hydra-face-one-pure-skin-puhas-nahk\/#primaryimage\",\"url\":\"https:\/\/beautyinstitute.ee\/wp-content\/uploads\/2021\/10\/image_122005K_1-scaled.jpg\",\"contentUrl\":\"https:\/\/beautyinstitute.ee\/wp-content\/uploads\/2021\/10\/image_122005K_1-scaled.jpg\",\"width\":1536,\"height\":2560},{\"@type\":\"BreadcrumbList\",\"@id\":\"https:\/\/beautyinstitute.ee\/toode\/hydra-face-one-pure-skin-puhas-nahk\/#breadcrumb\",\"itemListElement\":[{\"@type\":\"ListItem\",\"position\":1,\"name\":\"Home\",\"item\":\"https:\/\/beautyinstitute.ee\/ru\/\"},{\"@type\":\"ListItem\",\"position\":2,\"name\":\"E-pood\",\"item\":\"https:\/\/beautyinstitute.ee\/e-pood\/\"},{\"@type\":\"ListItem\",\"position\":3,\"name\":\"Hydra Face One\u00ae Pure Skin-Puhas Nahk (C)\"}]},{\"@type\":\"WebSite\",\"@id\":\"https:\/\/beautyinstitute.ee\/#website\",\"url\":\"https:\/\/beautyinstitute.ee\/\",\"name\":\"Beauty Institute\",\"description\":\"CNC Cosmetic ametlik maaletooja ja edasim\u00fc\u00fcja Eestis, Soomes, L\u00e4tis. Aparaadikosmeetika, koolitused, kosmeetikatooted.\",\"potentialAction\":[{\"@type\":\"SearchAction\",\"target\":{\"@type\":\"EntryPoint\",\"urlTemplate\":\"https:\/\/beautyinstitute.ee\/?s={search_term_string}\"},\"query-input\":{\"@type\":\"PropertyValueSpecification\",\"valueRequired\":true,\"valueName\":\"search_term_string\"}}],\"inLanguage\":\"ru-RU\"}]}<\/script>\n<!-- \/ Yoast SEO plugin. -->","yoast_head_json":{"title":"Hydra Face One\u00ae Pure Skin-Puhas Nahk (C) - Beauty Institute","robots":{"index":"index","follow":"follow","max-snippet":"max-snippet:-1","max-image-preview":"max-image-preview:large","max-video-preview":"max-video-preview:-1"},"canonical":"https:\/\/beautyinstitute.ee\/toode\/hydra-face-one-pure-skin-puhas-nahk\/","og_locale":"ru_RU","og_type":"article","og_title":"Hydra Face One\u00ae Pure Skin-Puhas Nahk (C) - Beauty Institute","og_description":"K\u00f5rgtehnoloogiline mooruspuu lehtedest saadud toimeaine p\u00e4rsib p\u00f5letikulisi reaktsioone, reguleerib naha mikrobioome ja selle tulemusena v\u00e4hendab nahas ebapuhtuse teket. T\u00e4iendavad toimeained viirukiekstraktist ja vitamiinidest B3 ja B6 reguleerivad rasueritust ja ahendavad poore. V\u00e4hendab p\u00f5letikulisi protsesse ja pigmentatsioonih\u00e4ireid. Reguleerib seebiumit, ahendab poore Ravib naha p\u00f5letikulisi protsesse Reguleerib naha mikrobioomi, p\u00e4rsib p\u00f5letikutekitajate t\u00f6\u00f6d Tasakaalustab naha pH-d, reguleerib rasueritust, [&hellip;]","og_url":"https:\/\/beautyinstitute.ee\/toode\/hydra-face-one-pure-skin-puhas-nahk\/","og_site_name":"Beauty Institute","article_modified_time":"2026-03-13T07:01:46+00:00","og_image":[{"width":1536,"height":2560,"url":"https:\/\/beautyinstitute.ee\/wp-content\/uploads\/2021\/10\/image_122005K_1-scaled.jpg","type":"image\/jpeg"}],"twitter_card":"summary_large_image","twitter_site":"@Beauty_Eesti","schema":{"@context":"https:\/\/schema.org","@graph":[{"@type":"WebPage","@id":"https:\/\/beautyinstitute.ee\/toode\/hydra-face-one-pure-skin-puhas-nahk\/","url":"https:\/\/beautyinstitute.ee\/toode\/hydra-face-one-pure-skin-puhas-nahk\/","name":"Hydra Face One\u00ae Pure Skin-Puhas Nahk (C) - Beauty Institute","isPartOf":{"@id":"https:\/\/beautyinstitute.ee\/#website"},"primaryImageOfPage":{"@id":"https:\/\/beautyinstitute.ee\/toode\/hydra-face-one-pure-skin-puhas-nahk\/#primaryimage"},"image":{"@id":"https:\/\/beautyinstitute.ee\/toode\/hydra-face-one-pure-skin-puhas-nahk\/#primaryimage"},"thumbnailUrl":"https:\/\/beautyinstitute.ee\/wp-content\/uploads\/2021\/10\/image_122005K_1-scaled.jpg","datePublished":"2021-10-19T12:44:57+00:00","dateModified":"2026-03-13T07:01:46+00:00","breadcrumb":{"@id":"https:\/\/beautyinstitute.ee\/toode\/hydra-face-one-pure-skin-puhas-nahk\/#breadcrumb"},"inLanguage":"ru-RU","potentialAction":[{"@type":"ReadAction","target":["https:\/\/beautyinstitute.ee\/toode\/hydra-face-one-pure-skin-puhas-nahk\/"]}]},{"@type":"ImageObject","inLanguage":"ru-RU","@id":"https:\/\/beautyinstitute.ee\/toode\/hydra-face-one-pure-skin-puhas-nahk\/#primaryimage","url":"https:\/\/beautyinstitute.ee\/wp-content\/uploads\/2021\/10\/image_122005K_1-scaled.jpg","contentUrl":"https:\/\/beautyinstitute.ee\/wp-content\/uploads\/2021\/10\/image_122005K_1-scaled.jpg","width":1536,"height":2560},{"@type":"BreadcrumbList","@id":"https:\/\/beautyinstitute.ee\/toode\/hydra-face-one-pure-skin-puhas-nahk\/#breadcrumb","itemListElement":[{"@type":"ListItem","position":1,"name":"Home","item":"https:\/\/beautyinstitute.ee\/ru\/"},{"@type":"ListItem","position":2,"name":"E-pood","item":"https:\/\/beautyinstitute.ee\/e-pood\/"},{"@type":"ListItem","position":3,"name":"Hydra Face One\u00ae Pure Skin-Puhas Nahk (C)"}]},{"@type":"WebSite","@id":"https:\/\/beautyinstitute.ee\/#website","url":"https:\/\/beautyinstitute.ee\/","name":"Beauty Institute","description":"CNC Cosmetic ametlik maaletooja ja edasim\u00fc\u00fcja Eestis, Soomes, L\u00e4tis. Aparaadikosmeetika, koolitused, kosmeetikatooted.","potentialAction":[{"@type":"SearchAction","target":{"@type":"EntryPoint","urlTemplate":"https:\/\/beautyinstitute.ee\/?s={search_term_string}"},"query-input":{"@type":"PropertyValueSpecification","valueRequired":true,"valueName":"search_term_string"}}],"inLanguage":"ru-RU"}]}},"_links":{"self":[{"href":"https:\/\/beautyinstitute.ee\/ru\/wp-json\/wp\/v2\/product\/16004","targetHints":{"allow":["GET"]}}],"collection":[{"href":"https:\/\/beautyinstitute.ee\/ru\/wp-json\/wp\/v2\/product"}],"about":[{"href":"https:\/\/beautyinstitute.ee\/ru\/wp-json\/wp\/v2\/types\/product"}],"wp:featuredmedia":[{"embeddable":true,"href":"https:\/\/beautyinstitute.ee\/ru\/wp-json\/wp\/v2\/media\/17051"}],"wp:attachment":[{"href":"https:\/\/beautyinstitute.ee\/ru\/wp-json\/wp\/v2\/media?parent=16004"}],"wp:term":[{"taxonomy":"product_cat","embeddable":true,"href":"https:\/\/beautyinstitute.ee\/ru\/wp-json\/wp\/v2\/product_cat?post=16004"},{"taxonomy":"product_tag","embeddable":true,"href":"https:\/\/beautyinstitute.ee\/ru\/wp-json\/wp\/v2\/product_tag?post=16004"}],"curies":[{"name":"wp","href":"https:\/\/api.w.org\/{rel}","templated":true}]}}