{"id":16878,"date":"2022-01-18T12:53:08","date_gmt":"2022-01-18T10:53:08","guid":{"rendered":"https:\/\/beautyinstitute.ee\/?post_type=product&#038;p=16878"},"modified":"2026-02-25T10:27:12","modified_gmt":"2026-02-25T08:27:12","slug":"pintsel-kulmu-ripsme-varvimiseks","status":"publish","type":"product","link":"https:\/\/beautyinstitute.ee\/ru\/toode\/pintsel-kulmu-ripsme-varvimiseks\/","title":{"rendered":"Pintsel- Kulmu\/Ripsme V\u00e4rvimiseks"},"content":{"rendered":"<p>Ripsmete ja kulmude v\u00e4rvimiseks m\u00f5eldud pintsel.<\/p>\n<p>Valged s\u00fcnteetilised karvad 3,8 mm, pikkus: 17 cm.<\/p>\n","protected":false},"excerpt":{"rendered":"<p>Ripsmete ja kulmude v\u00e4rvimiseks m\u00f5eldud pintsel. Valged s\u00fcnteetilised karvad 3,8 mm, pikkus: 17 cm.<\/p>\n","protected":false},"featured_media":16879,"template":"","meta":{"_acf_changed":false},"product_cat":[191],"product_tag":[],"class_list":["post-16878","product","type-product","status-publish","has-post-thumbnail","hentry","product_cat-kabineti-tooted"],"acf":[],"yoast_head":"<!-- This site is optimized with the Yoast SEO plugin v25.4 - https:\/\/yoast.com\/wordpress\/plugins\/seo\/ -->\n<title>Pintsel- Kulmu\/Ripsme V\u00e4rvimiseks - Beauty Institute<\/title>\n<meta name=\"robots\" content=\"index, follow, max-snippet:-1, max-image-preview:large, max-video-preview:-1\" \/>\n<link rel=\"canonical\" href=\"https:\/\/beautyinstitute.ee\/toode\/pintsel-kulmu-ripsme-varvimiseks\/\" \/>\n<meta property=\"og:locale\" content=\"ru_RU\" \/>\n<meta property=\"og:type\" content=\"article\" \/>\n<meta property=\"og:title\" content=\"Pintsel- Kulmu\/Ripsme V\u00e4rvimiseks - Beauty Institute\" \/>\n<meta property=\"og:description\" content=\"Ripsmete ja kulmude v\u00e4rvimiseks m\u00f5eldud pintsel. Valged s\u00fcnteetilised karvad 3,8 mm, pikkus: 17 cm.\" \/>\n<meta property=\"og:url\" content=\"https:\/\/beautyinstitute.ee\/toode\/pintsel-kulmu-ripsme-varvimiseks\/\" \/>\n<meta property=\"og:site_name\" content=\"Beauty Institute\" \/>\n<meta property=\"article:modified_time\" content=\"2026-02-25T08:27:12+00:00\" \/>\n<meta property=\"og:image\" content=\"https:\/\/beautyinstitute.ee\/wp-content\/uploads\/2022\/01\/image_411078_1.jpg\" \/>\n\t<meta property=\"og:image:width\" content=\"1500\" \/>\n\t<meta property=\"og:image:height\" content=\"1422\" \/>\n\t<meta property=\"og:image:type\" content=\"image\/jpeg\" \/>\n<meta name=\"twitter:card\" content=\"summary_large_image\" \/>\n<meta name=\"twitter:site\" content=\"@Beauty_Eesti\" \/>\n<script type=\"application\/ld+json\" class=\"yoast-schema-graph\">{\"@context\":\"https:\/\/schema.org\",\"@graph\":[{\"@type\":\"WebPage\",\"@id\":\"https:\/\/beautyinstitute.ee\/toode\/pintsel-kulmu-ripsme-varvimiseks\/\",\"url\":\"https:\/\/beautyinstitute.ee\/toode\/pintsel-kulmu-ripsme-varvimiseks\/\",\"name\":\"Pintsel- Kulmu\/Ripsme V\u00e4rvimiseks - Beauty Institute\",\"isPartOf\":{\"@id\":\"https:\/\/beautyinstitute.ee\/#website\"},\"primaryImageOfPage\":{\"@id\":\"https:\/\/beautyinstitute.ee\/toode\/pintsel-kulmu-ripsme-varvimiseks\/#primaryimage\"},\"image\":{\"@id\":\"https:\/\/beautyinstitute.ee\/toode\/pintsel-kulmu-ripsme-varvimiseks\/#primaryimage\"},\"thumbnailUrl\":\"https:\/\/beautyinstitute.ee\/wp-content\/uploads\/2022\/01\/image_411078_1.jpg\",\"datePublished\":\"2022-01-18T10:53:08+00:00\",\"dateModified\":\"2026-02-25T08:27:12+00:00\",\"breadcrumb\":{\"@id\":\"https:\/\/beautyinstitute.ee\/toode\/pintsel-kulmu-ripsme-varvimiseks\/#breadcrumb\"},\"inLanguage\":\"ru-RU\",\"potentialAction\":[{\"@type\":\"ReadAction\",\"target\":[\"https:\/\/beautyinstitute.ee\/toode\/pintsel-kulmu-ripsme-varvimiseks\/\"]}]},{\"@type\":\"ImageObject\",\"inLanguage\":\"ru-RU\",\"@id\":\"https:\/\/beautyinstitute.ee\/toode\/pintsel-kulmu-ripsme-varvimiseks\/#primaryimage\",\"url\":\"https:\/\/beautyinstitute.ee\/wp-content\/uploads\/2022\/01\/image_411078_1.jpg\",\"contentUrl\":\"https:\/\/beautyinstitute.ee\/wp-content\/uploads\/2022\/01\/image_411078_1.jpg\",\"width\":1500,\"height\":1422},{\"@type\":\"BreadcrumbList\",\"@id\":\"https:\/\/beautyinstitute.ee\/toode\/pintsel-kulmu-ripsme-varvimiseks\/#breadcrumb\",\"itemListElement\":[{\"@type\":\"ListItem\",\"position\":1,\"name\":\"Home\",\"item\":\"https:\/\/beautyinstitute.ee\/ru\/\"},{\"@type\":\"ListItem\",\"position\":2,\"name\":\"E-pood\",\"item\":\"https:\/\/beautyinstitute.ee\/e-pood\/\"},{\"@type\":\"ListItem\",\"position\":3,\"name\":\"Pintsel- Kulmu\/Ripsme V\u00e4rvimiseks\"}]},{\"@type\":\"WebSite\",\"@id\":\"https:\/\/beautyinstitute.ee\/#website\",\"url\":\"https:\/\/beautyinstitute.ee\/\",\"name\":\"Beauty Institute\",\"description\":\"CNC Cosmetic ametlik maaletooja ja edasim\u00fc\u00fcja Eestis, Soomes, L\u00e4tis. Aparaadikosmeetika, koolitused, kosmeetikatooted.\",\"potentialAction\":[{\"@type\":\"SearchAction\",\"target\":{\"@type\":\"EntryPoint\",\"urlTemplate\":\"https:\/\/beautyinstitute.ee\/?s={search_term_string}\"},\"query-input\":{\"@type\":\"PropertyValueSpecification\",\"valueRequired\":true,\"valueName\":\"search_term_string\"}}],\"inLanguage\":\"ru-RU\"}]}<\/script>\n<!-- \/ Yoast SEO plugin. -->","yoast_head_json":{"title":"Pintsel- Kulmu\/Ripsme V\u00e4rvimiseks - Beauty Institute","robots":{"index":"index","follow":"follow","max-snippet":"max-snippet:-1","max-image-preview":"max-image-preview:large","max-video-preview":"max-video-preview:-1"},"canonical":"https:\/\/beautyinstitute.ee\/toode\/pintsel-kulmu-ripsme-varvimiseks\/","og_locale":"ru_RU","og_type":"article","og_title":"Pintsel- Kulmu\/Ripsme V\u00e4rvimiseks - Beauty Institute","og_description":"Ripsmete ja kulmude v\u00e4rvimiseks m\u00f5eldud pintsel. Valged s\u00fcnteetilised karvad 3,8 mm, pikkus: 17 cm.","og_url":"https:\/\/beautyinstitute.ee\/toode\/pintsel-kulmu-ripsme-varvimiseks\/","og_site_name":"Beauty Institute","article_modified_time":"2026-02-25T08:27:12+00:00","og_image":[{"width":1500,"height":1422,"url":"https:\/\/beautyinstitute.ee\/wp-content\/uploads\/2022\/01\/image_411078_1.jpg","type":"image\/jpeg"}],"twitter_card":"summary_large_image","twitter_site":"@Beauty_Eesti","schema":{"@context":"https:\/\/schema.org","@graph":[{"@type":"WebPage","@id":"https:\/\/beautyinstitute.ee\/toode\/pintsel-kulmu-ripsme-varvimiseks\/","url":"https:\/\/beautyinstitute.ee\/toode\/pintsel-kulmu-ripsme-varvimiseks\/","name":"Pintsel- Kulmu\/Ripsme V\u00e4rvimiseks - Beauty Institute","isPartOf":{"@id":"https:\/\/beautyinstitute.ee\/#website"},"primaryImageOfPage":{"@id":"https:\/\/beautyinstitute.ee\/toode\/pintsel-kulmu-ripsme-varvimiseks\/#primaryimage"},"image":{"@id":"https:\/\/beautyinstitute.ee\/toode\/pintsel-kulmu-ripsme-varvimiseks\/#primaryimage"},"thumbnailUrl":"https:\/\/beautyinstitute.ee\/wp-content\/uploads\/2022\/01\/image_411078_1.jpg","datePublished":"2022-01-18T10:53:08+00:00","dateModified":"2026-02-25T08:27:12+00:00","breadcrumb":{"@id":"https:\/\/beautyinstitute.ee\/toode\/pintsel-kulmu-ripsme-varvimiseks\/#breadcrumb"},"inLanguage":"ru-RU","potentialAction":[{"@type":"ReadAction","target":["https:\/\/beautyinstitute.ee\/toode\/pintsel-kulmu-ripsme-varvimiseks\/"]}]},{"@type":"ImageObject","inLanguage":"ru-RU","@id":"https:\/\/beautyinstitute.ee\/toode\/pintsel-kulmu-ripsme-varvimiseks\/#primaryimage","url":"https:\/\/beautyinstitute.ee\/wp-content\/uploads\/2022\/01\/image_411078_1.jpg","contentUrl":"https:\/\/beautyinstitute.ee\/wp-content\/uploads\/2022\/01\/image_411078_1.jpg","width":1500,"height":1422},{"@type":"BreadcrumbList","@id":"https:\/\/beautyinstitute.ee\/toode\/pintsel-kulmu-ripsme-varvimiseks\/#breadcrumb","itemListElement":[{"@type":"ListItem","position":1,"name":"Home","item":"https:\/\/beautyinstitute.ee\/ru\/"},{"@type":"ListItem","position":2,"name":"E-pood","item":"https:\/\/beautyinstitute.ee\/e-pood\/"},{"@type":"ListItem","position":3,"name":"Pintsel- Kulmu\/Ripsme V\u00e4rvimiseks"}]},{"@type":"WebSite","@id":"https:\/\/beautyinstitute.ee\/#website","url":"https:\/\/beautyinstitute.ee\/","name":"Beauty Institute","description":"CNC Cosmetic ametlik maaletooja ja edasim\u00fc\u00fcja Eestis, Soomes, L\u00e4tis. Aparaadikosmeetika, koolitused, kosmeetikatooted.","potentialAction":[{"@type":"SearchAction","target":{"@type":"EntryPoint","urlTemplate":"https:\/\/beautyinstitute.ee\/?s={search_term_string}"},"query-input":{"@type":"PropertyValueSpecification","valueRequired":true,"valueName":"search_term_string"}}],"inLanguage":"ru-RU"}]}},"_links":{"self":[{"href":"https:\/\/beautyinstitute.ee\/ru\/wp-json\/wp\/v2\/product\/16878","targetHints":{"allow":["GET"]}}],"collection":[{"href":"https:\/\/beautyinstitute.ee\/ru\/wp-json\/wp\/v2\/product"}],"about":[{"href":"https:\/\/beautyinstitute.ee\/ru\/wp-json\/wp\/v2\/types\/product"}],"wp:featuredmedia":[{"embeddable":true,"href":"https:\/\/beautyinstitute.ee\/ru\/wp-json\/wp\/v2\/media\/16879"}],"wp:attachment":[{"href":"https:\/\/beautyinstitute.ee\/ru\/wp-json\/wp\/v2\/media?parent=16878"}],"wp:term":[{"taxonomy":"product_cat","embeddable":true,"href":"https:\/\/beautyinstitute.ee\/ru\/wp-json\/wp\/v2\/product_cat?post=16878"},{"taxonomy":"product_tag","embeddable":true,"href":"https:\/\/beautyinstitute.ee\/ru\/wp-json\/wp\/v2\/product_tag?post=16878"}],"curies":[{"name":"wp","href":"https:\/\/api.w.org\/{rel}","templated":true}]}}