{"id":16986,"date":"2022-02-01T14:22:13","date_gmt":"2022-02-01T12:22:13","guid":{"rendered":"https:\/\/beautyinstitute.ee\/?post_type=product&#038;p=16986"},"modified":"2026-04-23T13:17:55","modified_gmt":"2026-04-23T10:17:55","slug":"hydra-face-one-otsik-nr-3-happekoorimine","status":"publish","type":"product","link":"https:\/\/beautyinstitute.ee\/ru\/toode\/hydra-face-one-otsik-nr-3-happekoorimine\/","title":{"rendered":"Hydra Face One\u00ae Otsik Nr 3\/B Happekoorimine"},"content":{"rendered":"<p class=\"product_title entry-title\">Hydra face one\u00ae aparaadi otsikud nr 3\/B &#8211; happekoorimiseks<\/p>\n<p><strong>8 tk pakis<\/strong><\/p>\n","protected":false},"excerpt":{"rendered":"<p>Hydra face one\u00ae aparaadi otsikud nr 3\/B &#8211; happekoorimiseks 8 tk pakis<\/p>\n","protected":false},"featured_media":0,"template":"","meta":{"_acf_changed":false},"product_cat":[282],"product_tag":[],"class_list":["post-16986","product","type-product","status-publish","hentry","product_cat-hydra-face-one"],"acf":[],"yoast_head":"<!-- This site is optimized with the Yoast SEO plugin v25.4 - https:\/\/yoast.com\/wordpress\/plugins\/seo\/ -->\n<title>Hydra Face One\u00ae Otsik Nr 3\/B Happekoorimine - Beauty Institute<\/title>\n<meta name=\"robots\" content=\"index, follow, max-snippet:-1, max-image-preview:large, max-video-preview:-1\" \/>\n<link rel=\"canonical\" href=\"https:\/\/beautyinstitute.ee\/toode\/hydra-face-one-otsik-nr-3-happekoorimine\/\" \/>\n<meta property=\"og:locale\" content=\"ru_RU\" \/>\n<meta property=\"og:type\" content=\"article\" \/>\n<meta property=\"og:title\" content=\"Hydra Face One\u00ae Otsik Nr 3\/B Happekoorimine - Beauty Institute\" \/>\n<meta property=\"og:description\" content=\"Hydra face one\u00ae aparaadi otsikud nr 3\/B &#8211; happekoorimiseks 8 tk pakis\" \/>\n<meta property=\"og:url\" content=\"https:\/\/beautyinstitute.ee\/toode\/hydra-face-one-otsik-nr-3-happekoorimine\/\" \/>\n<meta property=\"og:site_name\" content=\"Beauty Institute\" \/>\n<meta property=\"article:modified_time\" content=\"2026-04-23T10:17:55+00:00\" \/>\n<meta name=\"twitter:card\" content=\"summary_large_image\" \/>\n<meta name=\"twitter:site\" content=\"@Beauty_Eesti\" \/>\n<script type=\"application\/ld+json\" class=\"yoast-schema-graph\">{\"@context\":\"https:\/\/schema.org\",\"@graph\":[{\"@type\":\"WebPage\",\"@id\":\"https:\/\/beautyinstitute.ee\/toode\/hydra-face-one-otsik-nr-3-happekoorimine\/\",\"url\":\"https:\/\/beautyinstitute.ee\/toode\/hydra-face-one-otsik-nr-3-happekoorimine\/\",\"name\":\"Hydra Face One\u00ae Otsik Nr 3\/B Happekoorimine - Beauty Institute\",\"isPartOf\":{\"@id\":\"https:\/\/beautyinstitute.ee\/#website\"},\"datePublished\":\"2022-02-01T12:22:13+00:00\",\"dateModified\":\"2026-04-23T10:17:55+00:00\",\"breadcrumb\":{\"@id\":\"https:\/\/beautyinstitute.ee\/toode\/hydra-face-one-otsik-nr-3-happekoorimine\/#breadcrumb\"},\"inLanguage\":\"ru-RU\",\"potentialAction\":[{\"@type\":\"ReadAction\",\"target\":[\"https:\/\/beautyinstitute.ee\/toode\/hydra-face-one-otsik-nr-3-happekoorimine\/\"]}]},{\"@type\":\"BreadcrumbList\",\"@id\":\"https:\/\/beautyinstitute.ee\/toode\/hydra-face-one-otsik-nr-3-happekoorimine\/#breadcrumb\",\"itemListElement\":[{\"@type\":\"ListItem\",\"position\":1,\"name\":\"Home\",\"item\":\"https:\/\/beautyinstitute.ee\/ru\/\"},{\"@type\":\"ListItem\",\"position\":2,\"name\":\"E-pood\",\"item\":\"https:\/\/beautyinstitute.ee\/e-pood\/\"},{\"@type\":\"ListItem\",\"position\":3,\"name\":\"Hydra Face One\u00ae Otsik Nr 3\/B Happekoorimine\"}]},{\"@type\":\"WebSite\",\"@id\":\"https:\/\/beautyinstitute.ee\/#website\",\"url\":\"https:\/\/beautyinstitute.ee\/\",\"name\":\"Beauty Institute\",\"description\":\"CNC Cosmetic ametlik maaletooja ja edasim\u00fc\u00fcja Eestis, Soomes, L\u00e4tis. Aparaadikosmeetika, koolitused, kosmeetikatooted.\",\"potentialAction\":[{\"@type\":\"SearchAction\",\"target\":{\"@type\":\"EntryPoint\",\"urlTemplate\":\"https:\/\/beautyinstitute.ee\/?s={search_term_string}\"},\"query-input\":{\"@type\":\"PropertyValueSpecification\",\"valueRequired\":true,\"valueName\":\"search_term_string\"}}],\"inLanguage\":\"ru-RU\"}]}<\/script>\n<!-- \/ Yoast SEO plugin. -->","yoast_head_json":{"title":"Hydra Face One\u00ae Otsik Nr 3\/B Happekoorimine - Beauty Institute","robots":{"index":"index","follow":"follow","max-snippet":"max-snippet:-1","max-image-preview":"max-image-preview:large","max-video-preview":"max-video-preview:-1"},"canonical":"https:\/\/beautyinstitute.ee\/toode\/hydra-face-one-otsik-nr-3-happekoorimine\/","og_locale":"ru_RU","og_type":"article","og_title":"Hydra Face One\u00ae Otsik Nr 3\/B Happekoorimine - Beauty Institute","og_description":"Hydra face one\u00ae aparaadi otsikud nr 3\/B &#8211; happekoorimiseks 8 tk pakis","og_url":"https:\/\/beautyinstitute.ee\/toode\/hydra-face-one-otsik-nr-3-happekoorimine\/","og_site_name":"Beauty Institute","article_modified_time":"2026-04-23T10:17:55+00:00","twitter_card":"summary_large_image","twitter_site":"@Beauty_Eesti","schema":{"@context":"https:\/\/schema.org","@graph":[{"@type":"WebPage","@id":"https:\/\/beautyinstitute.ee\/toode\/hydra-face-one-otsik-nr-3-happekoorimine\/","url":"https:\/\/beautyinstitute.ee\/toode\/hydra-face-one-otsik-nr-3-happekoorimine\/","name":"Hydra Face One\u00ae Otsik Nr 3\/B Happekoorimine - Beauty Institute","isPartOf":{"@id":"https:\/\/beautyinstitute.ee\/#website"},"datePublished":"2022-02-01T12:22:13+00:00","dateModified":"2026-04-23T10:17:55+00:00","breadcrumb":{"@id":"https:\/\/beautyinstitute.ee\/toode\/hydra-face-one-otsik-nr-3-happekoorimine\/#breadcrumb"},"inLanguage":"ru-RU","potentialAction":[{"@type":"ReadAction","target":["https:\/\/beautyinstitute.ee\/toode\/hydra-face-one-otsik-nr-3-happekoorimine\/"]}]},{"@type":"BreadcrumbList","@id":"https:\/\/beautyinstitute.ee\/toode\/hydra-face-one-otsik-nr-3-happekoorimine\/#breadcrumb","itemListElement":[{"@type":"ListItem","position":1,"name":"Home","item":"https:\/\/beautyinstitute.ee\/ru\/"},{"@type":"ListItem","position":2,"name":"E-pood","item":"https:\/\/beautyinstitute.ee\/e-pood\/"},{"@type":"ListItem","position":3,"name":"Hydra Face One\u00ae Otsik Nr 3\/B Happekoorimine"}]},{"@type":"WebSite","@id":"https:\/\/beautyinstitute.ee\/#website","url":"https:\/\/beautyinstitute.ee\/","name":"Beauty Institute","description":"CNC Cosmetic ametlik maaletooja ja edasim\u00fc\u00fcja Eestis, Soomes, L\u00e4tis. Aparaadikosmeetika, koolitused, kosmeetikatooted.","potentialAction":[{"@type":"SearchAction","target":{"@type":"EntryPoint","urlTemplate":"https:\/\/beautyinstitute.ee\/?s={search_term_string}"},"query-input":{"@type":"PropertyValueSpecification","valueRequired":true,"valueName":"search_term_string"}}],"inLanguage":"ru-RU"}]}},"_links":{"self":[{"href":"https:\/\/beautyinstitute.ee\/ru\/wp-json\/wp\/v2\/product\/16986","targetHints":{"allow":["GET"]}}],"collection":[{"href":"https:\/\/beautyinstitute.ee\/ru\/wp-json\/wp\/v2\/product"}],"about":[{"href":"https:\/\/beautyinstitute.ee\/ru\/wp-json\/wp\/v2\/types\/product"}],"wp:attachment":[{"href":"https:\/\/beautyinstitute.ee\/ru\/wp-json\/wp\/v2\/media?parent=16986"}],"wp:term":[{"taxonomy":"product_cat","embeddable":true,"href":"https:\/\/beautyinstitute.ee\/ru\/wp-json\/wp\/v2\/product_cat?post=16986"},{"taxonomy":"product_tag","embeddable":true,"href":"https:\/\/beautyinstitute.ee\/ru\/wp-json\/wp\/v2\/product_tag?post=16986"}],"curies":[{"name":"wp","href":"https:\/\/api.w.org\/{rel}","templated":true}]}}