{"id":17008,"date":"2022-02-02T13:52:19","date_gmt":"2022-02-02T11:52:19","guid":{"rendered":"https:\/\/beautyinstitute.ee\/?post_type=product&#038;p=17008"},"modified":"2026-04-02T14:33:38","modified_gmt":"2026-04-02T11:33:38","slug":"mikrozid-pinnasobralik-puhastuslahus-250ml","status":"publish","type":"product","link":"https:\/\/beautyinstitute.ee\/ru\/toode\/mikrozid-pinnasobralik-puhastuslahus-250ml\/","title":{"rendered":"Mikrozid Pinnas\u00f5bralik Puhastuslahus 250Ml"},"content":{"rendered":"<p>Mikrozid kasutusvalmis alkoholilahus 250ml<\/p>\n<ul>\n<li><span class=\"VIiyi\" lang=\"et\"><span class=\"JLqJ4b ChMk0b\" data-language-for-alternatives=\"et\" data-language-to-translate-into=\"de\" data-phrase-index=\"4\" data-number-of-phrases=\"15\">Pindade ja t\u00f6\u00f6vahendite kiire desinfitseerimine.<\/span><\/span><\/li>\n<li><span class=\"VIiyi\" lang=\"et\"><span class=\"JLqJ4b ChMk0b\" data-language-for-alternatives=\"et\" data-language-to-translate-into=\"de\" data-phrase-index=\"8\" data-number-of-phrases=\"15\">V\u00e4ga laialt efektiivne (bakterid, seened ja viirused).<\/span><\/span><\/li>\n<li><span class=\"VIiyi\" lang=\"et\"><span class=\"JLqJ4b ChMk0b\" data-language-for-alternatives=\"et\" data-language-to-translate-into=\"de\" data-phrase-index=\"10\" data-number-of-phrases=\"15\"> Kiire ja plekivaba kuivamine.<\/span>\u00a0<\/span><\/li>\n<\/ul>\n","protected":false},"excerpt":{"rendered":"<p>Mikrozid kasutusvalmis alkoholilahus 250ml Pindade ja t\u00f6\u00f6vahendite kiire desinfitseerimine. V\u00e4ga laialt efektiivne (bakterid, seened ja viirused). Kiire ja plekivaba kuivamine.\u00a0<\/p>\n","protected":false},"featured_media":17009,"template":"","meta":{"_acf_changed":false},"product_cat":[191,15],"product_tag":[],"class_list":["post-17008","product","type-product","status-publish","has-post-thumbnail","hentry","product_cat-kabineti-tooted","product_cat-muud-tooted"],"acf":[],"yoast_head":"<!-- This site is optimized with the Yoast SEO plugin v25.4 - https:\/\/yoast.com\/wordpress\/plugins\/seo\/ -->\n<title>Mikrozid Pinnas\u00f5bralik Puhastuslahus 250Ml - Beauty Institute<\/title>\n<meta name=\"robots\" content=\"index, follow, max-snippet:-1, max-image-preview:large, max-video-preview:-1\" \/>\n<link rel=\"canonical\" href=\"https:\/\/beautyinstitute.ee\/toode\/mikrozid-pinnasobralik-puhastuslahus-250ml\/\" \/>\n<meta property=\"og:locale\" content=\"ru_RU\" \/>\n<meta property=\"og:type\" content=\"article\" \/>\n<meta property=\"og:title\" content=\"Mikrozid Pinnas\u00f5bralik Puhastuslahus 250Ml - Beauty Institute\" \/>\n<meta property=\"og:description\" content=\"Mikrozid kasutusvalmis alkoholilahus 250ml Pindade ja t\u00f6\u00f6vahendite kiire desinfitseerimine. V\u00e4ga laialt efektiivne (bakterid, seened ja viirused). Kiire ja plekivaba kuivamine.\u00a0\" \/>\n<meta property=\"og:url\" content=\"https:\/\/beautyinstitute.ee\/toode\/mikrozid-pinnasobralik-puhastuslahus-250ml\/\" \/>\n<meta property=\"og:site_name\" content=\"Beauty Institute\" \/>\n<meta property=\"article:modified_time\" content=\"2026-04-02T11:33:38+00:00\" \/>\n<meta property=\"og:image\" content=\"https:\/\/beautyinstitute.ee\/wp-content\/uploads\/2022\/02\/image_444019_1.jpg\" \/>\n\t<meta property=\"og:image:width\" content=\"1500\" \/>\n\t<meta property=\"og:image:height\" content=\"1422\" \/>\n\t<meta property=\"og:image:type\" content=\"image\/jpeg\" \/>\n<meta name=\"twitter:card\" content=\"summary_large_image\" \/>\n<meta name=\"twitter:site\" content=\"@Beauty_Eesti\" \/>\n<script type=\"application\/ld+json\" class=\"yoast-schema-graph\">{\"@context\":\"https:\/\/schema.org\",\"@graph\":[{\"@type\":\"WebPage\",\"@id\":\"https:\/\/beautyinstitute.ee\/toode\/mikrozid-pinnasobralik-puhastuslahus-250ml\/\",\"url\":\"https:\/\/beautyinstitute.ee\/toode\/mikrozid-pinnasobralik-puhastuslahus-250ml\/\",\"name\":\"Mikrozid Pinnas\u00f5bralik Puhastuslahus 250Ml - Beauty Institute\",\"isPartOf\":{\"@id\":\"https:\/\/beautyinstitute.ee\/#website\"},\"primaryImageOfPage\":{\"@id\":\"https:\/\/beautyinstitute.ee\/toode\/mikrozid-pinnasobralik-puhastuslahus-250ml\/#primaryimage\"},\"image\":{\"@id\":\"https:\/\/beautyinstitute.ee\/toode\/mikrozid-pinnasobralik-puhastuslahus-250ml\/#primaryimage\"},\"thumbnailUrl\":\"https:\/\/beautyinstitute.ee\/wp-content\/uploads\/2022\/02\/image_444019_1.jpg\",\"datePublished\":\"2022-02-02T11:52:19+00:00\",\"dateModified\":\"2026-04-02T11:33:38+00:00\",\"breadcrumb\":{\"@id\":\"https:\/\/beautyinstitute.ee\/toode\/mikrozid-pinnasobralik-puhastuslahus-250ml\/#breadcrumb\"},\"inLanguage\":\"ru-RU\",\"potentialAction\":[{\"@type\":\"ReadAction\",\"target\":[\"https:\/\/beautyinstitute.ee\/toode\/mikrozid-pinnasobralik-puhastuslahus-250ml\/\"]}]},{\"@type\":\"ImageObject\",\"inLanguage\":\"ru-RU\",\"@id\":\"https:\/\/beautyinstitute.ee\/toode\/mikrozid-pinnasobralik-puhastuslahus-250ml\/#primaryimage\",\"url\":\"https:\/\/beautyinstitute.ee\/wp-content\/uploads\/2022\/02\/image_444019_1.jpg\",\"contentUrl\":\"https:\/\/beautyinstitute.ee\/wp-content\/uploads\/2022\/02\/image_444019_1.jpg\",\"width\":1500,\"height\":1422,\"caption\":\"image description\"},{\"@type\":\"BreadcrumbList\",\"@id\":\"https:\/\/beautyinstitute.ee\/toode\/mikrozid-pinnasobralik-puhastuslahus-250ml\/#breadcrumb\",\"itemListElement\":[{\"@type\":\"ListItem\",\"position\":1,\"name\":\"Home\",\"item\":\"https:\/\/beautyinstitute.ee\/ru\/\"},{\"@type\":\"ListItem\",\"position\":2,\"name\":\"E-pood\",\"item\":\"https:\/\/beautyinstitute.ee\/e-pood\/\"},{\"@type\":\"ListItem\",\"position\":3,\"name\":\"Mikrozid Pinnas\u00f5bralik Puhastuslahus 250Ml\"}]},{\"@type\":\"WebSite\",\"@id\":\"https:\/\/beautyinstitute.ee\/#website\",\"url\":\"https:\/\/beautyinstitute.ee\/\",\"name\":\"Beauty Institute\",\"description\":\"CNC Cosmetic ametlik maaletooja ja edasim\u00fc\u00fcja Eestis, Soomes, L\u00e4tis. Aparaadikosmeetika, koolitused, kosmeetikatooted.\",\"potentialAction\":[{\"@type\":\"SearchAction\",\"target\":{\"@type\":\"EntryPoint\",\"urlTemplate\":\"https:\/\/beautyinstitute.ee\/?s={search_term_string}\"},\"query-input\":{\"@type\":\"PropertyValueSpecification\",\"valueRequired\":true,\"valueName\":\"search_term_string\"}}],\"inLanguage\":\"ru-RU\"}]}<\/script>\n<!-- \/ Yoast SEO plugin. -->","yoast_head_json":{"title":"Mikrozid Pinnas\u00f5bralik Puhastuslahus 250Ml - Beauty Institute","robots":{"index":"index","follow":"follow","max-snippet":"max-snippet:-1","max-image-preview":"max-image-preview:large","max-video-preview":"max-video-preview:-1"},"canonical":"https:\/\/beautyinstitute.ee\/toode\/mikrozid-pinnasobralik-puhastuslahus-250ml\/","og_locale":"ru_RU","og_type":"article","og_title":"Mikrozid Pinnas\u00f5bralik Puhastuslahus 250Ml - Beauty Institute","og_description":"Mikrozid kasutusvalmis alkoholilahus 250ml Pindade ja t\u00f6\u00f6vahendite kiire desinfitseerimine. V\u00e4ga laialt efektiivne (bakterid, seened ja viirused). Kiire ja plekivaba kuivamine.\u00a0","og_url":"https:\/\/beautyinstitute.ee\/toode\/mikrozid-pinnasobralik-puhastuslahus-250ml\/","og_site_name":"Beauty Institute","article_modified_time":"2026-04-02T11:33:38+00:00","og_image":[{"width":1500,"height":1422,"url":"https:\/\/beautyinstitute.ee\/wp-content\/uploads\/2022\/02\/image_444019_1.jpg","type":"image\/jpeg"}],"twitter_card":"summary_large_image","twitter_site":"@Beauty_Eesti","schema":{"@context":"https:\/\/schema.org","@graph":[{"@type":"WebPage","@id":"https:\/\/beautyinstitute.ee\/toode\/mikrozid-pinnasobralik-puhastuslahus-250ml\/","url":"https:\/\/beautyinstitute.ee\/toode\/mikrozid-pinnasobralik-puhastuslahus-250ml\/","name":"Mikrozid Pinnas\u00f5bralik Puhastuslahus 250Ml - Beauty Institute","isPartOf":{"@id":"https:\/\/beautyinstitute.ee\/#website"},"primaryImageOfPage":{"@id":"https:\/\/beautyinstitute.ee\/toode\/mikrozid-pinnasobralik-puhastuslahus-250ml\/#primaryimage"},"image":{"@id":"https:\/\/beautyinstitute.ee\/toode\/mikrozid-pinnasobralik-puhastuslahus-250ml\/#primaryimage"},"thumbnailUrl":"https:\/\/beautyinstitute.ee\/wp-content\/uploads\/2022\/02\/image_444019_1.jpg","datePublished":"2022-02-02T11:52:19+00:00","dateModified":"2026-04-02T11:33:38+00:00","breadcrumb":{"@id":"https:\/\/beautyinstitute.ee\/toode\/mikrozid-pinnasobralik-puhastuslahus-250ml\/#breadcrumb"},"inLanguage":"ru-RU","potentialAction":[{"@type":"ReadAction","target":["https:\/\/beautyinstitute.ee\/toode\/mikrozid-pinnasobralik-puhastuslahus-250ml\/"]}]},{"@type":"ImageObject","inLanguage":"ru-RU","@id":"https:\/\/beautyinstitute.ee\/toode\/mikrozid-pinnasobralik-puhastuslahus-250ml\/#primaryimage","url":"https:\/\/beautyinstitute.ee\/wp-content\/uploads\/2022\/02\/image_444019_1.jpg","contentUrl":"https:\/\/beautyinstitute.ee\/wp-content\/uploads\/2022\/02\/image_444019_1.jpg","width":1500,"height":1422,"caption":"image description"},{"@type":"BreadcrumbList","@id":"https:\/\/beautyinstitute.ee\/toode\/mikrozid-pinnasobralik-puhastuslahus-250ml\/#breadcrumb","itemListElement":[{"@type":"ListItem","position":1,"name":"Home","item":"https:\/\/beautyinstitute.ee\/ru\/"},{"@type":"ListItem","position":2,"name":"E-pood","item":"https:\/\/beautyinstitute.ee\/e-pood\/"},{"@type":"ListItem","position":3,"name":"Mikrozid Pinnas\u00f5bralik Puhastuslahus 250Ml"}]},{"@type":"WebSite","@id":"https:\/\/beautyinstitute.ee\/#website","url":"https:\/\/beautyinstitute.ee\/","name":"Beauty Institute","description":"CNC Cosmetic ametlik maaletooja ja edasim\u00fc\u00fcja Eestis, Soomes, L\u00e4tis. Aparaadikosmeetika, koolitused, kosmeetikatooted.","potentialAction":[{"@type":"SearchAction","target":{"@type":"EntryPoint","urlTemplate":"https:\/\/beautyinstitute.ee\/?s={search_term_string}"},"query-input":{"@type":"PropertyValueSpecification","valueRequired":true,"valueName":"search_term_string"}}],"inLanguage":"ru-RU"}]}},"_links":{"self":[{"href":"https:\/\/beautyinstitute.ee\/ru\/wp-json\/wp\/v2\/product\/17008","targetHints":{"allow":["GET"]}}],"collection":[{"href":"https:\/\/beautyinstitute.ee\/ru\/wp-json\/wp\/v2\/product"}],"about":[{"href":"https:\/\/beautyinstitute.ee\/ru\/wp-json\/wp\/v2\/types\/product"}],"wp:featuredmedia":[{"embeddable":true,"href":"https:\/\/beautyinstitute.ee\/ru\/wp-json\/wp\/v2\/media\/17009"}],"wp:attachment":[{"href":"https:\/\/beautyinstitute.ee\/ru\/wp-json\/wp\/v2\/media?parent=17008"}],"wp:term":[{"taxonomy":"product_cat","embeddable":true,"href":"https:\/\/beautyinstitute.ee\/ru\/wp-json\/wp\/v2\/product_cat?post=17008"},{"taxonomy":"product_tag","embeddable":true,"href":"https:\/\/beautyinstitute.ee\/ru\/wp-json\/wp\/v2\/product_tag?post=17008"}],"curies":[{"name":"wp","href":"https:\/\/api.w.org\/{rel}","templated":true}]}}