{"id":17204,"date":"2022-02-28T16:28:05","date_gmt":"2022-02-28T14:28:05","guid":{"rendered":"https:\/\/beautyinstitute.ee\/?post_type=product&#038;p=17204"},"modified":"2026-04-28T17:42:56","modified_gmt":"2026-04-28T14:42:56","slug":"pre-peeling-ahabha","status":"publish","type":"product","link":"https:\/\/beautyinstitute.ee\/ru\/toode\/pre-peeling-ahabha\/","title":{"rendered":"Pre-Peeling"},"content":{"rendered":"<p>CNC happekoorimise eelne pre-peeling (koduseks ja professionaalseks kasutamiseks).<\/p>\n<p>Eemaldab liigse rasu, surnud naharakud ja on antibakteriaalse toimega.<\/p>\n<p id=\"tw-target-text\" class=\"tw-data-text tw-text-large tw-ta\" dir=\"ltr\" data-placeholder=\"T\u00f5lge\"><span class=\"Y2IQFc\" lang=\"et\">EELISED &#8211; on poore puhastava toimega , optimaalne ettevalmistus CNC-professionaalseks happekoorimiseks, ennetab naha ummistusi, komedoone jne, tagab \u00fchtlase ja klaari jume.<\/span><\/p>\n<pre id=\"tw-target-text\" class=\"tw-data-text tw-text-large tw-ta\" dir=\"ltr\" data-placeholder=\"T\u00f5lge\"><\/pre>\n<p>Sobilik: K\u00f5ik nahat\u00fc\u00fcbid<\/p>\n<p>Peamised koostisosad: <span class=\"Y2IQFc\" lang=\"et\">Niatsiinamiidid, gl\u00fckoolhape, salits\u00fc\u00fclhape,\u00a0<\/span><\/p>\n<p>Kasutamine: Kandke SkinSolution AHA&amp;BHA vatipadjakestega \u00fchtlaselt, puhastatud nahale (eelistatavalt \u00f5htuti). \u00a0\u00c4rge loputage veega ja j\u00e4tkake tavap\u00e4rase hooldusega.<\/p>\n<pre id=\"tw-target-text\" class=\"tw-data-text tw-text-large tw-ta\" dir=\"ltr\" data-placeholder=\"T\u00f5lge\"><\/pre>\n","protected":false},"excerpt":{"rendered":"<p>CNC happekoorimise eelne pre-peeling (koduseks ja professionaalseks kasutamiseks). Eemaldab liigse rasu, surnud naharakud ja on antibakteriaalse toimega. EELISED &#8211; on poore puhastava toimega , optimaalne ettevalmistus CNC-professionaalseks happekoorimiseks, ennetab naha ummistusi, komedoone jne, tagab \u00fchtlase ja klaari jume. Sobilik: K\u00f5ik nahat\u00fc\u00fcbid Peamised koostisosad: Niatsiinamiidid, gl\u00fckoolhape, salits\u00fc\u00fclhape,\u00a0 Kasutamine: Kandke SkinSolution AHA&amp;BHA vatipadjakestega \u00fchtlaselt, puhastatud nahale (eelistatavalt [&hellip;]<\/p>\n","protected":false},"featured_media":17205,"template":"","meta":{"_acf_changed":false},"product_cat":[124],"product_tag":[],"class_list":["post-17204","product","type-product","status-publish","has-post-thumbnail","hentry","product_cat-puuviljahapped-tooted-puuviljahapetega"],"acf":[],"yoast_head":"<!-- This site is optimized with the Yoast SEO plugin v25.4 - https:\/\/yoast.com\/wordpress\/plugins\/seo\/ -->\n<title>Pre-Peeling - Beauty Institute<\/title>\n<meta name=\"robots\" content=\"index, follow, max-snippet:-1, max-image-preview:large, max-video-preview:-1\" \/>\n<link rel=\"canonical\" href=\"https:\/\/beautyinstitute.ee\/toode\/pre-peeling-ahabha\/\" \/>\n<meta property=\"og:locale\" content=\"ru_RU\" \/>\n<meta property=\"og:type\" content=\"article\" \/>\n<meta property=\"og:title\" content=\"Pre-Peeling - Beauty Institute\" \/>\n<meta property=\"og:description\" content=\"CNC happekoorimise eelne pre-peeling (koduseks ja professionaalseks kasutamiseks). Eemaldab liigse rasu, surnud naharakud ja on antibakteriaalse toimega. EELISED &#8211; on poore puhastava toimega , optimaalne ettevalmistus CNC-professionaalseks happekoorimiseks, ennetab naha ummistusi, komedoone jne, tagab \u00fchtlase ja klaari jume. Sobilik: K\u00f5ik nahat\u00fc\u00fcbid Peamised koostisosad: Niatsiinamiidid, gl\u00fckoolhape, salits\u00fc\u00fclhape,\u00a0 Kasutamine: Kandke SkinSolution AHA&amp;BHA vatipadjakestega \u00fchtlaselt, puhastatud nahale (eelistatavalt [&hellip;]\" \/>\n<meta property=\"og:url\" content=\"https:\/\/beautyinstitute.ee\/toode\/pre-peeling-ahabha\/\" \/>\n<meta property=\"og:site_name\" content=\"Beauty Institute\" \/>\n<meta property=\"article:modified_time\" content=\"2026-04-28T14:42:56+00:00\" \/>\n<meta property=\"og:image\" content=\"https:\/\/beautyinstitute.ee\/wp-content\/uploads\/2022\/02\/pre-peeling-pilt-scaled.jpeg\" \/>\n\t<meta property=\"og:image:width\" content=\"1860\" \/>\n\t<meta property=\"og:image:height\" content=\"2560\" \/>\n\t<meta property=\"og:image:type\" content=\"image\/jpeg\" \/>\n<meta name=\"twitter:card\" content=\"summary_large_image\" \/>\n<meta name=\"twitter:site\" content=\"@Beauty_Eesti\" \/>\n<meta name=\"twitter:label1\" content=\"\u041f\u0440\u0438\u043c\u0435\u0440\u043d\u043e\u0435 \u0432\u0440\u0435\u043c\u044f \u0434\u043b\u044f \u0447\u0442\u0435\u043d\u0438\u044f\" \/>\n\t<meta name=\"twitter:data1\" content=\"1 \u043c\u0438\u043d\u0443\u0442\u0430\" \/>\n<script type=\"application\/ld+json\" class=\"yoast-schema-graph\">{\"@context\":\"https:\/\/schema.org\",\"@graph\":[{\"@type\":\"WebPage\",\"@id\":\"https:\/\/beautyinstitute.ee\/toode\/pre-peeling-ahabha\/\",\"url\":\"https:\/\/beautyinstitute.ee\/toode\/pre-peeling-ahabha\/\",\"name\":\"Pre-Peeling - Beauty Institute\",\"isPartOf\":{\"@id\":\"https:\/\/beautyinstitute.ee\/#website\"},\"primaryImageOfPage\":{\"@id\":\"https:\/\/beautyinstitute.ee\/toode\/pre-peeling-ahabha\/#primaryimage\"},\"image\":{\"@id\":\"https:\/\/beautyinstitute.ee\/toode\/pre-peeling-ahabha\/#primaryimage\"},\"thumbnailUrl\":\"https:\/\/beautyinstitute.ee\/wp-content\/uploads\/2022\/02\/pre-peeling-pilt-scaled.jpeg\",\"datePublished\":\"2022-02-28T14:28:05+00:00\",\"dateModified\":\"2026-04-28T14:42:56+00:00\",\"breadcrumb\":{\"@id\":\"https:\/\/beautyinstitute.ee\/toode\/pre-peeling-ahabha\/#breadcrumb\"},\"inLanguage\":\"ru-RU\",\"potentialAction\":[{\"@type\":\"ReadAction\",\"target\":[\"https:\/\/beautyinstitute.ee\/toode\/pre-peeling-ahabha\/\"]}]},{\"@type\":\"ImageObject\",\"inLanguage\":\"ru-RU\",\"@id\":\"https:\/\/beautyinstitute.ee\/toode\/pre-peeling-ahabha\/#primaryimage\",\"url\":\"https:\/\/beautyinstitute.ee\/wp-content\/uploads\/2022\/02\/pre-peeling-pilt-scaled.jpeg\",\"contentUrl\":\"https:\/\/beautyinstitute.ee\/wp-content\/uploads\/2022\/02\/pre-peeling-pilt-scaled.jpeg\",\"width\":1860,\"height\":2560},{\"@type\":\"BreadcrumbList\",\"@id\":\"https:\/\/beautyinstitute.ee\/toode\/pre-peeling-ahabha\/#breadcrumb\",\"itemListElement\":[{\"@type\":\"ListItem\",\"position\":1,\"name\":\"Home\",\"item\":\"https:\/\/beautyinstitute.ee\/ru\/\"},{\"@type\":\"ListItem\",\"position\":2,\"name\":\"E-pood\",\"item\":\"https:\/\/beautyinstitute.ee\/e-pood\/\"},{\"@type\":\"ListItem\",\"position\":3,\"name\":\"Pre-Peeling\"}]},{\"@type\":\"WebSite\",\"@id\":\"https:\/\/beautyinstitute.ee\/#website\",\"url\":\"https:\/\/beautyinstitute.ee\/\",\"name\":\"Beauty Institute\",\"description\":\"CNC Cosmetic ametlik maaletooja ja edasim\u00fc\u00fcja Eestis, Soomes, L\u00e4tis. Aparaadikosmeetika, koolitused, kosmeetikatooted.\",\"potentialAction\":[{\"@type\":\"SearchAction\",\"target\":{\"@type\":\"EntryPoint\",\"urlTemplate\":\"https:\/\/beautyinstitute.ee\/?s={search_term_string}\"},\"query-input\":{\"@type\":\"PropertyValueSpecification\",\"valueRequired\":true,\"valueName\":\"search_term_string\"}}],\"inLanguage\":\"ru-RU\"}]}<\/script>\n<!-- \/ Yoast SEO plugin. -->","yoast_head_json":{"title":"Pre-Peeling - Beauty Institute","robots":{"index":"index","follow":"follow","max-snippet":"max-snippet:-1","max-image-preview":"max-image-preview:large","max-video-preview":"max-video-preview:-1"},"canonical":"https:\/\/beautyinstitute.ee\/toode\/pre-peeling-ahabha\/","og_locale":"ru_RU","og_type":"article","og_title":"Pre-Peeling - Beauty Institute","og_description":"CNC happekoorimise eelne pre-peeling (koduseks ja professionaalseks kasutamiseks). Eemaldab liigse rasu, surnud naharakud ja on antibakteriaalse toimega. EELISED &#8211; on poore puhastava toimega , optimaalne ettevalmistus CNC-professionaalseks happekoorimiseks, ennetab naha ummistusi, komedoone jne, tagab \u00fchtlase ja klaari jume. Sobilik: K\u00f5ik nahat\u00fc\u00fcbid Peamised koostisosad: Niatsiinamiidid, gl\u00fckoolhape, salits\u00fc\u00fclhape,\u00a0 Kasutamine: Kandke SkinSolution AHA&amp;BHA vatipadjakestega \u00fchtlaselt, puhastatud nahale (eelistatavalt [&hellip;]","og_url":"https:\/\/beautyinstitute.ee\/toode\/pre-peeling-ahabha\/","og_site_name":"Beauty Institute","article_modified_time":"2026-04-28T14:42:56+00:00","og_image":[{"width":1860,"height":2560,"url":"https:\/\/beautyinstitute.ee\/wp-content\/uploads\/2022\/02\/pre-peeling-pilt-scaled.jpeg","type":"image\/jpeg"}],"twitter_card":"summary_large_image","twitter_site":"@Beauty_Eesti","twitter_misc":{"\u041f\u0440\u0438\u043c\u0435\u0440\u043d\u043e\u0435 \u0432\u0440\u0435\u043c\u044f \u0434\u043b\u044f \u0447\u0442\u0435\u043d\u0438\u044f":"1 \u043c\u0438\u043d\u0443\u0442\u0430"},"schema":{"@context":"https:\/\/schema.org","@graph":[{"@type":"WebPage","@id":"https:\/\/beautyinstitute.ee\/toode\/pre-peeling-ahabha\/","url":"https:\/\/beautyinstitute.ee\/toode\/pre-peeling-ahabha\/","name":"Pre-Peeling - Beauty Institute","isPartOf":{"@id":"https:\/\/beautyinstitute.ee\/#website"},"primaryImageOfPage":{"@id":"https:\/\/beautyinstitute.ee\/toode\/pre-peeling-ahabha\/#primaryimage"},"image":{"@id":"https:\/\/beautyinstitute.ee\/toode\/pre-peeling-ahabha\/#primaryimage"},"thumbnailUrl":"https:\/\/beautyinstitute.ee\/wp-content\/uploads\/2022\/02\/pre-peeling-pilt-scaled.jpeg","datePublished":"2022-02-28T14:28:05+00:00","dateModified":"2026-04-28T14:42:56+00:00","breadcrumb":{"@id":"https:\/\/beautyinstitute.ee\/toode\/pre-peeling-ahabha\/#breadcrumb"},"inLanguage":"ru-RU","potentialAction":[{"@type":"ReadAction","target":["https:\/\/beautyinstitute.ee\/toode\/pre-peeling-ahabha\/"]}]},{"@type":"ImageObject","inLanguage":"ru-RU","@id":"https:\/\/beautyinstitute.ee\/toode\/pre-peeling-ahabha\/#primaryimage","url":"https:\/\/beautyinstitute.ee\/wp-content\/uploads\/2022\/02\/pre-peeling-pilt-scaled.jpeg","contentUrl":"https:\/\/beautyinstitute.ee\/wp-content\/uploads\/2022\/02\/pre-peeling-pilt-scaled.jpeg","width":1860,"height":2560},{"@type":"BreadcrumbList","@id":"https:\/\/beautyinstitute.ee\/toode\/pre-peeling-ahabha\/#breadcrumb","itemListElement":[{"@type":"ListItem","position":1,"name":"Home","item":"https:\/\/beautyinstitute.ee\/ru\/"},{"@type":"ListItem","position":2,"name":"E-pood","item":"https:\/\/beautyinstitute.ee\/e-pood\/"},{"@type":"ListItem","position":3,"name":"Pre-Peeling"}]},{"@type":"WebSite","@id":"https:\/\/beautyinstitute.ee\/#website","url":"https:\/\/beautyinstitute.ee\/","name":"Beauty Institute","description":"CNC Cosmetic ametlik maaletooja ja edasim\u00fc\u00fcja Eestis, Soomes, L\u00e4tis. Aparaadikosmeetika, koolitused, kosmeetikatooted.","potentialAction":[{"@type":"SearchAction","target":{"@type":"EntryPoint","urlTemplate":"https:\/\/beautyinstitute.ee\/?s={search_term_string}"},"query-input":{"@type":"PropertyValueSpecification","valueRequired":true,"valueName":"search_term_string"}}],"inLanguage":"ru-RU"}]}},"_links":{"self":[{"href":"https:\/\/beautyinstitute.ee\/ru\/wp-json\/wp\/v2\/product\/17204","targetHints":{"allow":["GET"]}}],"collection":[{"href":"https:\/\/beautyinstitute.ee\/ru\/wp-json\/wp\/v2\/product"}],"about":[{"href":"https:\/\/beautyinstitute.ee\/ru\/wp-json\/wp\/v2\/types\/product"}],"wp:featuredmedia":[{"embeddable":true,"href":"https:\/\/beautyinstitute.ee\/ru\/wp-json\/wp\/v2\/media\/17205"}],"wp:attachment":[{"href":"https:\/\/beautyinstitute.ee\/ru\/wp-json\/wp\/v2\/media?parent=17204"}],"wp:term":[{"taxonomy":"product_cat","embeddable":true,"href":"https:\/\/beautyinstitute.ee\/ru\/wp-json\/wp\/v2\/product_cat?post=17204"},{"taxonomy":"product_tag","embeddable":true,"href":"https:\/\/beautyinstitute.ee\/ru\/wp-json\/wp\/v2\/product_tag?post=17204"}],"curies":[{"name":"wp","href":"https:\/\/api.w.org\/{rel}","templated":true}]}}