{"id":17217,"date":"2022-02-28T22:37:05","date_gmt":"2022-02-28T20:37:05","guid":{"rendered":"https:\/\/beautyinstitute.ee\/?post_type=product&#038;p=17217"},"modified":"2026-04-27T11:33:03","modified_gmt":"2026-04-27T08:33:03","slug":"bio-cellulose-mask","status":"publish","type":"product","link":"https:\/\/beautyinstitute.ee\/ru\/toode\/bio-cellulose-mask\/","title":{"rendered":"Bio-Cellulose Mask"},"content":{"rendered":"<p dir=\"ltr\" data-placeholder=\"T\u00f5lge\"><strong>1 pakk sisaldab 20 maski.<\/strong><\/p>\n<p id=\"tw-target-text\" class=\"tw-data-text tw-text-large tw-ta\" dir=\"ltr\" data-placeholder=\"T\u00f5lge\"><span class=\"Y2IQFc\" lang=\"et\">Biolagunev biotselluloosmask h\u00fcaluroonhappe, adenosiini, vitamiinide ja v\u00e4\u00e4rtuslike taimsete ekstraktidega nagu aloe vera ja avokaado ekstrakt on stressis naha t\u00f5eline v\u00e4rskuse allikas.<\/span><\/p>\n<p id=\"tw-target-text\" class=\"tw-data-text tw-text-large tw-ta\" dir=\"ltr\" data-placeholder=\"T\u00f5lge\"><span class=\"Y2IQFc\" lang=\"et\">Mask on barj\u00e4\u00e4ri tugevdava, rahustava toimega, ennetab kortsude teket ning tagab \u00fchtlase, s\u00e4rava ja vitaalse jume.<\/span><\/p>\n<p id=\"tw-target-text\" class=\"tw-data-text tw-text-large tw-ta\" dir=\"ltr\" data-placeholder=\"T\u00f5lge\"><span class=\"Y2IQFc\" lang=\"et\">SOBILIK k\u00f5ik nahat\u00fc\u00fcbid <\/span><\/p>\n<p class=\"tw-data-text tw-text-large tw-ta\" dir=\"ltr\" data-placeholder=\"T\u00f5lge\"><span class=\"Y2IQFc\" lang=\"et\">EELISED &#8211; v\u00e4rske ja elav nahk &#8211; eksimatu s\u00e4raga<\/span><\/p>\n<p id=\"tw-target-text\" class=\"tw-data-text tw-text-large tw-ta\" dir=\"ltr\" data-placeholder=\"T\u00f5lge\"><span class=\"Y2IQFc\" lang=\"et\">PEAMISED KOOSTISOSAD H\u00fcaluroonhape, adenosiin, vitamiinid ja v\u00e4\u00e4rtuslikud taimeekstraktid nagu aloe vera ja avokaado ekstrakt<\/span><\/p>\n<p id=\"tw-target-text\" class=\"tw-data-text tw-text-large tw-ta\" dir=\"ltr\" data-placeholder=\"T\u00f5lge\"><span class=\"Y2IQFc\" lang=\"et\">KASUTADA Kandke puhastatud nahale ja eemaldage 15-20 minuti p\u00e4rast. Vajutage toimeaine seerumi j\u00e4\u00e4gid \u00f5rnalt nahka, kuni see on t\u00e4ielikult imendunud. Seej\u00e4rel rakendage tavalist hooldust.<\/span><\/p>\n<p dir=\"ltr\" data-placeholder=\"T\u00f5lge\"><strong>Vaata tooteinfo lehte <a href=\"https:\/\/beautyinstitute.ee\/wp-content\/uploads\/2022\/03\/cellulose-mask-tekst.pdf\" target=\"_blank\" rel=\"noopener\">siit<\/a><\/strong><\/p>\n","protected":false},"excerpt":{"rendered":"<p>1 pakk sisaldab 20 maski. Biolagunev biotselluloosmask h\u00fcaluroonhappe, adenosiini, vitamiinide ja v\u00e4\u00e4rtuslike taimsete ekstraktidega nagu aloe vera ja avokaado ekstrakt on stressis naha t\u00f5eline v\u00e4rskuse allikas. Mask on barj\u00e4\u00e4ri tugevdava, rahustava toimega, ennetab kortsude teket ning tagab \u00fchtlase, s\u00e4rava ja vitaalse jume. SOBILIK k\u00f5ik nahat\u00fc\u00fcbid EELISED &#8211; v\u00e4rske ja elav nahk &#8211; eksimatu s\u00e4raga PEAMISED [&hellip;]<\/p>\n","protected":false},"featured_media":17220,"template":"","meta":{"_acf_changed":false},"product_cat":[284,248],"product_tag":[],"class_list":["post-17217","product","type-product","status-publish","has-post-thumbnail","hentry","product_cat-lehtmaskid","product_cat-maskid-2"],"acf":[],"yoast_head":"<!-- This site is optimized with the Yoast SEO plugin v25.4 - https:\/\/yoast.com\/wordpress\/plugins\/seo\/ -->\n<title>Bio-Cellulose Mask - Beauty Institute<\/title>\n<meta name=\"robots\" content=\"index, follow, max-snippet:-1, max-image-preview:large, max-video-preview:-1\" \/>\n<link rel=\"canonical\" href=\"https:\/\/beautyinstitute.ee\/toode\/bio-cellulose-mask\/\" \/>\n<meta property=\"og:locale\" content=\"ru_RU\" \/>\n<meta property=\"og:type\" content=\"article\" \/>\n<meta property=\"og:title\" content=\"Bio-Cellulose Mask - Beauty Institute\" \/>\n<meta property=\"og:description\" content=\"1 pakk sisaldab 20 maski. Biolagunev biotselluloosmask h\u00fcaluroonhappe, adenosiini, vitamiinide ja v\u00e4\u00e4rtuslike taimsete ekstraktidega nagu aloe vera ja avokaado ekstrakt on stressis naha t\u00f5eline v\u00e4rskuse allikas. Mask on barj\u00e4\u00e4ri tugevdava, rahustava toimega, ennetab kortsude teket ning tagab \u00fchtlase, s\u00e4rava ja vitaalse jume. SOBILIK k\u00f5ik nahat\u00fc\u00fcbid EELISED &#8211; v\u00e4rske ja elav nahk &#8211; eksimatu s\u00e4raga PEAMISED [&hellip;]\" \/>\n<meta property=\"og:url\" content=\"https:\/\/beautyinstitute.ee\/toode\/bio-cellulose-mask\/\" \/>\n<meta property=\"og:site_name\" content=\"Beauty Institute\" \/>\n<meta property=\"article:modified_time\" content=\"2026-04-27T08:33:03+00:00\" \/>\n<meta property=\"og:image\" content=\"https:\/\/beautyinstitute.ee\/wp-content\/uploads\/2022\/02\/Bio-Cellulose-Mask.jpg\" \/>\n\t<meta property=\"og:image:width\" content=\"1654\" \/>\n\t<meta property=\"og:image:height\" content=\"1654\" \/>\n\t<meta property=\"og:image:type\" content=\"image\/jpeg\" \/>\n<meta name=\"twitter:card\" content=\"summary_large_image\" \/>\n<meta name=\"twitter:site\" content=\"@Beauty_Eesti\" \/>\n<meta name=\"twitter:label1\" content=\"\u041f\u0440\u0438\u043c\u0435\u0440\u043d\u043e\u0435 \u0432\u0440\u0435\u043c\u044f \u0434\u043b\u044f \u0447\u0442\u0435\u043d\u0438\u044f\" \/>\n\t<meta name=\"twitter:data1\" content=\"1 \u043c\u0438\u043d\u0443\u0442\u0430\" \/>\n<script type=\"application\/ld+json\" class=\"yoast-schema-graph\">{\"@context\":\"https:\/\/schema.org\",\"@graph\":[{\"@type\":\"WebPage\",\"@id\":\"https:\/\/beautyinstitute.ee\/toode\/bio-cellulose-mask\/\",\"url\":\"https:\/\/beautyinstitute.ee\/toode\/bio-cellulose-mask\/\",\"name\":\"Bio-Cellulose Mask - Beauty Institute\",\"isPartOf\":{\"@id\":\"https:\/\/beautyinstitute.ee\/#website\"},\"primaryImageOfPage\":{\"@id\":\"https:\/\/beautyinstitute.ee\/toode\/bio-cellulose-mask\/#primaryimage\"},\"image\":{\"@id\":\"https:\/\/beautyinstitute.ee\/toode\/bio-cellulose-mask\/#primaryimage\"},\"thumbnailUrl\":\"https:\/\/beautyinstitute.ee\/wp-content\/uploads\/2022\/02\/Bio-Cellulose-Mask.jpg\",\"datePublished\":\"2022-02-28T20:37:05+00:00\",\"dateModified\":\"2026-04-27T08:33:03+00:00\",\"breadcrumb\":{\"@id\":\"https:\/\/beautyinstitute.ee\/toode\/bio-cellulose-mask\/#breadcrumb\"},\"inLanguage\":\"ru-RU\",\"potentialAction\":[{\"@type\":\"ReadAction\",\"target\":[\"https:\/\/beautyinstitute.ee\/toode\/bio-cellulose-mask\/\"]}]},{\"@type\":\"ImageObject\",\"inLanguage\":\"ru-RU\",\"@id\":\"https:\/\/beautyinstitute.ee\/toode\/bio-cellulose-mask\/#primaryimage\",\"url\":\"https:\/\/beautyinstitute.ee\/wp-content\/uploads\/2022\/02\/Bio-Cellulose-Mask.jpg\",\"contentUrl\":\"https:\/\/beautyinstitute.ee\/wp-content\/uploads\/2022\/02\/Bio-Cellulose-Mask.jpg\",\"width\":1654,\"height\":1654},{\"@type\":\"BreadcrumbList\",\"@id\":\"https:\/\/beautyinstitute.ee\/toode\/bio-cellulose-mask\/#breadcrumb\",\"itemListElement\":[{\"@type\":\"ListItem\",\"position\":1,\"name\":\"Home\",\"item\":\"https:\/\/beautyinstitute.ee\/ru\/\"},{\"@type\":\"ListItem\",\"position\":2,\"name\":\"E-pood\",\"item\":\"https:\/\/beautyinstitute.ee\/e-pood\/\"},{\"@type\":\"ListItem\",\"position\":3,\"name\":\"Bio-Cellulose Mask\"}]},{\"@type\":\"WebSite\",\"@id\":\"https:\/\/beautyinstitute.ee\/#website\",\"url\":\"https:\/\/beautyinstitute.ee\/\",\"name\":\"Beauty Institute\",\"description\":\"CNC Cosmetic ametlik maaletooja ja edasim\u00fc\u00fcja Eestis, Soomes, L\u00e4tis. Aparaadikosmeetika, koolitused, kosmeetikatooted.\",\"potentialAction\":[{\"@type\":\"SearchAction\",\"target\":{\"@type\":\"EntryPoint\",\"urlTemplate\":\"https:\/\/beautyinstitute.ee\/?s={search_term_string}\"},\"query-input\":{\"@type\":\"PropertyValueSpecification\",\"valueRequired\":true,\"valueName\":\"search_term_string\"}}],\"inLanguage\":\"ru-RU\"}]}<\/script>\n<!-- \/ Yoast SEO plugin. -->","yoast_head_json":{"title":"Bio-Cellulose Mask - Beauty Institute","robots":{"index":"index","follow":"follow","max-snippet":"max-snippet:-1","max-image-preview":"max-image-preview:large","max-video-preview":"max-video-preview:-1"},"canonical":"https:\/\/beautyinstitute.ee\/toode\/bio-cellulose-mask\/","og_locale":"ru_RU","og_type":"article","og_title":"Bio-Cellulose Mask - Beauty Institute","og_description":"1 pakk sisaldab 20 maski. Biolagunev biotselluloosmask h\u00fcaluroonhappe, adenosiini, vitamiinide ja v\u00e4\u00e4rtuslike taimsete ekstraktidega nagu aloe vera ja avokaado ekstrakt on stressis naha t\u00f5eline v\u00e4rskuse allikas. Mask on barj\u00e4\u00e4ri tugevdava, rahustava toimega, ennetab kortsude teket ning tagab \u00fchtlase, s\u00e4rava ja vitaalse jume. SOBILIK k\u00f5ik nahat\u00fc\u00fcbid EELISED &#8211; v\u00e4rske ja elav nahk &#8211; eksimatu s\u00e4raga PEAMISED [&hellip;]","og_url":"https:\/\/beautyinstitute.ee\/toode\/bio-cellulose-mask\/","og_site_name":"Beauty Institute","article_modified_time":"2026-04-27T08:33:03+00:00","og_image":[{"width":1654,"height":1654,"url":"https:\/\/beautyinstitute.ee\/wp-content\/uploads\/2022\/02\/Bio-Cellulose-Mask.jpg","type":"image\/jpeg"}],"twitter_card":"summary_large_image","twitter_site":"@Beauty_Eesti","twitter_misc":{"\u041f\u0440\u0438\u043c\u0435\u0440\u043d\u043e\u0435 \u0432\u0440\u0435\u043c\u044f \u0434\u043b\u044f \u0447\u0442\u0435\u043d\u0438\u044f":"1 \u043c\u0438\u043d\u0443\u0442\u0430"},"schema":{"@context":"https:\/\/schema.org","@graph":[{"@type":"WebPage","@id":"https:\/\/beautyinstitute.ee\/toode\/bio-cellulose-mask\/","url":"https:\/\/beautyinstitute.ee\/toode\/bio-cellulose-mask\/","name":"Bio-Cellulose Mask - Beauty Institute","isPartOf":{"@id":"https:\/\/beautyinstitute.ee\/#website"},"primaryImageOfPage":{"@id":"https:\/\/beautyinstitute.ee\/toode\/bio-cellulose-mask\/#primaryimage"},"image":{"@id":"https:\/\/beautyinstitute.ee\/toode\/bio-cellulose-mask\/#primaryimage"},"thumbnailUrl":"https:\/\/beautyinstitute.ee\/wp-content\/uploads\/2022\/02\/Bio-Cellulose-Mask.jpg","datePublished":"2022-02-28T20:37:05+00:00","dateModified":"2026-04-27T08:33:03+00:00","breadcrumb":{"@id":"https:\/\/beautyinstitute.ee\/toode\/bio-cellulose-mask\/#breadcrumb"},"inLanguage":"ru-RU","potentialAction":[{"@type":"ReadAction","target":["https:\/\/beautyinstitute.ee\/toode\/bio-cellulose-mask\/"]}]},{"@type":"ImageObject","inLanguage":"ru-RU","@id":"https:\/\/beautyinstitute.ee\/toode\/bio-cellulose-mask\/#primaryimage","url":"https:\/\/beautyinstitute.ee\/wp-content\/uploads\/2022\/02\/Bio-Cellulose-Mask.jpg","contentUrl":"https:\/\/beautyinstitute.ee\/wp-content\/uploads\/2022\/02\/Bio-Cellulose-Mask.jpg","width":1654,"height":1654},{"@type":"BreadcrumbList","@id":"https:\/\/beautyinstitute.ee\/toode\/bio-cellulose-mask\/#breadcrumb","itemListElement":[{"@type":"ListItem","position":1,"name":"Home","item":"https:\/\/beautyinstitute.ee\/ru\/"},{"@type":"ListItem","position":2,"name":"E-pood","item":"https:\/\/beautyinstitute.ee\/e-pood\/"},{"@type":"ListItem","position":3,"name":"Bio-Cellulose Mask"}]},{"@type":"WebSite","@id":"https:\/\/beautyinstitute.ee\/#website","url":"https:\/\/beautyinstitute.ee\/","name":"Beauty Institute","description":"CNC Cosmetic ametlik maaletooja ja edasim\u00fc\u00fcja Eestis, Soomes, L\u00e4tis. Aparaadikosmeetika, koolitused, kosmeetikatooted.","potentialAction":[{"@type":"SearchAction","target":{"@type":"EntryPoint","urlTemplate":"https:\/\/beautyinstitute.ee\/?s={search_term_string}"},"query-input":{"@type":"PropertyValueSpecification","valueRequired":true,"valueName":"search_term_string"}}],"inLanguage":"ru-RU"}]}},"_links":{"self":[{"href":"https:\/\/beautyinstitute.ee\/ru\/wp-json\/wp\/v2\/product\/17217","targetHints":{"allow":["GET"]}}],"collection":[{"href":"https:\/\/beautyinstitute.ee\/ru\/wp-json\/wp\/v2\/product"}],"about":[{"href":"https:\/\/beautyinstitute.ee\/ru\/wp-json\/wp\/v2\/types\/product"}],"wp:featuredmedia":[{"embeddable":true,"href":"https:\/\/beautyinstitute.ee\/ru\/wp-json\/wp\/v2\/media\/17220"}],"wp:attachment":[{"href":"https:\/\/beautyinstitute.ee\/ru\/wp-json\/wp\/v2\/media?parent=17217"}],"wp:term":[{"taxonomy":"product_cat","embeddable":true,"href":"https:\/\/beautyinstitute.ee\/ru\/wp-json\/wp\/v2\/product_cat?post=17217"},{"taxonomy":"product_tag","embeddable":true,"href":"https:\/\/beautyinstitute.ee\/ru\/wp-json\/wp\/v2\/product_tag?post=17217"}],"curies":[{"name":"wp","href":"https:\/\/api.w.org\/{rel}","templated":true}]}}