{"id":18961,"date":"2022-08-01T11:28:45","date_gmt":"2022-08-01T08:28:45","guid":{"rendered":"https:\/\/beautyinstitute.ee\/?post_type=product&#038;p=18961"},"modified":"2026-04-13T14:27:27","modified_gmt":"2026-04-13T11:27:27","slug":"lehtmask-akne","status":"publish","type":"product","link":"https:\/\/beautyinstitute.ee\/ru\/toode\/lehtmask-akne\/","title":{"rendered":"Lehtmask Akne (5Tk Pakis)"},"content":{"rendered":"<p>Professionaalne k\u00f5rgkvaliteetne biolagunev lehtmask aknevastase kompleksi, niatsiamiidi ja B6-vitamiiniga k\u00fcpsele ja rasusele ja taastamist vajavale nahale.<\/p>\n<p><strong>M\u00d5JU:<\/strong> Mask on rasueritust reguleeriva, p\u00f5letikuvastase toimega.<span class=\"Apple-converted-space\">\u00a0 <\/span>Reguleerib naha loomulikku mikrobioomi ja takistab ebapuhtuste teket.\u00a0Rahustab nahka ja annab rafineeritud jume.<\/p>\n<p><b>SOBIB<\/b>: Igas vanuses rasusele, suurepoorilisele ja h\u00fcperpigmenteerunud nahale.<\/p>\n<p><b>EELISED:\u00a0<\/b>Biolagunev, rasueritust reguleeriv, p\u00f5letikuvastane, viimistleb naha tekstuuri, v\u00f5iimalik kombineerida Ultra Sonic Beauty Lightiga<\/p>\n<p><b>PEAMISED TOIMEAINED<\/b>:<span class=\"Apple-converted-space\">\u00a0<\/span><\/p>\n<p>Niatsiinamiid (B3): v\u00e4hendab h\u00fcperpigmentatsiooni ja vanuselaike, suurendab naha elastsust ja on siluva toimega.<\/p>\n<p>B6-vitamiin: omab seborr\u00f6avastast toimet, seega v\u00e4hendab v\u00f5i takistab liigset rasvaladestumist epidermises ning aitab samal ajal kiirendada loomulikku paranemisprotsessi.<\/p>\n<p>Aknevastane kompleks (matt complex):p\u00f5letikuvastane, rasueritust reguleeriv, matistav<\/p>\n<p>Mooruspuu lehtede ekstrakt: k\u00f5rgtehnoloogiline flavanoi. Taatab naha mikrofloora, p\u00f5letikuvastane<\/p>\n<p>Peptiidkompleks Lyocell ja copper peptide aintavad toimeaineis s\u00fcgavamale transportida<\/p>\n<p><b>KASUTAMINE:\u00a0<\/b>Eemaldage n\u00e4omask kotikesest ja keerake lahti. Eemaldage valge kaitsekile ja kandke mask p\u00f5hjalikult puhastatud nahale. Eemaldage mask 15-20 minuti p\u00e4rast.\u00a0Vajutage toimeaine seerumi j\u00e4\u00e4gid \u00f5rnalt nahka, kuni see on t\u00e4ielikult imendunud.\u00a0Seej\u00e4rel kasutage oma igap\u00e4evast nahahooldust.<\/p>\n","protected":false},"excerpt":{"rendered":"<p>Professionaalne k\u00f5rgkvaliteetne biolagunev lehtmask aknevastase kompleksi, niatsiamiidi ja B6-vitamiiniga k\u00fcpsele ja rasusele ja taastamist vajavale nahale. M\u00d5JU: Mask on rasueritust reguleeriva, p\u00f5letikuvastase toimega.\u00a0 Reguleerib naha loomulikku mikrobioomi ja takistab ebapuhtuste teket.\u00a0Rahustab nahka ja annab rafineeritud jume. SOBIB: Igas vanuses rasusele, suurepoorilisele ja h\u00fcperpigmenteerunud nahale. EELISED:\u00a0Biolagunev, rasueritust reguleeriv, p\u00f5letikuvastane, viimistleb naha tekstuuri, v\u00f5iimalik kombineerida Ultra Sonic [&hellip;]<\/p>\n","protected":false},"featured_media":18963,"template":"","meta":{"_acf_changed":false},"product_cat":[284,248,118],"product_tag":[],"class_list":["post-18961","product","type-product","status-publish","has-post-thumbnail","hentry","product_cat-lehtmaskid","product_cat-maskid-2","product_cat-aesthetic-world"],"acf":[],"yoast_head":"<!-- This site is optimized with the Yoast SEO plugin v25.4 - https:\/\/yoast.com\/wordpress\/plugins\/seo\/ -->\n<title>Lehtmask Akne (5Tk Pakis) - Beauty Institute<\/title>\n<meta name=\"robots\" content=\"index, follow, max-snippet:-1, max-image-preview:large, max-video-preview:-1\" \/>\n<link rel=\"canonical\" href=\"https:\/\/beautyinstitute.ee\/toode\/lehtmask-akne\/\" \/>\n<meta property=\"og:locale\" content=\"ru_RU\" \/>\n<meta property=\"og:type\" content=\"article\" \/>\n<meta property=\"og:title\" content=\"Lehtmask Akne (5Tk Pakis) - Beauty Institute\" \/>\n<meta property=\"og:description\" content=\"Professionaalne k\u00f5rgkvaliteetne biolagunev lehtmask aknevastase kompleksi, niatsiamiidi ja B6-vitamiiniga k\u00fcpsele ja rasusele ja taastamist vajavale nahale. M\u00d5JU: Mask on rasueritust reguleeriva, p\u00f5letikuvastase toimega.\u00a0 Reguleerib naha loomulikku mikrobioomi ja takistab ebapuhtuste teket.\u00a0Rahustab nahka ja annab rafineeritud jume. SOBIB: Igas vanuses rasusele, suurepoorilisele ja h\u00fcperpigmenteerunud nahale. EELISED:\u00a0Biolagunev, rasueritust reguleeriv, p\u00f5letikuvastane, viimistleb naha tekstuuri, v\u00f5iimalik kombineerida Ultra Sonic [&hellip;]\" \/>\n<meta property=\"og:url\" content=\"https:\/\/beautyinstitute.ee\/toode\/lehtmask-akne\/\" \/>\n<meta property=\"og:site_name\" content=\"Beauty Institute\" \/>\n<meta property=\"article:modified_time\" content=\"2026-04-13T11:27:27+00:00\" \/>\n<meta property=\"og:image\" content=\"https:\/\/beautyinstitute.ee\/wp-content\/uploads\/2022\/08\/AKNEVASTANE-LEHTMASK.jpeg\" \/>\n\t<meta property=\"og:image:width\" content=\"2083\" \/>\n\t<meta property=\"og:image:height\" content=\"2083\" \/>\n\t<meta property=\"og:image:type\" content=\"image\/jpeg\" \/>\n<meta name=\"twitter:card\" content=\"summary_large_image\" \/>\n<meta name=\"twitter:site\" content=\"@Beauty_Eesti\" \/>\n<meta name=\"twitter:label1\" content=\"\u041f\u0440\u0438\u043c\u0435\u0440\u043d\u043e\u0435 \u0432\u0440\u0435\u043c\u044f \u0434\u043b\u044f \u0447\u0442\u0435\u043d\u0438\u044f\" \/>\n\t<meta name=\"twitter:data1\" content=\"1 \u043c\u0438\u043d\u0443\u0442\u0430\" \/>\n<script type=\"application\/ld+json\" class=\"yoast-schema-graph\">{\"@context\":\"https:\/\/schema.org\",\"@graph\":[{\"@type\":\"WebPage\",\"@id\":\"https:\/\/beautyinstitute.ee\/toode\/lehtmask-akne\/\",\"url\":\"https:\/\/beautyinstitute.ee\/toode\/lehtmask-akne\/\",\"name\":\"Lehtmask Akne (5Tk Pakis) - Beauty Institute\",\"isPartOf\":{\"@id\":\"https:\/\/beautyinstitute.ee\/#website\"},\"primaryImageOfPage\":{\"@id\":\"https:\/\/beautyinstitute.ee\/toode\/lehtmask-akne\/#primaryimage\"},\"image\":{\"@id\":\"https:\/\/beautyinstitute.ee\/toode\/lehtmask-akne\/#primaryimage\"},\"thumbnailUrl\":\"https:\/\/beautyinstitute.ee\/wp-content\/uploads\/2022\/08\/AKNEVASTANE-LEHTMASK.jpeg\",\"datePublished\":\"2022-08-01T08:28:45+00:00\",\"dateModified\":\"2026-04-13T11:27:27+00:00\",\"breadcrumb\":{\"@id\":\"https:\/\/beautyinstitute.ee\/toode\/lehtmask-akne\/#breadcrumb\"},\"inLanguage\":\"ru-RU\",\"potentialAction\":[{\"@type\":\"ReadAction\",\"target\":[\"https:\/\/beautyinstitute.ee\/toode\/lehtmask-akne\/\"]}]},{\"@type\":\"ImageObject\",\"inLanguage\":\"ru-RU\",\"@id\":\"https:\/\/beautyinstitute.ee\/toode\/lehtmask-akne\/#primaryimage\",\"url\":\"https:\/\/beautyinstitute.ee\/wp-content\/uploads\/2022\/08\/AKNEVASTANE-LEHTMASK.jpeg\",\"contentUrl\":\"https:\/\/beautyinstitute.ee\/wp-content\/uploads\/2022\/08\/AKNEVASTANE-LEHTMASK.jpeg\",\"width\":2083,\"height\":2083},{\"@type\":\"BreadcrumbList\",\"@id\":\"https:\/\/beautyinstitute.ee\/toode\/lehtmask-akne\/#breadcrumb\",\"itemListElement\":[{\"@type\":\"ListItem\",\"position\":1,\"name\":\"Home\",\"item\":\"https:\/\/beautyinstitute.ee\/ru\/\"},{\"@type\":\"ListItem\",\"position\":2,\"name\":\"E-pood\",\"item\":\"https:\/\/beautyinstitute.ee\/e-pood\/\"},{\"@type\":\"ListItem\",\"position\":3,\"name\":\"Lehtmask Akne (5Tk Pakis)\"}]},{\"@type\":\"WebSite\",\"@id\":\"https:\/\/beautyinstitute.ee\/#website\",\"url\":\"https:\/\/beautyinstitute.ee\/\",\"name\":\"Beauty Institute\",\"description\":\"CNC Cosmetic ametlik maaletooja ja edasim\u00fc\u00fcja Eestis, Soomes, L\u00e4tis. Aparaadikosmeetika, koolitused, kosmeetikatooted.\",\"potentialAction\":[{\"@type\":\"SearchAction\",\"target\":{\"@type\":\"EntryPoint\",\"urlTemplate\":\"https:\/\/beautyinstitute.ee\/?s={search_term_string}\"},\"query-input\":{\"@type\":\"PropertyValueSpecification\",\"valueRequired\":true,\"valueName\":\"search_term_string\"}}],\"inLanguage\":\"ru-RU\"}]}<\/script>\n<!-- \/ Yoast SEO plugin. -->","yoast_head_json":{"title":"Lehtmask Akne (5Tk Pakis) - Beauty Institute","robots":{"index":"index","follow":"follow","max-snippet":"max-snippet:-1","max-image-preview":"max-image-preview:large","max-video-preview":"max-video-preview:-1"},"canonical":"https:\/\/beautyinstitute.ee\/toode\/lehtmask-akne\/","og_locale":"ru_RU","og_type":"article","og_title":"Lehtmask Akne (5Tk Pakis) - Beauty Institute","og_description":"Professionaalne k\u00f5rgkvaliteetne biolagunev lehtmask aknevastase kompleksi, niatsiamiidi ja B6-vitamiiniga k\u00fcpsele ja rasusele ja taastamist vajavale nahale. M\u00d5JU: Mask on rasueritust reguleeriva, p\u00f5letikuvastase toimega.\u00a0 Reguleerib naha loomulikku mikrobioomi ja takistab ebapuhtuste teket.\u00a0Rahustab nahka ja annab rafineeritud jume. SOBIB: Igas vanuses rasusele, suurepoorilisele ja h\u00fcperpigmenteerunud nahale. EELISED:\u00a0Biolagunev, rasueritust reguleeriv, p\u00f5letikuvastane, viimistleb naha tekstuuri, v\u00f5iimalik kombineerida Ultra Sonic [&hellip;]","og_url":"https:\/\/beautyinstitute.ee\/toode\/lehtmask-akne\/","og_site_name":"Beauty Institute","article_modified_time":"2026-04-13T11:27:27+00:00","og_image":[{"width":2083,"height":2083,"url":"https:\/\/beautyinstitute.ee\/wp-content\/uploads\/2022\/08\/AKNEVASTANE-LEHTMASK.jpeg","type":"image\/jpeg"}],"twitter_card":"summary_large_image","twitter_site":"@Beauty_Eesti","twitter_misc":{"\u041f\u0440\u0438\u043c\u0435\u0440\u043d\u043e\u0435 \u0432\u0440\u0435\u043c\u044f \u0434\u043b\u044f \u0447\u0442\u0435\u043d\u0438\u044f":"1 \u043c\u0438\u043d\u0443\u0442\u0430"},"schema":{"@context":"https:\/\/schema.org","@graph":[{"@type":"WebPage","@id":"https:\/\/beautyinstitute.ee\/toode\/lehtmask-akne\/","url":"https:\/\/beautyinstitute.ee\/toode\/lehtmask-akne\/","name":"Lehtmask Akne (5Tk Pakis) - Beauty Institute","isPartOf":{"@id":"https:\/\/beautyinstitute.ee\/#website"},"primaryImageOfPage":{"@id":"https:\/\/beautyinstitute.ee\/toode\/lehtmask-akne\/#primaryimage"},"image":{"@id":"https:\/\/beautyinstitute.ee\/toode\/lehtmask-akne\/#primaryimage"},"thumbnailUrl":"https:\/\/beautyinstitute.ee\/wp-content\/uploads\/2022\/08\/AKNEVASTANE-LEHTMASK.jpeg","datePublished":"2022-08-01T08:28:45+00:00","dateModified":"2026-04-13T11:27:27+00:00","breadcrumb":{"@id":"https:\/\/beautyinstitute.ee\/toode\/lehtmask-akne\/#breadcrumb"},"inLanguage":"ru-RU","potentialAction":[{"@type":"ReadAction","target":["https:\/\/beautyinstitute.ee\/toode\/lehtmask-akne\/"]}]},{"@type":"ImageObject","inLanguage":"ru-RU","@id":"https:\/\/beautyinstitute.ee\/toode\/lehtmask-akne\/#primaryimage","url":"https:\/\/beautyinstitute.ee\/wp-content\/uploads\/2022\/08\/AKNEVASTANE-LEHTMASK.jpeg","contentUrl":"https:\/\/beautyinstitute.ee\/wp-content\/uploads\/2022\/08\/AKNEVASTANE-LEHTMASK.jpeg","width":2083,"height":2083},{"@type":"BreadcrumbList","@id":"https:\/\/beautyinstitute.ee\/toode\/lehtmask-akne\/#breadcrumb","itemListElement":[{"@type":"ListItem","position":1,"name":"Home","item":"https:\/\/beautyinstitute.ee\/ru\/"},{"@type":"ListItem","position":2,"name":"E-pood","item":"https:\/\/beautyinstitute.ee\/e-pood\/"},{"@type":"ListItem","position":3,"name":"Lehtmask Akne (5Tk Pakis)"}]},{"@type":"WebSite","@id":"https:\/\/beautyinstitute.ee\/#website","url":"https:\/\/beautyinstitute.ee\/","name":"Beauty Institute","description":"CNC Cosmetic ametlik maaletooja ja edasim\u00fc\u00fcja Eestis, Soomes, L\u00e4tis. Aparaadikosmeetika, koolitused, kosmeetikatooted.","potentialAction":[{"@type":"SearchAction","target":{"@type":"EntryPoint","urlTemplate":"https:\/\/beautyinstitute.ee\/?s={search_term_string}"},"query-input":{"@type":"PropertyValueSpecification","valueRequired":true,"valueName":"search_term_string"}}],"inLanguage":"ru-RU"}]}},"_links":{"self":[{"href":"https:\/\/beautyinstitute.ee\/ru\/wp-json\/wp\/v2\/product\/18961","targetHints":{"allow":["GET"]}}],"collection":[{"href":"https:\/\/beautyinstitute.ee\/ru\/wp-json\/wp\/v2\/product"}],"about":[{"href":"https:\/\/beautyinstitute.ee\/ru\/wp-json\/wp\/v2\/types\/product"}],"wp:featuredmedia":[{"embeddable":true,"href":"https:\/\/beautyinstitute.ee\/ru\/wp-json\/wp\/v2\/media\/18963"}],"wp:attachment":[{"href":"https:\/\/beautyinstitute.ee\/ru\/wp-json\/wp\/v2\/media?parent=18961"}],"wp:term":[{"taxonomy":"product_cat","embeddable":true,"href":"https:\/\/beautyinstitute.ee\/ru\/wp-json\/wp\/v2\/product_cat?post=18961"},{"taxonomy":"product_tag","embeddable":true,"href":"https:\/\/beautyinstitute.ee\/ru\/wp-json\/wp\/v2\/product_tag?post=18961"}],"curies":[{"name":"wp","href":"https:\/\/api.w.org\/{rel}","templated":true}]}}