{"id":18968,"date":"2022-08-01T11:40:05","date_gmt":"2022-08-01T08:40:05","guid":{"rendered":"https:\/\/beautyinstitute.ee\/?post_type=product&#038;p=18968"},"modified":"2026-04-23T13:18:33","modified_gmt":"2026-04-23T10:18:33","slug":"lehtmask-anti-aging-vananevale-nahale-5tk-pakis","status":"publish","type":"product","link":"https:\/\/beautyinstitute.ee\/ru\/toode\/lehtmask-anti-aging-vananevale-nahale-5tk-pakis\/","title":{"rendered":"Lehtmask Anti-Aging (Vananevale Nahale) 5Tk Pakis"},"content":{"rendered":"<p>Kvaliteetne biolagunev lehtmask 5-kordse h\u00fcaluroonhappe, emblika-, viigikaktuse- ja viinamarja t\u00fcvirakkude ekstraktiga toimeainekokteil k\u00fcpsele taastumist vajavale nahale.<\/p>\n<p><b>M\u00d5JU:\u00a0<\/b>Maskil on intensiivne niisutav toime naha s\u00fcgavamatele kihtidelev. V\u00e4hendab olemasolevaid kortse ja taastab naha struktuuri. Nahk n\u00e4eb v\u00e4lja koheselt siledam ja toniseeritud ning \u00fchtlase s\u00e4rava jumega.<\/p>\n<p><b>SOBIB: <\/b>K\u00f5ikidele nahat\u00fc\u00fcpidele.<\/p>\n<p><b>EELISED:<\/b><\/p>\n<ul>\n<li><b><span class=\"Apple-converted-space\">\u00a0\u00a0 \u00a0 <\/span><\/b>Biolagunev.<\/li>\n<li><span class=\"Apple-converted-space\">\u00a0\u00a0 \u00a0 <\/span>Silendab ja pinguldab nahka.<\/li>\n<li><span class=\"Apple-converted-space\">\u00a0\u00a0 \u00a0 <\/span>\u00dchtlustab jumet. S\u00e4ilitab\/taastab naha struktuuri<\/li>\n<li><span class=\"Apple-converted-space\">\u00a0\u00a0 \u00a0 <\/span>V\u00f5imalik kombineerida Ultrasonic Beauty Lightiga.<\/li>\n<\/ul>\n<p><b>TOIMEAINED<\/b>:<\/p>\n<p>H\u00fcaluroonhape: \u00fcks intensiivsemaid ja v\u00e4\u00e4rtuslikumaid niiskuse sidujaid salvestab v\u00e4\u00e4rtuslikku niiskust naha \u00fclemistesse kihtidesse, silub silmn\u00e4htavalt kuivusejooni ja pinguldab nahka seestpoolt v\u00e4ljapoole<\/p>\n<p>Emblica: p\u00e4rsibt\u00fcrosinaasi ja melaniini produktsiooni ja<span class=\"Apple-converted-space\">\u00a0 <\/span>nahapigmentide moodustumist, muutes naha \u00fchtlaseks ja s\u00e4ravaks. Emblica\u00ae toimib ka v\u00f5imsa loodusliku antioks\u00fcdandina, et kaitsta nahka saaste ja enneaegse vananemise eest.<\/p>\n<p>Viigikaktus: sisaldab k\u00f5iki nahale olulisi toitaineid, mida nahk vajab terve ja nooruslikuna p\u00fcsimiseks.<\/p>\n<p>Viinamarjade t\u00fcvirakkude ekstrakt: varustab kuiva nahka niiskusega, kaitseb vabade radikaalide eest ja takistab naha enneaegset vananemist.<\/p>\n<p>Peptiidkompleks Lyocell ja copper peptide aintavad toimeaineis s\u00fcgavamale transportida<\/p>\n<p><b>KASUTAMINE:\u00a0<\/b>Eemaldage n\u00e4omask kotikesest ja keerake lahti.\u00a0Eemaldage valge kaitsekile ja kandke mask p\u00f5hjalikult puhastatud nahale ning eemaldage 15-20 minuti p\u00e4rast.\u00a0Vajutage toimeaine seerumi j\u00e4\u00e4gid \u00f5rnalt nahka, kuni need on t\u00e4ielikult nahka imendunud. Seej\u00e4rel kasutage oma igap\u00e4evast nahahooldust.<\/p>\n","protected":false},"excerpt":{"rendered":"<p>Kvaliteetne biolagunev lehtmask 5-kordse h\u00fcaluroonhappe, emblika-, viigikaktuse- ja viinamarja t\u00fcvirakkude ekstraktiga toimeainekokteil k\u00fcpsele taastumist vajavale nahale. M\u00d5JU:\u00a0Maskil on intensiivne niisutav toime naha s\u00fcgavamatele kihtidelev. V\u00e4hendab olemasolevaid kortse ja taastab naha struktuuri. Nahk n\u00e4eb v\u00e4lja koheselt siledam ja toniseeritud ning \u00fchtlase s\u00e4rava jumega. SOBIB: K\u00f5ikidele nahat\u00fc\u00fcpidele. EELISED: \u00a0\u00a0 \u00a0 Biolagunev. \u00a0\u00a0 \u00a0 Silendab ja pinguldab nahka. [&hellip;]<\/p>\n","protected":false},"featured_media":18970,"template":"","meta":{"_acf_changed":false},"product_cat":[284,248,118],"product_tag":[],"class_list":["post-18968","product","type-product","status-publish","has-post-thumbnail","hentry","product_cat-lehtmaskid","product_cat-maskid-2","product_cat-aesthetic-world"],"acf":[],"yoast_head":"<!-- This site is optimized with the Yoast SEO plugin v25.4 - https:\/\/yoast.com\/wordpress\/plugins\/seo\/ -->\n<title>Lehtmask Anti-Aging (Vananevale Nahale) 5Tk Pakis - Beauty Institute<\/title>\n<meta name=\"robots\" content=\"index, follow, max-snippet:-1, max-image-preview:large, max-video-preview:-1\" \/>\n<link rel=\"canonical\" href=\"https:\/\/beautyinstitute.ee\/toode\/lehtmask-anti-aging-vananevale-nahale-5tk-pakis\/\" \/>\n<meta property=\"og:locale\" content=\"ru_RU\" \/>\n<meta property=\"og:type\" content=\"article\" \/>\n<meta property=\"og:title\" content=\"Lehtmask Anti-Aging (Vananevale Nahale) 5Tk Pakis - Beauty Institute\" \/>\n<meta property=\"og:description\" content=\"Kvaliteetne biolagunev lehtmask 5-kordse h\u00fcaluroonhappe, emblika-, viigikaktuse- ja viinamarja t\u00fcvirakkude ekstraktiga toimeainekokteil k\u00fcpsele taastumist vajavale nahale. M\u00d5JU:\u00a0Maskil on intensiivne niisutav toime naha s\u00fcgavamatele kihtidelev. V\u00e4hendab olemasolevaid kortse ja taastab naha struktuuri. Nahk n\u00e4eb v\u00e4lja koheselt siledam ja toniseeritud ning \u00fchtlase s\u00e4rava jumega. SOBIB: K\u00f5ikidele nahat\u00fc\u00fcpidele. EELISED: \u00a0\u00a0 \u00a0 Biolagunev. \u00a0\u00a0 \u00a0 Silendab ja pinguldab nahka. [&hellip;]\" \/>\n<meta property=\"og:url\" content=\"https:\/\/beautyinstitute.ee\/toode\/lehtmask-anti-aging-vananevale-nahale-5tk-pakis\/\" \/>\n<meta property=\"og:site_name\" content=\"Beauty Institute\" \/>\n<meta property=\"article:modified_time\" content=\"2026-04-23T10:18:33+00:00\" \/>\n<meta property=\"og:image\" content=\"https:\/\/beautyinstitute.ee\/wp-content\/uploads\/2022\/08\/lehtmask-vananemisvastane.jpeg\" \/>\n\t<meta property=\"og:image:width\" content=\"2083\" \/>\n\t<meta property=\"og:image:height\" content=\"2083\" \/>\n\t<meta property=\"og:image:type\" content=\"image\/jpeg\" \/>\n<meta name=\"twitter:card\" content=\"summary_large_image\" \/>\n<meta name=\"twitter:site\" content=\"@Beauty_Eesti\" \/>\n<meta name=\"twitter:label1\" content=\"\u041f\u0440\u0438\u043c\u0435\u0440\u043d\u043e\u0435 \u0432\u0440\u0435\u043c\u044f \u0434\u043b\u044f \u0447\u0442\u0435\u043d\u0438\u044f\" \/>\n\t<meta name=\"twitter:data1\" content=\"2 \u043c\u0438\u043d\u0443\u0442\u044b\" \/>\n<script type=\"application\/ld+json\" class=\"yoast-schema-graph\">{\"@context\":\"https:\/\/schema.org\",\"@graph\":[{\"@type\":\"WebPage\",\"@id\":\"https:\/\/beautyinstitute.ee\/toode\/lehtmask-anti-aging-vananevale-nahale-5tk-pakis\/\",\"url\":\"https:\/\/beautyinstitute.ee\/toode\/lehtmask-anti-aging-vananevale-nahale-5tk-pakis\/\",\"name\":\"Lehtmask Anti-Aging (Vananevale Nahale) 5Tk Pakis - Beauty Institute\",\"isPartOf\":{\"@id\":\"https:\/\/beautyinstitute.ee\/#website\"},\"primaryImageOfPage\":{\"@id\":\"https:\/\/beautyinstitute.ee\/toode\/lehtmask-anti-aging-vananevale-nahale-5tk-pakis\/#primaryimage\"},\"image\":{\"@id\":\"https:\/\/beautyinstitute.ee\/toode\/lehtmask-anti-aging-vananevale-nahale-5tk-pakis\/#primaryimage\"},\"thumbnailUrl\":\"https:\/\/beautyinstitute.ee\/wp-content\/uploads\/2022\/08\/lehtmask-vananemisvastane.jpeg\",\"datePublished\":\"2022-08-01T08:40:05+00:00\",\"dateModified\":\"2026-04-23T10:18:33+00:00\",\"breadcrumb\":{\"@id\":\"https:\/\/beautyinstitute.ee\/toode\/lehtmask-anti-aging-vananevale-nahale-5tk-pakis\/#breadcrumb\"},\"inLanguage\":\"ru-RU\",\"potentialAction\":[{\"@type\":\"ReadAction\",\"target\":[\"https:\/\/beautyinstitute.ee\/toode\/lehtmask-anti-aging-vananevale-nahale-5tk-pakis\/\"]}]},{\"@type\":\"ImageObject\",\"inLanguage\":\"ru-RU\",\"@id\":\"https:\/\/beautyinstitute.ee\/toode\/lehtmask-anti-aging-vananevale-nahale-5tk-pakis\/#primaryimage\",\"url\":\"https:\/\/beautyinstitute.ee\/wp-content\/uploads\/2022\/08\/lehtmask-vananemisvastane.jpeg\",\"contentUrl\":\"https:\/\/beautyinstitute.ee\/wp-content\/uploads\/2022\/08\/lehtmask-vananemisvastane.jpeg\",\"width\":2083,\"height\":2083},{\"@type\":\"BreadcrumbList\",\"@id\":\"https:\/\/beautyinstitute.ee\/toode\/lehtmask-anti-aging-vananevale-nahale-5tk-pakis\/#breadcrumb\",\"itemListElement\":[{\"@type\":\"ListItem\",\"position\":1,\"name\":\"Home\",\"item\":\"https:\/\/beautyinstitute.ee\/ru\/\"},{\"@type\":\"ListItem\",\"position\":2,\"name\":\"E-pood\",\"item\":\"https:\/\/beautyinstitute.ee\/e-pood\/\"},{\"@type\":\"ListItem\",\"position\":3,\"name\":\"Lehtmask Anti-Aging (Vananevale Nahale) 5Tk Pakis\"}]},{\"@type\":\"WebSite\",\"@id\":\"https:\/\/beautyinstitute.ee\/#website\",\"url\":\"https:\/\/beautyinstitute.ee\/\",\"name\":\"Beauty Institute\",\"description\":\"CNC Cosmetic ametlik maaletooja ja edasim\u00fc\u00fcja Eestis, Soomes, L\u00e4tis. Aparaadikosmeetika, koolitused, kosmeetikatooted.\",\"potentialAction\":[{\"@type\":\"SearchAction\",\"target\":{\"@type\":\"EntryPoint\",\"urlTemplate\":\"https:\/\/beautyinstitute.ee\/?s={search_term_string}\"},\"query-input\":{\"@type\":\"PropertyValueSpecification\",\"valueRequired\":true,\"valueName\":\"search_term_string\"}}],\"inLanguage\":\"ru-RU\"}]}<\/script>\n<!-- \/ Yoast SEO plugin. -->","yoast_head_json":{"title":"Lehtmask Anti-Aging (Vananevale Nahale) 5Tk Pakis - Beauty Institute","robots":{"index":"index","follow":"follow","max-snippet":"max-snippet:-1","max-image-preview":"max-image-preview:large","max-video-preview":"max-video-preview:-1"},"canonical":"https:\/\/beautyinstitute.ee\/toode\/lehtmask-anti-aging-vananevale-nahale-5tk-pakis\/","og_locale":"ru_RU","og_type":"article","og_title":"Lehtmask Anti-Aging (Vananevale Nahale) 5Tk Pakis - Beauty Institute","og_description":"Kvaliteetne biolagunev lehtmask 5-kordse h\u00fcaluroonhappe, emblika-, viigikaktuse- ja viinamarja t\u00fcvirakkude ekstraktiga toimeainekokteil k\u00fcpsele taastumist vajavale nahale. M\u00d5JU:\u00a0Maskil on intensiivne niisutav toime naha s\u00fcgavamatele kihtidelev. V\u00e4hendab olemasolevaid kortse ja taastab naha struktuuri. Nahk n\u00e4eb v\u00e4lja koheselt siledam ja toniseeritud ning \u00fchtlase s\u00e4rava jumega. SOBIB: K\u00f5ikidele nahat\u00fc\u00fcpidele. EELISED: \u00a0\u00a0 \u00a0 Biolagunev. \u00a0\u00a0 \u00a0 Silendab ja pinguldab nahka. [&hellip;]","og_url":"https:\/\/beautyinstitute.ee\/toode\/lehtmask-anti-aging-vananevale-nahale-5tk-pakis\/","og_site_name":"Beauty Institute","article_modified_time":"2026-04-23T10:18:33+00:00","og_image":[{"width":2083,"height":2083,"url":"https:\/\/beautyinstitute.ee\/wp-content\/uploads\/2022\/08\/lehtmask-vananemisvastane.jpeg","type":"image\/jpeg"}],"twitter_card":"summary_large_image","twitter_site":"@Beauty_Eesti","twitter_misc":{"\u041f\u0440\u0438\u043c\u0435\u0440\u043d\u043e\u0435 \u0432\u0440\u0435\u043c\u044f \u0434\u043b\u044f \u0447\u0442\u0435\u043d\u0438\u044f":"2 \u043c\u0438\u043d\u0443\u0442\u044b"},"schema":{"@context":"https:\/\/schema.org","@graph":[{"@type":"WebPage","@id":"https:\/\/beautyinstitute.ee\/toode\/lehtmask-anti-aging-vananevale-nahale-5tk-pakis\/","url":"https:\/\/beautyinstitute.ee\/toode\/lehtmask-anti-aging-vananevale-nahale-5tk-pakis\/","name":"Lehtmask Anti-Aging (Vananevale Nahale) 5Tk Pakis - Beauty Institute","isPartOf":{"@id":"https:\/\/beautyinstitute.ee\/#website"},"primaryImageOfPage":{"@id":"https:\/\/beautyinstitute.ee\/toode\/lehtmask-anti-aging-vananevale-nahale-5tk-pakis\/#primaryimage"},"image":{"@id":"https:\/\/beautyinstitute.ee\/toode\/lehtmask-anti-aging-vananevale-nahale-5tk-pakis\/#primaryimage"},"thumbnailUrl":"https:\/\/beautyinstitute.ee\/wp-content\/uploads\/2022\/08\/lehtmask-vananemisvastane.jpeg","datePublished":"2022-08-01T08:40:05+00:00","dateModified":"2026-04-23T10:18:33+00:00","breadcrumb":{"@id":"https:\/\/beautyinstitute.ee\/toode\/lehtmask-anti-aging-vananevale-nahale-5tk-pakis\/#breadcrumb"},"inLanguage":"ru-RU","potentialAction":[{"@type":"ReadAction","target":["https:\/\/beautyinstitute.ee\/toode\/lehtmask-anti-aging-vananevale-nahale-5tk-pakis\/"]}]},{"@type":"ImageObject","inLanguage":"ru-RU","@id":"https:\/\/beautyinstitute.ee\/toode\/lehtmask-anti-aging-vananevale-nahale-5tk-pakis\/#primaryimage","url":"https:\/\/beautyinstitute.ee\/wp-content\/uploads\/2022\/08\/lehtmask-vananemisvastane.jpeg","contentUrl":"https:\/\/beautyinstitute.ee\/wp-content\/uploads\/2022\/08\/lehtmask-vananemisvastane.jpeg","width":2083,"height":2083},{"@type":"BreadcrumbList","@id":"https:\/\/beautyinstitute.ee\/toode\/lehtmask-anti-aging-vananevale-nahale-5tk-pakis\/#breadcrumb","itemListElement":[{"@type":"ListItem","position":1,"name":"Home","item":"https:\/\/beautyinstitute.ee\/ru\/"},{"@type":"ListItem","position":2,"name":"E-pood","item":"https:\/\/beautyinstitute.ee\/e-pood\/"},{"@type":"ListItem","position":3,"name":"Lehtmask Anti-Aging (Vananevale Nahale) 5Tk Pakis"}]},{"@type":"WebSite","@id":"https:\/\/beautyinstitute.ee\/#website","url":"https:\/\/beautyinstitute.ee\/","name":"Beauty Institute","description":"CNC Cosmetic ametlik maaletooja ja edasim\u00fc\u00fcja Eestis, Soomes, L\u00e4tis. Aparaadikosmeetika, koolitused, kosmeetikatooted.","potentialAction":[{"@type":"SearchAction","target":{"@type":"EntryPoint","urlTemplate":"https:\/\/beautyinstitute.ee\/?s={search_term_string}"},"query-input":{"@type":"PropertyValueSpecification","valueRequired":true,"valueName":"search_term_string"}}],"inLanguage":"ru-RU"}]}},"_links":{"self":[{"href":"https:\/\/beautyinstitute.ee\/ru\/wp-json\/wp\/v2\/product\/18968","targetHints":{"allow":["GET"]}}],"collection":[{"href":"https:\/\/beautyinstitute.ee\/ru\/wp-json\/wp\/v2\/product"}],"about":[{"href":"https:\/\/beautyinstitute.ee\/ru\/wp-json\/wp\/v2\/types\/product"}],"wp:featuredmedia":[{"embeddable":true,"href":"https:\/\/beautyinstitute.ee\/ru\/wp-json\/wp\/v2\/media\/18970"}],"wp:attachment":[{"href":"https:\/\/beautyinstitute.ee\/ru\/wp-json\/wp\/v2\/media?parent=18968"}],"wp:term":[{"taxonomy":"product_cat","embeddable":true,"href":"https:\/\/beautyinstitute.ee\/ru\/wp-json\/wp\/v2\/product_cat?post=18968"},{"taxonomy":"product_tag","embeddable":true,"href":"https:\/\/beautyinstitute.ee\/ru\/wp-json\/wp\/v2\/product_tag?post=18968"}],"curies":[{"name":"wp","href":"https:\/\/api.w.org\/{rel}","templated":true}]}}