{"id":19053,"date":"2022-08-09T13:36:41","date_gmt":"2022-08-09T10:36:41","guid":{"rendered":"https:\/\/beautyinstitute.ee\/?post_type=product&#038;p=19053"},"modified":"2026-04-28T14:47:53","modified_gmt":"2026-04-28T11:47:53","slug":"sun-paikesekaitse-tilgad-spf-25-50-15ml","status":"publish","type":"product","link":"https:\/\/beautyinstitute.ee\/ru\/toode\/sun-paikesekaitse-tilgad-spf-25-50-15ml\/","title":{"rendered":"Sun Drops P\u00e4ikesekaitse Tilgad Spf 25-50 15Ml"},"content":{"rendered":"<p>Kerge, \u00f5livaba p\u00e4ikesekaitseseerum UVA\/UVB filtritega<\/p>\n<p><strong>Toime:<\/strong>\u00a0Koos fotostabiilsete UVA\/UVB filtrite ja rakke kaitsvate toimeainetega tagavad uuenduslikud rasvavabad<br \/>\np\u00e4ikesetilgad usaldusv\u00e4\u00e4rse kaitse UV-kiirgusega seotud naha enneaegse vananemise ja niiskuskao eest.<\/p>\n<p><strong>Sobib:<\/strong> k\u00f5ikidele nahat\u00fc\u00fcpidele<\/p>\n<p><strong>Eelised:<\/strong><br \/>\n\u00b7 kaitseb usaldusv\u00e4\u00e4rselt UV-kiirgusest p\u00f5hjustatud naha vananemise eest<br \/>\n\u00b7 ilma kahjulike valgusfiltriteta, rifis\u00f5bralik (looduss\u00f5bralik)<br \/>\n\u00b7 ideaalne igap\u00e4evaseks p\u00e4ikesekaitseks<br \/>\n\u00b7 kerge, rasvavaba tekstuur (anti komedoonne)<\/p>\n<p><strong>Soovitus:<\/strong><br \/>\nSisetingimustes kasutamiseks: ca 3 tilka<br \/>\nV\u00e4litingimustes: ca 3-6 tilka, kanda nahale mitu korda p\u00e4evas (vastavalt vajadusele)<\/p>\n<p><strong>Peamised koostisosad:\u00a0<\/strong>Fotostabiilsed UVA\/UVB filtrid, pinastri ekstrakt (merim\u00e4nd), gl\u00fctseriin, lactobacillus ferment<\/p>\n<p><strong>Kasutamine:\u00a0<\/strong>Kandke p\u00e4ikesetilku igap\u00e4evaseks kaitseks m\u00f5ni minut p\u00e4rast tavalist p\u00e4evahooldust. <strong>Kui p\u00e4ikese tilgad<\/strong><br \/>\n<strong>segada igap\u00e4evase hoolduse v\u00f5i meigiga, v\u00e4heneb p\u00e4ikesekaitse!<\/strong><\/p>\n","protected":false},"excerpt":{"rendered":"<p>Kerge, \u00f5livaba p\u00e4ikesekaitseseerum UVA\/UVB filtritega Toime:\u00a0Koos fotostabiilsete UVA\/UVB filtrite ja rakke kaitsvate toimeainetega tagavad uuenduslikud rasvavabad p\u00e4ikesetilgad usaldusv\u00e4\u00e4rse kaitse UV-kiirgusega seotud naha enneaegse vananemise ja niiskuskao eest. Sobib: k\u00f5ikidele nahat\u00fc\u00fcpidele Eelised: \u00b7 kaitseb usaldusv\u00e4\u00e4rselt UV-kiirgusest p\u00f5hjustatud naha vananemise eest \u00b7 ilma kahjulike valgusfiltriteta, rifis\u00f5bralik (looduss\u00f5bralik) \u00b7 ideaalne igap\u00e4evaseks p\u00e4ikesekaitseks \u00b7 kerge, rasvavaba tekstuur (anti komedoonne) [&hellip;]<\/p>\n","protected":false},"featured_media":19054,"template":"","meta":{"_acf_changed":false},"product_cat":[252,123],"product_tag":[],"class_list":["post-19053","product","type-product","status-publish","has-post-thumbnail","hentry","product_cat-uv-kaitse","product_cat-sun"],"acf":[],"yoast_head":"<!-- This site is optimized with the Yoast SEO plugin v25.4 - https:\/\/yoast.com\/wordpress\/plugins\/seo\/ -->\n<title>Sun Drops P\u00e4ikesekaitse Tilgad Spf 25-50 15Ml - Beauty Institute<\/title>\n<meta name=\"robots\" content=\"index, follow, max-snippet:-1, max-image-preview:large, max-video-preview:-1\" \/>\n<link rel=\"canonical\" href=\"https:\/\/beautyinstitute.ee\/toode\/sun-paikesekaitse-tilgad-spf-25-50-15ml\/\" \/>\n<meta property=\"og:locale\" content=\"ru_RU\" \/>\n<meta property=\"og:type\" content=\"article\" \/>\n<meta property=\"og:title\" content=\"Sun Drops P\u00e4ikesekaitse Tilgad Spf 25-50 15Ml - Beauty Institute\" \/>\n<meta property=\"og:description\" content=\"Kerge, \u00f5livaba p\u00e4ikesekaitseseerum UVA\/UVB filtritega Toime:\u00a0Koos fotostabiilsete UVA\/UVB filtrite ja rakke kaitsvate toimeainetega tagavad uuenduslikud rasvavabad p\u00e4ikesetilgad usaldusv\u00e4\u00e4rse kaitse UV-kiirgusega seotud naha enneaegse vananemise ja niiskuskao eest. Sobib: k\u00f5ikidele nahat\u00fc\u00fcpidele Eelised: \u00b7 kaitseb usaldusv\u00e4\u00e4rselt UV-kiirgusest p\u00f5hjustatud naha vananemise eest \u00b7 ilma kahjulike valgusfiltriteta, rifis\u00f5bralik (looduss\u00f5bralik) \u00b7 ideaalne igap\u00e4evaseks p\u00e4ikesekaitseks \u00b7 kerge, rasvavaba tekstuur (anti komedoonne) [&hellip;]\" \/>\n<meta property=\"og:url\" content=\"https:\/\/beautyinstitute.ee\/toode\/sun-paikesekaitse-tilgad-spf-25-50-15ml\/\" \/>\n<meta property=\"og:site_name\" content=\"Beauty Institute\" \/>\n<meta property=\"article:modified_time\" content=\"2026-04-28T11:47:53+00:00\" \/>\n<meta property=\"og:image\" content=\"https:\/\/beautyinstitute.ee\/wp-content\/uploads\/2022\/08\/sun-drops.jpeg\" \/>\n\t<meta property=\"og:image:width\" content=\"2083\" \/>\n\t<meta property=\"og:image:height\" content=\"2083\" \/>\n\t<meta property=\"og:image:type\" content=\"image\/jpeg\" \/>\n<meta name=\"twitter:card\" content=\"summary_large_image\" \/>\n<meta name=\"twitter:site\" content=\"@Beauty_Eesti\" \/>\n<meta name=\"twitter:label1\" content=\"\u041f\u0440\u0438\u043c\u0435\u0440\u043d\u043e\u0435 \u0432\u0440\u0435\u043c\u044f \u0434\u043b\u044f \u0447\u0442\u0435\u043d\u0438\u044f\" \/>\n\t<meta name=\"twitter:data1\" content=\"1 \u043c\u0438\u043d\u0443\u0442\u0430\" \/>\n<script type=\"application\/ld+json\" class=\"yoast-schema-graph\">{\"@context\":\"https:\/\/schema.org\",\"@graph\":[{\"@type\":\"WebPage\",\"@id\":\"https:\/\/beautyinstitute.ee\/toode\/sun-paikesekaitse-tilgad-spf-25-50-15ml\/\",\"url\":\"https:\/\/beautyinstitute.ee\/toode\/sun-paikesekaitse-tilgad-spf-25-50-15ml\/\",\"name\":\"Sun Drops P\u00e4ikesekaitse Tilgad Spf 25-50 15Ml - Beauty Institute\",\"isPartOf\":{\"@id\":\"https:\/\/beautyinstitute.ee\/#website\"},\"primaryImageOfPage\":{\"@id\":\"https:\/\/beautyinstitute.ee\/toode\/sun-paikesekaitse-tilgad-spf-25-50-15ml\/#primaryimage\"},\"image\":{\"@id\":\"https:\/\/beautyinstitute.ee\/toode\/sun-paikesekaitse-tilgad-spf-25-50-15ml\/#primaryimage\"},\"thumbnailUrl\":\"https:\/\/beautyinstitute.ee\/wp-content\/uploads\/2022\/08\/sun-drops.jpeg\",\"datePublished\":\"2022-08-09T10:36:41+00:00\",\"dateModified\":\"2026-04-28T11:47:53+00:00\",\"breadcrumb\":{\"@id\":\"https:\/\/beautyinstitute.ee\/toode\/sun-paikesekaitse-tilgad-spf-25-50-15ml\/#breadcrumb\"},\"inLanguage\":\"ru-RU\",\"potentialAction\":[{\"@type\":\"ReadAction\",\"target\":[\"https:\/\/beautyinstitute.ee\/toode\/sun-paikesekaitse-tilgad-spf-25-50-15ml\/\"]}]},{\"@type\":\"ImageObject\",\"inLanguage\":\"ru-RU\",\"@id\":\"https:\/\/beautyinstitute.ee\/toode\/sun-paikesekaitse-tilgad-spf-25-50-15ml\/#primaryimage\",\"url\":\"https:\/\/beautyinstitute.ee\/wp-content\/uploads\/2022\/08\/sun-drops.jpeg\",\"contentUrl\":\"https:\/\/beautyinstitute.ee\/wp-content\/uploads\/2022\/08\/sun-drops.jpeg\",\"width\":2083,\"height\":2083},{\"@type\":\"BreadcrumbList\",\"@id\":\"https:\/\/beautyinstitute.ee\/toode\/sun-paikesekaitse-tilgad-spf-25-50-15ml\/#breadcrumb\",\"itemListElement\":[{\"@type\":\"ListItem\",\"position\":1,\"name\":\"Home\",\"item\":\"https:\/\/beautyinstitute.ee\/ru\/\"},{\"@type\":\"ListItem\",\"position\":2,\"name\":\"E-pood\",\"item\":\"https:\/\/beautyinstitute.ee\/e-pood\/\"},{\"@type\":\"ListItem\",\"position\":3,\"name\":\"Sun Drops P\u00e4ikesekaitse Tilgad Spf 25-50 15Ml\"}]},{\"@type\":\"WebSite\",\"@id\":\"https:\/\/beautyinstitute.ee\/#website\",\"url\":\"https:\/\/beautyinstitute.ee\/\",\"name\":\"Beauty Institute\",\"description\":\"CNC Cosmetic ametlik maaletooja ja edasim\u00fc\u00fcja Eestis, Soomes, L\u00e4tis. Aparaadikosmeetika, koolitused, kosmeetikatooted.\",\"potentialAction\":[{\"@type\":\"SearchAction\",\"target\":{\"@type\":\"EntryPoint\",\"urlTemplate\":\"https:\/\/beautyinstitute.ee\/?s={search_term_string}\"},\"query-input\":{\"@type\":\"PropertyValueSpecification\",\"valueRequired\":true,\"valueName\":\"search_term_string\"}}],\"inLanguage\":\"ru-RU\"}]}<\/script>\n<!-- \/ Yoast SEO plugin. -->","yoast_head_json":{"title":"Sun Drops P\u00e4ikesekaitse Tilgad Spf 25-50 15Ml - Beauty Institute","robots":{"index":"index","follow":"follow","max-snippet":"max-snippet:-1","max-image-preview":"max-image-preview:large","max-video-preview":"max-video-preview:-1"},"canonical":"https:\/\/beautyinstitute.ee\/toode\/sun-paikesekaitse-tilgad-spf-25-50-15ml\/","og_locale":"ru_RU","og_type":"article","og_title":"Sun Drops P\u00e4ikesekaitse Tilgad Spf 25-50 15Ml - Beauty Institute","og_description":"Kerge, \u00f5livaba p\u00e4ikesekaitseseerum UVA\/UVB filtritega Toime:\u00a0Koos fotostabiilsete UVA\/UVB filtrite ja rakke kaitsvate toimeainetega tagavad uuenduslikud rasvavabad p\u00e4ikesetilgad usaldusv\u00e4\u00e4rse kaitse UV-kiirgusega seotud naha enneaegse vananemise ja niiskuskao eest. Sobib: k\u00f5ikidele nahat\u00fc\u00fcpidele Eelised: \u00b7 kaitseb usaldusv\u00e4\u00e4rselt UV-kiirgusest p\u00f5hjustatud naha vananemise eest \u00b7 ilma kahjulike valgusfiltriteta, rifis\u00f5bralik (looduss\u00f5bralik) \u00b7 ideaalne igap\u00e4evaseks p\u00e4ikesekaitseks \u00b7 kerge, rasvavaba tekstuur (anti komedoonne) [&hellip;]","og_url":"https:\/\/beautyinstitute.ee\/toode\/sun-paikesekaitse-tilgad-spf-25-50-15ml\/","og_site_name":"Beauty Institute","article_modified_time":"2026-04-28T11:47:53+00:00","og_image":[{"width":2083,"height":2083,"url":"https:\/\/beautyinstitute.ee\/wp-content\/uploads\/2022\/08\/sun-drops.jpeg","type":"image\/jpeg"}],"twitter_card":"summary_large_image","twitter_site":"@Beauty_Eesti","twitter_misc":{"\u041f\u0440\u0438\u043c\u0435\u0440\u043d\u043e\u0435 \u0432\u0440\u0435\u043c\u044f \u0434\u043b\u044f \u0447\u0442\u0435\u043d\u0438\u044f":"1 \u043c\u0438\u043d\u0443\u0442\u0430"},"schema":{"@context":"https:\/\/schema.org","@graph":[{"@type":"WebPage","@id":"https:\/\/beautyinstitute.ee\/toode\/sun-paikesekaitse-tilgad-spf-25-50-15ml\/","url":"https:\/\/beautyinstitute.ee\/toode\/sun-paikesekaitse-tilgad-spf-25-50-15ml\/","name":"Sun Drops P\u00e4ikesekaitse Tilgad Spf 25-50 15Ml - Beauty Institute","isPartOf":{"@id":"https:\/\/beautyinstitute.ee\/#website"},"primaryImageOfPage":{"@id":"https:\/\/beautyinstitute.ee\/toode\/sun-paikesekaitse-tilgad-spf-25-50-15ml\/#primaryimage"},"image":{"@id":"https:\/\/beautyinstitute.ee\/toode\/sun-paikesekaitse-tilgad-spf-25-50-15ml\/#primaryimage"},"thumbnailUrl":"https:\/\/beautyinstitute.ee\/wp-content\/uploads\/2022\/08\/sun-drops.jpeg","datePublished":"2022-08-09T10:36:41+00:00","dateModified":"2026-04-28T11:47:53+00:00","breadcrumb":{"@id":"https:\/\/beautyinstitute.ee\/toode\/sun-paikesekaitse-tilgad-spf-25-50-15ml\/#breadcrumb"},"inLanguage":"ru-RU","potentialAction":[{"@type":"ReadAction","target":["https:\/\/beautyinstitute.ee\/toode\/sun-paikesekaitse-tilgad-spf-25-50-15ml\/"]}]},{"@type":"ImageObject","inLanguage":"ru-RU","@id":"https:\/\/beautyinstitute.ee\/toode\/sun-paikesekaitse-tilgad-spf-25-50-15ml\/#primaryimage","url":"https:\/\/beautyinstitute.ee\/wp-content\/uploads\/2022\/08\/sun-drops.jpeg","contentUrl":"https:\/\/beautyinstitute.ee\/wp-content\/uploads\/2022\/08\/sun-drops.jpeg","width":2083,"height":2083},{"@type":"BreadcrumbList","@id":"https:\/\/beautyinstitute.ee\/toode\/sun-paikesekaitse-tilgad-spf-25-50-15ml\/#breadcrumb","itemListElement":[{"@type":"ListItem","position":1,"name":"Home","item":"https:\/\/beautyinstitute.ee\/ru\/"},{"@type":"ListItem","position":2,"name":"E-pood","item":"https:\/\/beautyinstitute.ee\/e-pood\/"},{"@type":"ListItem","position":3,"name":"Sun Drops P\u00e4ikesekaitse Tilgad Spf 25-50 15Ml"}]},{"@type":"WebSite","@id":"https:\/\/beautyinstitute.ee\/#website","url":"https:\/\/beautyinstitute.ee\/","name":"Beauty Institute","description":"CNC Cosmetic ametlik maaletooja ja edasim\u00fc\u00fcja Eestis, Soomes, L\u00e4tis. Aparaadikosmeetika, koolitused, kosmeetikatooted.","potentialAction":[{"@type":"SearchAction","target":{"@type":"EntryPoint","urlTemplate":"https:\/\/beautyinstitute.ee\/?s={search_term_string}"},"query-input":{"@type":"PropertyValueSpecification","valueRequired":true,"valueName":"search_term_string"}}],"inLanguage":"ru-RU"}]}},"_links":{"self":[{"href":"https:\/\/beautyinstitute.ee\/ru\/wp-json\/wp\/v2\/product\/19053","targetHints":{"allow":["GET"]}}],"collection":[{"href":"https:\/\/beautyinstitute.ee\/ru\/wp-json\/wp\/v2\/product"}],"about":[{"href":"https:\/\/beautyinstitute.ee\/ru\/wp-json\/wp\/v2\/types\/product"}],"wp:featuredmedia":[{"embeddable":true,"href":"https:\/\/beautyinstitute.ee\/ru\/wp-json\/wp\/v2\/media\/19054"}],"wp:attachment":[{"href":"https:\/\/beautyinstitute.ee\/ru\/wp-json\/wp\/v2\/media?parent=19053"}],"wp:term":[{"taxonomy":"product_cat","embeddable":true,"href":"https:\/\/beautyinstitute.ee\/ru\/wp-json\/wp\/v2\/product_cat?post=19053"},{"taxonomy":"product_tag","embeddable":true,"href":"https:\/\/beautyinstitute.ee\/ru\/wp-json\/wp\/v2\/product_tag?post=19053"}],"curies":[{"name":"wp","href":"https:\/\/api.w.org\/{rel}","templated":true}]}}