{"id":19737,"date":"2022-10-24T18:22:25","date_gmt":"2022-10-24T15:22:25","guid":{"rendered":"https:\/\/beautyinstitute.ee\/?post_type=product&#038;p=19737"},"modified":"2026-04-15T10:44:09","modified_gmt":"2026-04-15T07:44:09","slug":"hand-nail-care-hualuroonhappega-125ml","status":"publish","type":"product","link":"https:\/\/beautyinstitute.ee\/ru\/toode\/hand-nail-care-hualuroonhappega-125ml\/","title":{"rendered":"Hand &#038; Nail Care H\u00fcaluroonhappega 125Ml"},"content":{"rendered":"<p><strong>\u00d5rnalt hooldav k\u00e4tekreem kuivadele ja l\u00f5henenud k\u00e4tele.<\/strong><\/p>\n<p>Panthenool annab stressis ja kahjustatud k\u00e4te nahale intensiivse niiskuse ning muudab naha siledaks ja pehmeks.<\/p>\n","protected":false},"excerpt":{"rendered":"<p>\u00d5rnalt hooldav k\u00e4tekreem kuivadele ja l\u00f5henenud k\u00e4tele. Panthenool annab stressis ja kahjustatud k\u00e4te nahale intensiivse niiskuse ning muudab naha siledaks ja pehmeks.<\/p>\n","protected":false},"featured_media":19689,"template":"","meta":{"_acf_changed":false},"product_cat":[254],"product_tag":[],"class_list":["post-19737","product","type-product","status-publish","has-post-thumbnail","hentry","product_cat-katehooldustooted"],"acf":[],"yoast_head":"<!-- This site is optimized with the Yoast SEO plugin v25.4 - https:\/\/yoast.com\/wordpress\/plugins\/seo\/ -->\n<title>Hand &amp; Nail Care H\u00fcaluroonhappega 125Ml - Beauty Institute<\/title>\n<meta name=\"robots\" content=\"index, follow, max-snippet:-1, max-image-preview:large, max-video-preview:-1\" \/>\n<link rel=\"canonical\" href=\"https:\/\/beautyinstitute.ee\/toode\/hand-nail-care-hualuroonhappega-125ml\/\" \/>\n<meta property=\"og:locale\" content=\"ru_RU\" \/>\n<meta property=\"og:type\" content=\"article\" \/>\n<meta property=\"og:title\" content=\"Hand &amp; Nail Care H\u00fcaluroonhappega 125Ml - Beauty Institute\" \/>\n<meta property=\"og:description\" content=\"\u00d5rnalt hooldav k\u00e4tekreem kuivadele ja l\u00f5henenud k\u00e4tele. Panthenool annab stressis ja kahjustatud k\u00e4te nahale intensiivse niiskuse ning muudab naha siledaks ja pehmeks.\" \/>\n<meta property=\"og:url\" content=\"https:\/\/beautyinstitute.ee\/toode\/hand-nail-care-hualuroonhappega-125ml\/\" \/>\n<meta property=\"og:site_name\" content=\"Beauty Institute\" \/>\n<meta property=\"article:modified_time\" content=\"2026-04-15T07:44:09+00:00\" \/>\n<meta name=\"twitter:card\" content=\"summary_large_image\" \/>\n<meta name=\"twitter:site\" content=\"@Beauty_Eesti\" \/>\n<meta name=\"twitter:label1\" content=\"\u041f\u0440\u0438\u043c\u0435\u0440\u043d\u043e\u0435 \u0432\u0440\u0435\u043c\u044f \u0434\u043b\u044f \u0447\u0442\u0435\u043d\u0438\u044f\" \/>\n\t<meta name=\"twitter:data1\" content=\"1 \u043c\u0438\u043d\u0443\u0442\u0430\" \/>\n<script type=\"application\/ld+json\" class=\"yoast-schema-graph\">{\"@context\":\"https:\/\/schema.org\",\"@graph\":[{\"@type\":\"WebPage\",\"@id\":\"https:\/\/beautyinstitute.ee\/toode\/hand-nail-care-hualuroonhappega-125ml\/\",\"url\":\"https:\/\/beautyinstitute.ee\/toode\/hand-nail-care-hualuroonhappega-125ml\/\",\"name\":\"Hand & Nail Care H\u00fcaluroonhappega 125Ml - Beauty Institute\",\"isPartOf\":{\"@id\":\"https:\/\/beautyinstitute.ee\/#website\"},\"primaryImageOfPage\":{\"@id\":\"https:\/\/beautyinstitute.ee\/toode\/hand-nail-care-hualuroonhappega-125ml\/#primaryimage\"},\"image\":{\"@id\":\"https:\/\/beautyinstitute.ee\/toode\/hand-nail-care-hualuroonhappega-125ml\/#primaryimage\"},\"thumbnailUrl\":\"https:\/\/beautyinstitute.ee\/wp-content\/uploads\/2019\/11\/Hand-Nail-Care-Tube-ebene.psd-pdf.jpg\",\"datePublished\":\"2022-10-24T15:22:25+00:00\",\"dateModified\":\"2026-04-15T07:44:09+00:00\",\"breadcrumb\":{\"@id\":\"https:\/\/beautyinstitute.ee\/toode\/hand-nail-care-hualuroonhappega-125ml\/#breadcrumb\"},\"inLanguage\":\"ru-RU\",\"potentialAction\":[{\"@type\":\"ReadAction\",\"target\":[\"https:\/\/beautyinstitute.ee\/toode\/hand-nail-care-hualuroonhappega-125ml\/\"]}]},{\"@type\":\"ImageObject\",\"inLanguage\":\"ru-RU\",\"@id\":\"https:\/\/beautyinstitute.ee\/toode\/hand-nail-care-hualuroonhappega-125ml\/#primaryimage\",\"url\":\"https:\/\/beautyinstitute.ee\/wp-content\/uploads\/2019\/11\/Hand-Nail-Care-Tube-ebene.psd-pdf.jpg\",\"contentUrl\":\"https:\/\/beautyinstitute.ee\/wp-content\/uploads\/2019\/11\/Hand-Nail-Care-Tube-ebene.psd-pdf.jpg\"},{\"@type\":\"BreadcrumbList\",\"@id\":\"https:\/\/beautyinstitute.ee\/toode\/hand-nail-care-hualuroonhappega-125ml\/#breadcrumb\",\"itemListElement\":[{\"@type\":\"ListItem\",\"position\":1,\"name\":\"Home\",\"item\":\"https:\/\/beautyinstitute.ee\/ru\/\"},{\"@type\":\"ListItem\",\"position\":2,\"name\":\"E-pood\",\"item\":\"https:\/\/beautyinstitute.ee\/e-pood\/\"},{\"@type\":\"ListItem\",\"position\":3,\"name\":\"Hand &#038; Nail Care H\u00fcaluroonhappega 125Ml\"}]},{\"@type\":\"WebSite\",\"@id\":\"https:\/\/beautyinstitute.ee\/#website\",\"url\":\"https:\/\/beautyinstitute.ee\/\",\"name\":\"Beauty Institute\",\"description\":\"CNC Cosmetic ametlik maaletooja ja edasim\u00fc\u00fcja Eestis, Soomes, L\u00e4tis. Aparaadikosmeetika, koolitused, kosmeetikatooted.\",\"potentialAction\":[{\"@type\":\"SearchAction\",\"target\":{\"@type\":\"EntryPoint\",\"urlTemplate\":\"https:\/\/beautyinstitute.ee\/?s={search_term_string}\"},\"query-input\":{\"@type\":\"PropertyValueSpecification\",\"valueRequired\":true,\"valueName\":\"search_term_string\"}}],\"inLanguage\":\"ru-RU\"}]}<\/script>\n<!-- \/ Yoast SEO plugin. -->","yoast_head_json":{"title":"Hand & Nail Care H\u00fcaluroonhappega 125Ml - Beauty Institute","robots":{"index":"index","follow":"follow","max-snippet":"max-snippet:-1","max-image-preview":"max-image-preview:large","max-video-preview":"max-video-preview:-1"},"canonical":"https:\/\/beautyinstitute.ee\/toode\/hand-nail-care-hualuroonhappega-125ml\/","og_locale":"ru_RU","og_type":"article","og_title":"Hand & Nail Care H\u00fcaluroonhappega 125Ml - Beauty Institute","og_description":"\u00d5rnalt hooldav k\u00e4tekreem kuivadele ja l\u00f5henenud k\u00e4tele. Panthenool annab stressis ja kahjustatud k\u00e4te nahale intensiivse niiskuse ning muudab naha siledaks ja pehmeks.","og_url":"https:\/\/beautyinstitute.ee\/toode\/hand-nail-care-hualuroonhappega-125ml\/","og_site_name":"Beauty Institute","article_modified_time":"2026-04-15T07:44:09+00:00","twitter_card":"summary_large_image","twitter_site":"@Beauty_Eesti","twitter_misc":{"\u041f\u0440\u0438\u043c\u0435\u0440\u043d\u043e\u0435 \u0432\u0440\u0435\u043c\u044f \u0434\u043b\u044f \u0447\u0442\u0435\u043d\u0438\u044f":"1 \u043c\u0438\u043d\u0443\u0442\u0430"},"schema":{"@context":"https:\/\/schema.org","@graph":[{"@type":"WebPage","@id":"https:\/\/beautyinstitute.ee\/toode\/hand-nail-care-hualuroonhappega-125ml\/","url":"https:\/\/beautyinstitute.ee\/toode\/hand-nail-care-hualuroonhappega-125ml\/","name":"Hand & Nail Care H\u00fcaluroonhappega 125Ml - Beauty Institute","isPartOf":{"@id":"https:\/\/beautyinstitute.ee\/#website"},"primaryImageOfPage":{"@id":"https:\/\/beautyinstitute.ee\/toode\/hand-nail-care-hualuroonhappega-125ml\/#primaryimage"},"image":{"@id":"https:\/\/beautyinstitute.ee\/toode\/hand-nail-care-hualuroonhappega-125ml\/#primaryimage"},"thumbnailUrl":"https:\/\/beautyinstitute.ee\/wp-content\/uploads\/2019\/11\/Hand-Nail-Care-Tube-ebene.psd-pdf.jpg","datePublished":"2022-10-24T15:22:25+00:00","dateModified":"2026-04-15T07:44:09+00:00","breadcrumb":{"@id":"https:\/\/beautyinstitute.ee\/toode\/hand-nail-care-hualuroonhappega-125ml\/#breadcrumb"},"inLanguage":"ru-RU","potentialAction":[{"@type":"ReadAction","target":["https:\/\/beautyinstitute.ee\/toode\/hand-nail-care-hualuroonhappega-125ml\/"]}]},{"@type":"ImageObject","inLanguage":"ru-RU","@id":"https:\/\/beautyinstitute.ee\/toode\/hand-nail-care-hualuroonhappega-125ml\/#primaryimage","url":"https:\/\/beautyinstitute.ee\/wp-content\/uploads\/2019\/11\/Hand-Nail-Care-Tube-ebene.psd-pdf.jpg","contentUrl":"https:\/\/beautyinstitute.ee\/wp-content\/uploads\/2019\/11\/Hand-Nail-Care-Tube-ebene.psd-pdf.jpg"},{"@type":"BreadcrumbList","@id":"https:\/\/beautyinstitute.ee\/toode\/hand-nail-care-hualuroonhappega-125ml\/#breadcrumb","itemListElement":[{"@type":"ListItem","position":1,"name":"Home","item":"https:\/\/beautyinstitute.ee\/ru\/"},{"@type":"ListItem","position":2,"name":"E-pood","item":"https:\/\/beautyinstitute.ee\/e-pood\/"},{"@type":"ListItem","position":3,"name":"Hand &#038; Nail Care H\u00fcaluroonhappega 125Ml"}]},{"@type":"WebSite","@id":"https:\/\/beautyinstitute.ee\/#website","url":"https:\/\/beautyinstitute.ee\/","name":"Beauty Institute","description":"CNC Cosmetic ametlik maaletooja ja edasim\u00fc\u00fcja Eestis, Soomes, L\u00e4tis. Aparaadikosmeetika, koolitused, kosmeetikatooted.","potentialAction":[{"@type":"SearchAction","target":{"@type":"EntryPoint","urlTemplate":"https:\/\/beautyinstitute.ee\/?s={search_term_string}"},"query-input":{"@type":"PropertyValueSpecification","valueRequired":true,"valueName":"search_term_string"}}],"inLanguage":"ru-RU"}]}},"_links":{"self":[{"href":"https:\/\/beautyinstitute.ee\/ru\/wp-json\/wp\/v2\/product\/19737","targetHints":{"allow":["GET"]}}],"collection":[{"href":"https:\/\/beautyinstitute.ee\/ru\/wp-json\/wp\/v2\/product"}],"about":[{"href":"https:\/\/beautyinstitute.ee\/ru\/wp-json\/wp\/v2\/types\/product"}],"wp:featuredmedia":[{"embeddable":true,"href":"https:\/\/beautyinstitute.ee\/ru\/wp-json\/wp\/v2\/media\/19689"}],"wp:attachment":[{"href":"https:\/\/beautyinstitute.ee\/ru\/wp-json\/wp\/v2\/media?parent=19737"}],"wp:term":[{"taxonomy":"product_cat","embeddable":true,"href":"https:\/\/beautyinstitute.ee\/ru\/wp-json\/wp\/v2\/product_cat?post=19737"},{"taxonomy":"product_tag","embeddable":true,"href":"https:\/\/beautyinstitute.ee\/ru\/wp-json\/wp\/v2\/product_tag?post=19737"}],"curies":[{"name":"wp","href":"https:\/\/api.w.org\/{rel}","templated":true}]}}