{"id":20017,"date":"2022-11-17T15:04:46","date_gmt":"2022-11-17T13:04:46","guid":{"rendered":"https:\/\/beautyinstitute.ee\/?post_type=product&#038;p=20017"},"modified":"2026-04-23T13:17:28","modified_gmt":"2026-04-23T10:17:28","slug":"niacin-transform-seerum","status":"publish","type":"product","link":"https:\/\/beautyinstitute.ee\/ru\/toode\/niacin-transform-seerum\/","title":{"rendered":"Niacin Transform Seerum"},"content":{"rendered":"<p>Intensiivne toiteseerum, annab nahale s\u00e4ra ja klaari v\u00e4limuse. \u00a0 Niatsiini (B3) ja traneksaamhappega seerum \u00fchtlustab naha tooni, ahendab ja puhastab poore. \u00a0Seerum v\u00f5itleb h\u00fcperpigmentatsiooni vastu ja ennetab uue teket. Vitamiinid ja kahemolekulaarne h\u00fcaluroonhape kaitsevad oks\u00fcdatiivse stressi eest, tugevdavad nahabarj\u00e4\u00e4ri ja varustavad nahka niiskusega. V\u00e4hendab kortse, rahustab \u00e4rritunut ja punetavat nahka ja v\u00e4hendab p\u00f5letikulisi protsesse.<\/p>\n<p>Sobilik: K\u00f5ik nahat\u00fc\u00fcbid, eriti h\u00fcperpigmenteeritud nahk ja akne<\/p>\n<p>Toimeained: traneksaamhape, niatsiin (B3), vitamiinikompleks (C, E, B5, B6), kahemolekulaarne h\u00fcaluroonhape, valgendava toimega h\u00fcaluroonhape, pentavitiin, sheav\u00f5i, makadaamiap\u00e4hkli\u00f5li<\/p>\n<p>Kandke \u00f5htul puhastatud nahale ja masseerige \u00f5rnalt. \u00a0Seej\u00e4rel j\u00e4tkake tavalise \u00a0\u00f6ise hooldusega.<\/p>\n<p>NB! Toode ei ole sobilik kasutamiseks raseduse ja imetamise ajal.<\/p>\n<p>&nbsp;<\/p>\n<pre id=\"tw-target-text\" class=\"tw-data-text tw-text-large tw-ta\" dir=\"ltr\" data-placeholder=\"T\u00f5lge\"><\/pre>\n<pre id=\"tw-target-text\" class=\"tw-data-text tw-text-large tw-ta\" dir=\"ltr\" data-placeholder=\"T\u00f5lge\"><span class=\"Y2IQFc\" lang=\"et\">.<\/span><\/pre>\n<p>&nbsp;<\/p>\n<p>&nbsp;<\/p>\n","protected":false},"excerpt":{"rendered":"<p>Intensiivne toiteseerum, annab nahale s\u00e4ra ja klaari v\u00e4limuse. \u00a0 Niatsiini (B3) ja traneksaamhappega seerum \u00fchtlustab naha tooni, ahendab ja puhastab poore. \u00a0Seerum v\u00f5itleb h\u00fcperpigmentatsiooni vastu ja ennetab uue teket. Vitamiinid ja kahemolekulaarne h\u00fcaluroonhape kaitsevad oks\u00fcdatiivse stressi eest, tugevdavad nahabarj\u00e4\u00e4ri ja varustavad nahka niiskusega. V\u00e4hendab kortse, rahustab \u00e4rritunut ja punetavat nahka ja v\u00e4hendab p\u00f5letikulisi protsesse. Sobilik: [&hellip;]<\/p>\n","protected":false},"featured_media":20018,"template":"","meta":{"_acf_changed":false},"product_cat":[249,118],"product_tag":[],"class_list":["post-20017","product","type-product","status-publish","has-post-thumbnail","hentry","product_cat-seerumid-2","product_cat-aesthetic-world"],"acf":[],"yoast_head":"<!-- This site is optimized with the Yoast SEO plugin v25.4 - https:\/\/yoast.com\/wordpress\/plugins\/seo\/ -->\n<title>Niacin Transform Seerum - Beauty Institute<\/title>\n<meta name=\"robots\" content=\"index, follow, max-snippet:-1, max-image-preview:large, max-video-preview:-1\" \/>\n<link rel=\"canonical\" href=\"https:\/\/beautyinstitute.ee\/toode\/niacin-transform-seerum\/\" \/>\n<meta property=\"og:locale\" content=\"ru_RU\" \/>\n<meta property=\"og:type\" content=\"article\" \/>\n<meta property=\"og:title\" content=\"Niacin Transform Seerum - Beauty Institute\" \/>\n<meta property=\"og:description\" content=\"Intensiivne toiteseerum, annab nahale s\u00e4ra ja klaari v\u00e4limuse. \u00a0 Niatsiini (B3) ja traneksaamhappega seerum \u00fchtlustab naha tooni, ahendab ja puhastab poore. \u00a0Seerum v\u00f5itleb h\u00fcperpigmentatsiooni vastu ja ennetab uue teket. Vitamiinid ja kahemolekulaarne h\u00fcaluroonhape kaitsevad oks\u00fcdatiivse stressi eest, tugevdavad nahabarj\u00e4\u00e4ri ja varustavad nahka niiskusega. V\u00e4hendab kortse, rahustab \u00e4rritunut ja punetavat nahka ja v\u00e4hendab p\u00f5letikulisi protsesse. Sobilik: [&hellip;]\" \/>\n<meta property=\"og:url\" content=\"https:\/\/beautyinstitute.ee\/toode\/niacin-transform-seerum\/\" \/>\n<meta property=\"og:site_name\" content=\"Beauty Institute\" \/>\n<meta property=\"article:modified_time\" content=\"2026-04-23T10:17:28+00:00\" \/>\n<meta property=\"og:image\" content=\"https:\/\/beautyinstitute.ee\/wp-content\/uploads\/2022\/11\/niacinamid.jpeg\" \/>\n\t<meta property=\"og:image:width\" content=\"2083\" \/>\n\t<meta property=\"og:image:height\" content=\"2083\" \/>\n\t<meta property=\"og:image:type\" content=\"image\/jpeg\" \/>\n<meta name=\"twitter:card\" content=\"summary_large_image\" \/>\n<meta name=\"twitter:site\" content=\"@Beauty_Eesti\" \/>\n<meta name=\"twitter:label1\" content=\"\u041f\u0440\u0438\u043c\u0435\u0440\u043d\u043e\u0435 \u0432\u0440\u0435\u043c\u044f \u0434\u043b\u044f \u0447\u0442\u0435\u043d\u0438\u044f\" \/>\n\t<meta name=\"twitter:data1\" content=\"1 \u043c\u0438\u043d\u0443\u0442\u0430\" \/>\n<script type=\"application\/ld+json\" class=\"yoast-schema-graph\">{\"@context\":\"https:\/\/schema.org\",\"@graph\":[{\"@type\":\"WebPage\",\"@id\":\"https:\/\/beautyinstitute.ee\/toode\/niacin-transform-seerum\/\",\"url\":\"https:\/\/beautyinstitute.ee\/toode\/niacin-transform-seerum\/\",\"name\":\"Niacin Transform Seerum - Beauty Institute\",\"isPartOf\":{\"@id\":\"https:\/\/beautyinstitute.ee\/#website\"},\"primaryImageOfPage\":{\"@id\":\"https:\/\/beautyinstitute.ee\/toode\/niacin-transform-seerum\/#primaryimage\"},\"image\":{\"@id\":\"https:\/\/beautyinstitute.ee\/toode\/niacin-transform-seerum\/#primaryimage\"},\"thumbnailUrl\":\"https:\/\/beautyinstitute.ee\/wp-content\/uploads\/2022\/11\/niacinamid.jpeg\",\"datePublished\":\"2022-11-17T13:04:46+00:00\",\"dateModified\":\"2026-04-23T10:17:28+00:00\",\"breadcrumb\":{\"@id\":\"https:\/\/beautyinstitute.ee\/toode\/niacin-transform-seerum\/#breadcrumb\"},\"inLanguage\":\"ru-RU\",\"potentialAction\":[{\"@type\":\"ReadAction\",\"target\":[\"https:\/\/beautyinstitute.ee\/toode\/niacin-transform-seerum\/\"]}]},{\"@type\":\"ImageObject\",\"inLanguage\":\"ru-RU\",\"@id\":\"https:\/\/beautyinstitute.ee\/toode\/niacin-transform-seerum\/#primaryimage\",\"url\":\"https:\/\/beautyinstitute.ee\/wp-content\/uploads\/2022\/11\/niacinamid.jpeg\",\"contentUrl\":\"https:\/\/beautyinstitute.ee\/wp-content\/uploads\/2022\/11\/niacinamid.jpeg\",\"width\":2083,\"height\":2083},{\"@type\":\"BreadcrumbList\",\"@id\":\"https:\/\/beautyinstitute.ee\/toode\/niacin-transform-seerum\/#breadcrumb\",\"itemListElement\":[{\"@type\":\"ListItem\",\"position\":1,\"name\":\"Home\",\"item\":\"https:\/\/beautyinstitute.ee\/ru\/\"},{\"@type\":\"ListItem\",\"position\":2,\"name\":\"E-pood\",\"item\":\"https:\/\/beautyinstitute.ee\/e-pood\/\"},{\"@type\":\"ListItem\",\"position\":3,\"name\":\"Niacin Transform Seerum\"}]},{\"@type\":\"WebSite\",\"@id\":\"https:\/\/beautyinstitute.ee\/#website\",\"url\":\"https:\/\/beautyinstitute.ee\/\",\"name\":\"Beauty Institute\",\"description\":\"CNC Cosmetic ametlik maaletooja ja edasim\u00fc\u00fcja Eestis, Soomes, L\u00e4tis. Aparaadikosmeetika, koolitused, kosmeetikatooted.\",\"potentialAction\":[{\"@type\":\"SearchAction\",\"target\":{\"@type\":\"EntryPoint\",\"urlTemplate\":\"https:\/\/beautyinstitute.ee\/?s={search_term_string}\"},\"query-input\":{\"@type\":\"PropertyValueSpecification\",\"valueRequired\":true,\"valueName\":\"search_term_string\"}}],\"inLanguage\":\"ru-RU\"}]}<\/script>\n<!-- \/ Yoast SEO plugin. -->","yoast_head_json":{"title":"Niacin Transform Seerum - Beauty Institute","robots":{"index":"index","follow":"follow","max-snippet":"max-snippet:-1","max-image-preview":"max-image-preview:large","max-video-preview":"max-video-preview:-1"},"canonical":"https:\/\/beautyinstitute.ee\/toode\/niacin-transform-seerum\/","og_locale":"ru_RU","og_type":"article","og_title":"Niacin Transform Seerum - Beauty Institute","og_description":"Intensiivne toiteseerum, annab nahale s\u00e4ra ja klaari v\u00e4limuse. \u00a0 Niatsiini (B3) ja traneksaamhappega seerum \u00fchtlustab naha tooni, ahendab ja puhastab poore. \u00a0Seerum v\u00f5itleb h\u00fcperpigmentatsiooni vastu ja ennetab uue teket. Vitamiinid ja kahemolekulaarne h\u00fcaluroonhape kaitsevad oks\u00fcdatiivse stressi eest, tugevdavad nahabarj\u00e4\u00e4ri ja varustavad nahka niiskusega. V\u00e4hendab kortse, rahustab \u00e4rritunut ja punetavat nahka ja v\u00e4hendab p\u00f5letikulisi protsesse. Sobilik: [&hellip;]","og_url":"https:\/\/beautyinstitute.ee\/toode\/niacin-transform-seerum\/","og_site_name":"Beauty Institute","article_modified_time":"2026-04-23T10:17:28+00:00","og_image":[{"width":2083,"height":2083,"url":"https:\/\/beautyinstitute.ee\/wp-content\/uploads\/2022\/11\/niacinamid.jpeg","type":"image\/jpeg"}],"twitter_card":"summary_large_image","twitter_site":"@Beauty_Eesti","twitter_misc":{"\u041f\u0440\u0438\u043c\u0435\u0440\u043d\u043e\u0435 \u0432\u0440\u0435\u043c\u044f \u0434\u043b\u044f \u0447\u0442\u0435\u043d\u0438\u044f":"1 \u043c\u0438\u043d\u0443\u0442\u0430"},"schema":{"@context":"https:\/\/schema.org","@graph":[{"@type":"WebPage","@id":"https:\/\/beautyinstitute.ee\/toode\/niacin-transform-seerum\/","url":"https:\/\/beautyinstitute.ee\/toode\/niacin-transform-seerum\/","name":"Niacin Transform Seerum - Beauty Institute","isPartOf":{"@id":"https:\/\/beautyinstitute.ee\/#website"},"primaryImageOfPage":{"@id":"https:\/\/beautyinstitute.ee\/toode\/niacin-transform-seerum\/#primaryimage"},"image":{"@id":"https:\/\/beautyinstitute.ee\/toode\/niacin-transform-seerum\/#primaryimage"},"thumbnailUrl":"https:\/\/beautyinstitute.ee\/wp-content\/uploads\/2022\/11\/niacinamid.jpeg","datePublished":"2022-11-17T13:04:46+00:00","dateModified":"2026-04-23T10:17:28+00:00","breadcrumb":{"@id":"https:\/\/beautyinstitute.ee\/toode\/niacin-transform-seerum\/#breadcrumb"},"inLanguage":"ru-RU","potentialAction":[{"@type":"ReadAction","target":["https:\/\/beautyinstitute.ee\/toode\/niacin-transform-seerum\/"]}]},{"@type":"ImageObject","inLanguage":"ru-RU","@id":"https:\/\/beautyinstitute.ee\/toode\/niacin-transform-seerum\/#primaryimage","url":"https:\/\/beautyinstitute.ee\/wp-content\/uploads\/2022\/11\/niacinamid.jpeg","contentUrl":"https:\/\/beautyinstitute.ee\/wp-content\/uploads\/2022\/11\/niacinamid.jpeg","width":2083,"height":2083},{"@type":"BreadcrumbList","@id":"https:\/\/beautyinstitute.ee\/toode\/niacin-transform-seerum\/#breadcrumb","itemListElement":[{"@type":"ListItem","position":1,"name":"Home","item":"https:\/\/beautyinstitute.ee\/ru\/"},{"@type":"ListItem","position":2,"name":"E-pood","item":"https:\/\/beautyinstitute.ee\/e-pood\/"},{"@type":"ListItem","position":3,"name":"Niacin Transform Seerum"}]},{"@type":"WebSite","@id":"https:\/\/beautyinstitute.ee\/#website","url":"https:\/\/beautyinstitute.ee\/","name":"Beauty Institute","description":"CNC Cosmetic ametlik maaletooja ja edasim\u00fc\u00fcja Eestis, Soomes, L\u00e4tis. Aparaadikosmeetika, koolitused, kosmeetikatooted.","potentialAction":[{"@type":"SearchAction","target":{"@type":"EntryPoint","urlTemplate":"https:\/\/beautyinstitute.ee\/?s={search_term_string}"},"query-input":{"@type":"PropertyValueSpecification","valueRequired":true,"valueName":"search_term_string"}}],"inLanguage":"ru-RU"}]}},"_links":{"self":[{"href":"https:\/\/beautyinstitute.ee\/ru\/wp-json\/wp\/v2\/product\/20017","targetHints":{"allow":["GET"]}}],"collection":[{"href":"https:\/\/beautyinstitute.ee\/ru\/wp-json\/wp\/v2\/product"}],"about":[{"href":"https:\/\/beautyinstitute.ee\/ru\/wp-json\/wp\/v2\/types\/product"}],"wp:featuredmedia":[{"embeddable":true,"href":"https:\/\/beautyinstitute.ee\/ru\/wp-json\/wp\/v2\/media\/20018"}],"wp:attachment":[{"href":"https:\/\/beautyinstitute.ee\/ru\/wp-json\/wp\/v2\/media?parent=20017"}],"wp:term":[{"taxonomy":"product_cat","embeddable":true,"href":"https:\/\/beautyinstitute.ee\/ru\/wp-json\/wp\/v2\/product_cat?post=20017"},{"taxonomy":"product_tag","embeddable":true,"href":"https:\/\/beautyinstitute.ee\/ru\/wp-json\/wp\/v2\/product_tag?post=20017"}],"curies":[{"name":"wp","href":"https:\/\/api.w.org\/{rel}","templated":true}]}}