{"id":21744,"date":"2023-01-17T12:47:48","date_gmt":"2023-01-17T10:47:48","guid":{"rendered":"https:\/\/beautyinstitute.ee\/?post_type=product&#038;p=21744"},"modified":"2026-03-23T13:12:08","modified_gmt":"2026-03-23T11:12:08","slug":"mikrozid-universal-pinnasobralikud-puhastuslapid-150tk-purgis","status":"publish","type":"product","link":"https:\/\/beautyinstitute.ee\/ru\/toode\/mikrozid-universal-pinnasobralikud-puhastuslapid-150tk-purgis\/","title":{"rendered":"Mikrozid Universal, Pinnas\u00f5bralikud Puhastuslapid, 150Tk Purgis"},"content":{"rendered":"<p><strong>Pinnas\u00f5bralikud puhastuslapid, 150 tk pakis<\/strong><\/p>\n<p>Kasutusvalmis salvr\u00e4tikud igasuguste seadmete ja pindade desinfitseerimiseks.<\/p>\n<p>NB! Sisaldab alkoholi<\/p>\n<p>Tegemist on materjalis\u00f5bralikku desinfektsioonivahendiga.<\/p>\n<ul>\n<li>kiire efekt ( 30 sek)<\/li>\n<li>dermatoloogiliselt testitud<\/li>\n<li>kvaliteetsed ja suured salvr\u00e4tikud<\/li>\n<li>v\u00e4rvaine ja l\u00f5hnavaba<\/li>\n<li>suurep\u00e4rane puhastustulemus<\/li>\n<\/ul>\n","protected":false},"excerpt":{"rendered":"<p>Pinnas\u00f5bralikud puhastuslapid, 150 tk pakis Kasutusvalmis salvr\u00e4tikud igasuguste seadmete ja pindade desinfitseerimiseks. NB! Sisaldab alkoholi Tegemist on materjalis\u00f5bralikku desinfektsioonivahendiga. kiire efekt ( 30 sek) dermatoloogiliselt testitud kvaliteetsed ja suured salvr\u00e4tikud v\u00e4rvaine ja l\u00f5hnavaba suurep\u00e4rane puhastustulemus<\/p>\n","protected":false},"featured_media":21745,"template":"","meta":{"_acf_changed":false},"product_cat":[191],"product_tag":[],"class_list":["post-21744","product","type-product","status-publish","has-post-thumbnail","hentry","product_cat-kabineti-tooted"],"acf":[],"yoast_head":"<!-- This site is optimized with the Yoast SEO plugin v25.4 - https:\/\/yoast.com\/wordpress\/plugins\/seo\/ -->\n<title>Mikrozid Universal, Pinnas\u00f5bralikud Puhastuslapid, 150Tk Purgis - Beauty Institute<\/title>\n<meta name=\"robots\" content=\"index, follow, max-snippet:-1, max-image-preview:large, max-video-preview:-1\" \/>\n<link rel=\"canonical\" href=\"https:\/\/beautyinstitute.ee\/toode\/mikrozid-universal-pinnasobralikud-puhastuslapid-150tk-purgis\/\" \/>\n<meta property=\"og:locale\" content=\"ru_RU\" \/>\n<meta property=\"og:type\" content=\"article\" \/>\n<meta property=\"og:title\" content=\"Mikrozid Universal, Pinnas\u00f5bralikud Puhastuslapid, 150Tk Purgis - Beauty Institute\" \/>\n<meta property=\"og:description\" content=\"Pinnas\u00f5bralikud puhastuslapid, 150 tk pakis Kasutusvalmis salvr\u00e4tikud igasuguste seadmete ja pindade desinfitseerimiseks. NB! Sisaldab alkoholi Tegemist on materjalis\u00f5bralikku desinfektsioonivahendiga. kiire efekt ( 30 sek) dermatoloogiliselt testitud kvaliteetsed ja suured salvr\u00e4tikud v\u00e4rvaine ja l\u00f5hnavaba suurep\u00e4rane puhastustulemus\" \/>\n<meta property=\"og:url\" content=\"https:\/\/beautyinstitute.ee\/toode\/mikrozid-universal-pinnasobralikud-puhastuslapid-150tk-purgis\/\" \/>\n<meta property=\"og:site_name\" content=\"Beauty Institute\" \/>\n<meta property=\"article:modified_time\" content=\"2026-03-23T11:12:08+00:00\" \/>\n<meta property=\"og:image\" content=\"https:\/\/beautyinstitute.ee\/wp-content\/uploads\/2023\/01\/mikrozid-af-wipes-.jpg\" \/>\n\t<meta property=\"og:image:width\" content=\"1182\" \/>\n\t<meta property=\"og:image:height\" content=\"1182\" \/>\n\t<meta property=\"og:image:type\" content=\"image\/jpeg\" \/>\n<meta name=\"twitter:card\" content=\"summary_large_image\" \/>\n<meta name=\"twitter:site\" content=\"@Beauty_Eesti\" \/>\n<meta name=\"twitter:label1\" content=\"\u041f\u0440\u0438\u043c\u0435\u0440\u043d\u043e\u0435 \u0432\u0440\u0435\u043c\u044f \u0434\u043b\u044f \u0447\u0442\u0435\u043d\u0438\u044f\" \/>\n\t<meta name=\"twitter:data1\" content=\"1 \u043c\u0438\u043d\u0443\u0442\u0430\" \/>\n<script type=\"application\/ld+json\" class=\"yoast-schema-graph\">{\"@context\":\"https:\/\/schema.org\",\"@graph\":[{\"@type\":\"WebPage\",\"@id\":\"https:\/\/beautyinstitute.ee\/toode\/mikrozid-universal-pinnasobralikud-puhastuslapid-150tk-purgis\/\",\"url\":\"https:\/\/beautyinstitute.ee\/toode\/mikrozid-universal-pinnasobralikud-puhastuslapid-150tk-purgis\/\",\"name\":\"Mikrozid Universal, Pinnas\u00f5bralikud Puhastuslapid, 150Tk Purgis - Beauty Institute\",\"isPartOf\":{\"@id\":\"https:\/\/beautyinstitute.ee\/#website\"},\"primaryImageOfPage\":{\"@id\":\"https:\/\/beautyinstitute.ee\/toode\/mikrozid-universal-pinnasobralikud-puhastuslapid-150tk-purgis\/#primaryimage\"},\"image\":{\"@id\":\"https:\/\/beautyinstitute.ee\/toode\/mikrozid-universal-pinnasobralikud-puhastuslapid-150tk-purgis\/#primaryimage\"},\"thumbnailUrl\":\"https:\/\/beautyinstitute.ee\/wp-content\/uploads\/2023\/01\/mikrozid-af-wipes-.jpg\",\"datePublished\":\"2023-01-17T10:47:48+00:00\",\"dateModified\":\"2026-03-23T11:12:08+00:00\",\"breadcrumb\":{\"@id\":\"https:\/\/beautyinstitute.ee\/toode\/mikrozid-universal-pinnasobralikud-puhastuslapid-150tk-purgis\/#breadcrumb\"},\"inLanguage\":\"ru-RU\",\"potentialAction\":[{\"@type\":\"ReadAction\",\"target\":[\"https:\/\/beautyinstitute.ee\/toode\/mikrozid-universal-pinnasobralikud-puhastuslapid-150tk-purgis\/\"]}]},{\"@type\":\"ImageObject\",\"inLanguage\":\"ru-RU\",\"@id\":\"https:\/\/beautyinstitute.ee\/toode\/mikrozid-universal-pinnasobralikud-puhastuslapid-150tk-purgis\/#primaryimage\",\"url\":\"https:\/\/beautyinstitute.ee\/wp-content\/uploads\/2023\/01\/mikrozid-af-wipes-.jpg\",\"contentUrl\":\"https:\/\/beautyinstitute.ee\/wp-content\/uploads\/2023\/01\/mikrozid-af-wipes-.jpg\",\"width\":1182,\"height\":1182},{\"@type\":\"BreadcrumbList\",\"@id\":\"https:\/\/beautyinstitute.ee\/toode\/mikrozid-universal-pinnasobralikud-puhastuslapid-150tk-purgis\/#breadcrumb\",\"itemListElement\":[{\"@type\":\"ListItem\",\"position\":1,\"name\":\"Home\",\"item\":\"https:\/\/beautyinstitute.ee\/ru\/\"},{\"@type\":\"ListItem\",\"position\":2,\"name\":\"E-pood\",\"item\":\"https:\/\/beautyinstitute.ee\/e-pood\/\"},{\"@type\":\"ListItem\",\"position\":3,\"name\":\"Mikrozid Universal, Pinnas\u00f5bralikud Puhastuslapid, 150Tk Purgis\"}]},{\"@type\":\"WebSite\",\"@id\":\"https:\/\/beautyinstitute.ee\/#website\",\"url\":\"https:\/\/beautyinstitute.ee\/\",\"name\":\"Beauty Institute\",\"description\":\"CNC Cosmetic ametlik maaletooja ja edasim\u00fc\u00fcja Eestis, Soomes, L\u00e4tis. Aparaadikosmeetika, koolitused, kosmeetikatooted.\",\"potentialAction\":[{\"@type\":\"SearchAction\",\"target\":{\"@type\":\"EntryPoint\",\"urlTemplate\":\"https:\/\/beautyinstitute.ee\/?s={search_term_string}\"},\"query-input\":{\"@type\":\"PropertyValueSpecification\",\"valueRequired\":true,\"valueName\":\"search_term_string\"}}],\"inLanguage\":\"ru-RU\"}]}<\/script>\n<!-- \/ Yoast SEO plugin. -->","yoast_head_json":{"title":"Mikrozid Universal, Pinnas\u00f5bralikud Puhastuslapid, 150Tk Purgis - Beauty Institute","robots":{"index":"index","follow":"follow","max-snippet":"max-snippet:-1","max-image-preview":"max-image-preview:large","max-video-preview":"max-video-preview:-1"},"canonical":"https:\/\/beautyinstitute.ee\/toode\/mikrozid-universal-pinnasobralikud-puhastuslapid-150tk-purgis\/","og_locale":"ru_RU","og_type":"article","og_title":"Mikrozid Universal, Pinnas\u00f5bralikud Puhastuslapid, 150Tk Purgis - Beauty Institute","og_description":"Pinnas\u00f5bralikud puhastuslapid, 150 tk pakis Kasutusvalmis salvr\u00e4tikud igasuguste seadmete ja pindade desinfitseerimiseks. NB! Sisaldab alkoholi Tegemist on materjalis\u00f5bralikku desinfektsioonivahendiga. kiire efekt ( 30 sek) dermatoloogiliselt testitud kvaliteetsed ja suured salvr\u00e4tikud v\u00e4rvaine ja l\u00f5hnavaba suurep\u00e4rane puhastustulemus","og_url":"https:\/\/beautyinstitute.ee\/toode\/mikrozid-universal-pinnasobralikud-puhastuslapid-150tk-purgis\/","og_site_name":"Beauty Institute","article_modified_time":"2026-03-23T11:12:08+00:00","og_image":[{"width":1182,"height":1182,"url":"https:\/\/beautyinstitute.ee\/wp-content\/uploads\/2023\/01\/mikrozid-af-wipes-.jpg","type":"image\/jpeg"}],"twitter_card":"summary_large_image","twitter_site":"@Beauty_Eesti","twitter_misc":{"\u041f\u0440\u0438\u043c\u0435\u0440\u043d\u043e\u0435 \u0432\u0440\u0435\u043c\u044f \u0434\u043b\u044f \u0447\u0442\u0435\u043d\u0438\u044f":"1 \u043c\u0438\u043d\u0443\u0442\u0430"},"schema":{"@context":"https:\/\/schema.org","@graph":[{"@type":"WebPage","@id":"https:\/\/beautyinstitute.ee\/toode\/mikrozid-universal-pinnasobralikud-puhastuslapid-150tk-purgis\/","url":"https:\/\/beautyinstitute.ee\/toode\/mikrozid-universal-pinnasobralikud-puhastuslapid-150tk-purgis\/","name":"Mikrozid Universal, Pinnas\u00f5bralikud Puhastuslapid, 150Tk Purgis - Beauty Institute","isPartOf":{"@id":"https:\/\/beautyinstitute.ee\/#website"},"primaryImageOfPage":{"@id":"https:\/\/beautyinstitute.ee\/toode\/mikrozid-universal-pinnasobralikud-puhastuslapid-150tk-purgis\/#primaryimage"},"image":{"@id":"https:\/\/beautyinstitute.ee\/toode\/mikrozid-universal-pinnasobralikud-puhastuslapid-150tk-purgis\/#primaryimage"},"thumbnailUrl":"https:\/\/beautyinstitute.ee\/wp-content\/uploads\/2023\/01\/mikrozid-af-wipes-.jpg","datePublished":"2023-01-17T10:47:48+00:00","dateModified":"2026-03-23T11:12:08+00:00","breadcrumb":{"@id":"https:\/\/beautyinstitute.ee\/toode\/mikrozid-universal-pinnasobralikud-puhastuslapid-150tk-purgis\/#breadcrumb"},"inLanguage":"ru-RU","potentialAction":[{"@type":"ReadAction","target":["https:\/\/beautyinstitute.ee\/toode\/mikrozid-universal-pinnasobralikud-puhastuslapid-150tk-purgis\/"]}]},{"@type":"ImageObject","inLanguage":"ru-RU","@id":"https:\/\/beautyinstitute.ee\/toode\/mikrozid-universal-pinnasobralikud-puhastuslapid-150tk-purgis\/#primaryimage","url":"https:\/\/beautyinstitute.ee\/wp-content\/uploads\/2023\/01\/mikrozid-af-wipes-.jpg","contentUrl":"https:\/\/beautyinstitute.ee\/wp-content\/uploads\/2023\/01\/mikrozid-af-wipes-.jpg","width":1182,"height":1182},{"@type":"BreadcrumbList","@id":"https:\/\/beautyinstitute.ee\/toode\/mikrozid-universal-pinnasobralikud-puhastuslapid-150tk-purgis\/#breadcrumb","itemListElement":[{"@type":"ListItem","position":1,"name":"Home","item":"https:\/\/beautyinstitute.ee\/ru\/"},{"@type":"ListItem","position":2,"name":"E-pood","item":"https:\/\/beautyinstitute.ee\/e-pood\/"},{"@type":"ListItem","position":3,"name":"Mikrozid Universal, Pinnas\u00f5bralikud Puhastuslapid, 150Tk Purgis"}]},{"@type":"WebSite","@id":"https:\/\/beautyinstitute.ee\/#website","url":"https:\/\/beautyinstitute.ee\/","name":"Beauty Institute","description":"CNC Cosmetic ametlik maaletooja ja edasim\u00fc\u00fcja Eestis, Soomes, L\u00e4tis. Aparaadikosmeetika, koolitused, kosmeetikatooted.","potentialAction":[{"@type":"SearchAction","target":{"@type":"EntryPoint","urlTemplate":"https:\/\/beautyinstitute.ee\/?s={search_term_string}"},"query-input":{"@type":"PropertyValueSpecification","valueRequired":true,"valueName":"search_term_string"}}],"inLanguage":"ru-RU"}]}},"_links":{"self":[{"href":"https:\/\/beautyinstitute.ee\/ru\/wp-json\/wp\/v2\/product\/21744","targetHints":{"allow":["GET"]}}],"collection":[{"href":"https:\/\/beautyinstitute.ee\/ru\/wp-json\/wp\/v2\/product"}],"about":[{"href":"https:\/\/beautyinstitute.ee\/ru\/wp-json\/wp\/v2\/types\/product"}],"wp:featuredmedia":[{"embeddable":true,"href":"https:\/\/beautyinstitute.ee\/ru\/wp-json\/wp\/v2\/media\/21745"}],"wp:attachment":[{"href":"https:\/\/beautyinstitute.ee\/ru\/wp-json\/wp\/v2\/media?parent=21744"}],"wp:term":[{"taxonomy":"product_cat","embeddable":true,"href":"https:\/\/beautyinstitute.ee\/ru\/wp-json\/wp\/v2\/product_cat?post=21744"},{"taxonomy":"product_tag","embeddable":true,"href":"https:\/\/beautyinstitute.ee\/ru\/wp-json\/wp\/v2\/product_tag?post=21744"}],"curies":[{"name":"wp","href":"https:\/\/api.w.org\/{rel}","templated":true}]}}