{"id":21817,"date":"2023-01-25T10:58:54","date_gmt":"2023-01-25T08:58:54","guid":{"rendered":"https:\/\/beautyinstitute.ee\/?post_type=product&#038;p=21817"},"modified":"2026-04-21T11:51:59","modified_gmt":"2026-04-21T08:51:59","slug":"ultrasonic-beauty-light-kopeeri","status":"publish","type":"product","link":"https:\/\/beautyinstitute.ee\/ru\/toode\/ultrasonic-beauty-light-kopeeri\/","title":{"rendered":"Ultrasonic Beauty Light"},"content":{"rendered":"<div class=\"page\" title=\"Page 1\">\n<div class=\"layoutArea\">\n<div class=\"column\">\n<p><strong>Profesionaalne kodukasutus aparaat<\/strong><\/p>\n<p>Profesionaalne ultraheliaparaat koduseks kasutamiseks ja ka lisa hooldusena salongis kasutamiseks. Aparaat sisaldab kahte funktsiooni: footon e. valgusravi ja ultraheli (3MHz). Unikaalne s\u00fcsteem sisaldab kahte \u00fchendatud funktsiooni, mis on v\u00e4ga t\u00f5husad hooldused k\u00f5rvalraviks (tugi) ja annavad v\u00e4ga efektiivseid tulemusi. Suureneb meie naha kollageeni ja elastiini tootmine, aktiivained j\u00f5uavad takistamatult meie naha kudedesse. Tulemuseks\u00a0pinguldatud ja taastatud nahk, s\u00e4rav ja klaar jume.<\/p>\n<\/div>\n<p><strong>Ultraheli komplekt sisaldab:<\/strong><\/p>\n<ul>\n<li>Aestheic world: Hyaluron Forte Serum, 15 ml<\/li>\n<li>Skin2derm\u00ae cleansing tonic, 30 ml<\/li>\n<li>Classic PLUS: DiHyal Soft Creme, 15 ml<\/li>\n<\/ul>\n<div class=\"column\">\n<div class=\"page\" title=\"Page 1\">\n<div class=\"layoutArea\">\n<div class=\"column\">\n<p><strong>Ultraheli toimemehhanism<\/strong><\/p>\n<ul>\n<li>Soodustab vereringet<\/li>\n<li>Tugevdab veresooni<\/li>\n<li>Rakkude uuenemine<\/li>\n<li>Pikendab nahahoolduse m\u00f5ju (kosmeetiku juures)<\/li>\n<li>Kohene ja pikaajaline m\u00f5ju<\/li>\n<li>Aktiveerib ainevahetust<\/li>\n<\/ul>\n<p><strong>Kellele ?<\/strong><\/p>\n<ul>\n<li>Kortsud, miimika kortsud, longus nahk<\/li>\n<li>Atroofiline nahk<\/li>\n<li>Ebapuhas nahk<\/li>\n<li>Akne armid, akne<\/li>\n<li>Pigmendilaigud, vanusest tulenevad laigud<\/li>\n<li>Kuperoosa<\/li>\n<\/ul>\n<\/div>\n<\/div>\n<\/div>\n<p>Valgusravis kasutatakse erinevaid lainepikkusi (v\u00e4rve), igal v\u00e4rvil on oma ravi eesm\u00e4rk (rahustav, vananemisvastane, ebapuhas nahk jne). Kasutades aparaati koos h\u00fcaluroonhappega ja koduhooldus vahenditega, saavutate maksimaalse soovutud tulemuse.<\/p>\n<div class=\"page\" title=\"Page 3\">\n<div class=\"layoutArea\">\n<div class=\"column\">\n<p><strong>Footon Funktsioon<\/strong><\/p>\n<p><strong>Punane valgus<\/strong><\/p>\n<ul>\n<li>Sobib igale nahat\u00fc\u00fcbile<\/li>\n<li>Punase valguse soojus parandab meie vereringet, kollageeni s\u00fcnteesi,<\/li>\n<li>v\u00e4hedab kortse ja muudab naha elastseks ja siledaks<\/li>\n<li>Elustav m\u00f5ju<\/li>\n<\/ul>\n<div class=\"page\" title=\"Page 4\">\n<div class=\"layoutArea\">\n<div class=\"column\">\n<p><strong>Sinine valgus<\/strong><\/p>\n<\/div>\n<\/div>\n<div class=\"layoutArea\">\n<div class=\"column\">\n<ul>\n<li>Rahustava toimega<\/li>\n<li>Nahale, mis \u00e4rritunud ja millel on l\u00f6\u00f6ve<\/li>\n<li>Tundlikule ja rasusele nahale<\/li>\n<li>Reguleerib rasu nahas, hea kasutada akne ja vistrike ravina<\/li>\n<\/ul>\n<p><strong>Roheline valgus<\/strong><\/p>\n<ul>\n<li>Sobib kombineeritud nahale<\/li>\n<li>Rahustav m\u00f5ju nahale, punetus, \u00e4rritus (kuperoosa)<\/li>\n<li>V\u00e4rskendab ja l\u00f5\u00f5gastab meie nahka<\/li>\n<\/ul>\n<\/div>\n<\/div>\n<\/div>\n<\/div>\n<\/div>\n<\/div>\n<p>Kiire edu hoolduses, tulemused \u00a0silmn\u00e4htavad. Kasuta koos h\u00fcaluroon seerumiga v\u00f5i CNC aktiivaine ampullidega.<\/p>\n<\/div>\n<\/div>\n<\/div>\n","protected":false},"excerpt":{"rendered":"<p>Profesionaalne kodukasutus aparaat Profesionaalne ultraheliaparaat koduseks kasutamiseks ja ka lisa hooldusena salongis kasutamiseks. Aparaat sisaldab kahte funktsiooni: footon e. valgusravi ja ultraheli (3MHz). Unikaalne s\u00fcsteem sisaldab kahte \u00fchendatud funktsiooni, mis on v\u00e4ga t\u00f5husad hooldused k\u00f5rvalraviks (tugi) ja annavad v\u00e4ga efektiivseid tulemusi. Suureneb meie naha kollageeni ja elastiini tootmine, aktiivained j\u00f5uavad takistamatult meie naha kudedesse. Tulemuseks\u00a0pinguldatud [&hellip;]<\/p>\n","protected":false},"featured_media":4391,"template":"","meta":{"_acf_changed":false},"product_cat":[115,135],"product_tag":[],"class_list":["post-21817","product","type-product","status-publish","has-post-thumbnail","hentry","product_cat-aparaadi-kontseptsioonid","product_cat-ultrasonic-beauty-light"],"acf":[],"yoast_head":"<!-- This site is optimized with the Yoast SEO plugin v25.4 - https:\/\/yoast.com\/wordpress\/plugins\/seo\/ -->\n<title>Ultrasonic Beauty Light - Beauty Institute<\/title>\n<meta name=\"robots\" content=\"index, follow, max-snippet:-1, max-image-preview:large, max-video-preview:-1\" \/>\n<link rel=\"canonical\" href=\"https:\/\/beautyinstitute.ee\/toode\/ultrasonic-beauty-light-kopeeri\/\" \/>\n<meta property=\"og:locale\" content=\"ru_RU\" \/>\n<meta property=\"og:type\" content=\"article\" \/>\n<meta property=\"og:title\" content=\"Ultrasonic Beauty Light - Beauty Institute\" \/>\n<meta property=\"og:description\" content=\"Profesionaalne kodukasutus aparaat Profesionaalne ultraheliaparaat koduseks kasutamiseks ja ka lisa hooldusena salongis kasutamiseks. Aparaat sisaldab kahte funktsiooni: footon e. valgusravi ja ultraheli (3MHz). Unikaalne s\u00fcsteem sisaldab kahte \u00fchendatud funktsiooni, mis on v\u00e4ga t\u00f5husad hooldused k\u00f5rvalraviks (tugi) ja annavad v\u00e4ga efektiivseid tulemusi. Suureneb meie naha kollageeni ja elastiini tootmine, aktiivained j\u00f5uavad takistamatult meie naha kudedesse. Tulemuseks\u00a0pinguldatud [&hellip;]\" \/>\n<meta property=\"og:url\" content=\"https:\/\/beautyinstitute.ee\/toode\/ultrasonic-beauty-light-kopeeri\/\" \/>\n<meta property=\"og:site_name\" content=\"Beauty Institute\" \/>\n<meta property=\"article:modified_time\" content=\"2026-04-21T08:51:59+00:00\" \/>\n<meta property=\"og:image\" content=\"https:\/\/beautyinstitute.ee\/wp-content\/uploads\/2019\/08\/ultrasonic.jpg\" \/>\n\t<meta property=\"og:image:width\" content=\"1170\" \/>\n\t<meta property=\"og:image:height\" content=\"420\" \/>\n\t<meta property=\"og:image:type\" content=\"image\/jpeg\" \/>\n<meta name=\"twitter:card\" content=\"summary_large_image\" \/>\n<meta name=\"twitter:site\" content=\"@Beauty_Eesti\" \/>\n<meta name=\"twitter:label1\" content=\"\u041f\u0440\u0438\u043c\u0435\u0440\u043d\u043e\u0435 \u0432\u0440\u0435\u043c\u044f \u0434\u043b\u044f \u0447\u0442\u0435\u043d\u0438\u044f\" \/>\n\t<meta name=\"twitter:data1\" content=\"2 \u043c\u0438\u043d\u0443\u0442\u044b\" \/>\n<script type=\"application\/ld+json\" class=\"yoast-schema-graph\">{\"@context\":\"https:\/\/schema.org\",\"@graph\":[{\"@type\":\"WebPage\",\"@id\":\"https:\/\/beautyinstitute.ee\/toode\/ultrasonic-beauty-light-kopeeri\/\",\"url\":\"https:\/\/beautyinstitute.ee\/toode\/ultrasonic-beauty-light-kopeeri\/\",\"name\":\"Ultrasonic Beauty Light - Beauty Institute\",\"isPartOf\":{\"@id\":\"https:\/\/beautyinstitute.ee\/#website\"},\"primaryImageOfPage\":{\"@id\":\"https:\/\/beautyinstitute.ee\/toode\/ultrasonic-beauty-light-kopeeri\/#primaryimage\"},\"image\":{\"@id\":\"https:\/\/beautyinstitute.ee\/toode\/ultrasonic-beauty-light-kopeeri\/#primaryimage\"},\"thumbnailUrl\":\"https:\/\/beautyinstitute.ee\/wp-content\/uploads\/2019\/08\/ultrasonic.jpg\",\"datePublished\":\"2023-01-25T08:58:54+00:00\",\"dateModified\":\"2026-04-21T08:51:59+00:00\",\"breadcrumb\":{\"@id\":\"https:\/\/beautyinstitute.ee\/toode\/ultrasonic-beauty-light-kopeeri\/#breadcrumb\"},\"inLanguage\":\"ru-RU\",\"potentialAction\":[{\"@type\":\"ReadAction\",\"target\":[\"https:\/\/beautyinstitute.ee\/toode\/ultrasonic-beauty-light-kopeeri\/\"]}]},{\"@type\":\"ImageObject\",\"inLanguage\":\"ru-RU\",\"@id\":\"https:\/\/beautyinstitute.ee\/toode\/ultrasonic-beauty-light-kopeeri\/#primaryimage\",\"url\":\"https:\/\/beautyinstitute.ee\/wp-content\/uploads\/2019\/08\/ultrasonic.jpg\",\"contentUrl\":\"https:\/\/beautyinstitute.ee\/wp-content\/uploads\/2019\/08\/ultrasonic.jpg\",\"width\":1170,\"height\":420},{\"@type\":\"BreadcrumbList\",\"@id\":\"https:\/\/beautyinstitute.ee\/toode\/ultrasonic-beauty-light-kopeeri\/#breadcrumb\",\"itemListElement\":[{\"@type\":\"ListItem\",\"position\":1,\"name\":\"Home\",\"item\":\"https:\/\/beautyinstitute.ee\/ru\/\"},{\"@type\":\"ListItem\",\"position\":2,\"name\":\"E-pood\",\"item\":\"https:\/\/beautyinstitute.ee\/e-pood\/\"},{\"@type\":\"ListItem\",\"position\":3,\"name\":\"Ultrasonic Beauty Light\"}]},{\"@type\":\"WebSite\",\"@id\":\"https:\/\/beautyinstitute.ee\/#website\",\"url\":\"https:\/\/beautyinstitute.ee\/\",\"name\":\"Beauty Institute\",\"description\":\"CNC Cosmetic ametlik maaletooja ja edasim\u00fc\u00fcja Eestis, Soomes, L\u00e4tis. Aparaadikosmeetika, koolitused, kosmeetikatooted.\",\"potentialAction\":[{\"@type\":\"SearchAction\",\"target\":{\"@type\":\"EntryPoint\",\"urlTemplate\":\"https:\/\/beautyinstitute.ee\/?s={search_term_string}\"},\"query-input\":{\"@type\":\"PropertyValueSpecification\",\"valueRequired\":true,\"valueName\":\"search_term_string\"}}],\"inLanguage\":\"ru-RU\"}]}<\/script>\n<!-- \/ Yoast SEO plugin. -->","yoast_head_json":{"title":"Ultrasonic Beauty Light - Beauty Institute","robots":{"index":"index","follow":"follow","max-snippet":"max-snippet:-1","max-image-preview":"max-image-preview:large","max-video-preview":"max-video-preview:-1"},"canonical":"https:\/\/beautyinstitute.ee\/toode\/ultrasonic-beauty-light-kopeeri\/","og_locale":"ru_RU","og_type":"article","og_title":"Ultrasonic Beauty Light - Beauty Institute","og_description":"Profesionaalne kodukasutus aparaat Profesionaalne ultraheliaparaat koduseks kasutamiseks ja ka lisa hooldusena salongis kasutamiseks. Aparaat sisaldab kahte funktsiooni: footon e. valgusravi ja ultraheli (3MHz). Unikaalne s\u00fcsteem sisaldab kahte \u00fchendatud funktsiooni, mis on v\u00e4ga t\u00f5husad hooldused k\u00f5rvalraviks (tugi) ja annavad v\u00e4ga efektiivseid tulemusi. Suureneb meie naha kollageeni ja elastiini tootmine, aktiivained j\u00f5uavad takistamatult meie naha kudedesse. Tulemuseks\u00a0pinguldatud [&hellip;]","og_url":"https:\/\/beautyinstitute.ee\/toode\/ultrasonic-beauty-light-kopeeri\/","og_site_name":"Beauty Institute","article_modified_time":"2026-04-21T08:51:59+00:00","og_image":[{"width":1170,"height":420,"url":"https:\/\/beautyinstitute.ee\/wp-content\/uploads\/2019\/08\/ultrasonic.jpg","type":"image\/jpeg"}],"twitter_card":"summary_large_image","twitter_site":"@Beauty_Eesti","twitter_misc":{"\u041f\u0440\u0438\u043c\u0435\u0440\u043d\u043e\u0435 \u0432\u0440\u0435\u043c\u044f \u0434\u043b\u044f \u0447\u0442\u0435\u043d\u0438\u044f":"2 \u043c\u0438\u043d\u0443\u0442\u044b"},"schema":{"@context":"https:\/\/schema.org","@graph":[{"@type":"WebPage","@id":"https:\/\/beautyinstitute.ee\/toode\/ultrasonic-beauty-light-kopeeri\/","url":"https:\/\/beautyinstitute.ee\/toode\/ultrasonic-beauty-light-kopeeri\/","name":"Ultrasonic Beauty Light - Beauty Institute","isPartOf":{"@id":"https:\/\/beautyinstitute.ee\/#website"},"primaryImageOfPage":{"@id":"https:\/\/beautyinstitute.ee\/toode\/ultrasonic-beauty-light-kopeeri\/#primaryimage"},"image":{"@id":"https:\/\/beautyinstitute.ee\/toode\/ultrasonic-beauty-light-kopeeri\/#primaryimage"},"thumbnailUrl":"https:\/\/beautyinstitute.ee\/wp-content\/uploads\/2019\/08\/ultrasonic.jpg","datePublished":"2023-01-25T08:58:54+00:00","dateModified":"2026-04-21T08:51:59+00:00","breadcrumb":{"@id":"https:\/\/beautyinstitute.ee\/toode\/ultrasonic-beauty-light-kopeeri\/#breadcrumb"},"inLanguage":"ru-RU","potentialAction":[{"@type":"ReadAction","target":["https:\/\/beautyinstitute.ee\/toode\/ultrasonic-beauty-light-kopeeri\/"]}]},{"@type":"ImageObject","inLanguage":"ru-RU","@id":"https:\/\/beautyinstitute.ee\/toode\/ultrasonic-beauty-light-kopeeri\/#primaryimage","url":"https:\/\/beautyinstitute.ee\/wp-content\/uploads\/2019\/08\/ultrasonic.jpg","contentUrl":"https:\/\/beautyinstitute.ee\/wp-content\/uploads\/2019\/08\/ultrasonic.jpg","width":1170,"height":420},{"@type":"BreadcrumbList","@id":"https:\/\/beautyinstitute.ee\/toode\/ultrasonic-beauty-light-kopeeri\/#breadcrumb","itemListElement":[{"@type":"ListItem","position":1,"name":"Home","item":"https:\/\/beautyinstitute.ee\/ru\/"},{"@type":"ListItem","position":2,"name":"E-pood","item":"https:\/\/beautyinstitute.ee\/e-pood\/"},{"@type":"ListItem","position":3,"name":"Ultrasonic Beauty Light"}]},{"@type":"WebSite","@id":"https:\/\/beautyinstitute.ee\/#website","url":"https:\/\/beautyinstitute.ee\/","name":"Beauty Institute","description":"CNC Cosmetic ametlik maaletooja ja edasim\u00fc\u00fcja Eestis, Soomes, L\u00e4tis. Aparaadikosmeetika, koolitused, kosmeetikatooted.","potentialAction":[{"@type":"SearchAction","target":{"@type":"EntryPoint","urlTemplate":"https:\/\/beautyinstitute.ee\/?s={search_term_string}"},"query-input":{"@type":"PropertyValueSpecification","valueRequired":true,"valueName":"search_term_string"}}],"inLanguage":"ru-RU"}]}},"_links":{"self":[{"href":"https:\/\/beautyinstitute.ee\/ru\/wp-json\/wp\/v2\/product\/21817","targetHints":{"allow":["GET"]}}],"collection":[{"href":"https:\/\/beautyinstitute.ee\/ru\/wp-json\/wp\/v2\/product"}],"about":[{"href":"https:\/\/beautyinstitute.ee\/ru\/wp-json\/wp\/v2\/types\/product"}],"wp:featuredmedia":[{"embeddable":true,"href":"https:\/\/beautyinstitute.ee\/ru\/wp-json\/wp\/v2\/media\/4391"}],"wp:attachment":[{"href":"https:\/\/beautyinstitute.ee\/ru\/wp-json\/wp\/v2\/media?parent=21817"}],"wp:term":[{"taxonomy":"product_cat","embeddable":true,"href":"https:\/\/beautyinstitute.ee\/ru\/wp-json\/wp\/v2\/product_cat?post=21817"},{"taxonomy":"product_tag","embeddable":true,"href":"https:\/\/beautyinstitute.ee\/ru\/wp-json\/wp\/v2\/product_tag?post=21817"}],"curies":[{"name":"wp","href":"https:\/\/api.w.org\/{rel}","templated":true}]}}