{"id":21922,"date":"2023-01-31T15:33:43","date_gmt":"2023-01-31T13:33:43","guid":{"rendered":"https:\/\/beautyinstitute.ee\/?post_type=product&#038;p=21922"},"modified":"2026-03-02T11:40:18","modified_gmt":"2026-03-02T09:40:18","slug":"laufwunder-finish-balm-granatapfel","status":"publish","type":"product","link":"https:\/\/beautyinstitute.ee\/ru\/toode\/laufwunder-finish-balm-granatapfel\/","title":{"rendered":"Laufwunder Finish Balm Granatapfel"},"content":{"rendered":"<p>T\u00e4nu tasakaalustatud koostisele j\u00e4tab see kreempalsam p\u00e4rast masseerimist meeldiva tunde nahale. Laufwunder l\u00f5pupalsam hellitab jalgu eksootilise granataa\u00f5una l\u00f5hnaga. Laufwunder niisutav hoolduspalsam on m\u00f5eldud spetsiaalselt jalahoolduse l\u00f5ppu, kuid sobib v\u00e4ga h\u00e4sti ka koduseks jalahoolduseks.<\/p>\n","protected":false},"excerpt":{"rendered":"<p>T\u00e4nu tasakaalustatud koostisele j\u00e4tab see kreempalsam p\u00e4rast masseerimist meeldiva tunde nahale. Laufwunder l\u00f5pupalsam hellitab jalgu eksootilise granataa\u00f5una l\u00f5hnaga. Laufwunder niisutav hoolduspalsam on m\u00f5eldud spetsiaalselt jalahoolduse l\u00f5ppu, kuid sobib v\u00e4ga h\u00e4sti ka koduseks jalahoolduseks.<\/p>\n","protected":false},"featured_media":21923,"template":"","meta":{"_acf_changed":false},"product_cat":[255],"product_tag":[],"class_list":["post-21922","product","type-product","status-publish","has-post-thumbnail","hentry","product_cat-jalahooldustooted"],"acf":[],"yoast_head":"<!-- This site is optimized with the Yoast SEO plugin v25.4 - https:\/\/yoast.com\/wordpress\/plugins\/seo\/ -->\n<title>Laufwunder Finish Balm Granatapfel - Beauty Institute<\/title>\n<meta name=\"robots\" content=\"index, follow, max-snippet:-1, max-image-preview:large, max-video-preview:-1\" \/>\n<link rel=\"canonical\" href=\"https:\/\/beautyinstitute.ee\/toode\/laufwunder-finish-balm-granatapfel\/\" \/>\n<meta property=\"og:locale\" content=\"ru_RU\" \/>\n<meta property=\"og:type\" content=\"article\" \/>\n<meta property=\"og:title\" content=\"Laufwunder Finish Balm Granatapfel - Beauty Institute\" \/>\n<meta property=\"og:description\" content=\"T\u00e4nu tasakaalustatud koostisele j\u00e4tab see kreempalsam p\u00e4rast masseerimist meeldiva tunde nahale. Laufwunder l\u00f5pupalsam hellitab jalgu eksootilise granataa\u00f5una l\u00f5hnaga. Laufwunder niisutav hoolduspalsam on m\u00f5eldud spetsiaalselt jalahoolduse l\u00f5ppu, kuid sobib v\u00e4ga h\u00e4sti ka koduseks jalahoolduseks.\" \/>\n<meta property=\"og:url\" content=\"https:\/\/beautyinstitute.ee\/toode\/laufwunder-finish-balm-granatapfel\/\" \/>\n<meta property=\"og:site_name\" content=\"Beauty Institute\" \/>\n<meta property=\"article:modified_time\" content=\"2026-03-02T09:40:18+00:00\" \/>\n<meta property=\"og:image\" content=\"https:\/\/beautyinstitute.ee\/wp-content\/uploads\/2023\/01\/Laufwunder-Finish-Balm-Granatapfel.jpeg\" \/>\n\t<meta property=\"og:image:width\" content=\"600\" \/>\n\t<meta property=\"og:image:height\" content=\"1000\" \/>\n\t<meta property=\"og:image:type\" content=\"image\/jpeg\" \/>\n<meta name=\"twitter:card\" content=\"summary_large_image\" \/>\n<meta name=\"twitter:site\" content=\"@Beauty_Eesti\" \/>\n<meta name=\"twitter:label1\" content=\"\u041f\u0440\u0438\u043c\u0435\u0440\u043d\u043e\u0435 \u0432\u0440\u0435\u043c\u044f \u0434\u043b\u044f \u0447\u0442\u0435\u043d\u0438\u044f\" \/>\n\t<meta name=\"twitter:data1\" content=\"1 \u043c\u0438\u043d\u0443\u0442\u0430\" \/>\n<script type=\"application\/ld+json\" class=\"yoast-schema-graph\">{\"@context\":\"https:\/\/schema.org\",\"@graph\":[{\"@type\":\"WebPage\",\"@id\":\"https:\/\/beautyinstitute.ee\/toode\/laufwunder-finish-balm-granatapfel\/\",\"url\":\"https:\/\/beautyinstitute.ee\/toode\/laufwunder-finish-balm-granatapfel\/\",\"name\":\"Laufwunder Finish Balm Granatapfel - Beauty Institute\",\"isPartOf\":{\"@id\":\"https:\/\/beautyinstitute.ee\/#website\"},\"primaryImageOfPage\":{\"@id\":\"https:\/\/beautyinstitute.ee\/toode\/laufwunder-finish-balm-granatapfel\/#primaryimage\"},\"image\":{\"@id\":\"https:\/\/beautyinstitute.ee\/toode\/laufwunder-finish-balm-granatapfel\/#primaryimage\"},\"thumbnailUrl\":\"https:\/\/beautyinstitute.ee\/wp-content\/uploads\/2023\/01\/Laufwunder-Finish-Balm-Granatapfel.jpeg\",\"datePublished\":\"2023-01-31T13:33:43+00:00\",\"dateModified\":\"2026-03-02T09:40:18+00:00\",\"breadcrumb\":{\"@id\":\"https:\/\/beautyinstitute.ee\/toode\/laufwunder-finish-balm-granatapfel\/#breadcrumb\"},\"inLanguage\":\"ru-RU\",\"potentialAction\":[{\"@type\":\"ReadAction\",\"target\":[\"https:\/\/beautyinstitute.ee\/toode\/laufwunder-finish-balm-granatapfel\/\"]}]},{\"@type\":\"ImageObject\",\"inLanguage\":\"ru-RU\",\"@id\":\"https:\/\/beautyinstitute.ee\/toode\/laufwunder-finish-balm-granatapfel\/#primaryimage\",\"url\":\"https:\/\/beautyinstitute.ee\/wp-content\/uploads\/2023\/01\/Laufwunder-Finish-Balm-Granatapfel.jpeg\",\"contentUrl\":\"https:\/\/beautyinstitute.ee\/wp-content\/uploads\/2023\/01\/Laufwunder-Finish-Balm-Granatapfel.jpeg\",\"width\":600,\"height\":1000},{\"@type\":\"BreadcrumbList\",\"@id\":\"https:\/\/beautyinstitute.ee\/toode\/laufwunder-finish-balm-granatapfel\/#breadcrumb\",\"itemListElement\":[{\"@type\":\"ListItem\",\"position\":1,\"name\":\"Home\",\"item\":\"https:\/\/beautyinstitute.ee\/ru\/\"},{\"@type\":\"ListItem\",\"position\":2,\"name\":\"E-pood\",\"item\":\"https:\/\/beautyinstitute.ee\/e-pood\/\"},{\"@type\":\"ListItem\",\"position\":3,\"name\":\"Laufwunder Finish Balm Granatapfel\"}]},{\"@type\":\"WebSite\",\"@id\":\"https:\/\/beautyinstitute.ee\/#website\",\"url\":\"https:\/\/beautyinstitute.ee\/\",\"name\":\"Beauty Institute\",\"description\":\"CNC Cosmetic ametlik maaletooja ja edasim\u00fc\u00fcja Eestis, Soomes, L\u00e4tis. Aparaadikosmeetika, koolitused, kosmeetikatooted.\",\"potentialAction\":[{\"@type\":\"SearchAction\",\"target\":{\"@type\":\"EntryPoint\",\"urlTemplate\":\"https:\/\/beautyinstitute.ee\/?s={search_term_string}\"},\"query-input\":{\"@type\":\"PropertyValueSpecification\",\"valueRequired\":true,\"valueName\":\"search_term_string\"}}],\"inLanguage\":\"ru-RU\"}]}<\/script>\n<!-- \/ Yoast SEO plugin. -->","yoast_head_json":{"title":"Laufwunder Finish Balm Granatapfel - Beauty Institute","robots":{"index":"index","follow":"follow","max-snippet":"max-snippet:-1","max-image-preview":"max-image-preview:large","max-video-preview":"max-video-preview:-1"},"canonical":"https:\/\/beautyinstitute.ee\/toode\/laufwunder-finish-balm-granatapfel\/","og_locale":"ru_RU","og_type":"article","og_title":"Laufwunder Finish Balm Granatapfel - Beauty Institute","og_description":"T\u00e4nu tasakaalustatud koostisele j\u00e4tab see kreempalsam p\u00e4rast masseerimist meeldiva tunde nahale. Laufwunder l\u00f5pupalsam hellitab jalgu eksootilise granataa\u00f5una l\u00f5hnaga. Laufwunder niisutav hoolduspalsam on m\u00f5eldud spetsiaalselt jalahoolduse l\u00f5ppu, kuid sobib v\u00e4ga h\u00e4sti ka koduseks jalahoolduseks.","og_url":"https:\/\/beautyinstitute.ee\/toode\/laufwunder-finish-balm-granatapfel\/","og_site_name":"Beauty Institute","article_modified_time":"2026-03-02T09:40:18+00:00","og_image":[{"width":600,"height":1000,"url":"https:\/\/beautyinstitute.ee\/wp-content\/uploads\/2023\/01\/Laufwunder-Finish-Balm-Granatapfel.jpeg","type":"image\/jpeg"}],"twitter_card":"summary_large_image","twitter_site":"@Beauty_Eesti","twitter_misc":{"\u041f\u0440\u0438\u043c\u0435\u0440\u043d\u043e\u0435 \u0432\u0440\u0435\u043c\u044f \u0434\u043b\u044f \u0447\u0442\u0435\u043d\u0438\u044f":"1 \u043c\u0438\u043d\u0443\u0442\u0430"},"schema":{"@context":"https:\/\/schema.org","@graph":[{"@type":"WebPage","@id":"https:\/\/beautyinstitute.ee\/toode\/laufwunder-finish-balm-granatapfel\/","url":"https:\/\/beautyinstitute.ee\/toode\/laufwunder-finish-balm-granatapfel\/","name":"Laufwunder Finish Balm Granatapfel - Beauty Institute","isPartOf":{"@id":"https:\/\/beautyinstitute.ee\/#website"},"primaryImageOfPage":{"@id":"https:\/\/beautyinstitute.ee\/toode\/laufwunder-finish-balm-granatapfel\/#primaryimage"},"image":{"@id":"https:\/\/beautyinstitute.ee\/toode\/laufwunder-finish-balm-granatapfel\/#primaryimage"},"thumbnailUrl":"https:\/\/beautyinstitute.ee\/wp-content\/uploads\/2023\/01\/Laufwunder-Finish-Balm-Granatapfel.jpeg","datePublished":"2023-01-31T13:33:43+00:00","dateModified":"2026-03-02T09:40:18+00:00","breadcrumb":{"@id":"https:\/\/beautyinstitute.ee\/toode\/laufwunder-finish-balm-granatapfel\/#breadcrumb"},"inLanguage":"ru-RU","potentialAction":[{"@type":"ReadAction","target":["https:\/\/beautyinstitute.ee\/toode\/laufwunder-finish-balm-granatapfel\/"]}]},{"@type":"ImageObject","inLanguage":"ru-RU","@id":"https:\/\/beautyinstitute.ee\/toode\/laufwunder-finish-balm-granatapfel\/#primaryimage","url":"https:\/\/beautyinstitute.ee\/wp-content\/uploads\/2023\/01\/Laufwunder-Finish-Balm-Granatapfel.jpeg","contentUrl":"https:\/\/beautyinstitute.ee\/wp-content\/uploads\/2023\/01\/Laufwunder-Finish-Balm-Granatapfel.jpeg","width":600,"height":1000},{"@type":"BreadcrumbList","@id":"https:\/\/beautyinstitute.ee\/toode\/laufwunder-finish-balm-granatapfel\/#breadcrumb","itemListElement":[{"@type":"ListItem","position":1,"name":"Home","item":"https:\/\/beautyinstitute.ee\/ru\/"},{"@type":"ListItem","position":2,"name":"E-pood","item":"https:\/\/beautyinstitute.ee\/e-pood\/"},{"@type":"ListItem","position":3,"name":"Laufwunder Finish Balm Granatapfel"}]},{"@type":"WebSite","@id":"https:\/\/beautyinstitute.ee\/#website","url":"https:\/\/beautyinstitute.ee\/","name":"Beauty Institute","description":"CNC Cosmetic ametlik maaletooja ja edasim\u00fc\u00fcja Eestis, Soomes, L\u00e4tis. Aparaadikosmeetika, koolitused, kosmeetikatooted.","potentialAction":[{"@type":"SearchAction","target":{"@type":"EntryPoint","urlTemplate":"https:\/\/beautyinstitute.ee\/?s={search_term_string}"},"query-input":{"@type":"PropertyValueSpecification","valueRequired":true,"valueName":"search_term_string"}}],"inLanguage":"ru-RU"}]}},"_links":{"self":[{"href":"https:\/\/beautyinstitute.ee\/ru\/wp-json\/wp\/v2\/product\/21922","targetHints":{"allow":["GET"]}}],"collection":[{"href":"https:\/\/beautyinstitute.ee\/ru\/wp-json\/wp\/v2\/product"}],"about":[{"href":"https:\/\/beautyinstitute.ee\/ru\/wp-json\/wp\/v2\/types\/product"}],"wp:featuredmedia":[{"embeddable":true,"href":"https:\/\/beautyinstitute.ee\/ru\/wp-json\/wp\/v2\/media\/21923"}],"wp:attachment":[{"href":"https:\/\/beautyinstitute.ee\/ru\/wp-json\/wp\/v2\/media?parent=21922"}],"wp:term":[{"taxonomy":"product_cat","embeddable":true,"href":"https:\/\/beautyinstitute.ee\/ru\/wp-json\/wp\/v2\/product_cat?post=21922"},{"taxonomy":"product_tag","embeddable":true,"href":"https:\/\/beautyinstitute.ee\/ru\/wp-json\/wp\/v2\/product_tag?post=21922"}],"curies":[{"name":"wp","href":"https:\/\/api.w.org\/{rel}","templated":true}]}}