{"id":2227,"date":"2019-01-18T16:09:13","date_gmt":"2019-01-18T14:09:13","guid":{"rendered":"https:\/\/beautyinstitute.ee\/?post_type=product&#038;p=2227"},"modified":"2026-04-27T12:06:42","modified_gmt":"2026-04-27T09:06:42","slug":"elastin-nachtcreme-ookreem","status":"publish","type":"product","link":"https:\/\/beautyinstitute.ee\/ru\/toode\/elastin-nachtcreme-ookreem\/","title":{"rendered":"Classic Elastin Nachtcreme (\u00d6\u00f6kreem)"},"content":{"rendered":"<p><strong>Intensiivne kreem, n\u00e4onaha pinguldamiseks.<\/strong><\/p>\n<p>Annab nahale toestatud ja sileda v\u00e4ljan\u00e4gemise. K\u00fcpsele, kuivale ja lipiidide puuduses nahale. Samuti hea talve kreemiks, kaitseb k\u00fclma eest.<\/p>\n<p><strong>Eelised:<\/strong><\/p>\n<ul>\n<li>elastne ja sile jume<\/li>\n<li>ideaalne ka talvise kaitsekreemina<\/li>\n<\/ul>\n<p><strong>Sobilik:<\/strong> k\u00fcpsele nahale, mis vajab taastumist; kuiv, madala lipiidisisaldusega nahk.<\/p>\n<p><strong>Toimeained<\/strong>: kollageen-elastiin, aloe vera ekstrakt, p\u00e4evalilleseemne\u00f5li, rosmariini ekstrakt, jojoba\u00f5li, skvalaan, sheav\u00f5i.<\/p>\n","protected":false},"excerpt":{"rendered":"<p>Intensiivne kreem, n\u00e4onaha pinguldamiseks. Annab nahale toestatud ja sileda v\u00e4ljan\u00e4gemise. K\u00fcpsele, kuivale ja lipiidide puuduses nahale. Samuti hea talve kreemiks, kaitseb k\u00fclma eest. Eelised: elastne ja sile jume ideaalne ka talvise kaitsekreemina Sobilik: k\u00fcpsele nahale, mis vajab taastumist; kuiv, madala lipiidisisaldusega nahk. Toimeained: kollageen-elastiin, aloe vera ekstrakt, p\u00e4evalilleseemne\u00f5li, rosmariini ekstrakt, jojoba\u00f5li, skvalaan, sheav\u00f5i.<\/p>\n","protected":false},"featured_media":2228,"template":"","meta":{"_acf_changed":false},"product_cat":[250,114,134],"product_tag":[],"class_list":["post-2227","product","type-product","status-publish","has-post-thumbnail","hentry","product_cat-naokreemid","product_cat-tootesarjad","product_cat-classic"],"acf":[],"yoast_head":"<!-- This site is optimized with the Yoast SEO plugin v25.4 - https:\/\/yoast.com\/wordpress\/plugins\/seo\/ -->\n<title>Classic Elastin Nachtcreme (\u00d6\u00f6kreem) - Beauty Institute<\/title>\n<meta name=\"robots\" content=\"index, follow, max-snippet:-1, max-image-preview:large, max-video-preview:-1\" \/>\n<link rel=\"canonical\" href=\"https:\/\/beautyinstitute.ee\/toode\/elastin-nachtcreme-ookreem\/\" \/>\n<meta property=\"og:locale\" content=\"ru_RU\" \/>\n<meta property=\"og:type\" content=\"article\" \/>\n<meta property=\"og:title\" content=\"Classic Elastin Nachtcreme (\u00d6\u00f6kreem) - Beauty Institute\" \/>\n<meta property=\"og:description\" content=\"Intensiivne kreem, n\u00e4onaha pinguldamiseks. Annab nahale toestatud ja sileda v\u00e4ljan\u00e4gemise. K\u00fcpsele, kuivale ja lipiidide puuduses nahale. Samuti hea talve kreemiks, kaitseb k\u00fclma eest. Eelised: elastne ja sile jume ideaalne ka talvise kaitsekreemina Sobilik: k\u00fcpsele nahale, mis vajab taastumist; kuiv, madala lipiidisisaldusega nahk. Toimeained: kollageen-elastiin, aloe vera ekstrakt, p\u00e4evalilleseemne\u00f5li, rosmariini ekstrakt, jojoba\u00f5li, skvalaan, sheav\u00f5i.\" \/>\n<meta property=\"og:url\" content=\"https:\/\/beautyinstitute.ee\/toode\/elastin-nachtcreme-ookreem\/\" \/>\n<meta property=\"og:site_name\" content=\"Beauty Institute\" \/>\n<meta property=\"article:modified_time\" content=\"2026-04-27T09:06:42+00:00\" \/>\n<meta property=\"og:image\" content=\"https:\/\/beautyinstitute.ee\/wp-content\/uploads\/2019\/01\/110104.jpg\" \/>\n\t<meta property=\"og:image:width\" content=\"1500\" \/>\n\t<meta property=\"og:image:height\" content=\"1422\" \/>\n\t<meta property=\"og:image:type\" content=\"image\/jpeg\" \/>\n<meta name=\"twitter:card\" content=\"summary_large_image\" \/>\n<meta name=\"twitter:site\" content=\"@Beauty_Eesti\" \/>\n<script type=\"application\/ld+json\" class=\"yoast-schema-graph\">{\"@context\":\"https:\/\/schema.org\",\"@graph\":[{\"@type\":\"WebPage\",\"@id\":\"https:\/\/beautyinstitute.ee\/toode\/elastin-nachtcreme-ookreem\/\",\"url\":\"https:\/\/beautyinstitute.ee\/toode\/elastin-nachtcreme-ookreem\/\",\"name\":\"Classic Elastin Nachtcreme (\u00d6\u00f6kreem) - Beauty Institute\",\"isPartOf\":{\"@id\":\"https:\/\/beautyinstitute.ee\/#website\"},\"primaryImageOfPage\":{\"@id\":\"https:\/\/beautyinstitute.ee\/toode\/elastin-nachtcreme-ookreem\/#primaryimage\"},\"image\":{\"@id\":\"https:\/\/beautyinstitute.ee\/toode\/elastin-nachtcreme-ookreem\/#primaryimage\"},\"thumbnailUrl\":\"https:\/\/beautyinstitute.ee\/wp-content\/uploads\/2019\/01\/110104.jpg\",\"datePublished\":\"2019-01-18T14:09:13+00:00\",\"dateModified\":\"2026-04-27T09:06:42+00:00\",\"breadcrumb\":{\"@id\":\"https:\/\/beautyinstitute.ee\/toode\/elastin-nachtcreme-ookreem\/#breadcrumb\"},\"inLanguage\":\"ru-RU\",\"potentialAction\":[{\"@type\":\"ReadAction\",\"target\":[\"https:\/\/beautyinstitute.ee\/toode\/elastin-nachtcreme-ookreem\/\"]}]},{\"@type\":\"ImageObject\",\"inLanguage\":\"ru-RU\",\"@id\":\"https:\/\/beautyinstitute.ee\/toode\/elastin-nachtcreme-ookreem\/#primaryimage\",\"url\":\"https:\/\/beautyinstitute.ee\/wp-content\/uploads\/2019\/01\/110104.jpg\",\"contentUrl\":\"https:\/\/beautyinstitute.ee\/wp-content\/uploads\/2019\/01\/110104.jpg\",\"width\":1500,\"height\":1422},{\"@type\":\"BreadcrumbList\",\"@id\":\"https:\/\/beautyinstitute.ee\/toode\/elastin-nachtcreme-ookreem\/#breadcrumb\",\"itemListElement\":[{\"@type\":\"ListItem\",\"position\":1,\"name\":\"Home\",\"item\":\"https:\/\/beautyinstitute.ee\/ru\/\"},{\"@type\":\"ListItem\",\"position\":2,\"name\":\"E-pood\",\"item\":\"https:\/\/beautyinstitute.ee\/e-pood\/\"},{\"@type\":\"ListItem\",\"position\":3,\"name\":\"Classic Elastin Nachtcreme (\u00d6\u00f6kreem)\"}]},{\"@type\":\"WebSite\",\"@id\":\"https:\/\/beautyinstitute.ee\/#website\",\"url\":\"https:\/\/beautyinstitute.ee\/\",\"name\":\"Beauty Institute\",\"description\":\"CNC Cosmetic ametlik maaletooja ja edasim\u00fc\u00fcja Eestis, Soomes, L\u00e4tis. Aparaadikosmeetika, koolitused, kosmeetikatooted.\",\"potentialAction\":[{\"@type\":\"SearchAction\",\"target\":{\"@type\":\"EntryPoint\",\"urlTemplate\":\"https:\/\/beautyinstitute.ee\/?s={search_term_string}\"},\"query-input\":{\"@type\":\"PropertyValueSpecification\",\"valueRequired\":true,\"valueName\":\"search_term_string\"}}],\"inLanguage\":\"ru-RU\"}]}<\/script>\n<!-- \/ Yoast SEO plugin. -->","yoast_head_json":{"title":"Classic Elastin Nachtcreme (\u00d6\u00f6kreem) - Beauty Institute","robots":{"index":"index","follow":"follow","max-snippet":"max-snippet:-1","max-image-preview":"max-image-preview:large","max-video-preview":"max-video-preview:-1"},"canonical":"https:\/\/beautyinstitute.ee\/toode\/elastin-nachtcreme-ookreem\/","og_locale":"ru_RU","og_type":"article","og_title":"Classic Elastin Nachtcreme (\u00d6\u00f6kreem) - Beauty Institute","og_description":"Intensiivne kreem, n\u00e4onaha pinguldamiseks. Annab nahale toestatud ja sileda v\u00e4ljan\u00e4gemise. K\u00fcpsele, kuivale ja lipiidide puuduses nahale. Samuti hea talve kreemiks, kaitseb k\u00fclma eest. Eelised: elastne ja sile jume ideaalne ka talvise kaitsekreemina Sobilik: k\u00fcpsele nahale, mis vajab taastumist; kuiv, madala lipiidisisaldusega nahk. Toimeained: kollageen-elastiin, aloe vera ekstrakt, p\u00e4evalilleseemne\u00f5li, rosmariini ekstrakt, jojoba\u00f5li, skvalaan, sheav\u00f5i.","og_url":"https:\/\/beautyinstitute.ee\/toode\/elastin-nachtcreme-ookreem\/","og_site_name":"Beauty Institute","article_modified_time":"2026-04-27T09:06:42+00:00","og_image":[{"width":1500,"height":1422,"url":"https:\/\/beautyinstitute.ee\/wp-content\/uploads\/2019\/01\/110104.jpg","type":"image\/jpeg"}],"twitter_card":"summary_large_image","twitter_site":"@Beauty_Eesti","schema":{"@context":"https:\/\/schema.org","@graph":[{"@type":"WebPage","@id":"https:\/\/beautyinstitute.ee\/toode\/elastin-nachtcreme-ookreem\/","url":"https:\/\/beautyinstitute.ee\/toode\/elastin-nachtcreme-ookreem\/","name":"Classic Elastin Nachtcreme (\u00d6\u00f6kreem) - Beauty Institute","isPartOf":{"@id":"https:\/\/beautyinstitute.ee\/#website"},"primaryImageOfPage":{"@id":"https:\/\/beautyinstitute.ee\/toode\/elastin-nachtcreme-ookreem\/#primaryimage"},"image":{"@id":"https:\/\/beautyinstitute.ee\/toode\/elastin-nachtcreme-ookreem\/#primaryimage"},"thumbnailUrl":"https:\/\/beautyinstitute.ee\/wp-content\/uploads\/2019\/01\/110104.jpg","datePublished":"2019-01-18T14:09:13+00:00","dateModified":"2026-04-27T09:06:42+00:00","breadcrumb":{"@id":"https:\/\/beautyinstitute.ee\/toode\/elastin-nachtcreme-ookreem\/#breadcrumb"},"inLanguage":"ru-RU","potentialAction":[{"@type":"ReadAction","target":["https:\/\/beautyinstitute.ee\/toode\/elastin-nachtcreme-ookreem\/"]}]},{"@type":"ImageObject","inLanguage":"ru-RU","@id":"https:\/\/beautyinstitute.ee\/toode\/elastin-nachtcreme-ookreem\/#primaryimage","url":"https:\/\/beautyinstitute.ee\/wp-content\/uploads\/2019\/01\/110104.jpg","contentUrl":"https:\/\/beautyinstitute.ee\/wp-content\/uploads\/2019\/01\/110104.jpg","width":1500,"height":1422},{"@type":"BreadcrumbList","@id":"https:\/\/beautyinstitute.ee\/toode\/elastin-nachtcreme-ookreem\/#breadcrumb","itemListElement":[{"@type":"ListItem","position":1,"name":"Home","item":"https:\/\/beautyinstitute.ee\/ru\/"},{"@type":"ListItem","position":2,"name":"E-pood","item":"https:\/\/beautyinstitute.ee\/e-pood\/"},{"@type":"ListItem","position":3,"name":"Classic Elastin Nachtcreme (\u00d6\u00f6kreem)"}]},{"@type":"WebSite","@id":"https:\/\/beautyinstitute.ee\/#website","url":"https:\/\/beautyinstitute.ee\/","name":"Beauty Institute","description":"CNC Cosmetic ametlik maaletooja ja edasim\u00fc\u00fcja Eestis, Soomes, L\u00e4tis. Aparaadikosmeetika, koolitused, kosmeetikatooted.","potentialAction":[{"@type":"SearchAction","target":{"@type":"EntryPoint","urlTemplate":"https:\/\/beautyinstitute.ee\/?s={search_term_string}"},"query-input":{"@type":"PropertyValueSpecification","valueRequired":true,"valueName":"search_term_string"}}],"inLanguage":"ru-RU"}]}},"_links":{"self":[{"href":"https:\/\/beautyinstitute.ee\/ru\/wp-json\/wp\/v2\/product\/2227","targetHints":{"allow":["GET"]}}],"collection":[{"href":"https:\/\/beautyinstitute.ee\/ru\/wp-json\/wp\/v2\/product"}],"about":[{"href":"https:\/\/beautyinstitute.ee\/ru\/wp-json\/wp\/v2\/types\/product"}],"wp:featuredmedia":[{"embeddable":true,"href":"https:\/\/beautyinstitute.ee\/ru\/wp-json\/wp\/v2\/media\/2228"}],"wp:attachment":[{"href":"https:\/\/beautyinstitute.ee\/ru\/wp-json\/wp\/v2\/media?parent=2227"}],"wp:term":[{"taxonomy":"product_cat","embeddable":true,"href":"https:\/\/beautyinstitute.ee\/ru\/wp-json\/wp\/v2\/product_cat?post=2227"},{"taxonomy":"product_tag","embeddable":true,"href":"https:\/\/beautyinstitute.ee\/ru\/wp-json\/wp\/v2\/product_tag?post=2227"}],"curies":[{"name":"wp","href":"https:\/\/api.w.org\/{rel}","templated":true}]}}