{"id":2230,"date":"2019-01-18T14:15:16","date_gmt":"2019-01-18T14:15:16","guid":{"rendered":"https:\/\/beautyinstitute.ee\/?post_type=product&#038;p=2230"},"modified":"2026-04-16T15:40:54","modified_gmt":"2026-04-16T12:40:54","slug":"kampfermaske","status":"publish","type":"product","link":"https:\/\/beautyinstitute.ee\/ru\/toode\/kampfermaske\/","title":{"rendered":"Classic Kampfermaske"},"content":{"rendered":"<p><strong>Jahutav mask, ebapuhtale nahale.<\/strong><\/p>\n<p>Puhastab poorid, parandab jumet ja rahustab nahka.<\/p>\n<p><strong>Eelised:<\/strong><\/p>\n<ul>\n<li>matistab jumet<\/li>\n<li>viimistleb naha tekstuuri<\/li>\n<li>hoiab \u00e4ra naha p\u00f5letikulised protsessid<\/li>\n<\/ul>\n<p><strong>Sobilik:<\/strong> ebapuhtale, rasusele nahale, teismelistele.<\/p>\n<p><strong>Toimeained<\/strong>: kamper, kaoliin, sheav\u00f5i, allantoiin, pantenool.<\/p>\n","protected":false},"excerpt":{"rendered":"<p>Jahutav mask, ebapuhtale nahale. Puhastab poorid, parandab jumet ja rahustab nahka. Eelised: matistab jumet viimistleb naha tekstuuri hoiab \u00e4ra naha p\u00f5letikulised protsessid Sobilik: ebapuhtale, rasusele nahale, teismelistele. Toimeained: kamper, kaoliin, sheav\u00f5i, allantoiin, pantenool.<\/p>\n","protected":false},"featured_media":11964,"template":"","meta":{"_acf_changed":false},"product_cat":[248,147,114,134],"product_tag":[],"class_list":["post-2230","product","type-product","status-publish","has-post-thumbnail","hentry","product_cat-maskid-2","product_cat-kreemmaskid","product_cat-tootesarjad","product_cat-classic"],"acf":[],"yoast_head":"<!-- This site is optimized with the Yoast SEO plugin v25.4 - https:\/\/yoast.com\/wordpress\/plugins\/seo\/ -->\n<title>Classic Kampfermaske - Beauty Institute<\/title>\n<meta name=\"robots\" content=\"index, follow, max-snippet:-1, max-image-preview:large, max-video-preview:-1\" \/>\n<link rel=\"canonical\" href=\"https:\/\/beautyinstitute.ee\/toode\/kampfermaske\/\" \/>\n<meta property=\"og:locale\" content=\"ru_RU\" \/>\n<meta property=\"og:type\" content=\"article\" \/>\n<meta property=\"og:title\" content=\"Classic Kampfermaske - Beauty Institute\" \/>\n<meta property=\"og:description\" content=\"Jahutav mask, ebapuhtale nahale. Puhastab poorid, parandab jumet ja rahustab nahka. Eelised: matistab jumet viimistleb naha tekstuuri hoiab \u00e4ra naha p\u00f5letikulised protsessid Sobilik: ebapuhtale, rasusele nahale, teismelistele. Toimeained: kamper, kaoliin, sheav\u00f5i, allantoiin, pantenool.\" \/>\n<meta property=\"og:url\" content=\"https:\/\/beautyinstitute.ee\/toode\/kampfermaske\/\" \/>\n<meta property=\"og:site_name\" content=\"Beauty Institute\" \/>\n<meta property=\"article:modified_time\" content=\"2026-04-16T12:40:54+00:00\" \/>\n<meta property=\"og:image\" content=\"https:\/\/beautyinstitute.ee\/wp-content\/uploads\/2019\/01\/kampfermask.jpg\" \/>\n\t<meta property=\"og:image:width\" content=\"1500\" \/>\n\t<meta property=\"og:image:height\" content=\"1422\" \/>\n\t<meta property=\"og:image:type\" content=\"image\/jpeg\" \/>\n<meta name=\"twitter:card\" content=\"summary_large_image\" \/>\n<meta name=\"twitter:site\" content=\"@Beauty_Eesti\" \/>\n<script type=\"application\/ld+json\" class=\"yoast-schema-graph\">{\"@context\":\"https:\/\/schema.org\",\"@graph\":[{\"@type\":\"WebPage\",\"@id\":\"https:\/\/beautyinstitute.ee\/toode\/kampfermaske\/\",\"url\":\"https:\/\/beautyinstitute.ee\/toode\/kampfermaske\/\",\"name\":\"Classic Kampfermaske - Beauty Institute\",\"isPartOf\":{\"@id\":\"https:\/\/beautyinstitute.ee\/#website\"},\"primaryImageOfPage\":{\"@id\":\"https:\/\/beautyinstitute.ee\/toode\/kampfermaske\/#primaryimage\"},\"image\":{\"@id\":\"https:\/\/beautyinstitute.ee\/toode\/kampfermaske\/#primaryimage\"},\"thumbnailUrl\":\"https:\/\/beautyinstitute.ee\/wp-content\/uploads\/2019\/01\/kampfermask.jpg\",\"datePublished\":\"2019-01-18T14:15:16+00:00\",\"dateModified\":\"2026-04-16T12:40:54+00:00\",\"breadcrumb\":{\"@id\":\"https:\/\/beautyinstitute.ee\/toode\/kampfermaske\/#breadcrumb\"},\"inLanguage\":\"ru-RU\",\"potentialAction\":[{\"@type\":\"ReadAction\",\"target\":[\"https:\/\/beautyinstitute.ee\/toode\/kampfermaske\/\"]}]},{\"@type\":\"ImageObject\",\"inLanguage\":\"ru-RU\",\"@id\":\"https:\/\/beautyinstitute.ee\/toode\/kampfermaske\/#primaryimage\",\"url\":\"https:\/\/beautyinstitute.ee\/wp-content\/uploads\/2019\/01\/kampfermask.jpg\",\"contentUrl\":\"https:\/\/beautyinstitute.ee\/wp-content\/uploads\/2019\/01\/kampfermask.jpg\",\"width\":1500,\"height\":1422},{\"@type\":\"BreadcrumbList\",\"@id\":\"https:\/\/beautyinstitute.ee\/toode\/kampfermaske\/#breadcrumb\",\"itemListElement\":[{\"@type\":\"ListItem\",\"position\":1,\"name\":\"Home\",\"item\":\"https:\/\/beautyinstitute.ee\/ru\/\"},{\"@type\":\"ListItem\",\"position\":2,\"name\":\"E-pood\",\"item\":\"https:\/\/beautyinstitute.ee\/e-pood\/\"},{\"@type\":\"ListItem\",\"position\":3,\"name\":\"Classic Kampfermaske\"}]},{\"@type\":\"WebSite\",\"@id\":\"https:\/\/beautyinstitute.ee\/#website\",\"url\":\"https:\/\/beautyinstitute.ee\/\",\"name\":\"Beauty Institute\",\"description\":\"CNC Cosmetic ametlik maaletooja ja edasim\u00fc\u00fcja Eestis, Soomes, L\u00e4tis. Aparaadikosmeetika, koolitused, kosmeetikatooted.\",\"potentialAction\":[{\"@type\":\"SearchAction\",\"target\":{\"@type\":\"EntryPoint\",\"urlTemplate\":\"https:\/\/beautyinstitute.ee\/?s={search_term_string}\"},\"query-input\":{\"@type\":\"PropertyValueSpecification\",\"valueRequired\":true,\"valueName\":\"search_term_string\"}}],\"inLanguage\":\"ru-RU\"}]}<\/script>\n<!-- \/ Yoast SEO plugin. -->","yoast_head_json":{"title":"Classic Kampfermaske - Beauty Institute","robots":{"index":"index","follow":"follow","max-snippet":"max-snippet:-1","max-image-preview":"max-image-preview:large","max-video-preview":"max-video-preview:-1"},"canonical":"https:\/\/beautyinstitute.ee\/toode\/kampfermaske\/","og_locale":"ru_RU","og_type":"article","og_title":"Classic Kampfermaske - Beauty Institute","og_description":"Jahutav mask, ebapuhtale nahale. Puhastab poorid, parandab jumet ja rahustab nahka. Eelised: matistab jumet viimistleb naha tekstuuri hoiab \u00e4ra naha p\u00f5letikulised protsessid Sobilik: ebapuhtale, rasusele nahale, teismelistele. Toimeained: kamper, kaoliin, sheav\u00f5i, allantoiin, pantenool.","og_url":"https:\/\/beautyinstitute.ee\/toode\/kampfermaske\/","og_site_name":"Beauty Institute","article_modified_time":"2026-04-16T12:40:54+00:00","og_image":[{"width":1500,"height":1422,"url":"https:\/\/beautyinstitute.ee\/wp-content\/uploads\/2019\/01\/kampfermask.jpg","type":"image\/jpeg"}],"twitter_card":"summary_large_image","twitter_site":"@Beauty_Eesti","schema":{"@context":"https:\/\/schema.org","@graph":[{"@type":"WebPage","@id":"https:\/\/beautyinstitute.ee\/toode\/kampfermaske\/","url":"https:\/\/beautyinstitute.ee\/toode\/kampfermaske\/","name":"Classic Kampfermaske - Beauty Institute","isPartOf":{"@id":"https:\/\/beautyinstitute.ee\/#website"},"primaryImageOfPage":{"@id":"https:\/\/beautyinstitute.ee\/toode\/kampfermaske\/#primaryimage"},"image":{"@id":"https:\/\/beautyinstitute.ee\/toode\/kampfermaske\/#primaryimage"},"thumbnailUrl":"https:\/\/beautyinstitute.ee\/wp-content\/uploads\/2019\/01\/kampfermask.jpg","datePublished":"2019-01-18T14:15:16+00:00","dateModified":"2026-04-16T12:40:54+00:00","breadcrumb":{"@id":"https:\/\/beautyinstitute.ee\/toode\/kampfermaske\/#breadcrumb"},"inLanguage":"ru-RU","potentialAction":[{"@type":"ReadAction","target":["https:\/\/beautyinstitute.ee\/toode\/kampfermaske\/"]}]},{"@type":"ImageObject","inLanguage":"ru-RU","@id":"https:\/\/beautyinstitute.ee\/toode\/kampfermaske\/#primaryimage","url":"https:\/\/beautyinstitute.ee\/wp-content\/uploads\/2019\/01\/kampfermask.jpg","contentUrl":"https:\/\/beautyinstitute.ee\/wp-content\/uploads\/2019\/01\/kampfermask.jpg","width":1500,"height":1422},{"@type":"BreadcrumbList","@id":"https:\/\/beautyinstitute.ee\/toode\/kampfermaske\/#breadcrumb","itemListElement":[{"@type":"ListItem","position":1,"name":"Home","item":"https:\/\/beautyinstitute.ee\/ru\/"},{"@type":"ListItem","position":2,"name":"E-pood","item":"https:\/\/beautyinstitute.ee\/e-pood\/"},{"@type":"ListItem","position":3,"name":"Classic Kampfermaske"}]},{"@type":"WebSite","@id":"https:\/\/beautyinstitute.ee\/#website","url":"https:\/\/beautyinstitute.ee\/","name":"Beauty Institute","description":"CNC Cosmetic ametlik maaletooja ja edasim\u00fc\u00fcja Eestis, Soomes, L\u00e4tis. Aparaadikosmeetika, koolitused, kosmeetikatooted.","potentialAction":[{"@type":"SearchAction","target":{"@type":"EntryPoint","urlTemplate":"https:\/\/beautyinstitute.ee\/?s={search_term_string}"},"query-input":{"@type":"PropertyValueSpecification","valueRequired":true,"valueName":"search_term_string"}}],"inLanguage":"ru-RU"}]}},"_links":{"self":[{"href":"https:\/\/beautyinstitute.ee\/ru\/wp-json\/wp\/v2\/product\/2230","targetHints":{"allow":["GET"]}}],"collection":[{"href":"https:\/\/beautyinstitute.ee\/ru\/wp-json\/wp\/v2\/product"}],"about":[{"href":"https:\/\/beautyinstitute.ee\/ru\/wp-json\/wp\/v2\/types\/product"}],"wp:featuredmedia":[{"embeddable":true,"href":"https:\/\/beautyinstitute.ee\/ru\/wp-json\/wp\/v2\/media\/11964"}],"wp:attachment":[{"href":"https:\/\/beautyinstitute.ee\/ru\/wp-json\/wp\/v2\/media?parent=2230"}],"wp:term":[{"taxonomy":"product_cat","embeddable":true,"href":"https:\/\/beautyinstitute.ee\/ru\/wp-json\/wp\/v2\/product_cat?post=2230"},{"taxonomy":"product_tag","embeddable":true,"href":"https:\/\/beautyinstitute.ee\/ru\/wp-json\/wp\/v2\/product_tag?post=2230"}],"curies":[{"name":"wp","href":"https:\/\/api.w.org\/{rel}","templated":true}]}}