{"id":2237,"date":"2019-01-18T14:24:31","date_gmt":"2019-01-18T14:24:31","guid":{"rendered":"https:\/\/beautyinstitute.ee\/?post_type=product&#038;p=2237"},"modified":"2026-03-23T09:44:39","modified_gmt":"2026-03-23T07:44:39","slug":"krautercreme-fur-unreine-haut","status":"publish","type":"product","link":"https:\/\/beautyinstitute.ee\/ru\/toode\/krautercreme-fur-unreine-haut\/","title":{"rendered":"Classic Kr\u00e4utercreme F\u00fcr Unreine Haut"},"content":{"rendered":"<p><strong>Matistav ravikreem, rahustava toimega.<\/strong><\/p>\n<p>Leevendab \u00e4rritust ja puhastab nahka. Tasakaalustab nahas rasu tootmist. Ravikreem ebapuhtale nahale alates teismelise east.<\/p>\n<p><strong>Eelised:<\/strong><\/p>\n<ul>\n<li>matistab nahka<\/li>\n<li>hoiab \u00e4ra keratiniseerumise<\/li>\n<li>toob naha taas tasakaalu<\/li>\n<\/ul>\n<p><strong>Sobilik:\u00a0<\/strong>probleemsele ja rasusele nahale, alates teismelise east.<\/p>\n<p><strong>Toimeained<\/strong>: hamamelis, luuderohu ekstrakt, visrsikukivi\u00f5li, tsalits\u00fc\u00fclhape, kummel, pantenool, allantoin.<\/p>\n","protected":false},"excerpt":{"rendered":"<p>Matistav ravikreem, rahustava toimega. Leevendab \u00e4rritust ja puhastab nahka. Tasakaalustab nahas rasu tootmist. Ravikreem ebapuhtale nahale alates teismelise east. Eelised: matistab nahka hoiab \u00e4ra keratiniseerumise toob naha taas tasakaalu Sobilik:\u00a0probleemsele ja rasusele nahale, alates teismelise east. Toimeained: hamamelis, luuderohu ekstrakt, visrsikukivi\u00f5li, tsalits\u00fc\u00fclhape, kummel, pantenool, allantoin.<\/p>\n","protected":false},"featured_media":11961,"template":"","meta":{"_acf_changed":false},"product_cat":[250,114,134],"product_tag":[],"class_list":["post-2237","product","type-product","status-publish","has-post-thumbnail","hentry","product_cat-naokreemid","product_cat-tootesarjad","product_cat-classic"],"acf":[],"yoast_head":"<!-- This site is optimized with the Yoast SEO plugin v25.4 - https:\/\/yoast.com\/wordpress\/plugins\/seo\/ -->\n<title>Classic Kr\u00e4utercreme F\u00fcr Unreine Haut - Beauty Institute<\/title>\n<meta name=\"robots\" content=\"index, follow, max-snippet:-1, max-image-preview:large, max-video-preview:-1\" \/>\n<link rel=\"canonical\" href=\"https:\/\/beautyinstitute.ee\/toode\/krautercreme-fur-unreine-haut\/\" \/>\n<meta property=\"og:locale\" content=\"ru_RU\" \/>\n<meta property=\"og:type\" content=\"article\" \/>\n<meta property=\"og:title\" content=\"Classic Kr\u00e4utercreme F\u00fcr Unreine Haut - Beauty Institute\" \/>\n<meta property=\"og:description\" content=\"Matistav ravikreem, rahustava toimega. Leevendab \u00e4rritust ja puhastab nahka. Tasakaalustab nahas rasu tootmist. Ravikreem ebapuhtale nahale alates teismelise east. Eelised: matistab nahka hoiab \u00e4ra keratiniseerumise toob naha taas tasakaalu Sobilik:\u00a0probleemsele ja rasusele nahale, alates teismelise east. Toimeained: hamamelis, luuderohu ekstrakt, visrsikukivi\u00f5li, tsalits\u00fc\u00fclhape, kummel, pantenool, allantoin.\" \/>\n<meta property=\"og:url\" content=\"https:\/\/beautyinstitute.ee\/toode\/krautercreme-fur-unreine-haut\/\" \/>\n<meta property=\"og:site_name\" content=\"Beauty Institute\" \/>\n<meta property=\"article:modified_time\" content=\"2026-03-23T07:44:39+00:00\" \/>\n<meta property=\"og:image\" content=\"https:\/\/beautyinstitute.ee\/wp-content\/uploads\/2019\/01\/unreine-haut-1024x971.png\" \/>\n\t<meta property=\"og:image:width\" content=\"1024\" \/>\n\t<meta property=\"og:image:height\" content=\"971\" \/>\n\t<meta property=\"og:image:type\" content=\"image\/png\" \/>\n<meta name=\"twitter:card\" content=\"summary_large_image\" \/>\n<meta name=\"twitter:site\" content=\"@Beauty_Eesti\" \/>\n<script type=\"application\/ld+json\" class=\"yoast-schema-graph\">{\"@context\":\"https:\/\/schema.org\",\"@graph\":[{\"@type\":\"WebPage\",\"@id\":\"https:\/\/beautyinstitute.ee\/toode\/krautercreme-fur-unreine-haut\/\",\"url\":\"https:\/\/beautyinstitute.ee\/toode\/krautercreme-fur-unreine-haut\/\",\"name\":\"Classic Kr\u00e4utercreme F\u00fcr Unreine Haut - Beauty Institute\",\"isPartOf\":{\"@id\":\"https:\/\/beautyinstitute.ee\/#website\"},\"primaryImageOfPage\":{\"@id\":\"https:\/\/beautyinstitute.ee\/toode\/krautercreme-fur-unreine-haut\/#primaryimage\"},\"image\":{\"@id\":\"https:\/\/beautyinstitute.ee\/toode\/krautercreme-fur-unreine-haut\/#primaryimage\"},\"thumbnailUrl\":\"https:\/\/beautyinstitute.ee\/wp-content\/uploads\/2019\/01\/unreine-haut.png\",\"datePublished\":\"2019-01-18T14:24:31+00:00\",\"dateModified\":\"2026-03-23T07:44:39+00:00\",\"breadcrumb\":{\"@id\":\"https:\/\/beautyinstitute.ee\/toode\/krautercreme-fur-unreine-haut\/#breadcrumb\"},\"inLanguage\":\"ru-RU\",\"potentialAction\":[{\"@type\":\"ReadAction\",\"target\":[\"https:\/\/beautyinstitute.ee\/toode\/krautercreme-fur-unreine-haut\/\"]}]},{\"@type\":\"ImageObject\",\"inLanguage\":\"ru-RU\",\"@id\":\"https:\/\/beautyinstitute.ee\/toode\/krautercreme-fur-unreine-haut\/#primaryimage\",\"url\":\"https:\/\/beautyinstitute.ee\/wp-content\/uploads\/2019\/01\/unreine-haut.png\",\"contentUrl\":\"https:\/\/beautyinstitute.ee\/wp-content\/uploads\/2019\/01\/unreine-haut.png\",\"width\":1500,\"height\":1422},{\"@type\":\"BreadcrumbList\",\"@id\":\"https:\/\/beautyinstitute.ee\/toode\/krautercreme-fur-unreine-haut\/#breadcrumb\",\"itemListElement\":[{\"@type\":\"ListItem\",\"position\":1,\"name\":\"Home\",\"item\":\"https:\/\/beautyinstitute.ee\/ru\/\"},{\"@type\":\"ListItem\",\"position\":2,\"name\":\"E-pood\",\"item\":\"https:\/\/beautyinstitute.ee\/e-pood\/\"},{\"@type\":\"ListItem\",\"position\":3,\"name\":\"Classic Kr\u00e4utercreme F\u00fcr Unreine Haut\"}]},{\"@type\":\"WebSite\",\"@id\":\"https:\/\/beautyinstitute.ee\/#website\",\"url\":\"https:\/\/beautyinstitute.ee\/\",\"name\":\"Beauty Institute\",\"description\":\"CNC Cosmetic ametlik maaletooja ja edasim\u00fc\u00fcja Eestis, Soomes, L\u00e4tis. Aparaadikosmeetika, koolitused, kosmeetikatooted.\",\"potentialAction\":[{\"@type\":\"SearchAction\",\"target\":{\"@type\":\"EntryPoint\",\"urlTemplate\":\"https:\/\/beautyinstitute.ee\/?s={search_term_string}\"},\"query-input\":{\"@type\":\"PropertyValueSpecification\",\"valueRequired\":true,\"valueName\":\"search_term_string\"}}],\"inLanguage\":\"ru-RU\"}]}<\/script>\n<!-- \/ Yoast SEO plugin. -->","yoast_head_json":{"title":"Classic Kr\u00e4utercreme F\u00fcr Unreine Haut - Beauty Institute","robots":{"index":"index","follow":"follow","max-snippet":"max-snippet:-1","max-image-preview":"max-image-preview:large","max-video-preview":"max-video-preview:-1"},"canonical":"https:\/\/beautyinstitute.ee\/toode\/krautercreme-fur-unreine-haut\/","og_locale":"ru_RU","og_type":"article","og_title":"Classic Kr\u00e4utercreme F\u00fcr Unreine Haut - Beauty Institute","og_description":"Matistav ravikreem, rahustava toimega. Leevendab \u00e4rritust ja puhastab nahka. Tasakaalustab nahas rasu tootmist. Ravikreem ebapuhtale nahale alates teismelise east. Eelised: matistab nahka hoiab \u00e4ra keratiniseerumise toob naha taas tasakaalu Sobilik:\u00a0probleemsele ja rasusele nahale, alates teismelise east. Toimeained: hamamelis, luuderohu ekstrakt, visrsikukivi\u00f5li, tsalits\u00fc\u00fclhape, kummel, pantenool, allantoin.","og_url":"https:\/\/beautyinstitute.ee\/toode\/krautercreme-fur-unreine-haut\/","og_site_name":"Beauty Institute","article_modified_time":"2026-03-23T07:44:39+00:00","og_image":[{"width":1024,"height":971,"url":"https:\/\/beautyinstitute.ee\/wp-content\/uploads\/2019\/01\/unreine-haut-1024x971.png","type":"image\/png"}],"twitter_card":"summary_large_image","twitter_site":"@Beauty_Eesti","schema":{"@context":"https:\/\/schema.org","@graph":[{"@type":"WebPage","@id":"https:\/\/beautyinstitute.ee\/toode\/krautercreme-fur-unreine-haut\/","url":"https:\/\/beautyinstitute.ee\/toode\/krautercreme-fur-unreine-haut\/","name":"Classic Kr\u00e4utercreme F\u00fcr Unreine Haut - Beauty Institute","isPartOf":{"@id":"https:\/\/beautyinstitute.ee\/#website"},"primaryImageOfPage":{"@id":"https:\/\/beautyinstitute.ee\/toode\/krautercreme-fur-unreine-haut\/#primaryimage"},"image":{"@id":"https:\/\/beautyinstitute.ee\/toode\/krautercreme-fur-unreine-haut\/#primaryimage"},"thumbnailUrl":"https:\/\/beautyinstitute.ee\/wp-content\/uploads\/2019\/01\/unreine-haut.png","datePublished":"2019-01-18T14:24:31+00:00","dateModified":"2026-03-23T07:44:39+00:00","breadcrumb":{"@id":"https:\/\/beautyinstitute.ee\/toode\/krautercreme-fur-unreine-haut\/#breadcrumb"},"inLanguage":"ru-RU","potentialAction":[{"@type":"ReadAction","target":["https:\/\/beautyinstitute.ee\/toode\/krautercreme-fur-unreine-haut\/"]}]},{"@type":"ImageObject","inLanguage":"ru-RU","@id":"https:\/\/beautyinstitute.ee\/toode\/krautercreme-fur-unreine-haut\/#primaryimage","url":"https:\/\/beautyinstitute.ee\/wp-content\/uploads\/2019\/01\/unreine-haut.png","contentUrl":"https:\/\/beautyinstitute.ee\/wp-content\/uploads\/2019\/01\/unreine-haut.png","width":1500,"height":1422},{"@type":"BreadcrumbList","@id":"https:\/\/beautyinstitute.ee\/toode\/krautercreme-fur-unreine-haut\/#breadcrumb","itemListElement":[{"@type":"ListItem","position":1,"name":"Home","item":"https:\/\/beautyinstitute.ee\/ru\/"},{"@type":"ListItem","position":2,"name":"E-pood","item":"https:\/\/beautyinstitute.ee\/e-pood\/"},{"@type":"ListItem","position":3,"name":"Classic Kr\u00e4utercreme F\u00fcr Unreine Haut"}]},{"@type":"WebSite","@id":"https:\/\/beautyinstitute.ee\/#website","url":"https:\/\/beautyinstitute.ee\/","name":"Beauty Institute","description":"CNC Cosmetic ametlik maaletooja ja edasim\u00fc\u00fcja Eestis, Soomes, L\u00e4tis. Aparaadikosmeetika, koolitused, kosmeetikatooted.","potentialAction":[{"@type":"SearchAction","target":{"@type":"EntryPoint","urlTemplate":"https:\/\/beautyinstitute.ee\/?s={search_term_string}"},"query-input":{"@type":"PropertyValueSpecification","valueRequired":true,"valueName":"search_term_string"}}],"inLanguage":"ru-RU"}]}},"_links":{"self":[{"href":"https:\/\/beautyinstitute.ee\/ru\/wp-json\/wp\/v2\/product\/2237","targetHints":{"allow":["GET"]}}],"collection":[{"href":"https:\/\/beautyinstitute.ee\/ru\/wp-json\/wp\/v2\/product"}],"about":[{"href":"https:\/\/beautyinstitute.ee\/ru\/wp-json\/wp\/v2\/types\/product"}],"wp:featuredmedia":[{"embeddable":true,"href":"https:\/\/beautyinstitute.ee\/ru\/wp-json\/wp\/v2\/media\/11961"}],"wp:attachment":[{"href":"https:\/\/beautyinstitute.ee\/ru\/wp-json\/wp\/v2\/media?parent=2237"}],"wp:term":[{"taxonomy":"product_cat","embeddable":true,"href":"https:\/\/beautyinstitute.ee\/ru\/wp-json\/wp\/v2\/product_cat?post=2237"},{"taxonomy":"product_tag","embeddable":true,"href":"https:\/\/beautyinstitute.ee\/ru\/wp-json\/wp\/v2\/product_tag?post=2237"}],"curies":[{"name":"wp","href":"https:\/\/api.w.org\/{rel}","templated":true}]}}