{"id":22406,"date":"2023-03-09T09:24:10","date_gmt":"2023-03-09T07:24:10","guid":{"rendered":"https:\/\/beautyinstitute.ee\/?post_type=product&#038;p=22406"},"modified":"2026-04-22T13:47:33","modified_gmt":"2026-04-22T10:47:33","slug":"varskendav-silmamask-hualuroonhappe-ja-niatsinamiidiga","status":"publish","type":"product","link":"https:\/\/beautyinstitute.ee\/ru\/toode\/varskendav-silmamask-hualuroonhappe-ja-niatsinamiidiga\/","title":{"rendered":"V\u00e4rskendav Silmamask H\u00fcaluroonhappe Ja Niatsinamiidiga"},"content":{"rendered":"<p><strong>Niisutav ja v\u00e4rskendav biolagunev silmamask!<\/strong><\/p>\n<p><strong>Aktiivs\u00fcsi<\/strong> on puhastava, detox toimega- andes nahale klaari ja puhta v\u00e4limuse.<\/p>\n<p><strong>Taimsed ekstraktid<\/strong> \u00a0\u00a0<span style=\"font-size: 11px;\">(Aubergine, Soja, Mooruspuu,Vaarika seemne\u00f5li, Aronia, Acai,Viinamarjaseemne \u00f5li, Roheline teeTomat, Lagritsajuurl)- <span style=\"font-size: 16px;\">on tugevad antioks\u00fcdandid ja kaitsevad meie rakke<\/span><\/span><\/p>\n<p><strong>V\u00e4\u00e4rtuslik h\u00fcaluroonhape<\/strong>&#8211; s\u00fcgav niisutus ja kortsup\u00f5hja t\u00f5stja (silub kortse)<\/p>\n<p><strong>Vitaminkomplex\u00a0<\/strong>(B3, Vit C, Vit E, B 6, B5)- tugevdab meie naha kaitsefunktsioone keskkonnam\u00f5jude eest ja annab eluj\u00f5udu ja s\u00e4ra.<\/p>\n<p><strong>Sobib<\/strong>: k\u00f5ik nahat\u00fc\u00fcbid, eriti tumedatele silma\u00fcbrustele<\/p>\n<p><strong>Kasutamine:<\/strong>Mask kanda puhastatud n\u00e4ole, \u00fcmber silmade ja \u00f5rnalt vastu nahka vajutada. Hoida nahal 15-20 minutit, seej\u00e4rel eemaldada. Nahale j\u00e4\u00e4nud toimeainete rikas seerum, masseerige \u00f5rnalt naha sisse, seej\u00e4rel j\u00e4tkake tavap\u00e4rase silmahooldusega.<\/p>\n<p><strong>NB! Maski v\u00f5ib kasutada koos ultraheliga<\/strong><\/p>\n","protected":false},"excerpt":{"rendered":"<p>Niisutav ja v\u00e4rskendav biolagunev silmamask! Aktiivs\u00fcsi on puhastava, detox toimega- andes nahale klaari ja puhta v\u00e4limuse. Taimsed ekstraktid \u00a0\u00a0(Aubergine, Soja, Mooruspuu,Vaarika seemne\u00f5li, Aronia, Acai,Viinamarjaseemne \u00f5li, Roheline teeTomat, Lagritsajuurl)- on tugevad antioks\u00fcdandid ja kaitsevad meie rakke V\u00e4\u00e4rtuslik h\u00fcaluroonhape&#8211; s\u00fcgav niisutus ja kortsup\u00f5hja t\u00f5stja (silub kortse) Vitaminkomplex\u00a0(B3, Vit C, Vit E, B 6, B5)- tugevdab meie naha [&hellip;]<\/p>\n","protected":false},"featured_media":22427,"template":"","meta":{"_acf_changed":false},"product_cat":[284,314,248,15],"product_tag":[],"class_list":["post-22406","product","type-product","status-publish","has-post-thumbnail","hentry","product_cat-lehtmaskid","product_cat-silmamaskid","product_cat-maskid-2","product_cat-muud-tooted"],"acf":[],"yoast_head":"<!-- This site is optimized with the Yoast SEO plugin v25.4 - https:\/\/yoast.com\/wordpress\/plugins\/seo\/ -->\n<title>V\u00e4rskendav Silmamask H\u00fcaluroonhappe Ja Niatsinamiidiga - Beauty Institute<\/title>\n<meta name=\"robots\" content=\"index, follow, max-snippet:-1, max-image-preview:large, max-video-preview:-1\" \/>\n<link rel=\"canonical\" href=\"https:\/\/beautyinstitute.ee\/toode\/varskendav-silmamask-hualuroonhappe-ja-niatsinamiidiga\/\" \/>\n<meta property=\"og:locale\" content=\"ru_RU\" \/>\n<meta property=\"og:type\" content=\"article\" \/>\n<meta property=\"og:title\" content=\"V\u00e4rskendav Silmamask H\u00fcaluroonhappe Ja Niatsinamiidiga - Beauty Institute\" \/>\n<meta property=\"og:description\" content=\"Niisutav ja v\u00e4rskendav biolagunev silmamask! Aktiivs\u00fcsi on puhastava, detox toimega- andes nahale klaari ja puhta v\u00e4limuse. Taimsed ekstraktid \u00a0\u00a0(Aubergine, Soja, Mooruspuu,Vaarika seemne\u00f5li, Aronia, Acai,Viinamarjaseemne \u00f5li, Roheline teeTomat, Lagritsajuurl)- on tugevad antioks\u00fcdandid ja kaitsevad meie rakke V\u00e4\u00e4rtuslik h\u00fcaluroonhape&#8211; s\u00fcgav niisutus ja kortsup\u00f5hja t\u00f5stja (silub kortse) Vitaminkomplex\u00a0(B3, Vit C, Vit E, B 6, B5)- tugevdab meie naha [&hellip;]\" \/>\n<meta property=\"og:url\" content=\"https:\/\/beautyinstitute.ee\/toode\/varskendav-silmamask-hualuroonhappe-ja-niatsinamiidiga\/\" \/>\n<meta property=\"og:site_name\" content=\"Beauty Institute\" \/>\n<meta property=\"article:modified_time\" content=\"2026-04-22T10:47:33+00:00\" \/>\n<meta property=\"og:image\" content=\"https:\/\/beautyinstitute.ee\/wp-content\/uploads\/2023\/03\/eye-zone-mask-pakk.jpeg\" \/>\n\t<meta property=\"og:image:width\" content=\"2000\" \/>\n\t<meta property=\"og:image:height\" content=\"2000\" \/>\n\t<meta property=\"og:image:type\" content=\"image\/jpeg\" \/>\n<meta name=\"twitter:card\" content=\"summary_large_image\" \/>\n<meta name=\"twitter:site\" content=\"@Beauty_Eesti\" \/>\n<meta name=\"twitter:label1\" content=\"\u041f\u0440\u0438\u043c\u0435\u0440\u043d\u043e\u0435 \u0432\u0440\u0435\u043c\u044f \u0434\u043b\u044f \u0447\u0442\u0435\u043d\u0438\u044f\" \/>\n\t<meta name=\"twitter:data1\" content=\"1 \u043c\u0438\u043d\u0443\u0442\u0430\" \/>\n<script type=\"application\/ld+json\" class=\"yoast-schema-graph\">{\"@context\":\"https:\/\/schema.org\",\"@graph\":[{\"@type\":\"WebPage\",\"@id\":\"https:\/\/beautyinstitute.ee\/toode\/varskendav-silmamask-hualuroonhappe-ja-niatsinamiidiga\/\",\"url\":\"https:\/\/beautyinstitute.ee\/toode\/varskendav-silmamask-hualuroonhappe-ja-niatsinamiidiga\/\",\"name\":\"V\u00e4rskendav Silmamask H\u00fcaluroonhappe Ja Niatsinamiidiga - Beauty Institute\",\"isPartOf\":{\"@id\":\"https:\/\/beautyinstitute.ee\/#website\"},\"primaryImageOfPage\":{\"@id\":\"https:\/\/beautyinstitute.ee\/toode\/varskendav-silmamask-hualuroonhappe-ja-niatsinamiidiga\/#primaryimage\"},\"image\":{\"@id\":\"https:\/\/beautyinstitute.ee\/toode\/varskendav-silmamask-hualuroonhappe-ja-niatsinamiidiga\/#primaryimage\"},\"thumbnailUrl\":\"https:\/\/beautyinstitute.ee\/wp-content\/uploads\/2023\/03\/eye-zone-mask-pakk.jpeg\",\"datePublished\":\"2023-03-09T07:24:10+00:00\",\"dateModified\":\"2026-04-22T10:47:33+00:00\",\"breadcrumb\":{\"@id\":\"https:\/\/beautyinstitute.ee\/toode\/varskendav-silmamask-hualuroonhappe-ja-niatsinamiidiga\/#breadcrumb\"},\"inLanguage\":\"ru-RU\",\"potentialAction\":[{\"@type\":\"ReadAction\",\"target\":[\"https:\/\/beautyinstitute.ee\/toode\/varskendav-silmamask-hualuroonhappe-ja-niatsinamiidiga\/\"]}]},{\"@type\":\"ImageObject\",\"inLanguage\":\"ru-RU\",\"@id\":\"https:\/\/beautyinstitute.ee\/toode\/varskendav-silmamask-hualuroonhappe-ja-niatsinamiidiga\/#primaryimage\",\"url\":\"https:\/\/beautyinstitute.ee\/wp-content\/uploads\/2023\/03\/eye-zone-mask-pakk.jpeg\",\"contentUrl\":\"https:\/\/beautyinstitute.ee\/wp-content\/uploads\/2023\/03\/eye-zone-mask-pakk.jpeg\",\"width\":2000,\"height\":2000},{\"@type\":\"BreadcrumbList\",\"@id\":\"https:\/\/beautyinstitute.ee\/toode\/varskendav-silmamask-hualuroonhappe-ja-niatsinamiidiga\/#breadcrumb\",\"itemListElement\":[{\"@type\":\"ListItem\",\"position\":1,\"name\":\"Home\",\"item\":\"https:\/\/beautyinstitute.ee\/ru\/\"},{\"@type\":\"ListItem\",\"position\":2,\"name\":\"E-pood\",\"item\":\"https:\/\/beautyinstitute.ee\/e-pood\/\"},{\"@type\":\"ListItem\",\"position\":3,\"name\":\"V\u00e4rskendav Silmamask H\u00fcaluroonhappe Ja Niatsinamiidiga\"}]},{\"@type\":\"WebSite\",\"@id\":\"https:\/\/beautyinstitute.ee\/#website\",\"url\":\"https:\/\/beautyinstitute.ee\/\",\"name\":\"Beauty Institute\",\"description\":\"CNC Cosmetic ametlik maaletooja ja edasim\u00fc\u00fcja Eestis, Soomes, L\u00e4tis. Aparaadikosmeetika, koolitused, kosmeetikatooted.\",\"potentialAction\":[{\"@type\":\"SearchAction\",\"target\":{\"@type\":\"EntryPoint\",\"urlTemplate\":\"https:\/\/beautyinstitute.ee\/?s={search_term_string}\"},\"query-input\":{\"@type\":\"PropertyValueSpecification\",\"valueRequired\":true,\"valueName\":\"search_term_string\"}}],\"inLanguage\":\"ru-RU\"}]}<\/script>\n<!-- \/ Yoast SEO plugin. -->","yoast_head_json":{"title":"V\u00e4rskendav Silmamask H\u00fcaluroonhappe Ja Niatsinamiidiga - Beauty Institute","robots":{"index":"index","follow":"follow","max-snippet":"max-snippet:-1","max-image-preview":"max-image-preview:large","max-video-preview":"max-video-preview:-1"},"canonical":"https:\/\/beautyinstitute.ee\/toode\/varskendav-silmamask-hualuroonhappe-ja-niatsinamiidiga\/","og_locale":"ru_RU","og_type":"article","og_title":"V\u00e4rskendav Silmamask H\u00fcaluroonhappe Ja Niatsinamiidiga - Beauty Institute","og_description":"Niisutav ja v\u00e4rskendav biolagunev silmamask! Aktiivs\u00fcsi on puhastava, detox toimega- andes nahale klaari ja puhta v\u00e4limuse. Taimsed ekstraktid \u00a0\u00a0(Aubergine, Soja, Mooruspuu,Vaarika seemne\u00f5li, Aronia, Acai,Viinamarjaseemne \u00f5li, Roheline teeTomat, Lagritsajuurl)- on tugevad antioks\u00fcdandid ja kaitsevad meie rakke V\u00e4\u00e4rtuslik h\u00fcaluroonhape&#8211; s\u00fcgav niisutus ja kortsup\u00f5hja t\u00f5stja (silub kortse) Vitaminkomplex\u00a0(B3, Vit C, Vit E, B 6, B5)- tugevdab meie naha [&hellip;]","og_url":"https:\/\/beautyinstitute.ee\/toode\/varskendav-silmamask-hualuroonhappe-ja-niatsinamiidiga\/","og_site_name":"Beauty Institute","article_modified_time":"2026-04-22T10:47:33+00:00","og_image":[{"width":2000,"height":2000,"url":"https:\/\/beautyinstitute.ee\/wp-content\/uploads\/2023\/03\/eye-zone-mask-pakk.jpeg","type":"image\/jpeg"}],"twitter_card":"summary_large_image","twitter_site":"@Beauty_Eesti","twitter_misc":{"\u041f\u0440\u0438\u043c\u0435\u0440\u043d\u043e\u0435 \u0432\u0440\u0435\u043c\u044f \u0434\u043b\u044f \u0447\u0442\u0435\u043d\u0438\u044f":"1 \u043c\u0438\u043d\u0443\u0442\u0430"},"schema":{"@context":"https:\/\/schema.org","@graph":[{"@type":"WebPage","@id":"https:\/\/beautyinstitute.ee\/toode\/varskendav-silmamask-hualuroonhappe-ja-niatsinamiidiga\/","url":"https:\/\/beautyinstitute.ee\/toode\/varskendav-silmamask-hualuroonhappe-ja-niatsinamiidiga\/","name":"V\u00e4rskendav Silmamask H\u00fcaluroonhappe Ja Niatsinamiidiga - Beauty Institute","isPartOf":{"@id":"https:\/\/beautyinstitute.ee\/#website"},"primaryImageOfPage":{"@id":"https:\/\/beautyinstitute.ee\/toode\/varskendav-silmamask-hualuroonhappe-ja-niatsinamiidiga\/#primaryimage"},"image":{"@id":"https:\/\/beautyinstitute.ee\/toode\/varskendav-silmamask-hualuroonhappe-ja-niatsinamiidiga\/#primaryimage"},"thumbnailUrl":"https:\/\/beautyinstitute.ee\/wp-content\/uploads\/2023\/03\/eye-zone-mask-pakk.jpeg","datePublished":"2023-03-09T07:24:10+00:00","dateModified":"2026-04-22T10:47:33+00:00","breadcrumb":{"@id":"https:\/\/beautyinstitute.ee\/toode\/varskendav-silmamask-hualuroonhappe-ja-niatsinamiidiga\/#breadcrumb"},"inLanguage":"ru-RU","potentialAction":[{"@type":"ReadAction","target":["https:\/\/beautyinstitute.ee\/toode\/varskendav-silmamask-hualuroonhappe-ja-niatsinamiidiga\/"]}]},{"@type":"ImageObject","inLanguage":"ru-RU","@id":"https:\/\/beautyinstitute.ee\/toode\/varskendav-silmamask-hualuroonhappe-ja-niatsinamiidiga\/#primaryimage","url":"https:\/\/beautyinstitute.ee\/wp-content\/uploads\/2023\/03\/eye-zone-mask-pakk.jpeg","contentUrl":"https:\/\/beautyinstitute.ee\/wp-content\/uploads\/2023\/03\/eye-zone-mask-pakk.jpeg","width":2000,"height":2000},{"@type":"BreadcrumbList","@id":"https:\/\/beautyinstitute.ee\/toode\/varskendav-silmamask-hualuroonhappe-ja-niatsinamiidiga\/#breadcrumb","itemListElement":[{"@type":"ListItem","position":1,"name":"Home","item":"https:\/\/beautyinstitute.ee\/ru\/"},{"@type":"ListItem","position":2,"name":"E-pood","item":"https:\/\/beautyinstitute.ee\/e-pood\/"},{"@type":"ListItem","position":3,"name":"V\u00e4rskendav Silmamask H\u00fcaluroonhappe Ja Niatsinamiidiga"}]},{"@type":"WebSite","@id":"https:\/\/beautyinstitute.ee\/#website","url":"https:\/\/beautyinstitute.ee\/","name":"Beauty Institute","description":"CNC Cosmetic ametlik maaletooja ja edasim\u00fc\u00fcja Eestis, Soomes, L\u00e4tis. Aparaadikosmeetika, koolitused, kosmeetikatooted.","potentialAction":[{"@type":"SearchAction","target":{"@type":"EntryPoint","urlTemplate":"https:\/\/beautyinstitute.ee\/?s={search_term_string}"},"query-input":{"@type":"PropertyValueSpecification","valueRequired":true,"valueName":"search_term_string"}}],"inLanguage":"ru-RU"}]}},"_links":{"self":[{"href":"https:\/\/beautyinstitute.ee\/ru\/wp-json\/wp\/v2\/product\/22406","targetHints":{"allow":["GET"]}}],"collection":[{"href":"https:\/\/beautyinstitute.ee\/ru\/wp-json\/wp\/v2\/product"}],"about":[{"href":"https:\/\/beautyinstitute.ee\/ru\/wp-json\/wp\/v2\/types\/product"}],"wp:featuredmedia":[{"embeddable":true,"href":"https:\/\/beautyinstitute.ee\/ru\/wp-json\/wp\/v2\/media\/22427"}],"wp:attachment":[{"href":"https:\/\/beautyinstitute.ee\/ru\/wp-json\/wp\/v2\/media?parent=22406"}],"wp:term":[{"taxonomy":"product_cat","embeddable":true,"href":"https:\/\/beautyinstitute.ee\/ru\/wp-json\/wp\/v2\/product_cat?post=22406"},{"taxonomy":"product_tag","embeddable":true,"href":"https:\/\/beautyinstitute.ee\/ru\/wp-json\/wp\/v2\/product_tag?post=22406"}],"curies":[{"name":"wp","href":"https:\/\/api.w.org\/{rel}","templated":true}]}}