{"id":2306,"date":"2019-01-18T15:51:27","date_gmt":"2019-01-18T15:51:27","guid":{"rendered":"https:\/\/beautyinstitute.ee\/?post_type=product&#038;p=2306"},"modified":"2026-04-03T00:15:01","modified_gmt":"2026-04-02T21:15:01","slug":"vitamin-augencreme-silmakreem","status":"publish","type":"product","link":"https:\/\/beautyinstitute.ee\/ru\/toode\/vitamin-augencreme-silmakreem\/","title":{"rendered":"Classic Vitamin Augencreme (Silmakreem)"},"content":{"rendered":"<p><strong>Taaselustava toimega rikkalik silmakreem.<\/strong><\/p>\n<p>Suurendab naha elastsust, trimmib nahka ja niisutab. V\u00f5ib kasutada ka maskina.<\/p>\n<p><strong>Eelised:<\/strong><\/p>\n<ul>\n<li>v\u00e4rskendab \u00f5rna silma\u00fcmbrust ja annab sellele uut energiat<\/li>\n<li>l\u00f5\u00f5gastab silma\u00fcmbrust<\/li>\n<\/ul>\n<p><strong>Sobilik:<\/strong> k\u00f5ikidele nahat\u00fc\u00fcpidele.<\/p>\n<p><strong>Toimeained:<\/strong> skvalaan, jojoba\u00f5li, sheav\u00f5i, uurea, pantenool, allantoiin, bisabolol, E-vitamiin.<\/p>\n","protected":false},"excerpt":{"rendered":"<p>Taaselustava toimega rikkalik silmakreem. Suurendab naha elastsust, trimmib nahka ja niisutab. V\u00f5ib kasutada ka maskina. Eelised: v\u00e4rskendab \u00f5rna silma\u00fcmbrust ja annab sellele uut energiat l\u00f5\u00f5gastab silma\u00fcmbrust Sobilik: k\u00f5ikidele nahat\u00fc\u00fcpidele. Toimeained: skvalaan, jojoba\u00f5li, sheav\u00f5i, uurea, pantenool, allantoiin, bisabolol, E-vitamiin.<\/p>\n","protected":false},"featured_media":2311,"template":"","meta":{"_acf_changed":false},"product_cat":[251,114,134],"product_tag":[],"class_list":["post-2306","product","type-product","status-publish","has-post-thumbnail","hentry","product_cat-silmakreemid","product_cat-tootesarjad","product_cat-classic"],"acf":[],"yoast_head":"<!-- This site is optimized with the Yoast SEO plugin v25.4 - https:\/\/yoast.com\/wordpress\/plugins\/seo\/ -->\n<title>Classic Vitamin Augencreme (Silmakreem) - Beauty Institute<\/title>\n<meta name=\"robots\" content=\"index, follow, max-snippet:-1, max-image-preview:large, max-video-preview:-1\" \/>\n<link rel=\"canonical\" href=\"https:\/\/beautyinstitute.ee\/toode\/vitamin-augencreme-silmakreem\/\" \/>\n<meta property=\"og:locale\" content=\"ru_RU\" \/>\n<meta property=\"og:type\" content=\"article\" \/>\n<meta property=\"og:title\" content=\"Classic Vitamin Augencreme (Silmakreem) - Beauty Institute\" \/>\n<meta property=\"og:description\" content=\"Taaselustava toimega rikkalik silmakreem. Suurendab naha elastsust, trimmib nahka ja niisutab. V\u00f5ib kasutada ka maskina. Eelised: v\u00e4rskendab \u00f5rna silma\u00fcmbrust ja annab sellele uut energiat l\u00f5\u00f5gastab silma\u00fcmbrust Sobilik: k\u00f5ikidele nahat\u00fc\u00fcpidele. Toimeained: skvalaan, jojoba\u00f5li, sheav\u00f5i, uurea, pantenool, allantoiin, bisabolol, E-vitamiin.\" \/>\n<meta property=\"og:url\" content=\"https:\/\/beautyinstitute.ee\/toode\/vitamin-augencreme-silmakreem\/\" \/>\n<meta property=\"og:site_name\" content=\"Beauty Institute\" \/>\n<meta property=\"article:modified_time\" content=\"2026-04-02T21:15:01+00:00\" \/>\n<meta property=\"og:image\" content=\"https:\/\/beautyinstitute.ee\/wp-content\/uploads\/2019\/01\/110303.jpg\" \/>\n\t<meta property=\"og:image:width\" content=\"1500\" \/>\n\t<meta property=\"og:image:height\" content=\"1422\" \/>\n\t<meta property=\"og:image:type\" content=\"image\/jpeg\" \/>\n<meta name=\"twitter:card\" content=\"summary_large_image\" \/>\n<meta name=\"twitter:site\" content=\"@Beauty_Eesti\" \/>\n<meta name=\"twitter:label1\" content=\"\u041f\u0440\u0438\u043c\u0435\u0440\u043d\u043e\u0435 \u0432\u0440\u0435\u043c\u044f \u0434\u043b\u044f \u0447\u0442\u0435\u043d\u0438\u044f\" \/>\n\t<meta name=\"twitter:data1\" content=\"1 \u043c\u0438\u043d\u0443\u0442\u0430\" \/>\n<script type=\"application\/ld+json\" class=\"yoast-schema-graph\">{\"@context\":\"https:\/\/schema.org\",\"@graph\":[{\"@type\":\"WebPage\",\"@id\":\"https:\/\/beautyinstitute.ee\/toode\/vitamin-augencreme-silmakreem\/\",\"url\":\"https:\/\/beautyinstitute.ee\/toode\/vitamin-augencreme-silmakreem\/\",\"name\":\"Classic Vitamin Augencreme (Silmakreem) - Beauty Institute\",\"isPartOf\":{\"@id\":\"https:\/\/beautyinstitute.ee\/#website\"},\"primaryImageOfPage\":{\"@id\":\"https:\/\/beautyinstitute.ee\/toode\/vitamin-augencreme-silmakreem\/#primaryimage\"},\"image\":{\"@id\":\"https:\/\/beautyinstitute.ee\/toode\/vitamin-augencreme-silmakreem\/#primaryimage\"},\"thumbnailUrl\":\"https:\/\/beautyinstitute.ee\/wp-content\/uploads\/2019\/01\/110303.jpg\",\"datePublished\":\"2019-01-18T15:51:27+00:00\",\"dateModified\":\"2026-04-02T21:15:01+00:00\",\"breadcrumb\":{\"@id\":\"https:\/\/beautyinstitute.ee\/toode\/vitamin-augencreme-silmakreem\/#breadcrumb\"},\"inLanguage\":\"ru-RU\",\"potentialAction\":[{\"@type\":\"ReadAction\",\"target\":[\"https:\/\/beautyinstitute.ee\/toode\/vitamin-augencreme-silmakreem\/\"]}]},{\"@type\":\"ImageObject\",\"inLanguage\":\"ru-RU\",\"@id\":\"https:\/\/beautyinstitute.ee\/toode\/vitamin-augencreme-silmakreem\/#primaryimage\",\"url\":\"https:\/\/beautyinstitute.ee\/wp-content\/uploads\/2019\/01\/110303.jpg\",\"contentUrl\":\"https:\/\/beautyinstitute.ee\/wp-content\/uploads\/2019\/01\/110303.jpg\",\"width\":1500,\"height\":1422},{\"@type\":\"BreadcrumbList\",\"@id\":\"https:\/\/beautyinstitute.ee\/toode\/vitamin-augencreme-silmakreem\/#breadcrumb\",\"itemListElement\":[{\"@type\":\"ListItem\",\"position\":1,\"name\":\"Home\",\"item\":\"https:\/\/beautyinstitute.ee\/ru\/\"},{\"@type\":\"ListItem\",\"position\":2,\"name\":\"E-pood\",\"item\":\"https:\/\/beautyinstitute.ee\/e-pood\/\"},{\"@type\":\"ListItem\",\"position\":3,\"name\":\"Classic Vitamin Augencreme (Silmakreem)\"}]},{\"@type\":\"WebSite\",\"@id\":\"https:\/\/beautyinstitute.ee\/#website\",\"url\":\"https:\/\/beautyinstitute.ee\/\",\"name\":\"Beauty Institute\",\"description\":\"CNC Cosmetic ametlik maaletooja ja edasim\u00fc\u00fcja Eestis, Soomes, L\u00e4tis. Aparaadikosmeetika, koolitused, kosmeetikatooted.\",\"potentialAction\":[{\"@type\":\"SearchAction\",\"target\":{\"@type\":\"EntryPoint\",\"urlTemplate\":\"https:\/\/beautyinstitute.ee\/?s={search_term_string}\"},\"query-input\":{\"@type\":\"PropertyValueSpecification\",\"valueRequired\":true,\"valueName\":\"search_term_string\"}}],\"inLanguage\":\"ru-RU\"}]}<\/script>\n<!-- \/ Yoast SEO plugin. -->","yoast_head_json":{"title":"Classic Vitamin Augencreme (Silmakreem) - Beauty Institute","robots":{"index":"index","follow":"follow","max-snippet":"max-snippet:-1","max-image-preview":"max-image-preview:large","max-video-preview":"max-video-preview:-1"},"canonical":"https:\/\/beautyinstitute.ee\/toode\/vitamin-augencreme-silmakreem\/","og_locale":"ru_RU","og_type":"article","og_title":"Classic Vitamin Augencreme (Silmakreem) - Beauty Institute","og_description":"Taaselustava toimega rikkalik silmakreem. Suurendab naha elastsust, trimmib nahka ja niisutab. V\u00f5ib kasutada ka maskina. Eelised: v\u00e4rskendab \u00f5rna silma\u00fcmbrust ja annab sellele uut energiat l\u00f5\u00f5gastab silma\u00fcmbrust Sobilik: k\u00f5ikidele nahat\u00fc\u00fcpidele. Toimeained: skvalaan, jojoba\u00f5li, sheav\u00f5i, uurea, pantenool, allantoiin, bisabolol, E-vitamiin.","og_url":"https:\/\/beautyinstitute.ee\/toode\/vitamin-augencreme-silmakreem\/","og_site_name":"Beauty Institute","article_modified_time":"2026-04-02T21:15:01+00:00","og_image":[{"width":1500,"height":1422,"url":"https:\/\/beautyinstitute.ee\/wp-content\/uploads\/2019\/01\/110303.jpg","type":"image\/jpeg"}],"twitter_card":"summary_large_image","twitter_site":"@Beauty_Eesti","twitter_misc":{"\u041f\u0440\u0438\u043c\u0435\u0440\u043d\u043e\u0435 \u0432\u0440\u0435\u043c\u044f \u0434\u043b\u044f \u0447\u0442\u0435\u043d\u0438\u044f":"1 \u043c\u0438\u043d\u0443\u0442\u0430"},"schema":{"@context":"https:\/\/schema.org","@graph":[{"@type":"WebPage","@id":"https:\/\/beautyinstitute.ee\/toode\/vitamin-augencreme-silmakreem\/","url":"https:\/\/beautyinstitute.ee\/toode\/vitamin-augencreme-silmakreem\/","name":"Classic Vitamin Augencreme (Silmakreem) - Beauty Institute","isPartOf":{"@id":"https:\/\/beautyinstitute.ee\/#website"},"primaryImageOfPage":{"@id":"https:\/\/beautyinstitute.ee\/toode\/vitamin-augencreme-silmakreem\/#primaryimage"},"image":{"@id":"https:\/\/beautyinstitute.ee\/toode\/vitamin-augencreme-silmakreem\/#primaryimage"},"thumbnailUrl":"https:\/\/beautyinstitute.ee\/wp-content\/uploads\/2019\/01\/110303.jpg","datePublished":"2019-01-18T15:51:27+00:00","dateModified":"2026-04-02T21:15:01+00:00","breadcrumb":{"@id":"https:\/\/beautyinstitute.ee\/toode\/vitamin-augencreme-silmakreem\/#breadcrumb"},"inLanguage":"ru-RU","potentialAction":[{"@type":"ReadAction","target":["https:\/\/beautyinstitute.ee\/toode\/vitamin-augencreme-silmakreem\/"]}]},{"@type":"ImageObject","inLanguage":"ru-RU","@id":"https:\/\/beautyinstitute.ee\/toode\/vitamin-augencreme-silmakreem\/#primaryimage","url":"https:\/\/beautyinstitute.ee\/wp-content\/uploads\/2019\/01\/110303.jpg","contentUrl":"https:\/\/beautyinstitute.ee\/wp-content\/uploads\/2019\/01\/110303.jpg","width":1500,"height":1422},{"@type":"BreadcrumbList","@id":"https:\/\/beautyinstitute.ee\/toode\/vitamin-augencreme-silmakreem\/#breadcrumb","itemListElement":[{"@type":"ListItem","position":1,"name":"Home","item":"https:\/\/beautyinstitute.ee\/ru\/"},{"@type":"ListItem","position":2,"name":"E-pood","item":"https:\/\/beautyinstitute.ee\/e-pood\/"},{"@type":"ListItem","position":3,"name":"Classic Vitamin Augencreme (Silmakreem)"}]},{"@type":"WebSite","@id":"https:\/\/beautyinstitute.ee\/#website","url":"https:\/\/beautyinstitute.ee\/","name":"Beauty Institute","description":"CNC Cosmetic ametlik maaletooja ja edasim\u00fc\u00fcja Eestis, Soomes, L\u00e4tis. Aparaadikosmeetika, koolitused, kosmeetikatooted.","potentialAction":[{"@type":"SearchAction","target":{"@type":"EntryPoint","urlTemplate":"https:\/\/beautyinstitute.ee\/?s={search_term_string}"},"query-input":{"@type":"PropertyValueSpecification","valueRequired":true,"valueName":"search_term_string"}}],"inLanguage":"ru-RU"}]}},"_links":{"self":[{"href":"https:\/\/beautyinstitute.ee\/ru\/wp-json\/wp\/v2\/product\/2306","targetHints":{"allow":["GET"]}}],"collection":[{"href":"https:\/\/beautyinstitute.ee\/ru\/wp-json\/wp\/v2\/product"}],"about":[{"href":"https:\/\/beautyinstitute.ee\/ru\/wp-json\/wp\/v2\/types\/product"}],"wp:featuredmedia":[{"embeddable":true,"href":"https:\/\/beautyinstitute.ee\/ru\/wp-json\/wp\/v2\/media\/2311"}],"wp:attachment":[{"href":"https:\/\/beautyinstitute.ee\/ru\/wp-json\/wp\/v2\/media?parent=2306"}],"wp:term":[{"taxonomy":"product_cat","embeddable":true,"href":"https:\/\/beautyinstitute.ee\/ru\/wp-json\/wp\/v2\/product_cat?post=2306"},{"taxonomy":"product_tag","embeddable":true,"href":"https:\/\/beautyinstitute.ee\/ru\/wp-json\/wp\/v2\/product_tag?post=2306"}],"curies":[{"name":"wp","href":"https:\/\/api.w.org\/{rel}","templated":true}]}}