{"id":23286,"date":"2023-05-23T09:50:32","date_gmt":"2023-05-23T06:50:32","guid":{"rendered":"https:\/\/beautyinstitute.ee\/?post_type=product&#038;p=23286"},"modified":"2026-04-28T14:14:34","modified_gmt":"2026-04-28T11:14:34","slug":"medhyal-creme","status":"publish","type":"product","link":"https:\/\/beautyinstitute.ee\/ru\/toode\/medhyal-creme\/","title":{"rendered":"Medhyal Creme"},"content":{"rendered":"<p>M\u00d5JU:\u00a0Niisutav 24h \u00a0kreem taastab naha struktuuri. Tugevdab naha kaitsebarj\u00e4\u00e4ri,<br \/>\nleevendab stressi ja rahustab \u00e4rritunud nahka.<\/p>\n<p>NAHAT\u00dc\u00dcP:\u00a0Taastamist vajav nahk.<\/p>\n<p>KASUTAMINE:\u00a0Kanna kreemi iga p\u00e4ev hommikul ja \u00f5htul \u00fchtlaselt puhastatud ja toniseeritud nahale.<br \/>\nOtimaalse efekti saavutamiseks kasuta eelnevalt MED HYALi seerumit.<\/p>\n<p>EELISED:<\/p>\n<ul>\n<li>toidab nahka pikema aja jooksul<\/li>\n<li>\u00a0pakub tuge p\u00e4rast dermatseutilist\u00a0aparatiivset hooldust ja iluhooldust ning\u00a0ilukirurgilist sekkumist<\/li>\n<li>aktiveerib uute rakkude moodustumist ja\u00a0aitab kaasa nahastruktuuri taastumisele<\/li>\n<li>rahustab \u00e4rritustele kalduvat nahka<\/li>\n<li>pikaajaline niisutus&#8217;<\/li>\n<li>kaitseb nahabarj\u00e4\u00e4ri ja toetab selle\u00a0paranemist<\/li>\n<\/ul>\n<p>N\u00d5UANNE:\u00a0Parima tulemuse saavutamiseks\u00a0kombineeri MED HYALi seerumiga.<\/p>\n<p>AKTIIVAINED:K\u00f5rge ja madala molekulmassiga\u00a0h\u00fcaluroonhape, h\u00fcaktiivne h\u00fcaluroonhape, Aasia vesinaba (Centellaasiatica), ranniku kummel, Defensil\u00ae,\u00a0Pentavitin\u00ae, E-vitamiin (tokoferool),\u00a0pantenool, bisabolool, harilik aaloe\u00a0(Aloe vera), sheav\u00f5i.<\/p>\n<p>&nbsp;<\/p>\n<p>&nbsp;<\/p>\n","protected":false},"excerpt":{"rendered":"<p>M\u00d5JU:\u00a0Niisutav 24h \u00a0kreem taastab naha struktuuri. Tugevdab naha kaitsebarj\u00e4\u00e4ri, leevendab stressi ja rahustab \u00e4rritunud nahka. NAHAT\u00dc\u00dcP:\u00a0Taastamist vajav nahk. KASUTAMINE:\u00a0Kanna kreemi iga p\u00e4ev hommikul ja \u00f5htul \u00fchtlaselt puhastatud ja toniseeritud nahale. Otimaalse efekti saavutamiseks kasuta eelnevalt MED HYALi seerumit. EELISED: toidab nahka pikema aja jooksul \u00a0pakub tuge p\u00e4rast dermatseutilist\u00a0aparatiivset hooldust ja iluhooldust ning\u00a0ilukirurgilist sekkumist aktiveerib uute [&hellip;]<\/p>\n","protected":false},"featured_media":23289,"template":"","meta":{"_acf_changed":false},"product_cat":[289,250,137],"product_tag":[],"class_list":["post-23286","product","type-product","status-publish","has-post-thumbnail","hentry","product_cat-medhyal-profi","product_cat-naokreemid","product_cat-micro-needling-pen"],"acf":[],"yoast_head":"<!-- This site is optimized with the Yoast SEO plugin v25.4 - https:\/\/yoast.com\/wordpress\/plugins\/seo\/ -->\n<title>Medhyal Creme - Beauty Institute<\/title>\n<meta name=\"robots\" content=\"index, follow, max-snippet:-1, max-image-preview:large, max-video-preview:-1\" \/>\n<link rel=\"canonical\" href=\"https:\/\/beautyinstitute.ee\/toode\/medhyal-creme\/\" \/>\n<meta property=\"og:locale\" content=\"ru_RU\" \/>\n<meta property=\"og:type\" content=\"article\" \/>\n<meta property=\"og:title\" content=\"Medhyal Creme - Beauty Institute\" \/>\n<meta property=\"og:description\" content=\"M\u00d5JU:\u00a0Niisutav 24h \u00a0kreem taastab naha struktuuri. Tugevdab naha kaitsebarj\u00e4\u00e4ri, leevendab stressi ja rahustab \u00e4rritunud nahka. NAHAT\u00dc\u00dcP:\u00a0Taastamist vajav nahk. KASUTAMINE:\u00a0Kanna kreemi iga p\u00e4ev hommikul ja \u00f5htul \u00fchtlaselt puhastatud ja toniseeritud nahale. Otimaalse efekti saavutamiseks kasuta eelnevalt MED HYALi seerumit. EELISED: toidab nahka pikema aja jooksul \u00a0pakub tuge p\u00e4rast dermatseutilist\u00a0aparatiivset hooldust ja iluhooldust ning\u00a0ilukirurgilist sekkumist aktiveerib uute [&hellip;]\" \/>\n<meta property=\"og:url\" content=\"https:\/\/beautyinstitute.ee\/toode\/medhyal-creme\/\" \/>\n<meta property=\"og:site_name\" content=\"Beauty Institute\" \/>\n<meta property=\"article:modified_time\" content=\"2026-04-28T11:14:34+00:00\" \/>\n<meta property=\"og:image\" content=\"https:\/\/beautyinstitute.ee\/wp-content\/uploads\/2023\/05\/medhual-kreem-.jpeg\" \/>\n\t<meta property=\"og:image:width\" content=\"1200\" \/>\n\t<meta property=\"og:image:height\" content=\"1200\" \/>\n\t<meta property=\"og:image:type\" content=\"image\/jpeg\" \/>\n<meta name=\"twitter:card\" content=\"summary_large_image\" \/>\n<meta name=\"twitter:site\" content=\"@Beauty_Eesti\" \/>\n<meta name=\"twitter:label1\" content=\"\u041f\u0440\u0438\u043c\u0435\u0440\u043d\u043e\u0435 \u0432\u0440\u0435\u043c\u044f \u0434\u043b\u044f \u0447\u0442\u0435\u043d\u0438\u044f\" \/>\n\t<meta name=\"twitter:data1\" content=\"1 \u043c\u0438\u043d\u0443\u0442\u0430\" \/>\n<script type=\"application\/ld+json\" class=\"yoast-schema-graph\">{\"@context\":\"https:\/\/schema.org\",\"@graph\":[{\"@type\":\"WebPage\",\"@id\":\"https:\/\/beautyinstitute.ee\/toode\/medhyal-creme\/\",\"url\":\"https:\/\/beautyinstitute.ee\/toode\/medhyal-creme\/\",\"name\":\"Medhyal Creme - Beauty Institute\",\"isPartOf\":{\"@id\":\"https:\/\/beautyinstitute.ee\/#website\"},\"primaryImageOfPage\":{\"@id\":\"https:\/\/beautyinstitute.ee\/toode\/medhyal-creme\/#primaryimage\"},\"image\":{\"@id\":\"https:\/\/beautyinstitute.ee\/toode\/medhyal-creme\/#primaryimage\"},\"thumbnailUrl\":\"https:\/\/beautyinstitute.ee\/wp-content\/uploads\/2023\/05\/medhual-kreem-.jpeg\",\"datePublished\":\"2023-05-23T06:50:32+00:00\",\"dateModified\":\"2026-04-28T11:14:34+00:00\",\"breadcrumb\":{\"@id\":\"https:\/\/beautyinstitute.ee\/toode\/medhyal-creme\/#breadcrumb\"},\"inLanguage\":\"ru-RU\",\"potentialAction\":[{\"@type\":\"ReadAction\",\"target\":[\"https:\/\/beautyinstitute.ee\/toode\/medhyal-creme\/\"]}]},{\"@type\":\"ImageObject\",\"inLanguage\":\"ru-RU\",\"@id\":\"https:\/\/beautyinstitute.ee\/toode\/medhyal-creme\/#primaryimage\",\"url\":\"https:\/\/beautyinstitute.ee\/wp-content\/uploads\/2023\/05\/medhual-kreem-.jpeg\",\"contentUrl\":\"https:\/\/beautyinstitute.ee\/wp-content\/uploads\/2023\/05\/medhual-kreem-.jpeg\",\"width\":1200,\"height\":1200},{\"@type\":\"BreadcrumbList\",\"@id\":\"https:\/\/beautyinstitute.ee\/toode\/medhyal-creme\/#breadcrumb\",\"itemListElement\":[{\"@type\":\"ListItem\",\"position\":1,\"name\":\"Home\",\"item\":\"https:\/\/beautyinstitute.ee\/ru\/\"},{\"@type\":\"ListItem\",\"position\":2,\"name\":\"E-pood\",\"item\":\"https:\/\/beautyinstitute.ee\/e-pood\/\"},{\"@type\":\"ListItem\",\"position\":3,\"name\":\"Medhyal Creme\"}]},{\"@type\":\"WebSite\",\"@id\":\"https:\/\/beautyinstitute.ee\/#website\",\"url\":\"https:\/\/beautyinstitute.ee\/\",\"name\":\"Beauty Institute\",\"description\":\"CNC Cosmetic ametlik maaletooja ja edasim\u00fc\u00fcja Eestis, Soomes, L\u00e4tis. Aparaadikosmeetika, koolitused, kosmeetikatooted.\",\"potentialAction\":[{\"@type\":\"SearchAction\",\"target\":{\"@type\":\"EntryPoint\",\"urlTemplate\":\"https:\/\/beautyinstitute.ee\/?s={search_term_string}\"},\"query-input\":{\"@type\":\"PropertyValueSpecification\",\"valueRequired\":true,\"valueName\":\"search_term_string\"}}],\"inLanguage\":\"ru-RU\"}]}<\/script>\n<!-- \/ Yoast SEO plugin. -->","yoast_head_json":{"title":"Medhyal Creme - Beauty Institute","robots":{"index":"index","follow":"follow","max-snippet":"max-snippet:-1","max-image-preview":"max-image-preview:large","max-video-preview":"max-video-preview:-1"},"canonical":"https:\/\/beautyinstitute.ee\/toode\/medhyal-creme\/","og_locale":"ru_RU","og_type":"article","og_title":"Medhyal Creme - Beauty Institute","og_description":"M\u00d5JU:\u00a0Niisutav 24h \u00a0kreem taastab naha struktuuri. Tugevdab naha kaitsebarj\u00e4\u00e4ri, leevendab stressi ja rahustab \u00e4rritunud nahka. NAHAT\u00dc\u00dcP:\u00a0Taastamist vajav nahk. KASUTAMINE:\u00a0Kanna kreemi iga p\u00e4ev hommikul ja \u00f5htul \u00fchtlaselt puhastatud ja toniseeritud nahale. Otimaalse efekti saavutamiseks kasuta eelnevalt MED HYALi seerumit. EELISED: toidab nahka pikema aja jooksul \u00a0pakub tuge p\u00e4rast dermatseutilist\u00a0aparatiivset hooldust ja iluhooldust ning\u00a0ilukirurgilist sekkumist aktiveerib uute [&hellip;]","og_url":"https:\/\/beautyinstitute.ee\/toode\/medhyal-creme\/","og_site_name":"Beauty Institute","article_modified_time":"2026-04-28T11:14:34+00:00","og_image":[{"width":1200,"height":1200,"url":"https:\/\/beautyinstitute.ee\/wp-content\/uploads\/2023\/05\/medhual-kreem-.jpeg","type":"image\/jpeg"}],"twitter_card":"summary_large_image","twitter_site":"@Beauty_Eesti","twitter_misc":{"\u041f\u0440\u0438\u043c\u0435\u0440\u043d\u043e\u0435 \u0432\u0440\u0435\u043c\u044f \u0434\u043b\u044f \u0447\u0442\u0435\u043d\u0438\u044f":"1 \u043c\u0438\u043d\u0443\u0442\u0430"},"schema":{"@context":"https:\/\/schema.org","@graph":[{"@type":"WebPage","@id":"https:\/\/beautyinstitute.ee\/toode\/medhyal-creme\/","url":"https:\/\/beautyinstitute.ee\/toode\/medhyal-creme\/","name":"Medhyal Creme - Beauty Institute","isPartOf":{"@id":"https:\/\/beautyinstitute.ee\/#website"},"primaryImageOfPage":{"@id":"https:\/\/beautyinstitute.ee\/toode\/medhyal-creme\/#primaryimage"},"image":{"@id":"https:\/\/beautyinstitute.ee\/toode\/medhyal-creme\/#primaryimage"},"thumbnailUrl":"https:\/\/beautyinstitute.ee\/wp-content\/uploads\/2023\/05\/medhual-kreem-.jpeg","datePublished":"2023-05-23T06:50:32+00:00","dateModified":"2026-04-28T11:14:34+00:00","breadcrumb":{"@id":"https:\/\/beautyinstitute.ee\/toode\/medhyal-creme\/#breadcrumb"},"inLanguage":"ru-RU","potentialAction":[{"@type":"ReadAction","target":["https:\/\/beautyinstitute.ee\/toode\/medhyal-creme\/"]}]},{"@type":"ImageObject","inLanguage":"ru-RU","@id":"https:\/\/beautyinstitute.ee\/toode\/medhyal-creme\/#primaryimage","url":"https:\/\/beautyinstitute.ee\/wp-content\/uploads\/2023\/05\/medhual-kreem-.jpeg","contentUrl":"https:\/\/beautyinstitute.ee\/wp-content\/uploads\/2023\/05\/medhual-kreem-.jpeg","width":1200,"height":1200},{"@type":"BreadcrumbList","@id":"https:\/\/beautyinstitute.ee\/toode\/medhyal-creme\/#breadcrumb","itemListElement":[{"@type":"ListItem","position":1,"name":"Home","item":"https:\/\/beautyinstitute.ee\/ru\/"},{"@type":"ListItem","position":2,"name":"E-pood","item":"https:\/\/beautyinstitute.ee\/e-pood\/"},{"@type":"ListItem","position":3,"name":"Medhyal Creme"}]},{"@type":"WebSite","@id":"https:\/\/beautyinstitute.ee\/#website","url":"https:\/\/beautyinstitute.ee\/","name":"Beauty Institute","description":"CNC Cosmetic ametlik maaletooja ja edasim\u00fc\u00fcja Eestis, Soomes, L\u00e4tis. Aparaadikosmeetika, koolitused, kosmeetikatooted.","potentialAction":[{"@type":"SearchAction","target":{"@type":"EntryPoint","urlTemplate":"https:\/\/beautyinstitute.ee\/?s={search_term_string}"},"query-input":{"@type":"PropertyValueSpecification","valueRequired":true,"valueName":"search_term_string"}}],"inLanguage":"ru-RU"}]}},"_links":{"self":[{"href":"https:\/\/beautyinstitute.ee\/ru\/wp-json\/wp\/v2\/product\/23286","targetHints":{"allow":["GET"]}}],"collection":[{"href":"https:\/\/beautyinstitute.ee\/ru\/wp-json\/wp\/v2\/product"}],"about":[{"href":"https:\/\/beautyinstitute.ee\/ru\/wp-json\/wp\/v2\/types\/product"}],"wp:featuredmedia":[{"embeddable":true,"href":"https:\/\/beautyinstitute.ee\/ru\/wp-json\/wp\/v2\/media\/23289"}],"wp:attachment":[{"href":"https:\/\/beautyinstitute.ee\/ru\/wp-json\/wp\/v2\/media?parent=23286"}],"wp:term":[{"taxonomy":"product_cat","embeddable":true,"href":"https:\/\/beautyinstitute.ee\/ru\/wp-json\/wp\/v2\/product_cat?post=23286"},{"taxonomy":"product_tag","embeddable":true,"href":"https:\/\/beautyinstitute.ee\/ru\/wp-json\/wp\/v2\/product_tag?post=23286"}],"curies":[{"name":"wp","href":"https:\/\/api.w.org\/{rel}","templated":true}]}}