{"id":23295,"date":"2023-05-23T10:04:08","date_gmt":"2023-05-23T07:04:08","guid":{"rendered":"https:\/\/beautyinstitute.ee\/?post_type=product&#038;p=23295"},"modified":"2026-04-27T11:45:19","modified_gmt":"2026-04-27T08:45:19","slug":"medhyal-seerum","status":"publish","type":"product","link":"https:\/\/beautyinstitute.ee\/ru\/toode\/medhyal-seerum\/","title":{"rendered":"Medhyal Seerum"},"content":{"rendered":"<p>M\u00d5JU:\u00a0Kolme erineva h\u00fcaluroonhappe kombinatsioon aitab s\u00e4ilitada naha niiskusevaru.<br \/>\nSoodustab naha uuenemist ja parandab naha elastsust.<\/p>\n<p>NAHAT\u00dc\u00dcP:\u00a0K\u00f5ikidele nahat\u00fc\u00fcpidele.<\/p>\n<p>EELISED:<\/p>\n<ul>\n<li>\u00fclit\u00f5hus geelseerum<\/li>\n<li>varustab nahka niiskusega<\/li>\n<li>soodustab naha uuenemist<\/li>\n<li>stabiliseerib nahastruktuuri<\/li>\n<li>parandab naha elastsust<\/li>\n<li>silub kiirelt kuivusest tekkinud kortse<\/li>\n<li>aktiveerib niiskuse sidumisv\u00f5imet\u00a0epidermise s\u00fcgavamates kihtides<\/li>\n<li>pikaajaline niisutus<\/li>\n<li>minimeerib TEWLi\u00a0(transepidermaalset veekaotust)<\/li>\n<li>rahustab \u00e4rritustele kalduvat nahka<\/li>\n<li>v\u00f5ib kasutada koos ultraheliga<\/li>\n<\/ul>\n<p>KASUTAMINE:\u00a0Kandke puhastatud ja toniseeritud nahale igal p\u00e4eval hommikul ja \u00f5htul.<br \/>\nKoduhooldus p\u00e4rast CNC Micro Needling PRO hooldust, ideaalne kasutamiseks\u00a0koos MED-HYALi kreemiga.<\/p>\n<p>AKTIIVAINED: K\u00f5rge ja madala molekulmassiga\u00a0h\u00fcaluroonhape,\u00a0h\u00fcaktiivne h\u00fcaluroonhape.<\/p>\n","protected":false},"excerpt":{"rendered":"<p>M\u00d5JU:\u00a0Kolme erineva h\u00fcaluroonhappe kombinatsioon aitab s\u00e4ilitada naha niiskusevaru. Soodustab naha uuenemist ja parandab naha elastsust. NAHAT\u00dc\u00dcP:\u00a0K\u00f5ikidele nahat\u00fc\u00fcpidele. EELISED: \u00fclit\u00f5hus geelseerum varustab nahka niiskusega soodustab naha uuenemist stabiliseerib nahastruktuuri parandab naha elastsust silub kiirelt kuivusest tekkinud kortse aktiveerib niiskuse sidumisv\u00f5imet\u00a0epidermise s\u00fcgavamates kihtides pikaajaline niisutus minimeerib TEWLi\u00a0(transepidermaalset veekaotust) rahustab \u00e4rritustele kalduvat nahka v\u00f5ib kasutada koos ultraheliga KASUTAMINE:\u00a0Kandke [&hellip;]<\/p>\n","protected":false},"featured_media":23304,"template":"","meta":{"_acf_changed":false},"product_cat":[289,249,137],"product_tag":[],"class_list":["post-23295","product","type-product","status-publish","has-post-thumbnail","hentry","product_cat-medhyal-profi","product_cat-seerumid-2","product_cat-micro-needling-pen"],"acf":[],"yoast_head":"<!-- This site is optimized with the Yoast SEO plugin v25.4 - https:\/\/yoast.com\/wordpress\/plugins\/seo\/ -->\n<title>Medhyal Seerum - Beauty Institute<\/title>\n<meta name=\"robots\" content=\"index, follow, max-snippet:-1, max-image-preview:large, max-video-preview:-1\" \/>\n<link rel=\"canonical\" href=\"https:\/\/beautyinstitute.ee\/toode\/medhyal-seerum\/\" \/>\n<meta property=\"og:locale\" content=\"ru_RU\" \/>\n<meta property=\"og:type\" content=\"article\" \/>\n<meta property=\"og:title\" content=\"Medhyal Seerum - Beauty Institute\" \/>\n<meta property=\"og:description\" content=\"M\u00d5JU:\u00a0Kolme erineva h\u00fcaluroonhappe kombinatsioon aitab s\u00e4ilitada naha niiskusevaru. Soodustab naha uuenemist ja parandab naha elastsust. NAHAT\u00dc\u00dcP:\u00a0K\u00f5ikidele nahat\u00fc\u00fcpidele. EELISED: \u00fclit\u00f5hus geelseerum varustab nahka niiskusega soodustab naha uuenemist stabiliseerib nahastruktuuri parandab naha elastsust silub kiirelt kuivusest tekkinud kortse aktiveerib niiskuse sidumisv\u00f5imet\u00a0epidermise s\u00fcgavamates kihtides pikaajaline niisutus minimeerib TEWLi\u00a0(transepidermaalset veekaotust) rahustab \u00e4rritustele kalduvat nahka v\u00f5ib kasutada koos ultraheliga KASUTAMINE:\u00a0Kandke [&hellip;]\" \/>\n<meta property=\"og:url\" content=\"https:\/\/beautyinstitute.ee\/toode\/medhyal-seerum\/\" \/>\n<meta property=\"og:site_name\" content=\"Beauty Institute\" \/>\n<meta property=\"article:modified_time\" content=\"2026-04-27T08:45:19+00:00\" \/>\n<meta property=\"og:image\" content=\"https:\/\/beautyinstitute.ee\/wp-content\/uploads\/2023\/05\/medhyal-serum-1-1.jpeg\" \/>\n\t<meta property=\"og:image:width\" content=\"1200\" \/>\n\t<meta property=\"og:image:height\" content=\"1200\" \/>\n\t<meta property=\"og:image:type\" content=\"image\/jpeg\" \/>\n<meta name=\"twitter:card\" content=\"summary_large_image\" \/>\n<meta name=\"twitter:site\" content=\"@Beauty_Eesti\" \/>\n<meta name=\"twitter:label1\" content=\"\u041f\u0440\u0438\u043c\u0435\u0440\u043d\u043e\u0435 \u0432\u0440\u0435\u043c\u044f \u0434\u043b\u044f \u0447\u0442\u0435\u043d\u0438\u044f\" \/>\n\t<meta name=\"twitter:data1\" content=\"1 \u043c\u0438\u043d\u0443\u0442\u0430\" \/>\n<script type=\"application\/ld+json\" class=\"yoast-schema-graph\">{\"@context\":\"https:\/\/schema.org\",\"@graph\":[{\"@type\":\"WebPage\",\"@id\":\"https:\/\/beautyinstitute.ee\/toode\/medhyal-seerum\/\",\"url\":\"https:\/\/beautyinstitute.ee\/toode\/medhyal-seerum\/\",\"name\":\"Medhyal Seerum - Beauty Institute\",\"isPartOf\":{\"@id\":\"https:\/\/beautyinstitute.ee\/#website\"},\"primaryImageOfPage\":{\"@id\":\"https:\/\/beautyinstitute.ee\/toode\/medhyal-seerum\/#primaryimage\"},\"image\":{\"@id\":\"https:\/\/beautyinstitute.ee\/toode\/medhyal-seerum\/#primaryimage\"},\"thumbnailUrl\":\"https:\/\/beautyinstitute.ee\/wp-content\/uploads\/2023\/05\/medhyal-serum-1-1.jpeg\",\"datePublished\":\"2023-05-23T07:04:08+00:00\",\"dateModified\":\"2026-04-27T08:45:19+00:00\",\"breadcrumb\":{\"@id\":\"https:\/\/beautyinstitute.ee\/toode\/medhyal-seerum\/#breadcrumb\"},\"inLanguage\":\"ru-RU\",\"potentialAction\":[{\"@type\":\"ReadAction\",\"target\":[\"https:\/\/beautyinstitute.ee\/toode\/medhyal-seerum\/\"]}]},{\"@type\":\"ImageObject\",\"inLanguage\":\"ru-RU\",\"@id\":\"https:\/\/beautyinstitute.ee\/toode\/medhyal-seerum\/#primaryimage\",\"url\":\"https:\/\/beautyinstitute.ee\/wp-content\/uploads\/2023\/05\/medhyal-serum-1-1.jpeg\",\"contentUrl\":\"https:\/\/beautyinstitute.ee\/wp-content\/uploads\/2023\/05\/medhyal-serum-1-1.jpeg\",\"width\":1200,\"height\":1200},{\"@type\":\"BreadcrumbList\",\"@id\":\"https:\/\/beautyinstitute.ee\/toode\/medhyal-seerum\/#breadcrumb\",\"itemListElement\":[{\"@type\":\"ListItem\",\"position\":1,\"name\":\"Home\",\"item\":\"https:\/\/beautyinstitute.ee\/ru\/\"},{\"@type\":\"ListItem\",\"position\":2,\"name\":\"E-pood\",\"item\":\"https:\/\/beautyinstitute.ee\/e-pood\/\"},{\"@type\":\"ListItem\",\"position\":3,\"name\":\"Medhyal Seerum\"}]},{\"@type\":\"WebSite\",\"@id\":\"https:\/\/beautyinstitute.ee\/#website\",\"url\":\"https:\/\/beautyinstitute.ee\/\",\"name\":\"Beauty Institute\",\"description\":\"CNC Cosmetic ametlik maaletooja ja edasim\u00fc\u00fcja Eestis, Soomes, L\u00e4tis. Aparaadikosmeetika, koolitused, kosmeetikatooted.\",\"potentialAction\":[{\"@type\":\"SearchAction\",\"target\":{\"@type\":\"EntryPoint\",\"urlTemplate\":\"https:\/\/beautyinstitute.ee\/?s={search_term_string}\"},\"query-input\":{\"@type\":\"PropertyValueSpecification\",\"valueRequired\":true,\"valueName\":\"search_term_string\"}}],\"inLanguage\":\"ru-RU\"}]}<\/script>\n<!-- \/ Yoast SEO plugin. -->","yoast_head_json":{"title":"Medhyal Seerum - Beauty Institute","robots":{"index":"index","follow":"follow","max-snippet":"max-snippet:-1","max-image-preview":"max-image-preview:large","max-video-preview":"max-video-preview:-1"},"canonical":"https:\/\/beautyinstitute.ee\/toode\/medhyal-seerum\/","og_locale":"ru_RU","og_type":"article","og_title":"Medhyal Seerum - Beauty Institute","og_description":"M\u00d5JU:\u00a0Kolme erineva h\u00fcaluroonhappe kombinatsioon aitab s\u00e4ilitada naha niiskusevaru. Soodustab naha uuenemist ja parandab naha elastsust. NAHAT\u00dc\u00dcP:\u00a0K\u00f5ikidele nahat\u00fc\u00fcpidele. EELISED: \u00fclit\u00f5hus geelseerum varustab nahka niiskusega soodustab naha uuenemist stabiliseerib nahastruktuuri parandab naha elastsust silub kiirelt kuivusest tekkinud kortse aktiveerib niiskuse sidumisv\u00f5imet\u00a0epidermise s\u00fcgavamates kihtides pikaajaline niisutus minimeerib TEWLi\u00a0(transepidermaalset veekaotust) rahustab \u00e4rritustele kalduvat nahka v\u00f5ib kasutada koos ultraheliga KASUTAMINE:\u00a0Kandke [&hellip;]","og_url":"https:\/\/beautyinstitute.ee\/toode\/medhyal-seerum\/","og_site_name":"Beauty Institute","article_modified_time":"2026-04-27T08:45:19+00:00","og_image":[{"width":1200,"height":1200,"url":"https:\/\/beautyinstitute.ee\/wp-content\/uploads\/2023\/05\/medhyal-serum-1-1.jpeg","type":"image\/jpeg"}],"twitter_card":"summary_large_image","twitter_site":"@Beauty_Eesti","twitter_misc":{"\u041f\u0440\u0438\u043c\u0435\u0440\u043d\u043e\u0435 \u0432\u0440\u0435\u043c\u044f \u0434\u043b\u044f \u0447\u0442\u0435\u043d\u0438\u044f":"1 \u043c\u0438\u043d\u0443\u0442\u0430"},"schema":{"@context":"https:\/\/schema.org","@graph":[{"@type":"WebPage","@id":"https:\/\/beautyinstitute.ee\/toode\/medhyal-seerum\/","url":"https:\/\/beautyinstitute.ee\/toode\/medhyal-seerum\/","name":"Medhyal Seerum - Beauty Institute","isPartOf":{"@id":"https:\/\/beautyinstitute.ee\/#website"},"primaryImageOfPage":{"@id":"https:\/\/beautyinstitute.ee\/toode\/medhyal-seerum\/#primaryimage"},"image":{"@id":"https:\/\/beautyinstitute.ee\/toode\/medhyal-seerum\/#primaryimage"},"thumbnailUrl":"https:\/\/beautyinstitute.ee\/wp-content\/uploads\/2023\/05\/medhyal-serum-1-1.jpeg","datePublished":"2023-05-23T07:04:08+00:00","dateModified":"2026-04-27T08:45:19+00:00","breadcrumb":{"@id":"https:\/\/beautyinstitute.ee\/toode\/medhyal-seerum\/#breadcrumb"},"inLanguage":"ru-RU","potentialAction":[{"@type":"ReadAction","target":["https:\/\/beautyinstitute.ee\/toode\/medhyal-seerum\/"]}]},{"@type":"ImageObject","inLanguage":"ru-RU","@id":"https:\/\/beautyinstitute.ee\/toode\/medhyal-seerum\/#primaryimage","url":"https:\/\/beautyinstitute.ee\/wp-content\/uploads\/2023\/05\/medhyal-serum-1-1.jpeg","contentUrl":"https:\/\/beautyinstitute.ee\/wp-content\/uploads\/2023\/05\/medhyal-serum-1-1.jpeg","width":1200,"height":1200},{"@type":"BreadcrumbList","@id":"https:\/\/beautyinstitute.ee\/toode\/medhyal-seerum\/#breadcrumb","itemListElement":[{"@type":"ListItem","position":1,"name":"Home","item":"https:\/\/beautyinstitute.ee\/ru\/"},{"@type":"ListItem","position":2,"name":"E-pood","item":"https:\/\/beautyinstitute.ee\/e-pood\/"},{"@type":"ListItem","position":3,"name":"Medhyal Seerum"}]},{"@type":"WebSite","@id":"https:\/\/beautyinstitute.ee\/#website","url":"https:\/\/beautyinstitute.ee\/","name":"Beauty Institute","description":"CNC Cosmetic ametlik maaletooja ja edasim\u00fc\u00fcja Eestis, Soomes, L\u00e4tis. Aparaadikosmeetika, koolitused, kosmeetikatooted.","potentialAction":[{"@type":"SearchAction","target":{"@type":"EntryPoint","urlTemplate":"https:\/\/beautyinstitute.ee\/?s={search_term_string}"},"query-input":{"@type":"PropertyValueSpecification","valueRequired":true,"valueName":"search_term_string"}}],"inLanguage":"ru-RU"}]}},"_links":{"self":[{"href":"https:\/\/beautyinstitute.ee\/ru\/wp-json\/wp\/v2\/product\/23295","targetHints":{"allow":["GET"]}}],"collection":[{"href":"https:\/\/beautyinstitute.ee\/ru\/wp-json\/wp\/v2\/product"}],"about":[{"href":"https:\/\/beautyinstitute.ee\/ru\/wp-json\/wp\/v2\/types\/product"}],"wp:featuredmedia":[{"embeddable":true,"href":"https:\/\/beautyinstitute.ee\/ru\/wp-json\/wp\/v2\/media\/23304"}],"wp:attachment":[{"href":"https:\/\/beautyinstitute.ee\/ru\/wp-json\/wp\/v2\/media?parent=23295"}],"wp:term":[{"taxonomy":"product_cat","embeddable":true,"href":"https:\/\/beautyinstitute.ee\/ru\/wp-json\/wp\/v2\/product_cat?post=23295"},{"taxonomy":"product_tag","embeddable":true,"href":"https:\/\/beautyinstitute.ee\/ru\/wp-json\/wp\/v2\/product_tag?post=23295"}],"curies":[{"name":"wp","href":"https:\/\/api.w.org\/{rel}","templated":true}]}}