{"id":23307,"date":"2023-05-23T10:58:13","date_gmt":"2023-05-23T07:58:13","guid":{"rendered":"https:\/\/beautyinstitute.ee\/?post_type=product&#038;p=23307"},"modified":"2026-04-27T11:45:19","modified_gmt":"2026-04-27T08:45:19","slug":"medhyal-glowbrightening","status":"publish","type":"product","link":"https:\/\/beautyinstitute.ee\/ru\/toode\/medhyal-glowbrightening\/","title":{"rendered":"Medhyal Glow&#038;Brightening"},"content":{"rendered":"<p>GEELSEERUM KOMPLEKSSE\u00a0LOOMULIKU S\u00c4RA SAAVUTAMISEKS<\/p>\n<p>M\u00d5JU: Nahka toniseeriv seerum niatsiini, traneksaamhappe ning musta tee ekstraktiga\u00a0annab nahale \u00fchtlase ja \u00f5rnalt helendava v\u00e4limuse. Naha vastupanuv\u00f5ime ja\u00a0\u00fcldine kvaliteet paraneb silman\u00e4htavalt.<\/p>\n<p>NAHAT\u00dc\u00dcP:\u00a0K\u00f5ik nahat\u00fc\u00fcbid, eriti h\u00fcperpigmenteeritud, punetav v\u00f5i v\u00e4sinud v\u00e4limusega nahk.<\/p>\n<p>EELISED:<\/p>\n<ul>\n<li>muudab naha \u00f5rnalt heledamaks<\/li>\n<li>kaitseb nahka vabade radikaalide eest<\/li>\n<li>niisutab<\/li>\n<li>silub ja \u00fchtlustab nahka<\/li>\n<li>annab nahale elut\u00e4htsa s\u00e4ra<\/li>\n<li>\u00fchildub ultraheliga<\/li>\n<\/ul>\n<p>KASUTAMINE: Jaotage seerum \u00fchtlaselt puhastatud nahale hommikul ja\/v\u00f5i \u00f5htul ning\u00a0masseerige \u00f5rnalt nahka. Seej\u00e4rel kandke nahale oma tavap\u00e4rane nahahoolduskreem. Ideaalne koduhoolduseks p\u00e4rast CNC MicroNeedling PRO hooldust\u00a0kombinatsioonis MED HYALi kreemiga.<\/p>\n<p>OLULINE TEADA:\u00a0Ei tohi kasutada raseduse ajal!\u00a0Tagada piisav valguskaitse.<\/p>\n<p>AKTIIVAINED:\u00a0Niatsiinamiid (vitamiin B3), k\u00e4\u00e4ritatud\u00a0must tee, vitamiinikompleks,\u00a0k\u00f5rgmolekulaarne h\u00fcaluroonhape,<br \/>\nkapsuleeritud h\u00fcaluroonhape,\u00a0traneksaamhape.<\/p>\n","protected":false},"excerpt":{"rendered":"<p>GEELSEERUM KOMPLEKSSE\u00a0LOOMULIKU S\u00c4RA SAAVUTAMISEKS M\u00d5JU: Nahka toniseeriv seerum niatsiini, traneksaamhappe ning musta tee ekstraktiga\u00a0annab nahale \u00fchtlase ja \u00f5rnalt helendava v\u00e4limuse. Naha vastupanuv\u00f5ime ja\u00a0\u00fcldine kvaliteet paraneb silman\u00e4htavalt. NAHAT\u00dc\u00dcP:\u00a0K\u00f5ik nahat\u00fc\u00fcbid, eriti h\u00fcperpigmenteeritud, punetav v\u00f5i v\u00e4sinud v\u00e4limusega nahk. EELISED: muudab naha \u00f5rnalt heledamaks kaitseb nahka vabade radikaalide eest niisutab silub ja \u00fchtlustab nahka annab nahale elut\u00e4htsa s\u00e4ra \u00fchildub [&hellip;]<\/p>\n","protected":false},"featured_media":23311,"template":"","meta":{"_acf_changed":false},"product_cat":[289,249,137,135],"product_tag":[],"class_list":["post-23307","product","type-product","status-publish","has-post-thumbnail","hentry","product_cat-medhyal-profi","product_cat-seerumid-2","product_cat-micro-needling-pen","product_cat-ultrasonic-beauty-light"],"acf":[],"yoast_head":"<!-- This site is optimized with the Yoast SEO plugin v25.4 - https:\/\/yoast.com\/wordpress\/plugins\/seo\/ -->\n<title>Medhyal Glow&amp;Brightening - Beauty Institute<\/title>\n<meta name=\"robots\" content=\"index, follow, max-snippet:-1, max-image-preview:large, max-video-preview:-1\" \/>\n<link rel=\"canonical\" href=\"https:\/\/beautyinstitute.ee\/toode\/medhyal-glowbrightening\/\" \/>\n<meta property=\"og:locale\" content=\"ru_RU\" \/>\n<meta property=\"og:type\" content=\"article\" \/>\n<meta property=\"og:title\" content=\"Medhyal Glow&amp;Brightening - Beauty Institute\" \/>\n<meta property=\"og:description\" content=\"GEELSEERUM KOMPLEKSSE\u00a0LOOMULIKU S\u00c4RA SAAVUTAMISEKS M\u00d5JU: Nahka toniseeriv seerum niatsiini, traneksaamhappe ning musta tee ekstraktiga\u00a0annab nahale \u00fchtlase ja \u00f5rnalt helendava v\u00e4limuse. Naha vastupanuv\u00f5ime ja\u00a0\u00fcldine kvaliteet paraneb silman\u00e4htavalt. NAHAT\u00dc\u00dcP:\u00a0K\u00f5ik nahat\u00fc\u00fcbid, eriti h\u00fcperpigmenteeritud, punetav v\u00f5i v\u00e4sinud v\u00e4limusega nahk. EELISED: muudab naha \u00f5rnalt heledamaks kaitseb nahka vabade radikaalide eest niisutab silub ja \u00fchtlustab nahka annab nahale elut\u00e4htsa s\u00e4ra \u00fchildub [&hellip;]\" \/>\n<meta property=\"og:url\" content=\"https:\/\/beautyinstitute.ee\/toode\/medhyal-glowbrightening\/\" \/>\n<meta property=\"og:site_name\" content=\"Beauty Institute\" \/>\n<meta property=\"article:modified_time\" content=\"2026-04-27T08:45:19+00:00\" \/>\n<meta property=\"og:image\" content=\"https:\/\/beautyinstitute.ee\/wp-content\/uploads\/2023\/05\/glow-tava.jpeg\" \/>\n\t<meta property=\"og:image:width\" content=\"2000\" \/>\n\t<meta property=\"og:image:height\" content=\"2000\" \/>\n\t<meta property=\"og:image:type\" content=\"image\/jpeg\" \/>\n<meta name=\"twitter:card\" content=\"summary_large_image\" \/>\n<meta name=\"twitter:site\" content=\"@Beauty_Eesti\" \/>\n<meta name=\"twitter:label1\" content=\"\u041f\u0440\u0438\u043c\u0435\u0440\u043d\u043e\u0435 \u0432\u0440\u0435\u043c\u044f \u0434\u043b\u044f \u0447\u0442\u0435\u043d\u0438\u044f\" \/>\n\t<meta name=\"twitter:data1\" content=\"1 \u043c\u0438\u043d\u0443\u0442\u0430\" \/>\n<script type=\"application\/ld+json\" class=\"yoast-schema-graph\">{\"@context\":\"https:\/\/schema.org\",\"@graph\":[{\"@type\":\"WebPage\",\"@id\":\"https:\/\/beautyinstitute.ee\/toode\/medhyal-glowbrightening\/\",\"url\":\"https:\/\/beautyinstitute.ee\/toode\/medhyal-glowbrightening\/\",\"name\":\"Medhyal Glow&Brightening - Beauty Institute\",\"isPartOf\":{\"@id\":\"https:\/\/beautyinstitute.ee\/#website\"},\"primaryImageOfPage\":{\"@id\":\"https:\/\/beautyinstitute.ee\/toode\/medhyal-glowbrightening\/#primaryimage\"},\"image\":{\"@id\":\"https:\/\/beautyinstitute.ee\/toode\/medhyal-glowbrightening\/#primaryimage\"},\"thumbnailUrl\":\"https:\/\/beautyinstitute.ee\/wp-content\/uploads\/2023\/05\/glow-tava.jpeg\",\"datePublished\":\"2023-05-23T07:58:13+00:00\",\"dateModified\":\"2026-04-27T08:45:19+00:00\",\"breadcrumb\":{\"@id\":\"https:\/\/beautyinstitute.ee\/toode\/medhyal-glowbrightening\/#breadcrumb\"},\"inLanguage\":\"ru-RU\",\"potentialAction\":[{\"@type\":\"ReadAction\",\"target\":[\"https:\/\/beautyinstitute.ee\/toode\/medhyal-glowbrightening\/\"]}]},{\"@type\":\"ImageObject\",\"inLanguage\":\"ru-RU\",\"@id\":\"https:\/\/beautyinstitute.ee\/toode\/medhyal-glowbrightening\/#primaryimage\",\"url\":\"https:\/\/beautyinstitute.ee\/wp-content\/uploads\/2023\/05\/glow-tava.jpeg\",\"contentUrl\":\"https:\/\/beautyinstitute.ee\/wp-content\/uploads\/2023\/05\/glow-tava.jpeg\",\"width\":2000,\"height\":2000},{\"@type\":\"BreadcrumbList\",\"@id\":\"https:\/\/beautyinstitute.ee\/toode\/medhyal-glowbrightening\/#breadcrumb\",\"itemListElement\":[{\"@type\":\"ListItem\",\"position\":1,\"name\":\"Home\",\"item\":\"https:\/\/beautyinstitute.ee\/ru\/\"},{\"@type\":\"ListItem\",\"position\":2,\"name\":\"E-pood\",\"item\":\"https:\/\/beautyinstitute.ee\/e-pood\/\"},{\"@type\":\"ListItem\",\"position\":3,\"name\":\"Medhyal Glow&#038;Brightening\"}]},{\"@type\":\"WebSite\",\"@id\":\"https:\/\/beautyinstitute.ee\/#website\",\"url\":\"https:\/\/beautyinstitute.ee\/\",\"name\":\"Beauty Institute\",\"description\":\"CNC Cosmetic ametlik maaletooja ja edasim\u00fc\u00fcja Eestis, Soomes, L\u00e4tis. Aparaadikosmeetika, koolitused, kosmeetikatooted.\",\"potentialAction\":[{\"@type\":\"SearchAction\",\"target\":{\"@type\":\"EntryPoint\",\"urlTemplate\":\"https:\/\/beautyinstitute.ee\/?s={search_term_string}\"},\"query-input\":{\"@type\":\"PropertyValueSpecification\",\"valueRequired\":true,\"valueName\":\"search_term_string\"}}],\"inLanguage\":\"ru-RU\"}]}<\/script>\n<!-- \/ Yoast SEO plugin. -->","yoast_head_json":{"title":"Medhyal Glow&Brightening - Beauty Institute","robots":{"index":"index","follow":"follow","max-snippet":"max-snippet:-1","max-image-preview":"max-image-preview:large","max-video-preview":"max-video-preview:-1"},"canonical":"https:\/\/beautyinstitute.ee\/toode\/medhyal-glowbrightening\/","og_locale":"ru_RU","og_type":"article","og_title":"Medhyal Glow&Brightening - Beauty Institute","og_description":"GEELSEERUM KOMPLEKSSE\u00a0LOOMULIKU S\u00c4RA SAAVUTAMISEKS M\u00d5JU: Nahka toniseeriv seerum niatsiini, traneksaamhappe ning musta tee ekstraktiga\u00a0annab nahale \u00fchtlase ja \u00f5rnalt helendava v\u00e4limuse. Naha vastupanuv\u00f5ime ja\u00a0\u00fcldine kvaliteet paraneb silman\u00e4htavalt. NAHAT\u00dc\u00dcP:\u00a0K\u00f5ik nahat\u00fc\u00fcbid, eriti h\u00fcperpigmenteeritud, punetav v\u00f5i v\u00e4sinud v\u00e4limusega nahk. EELISED: muudab naha \u00f5rnalt heledamaks kaitseb nahka vabade radikaalide eest niisutab silub ja \u00fchtlustab nahka annab nahale elut\u00e4htsa s\u00e4ra \u00fchildub [&hellip;]","og_url":"https:\/\/beautyinstitute.ee\/toode\/medhyal-glowbrightening\/","og_site_name":"Beauty Institute","article_modified_time":"2026-04-27T08:45:19+00:00","og_image":[{"width":2000,"height":2000,"url":"https:\/\/beautyinstitute.ee\/wp-content\/uploads\/2023\/05\/glow-tava.jpeg","type":"image\/jpeg"}],"twitter_card":"summary_large_image","twitter_site":"@Beauty_Eesti","twitter_misc":{"\u041f\u0440\u0438\u043c\u0435\u0440\u043d\u043e\u0435 \u0432\u0440\u0435\u043c\u044f \u0434\u043b\u044f \u0447\u0442\u0435\u043d\u0438\u044f":"1 \u043c\u0438\u043d\u0443\u0442\u0430"},"schema":{"@context":"https:\/\/schema.org","@graph":[{"@type":"WebPage","@id":"https:\/\/beautyinstitute.ee\/toode\/medhyal-glowbrightening\/","url":"https:\/\/beautyinstitute.ee\/toode\/medhyal-glowbrightening\/","name":"Medhyal Glow&Brightening - Beauty Institute","isPartOf":{"@id":"https:\/\/beautyinstitute.ee\/#website"},"primaryImageOfPage":{"@id":"https:\/\/beautyinstitute.ee\/toode\/medhyal-glowbrightening\/#primaryimage"},"image":{"@id":"https:\/\/beautyinstitute.ee\/toode\/medhyal-glowbrightening\/#primaryimage"},"thumbnailUrl":"https:\/\/beautyinstitute.ee\/wp-content\/uploads\/2023\/05\/glow-tava.jpeg","datePublished":"2023-05-23T07:58:13+00:00","dateModified":"2026-04-27T08:45:19+00:00","breadcrumb":{"@id":"https:\/\/beautyinstitute.ee\/toode\/medhyal-glowbrightening\/#breadcrumb"},"inLanguage":"ru-RU","potentialAction":[{"@type":"ReadAction","target":["https:\/\/beautyinstitute.ee\/toode\/medhyal-glowbrightening\/"]}]},{"@type":"ImageObject","inLanguage":"ru-RU","@id":"https:\/\/beautyinstitute.ee\/toode\/medhyal-glowbrightening\/#primaryimage","url":"https:\/\/beautyinstitute.ee\/wp-content\/uploads\/2023\/05\/glow-tava.jpeg","contentUrl":"https:\/\/beautyinstitute.ee\/wp-content\/uploads\/2023\/05\/glow-tava.jpeg","width":2000,"height":2000},{"@type":"BreadcrumbList","@id":"https:\/\/beautyinstitute.ee\/toode\/medhyal-glowbrightening\/#breadcrumb","itemListElement":[{"@type":"ListItem","position":1,"name":"Home","item":"https:\/\/beautyinstitute.ee\/ru\/"},{"@type":"ListItem","position":2,"name":"E-pood","item":"https:\/\/beautyinstitute.ee\/e-pood\/"},{"@type":"ListItem","position":3,"name":"Medhyal Glow&#038;Brightening"}]},{"@type":"WebSite","@id":"https:\/\/beautyinstitute.ee\/#website","url":"https:\/\/beautyinstitute.ee\/","name":"Beauty Institute","description":"CNC Cosmetic ametlik maaletooja ja edasim\u00fc\u00fcja Eestis, Soomes, L\u00e4tis. Aparaadikosmeetika, koolitused, kosmeetikatooted.","potentialAction":[{"@type":"SearchAction","target":{"@type":"EntryPoint","urlTemplate":"https:\/\/beautyinstitute.ee\/?s={search_term_string}"},"query-input":{"@type":"PropertyValueSpecification","valueRequired":true,"valueName":"search_term_string"}}],"inLanguage":"ru-RU"}]}},"_links":{"self":[{"href":"https:\/\/beautyinstitute.ee\/ru\/wp-json\/wp\/v2\/product\/23307","targetHints":{"allow":["GET"]}}],"collection":[{"href":"https:\/\/beautyinstitute.ee\/ru\/wp-json\/wp\/v2\/product"}],"about":[{"href":"https:\/\/beautyinstitute.ee\/ru\/wp-json\/wp\/v2\/types\/product"}],"wp:featuredmedia":[{"embeddable":true,"href":"https:\/\/beautyinstitute.ee\/ru\/wp-json\/wp\/v2\/media\/23311"}],"wp:attachment":[{"href":"https:\/\/beautyinstitute.ee\/ru\/wp-json\/wp\/v2\/media?parent=23307"}],"wp:term":[{"taxonomy":"product_cat","embeddable":true,"href":"https:\/\/beautyinstitute.ee\/ru\/wp-json\/wp\/v2\/product_cat?post=23307"},{"taxonomy":"product_tag","embeddable":true,"href":"https:\/\/beautyinstitute.ee\/ru\/wp-json\/wp\/v2\/product_tag?post=23307"}],"curies":[{"name":"wp","href":"https:\/\/api.w.org\/{rel}","templated":true}]}}