{"id":2331,"date":"2019-01-18T16:29:22","date_gmt":"2019-01-18T16:29:22","guid":{"rendered":"https:\/\/beautyinstitute.ee\/?post_type=product&#038;p=2331"},"modified":"2026-04-27T14:50:55","modified_gmt":"2026-04-27T11:50:55","slug":"quick-face-mask","status":"publish","type":"product","link":"https:\/\/beautyinstitute.ee\/ru\/toode\/quick-face-mask\/","title":{"rendered":"Classic Quick Face Mask"},"content":{"rendered":"<p><strong>Siidine lift-efektiga kreemmask.<\/strong><\/p>\n<p>Siidine n\u00e4omask, trimmiva efektiga, mis annab nahale pringi ja pinguldatud v\u00e4limuse. Mask annab nahale taastatud ja sileda efekti ja nahk tundub meeldiv. Samuti ideaalne toode kortsudele ja l\u00f5tvunud nahale.<\/p>\n<p><strong>Eelised:<\/strong><\/p>\n<ul>\n<li>tagab sileda ja \u00fchtlase naha<\/li>\n<li>t\u00f5stva efektiga<\/li>\n<li>hoolitseb, hellitab ja pinguldab l\u00f5tvunud nahapiirkonda<\/li>\n<\/ul>\n<p><strong>Sobilik<\/strong>: k\u00fcpsele ja kahjustatud nahale, mis vajab uuendamist.<\/p>\n<p><strong>Toimeained:<\/strong> nisuidu\u00f5li, maisiidu\u00f5li, A vitamiini palmitaat, vitamiin E, bisabolol, pantenool, saialilleekstrakt.<\/p>\n","protected":false},"excerpt":{"rendered":"<p>Siidine lift-efektiga kreemmask. Siidine n\u00e4omask, trimmiva efektiga, mis annab nahale pringi ja pinguldatud v\u00e4limuse. Mask annab nahale taastatud ja sileda efekti ja nahk tundub meeldiv. Samuti ideaalne toode kortsudele ja l\u00f5tvunud nahale. Eelised: tagab sileda ja \u00fchtlase naha t\u00f5stva efektiga hoolitseb, hellitab ja pinguldab l\u00f5tvunud nahapiirkonda Sobilik: k\u00fcpsele ja kahjustatud nahale, mis vajab uuendamist. Toimeained: [&hellip;]<\/p>\n","protected":false},"featured_media":11938,"template":"","meta":{"_acf_changed":false},"product_cat":[147,114,134],"product_tag":[],"class_list":["post-2331","product","type-product","status-publish","has-post-thumbnail","hentry","product_cat-kreemmaskid","product_cat-tootesarjad","product_cat-classic"],"acf":[],"yoast_head":"<!-- This site is optimized with the Yoast SEO plugin v25.4 - https:\/\/yoast.com\/wordpress\/plugins\/seo\/ -->\n<title>Classic Quick Face Mask - Beauty Institute<\/title>\n<meta name=\"robots\" content=\"index, follow, max-snippet:-1, max-image-preview:large, max-video-preview:-1\" \/>\n<link rel=\"canonical\" href=\"https:\/\/beautyinstitute.ee\/toode\/quick-face-mask\/\" \/>\n<meta property=\"og:locale\" content=\"ru_RU\" \/>\n<meta property=\"og:type\" content=\"article\" \/>\n<meta property=\"og:title\" content=\"Classic Quick Face Mask - Beauty Institute\" \/>\n<meta property=\"og:description\" content=\"Siidine lift-efektiga kreemmask. Siidine n\u00e4omask, trimmiva efektiga, mis annab nahale pringi ja pinguldatud v\u00e4limuse. Mask annab nahale taastatud ja sileda efekti ja nahk tundub meeldiv. Samuti ideaalne toode kortsudele ja l\u00f5tvunud nahale. Eelised: tagab sileda ja \u00fchtlase naha t\u00f5stva efektiga hoolitseb, hellitab ja pinguldab l\u00f5tvunud nahapiirkonda Sobilik: k\u00fcpsele ja kahjustatud nahale, mis vajab uuendamist. Toimeained: [&hellip;]\" \/>\n<meta property=\"og:url\" content=\"https:\/\/beautyinstitute.ee\/toode\/quick-face-mask\/\" \/>\n<meta property=\"og:site_name\" content=\"Beauty Institute\" \/>\n<meta property=\"article:modified_time\" content=\"2026-04-27T11:50:55+00:00\" \/>\n<meta property=\"og:image\" content=\"https:\/\/beautyinstitute.ee\/wp-content\/uploads\/2019\/01\/quick-face-mask.jpg\" \/>\n\t<meta property=\"og:image:width\" content=\"750\" \/>\n\t<meta property=\"og:image:height\" content=\"711\" \/>\n\t<meta property=\"og:image:type\" content=\"image\/jpeg\" \/>\n<meta name=\"twitter:card\" content=\"summary_large_image\" \/>\n<meta name=\"twitter:site\" content=\"@Beauty_Eesti\" \/>\n<script type=\"application\/ld+json\" class=\"yoast-schema-graph\">{\"@context\":\"https:\/\/schema.org\",\"@graph\":[{\"@type\":\"WebPage\",\"@id\":\"https:\/\/beautyinstitute.ee\/toode\/quick-face-mask\/\",\"url\":\"https:\/\/beautyinstitute.ee\/toode\/quick-face-mask\/\",\"name\":\"Classic Quick Face Mask - Beauty Institute\",\"isPartOf\":{\"@id\":\"https:\/\/beautyinstitute.ee\/#website\"},\"primaryImageOfPage\":{\"@id\":\"https:\/\/beautyinstitute.ee\/toode\/quick-face-mask\/#primaryimage\"},\"image\":{\"@id\":\"https:\/\/beautyinstitute.ee\/toode\/quick-face-mask\/#primaryimage\"},\"thumbnailUrl\":\"https:\/\/beautyinstitute.ee\/wp-content\/uploads\/2019\/01\/quick-face-mask.jpg\",\"datePublished\":\"2019-01-18T16:29:22+00:00\",\"dateModified\":\"2026-04-27T11:50:55+00:00\",\"breadcrumb\":{\"@id\":\"https:\/\/beautyinstitute.ee\/toode\/quick-face-mask\/#breadcrumb\"},\"inLanguage\":\"ru-RU\",\"potentialAction\":[{\"@type\":\"ReadAction\",\"target\":[\"https:\/\/beautyinstitute.ee\/toode\/quick-face-mask\/\"]}]},{\"@type\":\"ImageObject\",\"inLanguage\":\"ru-RU\",\"@id\":\"https:\/\/beautyinstitute.ee\/toode\/quick-face-mask\/#primaryimage\",\"url\":\"https:\/\/beautyinstitute.ee\/wp-content\/uploads\/2019\/01\/quick-face-mask.jpg\",\"contentUrl\":\"https:\/\/beautyinstitute.ee\/wp-content\/uploads\/2019\/01\/quick-face-mask.jpg\",\"width\":750,\"height\":711},{\"@type\":\"BreadcrumbList\",\"@id\":\"https:\/\/beautyinstitute.ee\/toode\/quick-face-mask\/#breadcrumb\",\"itemListElement\":[{\"@type\":\"ListItem\",\"position\":1,\"name\":\"Home\",\"item\":\"https:\/\/beautyinstitute.ee\/ru\/\"},{\"@type\":\"ListItem\",\"position\":2,\"name\":\"E-pood\",\"item\":\"https:\/\/beautyinstitute.ee\/e-pood\/\"},{\"@type\":\"ListItem\",\"position\":3,\"name\":\"Classic Quick Face Mask\"}]},{\"@type\":\"WebSite\",\"@id\":\"https:\/\/beautyinstitute.ee\/#website\",\"url\":\"https:\/\/beautyinstitute.ee\/\",\"name\":\"Beauty Institute\",\"description\":\"CNC Cosmetic ametlik maaletooja ja edasim\u00fc\u00fcja Eestis, Soomes, L\u00e4tis. Aparaadikosmeetika, koolitused, kosmeetikatooted.\",\"potentialAction\":[{\"@type\":\"SearchAction\",\"target\":{\"@type\":\"EntryPoint\",\"urlTemplate\":\"https:\/\/beautyinstitute.ee\/?s={search_term_string}\"},\"query-input\":{\"@type\":\"PropertyValueSpecification\",\"valueRequired\":true,\"valueName\":\"search_term_string\"}}],\"inLanguage\":\"ru-RU\"}]}<\/script>\n<!-- \/ Yoast SEO plugin. -->","yoast_head_json":{"title":"Classic Quick Face Mask - Beauty Institute","robots":{"index":"index","follow":"follow","max-snippet":"max-snippet:-1","max-image-preview":"max-image-preview:large","max-video-preview":"max-video-preview:-1"},"canonical":"https:\/\/beautyinstitute.ee\/toode\/quick-face-mask\/","og_locale":"ru_RU","og_type":"article","og_title":"Classic Quick Face Mask - Beauty Institute","og_description":"Siidine lift-efektiga kreemmask. Siidine n\u00e4omask, trimmiva efektiga, mis annab nahale pringi ja pinguldatud v\u00e4limuse. Mask annab nahale taastatud ja sileda efekti ja nahk tundub meeldiv. Samuti ideaalne toode kortsudele ja l\u00f5tvunud nahale. Eelised: tagab sileda ja \u00fchtlase naha t\u00f5stva efektiga hoolitseb, hellitab ja pinguldab l\u00f5tvunud nahapiirkonda Sobilik: k\u00fcpsele ja kahjustatud nahale, mis vajab uuendamist. Toimeained: [&hellip;]","og_url":"https:\/\/beautyinstitute.ee\/toode\/quick-face-mask\/","og_site_name":"Beauty Institute","article_modified_time":"2026-04-27T11:50:55+00:00","og_image":[{"width":750,"height":711,"url":"https:\/\/beautyinstitute.ee\/wp-content\/uploads\/2019\/01\/quick-face-mask.jpg","type":"image\/jpeg"}],"twitter_card":"summary_large_image","twitter_site":"@Beauty_Eesti","schema":{"@context":"https:\/\/schema.org","@graph":[{"@type":"WebPage","@id":"https:\/\/beautyinstitute.ee\/toode\/quick-face-mask\/","url":"https:\/\/beautyinstitute.ee\/toode\/quick-face-mask\/","name":"Classic Quick Face Mask - Beauty Institute","isPartOf":{"@id":"https:\/\/beautyinstitute.ee\/#website"},"primaryImageOfPage":{"@id":"https:\/\/beautyinstitute.ee\/toode\/quick-face-mask\/#primaryimage"},"image":{"@id":"https:\/\/beautyinstitute.ee\/toode\/quick-face-mask\/#primaryimage"},"thumbnailUrl":"https:\/\/beautyinstitute.ee\/wp-content\/uploads\/2019\/01\/quick-face-mask.jpg","datePublished":"2019-01-18T16:29:22+00:00","dateModified":"2026-04-27T11:50:55+00:00","breadcrumb":{"@id":"https:\/\/beautyinstitute.ee\/toode\/quick-face-mask\/#breadcrumb"},"inLanguage":"ru-RU","potentialAction":[{"@type":"ReadAction","target":["https:\/\/beautyinstitute.ee\/toode\/quick-face-mask\/"]}]},{"@type":"ImageObject","inLanguage":"ru-RU","@id":"https:\/\/beautyinstitute.ee\/toode\/quick-face-mask\/#primaryimage","url":"https:\/\/beautyinstitute.ee\/wp-content\/uploads\/2019\/01\/quick-face-mask.jpg","contentUrl":"https:\/\/beautyinstitute.ee\/wp-content\/uploads\/2019\/01\/quick-face-mask.jpg","width":750,"height":711},{"@type":"BreadcrumbList","@id":"https:\/\/beautyinstitute.ee\/toode\/quick-face-mask\/#breadcrumb","itemListElement":[{"@type":"ListItem","position":1,"name":"Home","item":"https:\/\/beautyinstitute.ee\/ru\/"},{"@type":"ListItem","position":2,"name":"E-pood","item":"https:\/\/beautyinstitute.ee\/e-pood\/"},{"@type":"ListItem","position":3,"name":"Classic Quick Face Mask"}]},{"@type":"WebSite","@id":"https:\/\/beautyinstitute.ee\/#website","url":"https:\/\/beautyinstitute.ee\/","name":"Beauty Institute","description":"CNC Cosmetic ametlik maaletooja ja edasim\u00fc\u00fcja Eestis, Soomes, L\u00e4tis. Aparaadikosmeetika, koolitused, kosmeetikatooted.","potentialAction":[{"@type":"SearchAction","target":{"@type":"EntryPoint","urlTemplate":"https:\/\/beautyinstitute.ee\/?s={search_term_string}"},"query-input":{"@type":"PropertyValueSpecification","valueRequired":true,"valueName":"search_term_string"}}],"inLanguage":"ru-RU"}]}},"_links":{"self":[{"href":"https:\/\/beautyinstitute.ee\/ru\/wp-json\/wp\/v2\/product\/2331","targetHints":{"allow":["GET"]}}],"collection":[{"href":"https:\/\/beautyinstitute.ee\/ru\/wp-json\/wp\/v2\/product"}],"about":[{"href":"https:\/\/beautyinstitute.ee\/ru\/wp-json\/wp\/v2\/types\/product"}],"wp:featuredmedia":[{"embeddable":true,"href":"https:\/\/beautyinstitute.ee\/ru\/wp-json\/wp\/v2\/media\/11938"}],"wp:attachment":[{"href":"https:\/\/beautyinstitute.ee\/ru\/wp-json\/wp\/v2\/media?parent=2331"}],"wp:term":[{"taxonomy":"product_cat","embeddable":true,"href":"https:\/\/beautyinstitute.ee\/ru\/wp-json\/wp\/v2\/product_cat?post=2331"},{"taxonomy":"product_tag","embeddable":true,"href":"https:\/\/beautyinstitute.ee\/ru\/wp-json\/wp\/v2\/product_tag?post=2331"}],"curies":[{"name":"wp","href":"https:\/\/api.w.org\/{rel}","templated":true}]}}