{"id":23315,"date":"2023-05-23T11:11:25","date_gmt":"2023-05-23T08:11:25","guid":{"rendered":"https:\/\/beautyinstitute.ee\/?post_type=product&#038;p=23315"},"modified":"2026-04-27T11:45:19","modified_gmt":"2026-04-27T08:45:19","slug":"medhyal-seerum-clearrefine","status":"publish","type":"product","link":"https:\/\/beautyinstitute.ee\/ru\/toode\/medhyal-seerum-clearrefine\/","title":{"rendered":"Medhyal Seerum Clear&#038;Refine"},"content":{"rendered":"<p>PUHASTAVA JA V\u00c4RSKENDAVA\u00a0TOIMEGA GEELSEERUM<\/p>\n<p>M\u00d5JU: Tagab pooride n\u00e4htava ahenemise ja suurendab naha tihedust. Bioflavonoidid ja\u00a0Echinacea v\u00e4hendavad p\u00f5letikulisi protsesse ja toetavad naha taastumist.\u00a0P\u00e4rsib aknet tekitavate rasun\u00e4\u00e4rmete ummistumist ja nii muudab naha kohe\u00a0puhtamaks ja klaarimaks.<\/p>\n<p>NAHAT\u00dc\u00dcP:\u00a0K\u00f5ik nahat\u00fc\u00fcbid, eriti rasune aknele kalduv nahk.<\/p>\n<p>EELISED:<\/p>\n<ul>\n<li>v\u00e4hendab naha rasu, matistav<\/li>\n<li>n\u00e4htav pooride v\u00e4henemine<\/li>\n<li>\u00a0suurenenud naha tihedus ja elastsus<\/li>\n<li>tugevdab naha kaitsebarj\u00e4\u00e4ri<\/li>\n<li>sobib akne korral ka t\u00e4iskasvanutele<\/li>\n<li>\u00a0\u00fchildub ultraheliga<\/li>\n<\/ul>\n<p>KASUTAMINE: Kanna seerumit \u00fchtlaselt puhastatud nahale hommikul ja\/v\u00f5i \u00f5htul ning masseeri\u00a0see \u00f5rnalt sisse. Seej\u00e4rel kasuta igap\u00e4evast nahahooldustoodet. Koduhoolduseks\u00a0p\u00e4rast CNC Micro Needling PRO hooldust, ideaalne koos MED HYALi kreemiga.<\/p>\n<p>AKTIIVAINED:Bioflavonoidid, Echinacea k\u00e4bi\u00f5ie\u00a0ekstrakt, vitamiinide kompleks, k\u00f5rge\u00a0molekulmassiga h\u00fcaluroonhape,\u00a0kapseldatud h\u00fcaluroonhape.<\/p>\n","protected":false},"excerpt":{"rendered":"<p>PUHASTAVA JA V\u00c4RSKENDAVA\u00a0TOIMEGA GEELSEERUM M\u00d5JU: Tagab pooride n\u00e4htava ahenemise ja suurendab naha tihedust. Bioflavonoidid ja\u00a0Echinacea v\u00e4hendavad p\u00f5letikulisi protsesse ja toetavad naha taastumist.\u00a0P\u00e4rsib aknet tekitavate rasun\u00e4\u00e4rmete ummistumist ja nii muudab naha kohe\u00a0puhtamaks ja klaarimaks. NAHAT\u00dc\u00dcP:\u00a0K\u00f5ik nahat\u00fc\u00fcbid, eriti rasune aknele kalduv nahk. EELISED: v\u00e4hendab naha rasu, matistav n\u00e4htav pooride v\u00e4henemine \u00a0suurenenud naha tihedus ja elastsus tugevdab naha [&hellip;]<\/p>\n","protected":false},"featured_media":23317,"template":"","meta":{"_acf_changed":false},"product_cat":[289,249,137,135],"product_tag":[],"class_list":["post-23315","product","type-product","status-publish","has-post-thumbnail","hentry","product_cat-medhyal-profi","product_cat-seerumid-2","product_cat-micro-needling-pen","product_cat-ultrasonic-beauty-light"],"acf":[],"yoast_head":"<!-- This site is optimized with the Yoast SEO plugin v25.4 - https:\/\/yoast.com\/wordpress\/plugins\/seo\/ -->\n<title>Medhyal Seerum Clear&amp;Refine - Beauty Institute<\/title>\n<meta name=\"robots\" content=\"index, follow, max-snippet:-1, max-image-preview:large, max-video-preview:-1\" \/>\n<link rel=\"canonical\" href=\"https:\/\/beautyinstitute.ee\/toode\/medhyal-seerum-clearrefine\/\" \/>\n<meta property=\"og:locale\" content=\"ru_RU\" \/>\n<meta property=\"og:type\" content=\"article\" \/>\n<meta property=\"og:title\" content=\"Medhyal Seerum Clear&amp;Refine - Beauty Institute\" \/>\n<meta property=\"og:description\" content=\"PUHASTAVA JA V\u00c4RSKENDAVA\u00a0TOIMEGA GEELSEERUM M\u00d5JU: Tagab pooride n\u00e4htava ahenemise ja suurendab naha tihedust. Bioflavonoidid ja\u00a0Echinacea v\u00e4hendavad p\u00f5letikulisi protsesse ja toetavad naha taastumist.\u00a0P\u00e4rsib aknet tekitavate rasun\u00e4\u00e4rmete ummistumist ja nii muudab naha kohe\u00a0puhtamaks ja klaarimaks. NAHAT\u00dc\u00dcP:\u00a0K\u00f5ik nahat\u00fc\u00fcbid, eriti rasune aknele kalduv nahk. EELISED: v\u00e4hendab naha rasu, matistav n\u00e4htav pooride v\u00e4henemine \u00a0suurenenud naha tihedus ja elastsus tugevdab naha [&hellip;]\" \/>\n<meta property=\"og:url\" content=\"https:\/\/beautyinstitute.ee\/toode\/medhyal-seerum-clearrefine\/\" \/>\n<meta property=\"og:site_name\" content=\"Beauty Institute\" \/>\n<meta property=\"article:modified_time\" content=\"2026-04-27T08:45:19+00:00\" \/>\n<meta property=\"og:image\" content=\"https:\/\/beautyinstitute.ee\/wp-content\/uploads\/2023\/05\/clear-skin.jpeg\" \/>\n\t<meta property=\"og:image:width\" content=\"2000\" \/>\n\t<meta property=\"og:image:height\" content=\"2000\" \/>\n\t<meta property=\"og:image:type\" content=\"image\/jpeg\" \/>\n<meta name=\"twitter:card\" content=\"summary_large_image\" \/>\n<meta name=\"twitter:site\" content=\"@Beauty_Eesti\" \/>\n<meta name=\"twitter:label1\" content=\"\u041f\u0440\u0438\u043c\u0435\u0440\u043d\u043e\u0435 \u0432\u0440\u0435\u043c\u044f \u0434\u043b\u044f \u0447\u0442\u0435\u043d\u0438\u044f\" \/>\n\t<meta name=\"twitter:data1\" content=\"1 \u043c\u0438\u043d\u0443\u0442\u0430\" \/>\n<script type=\"application\/ld+json\" class=\"yoast-schema-graph\">{\"@context\":\"https:\/\/schema.org\",\"@graph\":[{\"@type\":\"WebPage\",\"@id\":\"https:\/\/beautyinstitute.ee\/toode\/medhyal-seerum-clearrefine\/\",\"url\":\"https:\/\/beautyinstitute.ee\/toode\/medhyal-seerum-clearrefine\/\",\"name\":\"Medhyal Seerum Clear&Refine - Beauty Institute\",\"isPartOf\":{\"@id\":\"https:\/\/beautyinstitute.ee\/#website\"},\"primaryImageOfPage\":{\"@id\":\"https:\/\/beautyinstitute.ee\/toode\/medhyal-seerum-clearrefine\/#primaryimage\"},\"image\":{\"@id\":\"https:\/\/beautyinstitute.ee\/toode\/medhyal-seerum-clearrefine\/#primaryimage\"},\"thumbnailUrl\":\"https:\/\/beautyinstitute.ee\/wp-content\/uploads\/2023\/05\/clear-skin.jpeg\",\"datePublished\":\"2023-05-23T08:11:25+00:00\",\"dateModified\":\"2026-04-27T08:45:19+00:00\",\"breadcrumb\":{\"@id\":\"https:\/\/beautyinstitute.ee\/toode\/medhyal-seerum-clearrefine\/#breadcrumb\"},\"inLanguage\":\"ru-RU\",\"potentialAction\":[{\"@type\":\"ReadAction\",\"target\":[\"https:\/\/beautyinstitute.ee\/toode\/medhyal-seerum-clearrefine\/\"]}]},{\"@type\":\"ImageObject\",\"inLanguage\":\"ru-RU\",\"@id\":\"https:\/\/beautyinstitute.ee\/toode\/medhyal-seerum-clearrefine\/#primaryimage\",\"url\":\"https:\/\/beautyinstitute.ee\/wp-content\/uploads\/2023\/05\/clear-skin.jpeg\",\"contentUrl\":\"https:\/\/beautyinstitute.ee\/wp-content\/uploads\/2023\/05\/clear-skin.jpeg\",\"width\":2000,\"height\":2000},{\"@type\":\"BreadcrumbList\",\"@id\":\"https:\/\/beautyinstitute.ee\/toode\/medhyal-seerum-clearrefine\/#breadcrumb\",\"itemListElement\":[{\"@type\":\"ListItem\",\"position\":1,\"name\":\"Home\",\"item\":\"https:\/\/beautyinstitute.ee\/ru\/\"},{\"@type\":\"ListItem\",\"position\":2,\"name\":\"E-pood\",\"item\":\"https:\/\/beautyinstitute.ee\/e-pood\/\"},{\"@type\":\"ListItem\",\"position\":3,\"name\":\"Medhyal Seerum Clear&#038;Refine\"}]},{\"@type\":\"WebSite\",\"@id\":\"https:\/\/beautyinstitute.ee\/#website\",\"url\":\"https:\/\/beautyinstitute.ee\/\",\"name\":\"Beauty Institute\",\"description\":\"CNC Cosmetic ametlik maaletooja ja edasim\u00fc\u00fcja Eestis, Soomes, L\u00e4tis. Aparaadikosmeetika, koolitused, kosmeetikatooted.\",\"potentialAction\":[{\"@type\":\"SearchAction\",\"target\":{\"@type\":\"EntryPoint\",\"urlTemplate\":\"https:\/\/beautyinstitute.ee\/?s={search_term_string}\"},\"query-input\":{\"@type\":\"PropertyValueSpecification\",\"valueRequired\":true,\"valueName\":\"search_term_string\"}}],\"inLanguage\":\"ru-RU\"}]}<\/script>\n<!-- \/ Yoast SEO plugin. -->","yoast_head_json":{"title":"Medhyal Seerum Clear&Refine - Beauty Institute","robots":{"index":"index","follow":"follow","max-snippet":"max-snippet:-1","max-image-preview":"max-image-preview:large","max-video-preview":"max-video-preview:-1"},"canonical":"https:\/\/beautyinstitute.ee\/toode\/medhyal-seerum-clearrefine\/","og_locale":"ru_RU","og_type":"article","og_title":"Medhyal Seerum Clear&Refine - Beauty Institute","og_description":"PUHASTAVA JA V\u00c4RSKENDAVA\u00a0TOIMEGA GEELSEERUM M\u00d5JU: Tagab pooride n\u00e4htava ahenemise ja suurendab naha tihedust. Bioflavonoidid ja\u00a0Echinacea v\u00e4hendavad p\u00f5letikulisi protsesse ja toetavad naha taastumist.\u00a0P\u00e4rsib aknet tekitavate rasun\u00e4\u00e4rmete ummistumist ja nii muudab naha kohe\u00a0puhtamaks ja klaarimaks. NAHAT\u00dc\u00dcP:\u00a0K\u00f5ik nahat\u00fc\u00fcbid, eriti rasune aknele kalduv nahk. EELISED: v\u00e4hendab naha rasu, matistav n\u00e4htav pooride v\u00e4henemine \u00a0suurenenud naha tihedus ja elastsus tugevdab naha [&hellip;]","og_url":"https:\/\/beautyinstitute.ee\/toode\/medhyal-seerum-clearrefine\/","og_site_name":"Beauty Institute","article_modified_time":"2026-04-27T08:45:19+00:00","og_image":[{"width":2000,"height":2000,"url":"https:\/\/beautyinstitute.ee\/wp-content\/uploads\/2023\/05\/clear-skin.jpeg","type":"image\/jpeg"}],"twitter_card":"summary_large_image","twitter_site":"@Beauty_Eesti","twitter_misc":{"\u041f\u0440\u0438\u043c\u0435\u0440\u043d\u043e\u0435 \u0432\u0440\u0435\u043c\u044f \u0434\u043b\u044f \u0447\u0442\u0435\u043d\u0438\u044f":"1 \u043c\u0438\u043d\u0443\u0442\u0430"},"schema":{"@context":"https:\/\/schema.org","@graph":[{"@type":"WebPage","@id":"https:\/\/beautyinstitute.ee\/toode\/medhyal-seerum-clearrefine\/","url":"https:\/\/beautyinstitute.ee\/toode\/medhyal-seerum-clearrefine\/","name":"Medhyal Seerum Clear&Refine - Beauty Institute","isPartOf":{"@id":"https:\/\/beautyinstitute.ee\/#website"},"primaryImageOfPage":{"@id":"https:\/\/beautyinstitute.ee\/toode\/medhyal-seerum-clearrefine\/#primaryimage"},"image":{"@id":"https:\/\/beautyinstitute.ee\/toode\/medhyal-seerum-clearrefine\/#primaryimage"},"thumbnailUrl":"https:\/\/beautyinstitute.ee\/wp-content\/uploads\/2023\/05\/clear-skin.jpeg","datePublished":"2023-05-23T08:11:25+00:00","dateModified":"2026-04-27T08:45:19+00:00","breadcrumb":{"@id":"https:\/\/beautyinstitute.ee\/toode\/medhyal-seerum-clearrefine\/#breadcrumb"},"inLanguage":"ru-RU","potentialAction":[{"@type":"ReadAction","target":["https:\/\/beautyinstitute.ee\/toode\/medhyal-seerum-clearrefine\/"]}]},{"@type":"ImageObject","inLanguage":"ru-RU","@id":"https:\/\/beautyinstitute.ee\/toode\/medhyal-seerum-clearrefine\/#primaryimage","url":"https:\/\/beautyinstitute.ee\/wp-content\/uploads\/2023\/05\/clear-skin.jpeg","contentUrl":"https:\/\/beautyinstitute.ee\/wp-content\/uploads\/2023\/05\/clear-skin.jpeg","width":2000,"height":2000},{"@type":"BreadcrumbList","@id":"https:\/\/beautyinstitute.ee\/toode\/medhyal-seerum-clearrefine\/#breadcrumb","itemListElement":[{"@type":"ListItem","position":1,"name":"Home","item":"https:\/\/beautyinstitute.ee\/ru\/"},{"@type":"ListItem","position":2,"name":"E-pood","item":"https:\/\/beautyinstitute.ee\/e-pood\/"},{"@type":"ListItem","position":3,"name":"Medhyal Seerum Clear&#038;Refine"}]},{"@type":"WebSite","@id":"https:\/\/beautyinstitute.ee\/#website","url":"https:\/\/beautyinstitute.ee\/","name":"Beauty Institute","description":"CNC Cosmetic ametlik maaletooja ja edasim\u00fc\u00fcja Eestis, Soomes, L\u00e4tis. Aparaadikosmeetika, koolitused, kosmeetikatooted.","potentialAction":[{"@type":"SearchAction","target":{"@type":"EntryPoint","urlTemplate":"https:\/\/beautyinstitute.ee\/?s={search_term_string}"},"query-input":{"@type":"PropertyValueSpecification","valueRequired":true,"valueName":"search_term_string"}}],"inLanguage":"ru-RU"}]}},"_links":{"self":[{"href":"https:\/\/beautyinstitute.ee\/ru\/wp-json\/wp\/v2\/product\/23315","targetHints":{"allow":["GET"]}}],"collection":[{"href":"https:\/\/beautyinstitute.ee\/ru\/wp-json\/wp\/v2\/product"}],"about":[{"href":"https:\/\/beautyinstitute.ee\/ru\/wp-json\/wp\/v2\/types\/product"}],"wp:featuredmedia":[{"embeddable":true,"href":"https:\/\/beautyinstitute.ee\/ru\/wp-json\/wp\/v2\/media\/23317"}],"wp:attachment":[{"href":"https:\/\/beautyinstitute.ee\/ru\/wp-json\/wp\/v2\/media?parent=23315"}],"wp:term":[{"taxonomy":"product_cat","embeddable":true,"href":"https:\/\/beautyinstitute.ee\/ru\/wp-json\/wp\/v2\/product_cat?post=23315"},{"taxonomy":"product_tag","embeddable":true,"href":"https:\/\/beautyinstitute.ee\/ru\/wp-json\/wp\/v2\/product_tag?post=23315"}],"curies":[{"name":"wp","href":"https:\/\/api.w.org\/{rel}","templated":true}]}}